{"id":11013,"date":"2025-08-28T13:14:28","date_gmt":"2025-08-28T20:14:28","guid":{"rendered":"https:\/\/www.edf-re.com\/?page_id=11013"},"modified":"2025-08-29T09:18:01","modified_gmt":"2025-08-29T16:18:01","slug":"propietarios-de-tierras-2","status":"publish","type":"page","link":"https:\/\/www.edf-re.com\/es\/propietarios-de-tierras-2\/","title":{"rendered":"La fuerza de tu tierra"},"content":{"rendered":"<div id=\"pl-11013\"  class=\"panel-layout\" ><div id=\"pg-11013-0\"  class=\"panel-grid panel-has-style\" ><div class=\"siteorigin-panels-stretch panel-row-style panel-row-style-for-11013-0\" data-stretch-type=\"full\" ><div id=\"pgc-11013-0-0\"  class=\"panel-grid-cell\" ><div id=\"panel-11013-0-0-0\" class=\"so-panel widget widget_sow-editor panel-first-child panel-last-child\" data-index=\"0\" ><div class=\"panel-widget-style panel-widget-style-for-11013-0-0-0\" ><div\n\t\t\t\n\t\t\tclass=\"so-widget-sow-editor so-widget-sow-editor-base\"\n\t\t\t\n\t\t>\n<div class=\"siteorigin-widget-tinymce textwidget\">\n\t<h2 style=\"text-align: center;\"><span style=\"color: #10367a;\">Ganar <strong>m\u00e1s<\/strong>, plan <strong>m\u00e1s<\/strong>, obtener <strong>m\u00e1s<\/strong>.<\/span><\/h2>\n<p style=\"color: #000000; text-align: center;\">Arrendando su terreno para la instalaci\u00f3n de paneles solares obtendr\u00e1 algo que todos los agricultores y propietarios de terrenos desean: estabilidad. Con pagos de arrendamiento a largo plazo fijos, a menudo por m\u00e1s de 20 a\u00f1os, podr\u00e1 contar con ingresos fiables independientemente de la evoluci\u00f3n del mercado. Eso significa que no habr\u00e1 sorpresas ni fluctuaciones. Solo ingresos fiables con los que podr\u00e1 planificar.<\/p>\n<p style=\"color: #000000; text-align: center;\">Y no es una decisi\u00f3n de todo o nada. Puede seguir cultivando otras partes de su tierra mientras la energ\u00eda solar le proporciona una fuente de ingresos adicional. Es una forma probada de diversificar su tierra, fortalecer sus finanzas y crear un margen de maniobra para el futuro.<\/p>\n<\/div>\n<\/div><\/div><\/div><\/div><\/div><\/div><div id=\"pg-11013-1\"  class=\"panel-grid panel-no-style\" ><div id=\"pgc-11013-1-0\"  class=\"panel-grid-cell\" ><div id=\"panel-11013-1-0-0\" class=\"so-panel widget widget_sow-editor panel-first-child panel-last-child\" data-index=\"1\" ><div\n\t\t\t\n\t\t\tclass=\"so-widget-sow-editor so-widget-sow-editor-base\"\n\t\t\t\n\t\t>\n<div class=\"siteorigin-widget-tinymce textwidget\">\n\t<h3>La tranquilidad financiera comienza aqu\u00ed.<\/h3>\n<p>Cuando firma un contrato de arrendamiento solar, est\u00e1 invirtiendo en la seguridad a largo plazo de su familia y sus tierras. Los pagos garantizados le proporcionan una estabilidad en la que puede confiar, lo que le da la libertad de tomar decisiones importantes sin la incertidumbre que conllevan los rendimientos impredecibles de las cosechas o los cambios en el mercado.<\/p>\n<p>En EDF Power Solutions, contamos con d\u00e9cadas de experiencia en el desarrollo de proyectos solares que benefician a los propietarios de terrenos y a sus comunidades. Estamos aqu\u00ed para que el proceso sea sencillo, transparente y basado en la confianza, de modo que pueda sentirse seguro en cada paso del camino.<\/p>\n<\/div>\n<\/div><\/div><\/div><div id=\"pgc-11013-1-1\"  class=\"panel-grid-cell\" ><div id=\"panel-11013-1-1-0\" class=\"so-panel widget widget_image-box image-box-widget panel-first-child panel-last-child\" data-index=\"2\" ><div data-aos=\"fade-left\" class=\"panel-widget-style panel-widget-style-for-11013-1-1-0\" ><div\n\t\t\t\n\t\t\tclass=\"so-widget-image-box so-widget-image-box-default-d75171398898-11013\"\n\t\t\t\n\t\t>\t\t<div class=\"image-box\">\n\t\t\t\t\t\t<div class=\"image\">\n\t\t\t\t<img decoding=\"async\" src=\"https:\/\/www.edf-re.com\/wp-content\/uploads\/FarmingWithSolar.jpg\">\n\t\t\t<\/div><!-- .image -->\n\t\t\t\t\t<\/div><!-- .image-box -->\n\t\t<\/div><\/div><\/div><\/div><\/div><div id=\"pg-11013-2\"  class=\"panel-grid panel-no-style\" ><div id=\"pgc-11013-2-0\"  class=\"panel-grid-cell\" ><div id=\"panel-11013-2-0-0\" class=\"so-panel widget widget_image-box image-box-widget panel-first-child panel-last-child\" data-index=\"3\" ><div data-aos=\"fade-right\" class=\"panel-widget-style panel-widget-style-for-11013-2-0-0\" ><div\n\t\t\t\n\t\t\tclass=\"so-widget-image-box so-widget-image-box-default-d75171398898-11013\"\n\t\t\t\n\t\t>\t\t<div class=\"image-box\">\n\t\t\t\t\t\t<div class=\"image\">\n\t\t\t\t<img decoding=\"async\" src=\"https:\/\/www.edf-re.com\/wp-content\/uploads\/2117-Arnprior-Solar-EDF-e1756411949719.jpg\">\n\t\t\t<\/div><!-- .image -->\n\t\t\t\t\t<\/div><!-- .image-box -->\n\t\t<\/div><\/div><\/div><\/div><div id=\"pgc-11013-2-1\"  class=\"panel-grid-cell\" ><div id=\"panel-11013-2-1-0\" class=\"so-panel widget widget_sow-editor panel-first-child panel-last-child\" data-index=\"4\" ><div\n\t\t\t\n\t\t\tclass=\"so-widget-sow-editor so-widget-sow-editor-base\"\n\t\t\t\n\t\t>\n<div class=\"siteorigin-widget-tinymce textwidget\">\n\t<h3>Conserve su tierra al m\u00e1ximo.<\/h3>\n<p>Un proyecto solar no implica dejar la tierra sin usar. Significa darle un uso totalmente nuevo. Los paneles pueden compartir espacio con cultivos, ganado en pastoreo y h\u00e1bitats de polinizadores, lo que ayuda a mejorar la salud del suelo y favorece las pr\u00e1cticas agr\u00edcolas sostenibles. Algunos sistemas incluso permiten la \u201cagrivoltaica\u201d, un enfoque probado que combina la producci\u00f3n de energ\u00eda solar con la agricultura para obtener hasta un 70% m\u00e1s de productividad.<\/p>\n<p>Cuando finaliza el proyecto, su tierra puede volver a utilizarse plenamente para la agricultura. El suelo se mantiene sano, la capa superior del suelo queda protegida y sus opciones siguen siendo muy amplias. Es una forma orientada al futuro de mantener su tierra en pleno funcionamiento para las generaciones venideras.<\/p>\n<\/div>\n<\/div><\/div><\/div><\/div><div id=\"pg-11013-3\"  class=\"panel-grid panel-no-style\" ><div id=\"pgc-11013-3-0\"  class=\"panel-grid-cell\" ><div id=\"panel-11013-3-0-0\" class=\"so-panel widget widget_sow-editor panel-first-child panel-last-child\" data-index=\"5\" ><div\n\t\t\t\n\t\t\tclass=\"so-widget-sow-editor so-widget-sow-editor-base\"\n\t\t\t\n\t\t>\n<div class=\"siteorigin-widget-tinymce textwidget\">\n\t<h3>\u00bfPor qu\u00e9 asociarse con nosotros?<\/h3>\n<p>Se habla mucho sobre el arrendamiento solar. Pero esta es la verdad: no se trata de renunciar a nada. Se trata de obtener m\u00e1s. M\u00e1s ingresos con los que puede contar a\u00f1o tras a\u00f1o. M\u00e1s seguridad financiera a largo plazo para usted y su familia. M\u00e1s formas de preservar su tierra hoy y para las generaciones futuras.<\/p>\n<p>Con las soluciones energ\u00e9ticas de EDF, la energ\u00eda solar se convierte en una alianza dise\u00f1ada para adaptarse a sus objetivos, su terreno y su futuro.<\/p>\n<\/div>\n<\/div><\/div><\/div><div id=\"pgc-11013-3-1\"  class=\"panel-grid-cell\" ><div id=\"panel-11013-3-1-0\" class=\"so-panel widget widget_image-box image-box-widget panel-first-child panel-last-child\" data-index=\"6\" ><div data-aos=\"fade-left\" class=\"panel-widget-style panel-widget-style-for-11013-3-1-0\" ><div\n\t\t\t\n\t\t\tclass=\"so-widget-image-box so-widget-image-box-default-d75171398898-11013\"\n\t\t\t\n\t\t>\t\t<div class=\"image-box\">\n\t\t\t\t\t\t<div class=\"image\">\n\t\t\t\t<img decoding=\"async\" src=\"https:\/\/www.edf-re.com\/wp-content\/uploads\/2118-Arnprior-Solar-EDF-e1756411905686.jpg\">\n\t\t\t<\/div><!-- .image -->\n\t\t\t\t\t<\/div><!-- .image-box -->\n\t\t<\/div><\/div><\/div><\/div><\/div><div id=\"pg-11013-4\"  class=\"panel-grid panel-has-style\" ><div class=\"siteorigin-panels-stretch panel-row-style panel-row-style-for-11013-4\" style=\"position:relative;\" data-siteorigin-parallax=\"{&quot;backgroundUrl&quot;:&quot;https:\\\/\\\/www.edf-re.com\\\/wp-content\\\/uploads\\\/SolarAngle_Adobe_354953099.jpeg&quot;,&quot;backgroundSize&quot;:[2000,1331],&quot;backgroundSizing&quot;:&quot;scaled&quot;,&quot;limitMotion&quot;:&quot;auto&quot;}\" data-stretch-type=\"full\" ><div class=\"page-builder-overlay\" style=\"background-color:rgba(16, 54, 122, 0.85);\"><\/div><div id=\"pgc-11013-4-0\"  class=\"panel-grid-cell\" ><div id=\"panel-11013-4-0-0\" class=\"so-panel widget widget_siteorigin-panels-builder panel-first-child panel-last-child\" data-index=\"7\" ><div id=\"pl-w68b0acf10046c\"  class=\"panel-layout\" ><div id=\"pg-w68b0acf10046c-0\"  class=\"panel-grid panel-no-style\" ><div id=\"pgc-w68b0acf10046c-0-0\"  class=\"panel-grid-cell\" ><div id=\"panel-w68b0acf10046c-0-0-0\" class=\"so-panel widget widget_font-awesome-icon font-awesome-icon-widget panel-first-child panel-last-child\" data-index=\"0\" ><div\n\t\t\t\n\t\t\tclass=\"so-widget-font-awesome-icon so-widget-font-awesome-icon-default-d75171398898\"\n\t\t\t\n\t\t><div class=\"icon solid orange\" style=\"font-size:30px\">\n\t<i class=\"fas fa-comments-alt white\"><\/i>\n<\/div><!-- .icon --><\/div><\/div><\/div><\/div><div id=\"pg-w68b0acf10046c-1\"  class=\"panel-grid panel-no-style\" ><div id=\"pgc-w68b0acf10046c-1-0\"  class=\"panel-grid-cell\" ><div id=\"panel-w68b0acf10046c-1-0-0\" class=\"so-panel widget widget_sow-editor panel-first-child panel-last-child\" data-index=\"1\" ><div class=\"panel-widget-style panel-widget-style-for-w68b0acf10046c-1-0-0\" ><div\n\t\t\t\n\t\t\tclass=\"so-widget-sow-editor so-widget-sow-editor-base\"\n\t\t\t\n\t\t>\n<div class=\"siteorigin-widget-tinymce textwidget\">\n\t<p class=\"medium-font large-font\" style=\"text-align: center;\">\u00bfLe interesa arrendar una parte de su terreno para instalar paneles solares?<\/p>\n<p class=\"no-bottom-margin\" style=\"text-align: center;\"><a class=\"button\" href=\"mailto:NewYorkSolar@edf-re.com\">CONTACTAR CON NOSOTROS<\/a><\/p>\n<\/div>\n<\/div><\/div><\/div><\/div><\/div><\/div><\/div><\/div><\/div><\/div><\/div>","protected":false},"excerpt":{"rendered":"<p>Gana m\u00e1s, planifica m\u00e1s, obt\u00e9n m\u00e1s. Alquilar tu terreno para la instalaci\u00f3n de paneles solares te proporciona algo que todo agricultor y propietario de tierras desea: estabilidad. Con pagos de arrendamiento a largo plazo fijos, a menudo por m\u00e1s de 20 a\u00f1os, puedes contar con ingresos fiables independientemente de lo que haga el mercado. Eso significa que no hay sorpresas ni fluctuaciones. Solo ingresos fiables con los que puedes planificar. Y [\u2026]<\/p>","protected":false},"author":14,"featured_media":0,"parent":0,"menu_order":28,"comment_status":"closed","ping_status":"closed","template":"","meta":{"_acf_changed":false,"footnotes":""},"class_list":["post-11013","page","type-page","status-publish","hentry"],"acf":[],"yoast_head":"<!-- This site is optimized with the Yoast SEO plugin v26.8 - https:\/\/yoast.com\/product\/yoast-seo-wordpress\/ -->\n<title>Why Solar Means More for Landowners | EDF power solutions<\/title>\n<meta name=\"description\" content=\"Discover how solar leasing delivers more income, stability, &amp; opportunity while preserving your land for the future. Partner with EDF power solutions today.\" \/>\n<meta name=\"robots\" content=\"index, follow, max-snippet:-1, max-image-preview:large, max-video-preview:-1\" \/>\n<link rel=\"canonical\" href=\"https:\/\/www.edf-re.com\/es\/propietarios-de-tierras-2\/\" \/>\n<meta property=\"og:locale\" content=\"es_MX\" \/>\n<meta property=\"og:type\" content=\"article\" \/>\n<meta property=\"og:title\" content=\"Why Solar Means More for Landowners | EDF power solutions\" \/>\n<meta property=\"og:description\" content=\"Discover how solar leasing delivers more income, stability, &amp; opportunity while preserving your land for the future. Partner with EDF power solutions today.\" \/>\n<meta property=\"og:url\" content=\"https:\/\/www.edf-re.com\/es\/propietarios-de-tierras-2\/\" \/>\n<meta property=\"og:site_name\" content=\"EDF power solutions North America\" \/>\n<meta property=\"article:modified_time\" content=\"2025-08-29T16:18:01+00:00\" \/>\n<meta property=\"og:image\" content=\"https:\/\/www.edf-re.com\/wp-content\/uploads\/logo_edf_power_solutions_RGB-no-buffer-zone.png\" \/>\n\t<meta property=\"og:image:width\" content=\"2000\" \/>\n\t<meta property=\"og:image:height\" content=\"702\" \/>\n\t<meta property=\"og:image:type\" content=\"image\/png\" \/>\n<meta name=\"twitter:card\" content=\"summary_large_image\" \/>\n<meta name=\"twitter:label1\" content=\"Tiempo de lectura\" \/>\n\t<meta name=\"twitter:data1\" content=\"3 minutos\" \/>\n<script type=\"application\/ld+json\" class=\"yoast-schema-graph\">{\"@context\":\"https:\/\/schema.org\",\"@graph\":[{\"@type\":\"WebPage\",\"@id\":\"https:\/\/www.edf-re.com\/solar-means-more\/\",\"url\":\"https:\/\/www.edf-re.com\/solar-means-more\/\",\"name\":\"Why Solar Means More for Landowners | EDF power solutions\",\"isPartOf\":{\"@id\":\"https:\/\/www.edf-re.com\/#website\"},\"datePublished\":\"2025-08-28T20:14:28+00:00\",\"dateModified\":\"2025-08-29T16:18:01+00:00\",\"description\":\"Discover how solar leasing delivers more income, stability, & opportunity while preserving your land for the future. Partner with EDF power solutions today.\",\"breadcrumb\":{\"@id\":\"https:\/\/www.edf-re.com\/solar-means-more\/#breadcrumb\"},\"inLanguage\":\"es\",\"potentialAction\":[{\"@type\":\"ReadAction\",\"target\":[\"https:\/\/www.edf-re.com\/solar-means-more\/\"]}]},{\"@type\":\"BreadcrumbList\",\"@id\":\"https:\/\/www.edf-re.com\/solar-means-more\/#breadcrumb\",\"itemListElement\":[{\"@type\":\"ListItem\",\"position\":1,\"name\":\"Home\",\"item\":\"https:\/\/www.edf-re.com\/\"},{\"@type\":\"ListItem\",\"position\":2,\"name\":\"Strength From Your Land\"}]},{\"@type\":\"WebSite\",\"@id\":\"https:\/\/www.edf-re.com\/#website\",\"url\":\"https:\/\/www.edf-re.com\/\",\"name\":\"EDF power solutions North America\",\"description\":\"\",\"publisher\":{\"@id\":\"https:\/\/www.edf-re.com\/#organization\"},\"potentialAction\":[{\"@type\":\"SearchAction\",\"target\":{\"@type\":\"EntryPoint\",\"urlTemplate\":\"https:\/\/www.edf-re.com\/?s={search_term_string}\"},\"query-input\":{\"@type\":\"PropertyValueSpecification\",\"valueRequired\":true,\"valueName\":\"search_term_string\"}}],\"inLanguage\":\"es\"},{\"@type\":\"Organization\",\"@id\":\"https:\/\/www.edf-re.com\/#organization\",\"name\":\"EDF Renewables North America\",\"url\":\"https:\/\/www.edf-re.com\/\",\"logo\":{\"@type\":\"ImageObject\",\"inLanguage\":\"es\",\"@id\":\"https:\/\/www.edf-re.com\/#\/schema\/logo\/image\/\",\"url\":\"https:\/\/www.edf-re.com\/wp-content\/uploads\/edfr-logo-1.png\",\"contentUrl\":\"https:\/\/www.edf-re.com\/wp-content\/uploads\/edfr-logo-1.png\",\"width\":600,\"height\":291,\"caption\":\"EDF Renewables North America\"},\"image\":{\"@id\":\"https:\/\/www.edf-re.com\/#\/schema\/logo\/image\/\"}}]}<\/script>\n<!-- \/ Yoast SEO plugin. -->","yoast_head_json":{"title":"Por qu\u00e9 la energ\u00eda solar es m\u00e1s importante para los propietarios de terrenos | Soluciones energ\u00e9ticas de EDF","description":"Descubra c\u00f3mo el arrendamiento solar le proporciona m\u00e1s ingresos, estabilidad y oportunidades, al tiempo que preserva sus tierras para el futuro. As\u00f3ciese hoy mismo con EDF Power Solutions.","robots":{"index":"index","follow":"follow","max-snippet":"max-snippet:-1","max-image-preview":"max-image-preview:large","max-video-preview":"max-video-preview:-1"},"canonical":"https:\/\/www.edf-re.com\/es\/propietarios-de-tierras-2\/","og_locale":"es_MX","og_type":"article","og_title":"Why Solar Means More for Landowners | EDF power solutions","og_description":"Discover how solar leasing delivers more income, stability, & opportunity while preserving your land for the future. Partner with EDF power solutions today.","og_url":"https:\/\/www.edf-re.com\/es\/propietarios-de-tierras-2\/","og_site_name":"EDF power solutions North America","article_modified_time":"2025-08-29T16:18:01+00:00","og_image":[{"width":2000,"height":702,"url":"https:\/\/www.edf-re.com\/wp-content\/uploads\/logo_edf_power_solutions_RGB-no-buffer-zone.png","type":"image\/png"}],"twitter_card":"summary_large_image","twitter_misc":{"Tiempo de lectura":"3 minutos"},"schema":{"@context":"https:\/\/schema.org","@graph":[{"@type":"WebPage","@id":"https:\/\/www.edf-re.com\/solar-means-more\/","url":"https:\/\/www.edf-re.com\/solar-means-more\/","name":"Por qu\u00e9 la energ\u00eda solar es m\u00e1s importante para los propietarios de terrenos | Soluciones energ\u00e9ticas de EDF","isPartOf":{"@id":"https:\/\/www.edf-re.com\/#website"},"datePublished":"2025-08-28T20:14:28+00:00","dateModified":"2025-08-29T16:18:01+00:00","description":"Descubra c\u00f3mo el arrendamiento solar le proporciona m\u00e1s ingresos, estabilidad y oportunidades, al tiempo que preserva sus tierras para el futuro. As\u00f3ciese hoy mismo con EDF Power Solutions.","breadcrumb":{"@id":"https:\/\/www.edf-re.com\/solar-means-more\/#breadcrumb"},"inLanguage":"es","potentialAction":[{"@type":"ReadAction","target":["https:\/\/www.edf-re.com\/solar-means-more\/"]}]},{"@type":"BreadcrumbList","@id":"https:\/\/www.edf-re.com\/solar-means-more\/#breadcrumb","itemListElement":[{"@type":"ListItem","position":1,"name":"Home","item":"https:\/\/www.edf-re.com\/"},{"@type":"ListItem","position":2,"name":"Strength From Your Land"}]},{"@type":"WebSite","@id":"https:\/\/www.edf-re.com\/#website","url":"https:\/\/www.edf-re.com\/","name":"EDF power solutions Norteam\u00e9rica","description":"","publisher":{"@id":"https:\/\/www.edf-re.com\/#organization"},"potentialAction":[{"@type":"SearchAction","target":{"@type":"EntryPoint","urlTemplate":"https:\/\/www.edf-re.com\/?s={search_term_string}"},"query-input":{"@type":"PropertyValueSpecification","valueRequired":true,"valueName":"search_term_string"}}],"inLanguage":"es"},{"@type":"Organization","@id":"https:\/\/www.edf-re.com\/#organization","name":"EDF Renewables Norteam\u00e9rica","url":"https:\/\/www.edf-re.com\/","logo":{"@type":"ImageObject","inLanguage":"es","@id":"https:\/\/www.edf-re.com\/#\/schema\/logo\/image\/","url":"https:\/\/www.edf-re.com\/wp-content\/uploads\/edfr-logo-1.png","contentUrl":"https:\/\/www.edf-re.com\/wp-content\/uploads\/edfr-logo-1.png","width":600,"height":291,"caption":"EDF Renewables North America"},"image":{"@id":"https:\/\/www.edf-re.com\/#\/schema\/logo\/image\/"}}]}},"_links":{"self":[{"href":"https:\/\/www.edf-re.com\/es\/wp-json\/wp\/v2\/pages\/11013","targetHints":{"allow":["GET"]}}],"collection":[{"href":"https:\/\/www.edf-re.com\/es\/wp-json\/wp\/v2\/pages"}],"about":[{"href":"https:\/\/www.edf-re.com\/es\/wp-json\/wp\/v2\/types\/page"}],"author":[{"embeddable":true,"href":"https:\/\/www.edf-re.com\/es\/wp-json\/wp\/v2\/users\/14"}],"replies":[{"embeddable":true,"href":"https:\/\/www.edf-re.com\/es\/wp-json\/wp\/v2\/comments?post=11013"}],"version-history":[{"count":5,"href":"https:\/\/www.edf-re.com\/es\/wp-json\/wp\/v2\/pages\/11013\/revisions"}],"predecessor-version":[{"id":11041,"href":"https:\/\/www.edf-re.com\/es\/wp-json\/wp\/v2\/pages\/11013\/revisions\/11041"}],"wp:attachment":[{"href":"https:\/\/www.edf-re.com\/es\/wp-json\/wp\/v2\/media?parent=11013"}],"curies":[{"name":"wp","href":"https:\/\/api.w.org\/{rel}","templated":true}]}}