{"id":2066,"date":"2020-06-05T13:47:07","date_gmt":"2020-06-05T20:47:07","guid":{"rendered":"https:\/\/www.edf-re.com\/?page_id=2066"},"modified":"2025-05-08T07:35:03","modified_gmt":"2025-05-08T14:35:03","slug":"declaracion-sobre-covid-19","status":"publish","type":"page","link":"https:\/\/www.edf-re.com\/es\/declaracion-sobre-covid-19\/","title":{"rendered":"Declaraci\u00f3n sobre COVID-19"},"content":{"rendered":"<p>EDF power solutions sigue de cerca el desarrollo de COVID-19 a medida que su estado sigue evolucionando. Nuestra m\u00e1xima prioridad es la salud y la seguridad de nuestros empleados, clientes y las comunidades en las que desarrollamos nuestra actividad. Hemos aplicado las pr\u00e1cticas de higiene para la prevenci\u00f3n y protecci\u00f3n recomendadas por los CDC para aquellos que son esenciales para las operaciones del proyecto.   No prevemos interrupciones en la generaci\u00f3n de electricidad.<\/p>\n<ul class=\"styled-list\">\n<li>Hemos puesto en marcha planes de continuidad empresarial espec\u00edficos a nivel de centro, centro de control de operaciones (OCC) y a nivel corporativo para mitigar los impactos. Estos planes se actualizan continuamente a medida que las condiciones cambian y evolucionan.<\/li>\n<li>Nuestro departamento de Cadena de Suministro se coordina diariamente con los fabricantes de piezas y los OEM para identificar posibles interrupciones y solucionar r\u00e1pidamente cualquier carencia.<\/li>\n<li>Nuestro equipo de contabilidad ha puesto en marcha planes para garantizar que las funciones de cuentas por pagar y cuentas por cobrar contin\u00faen sin interrupci\u00f3n.<\/li>\n<\/ul>\n<p>Seguimos respondiendo a todas las preocupaciones de las partes interesadas y respetando los procedimientos que han aplicado.  Estamos gestionando las interrupciones de la construcci\u00f3n in situ a medida que van surgiendo, y supervisamos continuamente la situaci\u00f3n para mantenernos alerta y flexibles a medida que avanzan las cosas.<\/p>\n<h4>Pol\u00edticas de la empresa durante COVID-19<\/h4>\n<p>EDF power solutions mantiene su actividad y ha puesto en marcha m\u00faltiples medidas paliativas, con planes para aumentar las medidas en caso de que la situaci\u00f3n empeore.  Todos los empleados que no participan en actividades esenciales est\u00e1n trabajando desde casa. Las operaciones in situ se est\u00e1n dividiendo en turnos para minimizar el contacto entre t\u00e9cnicos.  Todas las reuniones en persona se est\u00e1n convirtiendo en reuniones virtuales y la asistencia a conferencias relacionadas con la empresa est\u00e1 prohibida hasta nuevo aviso.  Hemos puesto en pr\u00e1ctica las recomendaciones de los CDC en materia de limpieza y desinfecci\u00f3n en nuestras oficinas y en nuestros centros de operaciones y construcci\u00f3n, y estamos aplicando las pr\u00e1cticas de prevenci\u00f3n y protecci\u00f3n de los CDC a nuestros empleados y a los empleados temporales o contratados.<\/p>\n<p>Recuerde hacer su parte siguiendo estas directrices para protegerse a s\u00ed mismo y a sus seres queridos.  La salud y la seguridad siguen siendo la m\u00e1xima prioridad de nuestra empresa y seremos diligentes y disciplinados a la hora de hacer nuestra parte para aplanar la curva de la pandemia y limitar la propagaci\u00f3n del virus.<\/p>","protected":false},"excerpt":{"rendered":"<p>EDF power solutions is closely monitoring the development of COVID-19 as the condition continue to evolve. Our top priority is the health and safety of our employees, customers, and the communities where we do business. We have enforced hygiene practices for prevention and protection as recommended by the CDC for those who are essential to [&hellip;]<\/p>","protected":false},"author":1,"featured_media":0,"parent":0,"menu_order":43,"comment_status":"closed","ping_status":"closed","template":"","meta":{"_acf_changed":false,"footnotes":""},"class_list":["post-2066","page","type-page","status-publish","hentry"],"acf":[],"yoast_head":"<!-- This site is optimized with the Yoast SEO plugin v26.8 - https:\/\/yoast.com\/product\/yoast-seo-wordpress\/ -->\n<title>Statement Regarding COVID-19 - EDF power solutions North America<\/title>\n<meta name=\"robots\" content=\"index, follow, max-snippet:-1, max-image-preview:large, max-video-preview:-1\" \/>\n<link rel=\"canonical\" href=\"https:\/\/www.edf-re.com\/es\/declaracion-sobre-covid-19\/\" \/>\n<meta property=\"og:locale\" content=\"es_MX\" \/>\n<meta property=\"og:type\" content=\"article\" \/>\n<meta property=\"og:title\" content=\"Statement Regarding COVID-19 - EDF power solutions North America\" \/>\n<meta property=\"og:description\" content=\"EDF power solutions is closely monitoring the development of COVID-19 as the condition continue to evolve. Our top priority is the health and safety of our employees, customers, and the communities where we do business. We have enforced hygiene practices for prevention and protection as recommended by the CDC for those who are essential to [&hellip;]\" \/>\n<meta property=\"og:url\" content=\"https:\/\/www.edf-re.com\/es\/declaracion-sobre-covid-19\/\" \/>\n<meta property=\"og:site_name\" content=\"EDF power solutions North America\" \/>\n<meta property=\"article:modified_time\" content=\"2025-05-08T14:35:03+00:00\" \/>\n<meta property=\"og:image\" content=\"https:\/\/www.edf-re.com\/wp-content\/uploads\/logo_edf_power_solutions_RGB-no-buffer-zone.png\" \/>\n\t<meta property=\"og:image:width\" content=\"2000\" \/>\n\t<meta property=\"og:image:height\" content=\"702\" \/>\n\t<meta property=\"og:image:type\" content=\"image\/png\" \/>\n<meta name=\"twitter:card\" content=\"summary_large_image\" \/>\n<meta name=\"twitter:label1\" content=\"Tiempo de lectura\" \/>\n\t<meta name=\"twitter:data1\" content=\"2 minutos\" \/>\n<script type=\"application\/ld+json\" class=\"yoast-schema-graph\">{\"@context\":\"https:\/\/schema.org\",\"@graph\":[{\"@type\":\"WebPage\",\"@id\":\"https:\/\/www.edf-re.com\/statement-regarding-covid-19\/\",\"url\":\"https:\/\/www.edf-re.com\/statement-regarding-covid-19\/\",\"name\":\"Statement Regarding COVID-19 - EDF power solutions North America\",\"isPartOf\":{\"@id\":\"https:\/\/www.edf-re.com\/#website\"},\"datePublished\":\"2020-06-05T20:47:07+00:00\",\"dateModified\":\"2025-05-08T14:35:03+00:00\",\"breadcrumb\":{\"@id\":\"https:\/\/www.edf-re.com\/statement-regarding-covid-19\/#breadcrumb\"},\"inLanguage\":\"es\",\"potentialAction\":[{\"@type\":\"ReadAction\",\"target\":[\"https:\/\/www.edf-re.com\/statement-regarding-covid-19\/\"]}]},{\"@type\":\"BreadcrumbList\",\"@id\":\"https:\/\/www.edf-re.com\/statement-regarding-covid-19\/#breadcrumb\",\"itemListElement\":[{\"@type\":\"ListItem\",\"position\":1,\"name\":\"Home\",\"item\":\"https:\/\/www.edf-re.com\/\"},{\"@type\":\"ListItem\",\"position\":2,\"name\":\"Statement Regarding COVID-19\"}]},{\"@type\":\"WebSite\",\"@id\":\"https:\/\/www.edf-re.com\/#website\",\"url\":\"https:\/\/www.edf-re.com\/\",\"name\":\"EDF power solutions North America\",\"description\":\"\",\"publisher\":{\"@id\":\"https:\/\/www.edf-re.com\/#organization\"},\"potentialAction\":[{\"@type\":\"SearchAction\",\"target\":{\"@type\":\"EntryPoint\",\"urlTemplate\":\"https:\/\/www.edf-re.com\/?s={search_term_string}\"},\"query-input\":{\"@type\":\"PropertyValueSpecification\",\"valueRequired\":true,\"valueName\":\"search_term_string\"}}],\"inLanguage\":\"es\"},{\"@type\":\"Organization\",\"@id\":\"https:\/\/www.edf-re.com\/#organization\",\"name\":\"EDF Renewables North America\",\"url\":\"https:\/\/www.edf-re.com\/\",\"logo\":{\"@type\":\"ImageObject\",\"inLanguage\":\"es\",\"@id\":\"https:\/\/www.edf-re.com\/#\/schema\/logo\/image\/\",\"url\":\"https:\/\/www.edf-re.com\/wp-content\/uploads\/edfr-logo-1.png\",\"contentUrl\":\"https:\/\/www.edf-re.com\/wp-content\/uploads\/edfr-logo-1.png\",\"width\":600,\"height\":291,\"caption\":\"EDF Renewables North America\"},\"image\":{\"@id\":\"https:\/\/www.edf-re.com\/#\/schema\/logo\/image\/\"}}]}<\/script>\n<!-- \/ Yoast SEO plugin. -->","yoast_head_json":{"title":"Declaraci\u00f3n relativa a COVID-19 - EDF power solutions North America","robots":{"index":"index","follow":"follow","max-snippet":"max-snippet:-1","max-image-preview":"max-image-preview:large","max-video-preview":"max-video-preview:-1"},"canonical":"https:\/\/www.edf-re.com\/es\/declaracion-sobre-covid-19\/","og_locale":"es_MX","og_type":"article","og_title":"Statement Regarding COVID-19 - EDF power solutions North America","og_description":"EDF power solutions is closely monitoring the development of COVID-19 as the condition continue to evolve. Our top priority is the health and safety of our employees, customers, and the communities where we do business. We have enforced hygiene practices for prevention and protection as recommended by the CDC for those who are essential to [&hellip;]","og_url":"https:\/\/www.edf-re.com\/es\/declaracion-sobre-covid-19\/","og_site_name":"EDF power solutions North America","article_modified_time":"2025-05-08T14:35:03+00:00","og_image":[{"width":2000,"height":702,"url":"https:\/\/www.edf-re.com\/wp-content\/uploads\/logo_edf_power_solutions_RGB-no-buffer-zone.png","type":"image\/png"}],"twitter_card":"summary_large_image","twitter_misc":{"Tiempo de lectura":"2 minutos"},"schema":{"@context":"https:\/\/schema.org","@graph":[{"@type":"WebPage","@id":"https:\/\/www.edf-re.com\/statement-regarding-covid-19\/","url":"https:\/\/www.edf-re.com\/statement-regarding-covid-19\/","name":"Declaraci\u00f3n relativa a COVID-19 - EDF power solutions North America","isPartOf":{"@id":"https:\/\/www.edf-re.com\/#website"},"datePublished":"2020-06-05T20:47:07+00:00","dateModified":"2025-05-08T14:35:03+00:00","breadcrumb":{"@id":"https:\/\/www.edf-re.com\/statement-regarding-covid-19\/#breadcrumb"},"inLanguage":"es","potentialAction":[{"@type":"ReadAction","target":["https:\/\/www.edf-re.com\/statement-regarding-covid-19\/"]}]},{"@type":"BreadcrumbList","@id":"https:\/\/www.edf-re.com\/statement-regarding-covid-19\/#breadcrumb","itemListElement":[{"@type":"ListItem","position":1,"name":"Home","item":"https:\/\/www.edf-re.com\/"},{"@type":"ListItem","position":2,"name":"Statement Regarding COVID-19"}]},{"@type":"WebSite","@id":"https:\/\/www.edf-re.com\/#website","url":"https:\/\/www.edf-re.com\/","name":"EDF power solutions Norteam\u00e9rica","description":"","publisher":{"@id":"https:\/\/www.edf-re.com\/#organization"},"potentialAction":[{"@type":"SearchAction","target":{"@type":"EntryPoint","urlTemplate":"https:\/\/www.edf-re.com\/?s={search_term_string}"},"query-input":{"@type":"PropertyValueSpecification","valueRequired":true,"valueName":"search_term_string"}}],"inLanguage":"es"},{"@type":"Organization","@id":"https:\/\/www.edf-re.com\/#organization","name":"EDF Renewables Norteam\u00e9rica","url":"https:\/\/www.edf-re.com\/","logo":{"@type":"ImageObject","inLanguage":"es","@id":"https:\/\/www.edf-re.com\/#\/schema\/logo\/image\/","url":"https:\/\/www.edf-re.com\/wp-content\/uploads\/edfr-logo-1.png","contentUrl":"https:\/\/www.edf-re.com\/wp-content\/uploads\/edfr-logo-1.png","width":600,"height":291,"caption":"EDF Renewables North America"},"image":{"@id":"https:\/\/www.edf-re.com\/#\/schema\/logo\/image\/"}}]}},"_links":{"self":[{"href":"https:\/\/www.edf-re.com\/es\/wp-json\/wp\/v2\/pages\/2066","targetHints":{"allow":["GET"]}}],"collection":[{"href":"https:\/\/www.edf-re.com\/es\/wp-json\/wp\/v2\/pages"}],"about":[{"href":"https:\/\/www.edf-re.com\/es\/wp-json\/wp\/v2\/types\/page"}],"author":[{"embeddable":true,"href":"https:\/\/www.edf-re.com\/es\/wp-json\/wp\/v2\/users\/1"}],"replies":[{"embeddable":true,"href":"https:\/\/www.edf-re.com\/es\/wp-json\/wp\/v2\/comments?post=2066"}],"version-history":[{"count":2,"href":"https:\/\/www.edf-re.com\/es\/wp-json\/wp\/v2\/pages\/2066\/revisions"}],"predecessor-version":[{"id":10671,"href":"https:\/\/www.edf-re.com\/es\/wp-json\/wp\/v2\/pages\/2066\/revisions\/10671"}],"wp:attachment":[{"href":"https:\/\/www.edf-re.com\/es\/wp-json\/wp\/v2\/media?parent=2066"}],"curies":[{"name":"wp","href":"https:\/\/api.w.org\/{rel}","templated":true}]}}