{"id":234,"date":"2020-04-29T14:34:52","date_gmt":"2020-04-29T21:34:52","guid":{"rendered":"https:\/\/www.edf-re.com\/?page_id=234"},"modified":"2026-03-13T08:59:14","modified_gmt":"2026-03-13T15:59:14","slug":"quienes-somos","status":"publish","type":"page","link":"https:\/\/www.edf-re.com\/es\/quienes-somos-2\/quienes-somos\/","title":{"rendered":"Qui\u00e9nes somos"},"content":{"rendered":"<div id=\"pl-234\"  class=\"panel-layout\" ><div id=\"pg-234-0\"  class=\"panel-grid panel-has-style\" ><div data-aos=\"fade\" data-aos-duration=\"1200\" class=\"panel-row-style panel-row-style-for-234-0\" ><div id=\"pgc-234-0-0\"  class=\"panel-grid-cell\" ><div id=\"panel-234-0-0-0\" class=\"so-panel widget widget_siteorigin-panels-builder panel-first-child panel-last-child\" data-index=\"0\" ><div id=\"pl-w69b1b8332e1d5\"  class=\"panel-layout\" ><div id=\"pg-w69b1b8332e1d5-0\"  class=\"panel-grid panel-no-style\" ><div id=\"pgc-w69b1b8332e1d5-0-0\"  class=\"panel-grid-cell\" ><div id=\"panel-w69b1b8332e1d5-0-0-0\" class=\"so-panel widget widget_sow-editor panel-first-child panel-last-child\" data-index=\"0\" ><div\n\t\t\t\n\t\t\tclass=\"so-widget-sow-editor so-widget-sow-editor-base\"\n\t\t\t\n\t\t>\n<div class=\"siteorigin-widget-tinymce textwidget\">\n\t<p class=\"no-bottom-margin\"><img loading=\"lazy\" decoding=\"async\" class=\"aligncenter size-full wp-image-467\" src=\"https:\/\/www.edf-re.com\/wp-content\/uploads\/edf-logo.png\" alt=\"\" width=\"220\" height=\"111\" \/><\/p>\n<\/div>\n<\/div><\/div><\/div><\/div><div id=\"pg-w69b1b8332e1d5-1\"  class=\"panel-grid panel-no-style\" ><div id=\"pgc-w69b1b8332e1d5-1-0\"  class=\"panel-grid-cell\" ><div id=\"panel-w69b1b8332e1d5-1-0-0\" class=\"so-panel widget widget_sow-editor panel-first-child panel-last-child\" data-index=\"1\" ><div\n\t\t\t\n\t\t\tclass=\"so-widget-sow-editor so-widget-sow-editor-base\"\n\t\t\t\n\t\t>\n<div class=\"siteorigin-widget-tinymce textwidget\">\n\t<h2 style=\"text-align: center;\">Grupo EDF<\/h2>\n<p style=\"text-align: center;\">L\u00edder mundial en generaci\u00f3n de electricidad con bajas emisiones de carbono.<br \/>\nComo constructor, propietario y operador de l\u00edneas de distribuci\u00f3n y transmisi\u00f3n y de todas las infraestructuras y sistemas de suministro asociados, <a href=\"https:\/\/www.edf.fr\/en\/the-edf-group\" target=\"_blank\" rel=\"noopener\">Grupo EDF<\/a> es un actor internacional clave en la transici\u00f3n energ\u00e9tica.<\/p>\n<p class=\"no-bottom-margin\" style=\"text-align: center;\"><a class=\"underline-button\" href=\"https:\/\/www.edf.fr\/en\/the-edf-group\" target=\"_blank\" rel=\"noopener\">Visite el Grupo EDF<\/a><\/p>\n<\/div>\n<\/div><\/div><\/div><\/div><div id=\"pg-w69b1b8332e1d5-2\"  class=\"panel-grid panel-no-style\" ><div id=\"pgc-w69b1b8332e1d5-2-0\"  class=\"panel-grid-cell\" ><div id=\"panel-w69b1b8332e1d5-2-0-0\" class=\"so-panel widget widget_stats stats-widget panel-first-child panel-last-child\" data-index=\"2\" ><div class=\"panel-widget-style panel-widget-style-for-w69b1b8332e1d5-2-0-0\" ><div\n\t\t\t\n\t\t\tclass=\"so-widget-stats so-widget-stats-default-d75171398898\"\n\t\t\t\n\t\t>\t<div class=\"flex center\">\n\t\t\t\t\t<div class=\"stat vertical\">\n\t\t\t\t\t\t\t\t\t<div class=\"icon\">\n\t\t\t\t\t\t<i class=\"fa-light fa-lightbulb-on\"><\/i>\n\t\t\t\t\t<\/div><!-- .icon -->\n\t\t\t\t\t\t\t\t\t\t<div>\n\t\t\t\t\t\t<div class=\"number\">\n\t\t\t\t\t\t\t<span class=\"counter\" data-number=\"80\">0<\/span>\t\t\t\t\t\t<\/div><!-- .number -->\n\t\t\t\t\t\t\t\t\t\t\t\t\t<div class=\"label\">\n\t\t\t\t\t\t\t\tA\u00f1os de experiencia\t\t\t\t\t\t\t<\/div><!-- .label -->\n\t\t\t\t\t\t\t\t\t\t\t\t<\/div>\n\t\t\t\t\t\t\t\t<\/div><!-- .stat -->\n\t\t\t\t\t\t<div class=\"stat vertical\">\n\t\t\t\t\t\t\t\t\t<div class=\"icon\">\n\t\t\t\t\t\t<i class=\"fa-light fa-smog\"><\/i>\n\t\t\t\t\t<\/div><!-- .icon -->\n\t\t\t\t\t\t\t\t\t\t<div>\n\t\t\t\t\t\t<div class=\"number\">\n\t\t\t\t\t\t\t<span class=\"counter\" data-number=\"95\">0<\/span>%\t\t\t\t\t\t<\/div><!-- .number -->\n\t\t\t\t\t\t\t\t\t\t\t\t\t<div class=\"label\">\n\t\t\t\t\t\t\t\tProducci\u00f3n libre de CO<sub>2<\/sub> emisiones\t\t\t\t\t\t\t<\/div><!-- .label -->\n\t\t\t\t\t\t\t\t\t\t\t\t<\/div>\n\t\t\t\t\t\t\t\t<\/div><!-- .stat -->\n\t\t\t\t<\/div><!-- .flex -->\n\t<\/div><\/div><\/div><\/div><\/div><\/div><\/div><\/div><\/div><\/div><div id=\"pg-234-1\"  class=\"panel-grid panel-no-style\" ><div id=\"pgc-234-1-0\"  class=\"panel-grid-cell\" ><div id=\"panel-234-1-0-0\" class=\"so-panel widget widget_separator separator-widget panel-first-child panel-last-child\" data-index=\"1\" ><div\n\t\t\t\n\t\t\tclass=\"so-widget-separator so-widget-separator-default-d75171398898-234\"\n\t\t\t\n\t\t>\t<i class=\"fa-light fa-chevron-down\" style=\"font-size:60px;color:#efefef;\"><\/i>\n\t<\/div><\/div><\/div><\/div><div id=\"pg-234-2\"  class=\"panel-grid panel-has-style\" ><div data-aos=\"fade\" data-aos-duration=\"1200\" class=\"panel-row-style panel-row-style-for-234-2\" ><div id=\"pgc-234-2-0\"  class=\"panel-grid-cell\" ><div id=\"panel-234-2-0-0\" class=\"so-panel widget widget_siteorigin-panels-builder panel-first-child panel-last-child\" data-index=\"2\" ><div id=\"pl-w69b434522466d\"  class=\"panel-layout\" ><div id=\"pg-w69b434522466d-0\"  class=\"panel-grid panel-no-style\" ><div id=\"pgc-w69b434522466d-0-0\"  class=\"panel-grid-cell\" ><div id=\"panel-w69b434522466d-0-0-0\" class=\"so-panel widget widget_sow-editor panel-first-child panel-last-child\" data-index=\"0\" ><div\n\t\t\t\n\t\t\tclass=\"so-widget-sow-editor so-widget-sow-editor-base\"\n\t\t\t\n\t\t>\n<div class=\"siteorigin-widget-tinymce textwidget\">\n\t<p class=\"no-bottom-margin\"><a href=\"https:\/\/edf-powersolutions.com\/\" target=\"_blank\" rel=\"noopener\"><img loading=\"lazy\" decoding=\"async\" class=\"wp-image-10562 size-medium aligncenter\" src=\"https:\/\/www.edf-re.com\/wp-content\/uploads\/logo_edf_power_solutions_RGB-no-buffer-zone-300x105.png\" alt=\"\" width=\"300\" height=\"105\" srcset=\"https:\/\/www.edf-re.com\/wp-content\/uploads\/logo_edf_power_solutions_RGB-no-buffer-zone-300x105.png 300w, https:\/\/www.edf-re.com\/wp-content\/uploads\/logo_edf_power_solutions_RGB-no-buffer-zone-1024x359.png 1024w, https:\/\/www.edf-re.com\/wp-content\/uploads\/logo_edf_power_solutions_RGB-no-buffer-zone-768x270.png 768w, https:\/\/www.edf-re.com\/wp-content\/uploads\/logo_edf_power_solutions_RGB-no-buffer-zone-1536x539.png 1536w, https:\/\/www.edf-re.com\/wp-content\/uploads\/logo_edf_power_solutions_RGB-no-buffer-zone-18x6.png 18w, https:\/\/www.edf-re.com\/wp-content\/uploads\/logo_edf_power_solutions_RGB-no-buffer-zone.png 2000w\" sizes=\"auto, (max-width: 300px) 100vw, 300px\" \/><\/a><\/p>\n<\/div>\n<\/div><\/div><\/div><\/div><div id=\"pg-w69b434522466d-1\"  class=\"panel-grid panel-no-style\" ><div id=\"pgc-w69b434522466d-1-0\"  class=\"panel-grid-cell\" ><div id=\"panel-w69b434522466d-1-0-0\" class=\"so-panel widget widget_sow-editor panel-first-child panel-last-child\" data-index=\"1\" ><div\n\t\t\t\n\t\t\tclass=\"so-widget-sow-editor so-widget-sow-editor-base\"\n\t\t\t\n\t\t>\n<div class=\"siteorigin-widget-tinymce textwidget\">\n\t<h2 style=\"text-align: center;\">EDF power solutions, S.A.<\/h2>\n<p style=\"text-align: center;\"><a href=\"https:\/\/edf-powersolutions.com\" target=\"_blank\" rel=\"noopener\">EDF power solutions, S.A.<\/a>EDF, filial del Grupo EDF, dise\u00f1a y aplica soluciones pr\u00e1cticas para reducir de forma sostenible la huella de carbono de nuestros clientes en 25 pa\u00edses de todo el mundo. Acelerar la transici\u00f3n energ\u00e9tica est\u00e1 en el centro de nuestra misi\u00f3n.<\/p>\n<p class=\"no-bottom-margin\" style=\"text-align: center;\"><a class=\"underline-button\" href=\"https:\/\/edf-powersolutions.com\" target=\"_blank\" rel=\"noopener\">Visite el sitio web de EDF power solutions<\/a><\/p>\n<\/div>\n<\/div><\/div><\/div><\/div><div id=\"pg-w69b434522466d-2\"  class=\"panel-grid panel-no-style\" ><div id=\"pgc-w69b434522466d-2-0\"  class=\"panel-grid-cell\" ><div id=\"panel-w69b434522466d-2-0-0\" class=\"so-panel widget widget_stats stats-widget panel-first-child panel-last-child\" data-index=\"2\" ><div class=\"panel-widget-style panel-widget-style-for-w69b434522466d-2-0-0\" ><div\n\t\t\t\n\t\t\tclass=\"so-widget-stats so-widget-stats-default-d75171398898\"\n\t\t\t\n\t\t>\t<div class=\"flex center\">\n\t\t\t\t\t<div class=\"stat vertical\">\n\t\t\t\t\t\t\t\t\t<div class=\"icon\">\n\t\t\t\t\t\t<i class=\"fa-light fa-people\"><\/i>\n\t\t\t\t\t<\/div><!-- .icon -->\n\t\t\t\t\t\t\t\t\t\t<div>\n\t\t\t\t\t\t<div class=\"number\">\n\t\t\t\t\t\t\t<span class=\"counter\" data-number=\"8500\">0<\/span>\t\t\t\t\t\t\t\t<span class=\"append\">+<\/span>\n\t\t\t\t\t\t\t\t\t\t\t\t\t\t<\/div><!-- .number -->\n\t\t\t\t\t\t\t\t\t\t\t\t\t<div class=\"label\">\n\t\t\t\t\t\t\t\tEmpleados\t\t\t\t\t\t\t<\/div><!-- .label -->\n\t\t\t\t\t\t\t\t\t\t\t\t<\/div>\n\t\t\t\t\t\t\t\t<\/div><!-- .stat -->\n\t\t\t\t\t\t<div class=\"stat vertical\">\n\t\t\t\t\t\t\t\t\t<div class=\"icon\">\n\t\t\t\t\t\t<i class=\"fa-light fa-globe-americas\"><\/i>\n\t\t\t\t\t<\/div><!-- .icon -->\n\t\t\t\t\t\t\t\t\t\t<div>\n\t\t\t\t\t\t<div class=\"number\">\n\t\t\t\t\t\t\t<span class=\"counter\" data-number=\"25\">0<\/span>\t\t\t\t\t\t<\/div><!-- .number -->\n\t\t\t\t\t\t\t\t\t\t\t\t\t<div class=\"label\">\n\t\t\t\t\t\t\t\tPa\u00edses\t\t\t\t\t\t\t<\/div><!-- .label -->\n\t\t\t\t\t\t\t\t\t\t\t\t<\/div>\n\t\t\t\t\t\t\t\t<\/div><!-- .stat -->\n\t\t\t\t\t\t<div class=\"stat vertical\">\n\t\t\t\t\t\t\t\t\t<div class=\"icon\">\n\t\t\t\t\t\t<i class=\"fa-light fa-leaf\"><\/i>\n\t\t\t\t\t<\/div><!-- .icon -->\n\t\t\t\t\t\t\t\t\t\t<div>\n\t\t\t\t\t\t<div class=\"number\">\n\t\t\t\t\t\t\t<span class=\"counter\" data-number=\"47\">0<\/span>\t\t\t\t\t\t\t\t<span class=\"append\">TWh<\/span>\n\t\t\t\t\t\t\t\t\t\t\t\t\t\t<\/div><!-- .number -->\n\t\t\t\t\t\t\t\t\t\t\t\t\t<div class=\"label\">\n\t\t\t\t\t\t\t\tElectricidad con bajas emisiones de carbono generada en 2025\t\t\t\t\t\t\t<\/div><!-- .label -->\n\t\t\t\t\t\t\t\t\t\t\t\t<\/div>\n\t\t\t\t\t\t\t\t<\/div><!-- .stat -->\n\t\t\t\t<\/div><!-- .flex -->\n\t<\/div><\/div><\/div><\/div><\/div><\/div><\/div><\/div><\/div><\/div><div id=\"pg-234-3\"  class=\"panel-grid panel-no-style\" ><div id=\"pgc-234-3-0\"  class=\"panel-grid-cell\" ><div id=\"panel-234-3-0-0\" class=\"so-panel widget widget_separator separator-widget panel-first-child panel-last-child\" data-index=\"3\" ><div\n\t\t\t\n\t\t\tclass=\"so-widget-separator so-widget-separator-default-d75171398898-234\"\n\t\t\t\n\t\t>\t<i class=\"fa-light fa-chevron-down\" style=\"font-size:60px;color:#efefef;\"><\/i>\n\t<\/div><\/div><\/div><\/div><div id=\"pg-234-4\"  class=\"panel-grid panel-has-style\" ><div data-aos=\"fade\" data-aos-duration=\"1200\" class=\"panel-row-style panel-row-style-for-234-4\" ><div id=\"pgc-234-4-0\"  class=\"panel-grid-cell\" ><div id=\"panel-234-4-0-0\" class=\"so-panel widget widget_siteorigin-panels-builder panel-first-child panel-last-child\" data-index=\"4\" ><div id=\"pl-w69ab2a76729e7\"  class=\"panel-layout\" ><div id=\"pg-w69ab2a76729e7-0\"  class=\"panel-grid panel-no-style\" ><div id=\"pgc-w69ab2a76729e7-0-0\"  class=\"panel-grid-cell\" ><div id=\"panel-w69ab2a76729e7-0-0-0\" class=\"so-panel widget widget_sow-editor panel-first-child panel-last-child\" data-index=\"0\" ><div\n\t\t\t\n\t\t\tclass=\"so-widget-sow-editor so-widget-sow-editor-base\"\n\t\t\t\n\t\t>\n<div class=\"siteorigin-widget-tinymce textwidget\">\n\t<p class=\"no-bottom-margin\"><img loading=\"lazy\" decoding=\"async\" class=\"wp-image-10562 size-medium aligncenter\" src=\"https:\/\/www.edf-re.com\/wp-content\/uploads\/logo_edf_power_solutions_RGB-no-buffer-zone-300x105.png\" alt=\"\" width=\"300\" height=\"105\" srcset=\"https:\/\/www.edf-re.com\/wp-content\/uploads\/logo_edf_power_solutions_RGB-no-buffer-zone-300x105.png 300w, https:\/\/www.edf-re.com\/wp-content\/uploads\/logo_edf_power_solutions_RGB-no-buffer-zone-1024x359.png 1024w, https:\/\/www.edf-re.com\/wp-content\/uploads\/logo_edf_power_solutions_RGB-no-buffer-zone-768x270.png 768w, https:\/\/www.edf-re.com\/wp-content\/uploads\/logo_edf_power_solutions_RGB-no-buffer-zone-1536x539.png 1536w, https:\/\/www.edf-re.com\/wp-content\/uploads\/logo_edf_power_solutions_RGB-no-buffer-zone-18x6.png 18w, https:\/\/www.edf-re.com\/wp-content\/uploads\/logo_edf_power_solutions_RGB-no-buffer-zone.png 2000w\" sizes=\"auto, (max-width: 300px) 100vw, 300px\" \/><\/p>\n<\/div>\n<\/div><\/div><\/div><\/div><div id=\"pg-w69ab2a76729e7-1\"  class=\"panel-grid panel-no-style\" ><div id=\"pgc-w69ab2a76729e7-1-0\"  class=\"panel-grid-cell\" ><div id=\"panel-w69ab2a76729e7-1-0-0\" class=\"so-panel widget widget_sow-editor panel-first-child panel-last-child\" data-index=\"1\" ><div\n\t\t\t\n\t\t\tclass=\"so-widget-sow-editor so-widget-sow-editor-base\"\n\t\t\t\n\t\t>\n<div class=\"siteorigin-widget-tinymce textwidget\">\n\t<h2 style=\"text-align: center;\">EDF power solutions Norteam\u00e9rica<\/h2>\n<p style=\"text-align: center;\">Desde 1987, EDF Power Solutions North America ofrece soluciones de energ\u00eda limpia en Estados Unidos, Canad\u00e1 y M\u00e9xico. Somos un productor independiente de energ\u00eda y proveedor de servicios l\u00edder en el mercado, que atiende a empresas de servicios p\u00fablicos, corporaciones, industrias, comunidades, instituciones e inversores con soluciones energ\u00e9ticas fiables y bajas en carbono que ayudan a satisfacer la creciente demanda. Desde el desarrollo y la construcci\u00f3n de proyectos e\u00f3licos (terrestres y marinos), solares, de almacenamiento (bater\u00edas y almacenamiento hidr\u00e1ulico por bombeo), de carga inteligente de veh\u00edculos el\u00e9ctricos, microrredes, hidr\u00f3geno verde y transmisi\u00f3n, hasta la maximizaci\u00f3n del rendimiento y la rentabilidad a trav\u00e9s de operaciones y mantenimiento y la optimizaci\u00f3n innovadora de activos, nuestros equipos ofrecen soluciones expertas a lo largo de toda la cadena de valor, desde el origen hasta la operaci\u00f3n comercial.<\/p>\n<\/div>\n<\/div><\/div><\/div><\/div><div id=\"pg-w69ab2a76729e7-2\"  class=\"panel-grid panel-no-style\" ><div id=\"pgc-w69ab2a76729e7-2-0\"  class=\"panel-grid-cell\" ><div id=\"panel-w69ab2a76729e7-2-0-0\" class=\"so-panel widget widget_stats stats-widget panel-first-child panel-last-child\" data-index=\"2\" ><div class=\"panel-widget-style panel-widget-style-for-w69ab2a76729e7-2-0-0\" ><div\n\t\t\t\n\t\t\tclass=\"so-widget-stats so-widget-stats-default-d75171398898\"\n\t\t\t\n\t\t>\t<div class=\"flex center\">\n\t\t\t\t\t<div class=\"stat vertical\">\n\t\t\t\t\t\t\t\t\t<div class=\"icon\">\n\t\t\t\t\t\t<i class=\"fa-light fa-hard-hat\"><\/i>\n\t\t\t\t\t<\/div><!-- .icon -->\n\t\t\t\t\t\t\t\t\t\t<div>\n\t\t\t\t\t\t<div class=\"number\">\n\t\t\t\t\t\t\t<span class=\"counter\" data-number=\"26\">0<\/span>\t\t\t\t\t\t\t\t<span class=\"append\">GW<\/span>\n\t\t\t\t\t\t\t\t\t\t\t\t\t\t<\/div><!-- .number -->\n\t\t\t\t\t\t\t\t\t\t\t\t\t<div class=\"label\">\n\t\t\t\t\t\t\t\tDesarrollado\t\t\t\t\t\t\t<\/div><!-- .label -->\n\t\t\t\t\t\t\t\t\t\t\t\t<\/div>\n\t\t\t\t\t\t\t\t<\/div><!-- .stat -->\n\t\t\t\t\t\t<div class=\"stat vertical\">\n\t\t\t\t\t\t\t\t\t<div class=\"icon\">\n\t\t\t\t\t\t<i class=\"fa-light fa-wrench\"><\/i>\n\t\t\t\t\t<\/div><!-- .icon -->\n\t\t\t\t\t\t\t\t\t\t<div>\n\t\t\t\t\t\t<div class=\"number\">\n\t\t\t\t\t\t\t<span class=\"counter\" data-number=\"17\">0<\/span>\t\t\t\t\t\t\t\t<span class=\"append\">GW<\/span>\n\t\t\t\t\t\t\t\t\t\t\t\t\t\t<\/div><!-- .number -->\n\t\t\t\t\t\t\t\t\t\t\t\t\t<div class=\"label\">\n\t\t\t\t\t\t\t\tContrato de O&amp;M\t\t\t\t\t\t\t<\/div><!-- .label -->\n\t\t\t\t\t\t\t\t\t\t\t\t<\/div>\n\t\t\t\t\t\t\t\t<\/div><!-- .stat -->\n\t\t\t\t\t\t<div class=\"stat vertical\">\n\t\t\t\t\t\t\t\t\t<div class=\"icon\">\n\t\t\t\t\t\t<i class=\"fa-light fa-timeline-arrow\"><\/i>\n\t\t\t\t\t<\/div><!-- .icon -->\n\t\t\t\t\t\t\t\t\t\t<div>\n\t\t\t\t\t\t<div class=\"number\">\n\t\t\t\t\t\t\t\t\t\t\t\t\t\t\t<span class=\"prepend\">~<\/span>\n\t\t\t\t\t\t\t\t<span class=\"counter\" data-number=\"55\">0<\/span>\t\t\t\t\t\t\t\t<span class=\"append\">GW<\/span>\n\t\t\t\t\t\t\t\t\t\t\t\t\t\t<\/div><!-- .number -->\n\t\t\t\t\t\t\t\t\t\t\t\t\t<div class=\"label\">\n\t\t\t\t\t\t\t\tTuber\u00eda\t\t\t\t\t\t\t<\/div><!-- .label -->\n\t\t\t\t\t\t\t\t\t\t\t\t<\/div>\n\t\t\t\t\t\t\t\t<\/div><!-- .stat -->\n\t\t\t\t<\/div><!-- .flex -->\n\t<\/div><\/div><\/div><\/div><\/div><\/div><\/div><\/div><\/div><\/div><\/div>","protected":false},"excerpt":{"rendered":"<p>Grupo EDF: l\u00edder mundial en la generaci\u00f3n de electricidad con bajas emisiones de carbono. Como constructor, propietario y operador de l\u00edneas de distribuci\u00f3n y transmisi\u00f3n, as\u00ed como de toda la infraestructura y los sistemas de suministro asociados, el Grupo EDF es un actor internacional clave en la transici\u00f3n energ\u00e9tica. Visita el sitio web del Grupo EDF 0 a\u00f1os de experiencia 0% Producci\u00f3n libre de emisiones de CO2 Soluciones energ\u00e9ticas de EDF, [\u2026]<\/p>","protected":false},"author":1,"featured_media":0,"parent":232,"menu_order":7,"comment_status":"closed","ping_status":"closed","template":"","meta":{"_acf_changed":false,"footnotes":""},"class_list":["post-234","page","type-page","status-publish","hentry"],"acf":[],"yoast_head":"<!-- This site is optimized with the Yoast SEO plugin v26.8 - https:\/\/yoast.com\/product\/yoast-seo-wordpress\/ -->\n<title>About EDF power solutions NA Projects | Wind Asset Management<\/title>\n<meta name=\"description\" content=\"About EDF power solutions NA | EDF power solutions NA Power Producer | Solar Project Development, Wind Operations and Maintenance and Asset Management\" \/>\n<meta name=\"robots\" content=\"index, follow, max-snippet:-1, max-image-preview:large, max-video-preview:-1\" \/>\n<link rel=\"canonical\" href=\"https:\/\/www.edf-re.com\/es\/quienes-somos-2\/quienes-somos\/\" \/>\n<meta property=\"og:locale\" content=\"es_MX\" \/>\n<meta property=\"og:type\" content=\"article\" \/>\n<meta property=\"og:title\" content=\"About EDF power solutions NA Projects | Wind Asset Management\" \/>\n<meta property=\"og:description\" content=\"About EDF power solutions NA | EDF power solutions NA Power Producer | Solar Project Development, Wind Operations and Maintenance and Asset Management\" \/>\n<meta property=\"og:url\" content=\"https:\/\/www.edf-re.com\/es\/quienes-somos-2\/quienes-somos\/\" \/>\n<meta property=\"og:site_name\" content=\"EDF power solutions North America\" \/>\n<meta property=\"article:modified_time\" content=\"2026-03-13T15:59:14+00:00\" \/>\n<meta property=\"og:image\" content=\"https:\/\/www.edf-re.com\/wp-content\/uploads\/edf-logo.png\" \/>\n\t<meta property=\"og:image:width\" content=\"220\" \/>\n\t<meta property=\"og:image:height\" content=\"111\" \/>\n\t<meta property=\"og:image:type\" content=\"image\/png\" \/>\n<meta name=\"twitter:card\" content=\"summary_large_image\" \/>\n<meta name=\"twitter:label1\" content=\"Tiempo de lectura\" \/>\n\t<meta name=\"twitter:data1\" content=\"2 minutos\" \/>\n<script type=\"application\/ld+json\" class=\"yoast-schema-graph\">{\"@context\":\"https:\/\/schema.org\",\"@graph\":[{\"@type\":\"WebPage\",\"@id\":\"https:\/\/www.edf-re.com\/about-us\/who-we-are\/\",\"url\":\"https:\/\/www.edf-re.com\/about-us\/who-we-are\/\",\"name\":\"About EDF power solutions NA Projects | Wind Asset Management\",\"isPartOf\":{\"@id\":\"https:\/\/www.edf-re.com\/#website\"},\"primaryImageOfPage\":{\"@id\":\"https:\/\/www.edf-re.com\/about-us\/who-we-are\/#primaryimage\"},\"image\":{\"@id\":\"https:\/\/www.edf-re.com\/about-us\/who-we-are\/#primaryimage\"},\"thumbnailUrl\":\"https:\/\/www.edf-re.com\/wp-content\/uploads\/edf-logo.png\",\"datePublished\":\"2020-04-29T21:34:52+00:00\",\"dateModified\":\"2026-03-13T15:59:14+00:00\",\"description\":\"About EDF power solutions NA | EDF power solutions NA Power Producer | Solar Project Development, Wind Operations and Maintenance and Asset Management\",\"breadcrumb\":{\"@id\":\"https:\/\/www.edf-re.com\/about-us\/who-we-are\/#breadcrumb\"},\"inLanguage\":\"es\",\"potentialAction\":[{\"@type\":\"ReadAction\",\"target\":[\"https:\/\/www.edf-re.com\/about-us\/who-we-are\/\"]}]},{\"@type\":\"ImageObject\",\"inLanguage\":\"es\",\"@id\":\"https:\/\/www.edf-re.com\/about-us\/who-we-are\/#primaryimage\",\"url\":\"https:\/\/www.edf-re.com\/wp-content\/uploads\/edf-logo.png\",\"contentUrl\":\"https:\/\/www.edf-re.com\/wp-content\/uploads\/edf-logo.png\"},{\"@type\":\"BreadcrumbList\",\"@id\":\"https:\/\/www.edf-re.com\/about-us\/who-we-are\/#breadcrumb\",\"itemListElement\":[{\"@type\":\"ListItem\",\"position\":1,\"name\":\"Home\",\"item\":\"https:\/\/www.edf-re.com\/\"},{\"@type\":\"ListItem\",\"position\":2,\"name\":\"About Us\",\"item\":\"https:\/\/www.edf-re.com\/about-us\/\"},{\"@type\":\"ListItem\",\"position\":3,\"name\":\"Who We Are\"}]},{\"@type\":\"WebSite\",\"@id\":\"https:\/\/www.edf-re.com\/#website\",\"url\":\"https:\/\/www.edf-re.com\/\",\"name\":\"EDF power solutions North America\",\"description\":\"\",\"publisher\":{\"@id\":\"https:\/\/www.edf-re.com\/#organization\"},\"potentialAction\":[{\"@type\":\"SearchAction\",\"target\":{\"@type\":\"EntryPoint\",\"urlTemplate\":\"https:\/\/www.edf-re.com\/?s={search_term_string}\"},\"query-input\":{\"@type\":\"PropertyValueSpecification\",\"valueRequired\":true,\"valueName\":\"search_term_string\"}}],\"inLanguage\":\"es\"},{\"@type\":\"Organization\",\"@id\":\"https:\/\/www.edf-re.com\/#organization\",\"name\":\"EDF Renewables North America\",\"url\":\"https:\/\/www.edf-re.com\/\",\"logo\":{\"@type\":\"ImageObject\",\"inLanguage\":\"es\",\"@id\":\"https:\/\/www.edf-re.com\/#\/schema\/logo\/image\/\",\"url\":\"https:\/\/www.edf-re.com\/wp-content\/uploads\/edfr-logo-1.png\",\"contentUrl\":\"https:\/\/www.edf-re.com\/wp-content\/uploads\/edfr-logo-1.png\",\"width\":600,\"height\":291,\"caption\":\"EDF Renewables North America\"},\"image\":{\"@id\":\"https:\/\/www.edf-re.com\/#\/schema\/logo\/image\/\"}}]}<\/script>\n<!-- \/ Yoast SEO plugin. -->","yoast_head_json":{"title":"Acerca de EDF power solutions NA Proyectos | Gesti\u00f3n de activos e\u00f3licos","description":"Acerca de EDF power solutions NA | EDF power solutions NA Power Producer | Desarrollo de proyectos solares, explotaci\u00f3n y mantenimiento e\u00f3licos y gesti\u00f3n de activos","robots":{"index":"index","follow":"follow","max-snippet":"max-snippet:-1","max-image-preview":"max-image-preview:large","max-video-preview":"max-video-preview:-1"},"canonical":"https:\/\/www.edf-re.com\/es\/quienes-somos-2\/quienes-somos\/","og_locale":"es_MX","og_type":"article","og_title":"About EDF power solutions NA Projects | Wind Asset Management","og_description":"About EDF power solutions NA | EDF power solutions NA Power Producer | Solar Project Development, Wind Operations and Maintenance and Asset Management","og_url":"https:\/\/www.edf-re.com\/es\/quienes-somos-2\/quienes-somos\/","og_site_name":"EDF power solutions North America","article_modified_time":"2026-03-13T15:59:14+00:00","og_image":[{"width":220,"height":111,"url":"https:\/\/www.edf-re.com\/wp-content\/uploads\/edf-logo.png","type":"image\/png"}],"twitter_card":"summary_large_image","twitter_misc":{"Tiempo de lectura":"2 minutos"},"schema":{"@context":"https:\/\/schema.org","@graph":[{"@type":"WebPage","@id":"https:\/\/www.edf-re.com\/about-us\/who-we-are\/","url":"https:\/\/www.edf-re.com\/about-us\/who-we-are\/","name":"Acerca de EDF power solutions NA Proyectos | Gesti\u00f3n de activos e\u00f3licos","isPartOf":{"@id":"https:\/\/www.edf-re.com\/#website"},"primaryImageOfPage":{"@id":"https:\/\/www.edf-re.com\/about-us\/who-we-are\/#primaryimage"},"image":{"@id":"https:\/\/www.edf-re.com\/about-us\/who-we-are\/#primaryimage"},"thumbnailUrl":"https:\/\/www.edf-re.com\/wp-content\/uploads\/edf-logo.png","datePublished":"2020-04-29T21:34:52+00:00","dateModified":"2026-03-13T15:59:14+00:00","description":"Acerca de EDF power solutions NA | EDF power solutions NA Power Producer | Desarrollo de proyectos solares, explotaci\u00f3n y mantenimiento e\u00f3licos y gesti\u00f3n de activos","breadcrumb":{"@id":"https:\/\/www.edf-re.com\/about-us\/who-we-are\/#breadcrumb"},"inLanguage":"es","potentialAction":[{"@type":"ReadAction","target":["https:\/\/www.edf-re.com\/about-us\/who-we-are\/"]}]},{"@type":"ImageObject","inLanguage":"es","@id":"https:\/\/www.edf-re.com\/about-us\/who-we-are\/#primaryimage","url":"https:\/\/www.edf-re.com\/wp-content\/uploads\/edf-logo.png","contentUrl":"https:\/\/www.edf-re.com\/wp-content\/uploads\/edf-logo.png"},{"@type":"BreadcrumbList","@id":"https:\/\/www.edf-re.com\/about-us\/who-we-are\/#breadcrumb","itemListElement":[{"@type":"ListItem","position":1,"name":"Home","item":"https:\/\/www.edf-re.com\/"},{"@type":"ListItem","position":2,"name":"About Us","item":"https:\/\/www.edf-re.com\/about-us\/"},{"@type":"ListItem","position":3,"name":"Who We Are"}]},{"@type":"WebSite","@id":"https:\/\/www.edf-re.com\/#website","url":"https:\/\/www.edf-re.com\/","name":"EDF power solutions Norteam\u00e9rica","description":"","publisher":{"@id":"https:\/\/www.edf-re.com\/#organization"},"potentialAction":[{"@type":"SearchAction","target":{"@type":"EntryPoint","urlTemplate":"https:\/\/www.edf-re.com\/?s={search_term_string}"},"query-input":{"@type":"PropertyValueSpecification","valueRequired":true,"valueName":"search_term_string"}}],"inLanguage":"es"},{"@type":"Organization","@id":"https:\/\/www.edf-re.com\/#organization","name":"EDF Renewables Norteam\u00e9rica","url":"https:\/\/www.edf-re.com\/","logo":{"@type":"ImageObject","inLanguage":"es","@id":"https:\/\/www.edf-re.com\/#\/schema\/logo\/image\/","url":"https:\/\/www.edf-re.com\/wp-content\/uploads\/edfr-logo-1.png","contentUrl":"https:\/\/www.edf-re.com\/wp-content\/uploads\/edfr-logo-1.png","width":600,"height":291,"caption":"EDF Renewables North America"},"image":{"@id":"https:\/\/www.edf-re.com\/#\/schema\/logo\/image\/"}}]}},"_links":{"self":[{"href":"https:\/\/www.edf-re.com\/es\/wp-json\/wp\/v2\/pages\/234","targetHints":{"allow":["GET"]}}],"collection":[{"href":"https:\/\/www.edf-re.com\/es\/wp-json\/wp\/v2\/pages"}],"about":[{"href":"https:\/\/www.edf-re.com\/es\/wp-json\/wp\/v2\/types\/page"}],"author":[{"embeddable":true,"href":"https:\/\/www.edf-re.com\/es\/wp-json\/wp\/v2\/users\/1"}],"replies":[{"embeddable":true,"href":"https:\/\/www.edf-re.com\/es\/wp-json\/wp\/v2\/comments?post=234"}],"version-history":[{"count":9,"href":"https:\/\/www.edf-re.com\/es\/wp-json\/wp\/v2\/pages\/234\/revisions"}],"predecessor-version":[{"id":11245,"href":"https:\/\/www.edf-re.com\/es\/wp-json\/wp\/v2\/pages\/234\/revisions\/11245"}],"up":[{"embeddable":true,"href":"https:\/\/www.edf-re.com\/es\/wp-json\/wp\/v2\/pages\/232"}],"wp:attachment":[{"href":"https:\/\/www.edf-re.com\/es\/wp-json\/wp\/v2\/media?parent=234"}],"curies":[{"name":"wp","href":"https:\/\/api.w.org\/{rel}","templated":true}]}}