{"id":240,"date":"2020-04-29T14:35:54","date_gmt":"2020-04-29T21:35:54","guid":{"rendered":"https:\/\/www.edf-re.com\/?page_id=240"},"modified":"2026-03-03T08:20:29","modified_gmt":"2026-03-03T16:20:29","slug":"csr","status":"publish","type":"page","link":"https:\/\/www.edf-re.com\/es\/quienes-somos-2\/csr\/","title":{"rendered":"Responsabilidad social de las empresas"},"content":{"rendered":"<div id=\"pl-240\"  class=\"panel-layout\" ><div id=\"pg-240-0\"  class=\"panel-grid panel-no-style\" ><div id=\"pgc-240-0-0\"  class=\"panel-grid-cell\" ><div id=\"panel-240-0-0-0\" class=\"so-panel widget widget_sow-editor panel-first-child panel-last-child\" data-index=\"0\" ><div\n\t\t\t\n\t\t\tclass=\"so-widget-sow-editor so-widget-sow-editor-base\"\n\t\t\t\n\t\t>\n<div class=\"siteorigin-widget-tinymce textwidget\">\n\t<p class=\"medium-font\"><span style=\"color: #09357a;\"><strong>Desde 1987, EDF Power Solutions ha dedicado sus esfuerzos a crear una econom\u00eda energ\u00e9tica sostenible.<\/strong> Lo hemos logrado mediante la construcci\u00f3n y operaci\u00f3n de proyectos de generaci\u00f3n de energ\u00eda con bajas emisiones de carbono en toda Am\u00e9rica del Norte.<\/span><\/p>\n<p>Lo que ayuda a definirnos es nuestro compromiso con las comunidades en las que operamos. En el centro de cada proyecto est\u00e1n la sostenibilidad y la responsabilidad social corporativa (RSC).<\/p>\n<p>Nuestras iniciativas de RSE no son algo aislado, sino que forman parte del ADN de nuestra empresa. Creemos que el mundo de la energ\u00eda est\u00e1 cambiando y que los clientes se est\u00e1n involucrando cada vez m\u00e1s en todos los aspectos del negocio. La transparencia y la colaboraci\u00f3n con las partes interesadas de la comunidad son una parte integral del proceso.<\/p>\n<\/div>\n<\/div><\/div><\/div><div id=\"pgc-240-0-1\"  class=\"panel-grid-cell\" ><div class=\"panel-cell-style panel-cell-style-for-240-0-1\" ><div id=\"panel-240-0-1-0\" class=\"so-panel widget widget_flipbook-callout flipbook-callout-widget panel-first-child panel-last-child\" data-index=\"1\" ><div\n\t\t\t\n\t\t\tclass=\"so-widget-flipbook-callout so-widget-flipbook-callout-default-d75171398898-240\"\n\t\t\t\n\t\t><div class=\"content\">\n\t\t\t<div class=\"heading\">\n\t\t\tInforme de sostenibilidad - Ejercicio fiscal 2024\t\t<\/div><!-- .heading -->\n\t\t\t\t<div class=\"description\">\n\t\t\tCreemos en un futuro energ\u00e9tico sostenible. Desde mejorar las m\u00e9tricas de residuos hasta promover la biodiversidad, nuestros objetivos de responsabilidad social corporativa son la forma en que convertimos esa creencia en acci\u00f3n. Lea todo sobre nuestro progreso en el Informe de sostenibilidad del a\u00f1o fiscal 2024 completo.\t\t<\/div><!-- .description -->\n\t\t\t\t<div class=\"link\">\n\t\t\t<a href=\"https:\/\/www.edf-re.com\/flipbook\/10981\" class=\"button medium-green\" target=\"_blank\">Haga clic para leer el informe<\/a>\n\t\t<\/div><!-- .link -->\n\t\t<\/div><!-- .content -->\n\t\t<div class=\"flipbook\">\n\t\t\t<a href=\"https:\/\/www.edf-re.com\/flipbook\/10981\" target=\"_blank\">\n\t\t\t\t<img decoding=\"async\" src=\"https:\/\/www.edf-re.com\/wp-content\/uploads\/ESG-Report-Cover-e1754496345592.png\">\n\t\t\t<\/a>\n\t\t<\/div><!-- .flipbook -->\n\t\t<\/div><\/div><\/div><\/div><\/div><div id=\"pg-240-1\"  class=\"panel-grid panel-no-style\" ><div id=\"pgc-240-1-0\"  class=\"panel-grid-cell\" ><div id=\"panel-240-1-0-0\" class=\"so-panel widget widget_sow-editor panel-first-child panel-last-child\" data-index=\"2\" ><div\n\t\t\t\n\t\t\tclass=\"so-widget-sow-editor so-widget-sow-editor-base\"\n\t\t\t\n\t\t>\n<div class=\"siteorigin-widget-tinymce textwidget\">\n\t<h3 class=\"medium-font\" style=\"text-align: center;\"><span style=\"color: #09357a;\"><b>Nuestros compromisos de responsabilidad social corporativa<\/b><\/span><\/h3>\n<p class=\"translation-block\">Como parte del Grupo EDF, una empresa el\u00e9ctrica responsable que defiende el crecimiento con bajas emisiones de carbono, nos guiamos por <a href=\"https:\/\/www.edf.fr\/en\/the-edf-group\/taking-action-as-a-responsible-company\/corporate-social-responsibility\" target=\"_blank\" rel=\"noopener\">objetivos de RSE<\/a> que reflejan nuestro compromiso de trabajar en estrecha colaboraci\u00f3n con nuestros clientes y las comunidades en las que operamos, al tiempo que contribuimos a los Objetivos de Desarrollo Sostenible prioritarios de las Naciones Unidas para el sector de las empresas el\u00e9ctricas.<\/p>\n<\/div>\n<\/div><\/div><\/div><\/div><div id=\"pg-240-2\"  class=\"panel-grid panel-no-style\" ><div id=\"pgc-240-2-0\"  class=\"panel-grid-cell\" ><div id=\"panel-240-2-0-0\" class=\"so-panel widget widget_sow-editor panel-first-child panel-last-child\" data-index=\"3\" ><div\n\t\t\t\n\t\t\tclass=\"so-widget-sow-editor so-widget-sow-editor-base\"\n\t\t\t\n\t\t>\n<div class=\"siteorigin-widget-tinymce textwidget\">\n\t<p class=\"medium-font\"><span style=\"color: #09357a;\"><strong><img loading=\"lazy\" decoding=\"async\" class=\"alignnone size-medium wp-image-11052 aligncenter\" src=\"https:\/\/www.edf-re.com\/wp-content\/uploads\/ArrowCanyon_Construction_Turbine-300x200.png\" alt=\"\" width=\"300\" height=\"200\" srcset=\"https:\/\/www.edf-re.com\/wp-content\/uploads\/ArrowCanyon_Construction_Turbine-300x200.png 300w, https:\/\/www.edf-re.com\/wp-content\/uploads\/ArrowCanyon_Construction_Turbine-18x12.png 18w, https:\/\/www.edf-re.com\/wp-content\/uploads\/ArrowCanyon_Construction_Turbine-360x240.png 360w, https:\/\/www.edf-re.com\/wp-content\/uploads\/ArrowCanyon_Construction_Turbine.png 400w\" sizes=\"auto, (max-width: 300px) 100vw, 300px\" \/><\/strong><\/span><\/p>\n<p class=\"medium-font\" style=\"text-align: center;\"><span style=\"color: #09357a;\"><strong>Construyendo el sistema el\u00e9ctrico del futuro.<\/strong>\u00a0<\/span><\/p>\n<ul>\n<li>Establecer objetivos ambiciosos de emisiones para 2050.<\/li>\n<li>Apoyar a los clientes y las comunidades con soluciones innovadoras de electrificaci\u00f3n.<\/li>\n<li>Descarbonizar la combinaci\u00f3n energ\u00e9tica mediante fuentes de electricidad bajas en carbono.<\/li>\n<li>Infraestructura de red avanzada y soluciones flexibles para impulsar la transici\u00f3n energ\u00e9tica.<\/li>\n<\/ul>\n<\/div>\n<\/div><\/div><\/div><div id=\"pgc-240-2-1\"  class=\"panel-grid-cell\" ><div id=\"panel-240-2-1-0\" class=\"so-panel widget widget_sow-editor panel-first-child panel-last-child\" data-index=\"4\" ><div\n\t\t\t\n\t\t\tclass=\"so-widget-sow-editor so-widget-sow-editor-base\"\n\t\t\t\n\t\t>\n<div class=\"siteorigin-widget-tinymce textwidget\">\n\t<p class=\"medium-font\"><span style=\"color: #09357a;\"><strong><img loading=\"lazy\" decoding=\"async\" class=\"alignnone size-medium wp-image-11053 aligncenter\" src=\"https:\/\/www.edf-re.com\/wp-content\/uploads\/MonarchButterfly_Solar_iStock-1033909626-300x200.png\" alt=\"\" width=\"300\" height=\"200\" srcset=\"https:\/\/www.edf-re.com\/wp-content\/uploads\/MonarchButterfly_Solar_iStock-1033909626-300x200.png 300w, https:\/\/www.edf-re.com\/wp-content\/uploads\/MonarchButterfly_Solar_iStock-1033909626-18x12.png 18w, https:\/\/www.edf-re.com\/wp-content\/uploads\/MonarchButterfly_Solar_iStock-1033909626-360x240.png 360w, https:\/\/www.edf-re.com\/wp-content\/uploads\/MonarchButterfly_Solar_iStock-1033909626.png 400w\" sizes=\"auto, (max-width: 300px) 100vw, 300px\" \/><\/strong><\/span><\/p>\n<p class=\"medium-font\" style=\"text-align: center;\"><span style=\"color: #09357a;\"><strong>Operar dentro de los l\u00edmites planetarios.<\/strong>\u00a0<\/span><\/p>\n<ul>\n<li>Fortalecer la resiliencia de nuestras operaciones locales frente al cambio clim\u00e1tico.<\/li>\n<li>Restaurar y preservar la biodiversidad para minimizar el impacto en los ecosistemas.<\/li>\n<li>Gestionar de manera sostenible el agua como recurso esencial.<\/li>\n<li>Comprom\u00e9tete con una econom\u00eda circular para optimizar y gestionar de manera \u00e9tica los materiales y los residuos.<\/li>\n<\/ul>\n<\/div>\n<\/div><\/div><\/div><div id=\"pgc-240-2-2\"  class=\"panel-grid-cell\" ><div id=\"panel-240-2-2-0\" class=\"so-panel widget widget_sow-editor panel-first-child panel-last-child\" data-index=\"5\" ><div\n\t\t\t\n\t\t\tclass=\"so-widget-sow-editor so-widget-sow-editor-base\"\n\t\t\t\n\t\t>\n<div class=\"siteorigin-widget-tinymce textwidget\">\n\t<p class=\"medium-font\"><span style=\"color: #09357a;\"><strong><img loading=\"lazy\" decoding=\"async\" class=\"alignnone size-medium wp-image-11051 aligncenter\" src=\"https:\/\/www.edf-re.com\/wp-content\/uploads\/SolarTechGreen-300x200.png\" alt=\"\" width=\"300\" height=\"200\" srcset=\"https:\/\/www.edf-re.com\/wp-content\/uploads\/SolarTechGreen-300x200.png 300w, https:\/\/www.edf-re.com\/wp-content\/uploads\/SolarTechGreen-18x12.png 18w, https:\/\/www.edf-re.com\/wp-content\/uploads\/SolarTechGreen-360x240.png 360w, https:\/\/www.edf-re.com\/wp-content\/uploads\/SolarTechGreen.png 400w\" sizes=\"auto, (max-width: 300px) 100vw, 300px\" \/><\/strong><\/span><\/p>\n<p class=\"medium-font\" style=\"text-align: center;\"><span style=\"color: #09357a;\"><strong>Actuar en favor de una transici\u00f3n justa.<\/strong>\u00a0<\/span><\/p>\n<ul>\n<li>Garantizar la salud, la seguridad y el bienestar de todos los empleados y socios de EDF.<\/li>\n<li>Promover la asequibilidad de la energ\u00eda garantizando su accesibilidad para todos.<\/li>\n<li>Defender los derechos humanos para fomentar un impacto positivo significativo en nuestra cadena de valor.<\/li>\n<li>Fortalecer las econom\u00edas locales en las comunidades donde operamos.<\/li>\n<\/ul>\n<\/div>\n<\/div><\/div><\/div><\/div><div id=\"pg-240-3\"  class=\"panel-grid panel-no-style\" ><div id=\"pgc-240-3-0\"  class=\"panel-grid-cell\" ><div id=\"panel-240-3-0-0\" class=\"so-panel widget widget_separator separator-widget panel-first-child panel-last-child\" data-index=\"6\" ><div\n\t\t\t\n\t\t\tclass=\"so-widget-separator so-widget-separator-default-d75171398898-240\"\n\t\t\t\n\t\t>\t<hr>\n\t<\/div><\/div><\/div><\/div><div id=\"pg-240-4\"  class=\"panel-grid panel-no-style\" ><div id=\"pgc-240-4-0\"  class=\"panel-grid-cell\" ><div id=\"panel-240-4-0-0\" class=\"so-panel widget widget_sow-editor panel-first-child panel-last-child\" data-index=\"7\" ><div\n\t\t\t\n\t\t\tclass=\"so-widget-sow-editor so-widget-sow-editor-base\"\n\t\t\t\n\t\t>\n<div class=\"siteorigin-widget-tinymce textwidget\">\n\t<h4 style=\"text-align: center;\">Lea nuestros estudios de casos<\/h4>\n<\/div>\n<\/div><\/div><\/div><\/div><div id=\"pg-240-5\"  class=\"panel-grid panel-has-style\" ><div class=\"panel-row-style panel-row-style-for-240-5\" ><div id=\"pgc-240-5-0\"  class=\"panel-grid-cell\" ><div id=\"panel-240-5-0-0\" class=\"so-panel widget widget_flipbook flipbook-widget panel-first-child panel-last-child\" data-index=\"8\" ><div\n\t\t\t\n\t\t\tclass=\"so-widget-flipbook so-widget-flipbook-default-d75171398898-240\"\n\t\t\t\n\t\t>\t\t<div class=\"flipbook\">\n\t\t\t<a href=\"https:\/\/www.edf-re.com\/flipbook\/11216\" target=\"_blank\">\n\t\t\t\t<img decoding=\"async\" src=\"https:\/\/www.edf-re.com\/wp-content\/uploads\/CSR-Sapelo.jpg\">\n\n\t\t\t\t<div class=\"overlay\">\n\t\t\t\t\t<i class=\"fa-regular fa-external-link\"><\/i>\n\t\t\t\t<\/div><!-- .overlay -->\n\t\t\t<\/a>\n\t\t<\/div><!-- .flipbook -->\n\t\t<\/div><\/div><\/div><div id=\"pgc-240-5-1\"  class=\"panel-grid-cell\" ><div id=\"panel-240-5-1-0\" class=\"so-panel widget widget_flipbook flipbook-widget panel-first-child panel-last-child\" data-index=\"9\" ><div\n\t\t\t\n\t\t\tclass=\"so-widget-flipbook so-widget-flipbook-default-d75171398898-240\"\n\t\t\t\n\t\t>\t\t<div class=\"flipbook\">\n\t\t\t<a href=\"https:\/\/www.edf-re.com\/flipbook\/11205\" target=\"_blank\">\n\t\t\t\t<img decoding=\"async\" src=\"https:\/\/www.edf-re.com\/wp-content\/uploads\/CSR-Arnprior.jpg\">\n\n\t\t\t\t<div class=\"overlay\">\n\t\t\t\t\t<i class=\"fa-regular fa-external-link\"><\/i>\n\t\t\t\t<\/div><!-- .overlay -->\n\t\t\t<\/a>\n\t\t<\/div><!-- .flipbook -->\n\t\t<\/div><\/div><\/div><\/div><\/div><\/div>","protected":false},"excerpt":{"rendered":"<p>Desde 1987, EDF Power Solutions ha dedicado sus esfuerzos a crear una econom\u00eda energ\u00e9tica sostenible. Lo hemos logrado mediante la construcci\u00f3n y operaci\u00f3n de proyectos de generaci\u00f3n de energ\u00eda con bajas emisiones de carbono en toda Am\u00e9rica del Norte. Lo que nos define es nuestro compromiso con las comunidades en las que operamos. La sostenibilidad y la responsabilidad social corporativa son el n\u00facleo de todos nuestros proyectos.<\/p>","protected":false},"author":1,"featured_media":0,"parent":232,"menu_order":8,"comment_status":"closed","ping_status":"closed","template":"","meta":{"_acf_changed":false,"footnotes":""},"class_list":["post-240","page","type-page","status-publish","hentry"],"acf":[],"yoast_head":"<!-- This site is optimized with the Yoast SEO plugin v26.8 - https:\/\/yoast.com\/product\/yoast-seo-wordpress\/ -->\n<title>Corporate Social Responsibility from EDF power solutions NA | CSR of EDFps<\/title>\n<meta name=\"description\" content=\"Corporate Social Responsibility from EDF power solutions NA | Building operating solar energy projects | Wind Energy project development | CSR from EDF Corporate\" \/>\n<meta name=\"robots\" content=\"index, follow, max-snippet:-1, max-image-preview:large, max-video-preview:-1\" \/>\n<link rel=\"canonical\" href=\"https:\/\/www.edf-re.com\/es\/quienes-somos-2\/csr\/\" \/>\n<meta property=\"og:locale\" content=\"es_MX\" \/>\n<meta property=\"og:type\" content=\"article\" \/>\n<meta property=\"og:title\" content=\"Corporate Social Responsibility from EDF power solutions NA | CSR of EDFps\" \/>\n<meta property=\"og:description\" content=\"Corporate Social Responsibility from EDF power solutions NA | Building operating solar energy projects | Wind Energy project development | CSR from EDF Corporate\" \/>\n<meta property=\"og:url\" content=\"https:\/\/www.edf-re.com\/es\/quienes-somos-2\/csr\/\" \/>\n<meta property=\"og:site_name\" content=\"EDF power solutions North America\" \/>\n<meta property=\"article:modified_time\" content=\"2026-03-03T16:20:29+00:00\" \/>\n<meta property=\"og:image\" content=\"https:\/\/www.edf-re.com\/wp-content\/uploads\/ArrowCanyon_Construction_Turbine-300x200.png\" \/>\n<meta name=\"twitter:card\" content=\"summary_large_image\" \/>\n<meta name=\"twitter:label1\" content=\"Tiempo de lectura\" \/>\n\t<meta name=\"twitter:data1\" content=\"3 minutos\" \/>\n<script type=\"application\/ld+json\" class=\"yoast-schema-graph\">{\"@context\":\"https:\/\/schema.org\",\"@graph\":[{\"@type\":\"WebPage\",\"@id\":\"https:\/\/www.edf-re.com\/about-us\/csr\/\",\"url\":\"https:\/\/www.edf-re.com\/about-us\/csr\/\",\"name\":\"Corporate Social Responsibility from EDF power solutions NA | CSR of EDFps\",\"isPartOf\":{\"@id\":\"https:\/\/www.edf-re.com\/#website\"},\"primaryImageOfPage\":{\"@id\":\"https:\/\/www.edf-re.com\/about-us\/csr\/#primaryimage\"},\"image\":{\"@id\":\"https:\/\/www.edf-re.com\/about-us\/csr\/#primaryimage\"},\"thumbnailUrl\":\"https:\/\/www.edf-re.com\/wp-content\/uploads\/ArrowCanyon_Construction_Turbine-300x200.png\",\"datePublished\":\"2020-04-29T21:35:54+00:00\",\"dateModified\":\"2026-03-03T16:20:29+00:00\",\"description\":\"Corporate Social Responsibility from EDF power solutions NA | Building operating solar energy projects | Wind Energy project development | CSR from EDF Corporate\",\"breadcrumb\":{\"@id\":\"https:\/\/www.edf-re.com\/about-us\/csr\/#breadcrumb\"},\"inLanguage\":\"es\",\"potentialAction\":[{\"@type\":\"ReadAction\",\"target\":[\"https:\/\/www.edf-re.com\/about-us\/csr\/\"]}]},{\"@type\":\"ImageObject\",\"inLanguage\":\"es\",\"@id\":\"https:\/\/www.edf-re.com\/about-us\/csr\/#primaryimage\",\"url\":\"https:\/\/www.edf-re.com\/wp-content\/uploads\/ArrowCanyon_Construction_Turbine-300x200.png\",\"contentUrl\":\"https:\/\/www.edf-re.com\/wp-content\/uploads\/ArrowCanyon_Construction_Turbine-300x200.png\"},{\"@type\":\"BreadcrumbList\",\"@id\":\"https:\/\/www.edf-re.com\/about-us\/csr\/#breadcrumb\",\"itemListElement\":[{\"@type\":\"ListItem\",\"position\":1,\"name\":\"Home\",\"item\":\"https:\/\/www.edf-re.com\/\"},{\"@type\":\"ListItem\",\"position\":2,\"name\":\"About Us\",\"item\":\"https:\/\/www.edf-re.com\/about-us\/\"},{\"@type\":\"ListItem\",\"position\":3,\"name\":\"Corporate Social Responsibility\"}]},{\"@type\":\"WebSite\",\"@id\":\"https:\/\/www.edf-re.com\/#website\",\"url\":\"https:\/\/www.edf-re.com\/\",\"name\":\"EDF power solutions North America\",\"description\":\"\",\"publisher\":{\"@id\":\"https:\/\/www.edf-re.com\/#organization\"},\"potentialAction\":[{\"@type\":\"SearchAction\",\"target\":{\"@type\":\"EntryPoint\",\"urlTemplate\":\"https:\/\/www.edf-re.com\/?s={search_term_string}\"},\"query-input\":{\"@type\":\"PropertyValueSpecification\",\"valueRequired\":true,\"valueName\":\"search_term_string\"}}],\"inLanguage\":\"es\"},{\"@type\":\"Organization\",\"@id\":\"https:\/\/www.edf-re.com\/#organization\",\"name\":\"EDF Renewables North America\",\"url\":\"https:\/\/www.edf-re.com\/\",\"logo\":{\"@type\":\"ImageObject\",\"inLanguage\":\"es\",\"@id\":\"https:\/\/www.edf-re.com\/#\/schema\/logo\/image\/\",\"url\":\"https:\/\/www.edf-re.com\/wp-content\/uploads\/edfr-logo-1.png\",\"contentUrl\":\"https:\/\/www.edf-re.com\/wp-content\/uploads\/edfr-logo-1.png\",\"width\":600,\"height\":291,\"caption\":\"EDF Renewables North America\"},\"image\":{\"@id\":\"https:\/\/www.edf-re.com\/#\/schema\/logo\/image\/\"}}]}<\/script>\n<!-- \/ Yoast SEO plugin. -->","yoast_head_json":{"title":"Responsabilidad Social Corporativa de EDF power solutions NA | RSC de EDFps","description":"Responsabilidad Social Corporativa de EDF power solutions NA | Construcci\u00f3n de proyectos de energ\u00eda solar en funcionamiento | Desarrollo de proyectos de energ\u00eda e\u00f3lica | RSC de EDF Corporate","robots":{"index":"index","follow":"follow","max-snippet":"max-snippet:-1","max-image-preview":"max-image-preview:large","max-video-preview":"max-video-preview:-1"},"canonical":"https:\/\/www.edf-re.com\/es\/quienes-somos-2\/csr\/","og_locale":"es_MX","og_type":"article","og_title":"Corporate Social Responsibility from EDF power solutions NA | CSR of EDFps","og_description":"Corporate Social Responsibility from EDF power solutions NA | Building operating solar energy projects | Wind Energy project development | CSR from EDF Corporate","og_url":"https:\/\/www.edf-re.com\/es\/quienes-somos-2\/csr\/","og_site_name":"EDF power solutions North America","article_modified_time":"2026-03-03T16:20:29+00:00","og_image":[{"url":"https:\/\/www.edf-re.com\/wp-content\/uploads\/ArrowCanyon_Construction_Turbine-300x200.png","type":"","width":"","height":""}],"twitter_card":"summary_large_image","twitter_misc":{"Tiempo de lectura":"3 minutos"},"schema":{"@context":"https:\/\/schema.org","@graph":[{"@type":"WebPage","@id":"https:\/\/www.edf-re.com\/about-us\/csr\/","url":"https:\/\/www.edf-re.com\/about-us\/csr\/","name":"Responsabilidad Social Corporativa de EDF power solutions NA | RSC de EDFps","isPartOf":{"@id":"https:\/\/www.edf-re.com\/#website"},"primaryImageOfPage":{"@id":"https:\/\/www.edf-re.com\/about-us\/csr\/#primaryimage"},"image":{"@id":"https:\/\/www.edf-re.com\/about-us\/csr\/#primaryimage"},"thumbnailUrl":"https:\/\/www.edf-re.com\/wp-content\/uploads\/ArrowCanyon_Construction_Turbine-300x200.png","datePublished":"2020-04-29T21:35:54+00:00","dateModified":"2026-03-03T16:20:29+00:00","description":"Responsabilidad Social Corporativa de EDF power solutions NA | Construcci\u00f3n de proyectos de energ\u00eda solar en funcionamiento | Desarrollo de proyectos de energ\u00eda e\u00f3lica | RSC de EDF Corporate","breadcrumb":{"@id":"https:\/\/www.edf-re.com\/about-us\/csr\/#breadcrumb"},"inLanguage":"es","potentialAction":[{"@type":"ReadAction","target":["https:\/\/www.edf-re.com\/about-us\/csr\/"]}]},{"@type":"ImageObject","inLanguage":"es","@id":"https:\/\/www.edf-re.com\/about-us\/csr\/#primaryimage","url":"https:\/\/www.edf-re.com\/wp-content\/uploads\/ArrowCanyon_Construction_Turbine-300x200.png","contentUrl":"https:\/\/www.edf-re.com\/wp-content\/uploads\/ArrowCanyon_Construction_Turbine-300x200.png"},{"@type":"BreadcrumbList","@id":"https:\/\/www.edf-re.com\/about-us\/csr\/#breadcrumb","itemListElement":[{"@type":"ListItem","position":1,"name":"Home","item":"https:\/\/www.edf-re.com\/"},{"@type":"ListItem","position":2,"name":"About Us","item":"https:\/\/www.edf-re.com\/about-us\/"},{"@type":"ListItem","position":3,"name":"Corporate Social Responsibility"}]},{"@type":"WebSite","@id":"https:\/\/www.edf-re.com\/#website","url":"https:\/\/www.edf-re.com\/","name":"EDF power solutions Norteam\u00e9rica","description":"","publisher":{"@id":"https:\/\/www.edf-re.com\/#organization"},"potentialAction":[{"@type":"SearchAction","target":{"@type":"EntryPoint","urlTemplate":"https:\/\/www.edf-re.com\/?s={search_term_string}"},"query-input":{"@type":"PropertyValueSpecification","valueRequired":true,"valueName":"search_term_string"}}],"inLanguage":"es"},{"@type":"Organization","@id":"https:\/\/www.edf-re.com\/#organization","name":"EDF Renewables Norteam\u00e9rica","url":"https:\/\/www.edf-re.com\/","logo":{"@type":"ImageObject","inLanguage":"es","@id":"https:\/\/www.edf-re.com\/#\/schema\/logo\/image\/","url":"https:\/\/www.edf-re.com\/wp-content\/uploads\/edfr-logo-1.png","contentUrl":"https:\/\/www.edf-re.com\/wp-content\/uploads\/edfr-logo-1.png","width":600,"height":291,"caption":"EDF Renewables North America"},"image":{"@id":"https:\/\/www.edf-re.com\/#\/schema\/logo\/image\/"}}]}},"_links":{"self":[{"href":"https:\/\/www.edf-re.com\/es\/wp-json\/wp\/v2\/pages\/240","targetHints":{"allow":["GET"]}}],"collection":[{"href":"https:\/\/www.edf-re.com\/es\/wp-json\/wp\/v2\/pages"}],"about":[{"href":"https:\/\/www.edf-re.com\/es\/wp-json\/wp\/v2\/types\/page"}],"author":[{"embeddable":true,"href":"https:\/\/www.edf-re.com\/es\/wp-json\/wp\/v2\/users\/1"}],"replies":[{"embeddable":true,"href":"https:\/\/www.edf-re.com\/es\/wp-json\/wp\/v2\/comments?post=240"}],"version-history":[{"count":8,"href":"https:\/\/www.edf-re.com\/es\/wp-json\/wp\/v2\/pages\/240\/revisions"}],"predecessor-version":[{"id":11218,"href":"https:\/\/www.edf-re.com\/es\/wp-json\/wp\/v2\/pages\/240\/revisions\/11218"}],"up":[{"embeddable":true,"href":"https:\/\/www.edf-re.com\/es\/wp-json\/wp\/v2\/pages\/232"}],"wp:attachment":[{"href":"https:\/\/www.edf-re.com\/es\/wp-json\/wp\/v2\/media?parent=240"}],"curies":[{"name":"wp","href":"https:\/\/api.w.org\/{rel}","templated":true}]}}