{"id":4070,"date":"2021-02-17T10:25:40","date_gmt":"2021-02-17T15:25:40","guid":{"rendered":"https:\/\/www.edf-re.com\/?page_id=4070"},"modified":"2026-03-24T14:28:01","modified_gmt":"2026-03-24T21:28:01","slug":"proveedores","status":"publish","type":"page","link":"https:\/\/www.edf-re.com\/es\/proveedores\/","title":{"rendered":"Proveedores"},"content":{"rendered":"<div id=\"pl-4070\"  class=\"panel-layout\" ><div id=\"pg-4070-0\"  class=\"panel-grid panel-no-style\" ><div id=\"pgc-4070-0-0\"  class=\"panel-grid-cell\" ><div id=\"panel-4070-0-0-0\" class=\"so-panel widget widget_sow-editor panel-first-child panel-last-child\" data-index=\"0\" ><div\n\t\t\t\n\t\t\tclass=\"so-widget-sow-editor so-widget-sow-editor-base\"\n\t\t\t\n\t\t>\n<div class=\"siteorigin-widget-tinymce textwidget\">\n\t<p class=\"medium-font\" style=\"text-align: center;\">En EDF power solutions, nos dedicamos a la excelencia operativa y la competitividad en la selecci\u00f3n de nuestros proveedores. Buscamos asociarnos con proveedores que compartan nuestra misi\u00f3n y valores fundamentales y se atengan a nuestro C\u00f3digo de conducta para proveedores de EDF power solutions y canalicen esas caracter\u00edsticas a trav\u00e9s de su cadena de suministro.<\/p>\n<\/div>\n<\/div><\/div><\/div><\/div><div id=\"pg-4070-1\"  class=\"panel-grid panel-no-style\" ><div id=\"pgc-4070-1-0\"  class=\"panel-grid-cell\" ><div id=\"panel-4070-1-0-0\" class=\"so-panel widget widget_sow-editor panel-first-child panel-last-child\" data-index=\"1\" ><div\n\t\t\t\n\t\t\tclass=\"so-widget-sow-editor so-widget-sow-editor-base\"\n\t\t\t\n\t\t>\n<div class=\"siteorigin-widget-tinymce textwidget\">\n\t<p><img loading=\"lazy\" decoding=\"async\" class=\"alignnone size-full wp-image-4138\" src=\"https:\/\/www.edf-re.com\/wp-content\/uploads\/existing-suppliers.jpg\" alt=\"\" width=\"540\" height=\"360\" srcset=\"https:\/\/www.edf-re.com\/wp-content\/uploads\/existing-suppliers.jpg 540w, https:\/\/www.edf-re.com\/wp-content\/uploads\/existing-suppliers-300x200.jpg 300w, https:\/\/www.edf-re.com\/wp-content\/uploads\/existing-suppliers-16x12.jpg 16w, https:\/\/www.edf-re.com\/wp-content\/uploads\/existing-suppliers-360x240.jpg 360w\" sizes=\"auto, (max-width: 540px) 100vw, 540px\" \/><\/p>\n<h3>Proveedores actuales<\/h3>\n<p>Si su empresa suministra actualmente bienes y\/o servicios a EDF power solutions y ya tiene una cuenta registrada.<\/p>\n<p><a class=\"underline-button\" href=\"https:\/\/service.ariba.com\/Sourcing.aw\/124997011\/aw?awh=r&amp;awssk=FGS4IWrX&amp;dard=1&amp;ancdc=1\">Acceso a la cuenta<\/a><\/p>\n<\/div>\n<\/div><\/div><\/div><div id=\"pgc-4070-1-1\"  class=\"panel-grid-cell\" ><div id=\"panel-4070-1-1-0\" class=\"so-panel widget widget_sow-editor panel-first-child panel-last-child\" data-index=\"2\" ><div\n\t\t\t\n\t\t\tclass=\"so-widget-sow-editor so-widget-sow-editor-base\"\n\t\t\t\n\t\t>\n<div class=\"siteorigin-widget-tinymce textwidget\">\n\t<p><img loading=\"lazy\" decoding=\"async\" class=\"alignnone size-full wp-image-4136\" src=\"https:\/\/www.edf-re.com\/wp-content\/uploads\/interested-suppliers.jpg\" alt=\"\" width=\"540\" height=\"360\" srcset=\"https:\/\/www.edf-re.com\/wp-content\/uploads\/interested-suppliers.jpg 540w, https:\/\/www.edf-re.com\/wp-content\/uploads\/interested-suppliers-300x200.jpg 300w, https:\/\/www.edf-re.com\/wp-content\/uploads\/interested-suppliers-16x12.jpg 16w, https:\/\/www.edf-re.com\/wp-content\/uploads\/interested-suppliers-360x240.jpg 360w\" sizes=\"auto, (max-width: 540px) 100vw, 540px\" \/><\/p>\n<h3>Proveedores interesados<\/h3>\n<p>La informaci\u00f3n de registro de proveedores que recopilamos sirve para brindar a proveedores de diversos or\u00edgenes la oportunidad de participar en licitaciones competitivas. Los posibles proveedores deben ponerse en contacto directamente con su persona de contacto en EDF Power Solutions para hablar sobre la posibilidad de hacer negocios.<\/p>\n<p>&nbsp;<\/p>\n<\/div>\n<\/div><\/div><\/div><\/div><div id=\"pg-4070-2\"  class=\"panel-grid panel-has-style\" ><div class=\"siteorigin-panels-stretch panel-row-style panel-row-style-for-4070-2\" style=\"position:relative;\" data-siteorigin-parallax=\"{&quot;backgroundUrl&quot;:&quot;https:\\\/\\\/www.edf-re.com\\\/wp-content\\\/uploads\\\/suppliers-bg.jpg&quot;,&quot;backgroundSize&quot;:[1920,1080],&quot;backgroundSizing&quot;:&quot;scaled&quot;,&quot;limitMotion&quot;:&quot;auto&quot;}\" data-stretch-type=\"full\" ><div class=\"page-builder-overlay\" style=\"background-color:rgba(16, 54, 122, 0.85);\"><\/div><div id=\"pgc-4070-2-0\"  class=\"panel-grid-cell\" ><div id=\"panel-4070-2-0-0\" class=\"so-panel widget widget_sow-editor panel-first-child panel-last-child\" data-index=\"3\" ><div class=\"panel-widget-style panel-widget-style-for-4070-2-0-0\" ><div\n\t\t\t\n\t\t\tclass=\"so-widget-sow-editor so-widget-sow-editor-base\"\n\t\t\t\n\t\t>\n<div class=\"siteorigin-widget-tinymce textwidget\">\n\t<p class=\"x-large-font\" style=\"text-align: center;\">Interesado en convertirse en un <strong>\u00bfProveedor de soluciones energ\u00e9ticas de EDF?<\/strong><\/p>\n<p style=\"text-align: center;\"><a class=\"button\" href=\"https:\/\/www.edf-re.com\/es\/proveedores\/proveedor-embarque\/\">M\u00e1s informaci\u00f3n<\/a><\/p>\n<\/div>\n<\/div><\/div><\/div><\/div><\/div><\/div><\/div>","protected":false},"excerpt":{"rendered":"<p>En EDF Power Solutions, nos dedicamos a la excelencia operativa y la competitividad en la selecci\u00f3n de nuestros proveedores. Buscamos asociarnos con proveedores que compartan nuestra misi\u00f3n y nuestros valores fundamentales, que cumplan con el C\u00f3digo de Conducta para Proveedores de EDF Power Solutions y que transmitan esas caracter\u00edsticas a lo largo de su cadena de suministro. Proveedores actuales Si su [\u2026]<\/p>","protected":false},"author":1,"featured_media":0,"parent":0,"menu_order":25,"comment_status":"closed","ping_status":"closed","template":"section.php","meta":{"_acf_changed":false,"footnotes":""},"class_list":["post-4070","page","type-page","status-publish","hentry"],"acf":[],"yoast_head":"<!-- This site is optimized with the Yoast SEO plugin v26.8 - https:\/\/yoast.com\/product\/yoast-seo-wordpress\/ -->\n<title>Suppliers - EDF power solutions North America<\/title>\n<meta name=\"robots\" content=\"index, follow, max-snippet:-1, max-image-preview:large, max-video-preview:-1\" \/>\n<link rel=\"canonical\" href=\"https:\/\/www.edf-re.com\/es\/proveedores\/\" \/>\n<meta property=\"og:locale\" content=\"es_MX\" \/>\n<meta property=\"og:type\" content=\"article\" \/>\n<meta property=\"og:title\" content=\"Suppliers - EDF power solutions North America\" \/>\n<meta property=\"og:description\" content=\"At EDF power solutions, we are devoted to operational excellence and competitiveness in the selection of our suppliers. We are looking to partner with suppliers who share our mission and core values and abide by our EDF power solutions\u2019 Supplier Code of Conduct and channel those characteristics throughout your supply chain. Existing Suppliers If your [&hellip;]\" \/>\n<meta property=\"og:url\" content=\"https:\/\/www.edf-re.com\/es\/proveedores\/\" \/>\n<meta property=\"og:site_name\" content=\"EDF power solutions North America\" \/>\n<meta property=\"article:modified_time\" content=\"2026-03-24T21:28:01+00:00\" \/>\n<meta property=\"og:image\" content=\"https:\/\/www.edf-re.com\/wp-content\/uploads\/existing-suppliers.jpg\" \/>\n\t<meta property=\"og:image:width\" content=\"540\" \/>\n\t<meta property=\"og:image:height\" content=\"360\" \/>\n\t<meta property=\"og:image:type\" content=\"image\/jpeg\" \/>\n<meta name=\"twitter:card\" content=\"summary_large_image\" \/>\n<meta name=\"twitter:label1\" content=\"Tiempo de lectura\" \/>\n\t<meta name=\"twitter:data1\" content=\"1 minuto\" \/>\n<script type=\"application\/ld+json\" class=\"yoast-schema-graph\">{\"@context\":\"https:\/\/schema.org\",\"@graph\":[{\"@type\":\"WebPage\",\"@id\":\"https:\/\/www.edf-re.com\/suppliers\/\",\"url\":\"https:\/\/www.edf-re.com\/suppliers\/\",\"name\":\"Suppliers - EDF power solutions North America\",\"isPartOf\":{\"@id\":\"https:\/\/www.edf-re.com\/#website\"},\"primaryImageOfPage\":{\"@id\":\"https:\/\/www.edf-re.com\/suppliers\/#primaryimage\"},\"image\":{\"@id\":\"https:\/\/www.edf-re.com\/suppliers\/#primaryimage\"},\"thumbnailUrl\":\"https:\/\/www.edf-re.com\/wp-content\/uploads\/existing-suppliers.jpg\",\"datePublished\":\"2021-02-17T15:25:40+00:00\",\"dateModified\":\"2026-03-24T21:28:01+00:00\",\"breadcrumb\":{\"@id\":\"https:\/\/www.edf-re.com\/suppliers\/#breadcrumb\"},\"inLanguage\":\"es\",\"potentialAction\":[{\"@type\":\"ReadAction\",\"target\":[\"https:\/\/www.edf-re.com\/suppliers\/\"]}]},{\"@type\":\"ImageObject\",\"inLanguage\":\"es\",\"@id\":\"https:\/\/www.edf-re.com\/suppliers\/#primaryimage\",\"url\":\"https:\/\/www.edf-re.com\/wp-content\/uploads\/existing-suppliers.jpg\",\"contentUrl\":\"https:\/\/www.edf-re.com\/wp-content\/uploads\/existing-suppliers.jpg\"},{\"@type\":\"BreadcrumbList\",\"@id\":\"https:\/\/www.edf-re.com\/suppliers\/#breadcrumb\",\"itemListElement\":[{\"@type\":\"ListItem\",\"position\":1,\"name\":\"Home\",\"item\":\"https:\/\/www.edf-re.com\/\"},{\"@type\":\"ListItem\",\"position\":2,\"name\":\"Suppliers\"}]},{\"@type\":\"WebSite\",\"@id\":\"https:\/\/www.edf-re.com\/#website\",\"url\":\"https:\/\/www.edf-re.com\/\",\"name\":\"EDF power solutions North America\",\"description\":\"\",\"publisher\":{\"@id\":\"https:\/\/www.edf-re.com\/#organization\"},\"potentialAction\":[{\"@type\":\"SearchAction\",\"target\":{\"@type\":\"EntryPoint\",\"urlTemplate\":\"https:\/\/www.edf-re.com\/?s={search_term_string}\"},\"query-input\":{\"@type\":\"PropertyValueSpecification\",\"valueRequired\":true,\"valueName\":\"search_term_string\"}}],\"inLanguage\":\"es\"},{\"@type\":\"Organization\",\"@id\":\"https:\/\/www.edf-re.com\/#organization\",\"name\":\"EDF Renewables North America\",\"url\":\"https:\/\/www.edf-re.com\/\",\"logo\":{\"@type\":\"ImageObject\",\"inLanguage\":\"es\",\"@id\":\"https:\/\/www.edf-re.com\/#\/schema\/logo\/image\/\",\"url\":\"https:\/\/www.edf-re.com\/wp-content\/uploads\/edfr-logo-1.png\",\"contentUrl\":\"https:\/\/www.edf-re.com\/wp-content\/uploads\/edfr-logo-1.png\",\"width\":600,\"height\":291,\"caption\":\"EDF Renewables North America\"},\"image\":{\"@id\":\"https:\/\/www.edf-re.com\/#\/schema\/logo\/image\/\"}}]}<\/script>\n<!-- \/ Yoast SEO plugin. -->","yoast_head_json":{"title":"Proveedores - EDF power solutions North America","robots":{"index":"index","follow":"follow","max-snippet":"max-snippet:-1","max-image-preview":"max-image-preview:large","max-video-preview":"max-video-preview:-1"},"canonical":"https:\/\/www.edf-re.com\/es\/proveedores\/","og_locale":"es_MX","og_type":"article","og_title":"Suppliers - EDF power solutions North America","og_description":"At EDF power solutions, we are devoted to operational excellence and competitiveness in the selection of our suppliers. We are looking to partner with suppliers who share our mission and core values and abide by our EDF power solutions\u2019 Supplier Code of Conduct and channel those characteristics throughout your supply chain. Existing Suppliers If your [&hellip;]","og_url":"https:\/\/www.edf-re.com\/es\/proveedores\/","og_site_name":"EDF power solutions North America","article_modified_time":"2026-03-24T21:28:01+00:00","og_image":[{"width":540,"height":360,"url":"https:\/\/www.edf-re.com\/wp-content\/uploads\/existing-suppliers.jpg","type":"image\/jpeg"}],"twitter_card":"summary_large_image","twitter_misc":{"Tiempo de lectura":"1 minuto"},"schema":{"@context":"https:\/\/schema.org","@graph":[{"@type":"WebPage","@id":"https:\/\/www.edf-re.com\/suppliers\/","url":"https:\/\/www.edf-re.com\/suppliers\/","name":"Proveedores - EDF power solutions North America","isPartOf":{"@id":"https:\/\/www.edf-re.com\/#website"},"primaryImageOfPage":{"@id":"https:\/\/www.edf-re.com\/suppliers\/#primaryimage"},"image":{"@id":"https:\/\/www.edf-re.com\/suppliers\/#primaryimage"},"thumbnailUrl":"https:\/\/www.edf-re.com\/wp-content\/uploads\/existing-suppliers.jpg","datePublished":"2021-02-17T15:25:40+00:00","dateModified":"2026-03-24T21:28:01+00:00","breadcrumb":{"@id":"https:\/\/www.edf-re.com\/suppliers\/#breadcrumb"},"inLanguage":"es","potentialAction":[{"@type":"ReadAction","target":["https:\/\/www.edf-re.com\/suppliers\/"]}]},{"@type":"ImageObject","inLanguage":"es","@id":"https:\/\/www.edf-re.com\/suppliers\/#primaryimage","url":"https:\/\/www.edf-re.com\/wp-content\/uploads\/existing-suppliers.jpg","contentUrl":"https:\/\/www.edf-re.com\/wp-content\/uploads\/existing-suppliers.jpg"},{"@type":"BreadcrumbList","@id":"https:\/\/www.edf-re.com\/suppliers\/#breadcrumb","itemListElement":[{"@type":"ListItem","position":1,"name":"Home","item":"https:\/\/www.edf-re.com\/"},{"@type":"ListItem","position":2,"name":"Suppliers"}]},{"@type":"WebSite","@id":"https:\/\/www.edf-re.com\/#website","url":"https:\/\/www.edf-re.com\/","name":"EDF power solutions Norteam\u00e9rica","description":"","publisher":{"@id":"https:\/\/www.edf-re.com\/#organization"},"potentialAction":[{"@type":"SearchAction","target":{"@type":"EntryPoint","urlTemplate":"https:\/\/www.edf-re.com\/?s={search_term_string}"},"query-input":{"@type":"PropertyValueSpecification","valueRequired":true,"valueName":"search_term_string"}}],"inLanguage":"es"},{"@type":"Organization","@id":"https:\/\/www.edf-re.com\/#organization","name":"EDF Renewables Norteam\u00e9rica","url":"https:\/\/www.edf-re.com\/","logo":{"@type":"ImageObject","inLanguage":"es","@id":"https:\/\/www.edf-re.com\/#\/schema\/logo\/image\/","url":"https:\/\/www.edf-re.com\/wp-content\/uploads\/edfr-logo-1.png","contentUrl":"https:\/\/www.edf-re.com\/wp-content\/uploads\/edfr-logo-1.png","width":600,"height":291,"caption":"EDF Renewables North America"},"image":{"@id":"https:\/\/www.edf-re.com\/#\/schema\/logo\/image\/"}}]}},"_links":{"self":[{"href":"https:\/\/www.edf-re.com\/es\/wp-json\/wp\/v2\/pages\/4070","targetHints":{"allow":["GET"]}}],"collection":[{"href":"https:\/\/www.edf-re.com\/es\/wp-json\/wp\/v2\/pages"}],"about":[{"href":"https:\/\/www.edf-re.com\/es\/wp-json\/wp\/v2\/types\/page"}],"author":[{"embeddable":true,"href":"https:\/\/www.edf-re.com\/es\/wp-json\/wp\/v2\/users\/1"}],"replies":[{"embeddable":true,"href":"https:\/\/www.edf-re.com\/es\/wp-json\/wp\/v2\/comments?post=4070"}],"version-history":[{"count":7,"href":"https:\/\/www.edf-re.com\/es\/wp-json\/wp\/v2\/pages\/4070\/revisions"}],"predecessor-version":[{"id":11268,"href":"https:\/\/www.edf-re.com\/es\/wp-json\/wp\/v2\/pages\/4070\/revisions\/11268"}],"wp:attachment":[{"href":"https:\/\/www.edf-re.com\/es\/wp-json\/wp\/v2\/media?parent=4070"}],"curies":[{"name":"wp","href":"https:\/\/api.w.org\/{rel}","templated":true}]}}