{"id":4256,"date":"2021-02-19T15:25:41","date_gmt":"2021-02-19T20:25:41","guid":{"rendered":"https:\/\/www.edf-re.com\/?page_id=4256"},"modified":"2025-05-08T07:35:02","modified_gmt":"2025-05-08T14:35:02","slug":"manual-de-etica-de-la-sostenibilidad","status":"publish","type":"page","link":"https:\/\/www.edf-re.com\/es\/proveedores\/manual-de-etica-de-la-sostenibilidad\/","title":{"rendered":"Requisitos de \u00e9tica y sostenibilidad"},"content":{"rendered":"<div id=\"pl-4256\"  class=\"panel-layout\" ><div id=\"pg-4256-0\"  class=\"panel-grid panel-no-style\" ><div id=\"pgc-4256-0-0\"  class=\"panel-grid-cell\" ><div id=\"panel-4256-0-0-0\" class=\"so-panel widget widget_sow-editor panel-first-child panel-last-child\" data-index=\"0\" ><div\n\t\t\t\n\t\t\tclass=\"so-widget-sow-editor so-widget-sow-editor-base\"\n\t\t\t\n\t\t>\n<div class=\"siteorigin-widget-tinymce textwidget\">\n\t<p>EDF Power Solutions exige a sus socios en la cadena de suministro que act\u00faen de forma que demuestren el mismo compromiso con las pr\u00e1cticas empresariales sostenibles, responsables y \u00e9ticas que exigimos a nuestros propios empleados.<\/p>\n<p>Nuestro <em>Manual de requisitos de sostenibilidad y \u00e9tica para proveedores<\/em> establecen las expectativas de EDF power solutions en el desarrollo de su actividad. Puede obtenerse orientaci\u00f3n adicional a trav\u00e9s de los enlaces <em>C\u00f3digo de conducta del Grupo EDF<\/em>El <em>Gu\u00eda pr\u00e1ctica para proveedores del Pacto Mundial de las Naciones Unidas,<\/em> y el <em>Gu\u00eda del proveedor para la diversidad y la inclusi\u00f3n.<\/em> Aunque estas expectativas no sustituyen a las condiciones comerciales establecidas en cualquier contrato, acuerdo u orden de compra, el cumplimiento de estas expectativas es un factor decisivo cuando EDF power solutions selecciona socios para el suministro de bienes y servicios necesarios para llevar a cabo nuestra actividad.<\/p>\n<p>Adem\u00e1s, los requisitos de sostenibilidad y \u00e9tica descritos en estos documentos se aplican a todos los proveedores, contratistas y subcontratistas que reciban \u00f3rdenes de compra, contratos o solicitudes de ofertas de EDF power solutions en relaci\u00f3n con el suministro de trabajo, materiales, bienes y servicios.<\/p>\n<p>EDF power solutions se compromete a llevar a cabo sus actividades con los m\u00e1s altos niveles de \u00e9tica. Si tiene alguna duda a este respecto, le animamos a tratar el asunto con el responsable asignado a su proyecto. En situaciones en las que prefiera realizar una denuncia an\u00f3nima de forma confidencial, puede utilizar nuestra l\u00ednea directa de denuncias \u00e9ticas, alojada por un proveedor externo, EthicsPoint, disponible en <a href=\"https:\/\/secure.ethicspoint.com\/domain\/media\/en\/gui\/89677\/index.html\">edfr.ethicspoint.com<\/a> o al 844.602.6318.<\/p>\n<\/div>\n<\/div><\/div><\/div><\/div><div id=\"pg-4256-1\"  class=\"panel-grid panel-no-style\" ><div id=\"pgc-4256-1-0\"  class=\"panel-grid-cell\" ><div id=\"panel-4256-1-0-0\" class=\"so-panel widget widget_flipbook flipbook-widget panel-first-child panel-last-child\" data-index=\"1\" ><div\n\t\t\t\n\t\t\tclass=\"so-widget-flipbook so-widget-flipbook-default-d75171398898-4256\"\n\t\t\t\n\t\t>\t<div class=\"heading\">\n\t\tManual de sostenibilidad y \u00e9tica \t<\/div><!-- .heading -->\n\t\t\t<div class=\"flipbook\">\n\t\t\t<a href=\"https:\/\/www.edf-re.com\/flipbook\/6828\" target=\"_blank\">\n\t\t\t\t<img decoding=\"async\" src=\"https:\/\/www.edf-re.com\/wp-content\/uploads\/Sustainability-Ethics-Supplier-Manual-SP-1.jpg\">\n\n\t\t\t\t<div class=\"overlay\">\n\t\t\t\t\t<i class=\"fa-regular fa-external-link\"><\/i>\n\t\t\t\t<\/div><!-- .overlay -->\n\t\t\t<\/a>\n\t\t<\/div><!-- .flipbook -->\n\t\t<\/div><\/div><\/div><div id=\"pgc-4256-1-1\"  class=\"panel-grid-cell\" ><div id=\"panel-4256-1-1-0\" class=\"so-panel widget widget_flipbook flipbook-widget panel-first-child\" data-index=\"2\" ><div\n\t\t\t\n\t\t\tclass=\"so-widget-flipbook so-widget-flipbook-default-d75171398898-4256\"\n\t\t\t\n\t\t>\t<div class=\"heading\">\n\t\tGu\u00eda de Diversidad e Inclusi\u00f3n\t<\/div><!-- .heading -->\n\t\t\t<div class=\"flipbook\">\n\t\t\t<a href=\"https:\/\/www.edf-re.com\/flipbook\/4458\" target=\"_blank\">\n\t\t\t\t<img decoding=\"async\" src=\"https:\/\/www.edf-re.com\/wp-content\/uploads\/SuppliersGuideDEI.png\">\n\n\t\t\t\t<div class=\"overlay\">\n\t\t\t\t\t<i class=\"fa-regular fa-external-link\"><\/i>\n\t\t\t\t<\/div><!-- .overlay -->\n\t\t\t<\/a>\n\t\t<\/div><!-- .flipbook -->\n\t\t<\/div><\/div><div id=\"panel-4256-1-1-1\" class=\"so-panel widget widget_translated-flipbook translated-flipbook-widget panel-last-child\" data-index=\"3\" ><div\n\t\t\t\n\t\t\tclass=\"so-widget-translated-flipbook so-widget-translated-flipbook-default-d75171398898-4256\"\n\t\t\t\n\t\t>\t<div class=\"heading\">\n\t\tCompromiso de diversidad de los proveedores\t<\/div><!-- .heading -->\n\t\t\t<label>Seleccione el idioma:<\/label>\n\t\t<br>\n\t\t<select>\n\t\t\t\t\t\t\t<option value=\"\/flipbook\/10059\">Ingl\u00e9s<\/option>\n\t\t\t\t\t\t\t\t<option value=\"\/flipbook\/10315\">Franc\u00e9s<\/option>\n\t\t\t\t\t\t<\/select>\n\t\t\t<div class=\"flipbook\">\n\t\t<a href=\"#\" target=\"_blank\">\n\t\t\t<img decoding=\"async\" src=\"https:\/\/www.edf-re.com\/wp-content\/uploads\/Supplier-Diversity-Commitment.jpg\">\n\n\t\t\t<div class=\"overlay\">\n\t\t\t\t<i class=\"fa-regular fa-external-link\"><\/i>\n\t\t\t<\/div><!-- .overlay -->\n\t\t<\/a>\n\t<\/div><!-- .flipbook -->\n\t<\/div><\/div><\/div><div id=\"pgc-4256-1-2\"  class=\"panel-grid-cell\" ><div id=\"panel-4256-1-2-0\" class=\"so-panel widget widget_flipbook flipbook-widget panel-first-child panel-last-child\" data-index=\"4\" ><div\n\t\t\t\n\t\t\tclass=\"so-widget-flipbook so-widget-flipbook-default-d75171398898-4256\"\n\t\t\t\n\t\t>\t<div class=\"heading\">\n\t\tGu\u00eda de proveedores del Pacto Mundial de la ONU\t<\/div><!-- .heading -->\n\t\t\t<div class=\"flipbook\">\n\t\t\t<a href=\"https:\/\/www.edf-re.com\/flipbook\/6770\" target=\"_blank\">\n\t\t\t\t<img decoding=\"async\" src=\"https:\/\/www.edf-re.com\/wp-content\/uploads\/Sustainability-UN-Global-Compact-Guide-Supplier-Guide-Jan2021-1.jpg\">\n\n\t\t\t\t<div class=\"overlay\">\n\t\t\t\t\t<i class=\"fa-regular fa-external-link\"><\/i>\n\t\t\t\t<\/div><!-- .overlay -->\n\t\t\t<\/a>\n\t\t<\/div><!-- .flipbook -->\n\t\t<\/div><\/div><\/div><div id=\"pgc-4256-1-3\"  class=\"panel-grid-cell\" ><div id=\"panel-4256-1-3-0\" class=\"so-panel widget widget_siteorigin-panels-builder panel-first-child panel-last-child\" data-index=\"5\" ><div id=\"pl-w674f29b80e74d\"  class=\"panel-layout\" ><div id=\"pg-w674f29b80e74d-0\"  class=\"panel-grid panel-no-style\" ><div id=\"pgc-w674f29b80e74d-0-0\"  class=\"panel-grid-cell\" ><div id=\"panel-w674f29b80e74d-0-0-0\" class=\"so-panel widget widget_flipbook flipbook-widget panel-first-child panel-last-child\" data-index=\"0\" ><div\n\t\t\t\n\t\t\tclass=\"so-widget-flipbook so-widget-flipbook-default-d75171398898\"\n\t\t\t\n\t\t>\t<div class=\"heading\">\n\t\tC\u00f3digo de conducta del Grupo EDF\t<\/div><!-- .heading -->\n\t\t\t<div class=\"flipbook\">\n\t\t\t<a href=\"https:\/\/www.edf-re.com\/flipbook\/8189\" target=\"_blank\">\n\t\t\t\t<img decoding=\"async\" src=\"https:\/\/www.edf-re.com\/wp-content\/uploads\/spanish-code.png\">\n\n\t\t\t\t<div class=\"overlay\">\n\t\t\t\t\t<i class=\"fa-regular fa-external-link\"><\/i>\n\t\t\t\t<\/div><!-- .overlay -->\n\t\t\t<\/a>\n\t\t<\/div><!-- .flipbook -->\n\t\t<\/div><\/div><\/div><\/div><\/div><\/div><\/div><\/div><\/div>","protected":false},"excerpt":{"rendered":"<p>EDF power solutions exige a nuestros socios de la cadena de suministro que act\u00faen de forma que demuestren el mismo compromiso con las pr\u00e1cticas empresariales sostenibles, responsables y \u00e9ticas que exigimos a nuestros propios empleados. Nuestro Manual de Requisitos de Sostenibilidad y \u00c9tica para Proveedores establece las expectativas de EDF power solutions en la realizaci\u00f3n de negocios. Se dispone de orientaci\u00f3n adicional a trav\u00e9s de enlaces a [...]<\/p>","protected":false},"author":1,"featured_media":0,"parent":4070,"menu_order":18,"comment_status":"closed","ping_status":"closed","template":"","meta":{"_acf_changed":false,"footnotes":""},"class_list":["post-4256","page","type-page","status-publish","hentry"],"acf":[],"yoast_head":"<!-- This site is optimized with the Yoast SEO plugin v26.8 - https:\/\/yoast.com\/product\/yoast-seo-wordpress\/ -->\n<title>Ethics and Sustainability Requirements - EDF power solutions North America<\/title>\n<meta name=\"robots\" content=\"index, follow, max-snippet:-1, max-image-preview:large, max-video-preview:-1\" \/>\n<link rel=\"canonical\" href=\"https:\/\/www.edf-re.com\/es\/proveedores\/manual-de-etica-de-la-sostenibilidad\/\" \/>\n<meta property=\"og:locale\" content=\"es_MX\" \/>\n<meta property=\"og:type\" content=\"article\" \/>\n<meta property=\"og:title\" content=\"Ethics and Sustainability Requirements - EDF power solutions North America\" \/>\n<meta property=\"og:description\" content=\"EDF power solutions requires our supply chain partners to operate in a manner that demonstrates the same commitment to sustainable, responsible, and ethical business practices that we require of our own employees. Our Sustainability &amp; Ethics Suppliers Requirements Manual set out EDF power solutions\u2019 expectations in conducting business. Additional guidance is available through links to [&hellip;]\" \/>\n<meta property=\"og:url\" content=\"https:\/\/www.edf-re.com\/es\/proveedores\/manual-de-etica-de-la-sostenibilidad\/\" \/>\n<meta property=\"og:site_name\" content=\"EDF power solutions North America\" \/>\n<meta property=\"article:modified_time\" content=\"2025-05-08T14:35:02+00:00\" \/>\n<meta property=\"og:image\" content=\"https:\/\/www.edf-re.com\/wp-content\/uploads\/logo_edf_power_solutions_RGB-no-buffer-zone.png\" \/>\n\t<meta property=\"og:image:width\" content=\"2000\" \/>\n\t<meta property=\"og:image:height\" content=\"702\" \/>\n\t<meta property=\"og:image:type\" content=\"image\/png\" \/>\n<meta name=\"twitter:card\" content=\"summary_large_image\" \/>\n<meta name=\"twitter:label1\" content=\"Tiempo de lectura\" \/>\n\t<meta name=\"twitter:data1\" content=\"3 minutos\" \/>\n<script type=\"application\/ld+json\" class=\"yoast-schema-graph\">{\"@context\":\"https:\/\/schema.org\",\"@graph\":[{\"@type\":\"WebPage\",\"@id\":\"https:\/\/www.edf-re.com\/suppliers\/sustainability-ethics-manual\/\",\"url\":\"https:\/\/www.edf-re.com\/suppliers\/sustainability-ethics-manual\/\",\"name\":\"Ethics and Sustainability Requirements - EDF power solutions North America\",\"isPartOf\":{\"@id\":\"https:\/\/www.edf-re.com\/#website\"},\"datePublished\":\"2021-02-19T20:25:41+00:00\",\"dateModified\":\"2025-05-08T14:35:02+00:00\",\"breadcrumb\":{\"@id\":\"https:\/\/www.edf-re.com\/suppliers\/sustainability-ethics-manual\/#breadcrumb\"},\"inLanguage\":\"es\",\"potentialAction\":[{\"@type\":\"ReadAction\",\"target\":[\"https:\/\/www.edf-re.com\/suppliers\/sustainability-ethics-manual\/\"]}]},{\"@type\":\"BreadcrumbList\",\"@id\":\"https:\/\/www.edf-re.com\/suppliers\/sustainability-ethics-manual\/#breadcrumb\",\"itemListElement\":[{\"@type\":\"ListItem\",\"position\":1,\"name\":\"Home\",\"item\":\"https:\/\/www.edf-re.com\/\"},{\"@type\":\"ListItem\",\"position\":2,\"name\":\"Suppliers\",\"item\":\"https:\/\/www.edf-re.com\/suppliers\/\"},{\"@type\":\"ListItem\",\"position\":3,\"name\":\"Ethics and Sustainability Requirements\"}]},{\"@type\":\"WebSite\",\"@id\":\"https:\/\/www.edf-re.com\/#website\",\"url\":\"https:\/\/www.edf-re.com\/\",\"name\":\"EDF power solutions North America\",\"description\":\"\",\"publisher\":{\"@id\":\"https:\/\/www.edf-re.com\/#organization\"},\"potentialAction\":[{\"@type\":\"SearchAction\",\"target\":{\"@type\":\"EntryPoint\",\"urlTemplate\":\"https:\/\/www.edf-re.com\/?s={search_term_string}\"},\"query-input\":{\"@type\":\"PropertyValueSpecification\",\"valueRequired\":true,\"valueName\":\"search_term_string\"}}],\"inLanguage\":\"es\"},{\"@type\":\"Organization\",\"@id\":\"https:\/\/www.edf-re.com\/#organization\",\"name\":\"EDF Renewables North America\",\"url\":\"https:\/\/www.edf-re.com\/\",\"logo\":{\"@type\":\"ImageObject\",\"inLanguage\":\"es\",\"@id\":\"https:\/\/www.edf-re.com\/#\/schema\/logo\/image\/\",\"url\":\"https:\/\/www.edf-re.com\/wp-content\/uploads\/edfr-logo-1.png\",\"contentUrl\":\"https:\/\/www.edf-re.com\/wp-content\/uploads\/edfr-logo-1.png\",\"width\":600,\"height\":291,\"caption\":\"EDF Renewables North America\"},\"image\":{\"@id\":\"https:\/\/www.edf-re.com\/#\/schema\/logo\/image\/\"}}]}<\/script>\n<!-- \/ Yoast SEO plugin. -->","yoast_head_json":{"title":"Requisitos de \u00e9tica y sostenibilidad - EDF power solutions North America","robots":{"index":"index","follow":"follow","max-snippet":"max-snippet:-1","max-image-preview":"max-image-preview:large","max-video-preview":"max-video-preview:-1"},"canonical":"https:\/\/www.edf-re.com\/es\/proveedores\/manual-de-etica-de-la-sostenibilidad\/","og_locale":"es_MX","og_type":"article","og_title":"Ethics and Sustainability Requirements - EDF power solutions North America","og_description":"EDF power solutions requires our supply chain partners to operate in a manner that demonstrates the same commitment to sustainable, responsible, and ethical business practices that we require of our own employees. Our Sustainability &amp; Ethics Suppliers Requirements Manual set out EDF power solutions\u2019 expectations in conducting business. Additional guidance is available through links to [&hellip;]","og_url":"https:\/\/www.edf-re.com\/es\/proveedores\/manual-de-etica-de-la-sostenibilidad\/","og_site_name":"EDF power solutions North America","article_modified_time":"2025-05-08T14:35:02+00:00","og_image":[{"width":2000,"height":702,"url":"https:\/\/www.edf-re.com\/wp-content\/uploads\/logo_edf_power_solutions_RGB-no-buffer-zone.png","type":"image\/png"}],"twitter_card":"summary_large_image","twitter_misc":{"Tiempo de lectura":"3 minutos"},"schema":{"@context":"https:\/\/schema.org","@graph":[{"@type":"WebPage","@id":"https:\/\/www.edf-re.com\/suppliers\/sustainability-ethics-manual\/","url":"https:\/\/www.edf-re.com\/suppliers\/sustainability-ethics-manual\/","name":"Requisitos de \u00e9tica y sostenibilidad - EDF power solutions North America","isPartOf":{"@id":"https:\/\/www.edf-re.com\/#website"},"datePublished":"2021-02-19T20:25:41+00:00","dateModified":"2025-05-08T14:35:02+00:00","breadcrumb":{"@id":"https:\/\/www.edf-re.com\/suppliers\/sustainability-ethics-manual\/#breadcrumb"},"inLanguage":"es","potentialAction":[{"@type":"ReadAction","target":["https:\/\/www.edf-re.com\/suppliers\/sustainability-ethics-manual\/"]}]},{"@type":"BreadcrumbList","@id":"https:\/\/www.edf-re.com\/suppliers\/sustainability-ethics-manual\/#breadcrumb","itemListElement":[{"@type":"ListItem","position":1,"name":"Home","item":"https:\/\/www.edf-re.com\/"},{"@type":"ListItem","position":2,"name":"Suppliers","item":"https:\/\/www.edf-re.com\/suppliers\/"},{"@type":"ListItem","position":3,"name":"Ethics and Sustainability Requirements"}]},{"@type":"WebSite","@id":"https:\/\/www.edf-re.com\/#website","url":"https:\/\/www.edf-re.com\/","name":"EDF power solutions Norteam\u00e9rica","description":"","publisher":{"@id":"https:\/\/www.edf-re.com\/#organization"},"potentialAction":[{"@type":"SearchAction","target":{"@type":"EntryPoint","urlTemplate":"https:\/\/www.edf-re.com\/?s={search_term_string}"},"query-input":{"@type":"PropertyValueSpecification","valueRequired":true,"valueName":"search_term_string"}}],"inLanguage":"es"},{"@type":"Organization","@id":"https:\/\/www.edf-re.com\/#organization","name":"EDF Renewables Norteam\u00e9rica","url":"https:\/\/www.edf-re.com\/","logo":{"@type":"ImageObject","inLanguage":"es","@id":"https:\/\/www.edf-re.com\/#\/schema\/logo\/image\/","url":"https:\/\/www.edf-re.com\/wp-content\/uploads\/edfr-logo-1.png","contentUrl":"https:\/\/www.edf-re.com\/wp-content\/uploads\/edfr-logo-1.png","width":600,"height":291,"caption":"EDF Renewables North America"},"image":{"@id":"https:\/\/www.edf-re.com\/#\/schema\/logo\/image\/"}}]}},"_links":{"self":[{"href":"https:\/\/www.edf-re.com\/es\/wp-json\/wp\/v2\/pages\/4256","targetHints":{"allow":["GET"]}}],"collection":[{"href":"https:\/\/www.edf-re.com\/es\/wp-json\/wp\/v2\/pages"}],"about":[{"href":"https:\/\/www.edf-re.com\/es\/wp-json\/wp\/v2\/types\/page"}],"author":[{"embeddable":true,"href":"https:\/\/www.edf-re.com\/es\/wp-json\/wp\/v2\/users\/1"}],"replies":[{"embeddable":true,"href":"https:\/\/www.edf-re.com\/es\/wp-json\/wp\/v2\/comments?post=4256"}],"version-history":[{"count":9,"href":"https:\/\/www.edf-re.com\/es\/wp-json\/wp\/v2\/pages\/4256\/revisions"}],"predecessor-version":[{"id":10666,"href":"https:\/\/www.edf-re.com\/es\/wp-json\/wp\/v2\/pages\/4256\/revisions\/10666"}],"up":[{"embeddable":true,"href":"https:\/\/www.edf-re.com\/es\/wp-json\/wp\/v2\/pages\/4070"}],"wp:attachment":[{"href":"https:\/\/www.edf-re.com\/es\/wp-json\/wp\/v2\/media?parent=4256"}],"curies":[{"name":"wp","href":"https:\/\/api.w.org\/{rel}","templated":true}]}}