{"id":6291,"date":"2021-10-07T11:58:56","date_gmt":"2021-10-07T15:58:56","guid":{"rendered":"https:\/\/www.edf-re.com\/?page_id=6291"},"modified":"2026-03-11T14:42:20","modified_gmt":"2026-03-11T21:42:20","slug":"potencia-a-escala-de-red","status":"publish","type":"page","link":"https:\/\/www.edf-re.com\/es\/lo-que-hacemos\/potencia-a-escala-de-red\/","title":{"rendered":"Energ\u00eda a escala de la red"},"content":{"rendered":"<div id=\"pl-6291\"  class=\"panel-layout\" ><div id=\"pg-6291-0\"  class=\"panel-grid panel-no-style\" ><div id=\"pgc-6291-0-0\"  class=\"panel-grid-cell\" ><div id=\"panel-6291-0-0-0\" class=\"so-panel widget widget_sow-editor panel-first-child panel-last-child\" data-index=\"0\" ><div class=\"panel-widget-style panel-widget-style-for-6291-0-0-0\" ><div\n\t\t\t\n\t\t\tclass=\"so-widget-sow-editor so-widget-sow-editor-base\"\n\t\t\t\n\t\t>\n<div class=\"siteorigin-widget-tinymce textwidget\">\n\t<p class=\"x-large-font\" style=\"text-align: center;\"><span style=\"color: #09357a;\">Resolver los retos energ\u00e9ticos<\/span><\/p>\n<p style=\"text-align: center;\">El equipo de EDF Power Solutions North America Grid-Scale Power ofrece servicios de originaci\u00f3n, desarrollo y construcci\u00f3n para grandes proyectos comerciales de energ\u00eda e\u00f3lica (terrestre y marina), energ\u00eda solar fotovoltaica, almacenamiento (bater\u00edas y energ\u00eda hidroel\u00e9ctrica de bombeo), hidr\u00f3geno verde y transmisi\u00f3n. Nuestro equipo de l\u00edderes puede resolver los retos energ\u00e9ticos a los que se enfrentan las empresas y las comunidades, independientemente de su tama\u00f1o o complejidad, ya que ha desarrollado m\u00e1s de 23 GW de proyectos e\u00f3licos, solares y de almacenamiento con algunas de las principales empresas y compa\u00f1\u00edas el\u00e9ctricas del mundo.<\/p>\n<\/div>\n<\/div><\/div><\/div><\/div><\/div><div id=\"pg-6291-1\"  class=\"panel-grid panel-no-style\" ><div id=\"pgc-6291-1-0\"  class=\"panel-grid-cell\" ><div id=\"panel-6291-1-0-0\" class=\"so-panel widget widget_separator separator-widget panel-first-child panel-last-child\" data-index=\"1\" ><div\n\t\t\t\n\t\t\tclass=\"so-widget-separator so-widget-separator-default-d75171398898-6291\"\n\t\t\t\n\t\t>\t\t<div class=\"animate__animated animate__bounce animate__infinite animate__slow\">\n\t\t\t<i class=\"fa-light fa-chevron-down\" style=\"font-size:60px;color:#efefef;\"><\/i>\n\t\t\t<\/div>\n\t\t<\/div><\/div><\/div><\/div><div id=\"pg-6291-2\"  class=\"panel-grid panel-no-style\" ><div id=\"pgc-6291-2-0\"  class=\"panel-grid-cell\" ><div id=\"panel-6291-2-0-0\" class=\"so-panel widget widget_sections sections-widget panel-first-child panel-last-child\" data-index=\"2\" ><div\n\t\t\t\n\t\t\tclass=\"so-widget-sections so-widget-sections-default-d75171398898-6291\"\n\t\t\t\n\t\t>\t<div class=\"sections\">\n\t\t\t\t\t<div class=\"section link\">\n\t\t\t\t\t\t\t\t\t<a href=\"https:\/\/www.edf-re.com\/es\/lo-que-hacemos\/viento-en-tierra\/\">\n\t\t\t\t\t\t<img decoding=\"async\" src=\"https:\/\/www.edf-re.com\/wp-content\/uploads\/grid-scale-onshore-section.jpg\">\n\t\t\t\t\t\t<div class=\"icon\"><\/div>\n\t\t\t\t\t\t<div class=\"overlay\"><\/div>\n\t\t\t\t\t<\/a>\n\t\t\t\t\t\t\t\t\t\t<div class=\"title\">\n\t\t\t\t\t\tEnerg\u00eda e\u00f3lica terrestre\t\t\t\t\t<\/div><!-- .title -->\n\t\t\t\t\t\t\t\t\t\t<div class=\"description\">\n\t\t\t\t\t\tLa energ\u00eda e\u00f3lica es un recurso ilimitado, no contaminante, que pr\u00e1cticamente no consume agua, y la energ\u00eda que genera es a\u00fan m\u00e1s asequible que nunca, con una reducci\u00f3n del coste de 47%+ en los \u00faltimos 10 a\u00f1os.\t\t\t\t\t<\/div><!-- .description -->\n\t\t\t\t\t\t\t\t<\/div><!-- .section -->\n\t\t\t\t\t\t<div class=\"section link\">\n\t\t\t\t\t\t\t\t\t<a href=\"https:\/\/www.edf-re.com\/es\/lo-que-hacemos\/viento-en-alta-mar\/\">\n\t\t\t\t\t\t<img decoding=\"async\" src=\"https:\/\/www.edf-re.com\/wp-content\/uploads\/grid-scale-offshore-section.jpg\">\n\t\t\t\t\t\t<div class=\"icon\"><\/div>\n\t\t\t\t\t\t<div class=\"overlay\"><\/div>\n\t\t\t\t\t<\/a>\n\t\t\t\t\t\t\t\t\t\t<div class=\"title\">\n\t\t\t\t\t\tEnerg\u00eda e\u00f3lica marina\t\t\t\t\t<\/div><!-- .title -->\n\t\t\t\t\t\t\t\t\t\t<div class=\"description\">\n\t\t\t\t\t\tLa energ\u00eda e\u00f3lica marina es un vasto recurso energ\u00e9tico en Estados Unidos, con un potencial t\u00e9cnico de m\u00e1s de 2.000 GW, es decir, casi el doble del uso actual de electricidad del pa\u00eds.\t\t\t\t\t<\/div><!-- .description -->\n\t\t\t\t\t\t\t\t<\/div><!-- .section -->\n\t\t\t\t\t\t<div class=\"section link\">\n\t\t\t\t\t\t\t\t\t<a href=\"https:\/\/www.edf-re.com\/es\/lo-que-hacemos\/solar\/\">\n\t\t\t\t\t\t<img decoding=\"async\" src=\"https:\/\/www.edf-re.com\/wp-content\/uploads\/grid-scale-solar-section.jpg\">\n\t\t\t\t\t\t<div class=\"icon\"><\/div>\n\t\t\t\t\t\t<div class=\"overlay\"><\/div>\n\t\t\t\t\t<\/a>\n\t\t\t\t\t\t\t\t\t\t<div class=\"title\">\n\t\t\t\t\t\tFotovoltaico\t\t\t\t\t<\/div><!-- .title -->\n\t\t\t\t\t\t\t\t\t\t<div class=\"description\">\n\t\t\t\t\t\tLa energ\u00eda solar es un recurso sostenible e indefinidamente renovable para el consumo energ\u00e9tico, que experimenta un crecimiento continuo a medida que el coste de instalaci\u00f3n de la energ\u00eda solar ha descendido 52% en los \u00faltimos 10 a\u00f1os.\t\t\t\t\t<\/div><!-- .description -->\n\t\t\t\t\t\t\t\t<\/div><!-- .section -->\n\t\t\t\t\t\t<div class=\"section link\">\n\t\t\t\t\t\t\t\t\t<a href=\"https:\/\/www.edf-re.com\/es\/lo-que-hacemos\/almacenamiento\/\">\n\t\t\t\t\t\t<img decoding=\"async\" src=\"https:\/\/www.edf-re.com\/wp-content\/uploads\/grid-scale-storage-section.jpg\">\n\t\t\t\t\t\t<div class=\"icon\"><\/div>\n\t\t\t\t\t\t<div class=\"overlay\"><\/div>\n\t\t\t\t\t<\/a>\n\t\t\t\t\t\t\t\t\t\t<div class=\"title\">\n\t\t\t\t\t\tAlmacenamiento\t\t\t\t\t<\/div><!-- .title -->\n\t\t\t\t\t\t\t\t\t\t<div class=\"description\">\n\t\t\t\t\t\tLos sistemas de almacenamiento ayudan a los gestores de energ\u00eda e instalaciones a prever, gestionar y reducir los costes energ\u00e9ticos operativos y a protegerse contra el aumento de los costes hasta 5-10% anuales\t\t\t\t\t<\/div><!-- .description -->\n\t\t\t\t\t\t\t\t<\/div><!-- .section -->\n\t\t\t\t<\/div><!-- .sections -->\n\t<\/div><\/div><\/div><\/div><\/div>","protected":false},"excerpt":{"rendered":"<p>El equipo de EDF Power Solutions North America Grid-Scale Power ofrece servicios de originaci\u00f3n, desarrollo y construcci\u00f3n para grandes proyectos comerciales de energ\u00eda e\u00f3lica (terrestre y marina), energ\u00eda solar fotovoltaica, almacenamiento (bater\u00edas y almacenamiento hidroel\u00e9ctrico por bombeo), hidr\u00f3geno verde y transmisi\u00f3n. Nuestro equipo de l\u00edderes puede resolver los retos energ\u00e9ticos a los que se enfrentan empresas y comunidades sin importar el tama\u00f1o o [...]<\/p>","protected":false},"author":1,"featured_media":0,"parent":526,"menu_order":21,"comment_status":"closed","ping_status":"closed","template":"","meta":{"_acf_changed":false,"footnotes":""},"class_list":["post-6291","page","type-page","status-publish","hentry"],"acf":[],"yoast_head":"<!-- This site is optimized with the Yoast SEO plugin v26.8 - https:\/\/yoast.com\/product\/yoast-seo-wordpress\/ -->\n<title>Grid-Scale Power - EDF power solutions North America<\/title>\n<meta name=\"robots\" content=\"index, follow, max-snippet:-1, max-image-preview:large, max-video-preview:-1\" \/>\n<link rel=\"canonical\" href=\"https:\/\/www.edf-re.com\/es\/lo-que-hacemos\/potencia-a-escala-de-red\/\" \/>\n<meta property=\"og:locale\" content=\"es_MX\" \/>\n<meta property=\"og:type\" content=\"article\" \/>\n<meta property=\"og:title\" content=\"Grid-Scale Power - EDF power solutions North America\" \/>\n<meta property=\"og:description\" content=\"Solving Energy Challenges The EDF power solutions North America Grid-Scale Power team provides origination, development, and construction services for large commercial wind (onshore and offshore), solar PV, storage (battery and pumped storage hydropower), green hydrogen, and transmission projects. Our team of leaders can solve energy challenges facing businesses and communities no matter the size or [&hellip;]\" \/>\n<meta property=\"og:url\" content=\"https:\/\/www.edf-re.com\/es\/lo-que-hacemos\/potencia-a-escala-de-red\/\" \/>\n<meta property=\"og:site_name\" content=\"EDF power solutions North America\" \/>\n<meta property=\"article:modified_time\" content=\"2026-03-11T21:42:20+00:00\" \/>\n<meta property=\"og:image\" content=\"https:\/\/www.edf-re.com\/wp-content\/uploads\/logo_edf_power_solutions_RGB-no-buffer-zone.png\" \/>\n\t<meta property=\"og:image:width\" content=\"2000\" \/>\n\t<meta property=\"og:image:height\" content=\"702\" \/>\n\t<meta property=\"og:image:type\" content=\"image\/png\" \/>\n<meta name=\"twitter:card\" content=\"summary_large_image\" \/>\n<meta name=\"twitter:label1\" content=\"Tiempo de lectura\" \/>\n\t<meta name=\"twitter:data1\" content=\"2 minutos\" \/>\n<script type=\"application\/ld+json\" class=\"yoast-schema-graph\">{\"@context\":\"https:\/\/schema.org\",\"@graph\":[{\"@type\":\"WebPage\",\"@id\":\"https:\/\/www.edf-re.com\/what-we-do\/grid-scale-power\/\",\"url\":\"https:\/\/www.edf-re.com\/what-we-do\/grid-scale-power\/\",\"name\":\"Grid-Scale Power - EDF power solutions North America\",\"isPartOf\":{\"@id\":\"https:\/\/www.edf-re.com\/#website\"},\"datePublished\":\"2021-10-07T15:58:56+00:00\",\"dateModified\":\"2026-03-11T21:42:20+00:00\",\"breadcrumb\":{\"@id\":\"https:\/\/www.edf-re.com\/what-we-do\/grid-scale-power\/#breadcrumb\"},\"inLanguage\":\"es\",\"potentialAction\":[{\"@type\":\"ReadAction\",\"target\":[\"https:\/\/www.edf-re.com\/what-we-do\/grid-scale-power\/\"]}]},{\"@type\":\"BreadcrumbList\",\"@id\":\"https:\/\/www.edf-re.com\/what-we-do\/grid-scale-power\/#breadcrumb\",\"itemListElement\":[{\"@type\":\"ListItem\",\"position\":1,\"name\":\"Home\",\"item\":\"https:\/\/www.edf-re.com\/\"},{\"@type\":\"ListItem\",\"position\":2,\"name\":\"What We Do\",\"item\":\"https:\/\/www.edf-re.com\/what-we-do\/\"},{\"@type\":\"ListItem\",\"position\":3,\"name\":\"Grid-Scale Power\"}]},{\"@type\":\"WebSite\",\"@id\":\"https:\/\/www.edf-re.com\/#website\",\"url\":\"https:\/\/www.edf-re.com\/\",\"name\":\"EDF power solutions North America\",\"description\":\"\",\"publisher\":{\"@id\":\"https:\/\/www.edf-re.com\/#organization\"},\"potentialAction\":[{\"@type\":\"SearchAction\",\"target\":{\"@type\":\"EntryPoint\",\"urlTemplate\":\"https:\/\/www.edf-re.com\/?s={search_term_string}\"},\"query-input\":{\"@type\":\"PropertyValueSpecification\",\"valueRequired\":true,\"valueName\":\"search_term_string\"}}],\"inLanguage\":\"es\"},{\"@type\":\"Organization\",\"@id\":\"https:\/\/www.edf-re.com\/#organization\",\"name\":\"EDF Renewables North America\",\"url\":\"https:\/\/www.edf-re.com\/\",\"logo\":{\"@type\":\"ImageObject\",\"inLanguage\":\"es\",\"@id\":\"https:\/\/www.edf-re.com\/#\/schema\/logo\/image\/\",\"url\":\"https:\/\/www.edf-re.com\/wp-content\/uploads\/edfr-logo-1.png\",\"contentUrl\":\"https:\/\/www.edf-re.com\/wp-content\/uploads\/edfr-logo-1.png\",\"width\":600,\"height\":291,\"caption\":\"EDF Renewables North America\"},\"image\":{\"@id\":\"https:\/\/www.edf-re.com\/#\/schema\/logo\/image\/\"}}]}<\/script>\n<!-- \/ Yoast SEO plugin. -->","yoast_head_json":{"title":"Energ\u00eda a escala de red - EDF power solutions North America","robots":{"index":"index","follow":"follow","max-snippet":"max-snippet:-1","max-image-preview":"max-image-preview:large","max-video-preview":"max-video-preview:-1"},"canonical":"https:\/\/www.edf-re.com\/es\/lo-que-hacemos\/potencia-a-escala-de-red\/","og_locale":"es_MX","og_type":"article","og_title":"Grid-Scale Power - EDF power solutions North America","og_description":"Solving Energy Challenges The EDF power solutions North America Grid-Scale Power team provides origination, development, and construction services for large commercial wind (onshore and offshore), solar PV, storage (battery and pumped storage hydropower), green hydrogen, and transmission projects. Our team of leaders can solve energy challenges facing businesses and communities no matter the size or [&hellip;]","og_url":"https:\/\/www.edf-re.com\/es\/lo-que-hacemos\/potencia-a-escala-de-red\/","og_site_name":"EDF power solutions North America","article_modified_time":"2026-03-11T21:42:20+00:00","og_image":[{"width":2000,"height":702,"url":"https:\/\/www.edf-re.com\/wp-content\/uploads\/logo_edf_power_solutions_RGB-no-buffer-zone.png","type":"image\/png"}],"twitter_card":"summary_large_image","twitter_misc":{"Tiempo de lectura":"2 minutos"},"schema":{"@context":"https:\/\/schema.org","@graph":[{"@type":"WebPage","@id":"https:\/\/www.edf-re.com\/what-we-do\/grid-scale-power\/","url":"https:\/\/www.edf-re.com\/what-we-do\/grid-scale-power\/","name":"Energ\u00eda a escala de red - EDF power solutions North America","isPartOf":{"@id":"https:\/\/www.edf-re.com\/#website"},"datePublished":"2021-10-07T15:58:56+00:00","dateModified":"2026-03-11T21:42:20+00:00","breadcrumb":{"@id":"https:\/\/www.edf-re.com\/what-we-do\/grid-scale-power\/#breadcrumb"},"inLanguage":"es","potentialAction":[{"@type":"ReadAction","target":["https:\/\/www.edf-re.com\/what-we-do\/grid-scale-power\/"]}]},{"@type":"BreadcrumbList","@id":"https:\/\/www.edf-re.com\/what-we-do\/grid-scale-power\/#breadcrumb","itemListElement":[{"@type":"ListItem","position":1,"name":"Home","item":"https:\/\/www.edf-re.com\/"},{"@type":"ListItem","position":2,"name":"What We Do","item":"https:\/\/www.edf-re.com\/what-we-do\/"},{"@type":"ListItem","position":3,"name":"Grid-Scale Power"}]},{"@type":"WebSite","@id":"https:\/\/www.edf-re.com\/#website","url":"https:\/\/www.edf-re.com\/","name":"EDF power solutions Norteam\u00e9rica","description":"","publisher":{"@id":"https:\/\/www.edf-re.com\/#organization"},"potentialAction":[{"@type":"SearchAction","target":{"@type":"EntryPoint","urlTemplate":"https:\/\/www.edf-re.com\/?s={search_term_string}"},"query-input":{"@type":"PropertyValueSpecification","valueRequired":true,"valueName":"search_term_string"}}],"inLanguage":"es"},{"@type":"Organization","@id":"https:\/\/www.edf-re.com\/#organization","name":"EDF Renewables Norteam\u00e9rica","url":"https:\/\/www.edf-re.com\/","logo":{"@type":"ImageObject","inLanguage":"es","@id":"https:\/\/www.edf-re.com\/#\/schema\/logo\/image\/","url":"https:\/\/www.edf-re.com\/wp-content\/uploads\/edfr-logo-1.png","contentUrl":"https:\/\/www.edf-re.com\/wp-content\/uploads\/edfr-logo-1.png","width":600,"height":291,"caption":"EDF Renewables North America"},"image":{"@id":"https:\/\/www.edf-re.com\/#\/schema\/logo\/image\/"}}]}},"_links":{"self":[{"href":"https:\/\/www.edf-re.com\/es\/wp-json\/wp\/v2\/pages\/6291","targetHints":{"allow":["GET"]}}],"collection":[{"href":"https:\/\/www.edf-re.com\/es\/wp-json\/wp\/v2\/pages"}],"about":[{"href":"https:\/\/www.edf-re.com\/es\/wp-json\/wp\/v2\/types\/page"}],"author":[{"embeddable":true,"href":"https:\/\/www.edf-re.com\/es\/wp-json\/wp\/v2\/users\/1"}],"replies":[{"embeddable":true,"href":"https:\/\/www.edf-re.com\/es\/wp-json\/wp\/v2\/comments?post=6291"}],"version-history":[{"count":7,"href":"https:\/\/www.edf-re.com\/es\/wp-json\/wp\/v2\/pages\/6291\/revisions"}],"predecessor-version":[{"id":11228,"href":"https:\/\/www.edf-re.com\/es\/wp-json\/wp\/v2\/pages\/6291\/revisions\/11228"}],"up":[{"embeddable":true,"href":"https:\/\/www.edf-re.com\/es\/wp-json\/wp\/v2\/pages\/526"}],"wp:attachment":[{"href":"https:\/\/www.edf-re.com\/es\/wp-json\/wp\/v2\/media?parent=6291"}],"curies":[{"name":"wp","href":"https:\/\/api.w.org\/{rel}","templated":true}]}}