{"id":6308,"date":"2021-10-07T12:32:39","date_gmt":"2021-10-07T16:32:39","guid":{"rendered":"https:\/\/www.edf-re.com\/?page_id=6308"},"modified":"2025-10-08T13:35:07","modified_gmt":"2025-10-08T20:35:07","slug":"escala-de-distribucion-de-energia","status":"publish","type":"page","link":"https:\/\/www.edf-re.com\/es\/lo-que-hacemos\/escala-de-distribucion-de-energia\/","title":{"rendered":"Energ\u00eda a escala de distribuci\u00f3n"},"content":{"rendered":"<div id=\"pl-6308\"  class=\"panel-layout\" ><div id=\"pg-6308-0\"  class=\"panel-grid panel-no-style\" ><div id=\"pgc-6308-0-0\"  class=\"panel-grid-cell\" ><div id=\"panel-6308-0-0-0\" class=\"so-panel widget widget_sow-editor panel-first-child panel-last-child\" data-index=\"0\" ><div class=\"panel-widget-style panel-widget-style-for-6308-0-0-0\" ><div\n\t\t\t\n\t\t\tclass=\"so-widget-sow-editor so-widget-sow-editor-base\"\n\t\t\t\n\t\t>\n<div class=\"siteorigin-widget-tinymce textwidget\">\n\t<p class=\"x-large-font\" style=\"text-align: center;\"><span style=\"color: #09357a;\">Especializado en EPC, energ\u00eda solar comunitaria y emplazamientos sensibles desde el punto de vista medioambiental<\/span><\/p>\n<p style=\"text-align: center;\">El equipo de EDF Power Solutions North America Distribution-Scale Power ha desarrollado m\u00e1s de 1600 MW en todo Estados Unidos, proporcionando un desarrollo, ingenier\u00eda, construcci\u00f3n y operaciones l\u00edderes en la industria y rentables para proyectos solares y de almacenamiento. Las soluciones llave en mano se personalizan para empresas de servicios p\u00fablicos, cooperativas, propietarios de terrenos, comunidades e instituciones, y nos especializamos en energ\u00eda solar comunitaria y emplazamientos sensibles desde el punto de vista medioambiental. Con m\u00e1s de 20 a\u00f1os de experiencia, nuestro equipo aporta valor a los desarrolladores y propietarios desde el inicio del proyecto hasta su puesta en marcha, aprovechando nuestros expertos en permisos, desarrollo, EPC, financiaci\u00f3n, control y aseguramiento de la calidad, puesta en marcha, SCADA, PWA y mucho m\u00e1s.<\/p>\n<\/div>\n<\/div><\/div><\/div><\/div><div id=\"pgc-6308-0-1\"  class=\"panel-grid-cell\" ><div id=\"panel-6308-0-1-0\" class=\"so-panel widget widget_sow-editor panel-first-child panel-last-child\" data-index=\"1\" ><div data-aos=\"zoom-in\" class=\"panel-widget-style panel-widget-style-for-6308-0-1-0\" ><div\n\t\t\t\n\t\t\tclass=\"so-widget-sow-editor so-widget-sow-editor-base\"\n\t\t\t\n\t\t>\n<div class=\"siteorigin-widget-tinymce textwidget\">\n\t<p class=\"large-font\" style=\"text-align: center;\"><span style=\"color: #ffffff;\">Convierta la visi\u00f3n solar de su comunidad en realidad.<\/span><\/p>\n<p style=\"text-align: center;\"><strong>Actualmente estamos construyendo proyectos solares comunitarios en Illinois, Nueva York y Massachusetts, con servicios disponibles en todo el pa\u00eds, y nos quedan plazas limitadas para 2026. <\/strong>No se quede sin saber nada; reserve la construcci\u00f3n de su proyecto para 2026 poni\u00e9ndose en contacto con <a href=\"mailto:lincoln.lande@edf-re.com\">Lincoln Lande<\/a>, vicepresidente de Desarrollo Comercial.<\/p>\n<\/div>\n<\/div><\/div><\/div><\/div><\/div><div id=\"pg-6308-1\"  class=\"panel-grid panel-no-style\" ><div id=\"pgc-6308-1-0\"  class=\"panel-grid-cell\" ><div id=\"panel-6308-1-0-0\" class=\"so-panel widget widget_separator separator-widget panel-first-child panel-last-child\" data-index=\"2\" ><div\n\t\t\t\n\t\t\tclass=\"so-widget-separator so-widget-separator-default-d75171398898-6308\"\n\t\t\t\n\t\t>\t\t<div class=\"animate__animated animate__bounce animate__infinite animate__slow\">\n\t\t\t<i class=\"fa-light fa-chevron-down\" style=\"font-size:60px;color:#efefef;\"><\/i>\n\t\t\t<\/div>\n\t\t<\/div><\/div><\/div><\/div><div id=\"pg-6308-2\"  class=\"panel-grid panel-no-style\" ><div id=\"pgc-6308-2-0\"  class=\"panel-grid-cell\" ><div id=\"panel-6308-2-0-0\" class=\"so-panel widget widget_sections sections-widget panel-first-child panel-last-child\" data-index=\"3\" ><div\n\t\t\t\n\t\t\tclass=\"so-widget-sections so-widget-sections-default-d75171398898-6308\"\n\t\t\t\n\t\t>\t<div class=\"sections\">\n\t\t\t\t\t<div class=\"section link\">\n\t\t\t\t\t\t\t\t\t<a href=\"https:\/\/www.edf-re.com\/es\/lo-que-hacemos\/solar-distribuida\/\">\n\t\t\t\t\t\t<img decoding=\"async\" src=\"https:\/\/www.edf-re.com\/wp-content\/uploads\/distributed-solar-section-2.jpg\">\n\t\t\t\t\t\t<div class=\"icon\"><\/div>\n\t\t\t\t\t\t<div class=\"overlay\"><\/div>\n\t\t\t\t\t<\/a>\n\t\t\t\t\t\t\t\t\t\t<div class=\"title\">\n\t\t\t\t\t\tFotovoltaico\t\t\t\t\t<\/div><!-- .title -->\n\t\t\t\t\t\t\t\t\t\t<div class=\"description\">\n\t\t\t\t\t\tLa energ\u00eda solar es un recurso sostenible e indefinidamente renovable para el consumo energ\u00e9tico, que experimenta un crecimiento continuo a medida que los precios de la energ\u00eda solar fotovoltaica han bajado 52% en los \u00faltimos 10 a\u00f1os.\t\t\t\t\t<\/div><!-- .description -->\n\t\t\t\t\t\t\t\t<\/div><!-- .section -->\n\t\t\t\t\t\t<div class=\"section link\">\n\t\t\t\t\t\t\t\t\t<a href=\"https:\/\/www.edf-re.com\/es\/lo-que-hacemos\/almacenamiento\/\">\n\t\t\t\t\t\t<img decoding=\"async\" src=\"https:\/\/www.edf-re.com\/wp-content\/uploads\/distributed-storage-section.jpg\">\n\t\t\t\t\t\t<div class=\"icon\"><\/div>\n\t\t\t\t\t\t<div class=\"overlay\"><\/div>\n\t\t\t\t\t<\/a>\n\t\t\t\t\t\t\t\t\t\t<div class=\"title\">\n\t\t\t\t\t\tAlmacenamiento\t\t\t\t\t<\/div><!-- .title -->\n\t\t\t\t\t\t\t\t\t\t<div class=\"description\">\n\t\t\t\t\t\tLos sistemas de almacenamiento ayudan a los gestores de energ\u00eda e instalaciones a prever, gestionar y reducir los costes energ\u00e9ticos operativos y a protegerse contra el aumento de los costes hasta 5-10% anuales.\t\t\t\t\t<\/div><!-- .description -->\n\t\t\t\t\t\t\t\t<\/div><!-- .section -->\n\t\t\t\t<\/div><!-- .sections -->\n\t<\/div><\/div><\/div><\/div><\/div>","protected":false},"excerpt":{"rendered":"<p>Especializados en EPC, energ\u00eda solar comunitaria y emplazamientos sensibles desde el punto de vista medioambiental El equipo de EDF Power Solutions North America Distribution-Scale Power ha desarrollado m\u00e1s de 1600 MW en todo Estados Unidos, proporcionando un desarrollo, ingenier\u00eda, construcci\u00f3n y operaciones l\u00edderes en el sector y rentables para proyectos de energ\u00eda solar y almacenamiento. Las soluciones llave en mano se personalizan para empresas de servicios p\u00fablicos, cooperativas, propietarios de terrenos, comunidades e instituciones, y nos especializamos en comunidades [\u2026]<\/p>","protected":false},"author":1,"featured_media":0,"parent":526,"menu_order":13,"comment_status":"closed","ping_status":"closed","template":"","meta":{"_acf_changed":false,"footnotes":""},"class_list":["post-6308","page","type-page","status-publish","hentry"],"acf":[],"yoast_head":"<!-- This site is optimized with the Yoast SEO plugin v26.8 - https:\/\/yoast.com\/product\/yoast-seo-wordpress\/ -->\n<title>Distribution-Scale Power - EDF power solutions North America<\/title>\n<meta name=\"robots\" content=\"index, follow, max-snippet:-1, max-image-preview:large, max-video-preview:-1\" \/>\n<link rel=\"canonical\" href=\"https:\/\/www.edf-re.com\/es\/lo-que-hacemos\/escala-de-distribucion-de-energia\/\" \/>\n<meta property=\"og:locale\" content=\"es_MX\" \/>\n<meta property=\"og:type\" content=\"article\" \/>\n<meta property=\"og:title\" content=\"Distribution-Scale Power - EDF power solutions North America\" \/>\n<meta property=\"og:description\" content=\"Specializing in EPC, community solar, and environmentally sensitive sites The EDF power solutions North America Distribution-Scale Power team has developed over 1,600 MW across the US, providing industry-leading, cost-effective development, engineering, construction, and operations of solar and storage projects. Turnkey solutions are customized for utilities, co-ops, landowners, communities, and institutions, and we specialize in community [&hellip;]\" \/>\n<meta property=\"og:url\" content=\"https:\/\/www.edf-re.com\/es\/lo-que-hacemos\/escala-de-distribucion-de-energia\/\" \/>\n<meta property=\"og:site_name\" content=\"EDF power solutions North America\" \/>\n<meta property=\"article:modified_time\" content=\"2025-10-08T20:35:07+00:00\" \/>\n<meta property=\"og:image\" content=\"https:\/\/www.edf-re.com\/wp-content\/uploads\/logo_edf_power_solutions_RGB-no-buffer-zone.png\" \/>\n\t<meta property=\"og:image:width\" content=\"2000\" \/>\n\t<meta property=\"og:image:height\" content=\"702\" \/>\n\t<meta property=\"og:image:type\" content=\"image\/png\" \/>\n<meta name=\"twitter:card\" content=\"summary_large_image\" \/>\n<meta name=\"twitter:label1\" content=\"Tiempo de lectura\" \/>\n\t<meta name=\"twitter:data1\" content=\"2 minutos\" \/>\n<script type=\"application\/ld+json\" class=\"yoast-schema-graph\">{\"@context\":\"https:\/\/schema.org\",\"@graph\":[{\"@type\":\"WebPage\",\"@id\":\"https:\/\/www.edf-re.com\/what-we-do\/distribution-scale-power\/\",\"url\":\"https:\/\/www.edf-re.com\/what-we-do\/distribution-scale-power\/\",\"name\":\"Distribution-Scale Power - EDF power solutions North America\",\"isPartOf\":{\"@id\":\"https:\/\/www.edf-re.com\/#website\"},\"datePublished\":\"2021-10-07T16:32:39+00:00\",\"dateModified\":\"2025-10-08T20:35:07+00:00\",\"breadcrumb\":{\"@id\":\"https:\/\/www.edf-re.com\/what-we-do\/distribution-scale-power\/#breadcrumb\"},\"inLanguage\":\"es\",\"potentialAction\":[{\"@type\":\"ReadAction\",\"target\":[\"https:\/\/www.edf-re.com\/what-we-do\/distribution-scale-power\/\"]}]},{\"@type\":\"BreadcrumbList\",\"@id\":\"https:\/\/www.edf-re.com\/what-we-do\/distribution-scale-power\/#breadcrumb\",\"itemListElement\":[{\"@type\":\"ListItem\",\"position\":1,\"name\":\"Home\",\"item\":\"https:\/\/www.edf-re.com\/\"},{\"@type\":\"ListItem\",\"position\":2,\"name\":\"What We Do\",\"item\":\"https:\/\/www.edf-re.com\/what-we-do\/\"},{\"@type\":\"ListItem\",\"position\":3,\"name\":\"Distribution-Scale Power\"}]},{\"@type\":\"WebSite\",\"@id\":\"https:\/\/www.edf-re.com\/#website\",\"url\":\"https:\/\/www.edf-re.com\/\",\"name\":\"EDF power solutions North America\",\"description\":\"\",\"publisher\":{\"@id\":\"https:\/\/www.edf-re.com\/#organization\"},\"potentialAction\":[{\"@type\":\"SearchAction\",\"target\":{\"@type\":\"EntryPoint\",\"urlTemplate\":\"https:\/\/www.edf-re.com\/?s={search_term_string}\"},\"query-input\":{\"@type\":\"PropertyValueSpecification\",\"valueRequired\":true,\"valueName\":\"search_term_string\"}}],\"inLanguage\":\"es\"},{\"@type\":\"Organization\",\"@id\":\"https:\/\/www.edf-re.com\/#organization\",\"name\":\"EDF Renewables North America\",\"url\":\"https:\/\/www.edf-re.com\/\",\"logo\":{\"@type\":\"ImageObject\",\"inLanguage\":\"es\",\"@id\":\"https:\/\/www.edf-re.com\/#\/schema\/logo\/image\/\",\"url\":\"https:\/\/www.edf-re.com\/wp-content\/uploads\/edfr-logo-1.png\",\"contentUrl\":\"https:\/\/www.edf-re.com\/wp-content\/uploads\/edfr-logo-1.png\",\"width\":600,\"height\":291,\"caption\":\"EDF Renewables North America\"},\"image\":{\"@id\":\"https:\/\/www.edf-re.com\/#\/schema\/logo\/image\/\"}}]}<\/script>\n<!-- \/ Yoast SEO plugin. -->","yoast_head_json":{"title":"Energ\u00eda a escala de distribuci\u00f3n - EDF power solutions North America","robots":{"index":"index","follow":"follow","max-snippet":"max-snippet:-1","max-image-preview":"max-image-preview:large","max-video-preview":"max-video-preview:-1"},"canonical":"https:\/\/www.edf-re.com\/es\/lo-que-hacemos\/escala-de-distribucion-de-energia\/","og_locale":"es_MX","og_type":"article","og_title":"Distribution-Scale Power - EDF power solutions North America","og_description":"Specializing in EPC, community solar, and environmentally sensitive sites The EDF power solutions North America Distribution-Scale Power team has developed over 1,600 MW across the US, providing industry-leading, cost-effective development, engineering, construction, and operations of solar and storage projects. Turnkey solutions are customized for utilities, co-ops, landowners, communities, and institutions, and we specialize in community [&hellip;]","og_url":"https:\/\/www.edf-re.com\/es\/lo-que-hacemos\/escala-de-distribucion-de-energia\/","og_site_name":"EDF power solutions North America","article_modified_time":"2025-10-08T20:35:07+00:00","og_image":[{"width":2000,"height":702,"url":"https:\/\/www.edf-re.com\/wp-content\/uploads\/logo_edf_power_solutions_RGB-no-buffer-zone.png","type":"image\/png"}],"twitter_card":"summary_large_image","twitter_misc":{"Tiempo de lectura":"2 minutos"},"schema":{"@context":"https:\/\/schema.org","@graph":[{"@type":"WebPage","@id":"https:\/\/www.edf-re.com\/what-we-do\/distribution-scale-power\/","url":"https:\/\/www.edf-re.com\/what-we-do\/distribution-scale-power\/","name":"Energ\u00eda a escala de distribuci\u00f3n - EDF power solutions North America","isPartOf":{"@id":"https:\/\/www.edf-re.com\/#website"},"datePublished":"2021-10-07T16:32:39+00:00","dateModified":"2025-10-08T20:35:07+00:00","breadcrumb":{"@id":"https:\/\/www.edf-re.com\/what-we-do\/distribution-scale-power\/#breadcrumb"},"inLanguage":"es","potentialAction":[{"@type":"ReadAction","target":["https:\/\/www.edf-re.com\/what-we-do\/distribution-scale-power\/"]}]},{"@type":"BreadcrumbList","@id":"https:\/\/www.edf-re.com\/what-we-do\/distribution-scale-power\/#breadcrumb","itemListElement":[{"@type":"ListItem","position":1,"name":"Home","item":"https:\/\/www.edf-re.com\/"},{"@type":"ListItem","position":2,"name":"What We Do","item":"https:\/\/www.edf-re.com\/what-we-do\/"},{"@type":"ListItem","position":3,"name":"Distribution-Scale Power"}]},{"@type":"WebSite","@id":"https:\/\/www.edf-re.com\/#website","url":"https:\/\/www.edf-re.com\/","name":"EDF power solutions Norteam\u00e9rica","description":"","publisher":{"@id":"https:\/\/www.edf-re.com\/#organization"},"potentialAction":[{"@type":"SearchAction","target":{"@type":"EntryPoint","urlTemplate":"https:\/\/www.edf-re.com\/?s={search_term_string}"},"query-input":{"@type":"PropertyValueSpecification","valueRequired":true,"valueName":"search_term_string"}}],"inLanguage":"es"},{"@type":"Organization","@id":"https:\/\/www.edf-re.com\/#organization","name":"EDF Renewables Norteam\u00e9rica","url":"https:\/\/www.edf-re.com\/","logo":{"@type":"ImageObject","inLanguage":"es","@id":"https:\/\/www.edf-re.com\/#\/schema\/logo\/image\/","url":"https:\/\/www.edf-re.com\/wp-content\/uploads\/edfr-logo-1.png","contentUrl":"https:\/\/www.edf-re.com\/wp-content\/uploads\/edfr-logo-1.png","width":600,"height":291,"caption":"EDF Renewables North America"},"image":{"@id":"https:\/\/www.edf-re.com\/#\/schema\/logo\/image\/"}}]}},"_links":{"self":[{"href":"https:\/\/www.edf-re.com\/es\/wp-json\/wp\/v2\/pages\/6308","targetHints":{"allow":["GET"]}}],"collection":[{"href":"https:\/\/www.edf-re.com\/es\/wp-json\/wp\/v2\/pages"}],"about":[{"href":"https:\/\/www.edf-re.com\/es\/wp-json\/wp\/v2\/types\/page"}],"author":[{"embeddable":true,"href":"https:\/\/www.edf-re.com\/es\/wp-json\/wp\/v2\/users\/1"}],"replies":[{"embeddable":true,"href":"https:\/\/www.edf-re.com\/es\/wp-json\/wp\/v2\/comments?post=6308"}],"version-history":[{"count":6,"href":"https:\/\/www.edf-re.com\/es\/wp-json\/wp\/v2\/pages\/6308\/revisions"}],"predecessor-version":[{"id":11087,"href":"https:\/\/www.edf-re.com\/es\/wp-json\/wp\/v2\/pages\/6308\/revisions\/11087"}],"up":[{"embeddable":true,"href":"https:\/\/www.edf-re.com\/es\/wp-json\/wp\/v2\/pages\/526"}],"wp:attachment":[{"href":"https:\/\/www.edf-re.com\/es\/wp-json\/wp\/v2\/media?parent=6308"}],"curies":[{"name":"wp","href":"https:\/\/api.w.org\/{rel}","templated":true}]}}