{"id":7075,"date":"2022-03-30T17:14:55","date_gmt":"2022-03-30T21:14:55","guid":{"rendered":"https:\/\/www.edf-re.com\/?page_id=7075"},"modified":"2025-05-08T07:35:00","modified_gmt":"2025-05-08T14:35:00","slug":"gtech","status":"publish","type":"page","link":"https:\/\/www.edf-re.com\/es\/gtech\/","title":{"rendered":"GTECH"},"content":{"rendered":"<div id=\"pl-7075\"  class=\"panel-layout\" ><div id=\"pg-7075-0\"  class=\"panel-grid panel-no-style\" ><div id=\"pgc-7075-0-0\"  class=\"panel-grid-cell\" ><div id=\"panel-7075-0-0-0\" class=\"so-panel widget widget_sow-editor panel-first-child panel-last-child\" data-index=\"0\" ><div\n\t\t\t\n\t\t\tclass=\"so-widget-sow-editor so-widget-sow-editor-base\"\n\t\t\t\n\t\t>\n<div class=\"siteorigin-widget-tinymce textwidget\">\n\t<h3>Envejecimiento de las lagunas con energ\u00eda libre de carbono las 24 horas del d\u00eda<\/h3>\n<p class=\"medium-font\"><span style=\"color: #09357a;\">\u00bfQu\u00e9 diablos es un GTECH?<\/span><\/p>\n<p>GTECH son las siglas de \"green technology energy credit hourly\". Por tecnolog\u00eda verde se entiende cualquier fuente de generaci\u00f3n libre de carbono, y por hora significa que los cr\u00e9ditos de energ\u00eda renovable (REC) llevan un sello de tiempo digital para que los compradores puedan adquirir REC generados localmente que coincidan directamente con su consumo de electricidad por hora.<\/p>\n<p>GTECH ofrece a nuestros clientes una soluci\u00f3n innovadora para salvar la distancia entre la generaci\u00f3n y el consumo y aumentar la integridad de sus compras de energ\u00eda renovable. La plataforma GTECH crea una identificaci\u00f3n digital \u00fanica para todas y cada una de las horas de energ\u00eda renovable entregadas a la red.<\/p>\n<p>Esto da a las empresas la posibilidad de buscar cr\u00e9ditos verdes generados dentro de un l\u00edmite de distancia especificado y en unos plazos que se ajustan con precisi\u00f3n a su consumo real de energ\u00eda, lo que les permite validar y profundizar en sus declaraciones sobre el uso de electricidad libre de carbono.<\/p>\n<\/div>\n<\/div><\/div><\/div><div id=\"pgc-7075-0-1\"  class=\"panel-grid-cell\" ><div id=\"panel-7075-0-1-0\" class=\"so-panel widget widget_flipbook flipbook-widget panel-first-child panel-last-child\" data-index=\"1\" ><div\n\t\t\t\n\t\t\tclass=\"so-widget-flipbook so-widget-flipbook-default-d75171398898-7075\"\n\t\t\t\n\t\t>\t<div class=\"heading\">\n\t\tDestacado en GreenTech Media\t<\/div><!-- .heading -->\n\t\t\t<div class=\"flipbook\">\n\t\t\t<a href=\"https:\/\/www.greentechmedia.com\/articles\/read\/transforming-corporate-sustainability-with-24-7-365-carbon-free-energy-matching\" target=\"_blank\">\n\t\t\t\t<img decoding=\"async\" src=\"https:\/\/www.edf-re.com\/wp-content\/uploads\/greentech-media-cover.jpg\">\n\n\t\t\t\t<div class=\"overlay\">\n\t\t\t\t\t<i class=\"fa-regular fa-external-link\"><\/i>\n\t\t\t\t<\/div><!-- .overlay -->\n\t\t\t<\/a>\n\t\t<\/div><!-- .flipbook -->\n\t\t<\/div><\/div><\/div><\/div><div id=\"pg-7075-1\"  class=\"panel-grid panel-has-style\" ><div class=\"siteorigin-panels-stretch panel-row-style panel-row-style-for-7075-1\" data-siteorigin-parallax=\"{&quot;backgroundUrl&quot;:&quot;https:\\\/\\\/www.edf-re.com\\\/wp-content\\\/uploads\\\/la-mitis-wind-bg.jpg&quot;,&quot;backgroundSize&quot;:[1920,1080],&quot;backgroundSizing&quot;:&quot;scaled&quot;,&quot;limitMotion&quot;:&quot;auto&quot;}\" data-stretch-type=\"full-stretched\" ><div id=\"pgc-7075-1-0\"  class=\"panel-grid-cell panel-grid-cell-mobile-last\" ><div id=\"panel-7075-1-0-0\" class=\"so-panel widget widget_sow-editor panel-first-child panel-last-child\" data-index=\"2\" ><div class=\"push-right pad-right panel-widget-style panel-widget-style-for-7075-1-0-0\" ><div\n\t\t\t\n\t\t\tclass=\"so-widget-sow-editor so-widget-sow-editor-base\"\n\t\t\t\n\t\t>\n<div class=\"siteorigin-widget-tinymce textwidget\">\n\t<h3><span style=\"color: #ffffff;\">Beneficios para el cliente<\/span><\/h3>\n<ul class=\"styled-list green\">\n<li>Proceso de cr\u00e9dito simplificado<\/li>\n<li>Trazabilidad de REC directamente desde los activos elegidos por el cliente y los per\u00edodos de origen<\/li>\n<li>Comparaci\u00f3n en vivo de la carga con el gen<\/li>\n<li>Funciones de informaci\u00f3n ESG integradas<\/li>\n<li>Precios competitivos: sin comisiones de intermediaci\u00f3n<\/li>\n<li>Plataforma segura y f\u00e1cil de usar que funciona con la tecnolog\u00eda de cadena de bloques<\/li>\n<li>Bajos costes de transacci\u00f3n gracias a la racionalizaci\u00f3n de los contratos digitales<\/li>\n<\/ul>\n<\/div>\n<\/div><\/div><\/div><\/div><div id=\"pgc-7075-1-1\"  class=\"panel-grid-cell panel-grid-cell-empty\" ><\/div><\/div><\/div><div id=\"pg-7075-2\"  class=\"panel-grid panel-no-style\" ><div id=\"pgc-7075-2-0\"  class=\"panel-grid-cell\" ><div id=\"panel-7075-2-0-0\" class=\"so-panel widget widget_font-awesome-icon font-awesome-icon-widget panel-first-child\" data-index=\"3\" ><div\n\t\t\t\n\t\t\tclass=\"so-widget-font-awesome-icon so-widget-font-awesome-icon-default-d75171398898-7075\"\n\t\t\t\n\t\t><div class=\"icon solid medium-green\" style=\"font-size:30px\">\n\t<i class=\"fa-solid fa-timer white\"><\/i>\n<\/div><!-- .icon --><\/div><\/div><div id=\"panel-7075-2-0-1\" class=\"so-panel widget widget_sow-editor panel-last-child\" data-index=\"4\" ><div\n\t\t\t\n\t\t\tclass=\"so-widget-sow-editor so-widget-sow-editor-base\"\n\t\t\t\n\t\t>\n<div class=\"siteorigin-widget-tinymce textwidget\">\n\t<p class=\"medium-font\" style=\"text-align: center;\"><span style=\"color: #10367a;\"><strong>Generar un cambio significativo: La propuesta de valor de GTECH<\/strong><\/span><\/p>\n<p style=\"text-align: center;\">GTECH hace posible que los compradores corporativos cubran su consumo real de energ\u00eda con la electricidad suministrada a la red local casi en tiempo real. Esta importante mejora ofrece a los compradores la posibilidad de orientar su poder de compra y afirmar con confianza que su adquisici\u00f3n de energ\u00eda renovable est\u00e1 creando de hecho un aire m\u00e1s limpio y una red descarbonizada.<\/p>\n<\/div>\n<\/div><\/div><\/div><div id=\"pgc-7075-2-1\"  class=\"panel-grid-cell\" ><div id=\"panel-7075-2-1-0\" class=\"so-panel widget widget_font-awesome-icon font-awesome-icon-widget panel-first-child\" data-index=\"5\" ><div\n\t\t\t\n\t\t\tclass=\"so-widget-font-awesome-icon so-widget-font-awesome-icon-default-d75171398898-7075\"\n\t\t\t\n\t\t><div class=\"icon solid medium-green\" style=\"font-size:30px\">\n\t<i class=\"fa-solid fa-leaf white\"><\/i>\n<\/div><!-- .icon --><\/div><\/div><div id=\"panel-7075-2-1-1\" class=\"so-panel widget widget_sow-editor panel-last-child\" data-index=\"6\" ><div\n\t\t\t\n\t\t\tclass=\"so-widget-sow-editor so-widget-sow-editor-base\"\n\t\t\t\n\t\t>\n<div class=\"siteorigin-widget-tinymce textwidget\">\n\t<p class=\"medium-font\" style=\"text-align: center;\"><strong><span style=\"color: #10367a;\">El papel de GTECH: revertir las deficiencias<\/span><\/strong><\/p>\n<p style=\"text-align: center;\">Los REC de GTECH son ideales para mejorar los beneficios de la reducci\u00f3n de carbono asociados a un acuerdo tradicional de compra de energ\u00eda (PPA) o a un PPA virtual con liquidaci\u00f3n financiera (VPPA). Por ejemplo, el perfil de generaci\u00f3n de energ\u00eda limpia asociado a un PPA e\u00f3lico podr\u00eda cubrir aproximadamente el 70% de las horas durante las cuales el comprador consume electricidad. \u00bfPero qu\u00e9 pasa con el otro 30% del tiempo? El GTECH puede utilizarse para \"ecologizar los huecos\".<\/p>\n<\/div>\n<\/div><\/div><\/div><\/div><div id=\"pg-7075-3\"  class=\"panel-grid panel-has-style\" ><div class=\"siteorigin-panels-stretch panel-row-style panel-row-style-for-7075-3\" data-siteorigin-parallax=\"{&quot;backgroundUrl&quot;:&quot;https:\\\/\\\/www.edf-re.com\\\/wp-content\\\/uploads\\\/blockchain-bg.jpg&quot;,&quot;backgroundSize&quot;:[1920,1080],&quot;backgroundSizing&quot;:&quot;scaled&quot;,&quot;limitMotion&quot;:&quot;auto&quot;}\" data-stretch-type=\"full-stretched\" ><div id=\"pgc-7075-3-0\"  class=\"panel-grid-cell panel-grid-cell-empty\" ><\/div><div id=\"pgc-7075-3-1\"  class=\"panel-grid-cell\" ><div id=\"panel-7075-3-1-0\" class=\"so-panel widget widget_sow-editor panel-first-child panel-last-child\" data-index=\"7\" ><div class=\"push-left pad-left panel-widget-style panel-widget-style-for-7075-3-1-0\" ><div\n\t\t\t\n\t\t\tclass=\"so-widget-sow-editor so-widget-sow-editor-base\"\n\t\t\t\n\t\t>\n<div class=\"siteorigin-widget-tinymce textwidget\">\n\t<h3><span style=\"color: #ffffff;\">\u00bfC\u00f3mo funciona?<\/span><\/h3>\n<p>Impulsada por WePower, la plataforma GTECH utiliza la red blockchain m\u00e1s descentralizada: Ethereum. La producci\u00f3n de energ\u00eda se tokeniza junto con su correspondiente REC, creando un registro auditable y f\u00e1cil de respaldar vinculado a su ciclo de facturaci\u00f3n. Adem\u00e1s de la alt\u00edsima disponibilidad del sistema, el hashing inmutable impide la edici\u00f3n, garantizando que su registro se mantenga fiel a lo largo del tiempo.<\/p>\n<p>Los clientes tienen la oportunidad de formar parte de una verdadera soluci\u00f3n 24\/7. La fase piloto lanza dos productos para los clientes:<\/p>\n<p><strong>1.<\/strong> Contratos REC as-gen (1-3 a\u00f1os) adaptados a su carga, y<br \/>\n<strong>2.<\/strong> Capacidad de compra de REC de periodos de generaci\u00f3n espec\u00edficos para ayudar a enverdecer sus lagunas.<\/p>\n<p>Este es el primer paso de EDF Power Solutions para ofrecer soluciones que cumplan el Pacto de las Naciones Unidas por una energ\u00eda sin emisiones de carbono 24 horas al d\u00eda, 7 d\u00edas a la semana. Creemos que las relaciones directas son fundamentales para la transici\u00f3n a un futuro de energ\u00eda sostenible neta cero. GTECH aumenta esta accesibilidad y comodidad para los compradores de atributos de todos los tama\u00f1os.<\/p>\n<\/div>\n<\/div><\/div><\/div><\/div><\/div><\/div><div id=\"pg-7075-4\"  class=\"panel-grid panel-no-style\" ><div id=\"pgc-7075-4-0\"  class=\"panel-grid-cell\" ><div id=\"panel-7075-4-0-0\" class=\"so-panel widget widget_font-awesome-icon font-awesome-icon-widget panel-first-child\" data-index=\"8\" ><div\n\t\t\t\n\t\t\tclass=\"so-widget-font-awesome-icon so-widget-font-awesome-icon-default-d75171398898-7075\"\n\t\t\t\n\t\t><div class=\"icon solid medium-green\" style=\"font-size:30px\">\n\t<i class=\"fa-solid fa-gears white\"><\/i>\n<\/div><!-- .icon --><\/div><\/div><div id=\"panel-7075-4-0-1\" class=\"so-panel widget widget_sow-editor panel-last-child\" data-index=\"9\" ><div\n\t\t\t\n\t\t\tclass=\"so-widget-sow-editor so-widget-sow-editor-base\"\n\t\t\t\n\t\t>\n<div class=\"siteorigin-widget-tinymce textwidget\">\n\t<p class=\"x-large-font\" style=\"text-align: center;\"><span style=\"color: #09357a;\">Solicite una demostraci\u00f3n gratuita<\/span><\/p>\n<p class=\"no-bottom-margin medium-font\" style=\"text-align: center;\">P\u00f3ngase en contacto con nosotros en <a href=\"mailto:recsales@edf-re.com\">recsales@edf-re.com<\/a><\/p>\n<\/div>\n<\/div><\/div><\/div><\/div><\/div>","protected":false},"excerpt":{"rendered":"<p>Ecologizar las brechas con energ\u00eda libre de carbono 24 horas al d\u00eda, 7 d\u00edas a la semana \u00bfQu\u00e9 diablos es un GTECH? GTECH son las siglas de \"green technology energy credit hourly\". Por tecnolog\u00eda verde se entiende cualquier fuente de generaci\u00f3n libre de carbono, y por hora significa que los cr\u00e9ditos de energ\u00eda renovable (REC) llevan un sello de tiempo digital para que los compradores puedan adquirir REC generados localmente que coincidan directamente con su [...].<\/p>","protected":false},"author":1,"featured_media":0,"parent":0,"menu_order":22,"comment_status":"closed","ping_status":"closed","template":"","meta":{"_acf_changed":false,"footnotes":""},"class_list":["post-7075","page","type-page","status-publish","hentry"],"acf":[],"yoast_head":"<!-- This site is optimized with the Yoast SEO plugin v26.8 - https:\/\/yoast.com\/product\/yoast-seo-wordpress\/ -->\n<title>GTECH - EDF power solutions North America<\/title>\n<meta name=\"robots\" content=\"index, follow, max-snippet:-1, max-image-preview:large, max-video-preview:-1\" \/>\n<link rel=\"canonical\" href=\"https:\/\/www.edf-re.com\/es\/gtech\/\" \/>\n<meta property=\"og:locale\" content=\"es_MX\" \/>\n<meta property=\"og:type\" content=\"article\" \/>\n<meta property=\"og:title\" content=\"GTECH - EDF power solutions North America\" \/>\n<meta property=\"og:description\" content=\"Greening the Gaps with 24\/7 Carbon Free Energy What the heck\u2019s a GTECH?!? GTECH stands for \u201cgreen technology energy credit hourly.\u201d Green technology means any generation source that\u2019s carbon free, and hourly means that the renewable energy credits (RECs) are digitally timestamped so buyers can purchase locally generated RECs that directly match up with their [&hellip;]\" \/>\n<meta property=\"og:url\" content=\"https:\/\/www.edf-re.com\/es\/gtech\/\" \/>\n<meta property=\"og:site_name\" content=\"EDF power solutions North America\" \/>\n<meta property=\"article:modified_time\" content=\"2025-05-08T14:35:00+00:00\" \/>\n<meta property=\"og:image\" content=\"https:\/\/www.edf-re.com\/wp-content\/uploads\/logo_edf_power_solutions_RGB-no-buffer-zone.png\" \/>\n\t<meta property=\"og:image:width\" content=\"2000\" \/>\n\t<meta property=\"og:image:height\" content=\"702\" \/>\n\t<meta property=\"og:image:type\" content=\"image\/png\" \/>\n<meta name=\"twitter:card\" content=\"summary_large_image\" \/>\n<meta name=\"twitter:label1\" content=\"Tiempo de lectura\" \/>\n\t<meta name=\"twitter:data1\" content=\"3 minutos\" \/>\n<script type=\"application\/ld+json\" class=\"yoast-schema-graph\">{\"@context\":\"https:\/\/schema.org\",\"@graph\":[{\"@type\":\"WebPage\",\"@id\":\"https:\/\/www.edf-re.com\/gtech\/\",\"url\":\"https:\/\/www.edf-re.com\/gtech\/\",\"name\":\"GTECH - EDF power solutions North America\",\"isPartOf\":{\"@id\":\"https:\/\/www.edf-re.com\/#website\"},\"datePublished\":\"2022-03-30T21:14:55+00:00\",\"dateModified\":\"2025-05-08T14:35:00+00:00\",\"breadcrumb\":{\"@id\":\"https:\/\/www.edf-re.com\/gtech\/#breadcrumb\"},\"inLanguage\":\"es\",\"potentialAction\":[{\"@type\":\"ReadAction\",\"target\":[\"https:\/\/www.edf-re.com\/gtech\/\"]}]},{\"@type\":\"BreadcrumbList\",\"@id\":\"https:\/\/www.edf-re.com\/gtech\/#breadcrumb\",\"itemListElement\":[{\"@type\":\"ListItem\",\"position\":1,\"name\":\"Home\",\"item\":\"https:\/\/www.edf-re.com\/\"},{\"@type\":\"ListItem\",\"position\":2,\"name\":\"GTECH\"}]},{\"@type\":\"WebSite\",\"@id\":\"https:\/\/www.edf-re.com\/#website\",\"url\":\"https:\/\/www.edf-re.com\/\",\"name\":\"EDF power solutions North America\",\"description\":\"\",\"publisher\":{\"@id\":\"https:\/\/www.edf-re.com\/#organization\"},\"potentialAction\":[{\"@type\":\"SearchAction\",\"target\":{\"@type\":\"EntryPoint\",\"urlTemplate\":\"https:\/\/www.edf-re.com\/?s={search_term_string}\"},\"query-input\":{\"@type\":\"PropertyValueSpecification\",\"valueRequired\":true,\"valueName\":\"search_term_string\"}}],\"inLanguage\":\"es\"},{\"@type\":\"Organization\",\"@id\":\"https:\/\/www.edf-re.com\/#organization\",\"name\":\"EDF Renewables North America\",\"url\":\"https:\/\/www.edf-re.com\/\",\"logo\":{\"@type\":\"ImageObject\",\"inLanguage\":\"es\",\"@id\":\"https:\/\/www.edf-re.com\/#\/schema\/logo\/image\/\",\"url\":\"https:\/\/www.edf-re.com\/wp-content\/uploads\/edfr-logo-1.png\",\"contentUrl\":\"https:\/\/www.edf-re.com\/wp-content\/uploads\/edfr-logo-1.png\",\"width\":600,\"height\":291,\"caption\":\"EDF Renewables North America\"},\"image\":{\"@id\":\"https:\/\/www.edf-re.com\/#\/schema\/logo\/image\/\"}}]}<\/script>\n<!-- \/ Yoast SEO plugin. -->","yoast_head_json":{"title":"GTECH - EDF power solutions Norteam\u00e9rica","robots":{"index":"index","follow":"follow","max-snippet":"max-snippet:-1","max-image-preview":"max-image-preview:large","max-video-preview":"max-video-preview:-1"},"canonical":"https:\/\/www.edf-re.com\/es\/gtech\/","og_locale":"es_MX","og_type":"article","og_title":"GTECH - EDF power solutions North America","og_description":"Greening the Gaps with 24\/7 Carbon Free Energy What the heck\u2019s a GTECH?!? GTECH stands for \u201cgreen technology energy credit hourly.\u201d Green technology means any generation source that\u2019s carbon free, and hourly means that the renewable energy credits (RECs) are digitally timestamped so buyers can purchase locally generated RECs that directly match up with their [&hellip;]","og_url":"https:\/\/www.edf-re.com\/es\/gtech\/","og_site_name":"EDF power solutions North America","article_modified_time":"2025-05-08T14:35:00+00:00","og_image":[{"width":2000,"height":702,"url":"https:\/\/www.edf-re.com\/wp-content\/uploads\/logo_edf_power_solutions_RGB-no-buffer-zone.png","type":"image\/png"}],"twitter_card":"summary_large_image","twitter_misc":{"Tiempo de lectura":"3 minutos"},"schema":{"@context":"https:\/\/schema.org","@graph":[{"@type":"WebPage","@id":"https:\/\/www.edf-re.com\/gtech\/","url":"https:\/\/www.edf-re.com\/gtech\/","name":"GTECH - EDF power solutions Norteam\u00e9rica","isPartOf":{"@id":"https:\/\/www.edf-re.com\/#website"},"datePublished":"2022-03-30T21:14:55+00:00","dateModified":"2025-05-08T14:35:00+00:00","breadcrumb":{"@id":"https:\/\/www.edf-re.com\/gtech\/#breadcrumb"},"inLanguage":"es","potentialAction":[{"@type":"ReadAction","target":["https:\/\/www.edf-re.com\/gtech\/"]}]},{"@type":"BreadcrumbList","@id":"https:\/\/www.edf-re.com\/gtech\/#breadcrumb","itemListElement":[{"@type":"ListItem","position":1,"name":"Home","item":"https:\/\/www.edf-re.com\/"},{"@type":"ListItem","position":2,"name":"GTECH"}]},{"@type":"WebSite","@id":"https:\/\/www.edf-re.com\/#website","url":"https:\/\/www.edf-re.com\/","name":"EDF power solutions Norteam\u00e9rica","description":"","publisher":{"@id":"https:\/\/www.edf-re.com\/#organization"},"potentialAction":[{"@type":"SearchAction","target":{"@type":"EntryPoint","urlTemplate":"https:\/\/www.edf-re.com\/?s={search_term_string}"},"query-input":{"@type":"PropertyValueSpecification","valueRequired":true,"valueName":"search_term_string"}}],"inLanguage":"es"},{"@type":"Organization","@id":"https:\/\/www.edf-re.com\/#organization","name":"EDF Renewables Norteam\u00e9rica","url":"https:\/\/www.edf-re.com\/","logo":{"@type":"ImageObject","inLanguage":"es","@id":"https:\/\/www.edf-re.com\/#\/schema\/logo\/image\/","url":"https:\/\/www.edf-re.com\/wp-content\/uploads\/edfr-logo-1.png","contentUrl":"https:\/\/www.edf-re.com\/wp-content\/uploads\/edfr-logo-1.png","width":600,"height":291,"caption":"EDF Renewables North America"},"image":{"@id":"https:\/\/www.edf-re.com\/#\/schema\/logo\/image\/"}}]}},"_links":{"self":[{"href":"https:\/\/www.edf-re.com\/es\/wp-json\/wp\/v2\/pages\/7075","targetHints":{"allow":["GET"]}}],"collection":[{"href":"https:\/\/www.edf-re.com\/es\/wp-json\/wp\/v2\/pages"}],"about":[{"href":"https:\/\/www.edf-re.com\/es\/wp-json\/wp\/v2\/types\/page"}],"author":[{"embeddable":true,"href":"https:\/\/www.edf-re.com\/es\/wp-json\/wp\/v2\/users\/1"}],"replies":[{"embeddable":true,"href":"https:\/\/www.edf-re.com\/es\/wp-json\/wp\/v2\/comments?post=7075"}],"version-history":[{"count":5,"href":"https:\/\/www.edf-re.com\/es\/wp-json\/wp\/v2\/pages\/7075\/revisions"}],"predecessor-version":[{"id":10654,"href":"https:\/\/www.edf-re.com\/es\/wp-json\/wp\/v2\/pages\/7075\/revisions\/10654"}],"wp:attachment":[{"href":"https:\/\/www.edf-re.com\/es\/wp-json\/wp\/v2\/media?parent=7075"}],"curies":[{"name":"wp","href":"https:\/\/api.w.org\/{rel}","templated":true}]}}