{"id":7302,"date":"2022-05-03T16:37:54","date_gmt":"2022-05-03T20:37:54","guid":{"rendered":"https:\/\/www.edf-re.com\/?page_id=7302"},"modified":"2025-05-08T07:35:00","modified_gmt":"2025-05-08T14:35:00","slug":"solar-comunitaria","status":"publish","type":"page","link":"https:\/\/www.edf-re.com\/es\/lo-que-hacemos\/solar-distribuida\/solar-comunitaria\/","title":{"rendered":"Energ\u00eda solar comunitaria"},"content":{"rendered":"<div id=\"pl-7302\"  class=\"panel-layout\" ><div id=\"pg-7302-0\"  class=\"panel-grid panel-no-style\" ><div id=\"pgc-7302-0-0\"  class=\"panel-grid-cell\" ><div id=\"panel-7302-0-0-0\" class=\"so-panel widget widget_sow-editor panel-first-child panel-last-child\" data-index=\"0\" ><div\n\t\t\t\n\t\t\tclass=\"so-widget-sow-editor so-widget-sow-editor-base\"\n\t\t\t\n\t\t>\n<div class=\"siteorigin-widget-tinymce textwidget\">\n\t<p class=\"x-large-font\"><span style=\"color: #10367a;\">Garantizar que los residentes de todas las rentas tengan acceso a <strong>energ\u00eda limpia y renovable<\/strong>.<\/span><\/p>\n<p>La popularidad y los recursos de la energ\u00eda solar van en aumento; sin embargo, hay muchas empresas y propietarios de viviendas que, por diversas razones, no tienen acceso a este recurso. Tal vez alquilen su espacio, vivan en edificios de varios inquilinos, tengan tejados que no soportan la tecnolog\u00eda o experimenten otros factores que dificultan el aprovechamiento de la energ\u00eda solar.<\/p>\n<p>La energ\u00eda solar comunitaria es una soluci\u00f3n. Mientras se construye una red el\u00e9ctrica m\u00e1s fuerte, distribuida y resistente. La energ\u00eda solar comunitaria proporciona a los propietarios de viviendas, empresas e inquilinos acceso a los beneficios de la generaci\u00f3n de energ\u00eda solar independientemente de las circunstancias individuales, especialmente a los hogares con ingresos bajos o moderados, que son los m\u00e1s directamente afectados por el acceso.<\/p>\n<\/div>\n<\/div><\/div><\/div><div id=\"pgc-7302-0-1\"  class=\"panel-grid-cell\" ><div id=\"panel-7302-0-1-0\" class=\"so-panel widget widget_image-box image-box-widget panel-first-child panel-last-child\" data-index=\"1\" ><div\n\t\t\t\n\t\t\tclass=\"so-widget-image-box so-widget-image-box-default-d75171398898-7302\"\n\t\t\t\n\t\t>\t\t<div class=\"image-box\">\n\t\t\t\t\t\t<div class=\"image\">\n\t\t\t\t<img decoding=\"async\" src=\"https:\/\/www.edf-re.com\/wp-content\/uploads\/commsolar-worker.png\">\n\t\t\t<\/div><!-- .image -->\n\t\t\t\t\t\t\t<div class=\"content\">\n\t\t\t\t\t<div class=\"inner\">\n\t\t\t\t\t\t\t\t\t\t\t\t\t<div class=\"pretitle\">\n\t\t\t\t\t\t\t\tEnerg\u00eda solar comunitaria\t\t\t\t\t\t\t<\/div><!-- .pretitle -->\n\t\t\t\t\t\t\t\t\t\t\t\t\t\t<div class=\"title\">\n\t\t\t\t\t\t\t\tDatos r\u00e1pidos\t\t\t\t\t\t\t<\/div><!-- .title -->\n\t\t\t\t\t\t\t\t\t\t\t\t\t\t<div class=\"description\">\n\t\t\t\t\t\t\t\tWashington D.C. y ~19 estados han fomentado las ventajas de compartir las energ\u00edas renovables mediante pol\u00edticas y programas gubernamentales.\t\t\t\t\t\t\t<\/div><!-- .description -->\n\t\t\t\t\t\t\t\t\t\t\t\t<\/div><!-- .inner -->\n\t\t\t\t<\/div><!-- .content -->\n\t\t\t\t\t\t<\/div><!-- .image-box -->\n\t\t<\/div><\/div><\/div><\/div><div id=\"pg-7302-1\"  class=\"panel-grid panel-has-style\" ><div class=\"siteorigin-panels-stretch panel-row-style panel-row-style-for-7302-1\" style=\"position:relative;\" data-stretch-type=\"full\" ><div class=\"page-builder-overlay\" style=\"background-color:rgba(16, 54, 122, 0.85);\"><\/div><div id=\"pgc-7302-1-0\"  class=\"panel-grid-cell\" ><div id=\"panel-7302-1-0-0\" class=\"so-panel widget widget_siteorigin-panels-builder panel-first-child panel-last-child\" data-index=\"2\" ><div id=\"pl-w6272ce430975c\"  class=\"panel-layout\" ><div id=\"pg-w6272ce430975c-0\"  class=\"panel-grid panel-has-style\" ><div class=\"siteorigin-panels-stretch panel-row-style panel-row-style-for-w6272ce430975c-0\" data-stretch-type=\"full\" ><div id=\"pgc-w6272ce430975c-0-0\"  class=\"panel-grid-cell\" ><div id=\"panel-w6272ce430975c-0-0-0\" class=\"so-panel widget widget_stats stats-widget panel-first-child panel-last-child\" data-index=\"0\" ><div class=\"panel-widget-style panel-widget-style-for-w6272ce430975c-0-0-0\" ><div\n\t\t\t\n\t\t\tclass=\"so-widget-stats so-widget-stats-default-d75171398898\"\n\t\t\t\n\t\t>\t<div class=\"flex\">\n\t\t\t\t\t<div class=\"stat vertical\">\n\t\t\t\t\t\t\t\t\t<div class=\"icon\">\n\t\t\t\t\t\t<i class=\"fa-light fa-solar-panel\"><\/i>\n\t\t\t\t\t<\/div><!-- .icon -->\n\t\t\t\t\t\t\t\t\t\t<div>\n\t\t\t\t\t\t<div class=\"number\">\n\t\t\t\t\t\t\t<span class=\"counter\" data-number=\"1256\">0<\/span>\t\t\t\t\t\t<\/div><!-- .number -->\n\t\t\t\t\t\t\t\t\t\t\t\t\t<div class=\"label\">\n\t\t\t\t\t\t\t\tproyectos*\t\t\t\t\t\t\t<\/div><!-- .label -->\n\t\t\t\t\t\t\t\t\t\t\t\t<\/div>\n\t\t\t\t\t\t\t\t<\/div><!-- .stat -->\n\t\t\t\t\t\t<div class=\"stat vertical\">\n\t\t\t\t\t\t\t\t\t<div class=\"icon\">\n\t\t\t\t\t\t<i class=\"fa-light fa-flag-usa\"><\/i>\n\t\t\t\t\t<\/div><!-- .icon -->\n\t\t\t\t\t\t\t\t\t\t<div>\n\t\t\t\t\t\t<div class=\"number\">\n\t\t\t\t\t\t\t<span class=\"counter\" data-number=\"42\">0<\/span>\t\t\t\t\t\t<\/div><!-- .number -->\n\t\t\t\t\t\t\t\t\t\t\t\t\t<div class=\"label\">\n\t\t\t\t\t\t\t\testados*\t\t\t\t\t\t\t<\/div><!-- .label -->\n\t\t\t\t\t\t\t\t\t\t\t\t<\/div>\n\t\t\t\t\t\t\t\t<\/div><!-- .stat -->\n\t\t\t\t\t\t<div class=\"stat vertical\">\n\t\t\t\t\t\t\t\t\t<div class=\"icon\">\n\t\t\t\t\t\t<i class=\"fa-light fa-bolt\"><\/i>\n\t\t\t\t\t<\/div><!-- .icon -->\n\t\t\t\t\t\t\t\t\t\t<div>\n\t\t\t\t\t\t<div class=\"number\">\n\t\t\t\t\t\t\t<span class=\"counter\" data-number=\"26249\">0<\/span>\t\t\t\t\t\t\t\t<span class=\"append\">MW<\/span>\n\t\t\t\t\t\t\t\t\t\t\t\t\t\t<\/div><!-- .number -->\n\t\t\t\t\t\t\t\t\t\t\t\t\t<div class=\"label\">\n\t\t\t\t\t\t\t\tenerg\u00eda generada*\t\t\t\t\t\t\t<\/div><!-- .label -->\n\t\t\t\t\t\t\t\t\t\t\t\t<\/div>\n\t\t\t\t\t\t\t\t<\/div><!-- .stat -->\n\t\t\t\t<\/div><!-- .flex -->\n\t<\/div><\/div><\/div><\/div><\/div><\/div><div id=\"pg-w6272ce430975c-1\"  class=\"panel-grid panel-no-style\" ><div id=\"pgc-w6272ce430975c-1-0\"  class=\"panel-grid-cell\" ><div id=\"panel-w6272ce430975c-1-0-0\" class=\"so-panel widget widget_sow-editor panel-first-child panel-last-child\" data-index=\"1\" ><div class=\"panel-widget-style panel-widget-style-for-w6272ce430975c-1-0-0\" ><div\n\t\t\t\n\t\t\tclass=\"so-widget-sow-editor so-widget-sow-editor-base\"\n\t\t\t\n\t\t>\n<div class=\"siteorigin-widget-tinymce textwidget\">\n\t<p class=\"small-font\" style=\"text-align: center;\">*NREL Junio 2020 Compartir la base de datos del sol<\/p>\n<\/div>\n<\/div><\/div><\/div><\/div><\/div><\/div><\/div><\/div><\/div><\/div><div id=\"pg-7302-2\"  class=\"panel-grid panel-no-style\" ><div id=\"pgc-7302-2-0\"  class=\"panel-grid-cell\" ><div id=\"panel-7302-2-0-0\" class=\"so-panel widget widget_sow-editor panel-first-child panel-last-child\" data-index=\"3\" ><div\n\t\t\t\n\t\t\tclass=\"so-widget-sow-editor so-widget-sow-editor-base\"\n\t\t\t\n\t\t>\n<div class=\"siteorigin-widget-tinymce textwidget\">\n\t<p class=\"x-large-font\"><span style=\"color: #10367a;\">La igualdad de acceso a la <strong>beneficios que la generaci\u00f3n solar<\/strong> tiene que ofrecer.<\/span><\/p>\n<p>La energ\u00eda solar comunitaria puede compensar los costes de electricidad de los residentes, las organizaciones, las peque\u00f1as empresas, etc., permiti\u00e9ndoles recibir cr\u00e9ditos en la factura de la electricidad por la energ\u00eda producida por su parte del conjunto solar.<\/p>\n<p>Si no puede instalar un sistema de energ\u00eda solar directamente en su propiedad, Community Solar le permite acceder en igualdad de condiciones a los beneficios econ\u00f3micos y medioambientales que ofrece la generaci\u00f3n solar, independientemente de las limitaciones f\u00edsicas o de la propiedad de su inmueble.<\/p>\n<p>Las instalaciones solares comunitarias suelen ser de menos de cinco MW y se colocan en terrenos alquilados. Var\u00edan en tama\u00f1o y los terrenos afectados se devuelven f\u00e1cilmente a su estado original despu\u00e9s de que el proyecto haya cumplido su vida \u00fatil.<\/p>\n<\/div>\n<\/div><\/div><\/div><div id=\"pgc-7302-2-1\"  class=\"panel-grid-cell\" ><div id=\"panel-7302-2-1-0\" class=\"so-panel widget widget_image-box image-box-widget panel-first-child panel-last-child\" data-index=\"4\" ><div\n\t\t\t\n\t\t\tclass=\"so-widget-image-box so-widget-image-box-default-d75171398898-7302\"\n\t\t\t\n\t\t>\t\t<div class=\"image-box\">\n\t\t\t\t\t\t<div class=\"image\">\n\t\t\t\t<img decoding=\"async\" src=\"https:\/\/www.edf-re.com\/wp-content\/uploads\/community-solar-box-2.jpg\">\n\t\t\t<\/div><!-- .image -->\n\t\t\t\t\t\t\t<div class=\"content\">\n\t\t\t\t\t<div class=\"inner\">\n\t\t\t\t\t\t\t\t\t\t\t\t\t<div class=\"pretitle\">\n\t\t\t\t\t\t\t\tEnerg\u00eda solar comunitaria\t\t\t\t\t\t\t<\/div><!-- .pretitle -->\n\t\t\t\t\t\t\t\t\t\t\t\t\t\t<div class=\"title\">\n\t\t\t\t\t\t\t\tDatos r\u00e1pidos\t\t\t\t\t\t\t<\/div><!-- .title -->\n\t\t\t\t\t\t\t\t\t\t\t\t\t\t<div class=\"description\">\n\t\t\t\t\t\t\t\tEl mercado solar comunitario a\u00f1adir\u00e1 m\u00e1s de cuatro GW de capacidad total en los pr\u00f3ximos cinco a\u00f1os.\t\t\t\t\t\t\t<\/div><!-- .description -->\n\t\t\t\t\t\t\t\t\t\t\t\t<\/div><!-- .inner -->\n\t\t\t\t<\/div><!-- .content -->\n\t\t\t\t\t\t<\/div><!-- .image-box -->\n\t\t<\/div><\/div><\/div><\/div><div id=\"pg-7302-3\"  class=\"panel-grid panel-no-style\" ><div id=\"pgc-7302-3-0\"  class=\"panel-grid-cell\" ><div id=\"panel-7302-3-0-0\" class=\"so-panel widget widget_separator separator-widget panel-first-child panel-last-child\" data-index=\"5\" ><div\n\t\t\t\n\t\t\tclass=\"so-widget-separator so-widget-separator-default-d75171398898-7302\"\n\t\t\t\n\t\t>\t<hr>\n\t<\/div><\/div><\/div><\/div><div id=\"pg-7302-4\"  class=\"panel-grid panel-no-style\" ><div id=\"pgc-7302-4-0\"  class=\"panel-grid-cell\" ><div id=\"panel-7302-4-0-0\" class=\"so-panel widget widget_siteorigin-panels-builder panel-first-child panel-last-child\" data-index=\"6\" ><div id=\"pl-w62729cbd910da\"  class=\"panel-layout\" ><div id=\"pg-w62729cbd910da-0\"  class=\"panel-grid panel-no-style\" ><div id=\"pgc-w62729cbd910da-0-0\"  class=\"panel-grid-cell\" ><div id=\"panel-w62729cbd910da-0-0-0\" class=\"so-panel widget widget_sow-editor panel-first-child panel-last-child\" data-index=\"0\" ><div\n\t\t\t\n\t\t\tclass=\"so-widget-sow-editor so-widget-sow-editor-base\"\n\t\t\t\n\t\t>\n<div class=\"siteorigin-widget-tinymce textwidget\">\n\t<p class=\"x-large-font\" style=\"text-align: center;\"><span style=\"color: #10367a;\">M\u00e1s informaci\u00f3n sobre nuestro <strong>Proyectos solares comunitarios<\/strong><\/span><\/p>\n<\/div>\n<\/div><\/div><\/div><\/div><div id=\"pg-w62729cbd910da-1\"  class=\"panel-grid panel-no-style\" ><div id=\"pgc-w62729cbd910da-1-0\"  class=\"panel-grid-cell\" ><div id=\"panel-w62729cbd910da-1-0-0\" class=\"so-panel widget widget_separator separator-widget panel-first-child panel-last-child\" data-index=\"1\" ><div\n\t\t\t\n\t\t\tclass=\"so-widget-separator so-widget-separator-default-d75171398898\"\n\t\t\t\n\t\t>\t<i class=\"fa-light fa-chevron-down\" style=\"font-size:60px;color:#efefef;\"><\/i>\n\t<\/div><\/div><\/div><\/div><div id=\"pg-w62729cbd910da-2\"  class=\"panel-grid panel-no-style\" ><div id=\"pgc-w62729cbd910da-2-0\"  class=\"panel-grid-cell\" ><div id=\"panel-w62729cbd910da-2-0-0\" class=\"so-panel widget widget_panels panels-widget panel-first-child panel-last-child\" data-index=\"2\" ><div\n\t\t\t\n\t\t\tclass=\"so-widget-panels so-widget-panels-default-d75171398898\"\n\t\t\t\n\t\t>\t<div class=\"panels\" data-panels-to-show=\"4\">\n\t\t\t\t\t\t\t<div class=\"panel\">\n\t\t\t\t\t\t<a href=\"https:\/\/www.edf-re.com\/es\/nueva-york\/\" target=\"_blank\">\n\t\t\t\t\t\t\t<img decoding=\"async\" src=\"https:\/\/www.edf-re.com\/wp-content\/uploads\/new-york-panel.jpg\">\n\t\t\t\t\t\t\t\t\t\t\t\t\t\t\t<div class=\"content\">\n\t\t\t\t\t\t\t\t\t\t\t\t\t\t\t\t\t\t\t<div class=\"title\">\n\t\t\t\t\t\t\t\t\t\t\tNueva York\t\t\t\t\t\t\t\t\t\t<\/div><!-- .title -->\n\t\t\t\t\t\t\t\t\t\t\t\t\t\t\t\t\t\t<\/div><!-- .content -->\n\t\t\t\t\t\t\t\t\t\t\t\t\t\t\t<div class=\"overlay\"><\/div>\n\t\t\t\t\t\t<\/a>\n\t\t\t\t\t<\/div><!-- .panel -->\n\t\t\t\t\t\t\t\t\t\t<div class=\"panel\">\n\t\t\t\t\t\t<a href=\"https:\/\/www.edf-re.com\/es\/new-jersey\/\" target=\"_blank\">\n\t\t\t\t\t\t\t<img decoding=\"async\" src=\"https:\/\/www.edf-re.com\/wp-content\/uploads\/new-jersey-panel.jpg\">\n\t\t\t\t\t\t\t\t\t\t\t\t\t\t\t<div class=\"content\">\n\t\t\t\t\t\t\t\t\t\t\t\t\t\t\t\t\t\t\t<div class=\"title\">\n\t\t\t\t\t\t\t\t\t\t\tNueva Jersey\t\t\t\t\t\t\t\t\t\t<\/div><!-- .title -->\n\t\t\t\t\t\t\t\t\t\t\t\t\t\t\t\t\t\t<\/div><!-- .content -->\n\t\t\t\t\t\t\t\t\t\t\t\t\t\t\t<div class=\"overlay\"><\/div>\n\t\t\t\t\t\t<\/a>\n\t\t\t\t\t<\/div><!-- .panel -->\n\t\t\t\t\t\t\t\t\t\t<div class=\"panel\">\n\t\t\t\t\t\t<a href=\"https:\/\/www.edf-re.com\/es\/nuevo-mexico\/\" target=\"_blank\">\n\t\t\t\t\t\t\t<img decoding=\"async\" src=\"https:\/\/www.edf-re.com\/wp-content\/uploads\/new-mexico-panel.jpg\">\n\t\t\t\t\t\t\t\t\t\t\t\t\t\t\t<div class=\"content\">\n\t\t\t\t\t\t\t\t\t\t\t\t\t\t\t\t\t\t\t<div class=\"title\">\n\t\t\t\t\t\t\t\t\t\t\tNuevo M\u00e9xico\t\t\t\t\t\t\t\t\t\t<\/div><!-- .title -->\n\t\t\t\t\t\t\t\t\t\t\t\t\t\t\t\t\t\t<\/div><!-- .content -->\n\t\t\t\t\t\t\t\t\t\t\t\t\t\t\t<div class=\"overlay\"><\/div>\n\t\t\t\t\t\t<\/a>\n\t\t\t\t\t<\/div><!-- .panel -->\n\t\t\t\t\t\t\t\t\t\t<div class=\"panel\">\n\t\t\t\t\t\t<a href=\"https:\/\/www.edf-re.com\/es\/pennsylvania\/\" target=\"_blank\">\n\t\t\t\t\t\t\t<img decoding=\"async\" src=\"https:\/\/www.edf-re.com\/wp-content\/uploads\/pennsylvania-panel.jpg\">\n\t\t\t\t\t\t\t\t\t\t\t\t\t\t\t<div class=\"content\">\n\t\t\t\t\t\t\t\t\t\t\t\t\t\t\t\t\t\t\t<div class=\"title\">\n\t\t\t\t\t\t\t\t\t\t\tPennsylvania\t\t\t\t\t\t\t\t\t\t<\/div><!-- .title -->\n\t\t\t\t\t\t\t\t\t\t\t\t\t\t\t\t\t\t<\/div><!-- .content -->\n\t\t\t\t\t\t\t\t\t\t\t\t\t\t\t<div class=\"overlay\"><\/div>\n\t\t\t\t\t\t<\/a>\n\t\t\t\t\t<\/div><!-- .panel -->\n\t\t\t\t\t\t<\/div><!-- .panels -->\n\t<div class=\"arrows\"><\/div>\n\t<\/div><\/div><\/div><\/div><\/div><\/div><\/div><\/div><\/div>","protected":false},"excerpt":{"rendered":"<p>Garantizar que residentes de todos los ingresos tengan acceso a una energ\u00eda limpia y renovable. La popularidad y los recursos de la energ\u00eda solar son cada vez mayores; sin embargo, hay muchas empresas y propietarios que, por diversas razones, no tienen acceso a este recurso. Tal vez alquilen su espacio, vivan en edificios de varios inquilinos, tengan tejados que no pueden soportar [...]<\/p>","protected":false},"author":1,"featured_media":0,"parent":4917,"menu_order":7,"comment_status":"closed","ping_status":"closed","template":"","meta":{"_acf_changed":false,"footnotes":""},"class_list":["post-7302","page","type-page","status-publish","hentry"],"acf":[],"yoast_head":"<!-- This site is optimized with the Yoast SEO plugin v26.8 - https:\/\/yoast.com\/product\/yoast-seo-wordpress\/ -->\n<title>Community Solar - EDF power solutions North America<\/title>\n<meta name=\"robots\" content=\"index, follow, max-snippet:-1, max-image-preview:large, max-video-preview:-1\" \/>\n<link rel=\"canonical\" href=\"https:\/\/www.edf-re.com\/es\/lo-que-hacemos\/solar-distribuida\/solar-comunitaria\/\" \/>\n<meta property=\"og:locale\" content=\"es_MX\" \/>\n<meta property=\"og:type\" content=\"article\" \/>\n<meta property=\"og:title\" content=\"Community Solar - EDF power solutions North America\" \/>\n<meta property=\"og:description\" content=\"Ensuring that residents of all incomes have access to clean, renewable energy. The popularity and resourcefulness of solar energy is gaining; however, there are many businesses and homeowners who, for any number of reasons, do not have access to this resource. Perhaps they rent their space, live in multi-tenant buildings, have roofs that cannot support [&hellip;]\" \/>\n<meta property=\"og:url\" content=\"https:\/\/www.edf-re.com\/es\/lo-que-hacemos\/solar-distribuida\/solar-comunitaria\/\" \/>\n<meta property=\"og:site_name\" content=\"EDF power solutions North America\" \/>\n<meta property=\"article:modified_time\" content=\"2025-05-08T14:35:00+00:00\" \/>\n<meta property=\"og:image\" content=\"https:\/\/www.edf-re.com\/wp-content\/uploads\/logo_edf_power_solutions_RGB-no-buffer-zone.png\" \/>\n\t<meta property=\"og:image:width\" content=\"2000\" \/>\n\t<meta property=\"og:image:height\" content=\"702\" \/>\n\t<meta property=\"og:image:type\" content=\"image\/png\" \/>\n<meta name=\"twitter:card\" content=\"summary_large_image\" \/>\n<meta name=\"twitter:label1\" content=\"Tiempo de lectura\" \/>\n\t<meta name=\"twitter:data1\" content=\"3 minutos\" \/>\n<script type=\"application\/ld+json\" class=\"yoast-schema-graph\">{\"@context\":\"https:\/\/schema.org\",\"@graph\":[{\"@type\":\"WebPage\",\"@id\":\"https:\/\/www.edf-re.com\/what-we-do\/distributed-solar\/community-solar\/\",\"url\":\"https:\/\/www.edf-re.com\/what-we-do\/distributed-solar\/community-solar\/\",\"name\":\"Community Solar - EDF power solutions North America\",\"isPartOf\":{\"@id\":\"https:\/\/www.edf-re.com\/#website\"},\"datePublished\":\"2022-05-03T20:37:54+00:00\",\"dateModified\":\"2025-05-08T14:35:00+00:00\",\"breadcrumb\":{\"@id\":\"https:\/\/www.edf-re.com\/what-we-do\/distributed-solar\/community-solar\/#breadcrumb\"},\"inLanguage\":\"es\",\"potentialAction\":[{\"@type\":\"ReadAction\",\"target\":[\"https:\/\/www.edf-re.com\/what-we-do\/distributed-solar\/community-solar\/\"]}]},{\"@type\":\"BreadcrumbList\",\"@id\":\"https:\/\/www.edf-re.com\/what-we-do\/distributed-solar\/community-solar\/#breadcrumb\",\"itemListElement\":[{\"@type\":\"ListItem\",\"position\":1,\"name\":\"Home\",\"item\":\"https:\/\/www.edf-re.com\/\"},{\"@type\":\"ListItem\",\"position\":2,\"name\":\"What We Do\",\"item\":\"https:\/\/www.edf-re.com\/what-we-do\/\"},{\"@type\":\"ListItem\",\"position\":3,\"name\":\"Distribution-Scale Solar\",\"item\":\"https:\/\/www.edf-re.com\/what-we-do\/distributed-solar\/\"},{\"@type\":\"ListItem\",\"position\":4,\"name\":\"Community Solar\"}]},{\"@type\":\"WebSite\",\"@id\":\"https:\/\/www.edf-re.com\/#website\",\"url\":\"https:\/\/www.edf-re.com\/\",\"name\":\"EDF power solutions North America\",\"description\":\"\",\"publisher\":{\"@id\":\"https:\/\/www.edf-re.com\/#organization\"},\"potentialAction\":[{\"@type\":\"SearchAction\",\"target\":{\"@type\":\"EntryPoint\",\"urlTemplate\":\"https:\/\/www.edf-re.com\/?s={search_term_string}\"},\"query-input\":{\"@type\":\"PropertyValueSpecification\",\"valueRequired\":true,\"valueName\":\"search_term_string\"}}],\"inLanguage\":\"es\"},{\"@type\":\"Organization\",\"@id\":\"https:\/\/www.edf-re.com\/#organization\",\"name\":\"EDF Renewables North America\",\"url\":\"https:\/\/www.edf-re.com\/\",\"logo\":{\"@type\":\"ImageObject\",\"inLanguage\":\"es\",\"@id\":\"https:\/\/www.edf-re.com\/#\/schema\/logo\/image\/\",\"url\":\"https:\/\/www.edf-re.com\/wp-content\/uploads\/edfr-logo-1.png\",\"contentUrl\":\"https:\/\/www.edf-re.com\/wp-content\/uploads\/edfr-logo-1.png\",\"width\":600,\"height\":291,\"caption\":\"EDF Renewables North America\"},\"image\":{\"@id\":\"https:\/\/www.edf-re.com\/#\/schema\/logo\/image\/\"}}]}<\/script>\n<!-- \/ Yoast SEO plugin. -->","yoast_head_json":{"title":"Community Solar - EDF power solutions Norteam\u00e9rica","robots":{"index":"index","follow":"follow","max-snippet":"max-snippet:-1","max-image-preview":"max-image-preview:large","max-video-preview":"max-video-preview:-1"},"canonical":"https:\/\/www.edf-re.com\/es\/lo-que-hacemos\/solar-distribuida\/solar-comunitaria\/","og_locale":"es_MX","og_type":"article","og_title":"Community Solar - EDF power solutions North America","og_description":"Ensuring that residents of all incomes have access to clean, renewable energy. The popularity and resourcefulness of solar energy is gaining; however, there are many businesses and homeowners who, for any number of reasons, do not have access to this resource. Perhaps they rent their space, live in multi-tenant buildings, have roofs that cannot support [&hellip;]","og_url":"https:\/\/www.edf-re.com\/es\/lo-que-hacemos\/solar-distribuida\/solar-comunitaria\/","og_site_name":"EDF power solutions North America","article_modified_time":"2025-05-08T14:35:00+00:00","og_image":[{"width":2000,"height":702,"url":"https:\/\/www.edf-re.com\/wp-content\/uploads\/logo_edf_power_solutions_RGB-no-buffer-zone.png","type":"image\/png"}],"twitter_card":"summary_large_image","twitter_misc":{"Tiempo de lectura":"3 minutos"},"schema":{"@context":"https:\/\/schema.org","@graph":[{"@type":"WebPage","@id":"https:\/\/www.edf-re.com\/what-we-do\/distributed-solar\/community-solar\/","url":"https:\/\/www.edf-re.com\/what-we-do\/distributed-solar\/community-solar\/","name":"Community Solar - EDF power solutions Norteam\u00e9rica","isPartOf":{"@id":"https:\/\/www.edf-re.com\/#website"},"datePublished":"2022-05-03T20:37:54+00:00","dateModified":"2025-05-08T14:35:00+00:00","breadcrumb":{"@id":"https:\/\/www.edf-re.com\/what-we-do\/distributed-solar\/community-solar\/#breadcrumb"},"inLanguage":"es","potentialAction":[{"@type":"ReadAction","target":["https:\/\/www.edf-re.com\/what-we-do\/distributed-solar\/community-solar\/"]}]},{"@type":"BreadcrumbList","@id":"https:\/\/www.edf-re.com\/what-we-do\/distributed-solar\/community-solar\/#breadcrumb","itemListElement":[{"@type":"ListItem","position":1,"name":"Home","item":"https:\/\/www.edf-re.com\/"},{"@type":"ListItem","position":2,"name":"What We Do","item":"https:\/\/www.edf-re.com\/what-we-do\/"},{"@type":"ListItem","position":3,"name":"Distribution-Scale Solar","item":"https:\/\/www.edf-re.com\/what-we-do\/distributed-solar\/"},{"@type":"ListItem","position":4,"name":"Community Solar"}]},{"@type":"WebSite","@id":"https:\/\/www.edf-re.com\/#website","url":"https:\/\/www.edf-re.com\/","name":"EDF power solutions Norteam\u00e9rica","description":"","publisher":{"@id":"https:\/\/www.edf-re.com\/#organization"},"potentialAction":[{"@type":"SearchAction","target":{"@type":"EntryPoint","urlTemplate":"https:\/\/www.edf-re.com\/?s={search_term_string}"},"query-input":{"@type":"PropertyValueSpecification","valueRequired":true,"valueName":"search_term_string"}}],"inLanguage":"es"},{"@type":"Organization","@id":"https:\/\/www.edf-re.com\/#organization","name":"EDF Renewables Norteam\u00e9rica","url":"https:\/\/www.edf-re.com\/","logo":{"@type":"ImageObject","inLanguage":"es","@id":"https:\/\/www.edf-re.com\/#\/schema\/logo\/image\/","url":"https:\/\/www.edf-re.com\/wp-content\/uploads\/edfr-logo-1.png","contentUrl":"https:\/\/www.edf-re.com\/wp-content\/uploads\/edfr-logo-1.png","width":600,"height":291,"caption":"EDF Renewables North America"},"image":{"@id":"https:\/\/www.edf-re.com\/#\/schema\/logo\/image\/"}}]}},"_links":{"self":[{"href":"https:\/\/www.edf-re.com\/es\/wp-json\/wp\/v2\/pages\/7302","targetHints":{"allow":["GET"]}}],"collection":[{"href":"https:\/\/www.edf-re.com\/es\/wp-json\/wp\/v2\/pages"}],"about":[{"href":"https:\/\/www.edf-re.com\/es\/wp-json\/wp\/v2\/types\/page"}],"author":[{"embeddable":true,"href":"https:\/\/www.edf-re.com\/es\/wp-json\/wp\/v2\/users\/1"}],"replies":[{"embeddable":true,"href":"https:\/\/www.edf-re.com\/es\/wp-json\/wp\/v2\/comments?post=7302"}],"version-history":[{"count":6,"href":"https:\/\/www.edf-re.com\/es\/wp-json\/wp\/v2\/pages\/7302\/revisions"}],"predecessor-version":[{"id":10601,"href":"https:\/\/www.edf-re.com\/es\/wp-json\/wp\/v2\/pages\/7302\/revisions\/10601"}],"up":[{"embeddable":true,"href":"https:\/\/www.edf-re.com\/es\/wp-json\/wp\/v2\/pages\/4917"}],"wp:attachment":[{"href":"https:\/\/www.edf-re.com\/es\/wp-json\/wp\/v2\/media?parent=7302"}],"curies":[{"name":"wp","href":"https:\/\/api.w.org\/{rel}","templated":true}]}}