{"id":773,"date":"2020-05-15T13:22:24","date_gmt":"2020-05-15T20:22:24","guid":{"rendered":"https:\/\/www.edf-re.com\/?page_id=773"},"modified":"2025-06-12T11:41:04","modified_gmt":"2025-06-12T18:41:04","slug":"liderazgo-intelectual","status":"publish","type":"page","link":"https:\/\/www.edf-re.com\/es\/noticias\/liderazgo-intelectual\/","title":{"rendered":"Liderazgo del pensamiento"},"content":{"rendered":"<div id=\"pl-773\"  class=\"panel-layout\" ><div id=\"pg-773-0\"  class=\"panel-grid panel-no-style\" ><div id=\"pgc-773-0-0\"  class=\"panel-grid-cell\" ><div id=\"panel-773-0-0-0\" class=\"so-panel widget widget_white-papers white-papers-widget panel-first-child panel-last-child\" data-index=\"0\" ><div\n\t\t\t\n\t\t\tclass=\"so-widget-white-papers so-widget-white-papers-default-d75171398898-773\"\n\t\t\t\n\t\t>\t<div class=\"white-papers\">\n\t\t\t\t\t<div class=\"white-paper\">\n\t\t\t\t<div class=\"flex\">\n\t\t\t\t\t<div class=\"left\">\n\t\t\t\t\t\t<a href=\"https:\/\/www.edf-re.com\/flipbook\/10082\" target=\"_blank\">\n\t\t\t\t\t\t\t<div class=\"paper-image\">\n\t\t\t\t\t\t\t\t\t\t\t\t\t\t\t\t\t<img decoding=\"async\" src=\"https:\/\/www.edf-re.com\/wp-content\/uploads\/SolarRecyclingWhitePaper_Cover.png\">\n\t\t\t\t\t\t\t\t\t\t\t\t\t\t\t\t<\/div><!-- .paper-image -->\n\t\t\t\t\t\t\t\t\t\t\t\t\t<\/a>\n\t\t\t\t\t<\/div><!-- .left -->\n\t\t\t\t\t<div class=\"right\">\n\t\t\t\t\t\t<div class=\"title\">\n\t\t\t\t\t\t\t<a href=\"https:\/\/www.edf-re.com\/flipbook\/10082\" target=\"_blank\">Estado del reciclaje de paneles solares: Mercado, tecnolog\u00eda y pol\u00edtica<\/a>\n\t\t\t\t\t\t<\/div><!-- .title -->\n\t\t\t\t\t\t\t\t\t\t\t<\/div><!-- .right -->\n\t\t\t\t<\/div><!-- .flex -->\n\t\t\t<\/div><!-- .white-paper -->\n\t\t\t\t\t\t<div class=\"white-paper\">\n\t\t\t\t<div class=\"flex\">\n\t\t\t\t\t<div class=\"left\">\n\t\t\t\t\t\t<a href=\"https:\/\/www.edf-re.com\/flipbook\/8626\" target=\"_blank\">\n\t\t\t\t\t\t\t<div class=\"paper-image\">\n\t\t\t\t\t\t\t\t\t\t\t\t\t\t\t\t\t<img decoding=\"async\" src=\"https:\/\/www.edf-re.com\/wp-content\/uploads\/Thought-Leadership-April-2023-240x300.png\">\n\t\t\t\t\t\t\t\t\t\t\t\t\t\t\t\t<\/div><!-- .paper-image -->\n\t\t\t\t\t\t\t\t\t\t\t\t\t<\/a>\n\t\t\t\t\t<\/div><!-- .left -->\n\t\t\t\t\t<div class=\"right\">\n\t\t\t\t\t\t<div class=\"title\">\n\t\t\t\t\t\t\t<a href=\"https:\/\/www.edf-re.com\/flipbook\/8626\" target=\"_blank\">El riesgo de congesti\u00f3n, un reto para el desarrollo de proyectos de energ\u00eda limpia<\/a>\n\t\t\t\t\t\t<\/div><!-- .title -->\n\t\t\t\t\t\t\t\t\t\t\t<\/div><!-- .right -->\n\t\t\t\t<\/div><!-- .flex -->\n\t\t\t<\/div><!-- .white-paper -->\n\t\t\t\t\t\t<div class=\"white-paper\">\n\t\t\t\t<div class=\"flex\">\n\t\t\t\t\t<div class=\"left\">\n\t\t\t\t\t\t<a href=\"https:\/\/www.edf-re.com\/flipbook\/10732\" target=\"_blank\">\n\t\t\t\t\t\t\t<div class=\"paper-image\">\n\t\t\t\t\t\t\t\t\t\t\t\t\t\t\t\t\t<img decoding=\"async\" src=\"https:\/\/www.edf-re.com\/wp-content\/uploads\/SCADA-Front-Page-1-240x300.png\">\n\t\t\t\t\t\t\t\t\t\t\t\t\t\t\t\t<\/div><!-- .paper-image -->\n\t\t\t\t\t\t\t\t\t\t\t\t\t<\/a>\n\t\t\t\t\t<\/div><!-- .left -->\n\t\t\t\t\t<div class=\"right\">\n\t\t\t\t\t\t<div class=\"title\">\n\t\t\t\t\t\t\t<a href=\"https:\/\/www.edf-re.com\/flipbook\/10732\" target=\"_blank\">Servicios SCADA<\/a>\n\t\t\t\t\t\t<\/div><!-- .title -->\n\t\t\t\t\t\t\t\t\t\t\t<\/div><!-- .right -->\n\t\t\t\t<\/div><!-- .flex -->\n\t\t\t<\/div><!-- .white-paper -->\n\t\t\t\t\t\t<div class=\"white-paper\">\n\t\t\t\t<div class=\"flex\">\n\t\t\t\t\t<div class=\"left\">\n\t\t\t\t\t\t<a href=\"https:\/\/www.edf-re.com\/flipbook\/7577\" target=\"_blank\">\n\t\t\t\t\t\t\t<div class=\"paper-image\">\n\t\t\t\t\t\t\t\t\t\t\t\t\t\t\t\t\t<img decoding=\"async\" src=\"https:\/\/www.edf-re.com\/wp-content\/uploads\/Pace-240x300.jpg\">\n\t\t\t\t\t\t\t\t\t\t\t\t\t\t\t\t<\/div><!-- .paper-image -->\n\t\t\t\t\t\t\t\t\t\t\t\t\t<\/a>\n\t\t\t\t\t<\/div><!-- .left -->\n\t\t\t\t\t<div class=\"right\">\n\t\t\t\t\t\t<div class=\"title\">\n\t\t\t\t\t\t\t<a href=\"https:\/\/www.edf-re.com\/flipbook\/7577\" target=\"_blank\">Mantener las granjas familiares en la familia<\/a>\n\t\t\t\t\t\t<\/div><!-- .title -->\n\t\t\t\t\t\t\t\t\t\t\t<\/div><!-- .right -->\n\t\t\t\t<\/div><!-- .flex -->\n\t\t\t<\/div><!-- .white-paper -->\n\t\t\t\t\t\t<div class=\"white-paper\">\n\t\t\t\t<div class=\"flex\">\n\t\t\t\t\t<div class=\"left\">\n\t\t\t\t\t\t<a href=\"https:\/\/www.edf-re.com\/flipbook\/7073\" target=\"_blank\">\n\t\t\t\t\t\t\t<div class=\"paper-image\">\n\t\t\t\t\t\t\t\t\t\t\t\t\t\t\t\t\t<img decoding=\"async\" src=\"https:\/\/www.edf-re.com\/wp-content\/uploads\/Arrow-Canyon-Solar-Storage_White-Paper-3-2022-1-240x300.jpg\">\n\t\t\t\t\t\t\t\t\t\t\t\t\t\t\t\t<\/div><!-- .paper-image -->\n\t\t\t\t\t\t\t\t\t\t\t\t\t<\/a>\n\t\t\t\t\t<\/div><!-- .left -->\n\t\t\t\t\t<div class=\"right\">\n\t\t\t\t\t\t<div class=\"title\">\n\t\t\t\t\t\t\t<a href=\"https:\/\/www.edf-re.com\/flipbook\/7073\" target=\"_blank\">Construir un futuro energ\u00e9tico sostenible en el Valle de Moapa<\/a>\n\t\t\t\t\t\t<\/div><!-- .title -->\n\t\t\t\t\t\t\t\t\t\t\t<\/div><!-- .right -->\n\t\t\t\t<\/div><!-- .flex -->\n\t\t\t<\/div><!-- .white-paper -->\n\t\t\t\t\t\t<div class=\"white-paper\">\n\t\t\t\t<div class=\"flex\">\n\t\t\t\t\t<div class=\"left\">\n\t\t\t\t\t\t<a href=\"https:\/\/www.edf-re.com\/flipbook\/6900\" target=\"_blank\">\n\t\t\t\t\t\t\t<div class=\"paper-image\">\n\t\t\t\t\t\t\t\t\t\t\t\t\t\t\t\t\t<img decoding=\"async\" src=\"https:\/\/www.edf-re.com\/wp-content\/uploads\/GSP-Solar-Sheep-Success-White-Paper-22-01-09-1-240x300.jpg\">\n\t\t\t\t\t\t\t\t\t\t\t\t\t\t\t\t<\/div><!-- .paper-image -->\n\t\t\t\t\t\t\t\t\t\t\t\t\t<\/a>\n\t\t\t\t\t<\/div><!-- .left -->\n\t\t\t\t\t<div class=\"right\">\n\t\t\t\t\t\t<div class=\"title\">\n\t\t\t\t\t\t\t<a href=\"https:\/\/www.edf-re.com\/flipbook\/6900\" target=\"_blank\">Solar + Oveja = \u00a1\u00c9xito!<\/a>\n\t\t\t\t\t\t<\/div><!-- .title -->\n\t\t\t\t\t\t\t\t\t\t\t<\/div><!-- .right -->\n\t\t\t\t<\/div><!-- .flex -->\n\t\t\t<\/div><!-- .white-paper -->\n\t\t\t\t\t\t<div class=\"white-paper\">\n\t\t\t\t<div class=\"flex\">\n\t\t\t\t\t<div class=\"left\">\n\t\t\t\t\t\t<a href=\"https:\/\/www.edf-re.com\/flipbook\/6831\" target=\"_blank\">\n\t\t\t\t\t\t\t<div class=\"paper-image\">\n\t\t\t\t\t\t\t\t\t\t\t\t\t\t\t\t\t<img decoding=\"async\" src=\"https:\/\/www.edf-re.com\/wp-content\/uploads\/download-240x300.png\">\n\t\t\t\t\t\t\t\t\t\t\t\t\t\t\t\t<\/div><!-- .paper-image -->\n\t\t\t\t\t\t\t\t\t\t\t\t\t<\/a>\n\t\t\t\t\t<\/div><!-- .left -->\n\t\t\t\t\t<div class=\"right\">\n\t\t\t\t\t\t<div class=\"title\">\n\t\t\t\t\t\t\t<a href=\"https:\/\/www.edf-re.com\/flipbook\/6831\" target=\"_blank\">Aumentar la rentabilidad de los proyectos con un inventario centralizado<\/a>\n\t\t\t\t\t\t<\/div><!-- .title -->\n\t\t\t\t\t\t\t\t\t\t\t<\/div><!-- .right -->\n\t\t\t\t<\/div><!-- .flex -->\n\t\t\t<\/div><!-- .white-paper -->\n\t\t\t\t\t\t<div class=\"white-paper\">\n\t\t\t\t<div class=\"flex\">\n\t\t\t\t\t<div class=\"left\">\n\t\t\t\t\t\t<a href=\"https:\/\/www.edf-re.com\/flipbook\/833\" target=\"_blank\">\n\t\t\t\t\t\t\t<div class=\"paper-image\">\n\t\t\t\t\t\t\t\t\t\t\t\t\t\t\t\t\t<img decoding=\"async\" src=\"https:\/\/www.edf-re.com\/wp-content\/uploads\/additionality-white-paper-240x300.jpg\">\n\t\t\t\t\t\t\t\t\t\t\t\t\t\t\t\t<\/div><!-- .paper-image -->\n\t\t\t\t\t\t\t\t\t\t\t\t\t<\/a>\n\t\t\t\t\t<\/div><!-- .left -->\n\t\t\t\t\t<div class=\"right\">\n\t\t\t\t\t\t<div class=\"title\">\n\t\t\t\t\t\t\t<a href=\"https:\/\/www.edf-re.com\/flipbook\/833\" target=\"_blank\">C\u00f3mo ir m\u00e1s all\u00e1 de los REC y acelerar el compromiso de su empresa con la adicionalidad de la energ\u00eda limpia<\/a>\n\t\t\t\t\t\t<\/div><!-- .title -->\n\t\t\t\t\t\t\t\t\t\t\t<\/div><!-- .right -->\n\t\t\t\t<\/div><!-- .flex -->\n\t\t\t<\/div><!-- .white-paper -->\n\t\t\t\t\t\t<div class=\"white-paper\">\n\t\t\t\t<div class=\"flex\">\n\t\t\t\t\t<div class=\"left\">\n\t\t\t\t\t\t<a href=\"https:\/\/www.edf-re.com\/flipbook\/3033\" target=\"_blank\">\n\t\t\t\t\t\t\t<div class=\"paper-image\">\n\t\t\t\t\t\t\t\t\t\t\t\t\t\t\t\t\t<img decoding=\"async\" src=\"https:\/\/www.edf-re.com\/wp-content\/uploads\/future-proof-your-business-thumb-240x300.jpg\">\n\t\t\t\t\t\t\t\t\t\t\t\t\t\t\t\t<\/div><!-- .paper-image -->\n\t\t\t\t\t\t\t\t\t\t\t\t\t<\/a>\n\t\t\t\t\t<\/div><!-- .left -->\n\t\t\t\t\t<div class=\"right\">\n\t\t\t\t\t\t<div class=\"title\">\n\t\t\t\t\t\t\t<a href=\"https:\/\/www.edf-re.com\/flipbook\/3033\" target=\"_blank\">Prepare su negocio para el futuro con almacenamiento integrado, energ\u00eda solar y carga inteligente de veh\u00edculos el\u00e9ctricos<\/a>\n\t\t\t\t\t\t<\/div><!-- .title -->\n\t\t\t\t\t\t\t\t\t\t\t<\/div><!-- .right -->\n\t\t\t\t<\/div><!-- .flex -->\n\t\t\t<\/div><!-- .white-paper -->\n\t\t\t\t\t\t<div class=\"white-paper\">\n\t\t\t\t<div class=\"flex\">\n\t\t\t\t\t<div class=\"left\">\n\t\t\t\t\t\t<a href=\"https:\/\/www.edf-re.com\/flipbook\/828\" target=\"_blank\">\n\t\t\t\t\t\t\t<div class=\"paper-image\">\n\t\t\t\t\t\t\t\t\t\t\t\t\t\t\t\t\t<img decoding=\"async\" src=\"https:\/\/www.edf-re.com\/wp-content\/uploads\/sorting-out-the-renewable-procurement-puzzle-240x300.jpg\">\n\t\t\t\t\t\t\t\t\t\t\t\t\t\t\t\t<\/div><!-- .paper-image -->\n\t\t\t\t\t\t\t\t\t\t\t\t\t<\/a>\n\t\t\t\t\t<\/div><!-- .left -->\n\t\t\t\t\t<div class=\"right\">\n\t\t\t\t\t\t<div class=\"title\">\n\t\t\t\t\t\t\t<a href=\"https:\/\/www.edf-re.com\/flipbook\/828\" target=\"_blank\">Resolver el rompecabezas de la contrataci\u00f3n de energ\u00edas renovables<\/a>\n\t\t\t\t\t\t<\/div><!-- .title -->\n\t\t\t\t\t\t\t\t\t\t\t<\/div><!-- .right -->\n\t\t\t\t<\/div><!-- .flex -->\n\t\t\t<\/div><!-- .white-paper -->\n\t\t\t\t\t\t<div class=\"white-paper\">\n\t\t\t\t<div class=\"flex\">\n\t\t\t\t\t<div class=\"left\">\n\t\t\t\t\t\t<a href=\"https:\/\/www.edf-re.com\/flipbook\/3434\" target=\"_blank\">\n\t\t\t\t\t\t\t<div class=\"paper-image\">\n\t\t\t\t\t\t\t\t\t\t\t\t\t\t\t\t\t<img decoding=\"async\" src=\"https:\/\/www.edf-re.com\/wp-content\/uploads\/managing-energy-costs-thumb-240x300.jpg\">\n\t\t\t\t\t\t\t\t\t\t\t\t\t\t\t\t<\/div><!-- .paper-image -->\n\t\t\t\t\t\t\t\t\t\t\t\t\t<\/a>\n\t\t\t\t\t<\/div><!-- .left -->\n\t\t\t\t\t<div class=\"right\">\n\t\t\t\t\t\t<div class=\"title\">\n\t\t\t\t\t\t\t<a href=\"https:\/\/www.edf-re.com\/flipbook\/3434\" target=\"_blank\">Gesti\u00f3n de los costes energ\u00e9ticos con el almacenamiento de energ\u00eda<\/a>\n\t\t\t\t\t\t<\/div><!-- .title -->\n\t\t\t\t\t\t\t\t\t\t\t<\/div><!-- .right -->\n\t\t\t\t<\/div><!-- .flex -->\n\t\t\t<\/div><!-- .white-paper -->\n\t\t\t\t\t\t<div class=\"white-paper\">\n\t\t\t\t<div class=\"flex\">\n\t\t\t\t\t<div class=\"left\">\n\t\t\t\t\t\t<a href=\"https:\/\/www.edf-re.com\/flipbook\/826\" target=\"_blank\">\n\t\t\t\t\t\t\t<div class=\"paper-image\">\n\t\t\t\t\t\t\t\t\t\t\t\t\t\t\t\t\t<img decoding=\"async\" src=\"https:\/\/www.edf-re.com\/wp-content\/uploads\/knocking-on-the-utility-door-240x300.jpg\">\n\t\t\t\t\t\t\t\t\t\t\t\t\t\t\t\t<\/div><!-- .paper-image -->\n\t\t\t\t\t\t\t\t\t\t\t\t\t<\/a>\n\t\t\t\t\t<\/div><!-- .left -->\n\t\t\t\t\t<div class=\"right\">\n\t\t\t\t\t\t<div class=\"title\">\n\t\t\t\t\t\t\t<a href=\"https:\/\/www.edf-re.com\/flipbook\/826\" target=\"_blank\">Llamando a la puerta de los servicios p\u00fablicos<\/a>\n\t\t\t\t\t\t<\/div><!-- .title -->\n\t\t\t\t\t\t\t\t\t\t\t<\/div><!-- .right -->\n\t\t\t\t<\/div><!-- .flex -->\n\t\t\t<\/div><!-- .white-paper -->\n\t\t\t\t\t\t<div class=\"white-paper\">\n\t\t\t\t<div class=\"flex\">\n\t\t\t\t\t<div class=\"left\">\n\t\t\t\t\t\t<a href=\"https:\/\/www.edf-re.com\/flipbook\/821\" target=\"_blank\">\n\t\t\t\t\t\t\t<div class=\"paper-image\">\n\t\t\t\t\t\t\t\t\t\t\t\t\t\t\t\t\t<img decoding=\"async\" src=\"https:\/\/www.edf-re.com\/wp-content\/uploads\/the-evolution-of-the-digital-world-is-driving-change-for-renewable-energy-240x300.jpg\">\n\t\t\t\t\t\t\t\t\t\t\t\t\t\t\t\t<\/div><!-- .paper-image -->\n\t\t\t\t\t\t\t\t\t\t\t\t\t<\/a>\n\t\t\t\t\t<\/div><!-- .left -->\n\t\t\t\t\t<div class=\"right\">\n\t\t\t\t\t\t<div class=\"title\">\n\t\t\t\t\t\t\t<a href=\"https:\/\/www.edf-re.com\/flipbook\/821\" target=\"_blank\">La evoluci\u00f3n del mundo digital impulsa el cambio de las energ\u00edas renovables<\/a>\n\t\t\t\t\t\t<\/div><!-- .title -->\n\t\t\t\t\t\t\t\t\t\t\t<\/div><!-- .right -->\n\t\t\t\t<\/div><!-- .flex -->\n\t\t\t<\/div><!-- .white-paper -->\n\t\t\t\t\t\t<div class=\"white-paper\">\n\t\t\t\t<div class=\"flex\">\n\t\t\t\t\t<div class=\"left\">\n\t\t\t\t\t\t<a href=\"https:\/\/www.edf-re.com\/flipbook\/817\" target=\"_blank\">\n\t\t\t\t\t\t\t<div class=\"paper-image\">\n\t\t\t\t\t\t\t\t\t\t\t\t\t\t\t\t\t<img decoding=\"async\" src=\"https:\/\/www.edf-re.com\/wp-content\/uploads\/add-storage-to-your-solar-ppa-240x300.jpg\">\n\t\t\t\t\t\t\t\t\t\t\t\t\t\t\t\t<\/div><!-- .paper-image -->\n\t\t\t\t\t\t\t\t\t\t\t\t\t<\/a>\n\t\t\t\t\t<\/div><!-- .left -->\n\t\t\t\t\t<div class=\"right\">\n\t\t\t\t\t\t<div class=\"title\">\n\t\t\t\t\t\t\t<a href=\"https:\/\/www.edf-re.com\/flipbook\/817\" target=\"_blank\">Un sistema de almacenamiento de bater\u00edas puede ser el complemento perfecto para su nuevo PPA solar<\/a>\n\t\t\t\t\t\t<\/div><!-- .title -->\n\t\t\t\t\t\t\t\t\t\t\t<\/div><!-- .right -->\n\t\t\t\t<\/div><!-- .flex -->\n\t\t\t<\/div><!-- .white-paper -->\n\t\t\t\t\t\t<div class=\"white-paper\">\n\t\t\t\t<div class=\"flex\">\n\t\t\t\t\t<div class=\"left\">\n\t\t\t\t\t\t<a href=\"https:\/\/www.edf-re.com\/flipbook\/814\" target=\"_blank\">\n\t\t\t\t\t\t\t<div class=\"paper-image\">\n\t\t\t\t\t\t\t\t\t\t\t\t\t\t\t\t\t<img decoding=\"async\" src=\"https:\/\/www.edf-re.com\/wp-content\/uploads\/climbing-the-corporate-renewable-procurement-ladder-240x300.jpg\">\n\t\t\t\t\t\t\t\t\t\t\t\t\t\t\t\t<\/div><!-- .paper-image -->\n\t\t\t\t\t\t\t\t\t\t\t\t\t<\/a>\n\t\t\t\t\t<\/div><!-- .left -->\n\t\t\t\t\t<div class=\"right\">\n\t\t\t\t\t\t<div class=\"title\">\n\t\t\t\t\t\t\t<a href=\"https:\/\/www.edf-re.com\/flipbook\/814\" target=\"_blank\">Escalando la escalera corporativa (de compras de renovables)<\/a>\n\t\t\t\t\t\t<\/div><!-- .title -->\n\t\t\t\t\t\t\t\t\t\t\t<\/div><!-- .right -->\n\t\t\t\t<\/div><!-- .flex -->\n\t\t\t<\/div><!-- .white-paper -->\n\t\t\t\t\t\t<div class=\"white-paper\">\n\t\t\t\t<div class=\"flex\">\n\t\t\t\t\t<div class=\"left\">\n\t\t\t\t\t\t<a href=\"https:\/\/www.edf-re.com\/flipbook\/803\" target=\"_blank\">\n\t\t\t\t\t\t\t<div class=\"paper-image\">\n\t\t\t\t\t\t\t\t\t\t\t\t\t\t\t\t\t<img decoding=\"async\" src=\"https:\/\/www.edf-re.com\/wp-content\/uploads\/solar-and-electric-vehicles-240x300.jpg\">\n\t\t\t\t\t\t\t\t\t\t\t\t\t\t\t\t<\/div><!-- .paper-image -->\n\t\t\t\t\t\t\t\t\t\t\t\t\t<\/a>\n\t\t\t\t\t<\/div><!-- .left -->\n\t\t\t\t\t<div class=\"right\">\n\t\t\t\t\t\t<div class=\"title\">\n\t\t\t\t\t\t\t<a href=\"https:\/\/www.edf-re.com\/flipbook\/803\" target=\"_blank\">Energ\u00eda solar y veh\u00edculos el\u00e9ctricos: \u00bfqu\u00e9 hay que saber?<\/a>\n\t\t\t\t\t\t<\/div><!-- .title -->\n\t\t\t\t\t\t\t\t\t\t\t<\/div><!-- .right -->\n\t\t\t\t<\/div><!-- .flex -->\n\t\t\t<\/div><!-- .white-paper -->\n\t\t\t\t\t\t<div class=\"white-paper\">\n\t\t\t\t<div class=\"flex\">\n\t\t\t\t\t<div class=\"left\">\n\t\t\t\t\t\t<a href=\"https:\/\/www.edf-re.com\/flipbook\/798\" target=\"_blank\">\n\t\t\t\t\t\t\t<div class=\"paper-image\">\n\t\t\t\t\t\t\t\t\t\t\t\t\t\t\t\t\t<img decoding=\"async\" src=\"https:\/\/www.edf-re.com\/wp-content\/uploads\/business-of-standalone-grid-scale-240x300.jpg\">\n\t\t\t\t\t\t\t\t\t\t\t\t\t\t\t\t<\/div><!-- .paper-image -->\n\t\t\t\t\t\t\t\t\t\t\t\t\t<\/a>\n\t\t\t\t\t<\/div><!-- .left -->\n\t\t\t\t\t<div class=\"right\">\n\t\t\t\t\t\t<div class=\"title\">\n\t\t\t\t\t\t\t<a href=\"https:\/\/www.edf-re.com\/flipbook\/798\" target=\"_blank\">El negocio del almacenamiento de energ\u00eda a escala de la red en los estados del norte<\/a>\n\t\t\t\t\t\t<\/div><!-- .title -->\n\t\t\t\t\t\t\t\t\t\t\t<\/div><!-- .right -->\n\t\t\t\t<\/div><!-- .flex -->\n\t\t\t<\/div><!-- .white-paper -->\n\t\t\t\t<\/div><!-- .white-papers -->\n\t<\/div><\/div><\/div><\/div><\/div>","protected":false},"excerpt":{"rendered":"","protected":false},"author":1,"featured_media":0,"parent":769,"menu_order":35,"comment_status":"closed","ping_status":"closed","template":"","meta":{"_acf_changed":false,"footnotes":""},"class_list":["post-773","page","type-page","status-publish","hentry"],"acf":[],"yoast_head":"<!-- This site is optimized with the Yoast SEO plugin v26.8 - https:\/\/yoast.com\/product\/yoast-seo-wordpress\/ -->\n<title>EDF power solutions NA White Papers | EV Charging, Battery Storage<\/title>\n<meta name=\"description\" content=\"EDF power solutions NA White Papers from Erik Ejups on Grid-Scale energy | Joni Hamson on EV Charging | Michael Pariser on Battery Storage\" \/>\n<meta name=\"robots\" content=\"index, follow, max-snippet:-1, max-image-preview:large, max-video-preview:-1\" \/>\n<link rel=\"canonical\" href=\"https:\/\/www.edf-re.com\/es\/noticias\/liderazgo-intelectual\/\" \/>\n<meta property=\"og:locale\" content=\"es_MX\" \/>\n<meta property=\"og:type\" content=\"article\" \/>\n<meta property=\"og:title\" content=\"EDF power solutions NA White Papers | EV Charging, Battery Storage\" \/>\n<meta property=\"og:description\" content=\"EDF power solutions NA White Papers from Erik Ejups on Grid-Scale energy | Joni Hamson on EV Charging | Michael Pariser on Battery Storage\" \/>\n<meta property=\"og:url\" content=\"https:\/\/www.edf-re.com\/es\/noticias\/liderazgo-intelectual\/\" \/>\n<meta property=\"og:site_name\" content=\"EDF power solutions North America\" \/>\n<meta property=\"article:modified_time\" content=\"2025-06-12T18:41:04+00:00\" \/>\n<meta property=\"og:image\" content=\"https:\/\/www.edf-re.com\/wp-content\/uploads\/logo_edf_power_solutions_RGB-no-buffer-zone.png\" \/>\n\t<meta property=\"og:image:width\" content=\"2000\" \/>\n\t<meta property=\"og:image:height\" content=\"702\" \/>\n\t<meta property=\"og:image:type\" content=\"image\/png\" \/>\n<meta name=\"twitter:card\" content=\"summary_large_image\" \/>\n<meta name=\"twitter:label1\" content=\"Tiempo de lectura\" \/>\n\t<meta name=\"twitter:data1\" content=\"5 minutos\" \/>\n<script type=\"application\/ld+json\" class=\"yoast-schema-graph\">{\"@context\":\"https:\/\/schema.org\",\"@graph\":[{\"@type\":\"WebPage\",\"@id\":\"https:\/\/www.edf-re.com\/news\/thought-leadership\/\",\"url\":\"https:\/\/www.edf-re.com\/news\/thought-leadership\/\",\"name\":\"EDF power solutions NA White Papers | EV Charging, Battery Storage\",\"isPartOf\":{\"@id\":\"https:\/\/www.edf-re.com\/#website\"},\"datePublished\":\"2020-05-15T20:22:24+00:00\",\"dateModified\":\"2025-06-12T18:41:04+00:00\",\"description\":\"EDF power solutions NA White Papers from Erik Ejups on Grid-Scale energy | Joni Hamson on EV Charging | Michael Pariser on Battery Storage\",\"breadcrumb\":{\"@id\":\"https:\/\/www.edf-re.com\/news\/thought-leadership\/#breadcrumb\"},\"inLanguage\":\"es\",\"potentialAction\":[{\"@type\":\"ReadAction\",\"target\":[\"https:\/\/www.edf-re.com\/news\/thought-leadership\/\"]}]},{\"@type\":\"BreadcrumbList\",\"@id\":\"https:\/\/www.edf-re.com\/news\/thought-leadership\/#breadcrumb\",\"itemListElement\":[{\"@type\":\"ListItem\",\"position\":1,\"name\":\"Home\",\"item\":\"https:\/\/www.edf-re.com\/\"},{\"@type\":\"ListItem\",\"position\":2,\"name\":\"News\",\"item\":\"https:\/\/www.edf-re.com\/news\/\"},{\"@type\":\"ListItem\",\"position\":3,\"name\":\"Thought Leadership\"}]},{\"@type\":\"WebSite\",\"@id\":\"https:\/\/www.edf-re.com\/#website\",\"url\":\"https:\/\/www.edf-re.com\/\",\"name\":\"EDF power solutions North America\",\"description\":\"\",\"publisher\":{\"@id\":\"https:\/\/www.edf-re.com\/#organization\"},\"potentialAction\":[{\"@type\":\"SearchAction\",\"target\":{\"@type\":\"EntryPoint\",\"urlTemplate\":\"https:\/\/www.edf-re.com\/?s={search_term_string}\"},\"query-input\":{\"@type\":\"PropertyValueSpecification\",\"valueRequired\":true,\"valueName\":\"search_term_string\"}}],\"inLanguage\":\"es\"},{\"@type\":\"Organization\",\"@id\":\"https:\/\/www.edf-re.com\/#organization\",\"name\":\"EDF Renewables North America\",\"url\":\"https:\/\/www.edf-re.com\/\",\"logo\":{\"@type\":\"ImageObject\",\"inLanguage\":\"es\",\"@id\":\"https:\/\/www.edf-re.com\/#\/schema\/logo\/image\/\",\"url\":\"https:\/\/www.edf-re.com\/wp-content\/uploads\/edfr-logo-1.png\",\"contentUrl\":\"https:\/\/www.edf-re.com\/wp-content\/uploads\/edfr-logo-1.png\",\"width\":600,\"height\":291,\"caption\":\"EDF Renewables North America\"},\"image\":{\"@id\":\"https:\/\/www.edf-re.com\/#\/schema\/logo\/image\/\"}}]}<\/script>\n<!-- \/ Yoast SEO plugin. -->","yoast_head_json":{"title":"EDF power solutions NA White Papers | Carga de VE, Almacenamiento de bater\u00edas","description":"EDF power solutions NA White Papers de Erik Ejups sobre energ\u00eda a escala de red | Joni Hamson sobre recarga de veh\u00edculos el\u00e9ctricos | Michael Pariser sobre almacenamiento en bater\u00edas","robots":{"index":"index","follow":"follow","max-snippet":"max-snippet:-1","max-image-preview":"max-image-preview:large","max-video-preview":"max-video-preview:-1"},"canonical":"https:\/\/www.edf-re.com\/es\/noticias\/liderazgo-intelectual\/","og_locale":"es_MX","og_type":"article","og_title":"EDF power solutions NA White Papers | EV Charging, Battery Storage","og_description":"EDF power solutions NA White Papers from Erik Ejups on Grid-Scale energy | Joni Hamson on EV Charging | Michael Pariser on Battery Storage","og_url":"https:\/\/www.edf-re.com\/es\/noticias\/liderazgo-intelectual\/","og_site_name":"EDF power solutions North America","article_modified_time":"2025-06-12T18:41:04+00:00","og_image":[{"width":2000,"height":702,"url":"https:\/\/www.edf-re.com\/wp-content\/uploads\/logo_edf_power_solutions_RGB-no-buffer-zone.png","type":"image\/png"}],"twitter_card":"summary_large_image","twitter_misc":{"Tiempo de lectura":"5 minutos"},"schema":{"@context":"https:\/\/schema.org","@graph":[{"@type":"WebPage","@id":"https:\/\/www.edf-re.com\/news\/thought-leadership\/","url":"https:\/\/www.edf-re.com\/news\/thought-leadership\/","name":"EDF power solutions NA White Papers | Carga de VE, Almacenamiento de bater\u00edas","isPartOf":{"@id":"https:\/\/www.edf-re.com\/#website"},"datePublished":"2020-05-15T20:22:24+00:00","dateModified":"2025-06-12T18:41:04+00:00","description":"EDF power solutions NA White Papers de Erik Ejups sobre energ\u00eda a escala de red | Joni Hamson sobre recarga de veh\u00edculos el\u00e9ctricos | Michael Pariser sobre almacenamiento en bater\u00edas","breadcrumb":{"@id":"https:\/\/www.edf-re.com\/news\/thought-leadership\/#breadcrumb"},"inLanguage":"es","potentialAction":[{"@type":"ReadAction","target":["https:\/\/www.edf-re.com\/news\/thought-leadership\/"]}]},{"@type":"BreadcrumbList","@id":"https:\/\/www.edf-re.com\/news\/thought-leadership\/#breadcrumb","itemListElement":[{"@type":"ListItem","position":1,"name":"Home","item":"https:\/\/www.edf-re.com\/"},{"@type":"ListItem","position":2,"name":"News","item":"https:\/\/www.edf-re.com\/news\/"},{"@type":"ListItem","position":3,"name":"Thought Leadership"}]},{"@type":"WebSite","@id":"https:\/\/www.edf-re.com\/#website","url":"https:\/\/www.edf-re.com\/","name":"EDF power solutions Norteam\u00e9rica","description":"","publisher":{"@id":"https:\/\/www.edf-re.com\/#organization"},"potentialAction":[{"@type":"SearchAction","target":{"@type":"EntryPoint","urlTemplate":"https:\/\/www.edf-re.com\/?s={search_term_string}"},"query-input":{"@type":"PropertyValueSpecification","valueRequired":true,"valueName":"search_term_string"}}],"inLanguage":"es"},{"@type":"Organization","@id":"https:\/\/www.edf-re.com\/#organization","name":"EDF Renewables Norteam\u00e9rica","url":"https:\/\/www.edf-re.com\/","logo":{"@type":"ImageObject","inLanguage":"es","@id":"https:\/\/www.edf-re.com\/#\/schema\/logo\/image\/","url":"https:\/\/www.edf-re.com\/wp-content\/uploads\/edfr-logo-1.png","contentUrl":"https:\/\/www.edf-re.com\/wp-content\/uploads\/edfr-logo-1.png","width":600,"height":291,"caption":"EDF Renewables North America"},"image":{"@id":"https:\/\/www.edf-re.com\/#\/schema\/logo\/image\/"}}]}},"_links":{"self":[{"href":"https:\/\/www.edf-re.com\/es\/wp-json\/wp\/v2\/pages\/773","targetHints":{"allow":["GET"]}}],"collection":[{"href":"https:\/\/www.edf-re.com\/es\/wp-json\/wp\/v2\/pages"}],"about":[{"href":"https:\/\/www.edf-re.com\/es\/wp-json\/wp\/v2\/types\/page"}],"author":[{"embeddable":true,"href":"https:\/\/www.edf-re.com\/es\/wp-json\/wp\/v2\/users\/1"}],"replies":[{"embeddable":true,"href":"https:\/\/www.edf-re.com\/es\/wp-json\/wp\/v2\/comments?post=773"}],"version-history":[{"count":5,"href":"https:\/\/www.edf-re.com\/es\/wp-json\/wp\/v2\/pages\/773\/revisions"}],"predecessor-version":[{"id":10825,"href":"https:\/\/www.edf-re.com\/es\/wp-json\/wp\/v2\/pages\/773\/revisions\/10825"}],"up":[{"embeddable":true,"href":"https:\/\/www.edf-re.com\/es\/wp-json\/wp\/v2\/pages\/769"}],"wp:attachment":[{"href":"https:\/\/www.edf-re.com\/es\/wp-json\/wp\/v2\/media?parent=773"}],"curies":[{"name":"wp","href":"https:\/\/api.w.org\/{rel}","templated":true}]}}