{"id":8340,"date":"2023-01-03T16:50:39","date_gmt":"2023-01-03T21:50:39","guid":{"rendered":"https:\/\/www.edf-re.com\/?page_id=8340"},"modified":"2025-05-08T07:35:00","modified_gmt":"2025-05-08T14:35:00","slug":"aviso-de-privacidad-a-los-contratistas-independientes-de-california","status":"publish","type":"page","link":"https:\/\/www.edf-re.com\/es\/aviso-de-privacidad-a-los-contratistas-independientes-de-california\/","title":{"rendered":"Aviso de privacidad para contratistas independientes de California"},"content":{"rendered":"<p><strong><u>AVISO DE PRIVACIDAD PARA CONTRATISTAS INDEPENDIENTES DE CALIFORNIA<\/u><\/strong><\/p>\n<p>EDF power solutions y\/o cualquier empresa matriz, filial y entidades afiliadas (colectivamente, el \"<strong>Empresa<\/strong>\" o \"<strong>nosotros<\/strong>\") proporcionan este Aviso de Privacidad de California (\"<strong>Aviso<\/strong>\") para describir nuestras pr\u00e1cticas de privacidad con respecto a nuestra recogida de Datos Personales, tal como exige la Ley de Privacidad del Consumidor de California (\"<strong>CCPA<\/strong>\"). El presente Aviso se aplica \u00fanicamente a los contratistas independientes residentes en el Estado de California (\"<strong>Consumidores<\/strong>\") y de qui\u00e9n recopilamos \"<strong>Informaci\u00f3n personal<\/strong>\"seg\u00fan se define en la CCPA. Le proporcionamos este Aviso porque, en virtud de la CCPA, los residentes en California que son contratistas independientes se consideran Consumidores. A los efectos de este Aviso, cuando nos referimos a los consumidores, nos referimos a usted s\u00f3lo en la medida en que usted es un contratista independiente de la Compa\u00f1\u00eda que reside en California.<\/p>\n<p><strong>1. Informaci\u00f3n que recopilamos de o sobre los contratistas independientes<\/strong><\/p>\n<p>Podemos recopilar Informaci\u00f3n Personal de usted o sobre usted en una variedad de situaciones diferentes y utilizando una variedad de m\u00e9todos diferentes, incluyendo, pero no limitado a, en nuestro sitio web, su dispositivo m\u00f3vil, a trav\u00e9s de correo electr\u00f3nico, a trav\u00e9s de mensajer\u00eda instant\u00e1nea, en lugares f\u00edsicos, a trav\u00e9s de solicitudes por escrito, a trav\u00e9s del correo, y \/ o por tel\u00e9fono. En general, podemos en varias ocasiones en el curso de la prestaci\u00f3n de servicios a la empresa recoger, recibir, mantener y utilizar las siguientes categor\u00edas de informaci\u00f3n personal para cualquiera de los fines enumerados a continuaci\u00f3n en este aviso y en la medida permitida por la ley aplicable:<\/p>\n<table class=\"striped-table bordered-table\" width=\"719\">\n<thead>\n<tr>\n<td>Categor\u00eda<\/td>\n<td>Ejemplos<\/td>\n<td>Per\u00edodo de conservaci\u00f3n<\/td>\n<\/tr>\n<\/thead>\n<tbody>\n<tr>\n<td>Identificadores personales e informaci\u00f3n sobre cuentas<\/td>\n<td>Nombre, alias, n\u00famero de la seguridad social, fecha de nacimiento, n\u00famero del permiso de conducir o de la tarjeta de identificaci\u00f3n estatal, n\u00famero del pasaporte, n\u00famero de identificaci\u00f3n de la empresa.<\/td>\n<td>Duraci\u00f3n del contrato m\u00e1s 5 a\u00f1os<\/td>\n<\/tr>\n<tr>\n<td>Informaci\u00f3n de contacto<\/td>\n<td>Domicilio, direcci\u00f3n postal o postal, direcci\u00f3n de correo electr\u00f3nico, n\u00famero de tel\u00e9fono particular, n\u00famero de tel\u00e9fono m\u00f3vil.<\/td>\n<td>Duraci\u00f3n del contrato m\u00e1s 5 a\u00f1os<\/td>\n<\/tr>\n<tr>\n<td>Informaci\u00f3n sobre la cuenta<\/td>\n<td>Nombre de usuario y contrase\u00f1a de las cuentas y sistemas de la Empresa, as\u00ed como cualquier c\u00f3digo de seguridad o acceso, contrase\u00f1a o credencial necesarios que permitan el acceso a sus cuentas de la Empresa.<\/td>\n<td>Nombre de usuario: permanente; Contrase\u00f1a o c\u00f3digo de seguridad: mientras se utilice + 1 a\u00f1o<\/td>\n<\/tr>\n<tr>\n<td>Informaci\u00f3n profesional<\/td>\n<td>Informaci\u00f3n contenida en formularios fiscales\/1099, registros de seguridad, registros de licencias y certificaciones, y registros de rendimiento, as\u00ed como informaci\u00f3n relacionada con los servicios prestados por contratistas independientes, incluida la informaci\u00f3n de las declaraciones de trabajo.<\/td>\n<td>Duraci\u00f3n del contrato m\u00e1s 5 a\u00f1os<\/td>\n<\/tr>\n<tr>\n<td>Informaci\u00f3n financiera<\/td>\n<td>Informaci\u00f3n contenida en las facturas facturadas a la Empresa y en los registros de pagos efectuados a usted por la Empresa, u otra informaci\u00f3n de cuentas financieras.<\/td>\n<td>Duraci\u00f3n del contrato m\u00e1s 5 a\u00f1os<\/td>\n<\/tr>\n<tr>\n<td>Informaci\u00f3n previa al contrato<\/td>\n<td>Informaci\u00f3n facilitada por usted en su cartera o propuesta de servicios, informaci\u00f3n recopilada como parte de la evaluaci\u00f3n de proveedores y comprobaciones de referencias y otras valoraciones de sus cualificaciones para prestar servicios a la Empresa, informaci\u00f3n en muestras de productos de trabajo facilitadas por usted y revelaciones voluntarias facilitadas por usted a la Empresa.<\/td>\n<td>Duraci\u00f3n del contrato m\u00e1s 5 a\u00f1os<\/td>\n<\/tr>\n<tr>\n<td>Historia profesional<\/td>\n<td>Informaci\u00f3n sobre su experiencia previa, los cargos que ha ocupado y los nombres de los clientes a los que ha prestado servicios anteriormente.<\/td>\n<td>Duraci\u00f3n del contrato m\u00e1s 5 a\u00f1os<\/td>\n<\/tr>\n<tr>\n<td>Informaci\u00f3n sobre educaci\u00f3n<\/td>\n<td>Informaci\u00f3n relativa al historial educativo y registros de t\u00edtulos y certificaciones profesionales obtenidos.<\/td>\n<td>Duraci\u00f3n del contrato m\u00e1s 5 a\u00f1os<\/td>\n<\/tr>\n<tr>\n<td>Internet, redes y actividad inform\u00e1tica<\/td>\n<td>Informaci\u00f3n sobre la actividad en Internet u otras redes electr\u00f3nicas relacionada con el uso de las redes, servidores, intranet, unidades compartidas u ordenadores y dispositivos electr\u00f3nicos propiedad de la empresa, incluidos los registros de acceso a sistemas y archivos, el nivel de autorizaci\u00f3n de seguridad, el historial de navegaci\u00f3n, el historial de b\u00fasqueda y el historial de uso.<\/td>\n<td>2 a\u00f1os<\/td>\n<\/tr>\n<tr>\n<td>Informaci\u00f3n sobre la seguridad de los dispositivos m\u00f3viles<\/td>\n<td>Datos que identifican los dispositivos de contratistas independientes que acceden a las redes y sistemas de la empresa, incluidos la marca, el modelo y el n\u00famero de serie del tel\u00e9fono m\u00f3vil, el n\u00famero de tel\u00e9fono m\u00f3vil y el proveedor del tel\u00e9fono m\u00f3vil.<\/td>\n<td>2 a\u00f1os<\/td>\n<\/tr>\n<tr>\n<td>Informaci\u00f3n sobre acceso y uso del portal en l\u00ednea y la aplicaci\u00f3n m\u00f3vil<\/td>\n<td>Nombre de usuario y contrase\u00f1a, historial de cuentas, historial de uso, registros de acceso a archivos y nivel de habilitaci\u00f3n de seguridad.<\/td>\n<td>2 a\u00f1os<\/td>\n<\/tr>\n<tr>\n<td>Datos de geolocalizaci\u00f3n<\/td>\n<td>Direcci\u00f3n IP y\/o localizaci\u00f3n GPS (latitud y longitud) registrada en ordenadores, dispositivos electr\u00f3nicos y veh\u00edculos proporcionados por la empresa, as\u00ed como en las aplicaciones de control horario de los tel\u00e9fonos m\u00f3viles que los empleados utilizan para fichar a la entrada y a la salida y que registran la ubicaci\u00f3n geogr\u00e1fica en la que se realiz\u00f3 cada entrada horaria.<\/td>\n<td>2 a\u00f1os<\/td>\n<\/tr>\n<tr>\n<td>Grabaciones visuales, sonoras o de v\u00eddeo en el lugar de trabajo<\/td>\n<td>Su imagen cuando sea grabada o capturada en grabaciones de c\u00e1maras de vigilancia o fotograf\u00edas de contratistas independientes tomadas en instalaciones, funciones o eventos de la Empresa, o en fotograf\u00edas o v\u00eddeos de contratistas independientes publicados en medios sociales a los que la Empresa tenga acceso o que sean enviados a la Empresa por un tercero.<\/td>\n<td>V\u00eddeo de vigilancia - 90 d\u00edas; resto durante la vigencia del contrato m\u00e1s 4 a\u00f1os<\/td>\n<\/tr>\n<tr>\n<td>Informaci\u00f3n de acceso a instalaciones y sistemas<\/td>\n<td>Informaci\u00f3n que identifique qu\u00e9 contratistas independientes han accedido a instalaciones, sistemas, redes, ordenadores y equipos seguros de la empresa y en qu\u00e9 momentos utilizando sus llaves, insignias, llaveros, credenciales de inicio de sesi\u00f3n u otro m\u00e9todo de acceso de seguridad.<\/td>\n<td>2 a\u00f1os<\/td>\n<\/tr>\n<tr>\n<td>Inferencias<\/td>\n<td>Bas\u00e1ndonos en el an\u00e1lisis de la informaci\u00f3n personal recopilada, podemos elaborar inferencias sobre su aptitud para el \u00e9xito, sus capacidades de liderazgo y su rendimiento esperado.<\/td>\n<td>Duraci\u00f3n del contrato m\u00e1s 5 a\u00f1os<\/td>\n<\/tr>\n<tr>\n<td>Informaci\u00f3n m\u00e9dica y sanitaria<\/td>\n<td>Informaci\u00f3n relacionada con los s\u00edntomas de COVID-19, la exposici\u00f3n, el rastreo de contactos, el diagn\u00f3stico, las pruebas o la vacunaci\u00f3n.<\/td>\n<td>2 a\u00f1os<\/td>\n<\/tr>\n<\/tbody>\n<\/table>\n<p>De las categor\u00edas anteriores de Informaci\u00f3n Personal, las siguientes son categor\u00edas de Informaci\u00f3n Personal Sensible que la Empresa puede recopilar:<\/p>\n<ol>\n<li>Identificadores personales (n\u00famero de la seguridad social, n\u00famero del carn\u00e9 de conducir o de la tarjeta de identificaci\u00f3n estatal, n\u00famero del pasaporte)<\/li>\n<li>Informaci\u00f3n de la cuenta (el inicio de sesi\u00f3n en la cuenta de la empresa, junto con cualquier c\u00f3digo de seguridad o de acceso, contrase\u00f1a o credenciales que permitan el acceso a la cuenta)<\/li>\n<li>Informaci\u00f3n m\u00e9dica y sanitaria<\/li>\n<li>Datos de geolocalizaci\u00f3n (direcci\u00f3n IP y\/o localizaci\u00f3n GPS, latitud y longitud)<\/li>\n<\/ol>\n<p>Informaci\u00f3n personal <strong><em>no<\/em><\/strong> incluyen:<\/p>\n<ul>\n<li>Informaci\u00f3n de dominio p\u00fablico procedente de registros gubernamentales.<\/li>\n<li>Informaci\u00f3n que una empresa tiene motivos razonables para creer que el Contratista independiente o los medios de comunicaci\u00f3n de amplia difusi\u00f3n han puesto legalmente a disposici\u00f3n del p\u00fablico en general.<\/li>\n<li>Informaci\u00f3n facilitada por una persona a la que el Contratista independiente ha revelado la informaci\u00f3n si el Contratista independiente no ha restringido la informaci\u00f3n a un p\u00fablico espec\u00edfico.<\/li>\n<li>Informaci\u00f3n desidentificada o agregada.<\/li>\n<\/ul>\n<p><strong>2. C\u00f3mo utilizamos la informaci\u00f3n personal y la informaci\u00f3n personal confidencial<\/strong><\/p>\n<p>La Informaci\u00f3n Personal y la Informaci\u00f3n Personal Sensible que recopilamos, y nuestro uso de la Informaci\u00f3n Personal y la Informaci\u00f3n Personal Sensible, pueden variar dependiendo de las circunstancias. Este aviso pretende proporcionar una descripci\u00f3n general de nuestra recogida y uso de la informaci\u00f3n personal y la informaci\u00f3n personal sensible. En general, podemos utilizar o divulgar la informaci\u00f3n personal y la informaci\u00f3n personal confidencial que recopilamos de usted o sobre usted para uno o m\u00e1s de los siguientes fines:<\/p>\n<ol>\n<li>Cumplir o satisfacer el prop\u00f3sito para el que usted proporcion\u00f3 la informaci\u00f3n.<\/li>\n<li>Para cumplir con las leyes y reglamentos locales, estatales y federales que exigen a las empresas mantener ciertos registros (como registros de accidentes o de seguridad, y registros fiscales\/1099 formularios), as\u00ed como con las leyes, reglamentos, ordenanzas, directrices y \u00f3rdenes locales, estatales y federales relativas a COVID-19.<\/li>\n<li>Contratar los servicios de contratistas independientes y compensarles por los servicios prestados.<\/li>\n<li>Evaluar, tomar y comunicar decisiones relativas a un Contratista Independiente, incluidas las decisiones de celebrar, renovar y\/o rescindir el contrato.<\/li>\n<li>Conceder a los Contratistas Independientes acceso a las instalaciones, sistemas, redes, ordenadores y equipos seguros de la Empresa, y mantener informaci\u00f3n sobre qui\u00e9n accedi\u00f3 a dichas instalaciones, sistemas, redes, ordenadores y equipos, y qu\u00e9 hicieron en ellos o dentro de ellos.<\/li>\n<li>Supervisar legalmente las actividades y comunicaciones de los contratistas independientes cuando se encuentren en las instalaciones de la empresa o utilicen las conexiones a Internet y Wi-Fi, ordenadores, redes, dispositivos, aplicaciones de software o sistemas de la empresa.<\/li>\n<li>Implementar, supervisar y gestionar las medidas de seguridad electr\u00f3nica en los dispositivos de los Contratistas Independientes que se utilizan para acceder a las redes y sistemas de la Compa\u00f1\u00eda.<\/li>\n<li>Participar en transacciones corporativas que requieran la revisi\u00f3n de relaciones, servicios y contratos de contratistas independientes, como por ejemplo para evaluar posibles fusiones y adquisiciones de la Empresa.<\/li>\n<li>Mantener las p\u00f3lizas y coberturas de los seguros comerciales.<\/li>\n<li>Prestar servicios a clientes corporativos que pueden solicitar determinada informaci\u00f3n sobre un contratista independiente de la empresa (como el nombre y el n\u00famero de tel\u00e9fono) para permitir el acceso del contratista independiente o la autorizaci\u00f3n de seguridad a sus instalaciones antes de que el contratista independiente de la empresa sea enviado a prestar servicios en las instalaciones del cliente.<\/li>\n<li>COVID-19 Fines conexos\n<ol>\n<li>Reducir el riesgo de propagaci\u00f3n de la enfermedad en o a trav\u00e9s del lugar de trabajo.<\/li>\n<li>Proteger a los empleados, contratistas independientes y otros consumidores de la exposici\u00f3n a COVID-19.<\/li>\n<li>Cumplir las leyes, reglamentos, ordenanzas, directrices y \u00f3rdenes locales, estatales y federales relativas a COVID-19, incluidos los requisitos de informaci\u00f3n aplicables.<\/li>\n<li>Facilitar y coordinar las iniciativas y actividades relacionadas con la pandemia (ya sean patrocinadas por la empresa o a trav\u00e9s del Centro de Control y Prevenci\u00f3n de Enfermedades de EE.UU., otras autoridades gubernamentales federales, estatales y locales, y\/o entidades o establecimientos p\u00fablicos y privados, incluidas las iniciativas de vacunaci\u00f3n).<\/li>\n<li>Identificar posibles s\u00edntomas relacionados con COVID-19 (incluso mediante controles de temperatura, pruebas de detecci\u00f3n de anticuerpos o el cuestionario COVID-19).<\/li>\n<li>Permitir la localizaci\u00f3n de contactos relacionados con cualquier posible exposici\u00f3n.<\/li>\n<li>Comunicar a los contratistas independientes y a otros consumidores la posible exposici\u00f3n al COVID-19 y advertir adecuadamente a otras personas que hayan estado en estrecho contacto con un individuo infectado o sintom\u00e1tico para que puedan tomar medidas de precauci\u00f3n, ayudar a prevenir una mayor propagaci\u00f3n del virus y obtener tratamiento, si es necesario.<\/li>\n<\/ol>\n<\/li>\n<li>Evaluar, valorar y gestionar la relaci\u00f3n comercial de la empresa con los vendedores, proveedores de servicios y contratistas que prestan servicios a la empresa.<\/li>\n<li>Para mejorar la experiencia del usuario en los ordenadores, redes, dispositivos, aplicaciones de software o sistemas de la Empresa, y para depurar, identificar y reparar errores que perjudiquen la funcionalidad prevista de nuestros sistemas.<\/li>\n<li>Detectar incidentes de seguridad que impliquen el acceso y\/o la divulgaci\u00f3n potencialmente no autorizados de Datos Personales u otra informaci\u00f3n confidencial, incluida la informaci\u00f3n sujeta a derechos de propiedad o secretos comerciales y la informaci\u00f3n de terceros que la Empresa reciba en condiciones de confidencialidad o sujeta a derechos de privacidad.<\/li>\n<li>Proteger contra actividades malintencionadas o ilegales y perseguir a los responsables.<\/li>\n<li>Para evitar el robo de identidad.<\/li>\n<li>Para verificar y responder a las solicitudes de los consumidores con arreglo a la legislaci\u00f3n aplicable en materia de privacidad de los consumidores.<\/li>\n<li><strong>Venta\/compartici\u00f3n de informaci\u00f3n a terceros<\/strong><\/li>\n<\/ol>\n<p>La empresa <strong><u>no<\/u><\/strong> y no vender\u00e1 sus Datos Personales o Datos Personales Confidenciales a cambio de ninguna contraprestaci\u00f3n monetaria o de otro tipo. La Empresa <strong><u>no<\/u><\/strong> y no compartir\u00e1 su Informaci\u00f3n Personal o Informaci\u00f3n Personal Sensible para publicidad conductual de contexto cruzado.<\/p>\n<p><strong>3. Acceso a la pol\u00edtica de privacidad<\/strong><\/p>\n<p>Para m\u00e1s informaci\u00f3n, consulte la pol\u00edtica de privacidad de la empresa en https:\/\/www.edf-re.com\/privacy-policy\/.<\/p>","protected":false},"excerpt":{"rendered":"<p>AVISO DE PRIVACIDAD PARA LOS CONTRATISTAS INDEPENDIENTES DE CALIFORNIA EDF power solutions y\/o cualquier empresa matriz, subsidiaria y entidades afiliadas (colectivamente, la \"Empresa\" o \"nosotros\") proporciona este Aviso de Privacidad de California (\"Aviso\") para describir nuestras pr\u00e1cticas de privacidad con respecto a nuestra recopilaci\u00f3n de Informaci\u00f3n Personal seg\u00fan lo requerido por la Ley de Privacidad del Consumidor de California (\"CCPA\"). Este Aviso se aplica \u00fanicamente a [...]<\/p>","protected":false},"author":1,"featured_media":0,"parent":0,"menu_order":49,"comment_status":"closed","ping_status":"closed","template":"","meta":{"_acf_changed":false,"footnotes":""},"class_list":["post-8340","page","type-page","status-publish","hentry"],"acf":[],"yoast_head":"<!-- This site is optimized with the Yoast SEO plugin v26.8 - https:\/\/yoast.com\/product\/yoast-seo-wordpress\/ -->\n<title>Privacy Notice to California Independent Contractors - EDF power solutions North America<\/title>\n<meta name=\"robots\" content=\"index, follow, max-snippet:-1, max-image-preview:large, max-video-preview:-1\" \/>\n<link rel=\"canonical\" href=\"https:\/\/www.edf-re.com\/es\/aviso-de-privacidad-a-los-contratistas-independientes-de-california\/\" \/>\n<meta property=\"og:locale\" content=\"es_MX\" \/>\n<meta property=\"og:type\" content=\"article\" \/>\n<meta property=\"og:title\" content=\"Privacy Notice to California Independent Contractors - EDF power solutions North America\" \/>\n<meta property=\"og:description\" content=\"PRIVACY NOTICE TO CALIFORNIA INDEPENDENT CONTRACTORS EDF power solutions and\/or any parent, subsidiary, and affiliated entities (collectively, the \u201cCompany\u201d or \u201cwe\u201d) provide this California Privacy Notice (\u201cNotice\u201d) to describe our privacy practices with respect to our collection of Personal Information as required under the California Consumer Privacy Act (\u201cCCPA\u201d). This Notice applies only to independent [&hellip;]\" \/>\n<meta property=\"og:url\" content=\"https:\/\/www.edf-re.com\/es\/aviso-de-privacidad-a-los-contratistas-independientes-de-california\/\" \/>\n<meta property=\"og:site_name\" content=\"EDF power solutions North America\" \/>\n<meta property=\"article:modified_time\" content=\"2025-05-08T14:35:00+00:00\" \/>\n<meta property=\"og:image\" content=\"https:\/\/www.edf-re.com\/wp-content\/uploads\/logo_edf_power_solutions_RGB-no-buffer-zone.png\" \/>\n\t<meta property=\"og:image:width\" content=\"2000\" \/>\n\t<meta property=\"og:image:height\" content=\"702\" \/>\n\t<meta property=\"og:image:type\" content=\"image\/png\" \/>\n<meta name=\"twitter:card\" content=\"summary_large_image\" \/>\n<meta name=\"twitter:label1\" content=\"Tiempo de lectura\" \/>\n\t<meta name=\"twitter:data1\" content=\"8 minutos\" \/>\n<script type=\"application\/ld+json\" class=\"yoast-schema-graph\">{\"@context\":\"https:\/\/schema.org\",\"@graph\":[{\"@type\":\"WebPage\",\"@id\":\"https:\/\/www.edf-re.com\/privacy-notice-to-california-independent-contractors\/\",\"url\":\"https:\/\/www.edf-re.com\/privacy-notice-to-california-independent-contractors\/\",\"name\":\"Privacy Notice to California Independent Contractors - EDF power solutions North America\",\"isPartOf\":{\"@id\":\"https:\/\/www.edf-re.com\/#website\"},\"datePublished\":\"2023-01-03T21:50:39+00:00\",\"dateModified\":\"2025-05-08T14:35:00+00:00\",\"breadcrumb\":{\"@id\":\"https:\/\/www.edf-re.com\/privacy-notice-to-california-independent-contractors\/#breadcrumb\"},\"inLanguage\":\"es\",\"potentialAction\":[{\"@type\":\"ReadAction\",\"target\":[\"https:\/\/www.edf-re.com\/privacy-notice-to-california-independent-contractors\/\"]}]},{\"@type\":\"BreadcrumbList\",\"@id\":\"https:\/\/www.edf-re.com\/privacy-notice-to-california-independent-contractors\/#breadcrumb\",\"itemListElement\":[{\"@type\":\"ListItem\",\"position\":1,\"name\":\"Home\",\"item\":\"https:\/\/www.edf-re.com\/\"},{\"@type\":\"ListItem\",\"position\":2,\"name\":\"Privacy Notice to California Independent Contractors\"}]},{\"@type\":\"WebSite\",\"@id\":\"https:\/\/www.edf-re.com\/#website\",\"url\":\"https:\/\/www.edf-re.com\/\",\"name\":\"EDF power solutions North America\",\"description\":\"\",\"publisher\":{\"@id\":\"https:\/\/www.edf-re.com\/#organization\"},\"potentialAction\":[{\"@type\":\"SearchAction\",\"target\":{\"@type\":\"EntryPoint\",\"urlTemplate\":\"https:\/\/www.edf-re.com\/?s={search_term_string}\"},\"query-input\":{\"@type\":\"PropertyValueSpecification\",\"valueRequired\":true,\"valueName\":\"search_term_string\"}}],\"inLanguage\":\"es\"},{\"@type\":\"Organization\",\"@id\":\"https:\/\/www.edf-re.com\/#organization\",\"name\":\"EDF Renewables North America\",\"url\":\"https:\/\/www.edf-re.com\/\",\"logo\":{\"@type\":\"ImageObject\",\"inLanguage\":\"es\",\"@id\":\"https:\/\/www.edf-re.com\/#\/schema\/logo\/image\/\",\"url\":\"https:\/\/www.edf-re.com\/wp-content\/uploads\/edfr-logo-1.png\",\"contentUrl\":\"https:\/\/www.edf-re.com\/wp-content\/uploads\/edfr-logo-1.png\",\"width\":600,\"height\":291,\"caption\":\"EDF Renewables North America\"},\"image\":{\"@id\":\"https:\/\/www.edf-re.com\/#\/schema\/logo\/image\/\"}}]}<\/script>\n<!-- \/ Yoast SEO plugin. -->","yoast_head_json":{"title":"Aviso de privacidad para contratistas independientes de California - EDF power solutions North America","robots":{"index":"index","follow":"follow","max-snippet":"max-snippet:-1","max-image-preview":"max-image-preview:large","max-video-preview":"max-video-preview:-1"},"canonical":"https:\/\/www.edf-re.com\/es\/aviso-de-privacidad-a-los-contratistas-independientes-de-california\/","og_locale":"es_MX","og_type":"article","og_title":"Privacy Notice to California Independent Contractors - EDF power solutions North America","og_description":"PRIVACY NOTICE TO CALIFORNIA INDEPENDENT CONTRACTORS EDF power solutions and\/or any parent, subsidiary, and affiliated entities (collectively, the \u201cCompany\u201d or \u201cwe\u201d) provide this California Privacy Notice (\u201cNotice\u201d) to describe our privacy practices with respect to our collection of Personal Information as required under the California Consumer Privacy Act (\u201cCCPA\u201d). This Notice applies only to independent [&hellip;]","og_url":"https:\/\/www.edf-re.com\/es\/aviso-de-privacidad-a-los-contratistas-independientes-de-california\/","og_site_name":"EDF power solutions North America","article_modified_time":"2025-05-08T14:35:00+00:00","og_image":[{"width":2000,"height":702,"url":"https:\/\/www.edf-re.com\/wp-content\/uploads\/logo_edf_power_solutions_RGB-no-buffer-zone.png","type":"image\/png"}],"twitter_card":"summary_large_image","twitter_misc":{"Tiempo de lectura":"8 minutos"},"schema":{"@context":"https:\/\/schema.org","@graph":[{"@type":"WebPage","@id":"https:\/\/www.edf-re.com\/privacy-notice-to-california-independent-contractors\/","url":"https:\/\/www.edf-re.com\/privacy-notice-to-california-independent-contractors\/","name":"Aviso de privacidad para contratistas independientes de California - EDF power solutions North America","isPartOf":{"@id":"https:\/\/www.edf-re.com\/#website"},"datePublished":"2023-01-03T21:50:39+00:00","dateModified":"2025-05-08T14:35:00+00:00","breadcrumb":{"@id":"https:\/\/www.edf-re.com\/privacy-notice-to-california-independent-contractors\/#breadcrumb"},"inLanguage":"es","potentialAction":[{"@type":"ReadAction","target":["https:\/\/www.edf-re.com\/privacy-notice-to-california-independent-contractors\/"]}]},{"@type":"BreadcrumbList","@id":"https:\/\/www.edf-re.com\/privacy-notice-to-california-independent-contractors\/#breadcrumb","itemListElement":[{"@type":"ListItem","position":1,"name":"Home","item":"https:\/\/www.edf-re.com\/"},{"@type":"ListItem","position":2,"name":"Privacy Notice to California Independent Contractors"}]},{"@type":"WebSite","@id":"https:\/\/www.edf-re.com\/#website","url":"https:\/\/www.edf-re.com\/","name":"EDF power solutions Norteam\u00e9rica","description":"","publisher":{"@id":"https:\/\/www.edf-re.com\/#organization"},"potentialAction":[{"@type":"SearchAction","target":{"@type":"EntryPoint","urlTemplate":"https:\/\/www.edf-re.com\/?s={search_term_string}"},"query-input":{"@type":"PropertyValueSpecification","valueRequired":true,"valueName":"search_term_string"}}],"inLanguage":"es"},{"@type":"Organization","@id":"https:\/\/www.edf-re.com\/#organization","name":"EDF Renewables Norteam\u00e9rica","url":"https:\/\/www.edf-re.com\/","logo":{"@type":"ImageObject","inLanguage":"es","@id":"https:\/\/www.edf-re.com\/#\/schema\/logo\/image\/","url":"https:\/\/www.edf-re.com\/wp-content\/uploads\/edfr-logo-1.png","contentUrl":"https:\/\/www.edf-re.com\/wp-content\/uploads\/edfr-logo-1.png","width":600,"height":291,"caption":"EDF Renewables North America"},"image":{"@id":"https:\/\/www.edf-re.com\/#\/schema\/logo\/image\/"}}]}},"_links":{"self":[{"href":"https:\/\/www.edf-re.com\/es\/wp-json\/wp\/v2\/pages\/8340","targetHints":{"allow":["GET"]}}],"collection":[{"href":"https:\/\/www.edf-re.com\/es\/wp-json\/wp\/v2\/pages"}],"about":[{"href":"https:\/\/www.edf-re.com\/es\/wp-json\/wp\/v2\/types\/page"}],"author":[{"embeddable":true,"href":"https:\/\/www.edf-re.com\/es\/wp-json\/wp\/v2\/users\/1"}],"replies":[{"embeddable":true,"href":"https:\/\/www.edf-re.com\/es\/wp-json\/wp\/v2\/comments?post=8340"}],"version-history":[{"count":6,"href":"https:\/\/www.edf-re.com\/es\/wp-json\/wp\/v2\/pages\/8340\/revisions"}],"predecessor-version":[{"id":10649,"href":"https:\/\/www.edf-re.com\/es\/wp-json\/wp\/v2\/pages\/8340\/revisions\/10649"}],"wp:attachment":[{"href":"https:\/\/www.edf-re.com\/es\/wp-json\/wp\/v2\/media?parent=8340"}],"curies":[{"name":"wp","href":"https:\/\/api.w.org\/{rel}","templated":true}]}}