{"id":9049,"date":"2023-11-07T13:20:29","date_gmt":"2023-11-07T18:20:29","guid":{"rendered":"https:\/\/www.edf-re.com\/?page_id=9049"},"modified":"2026-03-03T13:23:56","modified_gmt":"2026-03-03T21:23:56","slug":"nueva-york-3","status":"publish","type":"page","link":"https:\/\/www.edf-re.com\/es\/nueva-york-3\/","title":{"rendered":"Servicios de explotaci\u00f3n y mantenimiento de la energ\u00eda e\u00f3lica"},"content":{"rendered":"<div id=\"pl-9049\"  class=\"panel-layout\" ><div id=\"pg-9049-0\"  class=\"panel-grid panel-has-style\" ><div class=\"siteorigin-panels-stretch panel-row-style panel-row-style-for-9049-0\" data-stretch-type=\"full\" ><div id=\"pgc-9049-0-0\"  class=\"panel-grid-cell\" ><div id=\"panel-9049-0-0-0\" class=\"so-panel widget widget_siteorigin-panels-builder panel-first-child panel-last-child\" data-index=\"0\" ><div id=\"pl-w69a7516c8b2a1\"  class=\"panel-layout\" ><div id=\"pg-w69a7516c8b2a1-0\"  class=\"panel-grid panel-has-style\" ><div data-aos=\"fade\" data-aos-duration=\"1200\" class=\"panel-row-style panel-row-style-for-w69a7516c8b2a1-0\" ><div id=\"pgc-w69a7516c8b2a1-0-0\"  class=\"panel-grid-cell\" ><div id=\"panel-w69a7516c8b2a1-0-0-0\" class=\"so-panel widget widget_sow-editor panel-first-child panel-last-child\" data-index=\"0\" ><div class=\"panel-widget-style panel-widget-style-for-w69a7516c8b2a1-0-0-0\" ><div\n\t\t\t\n\t\t\tclass=\"so-widget-sow-editor so-widget-sow-editor-base\"\n\t\t\t\n\t\t>\n<div class=\"siteorigin-widget-tinymce textwidget\">\n\t<p style=\"font-size: 1.2em; line-height: 1; text-align: center;\"><strong>Su socio de confianza en operaciones y mantenimiento de energ\u00eda e\u00f3lica<\/strong><\/p>\n<\/div>\n<\/div><\/div><\/div><\/div><\/div><\/div><div id=\"pg-w69a7516c8b2a1-1\"  class=\"panel-grid panel-has-style\" ><div class=\"panel-row-style panel-row-style-for-w69a7516c8b2a1-1\" ><div id=\"pgc-w69a7516c8b2a1-1-0\"  class=\"panel-grid-cell\" ><div id=\"panel-w69a7516c8b2a1-1-0-0\" class=\"so-panel widget widget_separator separator-widget panel-first-child panel-last-child\" data-index=\"1\" ><div\n\t\t\t\n\t\t\tclass=\"so-widget-separator so-widget-separator-default-d75171398898\"\n\t\t\t\n\t\t>\t\t<div class=\"animate__animated animate__bounce animate__infinite animate__slow\">\n\t\t\t<i class=\"fa-light fa-chevron-down\" style=\"font-size:48px;color:#ffffff;\"><\/i>\n\t\t\t<\/div>\n\t\t<\/div><\/div><\/div><\/div><\/div><\/div><\/div><\/div><\/div><\/div><div id=\"pg-9049-1\"  class=\"panel-grid panel-no-style\" ><div id=\"pgc-9049-1-0\"  class=\"panel-grid-cell\" ><div id=\"panel-9049-1-0-0\" class=\"so-panel widget widget_sow-editor panel-first-child panel-last-child\" data-index=\"1\" ><div\n\t\t\t\n\t\t\tclass=\"so-widget-sow-editor so-widget-sow-editor-base\"\n\t\t\t\n\t\t>\n<div class=\"siteorigin-widget-tinymce textwidget\">\n\t<h6 style=\"text-align: center;\">Optimice el rendimiento y la rentabilidad de sus activos e\u00f3licos con el equipo de t\u00e9cnicos expertos de EDF Power Solutions. Nosotros nos encargamos de todo, desde las operaciones y el mantenimiento hasta la supervisi\u00f3n y el cumplimiento normativo, garantizando el funcionamiento diario sin contratiempos de su parque e\u00f3lico. Gracias a nuestra presencia en todo el pa\u00eds y a nuestro amplio inventario de piezas de repuesto, estamos perfectamente equipados para ofrecer un conjunto completo de servicios que minimizar\u00e1n el tiempo de inactividad y maximizar\u00e1n el rendimiento de su energ\u00eda e\u00f3lica.<\/h6>\n<\/div>\n<\/div><\/div><\/div><\/div><div id=\"pg-9049-2\"  class=\"panel-grid panel-no-style\" ><div id=\"pgc-9049-2-0\"  class=\"panel-grid-cell\" ><div id=\"panel-9049-2-0-0\" class=\"so-panel widget widget_siteorigin-panels-builder panel-first-child panel-last-child\" data-index=\"2\" ><div id=\"pl-w69a75134a8e5f\"  class=\"panel-layout\" ><div id=\"pg-w69a75134a8e5f-0\"  class=\"panel-grid panel-no-style\" ><div id=\"pgc-w69a75134a8e5f-0-0\"  class=\"panel-grid-cell\" ><div id=\"panel-w69a75134a8e5f-0-0-0\" class=\"so-panel widget widget_stats stats-widget panel-first-child panel-last-child\" data-index=\"0\" ><div class=\"panel-widget-style panel-widget-style-for-w69a75134a8e5f-0-0-0\" ><div\n\t\t\t\n\t\t\tclass=\"so-widget-stats so-widget-stats-default-d75171398898\"\n\t\t\t\n\t\t>\t<div class=\"flex\">\n\t\t\t\t\t<div class=\"stat vertical\">\n\t\t\t\t\t\t\t\t\t<div class=\"icon\">\n\t\t\t\t\t\t<i class=\"fa-light fa-wind-turbine\"><\/i>\n\t\t\t\t\t<\/div><!-- .icon -->\n\t\t\t\t\t\t\t\t\t\t<div>\n\t\t\t\t\t\t<div class=\"number\">\n\t\t\t\t\t\t\t<span class=\"counter\" data-number=\"11\">0<\/span>.<span class=\"counter\" data-number=\"5\">0<\/span> GW\t\t\t\t\t\t<\/div><!-- .number -->\n\t\t\t\t\t\t\t\t\t\t\t\t\t<div class=\"label\">\n\t\t\t\t\t\t\t\tactivos e\u00f3licos bajo contrato de operaci\u00f3n y mantenimiento\t\t\t\t\t\t\t<\/div><!-- .label -->\n\t\t\t\t\t\t\t\t\t\t\t\t<\/div>\n\t\t\t\t\t\t\t\t<\/div><!-- .stat -->\n\t\t\t\t\t\t<div class=\"stat vertical\">\n\t\t\t\t\t\t\t\t\t<div class=\"icon\">\n\t\t\t\t\t\t<i class=\"fa-light fa-user-helmet-safety\"><\/i>\n\t\t\t\t\t<\/div><!-- .icon -->\n\t\t\t\t\t\t\t\t\t\t<div>\n\t\t\t\t\t\t<div class=\"number\">\n\t\t\t\t\t\t\t<span class=\"counter\" data-number=\"400\">0<\/span>+\t\t\t\t\t\t<\/div><!-- .number -->\n\t\t\t\t\t\t\t\t\t\t\t\t\t<div class=\"label\">\n\t\t\t\t\t\t\t\tt\u00e9cnicos expertos en energ\u00eda e\u00f3lica\t\t\t\t\t\t\t<\/div><!-- .label -->\n\t\t\t\t\t\t\t\t\t\t\t\t<\/div>\n\t\t\t\t\t\t\t\t<\/div><!-- .stat -->\n\t\t\t\t\t\t<div class=\"stat vertical\">\n\t\t\t\t\t\t\t\t\t<div class=\"icon\">\n\t\t\t\t\t\t<i class=\"fa-light fa-lightbulb-on\"><\/i>\n\t\t\t\t\t<\/div><!-- .icon -->\n\t\t\t\t\t\t\t\t\t\t<div>\n\t\t\t\t\t\t<div class=\"number\">\n\t\t\t\t\t\t\t<span class=\"counter\" data-number=\"35\">0<\/span>+\t\t\t\t\t\t<\/div><!-- .number -->\n\t\t\t\t\t\t\t\t\t\t\t\t\t<div class=\"label\">\n\t\t\t\t\t\t\t\ta\u00f1os de experiencia en el servicio\t\t\t\t\t\t\t<\/div><!-- .label -->\n\t\t\t\t\t\t\t\t\t\t\t\t<\/div>\n\t\t\t\t\t\t\t\t<\/div><!-- .stat -->\n\t\t\t\t<\/div><!-- .flex -->\n\t<\/div><\/div><\/div><\/div><\/div><div id=\"pg-w69a75134a8e5f-1\"  class=\"panel-grid panel-has-style\" ><div class=\"siteorigin-panels-stretch panel-row-style panel-row-style-for-w69a75134a8e5f-1\" data-stretch-type=\"full\" ><div id=\"pgc-w69a75134a8e5f-1-0\"  class=\"panel-grid-cell\" ><div id=\"panel-w69a75134a8e5f-1-0-0\" class=\"so-panel widget widget_sow-editor panel-first-child panel-last-child\" data-index=\"1\" ><div class=\"panel-widget-style panel-widget-style-for-w69a75134a8e5f-1-0-0\" ><div\n\t\t\t\n\t\t\tclass=\"so-widget-sow-editor so-widget-sow-editor-base\"\n\t\t\t\n\t\t>\n<div class=\"siteorigin-widget-tinymce textwidget\">\n\t<\/div>\n<\/div><\/div><\/div><\/div><\/div><\/div><\/div><\/div><\/div><\/div><div id=\"pg-9049-3\"  class=\"panel-grid panel-no-style\" ><div id=\"pgc-9049-3-0\"  class=\"panel-grid-cell\" ><div id=\"panel-9049-3-0-0\" class=\"so-panel widget widget_sow-editor panel-first-child panel-last-child\" data-index=\"3\" ><div\n\t\t\t\n\t\t\tclass=\"so-widget-sow-editor so-widget-sow-editor-base\"\n\t\t\t\n\t\t>\n<div class=\"siteorigin-widget-tinymce textwidget\">\n\t<h3>Minimice el tiempo de inactividad y maximice la vida \u00fatil de sus operaciones e\u00f3licas con nuestras soluciones eficientes y rentables de operaci\u00f3n, mantenimiento y reparaci\u00f3n.<\/h3>\n<p>&nbsp;<\/p>\n<\/div>\n<\/div><\/div><\/div><div id=\"pgc-9049-3-1\"  class=\"panel-grid-cell\" ><div id=\"panel-9049-3-1-0\" class=\"so-panel widget widget_sow-editor panel-first-child panel-last-child\" data-index=\"4\" ><div data-aos=\"fade-left\" data-aos-duration=\"1200\" data-aos-delay=\"600\" class=\"panel-widget-style panel-widget-style-for-9049-3-1-0\" ><div\n\t\t\t\n\t\t\tclass=\"so-widget-sow-editor so-widget-sow-editor-base\"\n\t\t\t\n\t\t>\n<div class=\"siteorigin-widget-tinymce textwidget\">\n\t<h4>Servicios de energ\u00eda e\u00f3lica<\/h4>\n<ul>\n \t<li>\n<h6>Mantenimiento preventivo y correctivo in situ<\/h6>\n<\/li>\n \t<li>\n<h6>Gesti\u00f3n del Balance de Planta (BOP)<\/h6>\n<\/li>\n \t<li>\n<h6>Reparaci\u00f3n y sustituci\u00f3n de componentes principales<\/h6>\n<\/li>\n \t<li>\n<h6>Adquisici\u00f3n de piezas<\/h6>\n<\/li>\n \t<li>\n<h6>Programa de mantenimiento de las cuchillas<\/h6>\n<\/li>\n \t<li>\n<h6>Inspecciones EOW<\/h6>\n<\/li>\n \t<li>\n<h6>Garant\u00edas de disponibilidad<\/h6>\n<\/li>\n<\/ul><\/div>\n<\/div><\/div><\/div><\/div><\/div><div id=\"pg-9049-4\"  class=\"panel-grid panel-has-style\" ><div class=\"siteorigin-panels-stretch panel-row-style panel-row-style-for-9049-4\" id=\"contact\" data-stretch-type=\"full\" ><div id=\"pgc-9049-4-0\"  class=\"panel-grid-cell\" ><div id=\"panel-9049-4-0-0\" class=\"so-panel widget widget_sow-editor panel-first-child panel-last-child\" data-index=\"5\" ><div class=\"panel-widget-style panel-widget-style-for-9049-4-0-0\" ><div\n\t\t\t\n\t\t\tclass=\"so-widget-sow-editor so-widget-sow-editor-base\"\n\t\t\t\n\t\t>\n<div class=\"siteorigin-widget-tinymce textwidget\">\n\t<p class=\"large-font\" style=\"text-align: center;\"><span style=\"color: #ffffff;\"><strong>Experimentado. Confiable. Preparado.<\/strong><\/span><\/p>\n<p class=\"large-font\" style=\"text-align: center;\"><span style=\"color: #ffffff;\">\u00bfListo para maximizar tu rendimiento con el viento?<\/span><\/p>\n<p class=\"large-font\" style=\"text-align: center;\"><span style=\"color: #ffffff;\"><a class=\"button\" style=\"color: #ffffff;\" href=\"mailto:OMSales@edf-re.com?subject=Requesting more info on wind O%26M\" target=\"_blank\" rel=\"noopener\">Conect\u00e9monos<\/a><\/span><\/p>\n<\/div>\n<\/div><\/div><\/div><\/div><\/div><\/div><\/div>","protected":false},"excerpt":{"rendered":"<p>Optimize the performance and profitability of your wind power assets with EDF power solutions&#8217; expert team of skilled technicians. We&#8217;ve got you covered \u2013 from operations and maintenance to monitoring and compliance \u2013 guaranteeing seamless day-to-day operations for your wind power plant. With our nationwide deployment and extensive inventory of replacement parts, we&#8217;re fully equipped [&hellip;]<\/p>","protected":false},"author":14,"featured_media":0,"parent":0,"menu_order":10,"comment_status":"closed","ping_status":"closed","template":"blank.php","meta":{"_acf_changed":false,"footnotes":""},"class_list":["post-9049","page","type-page","status-publish","hentry"],"acf":[],"yoast_head":"<!-- This site is optimized with the Yoast SEO plugin v26.8 - https:\/\/yoast.com\/product\/yoast-seo-wordpress\/ -->\n<title>Wind Power Operations &#038; Maintenance Services - EDF power solutions North America<\/title>\n<meta name=\"robots\" content=\"index, follow, max-snippet:-1, max-image-preview:large, max-video-preview:-1\" \/>\n<link rel=\"canonical\" href=\"https:\/\/www.edf-re.com\/es\/nueva-york-3\/\" \/>\n<meta property=\"og:locale\" content=\"es_MX\" \/>\n<meta property=\"og:type\" content=\"article\" \/>\n<meta property=\"og:title\" content=\"Wind Power Operations &#038; Maintenance Services - EDF power solutions North America\" \/>\n<meta property=\"og:description\" content=\"Optimize the performance and profitability of your wind power assets with EDF power solutions&#039; expert team of skilled technicians. We&#039;ve got you covered \u2013 from operations and maintenance to monitoring and compliance \u2013 guaranteeing seamless day-to-day operations for your wind power plant. With our nationwide deployment and extensive inventory of replacement parts, we&#039;re fully equipped [&hellip;]\" \/>\n<meta property=\"og:url\" content=\"https:\/\/www.edf-re.com\/es\/nueva-york-3\/\" \/>\n<meta property=\"og:site_name\" content=\"EDF power solutions North America\" \/>\n<meta property=\"article:modified_time\" content=\"2026-03-03T21:23:56+00:00\" \/>\n<meta property=\"og:image\" content=\"https:\/\/www.edf-re.com\/wp-content\/uploads\/logo_edf_power_solutions_RGB-no-buffer-zone.png\" \/>\n\t<meta property=\"og:image:width\" content=\"2000\" \/>\n\t<meta property=\"og:image:height\" content=\"702\" \/>\n\t<meta property=\"og:image:type\" content=\"image\/png\" \/>\n<meta name=\"twitter:card\" content=\"summary_large_image\" \/>\n<meta name=\"twitter:label1\" content=\"Tiempo de lectura\" \/>\n\t<meta name=\"twitter:data1\" content=\"1 minuto\" \/>\n<script type=\"application\/ld+json\" class=\"yoast-schema-graph\">{\"@context\":\"https:\/\/schema.org\",\"@graph\":[{\"@type\":\"WebPage\",\"@id\":\"https:\/\/www.edf-re.com\/wind-maintenance\/\",\"url\":\"https:\/\/www.edf-re.com\/wind-maintenance\/\",\"name\":\"Wind Power Operations &#038; Maintenance Services - EDF power solutions North America\",\"isPartOf\":{\"@id\":\"https:\/\/www.edf-re.com\/#website\"},\"datePublished\":\"2023-11-07T18:20:29+00:00\",\"dateModified\":\"2026-03-03T21:23:56+00:00\",\"breadcrumb\":{\"@id\":\"https:\/\/www.edf-re.com\/wind-maintenance\/#breadcrumb\"},\"inLanguage\":\"es\",\"potentialAction\":[{\"@type\":\"ReadAction\",\"target\":[\"https:\/\/www.edf-re.com\/wind-maintenance\/\"]}]},{\"@type\":\"BreadcrumbList\",\"@id\":\"https:\/\/www.edf-re.com\/wind-maintenance\/#breadcrumb\",\"itemListElement\":[{\"@type\":\"ListItem\",\"position\":1,\"name\":\"Home\",\"item\":\"https:\/\/www.edf-re.com\/\"},{\"@type\":\"ListItem\",\"position\":2,\"name\":\"Wind Power Operations &#038; Maintenance Services\"}]},{\"@type\":\"WebSite\",\"@id\":\"https:\/\/www.edf-re.com\/#website\",\"url\":\"https:\/\/www.edf-re.com\/\",\"name\":\"EDF power solutions North America\",\"description\":\"\",\"publisher\":{\"@id\":\"https:\/\/www.edf-re.com\/#organization\"},\"potentialAction\":[{\"@type\":\"SearchAction\",\"target\":{\"@type\":\"EntryPoint\",\"urlTemplate\":\"https:\/\/www.edf-re.com\/?s={search_term_string}\"},\"query-input\":{\"@type\":\"PropertyValueSpecification\",\"valueRequired\":true,\"valueName\":\"search_term_string\"}}],\"inLanguage\":\"es\"},{\"@type\":\"Organization\",\"@id\":\"https:\/\/www.edf-re.com\/#organization\",\"name\":\"EDF Renewables North America\",\"url\":\"https:\/\/www.edf-re.com\/\",\"logo\":{\"@type\":\"ImageObject\",\"inLanguage\":\"es\",\"@id\":\"https:\/\/www.edf-re.com\/#\/schema\/logo\/image\/\",\"url\":\"https:\/\/www.edf-re.com\/wp-content\/uploads\/edfr-logo-1.png\",\"contentUrl\":\"https:\/\/www.edf-re.com\/wp-content\/uploads\/edfr-logo-1.png\",\"width\":600,\"height\":291,\"caption\":\"EDF Renewables North America\"},\"image\":{\"@id\":\"https:\/\/www.edf-re.com\/#\/schema\/logo\/image\/\"}}]}<\/script>\n<!-- \/ Yoast SEO plugin. -->","yoast_head_json":{"title":"Servicios de operaci\u00f3n y mantenimiento de energ\u00eda e\u00f3lica - EDF Power Solutions North America","robots":{"index":"index","follow":"follow","max-snippet":"max-snippet:-1","max-image-preview":"max-image-preview:large","max-video-preview":"max-video-preview:-1"},"canonical":"https:\/\/www.edf-re.com\/es\/nueva-york-3\/","og_locale":"es_MX","og_type":"article","og_title":"Wind Power Operations &#038; Maintenance Services - EDF power solutions North America","og_description":"Optimize the performance and profitability of your wind power assets with EDF power solutions' expert team of skilled technicians. We've got you covered \u2013 from operations and maintenance to monitoring and compliance \u2013 guaranteeing seamless day-to-day operations for your wind power plant. With our nationwide deployment and extensive inventory of replacement parts, we're fully equipped [&hellip;]","og_url":"https:\/\/www.edf-re.com\/es\/nueva-york-3\/","og_site_name":"EDF power solutions North America","article_modified_time":"2026-03-03T21:23:56+00:00","og_image":[{"width":2000,"height":702,"url":"https:\/\/www.edf-re.com\/wp-content\/uploads\/logo_edf_power_solutions_RGB-no-buffer-zone.png","type":"image\/png"}],"twitter_card":"summary_large_image","twitter_misc":{"Tiempo de lectura":"1 minuto"},"schema":{"@context":"https:\/\/schema.org","@graph":[{"@type":"WebPage","@id":"https:\/\/www.edf-re.com\/wind-maintenance\/","url":"https:\/\/www.edf-re.com\/wind-maintenance\/","name":"Servicios de operaci\u00f3n y mantenimiento de energ\u00eda e\u00f3lica - EDF Power Solutions North America","isPartOf":{"@id":"https:\/\/www.edf-re.com\/#website"},"datePublished":"2023-11-07T18:20:29+00:00","dateModified":"2026-03-03T21:23:56+00:00","breadcrumb":{"@id":"https:\/\/www.edf-re.com\/wind-maintenance\/#breadcrumb"},"inLanguage":"es","potentialAction":[{"@type":"ReadAction","target":["https:\/\/www.edf-re.com\/wind-maintenance\/"]}]},{"@type":"BreadcrumbList","@id":"https:\/\/www.edf-re.com\/wind-maintenance\/#breadcrumb","itemListElement":[{"@type":"ListItem","position":1,"name":"Home","item":"https:\/\/www.edf-re.com\/"},{"@type":"ListItem","position":2,"name":"Wind Power Operations &#038; Maintenance Services"}]},{"@type":"WebSite","@id":"https:\/\/www.edf-re.com\/#website","url":"https:\/\/www.edf-re.com\/","name":"EDF power solutions Norteam\u00e9rica","description":"","publisher":{"@id":"https:\/\/www.edf-re.com\/#organization"},"potentialAction":[{"@type":"SearchAction","target":{"@type":"EntryPoint","urlTemplate":"https:\/\/www.edf-re.com\/?s={search_term_string}"},"query-input":{"@type":"PropertyValueSpecification","valueRequired":true,"valueName":"search_term_string"}}],"inLanguage":"es"},{"@type":"Organization","@id":"https:\/\/www.edf-re.com\/#organization","name":"EDF Renewables Norteam\u00e9rica","url":"https:\/\/www.edf-re.com\/","logo":{"@type":"ImageObject","inLanguage":"es","@id":"https:\/\/www.edf-re.com\/#\/schema\/logo\/image\/","url":"https:\/\/www.edf-re.com\/wp-content\/uploads\/edfr-logo-1.png","contentUrl":"https:\/\/www.edf-re.com\/wp-content\/uploads\/edfr-logo-1.png","width":600,"height":291,"caption":"EDF Renewables North America"},"image":{"@id":"https:\/\/www.edf-re.com\/#\/schema\/logo\/image\/"}}]}},"_links":{"self":[{"href":"https:\/\/www.edf-re.com\/es\/wp-json\/wp\/v2\/pages\/9049","targetHints":{"allow":["GET"]}}],"collection":[{"href":"https:\/\/www.edf-re.com\/es\/wp-json\/wp\/v2\/pages"}],"about":[{"href":"https:\/\/www.edf-re.com\/es\/wp-json\/wp\/v2\/types\/page"}],"author":[{"embeddable":true,"href":"https:\/\/www.edf-re.com\/es\/wp-json\/wp\/v2\/users\/14"}],"replies":[{"embeddable":true,"href":"https:\/\/www.edf-re.com\/es\/wp-json\/wp\/v2\/comments?post=9049"}],"version-history":[{"count":7,"href":"https:\/\/www.edf-re.com\/es\/wp-json\/wp\/v2\/pages\/9049\/revisions"}],"predecessor-version":[{"id":11234,"href":"https:\/\/www.edf-re.com\/es\/wp-json\/wp\/v2\/pages\/9049\/revisions\/11234"}],"wp:attachment":[{"href":"https:\/\/www.edf-re.com\/es\/wp-json\/wp\/v2\/media?parent=9049"}],"curies":[{"name":"wp","href":"https:\/\/api.w.org\/{rel}","templated":true}]}}