{"id":955,"date":"2020-05-19T08:58:21","date_gmt":"2020-05-19T15:58:21","guid":{"rendered":"https:\/\/www.edf-re.com\/?page_id=955"},"modified":"2025-08-22T14:23:39","modified_gmt":"2025-08-22T21:23:39","slug":"ca","status":"publish","type":"page","link":"https:\/\/www.edf-re.com\/es\/ca\/","title":{"rendered":"EDF power solutions Canad\u00e1"},"content":{"rendered":"<div id=\"pl-955\"  class=\"panel-layout\" ><div id=\"pg-955-0\"  class=\"panel-grid panel-no-style\" ><div id=\"pgc-955-0-0\"  class=\"panel-grid-cell\" ><div id=\"panel-955-0-0-0\" class=\"so-panel widget widget_sow-editor panel-first-child panel-last-child\" data-index=\"0\" ><div\n\t\t\t\n\t\t\tclass=\"so-widget-sow-editor so-widget-sow-editor-base\"\n\t\t\t\n\t\t>\n<div class=\"siteorigin-widget-tinymce textwidget\">\n\t<h2>Energ\u00eda y experiencia en todo Canad\u00e1<\/h2>\n<p><strong>El cuidado de las comunidades y el clima.<\/strong><\/p>\n<p>EDF Power Solutions Canada lleva desde 2008 desarrollando y operando proyectos de energ\u00eda limpia en todo el pa\u00eds. Con oficinas en Montreal, Toronto y Calgary, nuestros m\u00e1s de 200 empleados en todo Canad\u00e1 se centran en encontrar formas de construir proyectos energ\u00e9ticos de alta calidad mediante el establecimiento de relaciones comerciales a largo plazo con personas que comparten nuestra misi\u00f3n de ofrecer soluciones renovables para liderar la transici\u00f3n hacia un futuro energ\u00e9tico sostenible.<\/p>\n<p>La naturaleza de nuestro negocio beneficia directamente al medio ambiente y nuestro compromiso no se detiene en el campo. Tambi\u00e9n tenemos en cuenta el entorno donde trabajamos y vivimos. Es una parte fundamental de nuestra cultura tomar iniciativas medioambientales siempre que sea posible en nuestras comunidades de acogida.<\/p>\n<p>En Quebec, EDF Power Solutions opera como EDF Solutions \u00c9lectriques.<\/p>\n<\/div>\n<\/div><\/div><\/div><\/div><div id=\"pg-955-1\"  class=\"panel-grid panel-no-style\" ><div id=\"pgc-955-1-0\"  class=\"panel-grid-cell\" ><div id=\"panel-955-1-0-0\" class=\"so-panel widget widget_sow-editor panel-first-child panel-last-child\" data-index=\"1\" ><div\n\t\t\t\n\t\t\tclass=\"so-widget-sow-editor so-widget-sow-editor-base\"\n\t\t\t\n\t\t>\n<div class=\"siteorigin-widget-tinymce textwidget\">\n\t<hr \/>\n<\/div>\n<\/div><\/div><\/div><\/div><div id=\"pg-955-2\"  class=\"panel-grid panel-no-style\" ><div id=\"pgc-955-2-0\"  class=\"panel-grid-cell\" ><div id=\"panel-955-2-0-0\" class=\"so-panel widget widget_sections sections-widget panel-first-child panel-last-child\" data-index=\"2\" ><div\n\t\t\t\n\t\t\tclass=\"so-widget-sections so-widget-sections-default-d75171398898-955\"\n\t\t\t\n\t\t>\t<div class=\"sections\">\n\t\t\t\t\t<div class=\"section link\">\n\t\t\t\t\t\t\t\t\t<a href=\"https:\/\/www.edf-re.com\/es\/proyectos\/\">\n\t\t\t\t\t\t<img decoding=\"async\" src=\"https:\/\/www.edf-re.com\/wp-content\/uploads\/projects-ca.jpg\">\n\t\t\t\t\t\t<div class=\"icon\"><\/div>\n\t\t\t\t\t\t<div class=\"overlay\"><\/div>\n\t\t\t\t\t<\/a>\n\t\t\t\t\t\t\t\t\t\t<div class=\"title\">\n\t\t\t\t\t\tNuestros proyectos\t\t\t\t\t<\/div><!-- .title -->\n\t\t\t\t\t\t\t\t\t\t<div class=\"description\">\n\t\t\t\t\t\tVea nuestros proyectos en Norteam\u00e9rica\t\t\t\t\t<\/div><!-- .description -->\n\t\t\t\t\t\t\t\t<\/div><!-- .section -->\n\t\t\t\t\t\t<div class=\"section link\">\n\t\t\t\t\t\t\t\t\t<a href=\"https:\/\/www.edf-re.com\/es\/noticias\/comunicados-de-prensa\/\">\n\t\t\t\t\t\t<img decoding=\"async\" src=\"https:\/\/www.edf-re.com\/wp-content\/uploads\/newsroom.jpg\">\n\t\t\t\t\t\t<div class=\"icon\"><\/div>\n\t\t\t\t\t\t<div class=\"overlay\"><\/div>\n\t\t\t\t\t<\/a>\n\t\t\t\t\t\t\t\t\t\t<div class=\"title\">\n\t\t\t\t\t\tSala de prensa\t\t\t\t\t<\/div><!-- .title -->\n\t\t\t\t\t\t\t\t\t\t<div class=\"description\">\n\t\t\t\t\t\tLea lo que hemos hecho\t\t\t\t\t<\/div><!-- .description -->\n\t\t\t\t\t\t\t\t<\/div><!-- .section -->\n\t\t\t\t\t\t<div class=\"section link\">\n\t\t\t\t\t\t\t\t\t<a href=\"https:\/\/www.edf-re.com\/es\/carreras\/ofertas-de-empleo\/\">\n\t\t\t\t\t\t<img decoding=\"async\" src=\"https:\/\/www.edf-re.com\/wp-content\/uploads\/join-the-team-ca.jpg\">\n\t\t\t\t\t\t<div class=\"icon\"><\/div>\n\t\t\t\t\t\t<div class=\"overlay\"><\/div>\n\t\t\t\t\t<\/a>\n\t\t\t\t\t\t\t\t\t\t<div class=\"title\">\n\t\t\t\t\t\t\u00danete al equipo\t\t\t\t\t<\/div><!-- .title -->\n\t\t\t\t\t\t\t\t\t\t<div class=\"description\">\n\t\t\t\t\t\tVea nuestras vacantes actuales\t\t\t\t\t<\/div><!-- .description -->\n\t\t\t\t\t\t\t\t<\/div><!-- .section -->\n\t\t\t\t\t\t<div class=\"section content\">\n\t\t\t\t\t\t\t\t\t<a href=\"#\">\n\t\t\t\t\t\t<img decoding=\"async\" src=\"https:\/\/www.edf-re.com\/wp-content\/uploads\/leadership.jpg\">\n\t\t\t\t\t\t<div class=\"icon\"><\/div>\n\t\t\t\t\t\t<div class=\"overlay\"><\/div>\n\t\t\t\t\t<\/a>\n\t\t\t\t\t\t\t\t\t\t<div class=\"title\">\n\t\t\t\t\t\tLiderazgo\t\t\t\t\t<\/div><!-- .title -->\n\t\t\t\t\t\t\t\t\t\t<div class=\"description\">\n\t\t\t\t\t\tM\u00e1s informaci\u00f3n sobre nuestro equipo de Canad\u00e1\t\t\t\t\t<\/div><!-- .description -->\n\t\t\t\t\t\t\t\t<\/div><!-- .section -->\n\t\t\t\t<\/div><!-- .sections -->\n\t\t\t\t<div class=\"section-content\">\n\t\t\t\t\t\t\t\t\t<h2 class=\"title\">Liderazgo<\/h2>\n\t\t\t\t\t<div id=\"pl-69e6368a86d35\"  class=\"panel-layout\" ><div id=\"pg-69e6368a86d35-0\"  class=\"panel-grid panel-no-style\" ><div id=\"pgc-69e6368a86d35-0-0\"  class=\"panel-grid-cell\" ><div id=\"panel-69e6368a86d35-0-0-0\" class=\"so-panel widget widget_team-members team-members-widget panel-first-child panel-last-child\" data-index=\"0\" ><div class=\"panel-widget-style panel-widget-style-for-69e6368a86d35-0-0-0\" ><div\n\t\t\t\n\t\t\tclass=\"so-widget-team-members so-widget-team-members-default-d75171398898\"\n\t\t\t\n\t\t>\t\t\t<div class=\"team-member dark-orange\">\n\t\t\t\t<div class=\"image\">\n\t\t\t\t\t\t\t\t\t\t\t<a href=\"javascript:;\" data-fancybox data-src=\"#team-member-1035\" data-options='{ \"touch\": false, \"autoFocus\": false, \"backFocus\": false }'>\n\t\t\t\t\t\t\t\t\t\t\t\t\t\t\t<img decoding=\"async\" src=\"https:\/\/www.edf-re.com\/wp-content\/uploads\/cory-basil-300x300.jpg\">\n\t\t\t\t\t\t\t\t\t\t\t\t\t\t\t<div class=\"overlay\">\n\t\t\t\t\t\t\t\t<i class=\"fa-regular fa-plus\"><\/i>\n\t\t\t\t\t\t\t<\/div><!-- .overlay -->\n\t\t\t\t\t\t<\/a>\n\t\t\t\t\t\t\t\t\t\t<\/div><!-- .image -->\n\t\t\t\t<div class=\"name\">\n\t\t\t\t\tCory Basil\t\t\t\t\t\t<div class=\"title\">\n\t\t\t\t\t\t\tVicepresidente Senior Regional, Canad\u00e1 y Noreste de EE.UU.\t\t\t\t\t\t<\/div><!-- .title -->\n\t\t\t\t\t\t\t\t\t\t<\/div><!-- .name -->\n\t\t\t\t\t\t\t\t\t<div id=\"team-member-1035\" class=\"team-member-modal\">\n\t\t\t\t\t\t<div class=\"flex\">\n\t\t\t\t\t\t\t<div class=\"sidebar\">\n\t\t\t\t\t\t\t\t<div class=\"image\">\n\t\t\t\t\t\t\t\t\t\t\t\t\t\t\t\t\t\t\t<img decoding=\"async\" src=\"https:\/\/www.edf-re.com\/wp-content\/uploads\/cory-basil-300x300.jpg\">\n\t\t\t\t\t\t\t\t\t\t\t\t\t\t\t\t\t\t<\/div><!-- .image -->\n\t\t\t\t\t\t\t\t<div class=\"name\">\n\t\t\t\t\t\t\t\t\tCory Basil\t\t\t\t\t\t\t\t\t\t<div class=\"title\">\n\t\t\t\t\t\t\t\t\t\t\tVicepresidente Senior Regional, Canad\u00e1 y Noreste de EE.UU.\t\t\t\t\t\t\t\t\t\t<\/div><!-- .title -->\n\t\t\t\t\t\t\t\t\t\t\t\t\t\t\t\t\t\t<\/div><!-- .name -->\n\t\t\t\t\t\t\t\t<ul class=\"icons\">\n\t\t\t\t\t\t\t\t\t\t\t\t\t\t\t\t\t<\/ul><!-- .icons -->\n\t\t\t\t\t\t\t<\/div>\n\t\t\t\t\t\t\t<div class=\"content\">\n\t\t\t\t\t\t\t\t<div class=\"bio\">\n\t\t\t\t\t\t\t\t\t<h3>Acerca de<\/h3>\n\t\t\t\t\t\t\t\t\t<p>Cory se incorpor\u00f3 al equipo de soluciones energ\u00e9ticas de EDF en 2010. En su funci\u00f3n de Vicepresidente Senior Regional, Cory dirige los esfuerzos de desarrollo de la empresa en el noreste de Canad\u00e1 y Estados Unidos y es responsable de reunir una cartera de proyectos de energ\u00eda e\u00f3lica, solar y de almacenamiento. En la actualidad, esta cartera supera los 2.000 MW de proyectos e\u00f3licos y solares puestos en marcha, en construcci\u00f3n o contratados, incluido el centro de energ\u00eda solar Morris Ridge de 177 MWac, que entrar\u00e1 en funcionamiento en 2024.<\/p>\n<p>Cory ha desarrollado su carrera en el sector de las energ\u00edas renovables con experiencia en desarrollo empresarial, permisos, marketing, finanzas, adquisiciones, construcci\u00f3n y gesti\u00f3n de proyectos. Antes de su cargo actual, Cory dirigi\u00f3 un equipo que desarroll\u00f3 una cartera de proyectos de energ\u00edas renovables en todo Canad\u00e1 como Vicepresidente de Desarrollo de Proyectos. Entre los logros de Cory se incluye el desarrollo del proyecto e\u00f3lico m\u00e1s oriental de Canad\u00e1 en Fermeuse, Terranova.<\/p>\n<p>Cory es el antiguo presidente del consejo de la Asociaci\u00f3n Canadiense de Energ\u00eda E\u00f3lica. Se gradu\u00f3 en la Universidad de Ontario Occidental en Londres y vive en Toronto (Canad\u00e1).<\/p>\n\t\t\t\t\t\t\t\t<\/div><!-- .bio -->\n\t\t\t\t\t\t\t\t\t\t\t\t\t\t\t<\/div><!-- .content -->\n\t\t\t\t\t\t<\/div><!-- .flex -->\n\t\t\t\t\t<\/div><!-- .team-member-modal -->\n\t\t\t\t\t\t\t\t<\/div><!-- .team-member -->\n\t\t\t<\/div><\/div><\/div><\/div><\/div><\/div>\t\t\t<\/div><!-- .section-content -->\n\t\t\t<\/div><\/div><\/div><\/div><div id=\"pg-955-3\"  class=\"panel-grid panel-no-style\" ><div id=\"pgc-955-3-0\"  class=\"panel-grid-cell\" ><div id=\"panel-955-3-0-0\" class=\"so-panel widget widget_sow-editor panel-first-child panel-last-child\" data-index=\"3\" ><div\n\t\t\t\n\t\t\tclass=\"so-widget-sow-editor so-widget-sow-editor-base\"\n\t\t\t\n\t\t>\n<div class=\"siteorigin-widget-tinymce textwidget\">\n\t<hr \/>\n<\/div>\n<\/div><\/div><\/div><\/div><div id=\"pg-955-4\"  class=\"panel-grid panel-no-style\" ><div id=\"pgc-955-4-0\"  class=\"panel-grid-cell\" ><div id=\"panel-955-4-0-0\" class=\"so-panel widget widget_font-awesome-icon font-awesome-icon-widget panel-first-child\" data-index=\"4\" ><div\n\t\t\t\n\t\t\tclass=\"so-widget-font-awesome-icon so-widget-font-awesome-icon-default-d75171398898-1035\"\n\t\t\t\n\t\t><div class=\"icon solid logo-blue\" style=\"font-size:30px\">\n\t<i class=\"fas fa-leaf white\"><\/i>\n<\/div><!-- .icon --><\/div><\/div><div id=\"panel-955-4-0-1\" class=\"so-panel widget widget_sow-editor panel-last-child\" data-index=\"5\" ><div\n\t\t\t\n\t\t\tclass=\"so-widget-sow-editor so-widget-sow-editor-base\"\n\t\t\t\n\t\t>\n<div class=\"siteorigin-widget-tinymce textwidget\">\n\t<p style=\"text-align: center;\"><span style=\"color: #09357a;\"><strong><span style=\"font-size: 30px;\">M\u00e1s de 1990 MW<\/span><\/strong><\/span><br \/>\ndesarrollado<\/p>\n<p style=\"text-align: center;\">En 2008, entramos en el mercado canadiense con un proyecto solar de 23,4 MWdc en Ontario y, desde entonces, hemos desarrollado m\u00e1s de 1990 MW de energ\u00eda renovable en todo el pa\u00eds.<\/p>\n<\/div>\n<\/div><\/div><\/div><div id=\"pgc-955-4-1\"  class=\"panel-grid-cell\" ><div id=\"panel-955-4-1-0\" class=\"so-panel widget widget_font-awesome-icon font-awesome-icon-widget panel-first-child\" data-index=\"6\" ><div\n\t\t\t\n\t\t\tclass=\"so-widget-font-awesome-icon so-widget-font-awesome-icon-default-d75171398898-1035\"\n\t\t\t\n\t\t><div class=\"icon solid logo-blue\" style=\"font-size:30px\">\n\t<i class=\"fas fa-arrow-up white\"><\/i>\n<\/div><!-- .icon --><\/div><\/div><div id=\"panel-955-4-1-1\" class=\"so-panel widget widget_sow-editor panel-last-child\" data-index=\"7\" ><div\n\t\t\t\n\t\t\tclass=\"so-widget-sow-editor so-widget-sow-editor-base\"\n\t\t\t\n\t\t>\n<div class=\"siteorigin-widget-tinymce textwidget\">\n\t<p style=\"text-align: center;\"><span style=\"color: #09357a;\"><strong><span style=\"font-size: 30px;\">M\u00e1s de 2000 MW<\/span><\/strong><\/span><br \/>\nen tr\u00e1mite<\/p>\n<p style=\"text-align: center;\">Seguimos ampliando nuestra experiencia en materia de energ\u00eda con proyectos en diversas fases de desarrollo en todo Canad\u00e1.<\/p>\n<\/div>\n<\/div><\/div><\/div><div id=\"pgc-955-4-2\"  class=\"panel-grid-cell\" ><div id=\"panel-955-4-2-0\" class=\"so-panel widget widget_font-awesome-icon font-awesome-icon-widget panel-first-child\" data-index=\"8\" ><div\n\t\t\t\n\t\t\tclass=\"so-widget-font-awesome-icon so-widget-font-awesome-icon-default-d75171398898-1035\"\n\t\t\t\n\t\t><div class=\"icon solid logo-blue\" style=\"font-size:30px\">\n\t<i class=\"fas fa-dollar-sign white\"><\/i>\n<\/div><!-- .icon --><\/div><\/div><div id=\"panel-955-4-2-1\" class=\"so-panel widget widget_sow-editor panel-last-child\" data-index=\"9\" ><div\n\t\t\t\n\t\t\tclass=\"so-widget-sow-editor so-widget-sow-editor-base\"\n\t\t\t\n\t\t>\n<div class=\"siteorigin-widget-tinymce textwidget\">\n\t<p style=\"text-align: center;\"><span style=\"color: #09357a;\"><strong><span style=\"font-size: 30px;\">$5.2+<\/span><\/strong><\/span><br \/>\nmil millones<\/p>\n<p style=\"text-align: center;\">Invertimos en Canad\u00e1 desde 2008, apoyando a propietarios de tierras, comunidades ind\u00edgenas, la gesti\u00f3n ambiental y las iniciativas locales.<\/p>\n<\/div>\n<\/div><\/div><\/div><\/div><\/div>","protected":false},"excerpt":{"rendered":"<p>Energ\u00eda y experiencia en todo Canad\u00e1. Comprometidos con las comunidades y el clima. EDF Power Solutions Canada lleva desde 2008 desarrollando y gestionando proyectos de energ\u00eda limpia en todo el pa\u00eds. Con oficinas en Montreal, Toronto y Calgary, nuestros m\u00e1s de 200 empleados en todo Canad\u00e1 se centran en encontrar formas de construir proyectos energ\u00e9ticos de alta calidad mediante el establecimiento de relaciones comerciales a largo plazo con personas [\u2026]<\/p>","protected":false},"author":1,"featured_media":0,"parent":0,"menu_order":15,"comment_status":"closed","ping_status":"closed","template":"","meta":{"_acf_changed":false,"footnotes":""},"class_list":["post-955","page","type-page","status-publish","hentry"],"acf":[],"yoast_head":"<!-- This site is optimized with the Yoast SEO plugin v26.8 - https:\/\/yoast.com\/product\/yoast-seo-wordpress\/ -->\n<title>Renewable Power Generation in Canada &amp; the U.S. | Canadian Wind Power CA<\/title>\n<meta name=\"description\" content=\"Clean Energy Generation in Canada &amp; the U.S. | Renewable power management &amp; maintenance in North America | Canadian Wind Power CA\" \/>\n<meta name=\"robots\" content=\"index, follow, max-snippet:-1, max-image-preview:large, max-video-preview:-1\" \/>\n<link rel=\"canonical\" href=\"https:\/\/www.edf-re.com\/es\/ca\/\" \/>\n<meta property=\"og:locale\" content=\"es_MX\" \/>\n<meta property=\"og:type\" content=\"article\" \/>\n<meta property=\"og:title\" content=\"Renewable Power Generation in Canada &amp; the U.S. | Canadian Wind Power CA\" \/>\n<meta property=\"og:description\" content=\"Clean Energy Generation in Canada &amp; the U.S. | Renewable power management &amp; maintenance in North America | Canadian Wind Power CA\" \/>\n<meta property=\"og:url\" content=\"https:\/\/www.edf-re.com\/es\/ca\/\" \/>\n<meta property=\"og:site_name\" content=\"EDF power solutions North America\" \/>\n<meta property=\"article:modified_time\" content=\"2025-08-22T21:23:39+00:00\" \/>\n<meta property=\"og:image\" content=\"https:\/\/www.edf-re.com\/wp-content\/uploads\/logo_edf_power_solutions_RGB-no-buffer-zone.png\" \/>\n\t<meta property=\"og:image:width\" content=\"2000\" \/>\n\t<meta property=\"og:image:height\" content=\"702\" \/>\n\t<meta property=\"og:image:type\" content=\"image\/png\" \/>\n<meta name=\"twitter:card\" content=\"summary_large_image\" \/>\n<meta name=\"twitter:label1\" content=\"Tiempo de lectura\" \/>\n\t<meta name=\"twitter:data1\" content=\"4 minutos\" \/>\n<script type=\"application\/ld+json\" class=\"yoast-schema-graph\">{\"@context\":\"https:\/\/schema.org\",\"@graph\":[{\"@type\":\"WebPage\",\"@id\":\"https:\/\/www.edf-re.com\/ca\/\",\"url\":\"https:\/\/www.edf-re.com\/ca\/\",\"name\":\"Renewable Power Generation in Canada & the U.S. | Canadian Wind Power CA\",\"isPartOf\":{\"@id\":\"https:\/\/www.edf-re.com\/#website\"},\"datePublished\":\"2020-05-19T15:58:21+00:00\",\"dateModified\":\"2025-08-22T21:23:39+00:00\",\"description\":\"Clean Energy Generation in Canada & the U.S. | Renewable power management & maintenance in North America | Canadian Wind Power CA\",\"breadcrumb\":{\"@id\":\"https:\/\/www.edf-re.com\/ca\/#breadcrumb\"},\"inLanguage\":\"es\",\"potentialAction\":[{\"@type\":\"ReadAction\",\"target\":[\"https:\/\/www.edf-re.com\/ca\/\"]}]},{\"@type\":\"BreadcrumbList\",\"@id\":\"https:\/\/www.edf-re.com\/ca\/#breadcrumb\",\"itemListElement\":[{\"@type\":\"ListItem\",\"position\":1,\"name\":\"Home\",\"item\":\"https:\/\/www.edf-re.com\/\"},{\"@type\":\"ListItem\",\"position\":2,\"name\":\"EDF power solutions Canada\"}]},{\"@type\":\"WebSite\",\"@id\":\"https:\/\/www.edf-re.com\/#website\",\"url\":\"https:\/\/www.edf-re.com\/\",\"name\":\"EDF power solutions North America\",\"description\":\"\",\"publisher\":{\"@id\":\"https:\/\/www.edf-re.com\/#organization\"},\"potentialAction\":[{\"@type\":\"SearchAction\",\"target\":{\"@type\":\"EntryPoint\",\"urlTemplate\":\"https:\/\/www.edf-re.com\/?s={search_term_string}\"},\"query-input\":{\"@type\":\"PropertyValueSpecification\",\"valueRequired\":true,\"valueName\":\"search_term_string\"}}],\"inLanguage\":\"es\"},{\"@type\":\"Organization\",\"@id\":\"https:\/\/www.edf-re.com\/#organization\",\"name\":\"EDF Renewables North America\",\"url\":\"https:\/\/www.edf-re.com\/\",\"logo\":{\"@type\":\"ImageObject\",\"inLanguage\":\"es\",\"@id\":\"https:\/\/www.edf-re.com\/#\/schema\/logo\/image\/\",\"url\":\"https:\/\/www.edf-re.com\/wp-content\/uploads\/edfr-logo-1.png\",\"contentUrl\":\"https:\/\/www.edf-re.com\/wp-content\/uploads\/edfr-logo-1.png\",\"width\":600,\"height\":291,\"caption\":\"EDF Renewables North America\"},\"image\":{\"@id\":\"https:\/\/www.edf-re.com\/#\/schema\/logo\/image\/\"}}]}<\/script>\n<!-- \/ Yoast SEO plugin. -->","yoast_head_json":{"title":"Generaci\u00f3n de energ\u00eda renovable en Canad\u00e1 y Estados Unidos | Canadian Wind Power CA","description":"Generaci\u00f3n de energ\u00eda limpia en Canad\u00e1 y Estados Unidos | Gesti\u00f3n y mantenimiento de la energ\u00eda renovable en Norteam\u00e9rica | Energ\u00eda e\u00f3lica canadiense CA","robots":{"index":"index","follow":"follow","max-snippet":"max-snippet:-1","max-image-preview":"max-image-preview:large","max-video-preview":"max-video-preview:-1"},"canonical":"https:\/\/www.edf-re.com\/es\/ca\/","og_locale":"es_MX","og_type":"article","og_title":"Renewable Power Generation in Canada & the U.S. | Canadian Wind Power CA","og_description":"Clean Energy Generation in Canada & the U.S. | Renewable power management & maintenance in North America | Canadian Wind Power CA","og_url":"https:\/\/www.edf-re.com\/es\/ca\/","og_site_name":"EDF power solutions North America","article_modified_time":"2025-08-22T21:23:39+00:00","og_image":[{"width":2000,"height":702,"url":"https:\/\/www.edf-re.com\/wp-content\/uploads\/logo_edf_power_solutions_RGB-no-buffer-zone.png","type":"image\/png"}],"twitter_card":"summary_large_image","twitter_misc":{"Tiempo de lectura":"4 minutos"},"schema":{"@context":"https:\/\/schema.org","@graph":[{"@type":"WebPage","@id":"https:\/\/www.edf-re.com\/ca\/","url":"https:\/\/www.edf-re.com\/ca\/","name":"Generaci\u00f3n de energ\u00eda renovable en Canad\u00e1 y Estados Unidos | Canadian Wind Power CA","isPartOf":{"@id":"https:\/\/www.edf-re.com\/#website"},"datePublished":"2020-05-19T15:58:21+00:00","dateModified":"2025-08-22T21:23:39+00:00","description":"Generaci\u00f3n de energ\u00eda limpia en Canad\u00e1 y Estados Unidos | Gesti\u00f3n y mantenimiento de la energ\u00eda renovable en Norteam\u00e9rica | Energ\u00eda e\u00f3lica canadiense CA","breadcrumb":{"@id":"https:\/\/www.edf-re.com\/ca\/#breadcrumb"},"inLanguage":"es","potentialAction":[{"@type":"ReadAction","target":["https:\/\/www.edf-re.com\/ca\/"]}]},{"@type":"BreadcrumbList","@id":"https:\/\/www.edf-re.com\/ca\/#breadcrumb","itemListElement":[{"@type":"ListItem","position":1,"name":"Home","item":"https:\/\/www.edf-re.com\/"},{"@type":"ListItem","position":2,"name":"EDF power solutions Canada"}]},{"@type":"WebSite","@id":"https:\/\/www.edf-re.com\/#website","url":"https:\/\/www.edf-re.com\/","name":"EDF power solutions Norteam\u00e9rica","description":"","publisher":{"@id":"https:\/\/www.edf-re.com\/#organization"},"potentialAction":[{"@type":"SearchAction","target":{"@type":"EntryPoint","urlTemplate":"https:\/\/www.edf-re.com\/?s={search_term_string}"},"query-input":{"@type":"PropertyValueSpecification","valueRequired":true,"valueName":"search_term_string"}}],"inLanguage":"es"},{"@type":"Organization","@id":"https:\/\/www.edf-re.com\/#organization","name":"EDF Renewables Norteam\u00e9rica","url":"https:\/\/www.edf-re.com\/","logo":{"@type":"ImageObject","inLanguage":"es","@id":"https:\/\/www.edf-re.com\/#\/schema\/logo\/image\/","url":"https:\/\/www.edf-re.com\/wp-content\/uploads\/edfr-logo-1.png","contentUrl":"https:\/\/www.edf-re.com\/wp-content\/uploads\/edfr-logo-1.png","width":600,"height":291,"caption":"EDF Renewables North America"},"image":{"@id":"https:\/\/www.edf-re.com\/#\/schema\/logo\/image\/"}}]}},"_links":{"self":[{"href":"https:\/\/www.edf-re.com\/es\/wp-json\/wp\/v2\/pages\/955","targetHints":{"allow":["GET"]}}],"collection":[{"href":"https:\/\/www.edf-re.com\/es\/wp-json\/wp\/v2\/pages"}],"about":[{"href":"https:\/\/www.edf-re.com\/es\/wp-json\/wp\/v2\/types\/page"}],"author":[{"embeddable":true,"href":"https:\/\/www.edf-re.com\/es\/wp-json\/wp\/v2\/users\/1"}],"replies":[{"embeddable":true,"href":"https:\/\/www.edf-re.com\/es\/wp-json\/wp\/v2\/comments?post=955"}],"version-history":[{"count":7,"href":"https:\/\/www.edf-re.com\/es\/wp-json\/wp\/v2\/pages\/955\/revisions"}],"predecessor-version":[{"id":11012,"href":"https:\/\/www.edf-re.com\/es\/wp-json\/wp\/v2\/pages\/955\/revisions\/11012"}],"wp:attachment":[{"href":"https:\/\/www.edf-re.com\/es\/wp-json\/wp\/v2\/media?parent=955"}],"curies":[{"name":"wp","href":"https:\/\/api.w.org\/{rel}","templated":true}]}}