{"id":958,"date":"2020-05-19T08:59:44","date_gmt":"2020-05-19T15:59:44","guid":{"rendered":"https:\/\/www.edf-re.com\/?page_id=958"},"modified":"2025-07-23T11:51:46","modified_gmt":"2025-07-23T18:51:46","slug":"mx","status":"publish","type":"page","link":"https:\/\/www.edf-re.com\/es\/mx\/","title":{"rendered":"EDF power solutions M\u00e9xico"},"content":{"rendered":"<div id=\"pl-958\"  class=\"panel-layout\" ><div id=\"pg-958-0\"  class=\"panel-grid panel-no-style\" ><div id=\"pgc-958-0-0\"  class=\"panel-grid-cell\" ><div id=\"panel-958-0-0-0\" class=\"so-panel widget widget_sow-editor panel-first-child panel-last-child\" data-index=\"0\" ><div\n\t\t\t\n\t\t\tclass=\"so-widget-sow-editor so-widget-sow-editor-base\"\n\t\t\t\n\t\t>\n<div class=\"siteorigin-widget-tinymce textwidget\">\n\t<div id=\"pgc-12281-0-0\" class=\"panel-grid-cell\">\n<div id=\"panel-12281-0-0-0\" class=\"so-panel widget widget_black-studio-tinymce widget_black_studio_tinymce panel-first-child panel-last-child\" data-index=\"0\">\n<div class=\"textwidget\">\n<h2>Energ\u00eda y experiencia en todo M\u00e9xico<\/h2>\n<p>EDF power solutions M\u00e9xico ha estado desarrollando y operando proyectos de energ\u00eda limpia en todo el pa\u00eds desde el a\u00f1o 2000. Con sede en la Ciudad de M\u00e9xico y una oficina en Juchit\u00e1n de Zaragoza, Oaxaca, nuestros m\u00e1s de 100 empleados en todo M\u00e9xico se centran en formas de construir proyectos de energ\u00eda de alta calidad mediante el establecimiento de relaciones comerciales a largo plazo con personas que comparten nuestra misi\u00f3n de ofrecer soluciones renovables para liderar la transici\u00f3n hacia un futuro energ\u00e9tico sostenible.<\/p>\n<p>La naturaleza de nuestro negocio beneficia directamente al medio ambiente y nuestro compromiso no se detiene en el campo. Tambi\u00e9n tenemos en cuenta el entorno donde trabajamos y vivimos. Es una parte fundamental de nuestra cultura tomar iniciativas medioambientales siempre que sea posible en nuestras comunidades de acogida.<\/p>\n<\/div>\n<\/div>\n<\/div>\n<\/div>\n<\/div><\/div><\/div><\/div><div id=\"pg-958-1\"  class=\"panel-grid panel-no-style\" ><div id=\"pgc-958-1-0\"  class=\"panel-grid-cell\" ><div id=\"panel-958-1-0-0\" class=\"so-panel widget widget_sow-editor panel-first-child panel-last-child\" data-index=\"1\" ><div\n\t\t\t\n\t\t\tclass=\"so-widget-sow-editor so-widget-sow-editor-base\"\n\t\t\t\n\t\t>\n<div class=\"siteorigin-widget-tinymce textwidget\">\n\t<hr \/>\n<\/div>\n<\/div><\/div><\/div><\/div><div id=\"pg-958-2\"  class=\"panel-grid panel-no-style\" ><div id=\"pgc-958-2-0\"  class=\"panel-grid-cell\" ><div id=\"panel-958-2-0-0\" class=\"so-panel widget widget_sections sections-widget panel-first-child panel-last-child\" data-index=\"2\" ><div\n\t\t\t\n\t\t\tclass=\"so-widget-sections so-widget-sections-default-d75171398898-958\"\n\t\t\t\n\t\t>\t<div class=\"sections\">\n\t\t\t\t\t<div class=\"section link\">\n\t\t\t\t\t\t\t\t\t<a href=\"https:\/\/www.edf-re.com\/es\/proyectos\/\">\n\t\t\t\t\t\t<img decoding=\"async\" src=\"https:\/\/www.edf-re.com\/wp-content\/uploads\/projects-mx.jpg\">\n\t\t\t\t\t\t<div class=\"icon\"><\/div>\n\t\t\t\t\t\t<div class=\"overlay\"><\/div>\n\t\t\t\t\t<\/a>\n\t\t\t\t\t\t\t\t\t\t<div class=\"title\">\n\t\t\t\t\t\tNuestros proyectos\t\t\t\t\t<\/div><!-- .title -->\n\t\t\t\t\t\t\t\t\t\t<div class=\"description\">\n\t\t\t\t\t\tVea nuestros proyectos en Norteam\u00e9rica\t\t\t\t\t<\/div><!-- .description -->\n\t\t\t\t\t\t\t\t<\/div><!-- .section -->\n\t\t\t\t\t\t<div class=\"section link\">\n\t\t\t\t\t\t\t\t\t<a href=\"https:\/\/www.edf-re.com\/es\/noticias\/comunicados-de-prensa\/\">\n\t\t\t\t\t\t<img decoding=\"async\" src=\"https:\/\/www.edf-re.com\/wp-content\/uploads\/newsroom.jpg\">\n\t\t\t\t\t\t<div class=\"icon\"><\/div>\n\t\t\t\t\t\t<div class=\"overlay\"><\/div>\n\t\t\t\t\t<\/a>\n\t\t\t\t\t\t\t\t\t\t<div class=\"title\">\n\t\t\t\t\t\tSala de prensa\t\t\t\t\t<\/div><!-- .title -->\n\t\t\t\t\t\t\t\t\t\t<div class=\"description\">\n\t\t\t\t\t\tLea lo que hemos hecho\t\t\t\t\t<\/div><!-- .description -->\n\t\t\t\t\t\t\t\t<\/div><!-- .section -->\n\t\t\t\t\t\t<div class=\"section content\">\n\t\t\t\t\t\t\t\t\t<a href=\"#\">\n\t\t\t\t\t\t<img decoding=\"async\" src=\"https:\/\/www.edf-re.com\/wp-content\/uploads\/join-the-team-mx.jpg\">\n\t\t\t\t\t\t<div class=\"icon\"><\/div>\n\t\t\t\t\t\t<div class=\"overlay\"><\/div>\n\t\t\t\t\t<\/a>\n\t\t\t\t\t\t\t\t\t\t<div class=\"title\">\n\t\t\t\t\t\t\u00danete al equipo\t\t\t\t\t<\/div><!-- .title -->\n\t\t\t\t\t\t\t\t\t\t<div class=\"description\">\n\t\t\t\t\t\tVea nuestras vacantes actuales\t\t\t\t\t<\/div><!-- .description -->\n\t\t\t\t\t\t\t\t<\/div><!-- .section -->\n\t\t\t\t\t\t<div class=\"section content\">\n\t\t\t\t\t\t\t\t\t<a href=\"#\">\n\t\t\t\t\t\t<img decoding=\"async\" src=\"https:\/\/www.edf-re.com\/wp-content\/uploads\/leadership.jpg\">\n\t\t\t\t\t\t<div class=\"icon\"><\/div>\n\t\t\t\t\t\t<div class=\"overlay\"><\/div>\n\t\t\t\t\t<\/a>\n\t\t\t\t\t\t\t\t\t\t<div class=\"title\">\n\t\t\t\t\t\tLiderazgo\t\t\t\t\t<\/div><!-- .title -->\n\t\t\t\t\t\t\t\t\t\t<div class=\"description\">\n\t\t\t\t\t\tM\u00e1s informaci\u00f3n sobre nuestro equipo de M\u00e9xico\t\t\t\t\t<\/div><!-- .description -->\n\t\t\t\t\t\t\t\t<\/div><!-- .section -->\n\t\t\t\t<\/div><!-- .sections -->\n\t\t\t\t<div class=\"section-content\">\n\t\t\t\t\t\t\t\t\t<h2 class=\"title\">\u00danete al equipo<\/h2>\n\t\t\t\t\t<div id=\"pl-69e4c110ae9f9\"  class=\"panel-layout\" ><div id=\"pg-69e4c110ae9f9-0\"  class=\"panel-grid panel-no-style\" ><div id=\"pgc-69e4c110ae9f9-0-0\"  class=\"panel-grid-cell\" ><div id=\"panel-69e4c110ae9f9-0-0-0\" class=\"so-panel widget widget_sow-editor panel-first-child panel-last-child\" data-index=\"0\" ><div\n\t\t\t\n\t\t\tclass=\"so-widget-sow-editor so-widget-sow-editor-base\"\n\t\t\t\n\t\t>\n<div class=\"siteorigin-widget-tinymce textwidget\">\n\t<p>EDF power solutions ofrece un completo paquete de prestaciones a todos los empleados fijos a tiempo completo. Algunos de los aspectos m\u00e1s destacados de nuestro plan son: cobertura m\u00e9dica, dental y oftalmol\u00f3gica; seguro de vida; incapacidad a largo y corto plazo; vacaciones y baja por enfermedad; d\u00edas festivos pagados; y aportaciones al plan de pensiones.<\/p>\n<p>El plan de empleo de EDF power solutions ofrece un grupo de prestaciones completo y de amplio alcance, dise\u00f1ado para limitar los gastos de bolsillo de los empleados, proporcionar prestaciones detalladas y mejorar el aspecto personal de la vida de nuestros empleados.<\/p>\n<p>Si est\u00e1 interesado en trabajar en un entorno r\u00e1pido e innovador, y quiere tener un impacto real con su carrera, consulte nuestros puestos vacantes actuales y env\u00ede su CV.<\/p>\n<h4>C\u00f3mo solicitarlo<\/h4>\n<p>Para solicitar un puesto, env\u00ede su CV junto con el t\u00edtulo del puesto por v\u00eda electr\u00f3nica a\u00a0<a href=\"mailto:employment.mx@edf-re.com\">employment.mx@edf-re.com<\/a>.<\/p>\n<\/div>\n<\/div><\/div><\/div><\/div><\/div>\t\t\t<\/div><!-- .section-content -->\n\t\t\t\t\t\t<div class=\"section-content\">\n\t\t\t\t\t\t\t\t\t<h2 class=\"title\">Liderazgo<\/h2>\n\t\t\t\t\t<div id=\"pl-69e4c110aeee7\"  class=\"panel-layout\" ><div id=\"pg-69e4c110aeee7-0\"  class=\"panel-grid panel-no-style\" ><div id=\"pgc-69e4c110aeee7-0-0\"  class=\"panel-grid-cell\" ><div id=\"panel-69e4c110aeee7-0-0-0\" class=\"so-panel widget widget_team-members team-members-widget panel-first-child panel-last-child\" data-index=\"0\" ><div\n\t\t\t\n\t\t\tclass=\"so-widget-team-members so-widget-team-members-default-d75171398898-958\"\n\t\t\t\n\t\t>\t\t\t<div class=\"team-member dark-orange\">\n\t\t\t\t<div class=\"image\">\n\t\t\t\t\t\t\t\t\t\t\t<a href=\"javascript:;\" data-fancybox data-src=\"#team-member-513\" data-options='{ \"touch\": false, \"autoFocus\": false, \"backFocus\": false }'>\n\t\t\t\t\t\t\t\t\t\t\t\t\t\t\t<img decoding=\"async\" src=\"https:\/\/www.edf-re.com\/wp-content\/uploads\/Gerardo-Perez-e1656611802733-300x300.jpg\">\n\t\t\t\t\t\t\t\t\t\t\t\t\t\t\t<div class=\"overlay\">\n\t\t\t\t\t\t\t\t<i class=\"fa-regular fa-plus\"><\/i>\n\t\t\t\t\t\t\t<\/div><!-- .overlay -->\n\t\t\t\t\t\t<\/a>\n\t\t\t\t\t\t\t\t\t\t<\/div><!-- .image -->\n\t\t\t\t<div class=\"name\">\n\t\t\t\t\tGerardo P\u00e9rez Guerra\t\t\t\t\t\t<div class=\"title\">\n\t\t\t\t\t\t\tVicepresidente y Director General, EDF power solutions, M\u00e9xico\t\t\t\t\t\t<\/div><!-- .title -->\n\t\t\t\t\t\t\t\t\t\t<\/div><!-- .name -->\n\t\t\t\t\t\t\t\t\t<div id=\"team-member-513\" class=\"team-member-modal\">\n\t\t\t\t\t\t<div class=\"flex\">\n\t\t\t\t\t\t\t<div class=\"sidebar\">\n\t\t\t\t\t\t\t\t<div class=\"image\">\n\t\t\t\t\t\t\t\t\t\t\t\t\t\t\t\t\t\t\t<img decoding=\"async\" src=\"https:\/\/www.edf-re.com\/wp-content\/uploads\/Gerardo-Perez-e1656611802733-300x300.jpg\">\n\t\t\t\t\t\t\t\t\t\t\t\t\t\t\t\t\t\t<\/div><!-- .image -->\n\t\t\t\t\t\t\t\t<div class=\"name\">\n\t\t\t\t\t\t\t\t\tGerardo P\u00e9rez Guerra\t\t\t\t\t\t\t\t\t\t<div class=\"title\">\n\t\t\t\t\t\t\t\t\t\t\tVicepresidente y Director General, EDF power solutions, M\u00e9xico\t\t\t\t\t\t\t\t\t\t<\/div><!-- .title -->\n\t\t\t\t\t\t\t\t\t\t\t\t\t\t\t\t\t\t<\/div><!-- .name -->\n\t\t\t\t\t\t\t\t<ul class=\"icons\">\n\t\t\t\t\t\t\t\t\t\t\t\t\t\t\t\t\t<\/ul><!-- .icons -->\n\t\t\t\t\t\t\t<\/div>\n\t\t\t\t\t\t\t<div class=\"content\">\n\t\t\t\t\t\t\t\t<div class=\"bio\">\n\t\t\t\t\t\t\t\t\t<h3>Acerca de<\/h3>\n\t\t\t\t\t\t\t\t\t<p>Gerardo P\u00e9rez Guerra se incorpor\u00f3 a EDF power solutions en noviembre de 2014 como Vicepresidente y Director General de M\u00e9xico....<\/p>\n<p>La experiencia de m\u00e1s de 25 a\u00f1os de Gerardo en el sector energ\u00e9tico incluye 23 a\u00f1os con Siemens M\u00e9xico. Para Siemens ocup\u00f3 el cargo de Director de Negocios para el Mercado Mesoamericano de Energ\u00eda durante 13 a\u00f1os. En ese puesto, Gerardo fue responsable de la estrategia de ventas, negociaci\u00f3n y beneficio de ventas para cinco divisiones y un volumen de ventas de 1.5 billones de USD anuales.<\/p>\n<p>Durante este \u00faltimo a\u00f1o, como Director de Energ\u00eda E\u00f3lica de Acciona para M\u00e9xico y Centroam\u00e9rica, Gerardo se enorgullece de haber liderado la firma de un proyecto de casi 300 MW en el norte de M\u00e9xico y de haber cerrado un acuerdo con Actis para el dise\u00f1o, ingenier\u00eda y construcci\u00f3n de un proyecto e\u00f3lico de 50 MW en Oaxaca.<\/p>\n<p>La experiencia general de Gerardo en el desarrollo del negocio e\u00f3lico y su competencia en la gesti\u00f3n de relaciones con empresas del sector industrial, EPC's, sociedades de inversi\u00f3n de fondos, off takers, promotores y entidades gubernamentales, es seguro que le llevar\u00e1n al \u00e9xito al asumir la responsabilidad de la operaci\u00f3n y desarrollo general de la cartera de proyectos de energ\u00eda renovable de EDF power solutions y la operaci\u00f3n diaria de la organizaci\u00f3n en M\u00e9xico.<\/p>\n\t\t\t\t\t\t\t\t<\/div><!-- .bio -->\n\t\t\t\t\t\t\t\t\t\t\t\t\t\t\t<\/div><!-- .content -->\n\t\t\t\t\t\t<\/div><!-- .flex -->\n\t\t\t\t\t<\/div><!-- .team-member-modal -->\n\t\t\t\t\t\t\t\t<\/div><!-- .team-member -->\n\t\t\t<\/div><\/div><\/div><\/div><\/div>\t\t\t<\/div><!-- .section-content -->\n\t\t\t<\/div><\/div><\/div><\/div><div id=\"pg-958-3\"  class=\"panel-grid panel-no-style\" ><div id=\"pgc-958-3-0\"  class=\"panel-grid-cell\" ><div id=\"panel-958-3-0-0\" class=\"so-panel widget widget_sow-editor panel-first-child panel-last-child\" data-index=\"3\" ><div\n\t\t\t\n\t\t\tclass=\"so-widget-sow-editor so-widget-sow-editor-base\"\n\t\t\t\n\t\t>\n<div class=\"siteorigin-widget-tinymce textwidget\">\n\t<hr \/>\n<\/div>\n<\/div><\/div><\/div><\/div><div id=\"pg-958-4\"  class=\"panel-grid panel-no-style\" ><div id=\"pgc-958-4-0\"  class=\"panel-grid-cell\" ><div id=\"panel-958-4-0-0\" class=\"so-panel widget widget_font-awesome-icon font-awesome-icon-widget panel-first-child\" data-index=\"4\" ><div\n\t\t\t\n\t\t\tclass=\"so-widget-font-awesome-icon so-widget-font-awesome-icon-default-d75171398898-513\"\n\t\t\t\n\t\t><div class=\"icon solid logo-blue\" style=\"font-size:30px\">\n\t<i class=\"fas fa-leaf white\"><\/i>\n<\/div><!-- .icon --><\/div><\/div><div id=\"panel-958-4-0-1\" class=\"so-panel widget widget_sow-editor panel-last-child\" data-index=\"5\" ><div\n\t\t\t\n\t\t\tclass=\"so-widget-sow-editor so-widget-sow-editor-base\"\n\t\t\t\n\t\t>\n<div class=\"siteorigin-widget-tinymce textwidget\">\n\t<p style=\"text-align: center;\"><span style=\"color: #09357a;\"><strong><span style=\"font-size: 30px;\">781,5 MW<\/span><\/strong><\/span><br \/>\ne\u00f3lica y solar puesta en servicio<\/p>\n<\/div>\n<\/div><\/div><\/div><div id=\"pgc-958-4-1\"  class=\"panel-grid-cell\" ><div id=\"panel-958-4-1-0\" class=\"so-panel widget widget_font-awesome-icon font-awesome-icon-widget panel-first-child\" data-index=\"6\" ><div\n\t\t\t\n\t\t\tclass=\"so-widget-font-awesome-icon so-widget-font-awesome-icon-default-d75171398898-513\"\n\t\t\t\n\t\t><div class=\"icon solid logo-blue\" style=\"font-size:30px\">\n\t<i class=\"fas fa-dollar-sign white\"><\/i>\n<\/div><!-- .icon --><\/div><\/div><div id=\"panel-958-4-1-1\" class=\"so-panel widget widget_sow-editor panel-last-child\" data-index=\"7\" ><div\n\t\t\t\n\t\t\tclass=\"so-widget-sow-editor so-widget-sow-editor-base\"\n\t\t\t\n\t\t>\n<div class=\"siteorigin-widget-tinymce textwidget\">\n\t<p style=\"text-align: center;\"><span style=\"color: #09357a;\"><strong><span style=\"font-size: 30px;\">$1 mil millones<\/span><\/strong><\/span><br \/>\ninvertidos en M\u00e9xico desde 2001<\/p>\n<\/div>\n<\/div><\/div><\/div><\/div><\/div>","protected":false},"excerpt":{"rendered":"<p>Energ\u00eda y experiencia en todo M\u00e9xico EDF power solutions M\u00e9xico ha estado desarrollando y operando proyectos de energ\u00eda limpia en todo el pa\u00eds desde el a\u00f1o 2000. Con sede en la Ciudad de M\u00e9xico y una oficina en Juchit\u00e1n de Zaragoza, Oaxaca, nuestros m\u00e1s de 100 empleados en todo M\u00e9xico se centran en formas de construir proyectos de energ\u00eda de alta calidad mediante el establecimiento de relaciones comerciales a largo plazo con [...]<\/p>","protected":false},"author":1,"featured_media":0,"parent":0,"menu_order":16,"comment_status":"closed","ping_status":"closed","template":"","meta":{"_acf_changed":false,"footnotes":""},"class_list":["post-958","page","type-page","status-publish","hentry"],"acf":[],"yoast_head":"<!-- This site is optimized with the Yoast SEO plugin v26.8 - https:\/\/yoast.com\/product\/yoast-seo-wordpress\/ -->\n<title>EDFps Solar Panel Energy Generation in Mexico | MX Clean Power<\/title>\n<meta name=\"description\" content=\"Clean Power Generation in Mexico with EDF power solutions NA | EDFps Solar Panel Energy Generation &amp; Management Projects in MX since 2000\" \/>\n<meta name=\"robots\" content=\"index, follow, max-snippet:-1, max-image-preview:large, max-video-preview:-1\" \/>\n<link rel=\"canonical\" href=\"https:\/\/www.edf-re.com\/es\/mx\/\" \/>\n<meta property=\"og:locale\" content=\"es_MX\" \/>\n<meta property=\"og:type\" content=\"article\" \/>\n<meta property=\"og:title\" content=\"EDFps Solar Panel Energy Generation in Mexico | MX Clean Power\" \/>\n<meta property=\"og:description\" content=\"Clean Power Generation in Mexico with EDF power solutions NA | EDFps Solar Panel Energy Generation &amp; Management Projects in MX since 2000\" \/>\n<meta property=\"og:url\" content=\"https:\/\/www.edf-re.com\/es\/mx\/\" \/>\n<meta property=\"og:site_name\" content=\"EDF power solutions North America\" \/>\n<meta property=\"article:modified_time\" content=\"2025-07-23T18:51:46+00:00\" \/>\n<meta property=\"og:image\" content=\"https:\/\/www.edf-re.com\/wp-content\/uploads\/logo_edf_power_solutions_RGB-no-buffer-zone.png\" \/>\n\t<meta property=\"og:image:width\" content=\"2000\" \/>\n\t<meta property=\"og:image:height\" content=\"702\" \/>\n\t<meta property=\"og:image:type\" content=\"image\/png\" \/>\n<meta name=\"twitter:card\" content=\"summary_large_image\" \/>\n<meta name=\"twitter:label1\" content=\"Tiempo de lectura\" \/>\n\t<meta name=\"twitter:data1\" content=\"4 minutos\" \/>\n<script type=\"application\/ld+json\" class=\"yoast-schema-graph\">{\"@context\":\"https:\/\/schema.org\",\"@graph\":[{\"@type\":\"WebPage\",\"@id\":\"https:\/\/www.edf-re.com\/mx\/\",\"url\":\"https:\/\/www.edf-re.com\/mx\/\",\"name\":\"EDFps Solar Panel Energy Generation in Mexico | MX Clean Power\",\"isPartOf\":{\"@id\":\"https:\/\/www.edf-re.com\/#website\"},\"datePublished\":\"2020-05-19T15:59:44+00:00\",\"dateModified\":\"2025-07-23T18:51:46+00:00\",\"description\":\"Clean Power Generation in Mexico with EDF power solutions NA | EDFps Solar Panel Energy Generation & Management Projects in MX since 2000\",\"breadcrumb\":{\"@id\":\"https:\/\/www.edf-re.com\/mx\/#breadcrumb\"},\"inLanguage\":\"es\",\"potentialAction\":[{\"@type\":\"ReadAction\",\"target\":[\"https:\/\/www.edf-re.com\/mx\/\"]}]},{\"@type\":\"BreadcrumbList\",\"@id\":\"https:\/\/www.edf-re.com\/mx\/#breadcrumb\",\"itemListElement\":[{\"@type\":\"ListItem\",\"position\":1,\"name\":\"Home\",\"item\":\"https:\/\/www.edf-re.com\/\"},{\"@type\":\"ListItem\",\"position\":2,\"name\":\"EDF power solutions Mexico\"}]},{\"@type\":\"WebSite\",\"@id\":\"https:\/\/www.edf-re.com\/#website\",\"url\":\"https:\/\/www.edf-re.com\/\",\"name\":\"EDF power solutions North America\",\"description\":\"\",\"publisher\":{\"@id\":\"https:\/\/www.edf-re.com\/#organization\"},\"potentialAction\":[{\"@type\":\"SearchAction\",\"target\":{\"@type\":\"EntryPoint\",\"urlTemplate\":\"https:\/\/www.edf-re.com\/?s={search_term_string}\"},\"query-input\":{\"@type\":\"PropertyValueSpecification\",\"valueRequired\":true,\"valueName\":\"search_term_string\"}}],\"inLanguage\":\"es\"},{\"@type\":\"Organization\",\"@id\":\"https:\/\/www.edf-re.com\/#organization\",\"name\":\"EDF Renewables North America\",\"url\":\"https:\/\/www.edf-re.com\/\",\"logo\":{\"@type\":\"ImageObject\",\"inLanguage\":\"es\",\"@id\":\"https:\/\/www.edf-re.com\/#\/schema\/logo\/image\/\",\"url\":\"https:\/\/www.edf-re.com\/wp-content\/uploads\/edfr-logo-1.png\",\"contentUrl\":\"https:\/\/www.edf-re.com\/wp-content\/uploads\/edfr-logo-1.png\",\"width\":600,\"height\":291,\"caption\":\"EDF Renewables North America\"},\"image\":{\"@id\":\"https:\/\/www.edf-re.com\/#\/schema\/logo\/image\/\"}}]}<\/script>\n<!-- \/ Yoast SEO plugin. -->","yoast_head_json":{"title":"EDFps Generaci\u00f3n de Energ\u00eda con Paneles Solares en M\u00e9xico | MX Clean Power","description":"Generaci\u00f3n de Energ\u00eda Limpia en M\u00e9xico con EDF power solutions NA | EDFps Solar Panel Proyectos de Generaci\u00f3n y Gesti\u00f3n de Energ\u00eda en MX desde 2000","robots":{"index":"index","follow":"follow","max-snippet":"max-snippet:-1","max-image-preview":"max-image-preview:large","max-video-preview":"max-video-preview:-1"},"canonical":"https:\/\/www.edf-re.com\/es\/mx\/","og_locale":"es_MX","og_type":"article","og_title":"EDFps Solar Panel Energy Generation in Mexico | MX Clean Power","og_description":"Clean Power Generation in Mexico with EDF power solutions NA | EDFps Solar Panel Energy Generation & Management Projects in MX since 2000","og_url":"https:\/\/www.edf-re.com\/es\/mx\/","og_site_name":"EDF power solutions North America","article_modified_time":"2025-07-23T18:51:46+00:00","og_image":[{"width":2000,"height":702,"url":"https:\/\/www.edf-re.com\/wp-content\/uploads\/logo_edf_power_solutions_RGB-no-buffer-zone.png","type":"image\/png"}],"twitter_card":"summary_large_image","twitter_misc":{"Tiempo de lectura":"4 minutos"},"schema":{"@context":"https:\/\/schema.org","@graph":[{"@type":"WebPage","@id":"https:\/\/www.edf-re.com\/mx\/","url":"https:\/\/www.edf-re.com\/mx\/","name":"EDFps Generaci\u00f3n de Energ\u00eda con Paneles Solares en M\u00e9xico | MX Clean Power","isPartOf":{"@id":"https:\/\/www.edf-re.com\/#website"},"datePublished":"2020-05-19T15:59:44+00:00","dateModified":"2025-07-23T18:51:46+00:00","description":"Generaci\u00f3n de Energ\u00eda Limpia en M\u00e9xico con EDF power solutions NA | EDFps Solar Panel Proyectos de Generaci\u00f3n y Gesti\u00f3n de Energ\u00eda en MX desde 2000","breadcrumb":{"@id":"https:\/\/www.edf-re.com\/mx\/#breadcrumb"},"inLanguage":"es","potentialAction":[{"@type":"ReadAction","target":["https:\/\/www.edf-re.com\/mx\/"]}]},{"@type":"BreadcrumbList","@id":"https:\/\/www.edf-re.com\/mx\/#breadcrumb","itemListElement":[{"@type":"ListItem","position":1,"name":"Home","item":"https:\/\/www.edf-re.com\/"},{"@type":"ListItem","position":2,"name":"EDF power solutions Mexico"}]},{"@type":"WebSite","@id":"https:\/\/www.edf-re.com\/#website","url":"https:\/\/www.edf-re.com\/","name":"EDF power solutions Norteam\u00e9rica","description":"","publisher":{"@id":"https:\/\/www.edf-re.com\/#organization"},"potentialAction":[{"@type":"SearchAction","target":{"@type":"EntryPoint","urlTemplate":"https:\/\/www.edf-re.com\/?s={search_term_string}"},"query-input":{"@type":"PropertyValueSpecification","valueRequired":true,"valueName":"search_term_string"}}],"inLanguage":"es"},{"@type":"Organization","@id":"https:\/\/www.edf-re.com\/#organization","name":"EDF Renewables Norteam\u00e9rica","url":"https:\/\/www.edf-re.com\/","logo":{"@type":"ImageObject","inLanguage":"es","@id":"https:\/\/www.edf-re.com\/#\/schema\/logo\/image\/","url":"https:\/\/www.edf-re.com\/wp-content\/uploads\/edfr-logo-1.png","contentUrl":"https:\/\/www.edf-re.com\/wp-content\/uploads\/edfr-logo-1.png","width":600,"height":291,"caption":"EDF Renewables North America"},"image":{"@id":"https:\/\/www.edf-re.com\/#\/schema\/logo\/image\/"}}]}},"_links":{"self":[{"href":"https:\/\/www.edf-re.com\/es\/wp-json\/wp\/v2\/pages\/958","targetHints":{"allow":["GET"]}}],"collection":[{"href":"https:\/\/www.edf-re.com\/es\/wp-json\/wp\/v2\/pages"}],"about":[{"href":"https:\/\/www.edf-re.com\/es\/wp-json\/wp\/v2\/types\/page"}],"author":[{"embeddable":true,"href":"https:\/\/www.edf-re.com\/es\/wp-json\/wp\/v2\/users\/1"}],"replies":[{"embeddable":true,"href":"https:\/\/www.edf-re.com\/es\/wp-json\/wp\/v2\/comments?post=958"}],"version-history":[{"count":5,"href":"https:\/\/www.edf-re.com\/es\/wp-json\/wp\/v2\/pages\/958\/revisions"}],"predecessor-version":[{"id":10963,"href":"https:\/\/www.edf-re.com\/es\/wp-json\/wp\/v2\/pages\/958\/revisions\/10963"}],"wp:attachment":[{"href":"https:\/\/www.edf-re.com\/es\/wp-json\/wp\/v2\/media?parent=958"}],"curies":[{"name":"wp","href":"https:\/\/api.w.org\/{rel}","templated":true}]}}