{"id":9759,"date":"2024-04-16T17:11:10","date_gmt":"2024-04-16T21:11:10","guid":{"rendered":"https:\/\/www.edf-re.com\/?page_id=9759"},"modified":"2025-05-08T07:34:59","modified_gmt":"2025-05-08T14:34:59","slug":"california-ab-1305-declaracion-informativa","status":"publish","type":"page","link":"https:\/\/www.edf-re.com\/es\/california-ab-1305-declaracion-informativa\/","title":{"rendered":"Declaraci\u00f3n de divulgaci\u00f3n de la ley AB 1305 de California"},"content":{"rendered":"<p><em>Las siguientes declaraciones se realizan en cumplimiento de la ley AB 1305 de California. Las referencias a \"nosotros\" o \"nuestro\" se refieren a \u00c9lectricit\u00e9 de France S.A. (\"Grupo EDF\") y sus filiales.<\/em><\/p>\n<p><strong>Declaraciones de reducci\u00f3n de emisiones de GEI relacionadas con proyectos o sistemas<br \/>\n<\/strong>Las declaraciones de reducci\u00f3n de emisiones de gases de efecto invernadero relacionadas con el proyecto o el sistema se basan en la generaci\u00f3n anual de electricidad proyectada o real de los activos y en los factores de emisi\u00f3n de la Encuesta de Consumo Energ\u00e9tico Residencial de la Administraci\u00f3n de Informaci\u00f3n Energ\u00e9tica de EE.UU. y la Calculadora de Equivalencias de Gases de Efecto Invernadero de la Agencia de Protecci\u00f3n Ambiental de EE.UU..<\/p>\n<p><strong>Declaraciones de equivalencia de reducci\u00f3n de emisiones de GEI<br \/>\n<\/strong>Las afirmaciones de equivalencia de reducci\u00f3n de emisiones de GEI (por ejemplo, las afirmaciones de que una reducci\u00f3n de emisiones de GEI equivale a retirar un determinado n\u00famero de coches de la carretera) se basan en c\u00e1lculos obtenidos mediante la Calculadora de Equivalencias de Gases de Efecto Invernadero de la EPA, situada en <a href=\"https:\/\/www.epa.gov\/energy\/greenhouse-gas-equivalencies-calculator\" target=\"_blank\" rel=\"noopener\">https:\/\/www.epa.gov\/energy\/greenhouse-gas-equivalencies-calculator<\/a>.<\/p>\n<p><strong>\"Cero carbono\" y otras afirmaciones similares<br \/>\n<\/strong>Los t\u00e9rminos \"electricidad con cero emisiones de carbono\", \"electricidad sin emisiones de carbono\", \"electricidad con cero emisiones\" o t\u00e9rminos similares se refieren a la producci\u00f3n de electricidad sin emisiones directas de gases de efecto invernadero. Los t\u00e9rminos \"electricidad baja en carbono\", \"energ\u00eda baja en carbono\" o t\u00e9rminos similares se refieren a la producci\u00f3n de energ\u00eda con una intensidad de carbono inferior a 100 gCO2\/kWh.<\/p>\n<p class=\"no-bottom-margin\"><strong>Objetivos de emisiones de GEI<\/strong><\/p>\n<table class=\"striped-table\">\n<thead>\n<tr>\n<td><strong>Gol*<\/strong><\/td>\n<td><strong>C\u00f3mo se mide el progreso intermedio<\/strong><\/td>\n<\/tr>\n<\/thead>\n<tbody>\n<tr>\n<td>Convertir la flota en veh\u00edculos el\u00e9ctricos de aqu\u00ed a 2030 (EDF power solutions, Inc.)<\/td>\n<td>La flota de veh\u00edculos el\u00e9ctricos se est\u00e1 desplegando regi\u00f3n por regi\u00f3n; se prev\u00e9 que la flota sea totalmente el\u00e9ctrica en 2028 para dar tiempo a convertir los veh\u00edculos de gas restantes en veh\u00edculos el\u00e9ctricos.<\/td>\n<\/tr>\n<tr>\n<td>Reducir las emisiones absolutas de GEI de Alcance 1 y 2 en 50% para 2030 a partir de un a\u00f1o base 2017 y reducir las emisiones absolutas de GEI de Alcance 3 derivadas del uso del producto vendido en 28% para 2030 a partir de un a\u00f1o base 2019 (Grupo EDF).<\/td>\n<td>Consulte la evaluaci\u00f3n Net Zero de Moody's para el Grupo EDF, a la que puede acceder aqu\u00ed: <a href=\"https:\/\/www.edf.fr\/sites\/groupe\/files\/2024-02\/edfgroup_moodys_nza-2_20240215_en.pdf\" target=\"_blank\" rel=\"noopener\">Evaluaci\u00f3n Net Zero de Moody's_EDF<\/a>.<\/td>\n<\/tr>\n<tr>\n<td>Reducir las emisiones de GEI de Alcance 1 en 60% para 2025 a partir de un a\u00f1o base 2017 (Grupo EDF)<\/td>\n<td>Consulte la evaluaci\u00f3n Net Zero de Moody's para el Grupo EDF, a la que puede acceder aqu\u00ed: <a href=\"https:\/\/www.edf.fr\/sites\/groupe\/files\/2024-02\/edfgroup_moodys_nza-2_20240215_en.pdf\" target=\"_blank\" rel=\"noopener\">Evaluaci\u00f3n Net Zero de Moody's_EDF<\/a>.<\/td>\n<\/tr>\n<tr>\n<td>Reducir las emisiones de GEI de Alcance 1 en 70% para 2030 a partir de un a\u00f1o base 2017 y alcanzar una intensidad de carbono de 30gCO2\/kWh (Grupo EDF).<\/td>\n<td>Consulte la evaluaci\u00f3n Net Zero de Moody's para el Grupo EDF, a la que puede acceder aqu\u00ed: <a href=\"https:\/\/www.edf.fr\/sites\/groupe\/files\/2024-02\/edfgroup_moodys_nza-2_20240215_en.pdf\" target=\"_blank\" rel=\"noopener\">Evaluaci\u00f3n Net Zero de Moody's_EDF<\/a>.<\/td>\n<\/tr>\n<tr>\n<td>Reducir las emisiones de GEI de Alcance 1 en 80% para 2035 a partir de un a\u00f1o base 2017 y alcanzar una intensidad de carbono de 22gCO2\/kWh (Grupo EDF).<\/td>\n<td>Consulte la evaluaci\u00f3n Net Zero de Moody's para el Grupo EDF, a la que puede acceder aqu\u00ed: <a href=\"https:\/\/www.edf.fr\/sites\/groupe\/files\/2024-02\/edfgroup_moodys_nza-2_20240215_en.pdf\" target=\"_blank\" rel=\"noopener\">Evaluaci\u00f3n Net Zero de Moody's_EDF<\/a>.<\/td>\n<\/tr>\n<tr>\n<td>Lograr cero emisiones netas de GEI en 2050 (Grupo EDF)<\/td>\n<td>Consulte la evaluaci\u00f3n Net Zero de Moody's para el Grupo EDF, a la que puede acceder aqu\u00ed: <a href=\"https:\/\/www.edf.fr\/sites\/groupe\/files\/2024-02\/edfgroup_moodys_nza-2_20240215_en.pdf\" target=\"_blank\" rel=\"noopener\">Evaluaci\u00f3n Net Zero de Moody's_EDF<\/a>.<\/td>\n<\/tr>\n<\/tbody>\n<\/table>\n<p>* En cada caso, (i) la entidad espec\u00edfica que ha fijado el objetivo se indica entre par\u00e9ntesis y (ii) las filiales del Grupo EDF se incluyen en el \u00e1mbito del objetivo.<\/p>\n<p><strong>Verificaci\u00f3n por terceros independientes<br \/>\n<\/strong>No se ha obtenido la verificaci\u00f3n de datos o afirmaciones por parte de terceros independientes.<\/p>\n<p><strong>Declaraciones prospectivas<br \/>\n<\/strong>Ciertas afirmaciones contenidas en esta Declaraci\u00f3n de divulgaci\u00f3n constituyen \"declaraciones prospectivas\". Estas declaraciones se basan en las opiniones, expectativas, creencias, planes, objetivos, suposiciones o proyecciones actuales de la direcci\u00f3n con respecto a acontecimientos o resultados futuros, incluidos, entre otros, nuestros objetivos, estrategias e iniciativas; nuestros planes y estrategia empresariales; nuestra tecnolog\u00eda y servicios; y el crecimiento de nuestro negocio. Estas declaraciones prospectivas son s\u00f3lo predicciones, no hechos hist\u00f3ricos, e implican ciertos riesgos e incertidumbres, as\u00ed como suposiciones. Los resultados reales, los niveles de actividad, el rendimiento, los logros y los acontecimientos podr\u00edan diferir materialmente de los declarados, anticipados o impl\u00edcitos en dichas declaraciones prospectivas. Aunque creemos que nuestras suposiciones son razonables, existen muchos riesgos e incertidumbres que podr\u00edan hacer que los resultados reales difirieran materialmente de las declaraciones prospectivas, incluyendo, entre otros, un aumento imprevisto de los costes u otros recursos necesarios para alcanzar nuestros objetivos; la incapacidad de retener o contratar personal con las habilidades necesarias para avanzar hacia nuestros objetivos; el riesgo de que las tecnolog\u00edas necesarias para alcanzar nuestros objetivos no avancen a un ritmo suficiente o no sean rentables; datos incompletos o inexactos; cambios en las normas utilizadas para medir el progreso hacia nuestros objetivos; la evoluci\u00f3n de los controles internos y otros procesos utilizados para supervisar y gestionar nuestros objetivos; y cambios en las hip\u00f3tesis que utilizamos para establecer nuestros objetivos. No asumimos ninguna obligaci\u00f3n de actualizar o revisar ninguna de las declaraciones prospectivas contenidas en esta Declaraci\u00f3n, salvo que la ley exija lo contrario.<\/p>","protected":false},"excerpt":{"rendered":"<p>Las siguientes declaraciones se realizan en cumplimiento de la ley AB 1305 de California. Las referencias a \"nosotros\" o \"nuestro\" se refieren a \u00c9lectricit\u00e9 de France S.A. (\"Grupo EDF\") y sus filiales. Reclamaciones de reducci\u00f3n de emisiones de GEI relacionadas con proyectos o sistemas Las reclamaciones de reducci\u00f3n de emisiones de GEI relacionadas con proyectos o sistemas se basan en la generaci\u00f3n anual de electricidad de activos proyectada o real y en factores de emisi\u00f3n de [...]<\/p>","protected":false},"author":1,"featured_media":0,"parent":0,"menu_order":11,"comment_status":"closed","ping_status":"closed","template":"boxed.php","meta":{"_acf_changed":false,"footnotes":""},"class_list":["post-9759","page","type-page","status-publish","hentry"],"acf":[],"yoast_head":"<!-- This site is optimized with the Yoast SEO plugin v26.8 - https:\/\/yoast.com\/product\/yoast-seo-wordpress\/ -->\n<title>California AB 1305 Disclosure Statement - EDF power solutions North America<\/title>\n<meta name=\"robots\" content=\"index, follow, max-snippet:-1, max-image-preview:large, max-video-preview:-1\" \/>\n<link rel=\"canonical\" href=\"https:\/\/www.edf-re.com\/es\/california-ab-1305-declaracion-informativa\/\" \/>\n<meta property=\"og:locale\" content=\"es_MX\" \/>\n<meta property=\"og:type\" content=\"article\" \/>\n<meta property=\"og:title\" content=\"California AB 1305 Disclosure Statement - EDF power solutions North America\" \/>\n<meta property=\"og:description\" content=\"The following disclosures are made in compliance with California AB 1305. References to \u201cwe\u201d or \u201cour\u201d refer to \u00c9lectricit\u00e9 de France S.A. (\u201cEDF Group\u201d) and its subsidiaries. Project- or System-Related GHG Emission Reduction Claims Project- or system-related GHG emission reduction claims are based on projected or actual annual asset electricity generation and emission factors from [&hellip;]\" \/>\n<meta property=\"og:url\" content=\"https:\/\/www.edf-re.com\/es\/california-ab-1305-declaracion-informativa\/\" \/>\n<meta property=\"og:site_name\" content=\"EDF power solutions North America\" \/>\n<meta property=\"article:modified_time\" content=\"2025-05-08T14:34:59+00:00\" \/>\n<meta property=\"og:image\" content=\"https:\/\/www.edf-re.com\/wp-content\/uploads\/logo_edf_power_solutions_RGB-no-buffer-zone.png\" \/>\n\t<meta property=\"og:image:width\" content=\"2000\" \/>\n\t<meta property=\"og:image:height\" content=\"702\" \/>\n\t<meta property=\"og:image:type\" content=\"image\/png\" \/>\n<meta name=\"twitter:card\" content=\"summary_large_image\" \/>\n<meta name=\"twitter:label1\" content=\"Tiempo de lectura\" \/>\n\t<meta name=\"twitter:data1\" content=\"4 minutos\" \/>\n<script type=\"application\/ld+json\" class=\"yoast-schema-graph\">{\"@context\":\"https:\/\/schema.org\",\"@graph\":[{\"@type\":\"WebPage\",\"@id\":\"https:\/\/www.edf-re.com\/california-ab-1305-disclosure-statement\/\",\"url\":\"https:\/\/www.edf-re.com\/california-ab-1305-disclosure-statement\/\",\"name\":\"California AB 1305 Disclosure Statement - EDF power solutions North America\",\"isPartOf\":{\"@id\":\"https:\/\/www.edf-re.com\/#website\"},\"datePublished\":\"2024-04-16T21:11:10+00:00\",\"dateModified\":\"2025-05-08T14:34:59+00:00\",\"breadcrumb\":{\"@id\":\"https:\/\/www.edf-re.com\/california-ab-1305-disclosure-statement\/#breadcrumb\"},\"inLanguage\":\"es\",\"potentialAction\":[{\"@type\":\"ReadAction\",\"target\":[\"https:\/\/www.edf-re.com\/california-ab-1305-disclosure-statement\/\"]}]},{\"@type\":\"BreadcrumbList\",\"@id\":\"https:\/\/www.edf-re.com\/california-ab-1305-disclosure-statement\/#breadcrumb\",\"itemListElement\":[{\"@type\":\"ListItem\",\"position\":1,\"name\":\"Home\",\"item\":\"https:\/\/www.edf-re.com\/\"},{\"@type\":\"ListItem\",\"position\":2,\"name\":\"California AB 1305 Disclosure Statement\"}]},{\"@type\":\"WebSite\",\"@id\":\"https:\/\/www.edf-re.com\/#website\",\"url\":\"https:\/\/www.edf-re.com\/\",\"name\":\"EDF power solutions North America\",\"description\":\"\",\"publisher\":{\"@id\":\"https:\/\/www.edf-re.com\/#organization\"},\"potentialAction\":[{\"@type\":\"SearchAction\",\"target\":{\"@type\":\"EntryPoint\",\"urlTemplate\":\"https:\/\/www.edf-re.com\/?s={search_term_string}\"},\"query-input\":{\"@type\":\"PropertyValueSpecification\",\"valueRequired\":true,\"valueName\":\"search_term_string\"}}],\"inLanguage\":\"es\"},{\"@type\":\"Organization\",\"@id\":\"https:\/\/www.edf-re.com\/#organization\",\"name\":\"EDF Renewables North America\",\"url\":\"https:\/\/www.edf-re.com\/\",\"logo\":{\"@type\":\"ImageObject\",\"inLanguage\":\"es\",\"@id\":\"https:\/\/www.edf-re.com\/#\/schema\/logo\/image\/\",\"url\":\"https:\/\/www.edf-re.com\/wp-content\/uploads\/edfr-logo-1.png\",\"contentUrl\":\"https:\/\/www.edf-re.com\/wp-content\/uploads\/edfr-logo-1.png\",\"width\":600,\"height\":291,\"caption\":\"EDF Renewables North America\"},\"image\":{\"@id\":\"https:\/\/www.edf-re.com\/#\/schema\/logo\/image\/\"}}]}<\/script>\n<!-- \/ Yoast SEO plugin. -->","yoast_head_json":{"title":"California AB 1305 Disclosure Statement - EDF power solutions Norteam\u00e9rica","robots":{"index":"index","follow":"follow","max-snippet":"max-snippet:-1","max-image-preview":"max-image-preview:large","max-video-preview":"max-video-preview:-1"},"canonical":"https:\/\/www.edf-re.com\/es\/california-ab-1305-declaracion-informativa\/","og_locale":"es_MX","og_type":"article","og_title":"California AB 1305 Disclosure Statement - EDF power solutions North America","og_description":"The following disclosures are made in compliance with California AB 1305. References to \u201cwe\u201d or \u201cour\u201d refer to \u00c9lectricit\u00e9 de France S.A. (\u201cEDF Group\u201d) and its subsidiaries. Project- or System-Related GHG Emission Reduction Claims Project- or system-related GHG emission reduction claims are based on projected or actual annual asset electricity generation and emission factors from [&hellip;]","og_url":"https:\/\/www.edf-re.com\/es\/california-ab-1305-declaracion-informativa\/","og_site_name":"EDF power solutions North America","article_modified_time":"2025-05-08T14:34:59+00:00","og_image":[{"width":2000,"height":702,"url":"https:\/\/www.edf-re.com\/wp-content\/uploads\/logo_edf_power_solutions_RGB-no-buffer-zone.png","type":"image\/png"}],"twitter_card":"summary_large_image","twitter_misc":{"Tiempo de lectura":"4 minutos"},"schema":{"@context":"https:\/\/schema.org","@graph":[{"@type":"WebPage","@id":"https:\/\/www.edf-re.com\/california-ab-1305-disclosure-statement\/","url":"https:\/\/www.edf-re.com\/california-ab-1305-disclosure-statement\/","name":"California AB 1305 Disclosure Statement - EDF power solutions Norteam\u00e9rica","isPartOf":{"@id":"https:\/\/www.edf-re.com\/#website"},"datePublished":"2024-04-16T21:11:10+00:00","dateModified":"2025-05-08T14:34:59+00:00","breadcrumb":{"@id":"https:\/\/www.edf-re.com\/california-ab-1305-disclosure-statement\/#breadcrumb"},"inLanguage":"es","potentialAction":[{"@type":"ReadAction","target":["https:\/\/www.edf-re.com\/california-ab-1305-disclosure-statement\/"]}]},{"@type":"BreadcrumbList","@id":"https:\/\/www.edf-re.com\/california-ab-1305-disclosure-statement\/#breadcrumb","itemListElement":[{"@type":"ListItem","position":1,"name":"Home","item":"https:\/\/www.edf-re.com\/"},{"@type":"ListItem","position":2,"name":"California AB 1305 Disclosure Statement"}]},{"@type":"WebSite","@id":"https:\/\/www.edf-re.com\/#website","url":"https:\/\/www.edf-re.com\/","name":"EDF power solutions Norteam\u00e9rica","description":"","publisher":{"@id":"https:\/\/www.edf-re.com\/#organization"},"potentialAction":[{"@type":"SearchAction","target":{"@type":"EntryPoint","urlTemplate":"https:\/\/www.edf-re.com\/?s={search_term_string}"},"query-input":{"@type":"PropertyValueSpecification","valueRequired":true,"valueName":"search_term_string"}}],"inLanguage":"es"},{"@type":"Organization","@id":"https:\/\/www.edf-re.com\/#organization","name":"EDF Renewables Norteam\u00e9rica","url":"https:\/\/www.edf-re.com\/","logo":{"@type":"ImageObject","inLanguage":"es","@id":"https:\/\/www.edf-re.com\/#\/schema\/logo\/image\/","url":"https:\/\/www.edf-re.com\/wp-content\/uploads\/edfr-logo-1.png","contentUrl":"https:\/\/www.edf-re.com\/wp-content\/uploads\/edfr-logo-1.png","width":600,"height":291,"caption":"EDF Renewables North America"},"image":{"@id":"https:\/\/www.edf-re.com\/#\/schema\/logo\/image\/"}}]}},"_links":{"self":[{"href":"https:\/\/www.edf-re.com\/es\/wp-json\/wp\/v2\/pages\/9759","targetHints":{"allow":["GET"]}}],"collection":[{"href":"https:\/\/www.edf-re.com\/es\/wp-json\/wp\/v2\/pages"}],"about":[{"href":"https:\/\/www.edf-re.com\/es\/wp-json\/wp\/v2\/types\/page"}],"author":[{"embeddable":true,"href":"https:\/\/www.edf-re.com\/es\/wp-json\/wp\/v2\/users\/1"}],"replies":[{"embeddable":true,"href":"https:\/\/www.edf-re.com\/es\/wp-json\/wp\/v2\/comments?post=9759"}],"version-history":[{"count":2,"href":"https:\/\/www.edf-re.com\/es\/wp-json\/wp\/v2\/pages\/9759\/revisions"}],"predecessor-version":[{"id":10643,"href":"https:\/\/www.edf-re.com\/es\/wp-json\/wp\/v2\/pages\/9759\/revisions\/10643"}],"wp:attachment":[{"href":"https:\/\/www.edf-re.com\/es\/wp-json\/wp\/v2\/media?parent=9759"}],"curies":[{"name":"wp","href":"https:\/\/api.w.org\/{rel}","templated":true}]}}