{"id":9861,"date":"2024-06-07T18:00:52","date_gmt":"2024-06-07T22:00:52","guid":{"rendered":"https:\/\/www.edf-re.com\/?page_id=9861"},"modified":"2025-12-29T10:25:35","modified_gmt":"2025-12-29T18:25:35","slug":"informes-sobre-trabajo-forzoso","status":"publish","type":"page","link":"https:\/\/www.edf-re.com\/es\/proveedores\/informes-sobre-trabajo-forzoso\/","title":{"rendered":"Informes sobre trabajo forzoso"},"content":{"rendered":"<div id=\"pl-9861\"  class=\"panel-layout\" ><div id=\"pg-9861-0\"  class=\"panel-grid panel-no-style\" ><div id=\"pgc-9861-0-0\"  class=\"panel-grid-cell\" ><div id=\"panel-9861-0-0-0\" class=\"so-panel widget widget_sow-editor panel-first-child panel-last-child\" data-index=\"0\" ><div\n\t\t\t\n\t\t\tclass=\"so-widget-sow-editor so-widget-sow-editor-base\"\n\t\t\t\n\t\t>\n<div class=\"siteorigin-widget-tinymce textwidget\">\n\t<p>EDF power solutions exige a nuestros socios de la cadena de suministro que act\u00faen de forma que demuestren el mismo compromiso con las pr\u00e1cticas empresariales sostenibles, responsables y \u00e9ticas que exigimos a nuestros propios empleados, y no toleraremos ning\u00fan fraude, corrupci\u00f3n o abuso de los derechos humanos. <\/p>\n<p>Estos informes se realizan de conformidad con la subsecci\u00f3n 11(2) de la Ley de Canad\u00e1 para promulgar la Ley de Lucha contra el Trabajo Forzoso y el Trabajo Infantil en las Cadenas de Suministro y para modificar el Arancel de Aduanas y se preparan en nombre de y por (1) EDF Renewables Canada Inc. y sus filiales aplicables para el per\u00edodo que abarca (a) del 1 de enero al 31 de diciembre de 2024, y (b) del 1 de enero al 31 de diciembre de 2023, y (2) Parc \u00e9olien Nicolas-Riou S.E.C., representada por su socio colectivo, Parc \u00e9olien Nicolas-Riou Commandit\u00e9 Inc. para el per\u00edodo comprendido entre el 1 de enero y el 31 de diciembre de 2023.<\/p>\n<\/div>\n<\/div><\/div><\/div><\/div><div id=\"pg-9861-1\"  class=\"panel-grid panel-no-style\" ><div id=\"pgc-9861-1-0\"  class=\"panel-grid-cell\" ><div id=\"panel-9861-1-0-0\" class=\"so-panel widget widget_translated-flipbook translated-flipbook-widget panel-first-child panel-last-child\" data-index=\"1\" ><div\n\t\t\t\n\t\t\tclass=\"so-widget-translated-flipbook so-widget-translated-flipbook-default-d75171398898-9861\"\n\t\t\t\n\t\t>\t<div class=\"heading\">\n\t\tParc \u00e9olien Nicolas-Riou: Informe sobre la lucha contra el trabajo forzoso y el trabajo infantil en las cadenas de suministro\t<\/div><!-- .heading -->\n\t\t\t<label>Seleccione el idioma:<\/label>\n\t\t<br>\n\t\t<select>\n\t\t\t\t\t\t\t<option value=\"\/flipbook\/10766\">Ingl\u00e9s<\/option>\n\t\t\t\t\t\t\t\t<option value=\"\/flipbook\/10767\">Franc\u00e9s<\/option>\n\t\t\t\t\t\t<\/select>\n\t\t\t<div class=\"flipbook\">\n\t\t<a href=\"#\" target=\"_blank\">\n\t\t\t<img decoding=\"async\" src=\"https:\/\/www.edf-re.com\/wp-content\/uploads\/NR_Thumbnail-1.png\">\n\n\t\t\t<div class=\"overlay\">\n\t\t\t\t<i class=\"fa-regular fa-external-link\"><\/i>\n\t\t\t<\/div><!-- .overlay -->\n\t\t<\/a>\n\t<\/div><!-- .flipbook -->\n\t<\/div><\/div><\/div><div id=\"pgc-9861-1-1\"  class=\"panel-grid-cell\" ><div id=\"panel-9861-1-1-0\" class=\"so-panel widget widget_translated-flipbook translated-flipbook-widget panel-first-child panel-last-child\" data-index=\"2\" ><div\n\t\t\t\n\t\t\tclass=\"so-widget-translated-flipbook so-widget-translated-flipbook-default-d75171398898-9861\"\n\t\t\t\n\t\t>\t<div class=\"heading\">\n\t\tInforme sobre la lucha contra el trabajo forzoso y el trabajo infantil en las cadenas de suministro (2025)\t<\/div><!-- .heading -->\n\t\t\t<label>Seleccione el idioma:<\/label>\n\t\t<br>\n\t\t<select>\n\t\t\t\t\t\t\t<option value=\"\/flipbook\/10779\">Ingl\u00e9s<\/option>\n\t\t\t\t\t\t\t\t<option value=\"\/flipbook\/10780\">Franc\u00e9s<\/option>\n\t\t\t\t\t\t<\/select>\n\t\t\t<div class=\"flipbook\">\n\t\t<a href=\"#\" target=\"_blank\">\n\t\t\t<img decoding=\"async\" src=\"https:\/\/www.edf-re.com\/wp-content\/uploads\/Thumbnail-1.png\">\n\n\t\t\t<div class=\"overlay\">\n\t\t\t\t<i class=\"fa-regular fa-external-link\"><\/i>\n\t\t\t<\/div><!-- .overlay -->\n\t\t<\/a>\n\t<\/div><!-- .flipbook -->\n\t<\/div><\/div><\/div><\/div><\/div>","protected":false},"excerpt":{"rendered":"<p>EDF Power Solutions exige a sus socios de la cadena de suministro que operen de una manera que demuestre el mismo compromiso con las pr\u00e1cticas comerciales sostenibles, responsables y \u00e9ticas que exigimos a nuestros propios empleados, y no toleraremos ning\u00fan tipo de fraude, corrupci\u00f3n o abuso de los derechos humanos. Estos informes se elaboran de conformidad con el apartado 11(2) de la ley canadiense [\u2026]<\/p>","protected":false},"author":1,"featured_media":0,"parent":4070,"menu_order":20,"comment_status":"closed","ping_status":"closed","template":"","meta":{"_acf_changed":false,"footnotes":""},"class_list":["post-9861","page","type-page","status-publish","hentry"],"acf":[],"yoast_head":"<!-- This site is optimized with the Yoast SEO plugin v26.8 - https:\/\/yoast.com\/product\/yoast-seo-wordpress\/ -->\n<title>Forced Labour Reporting - EDF power solutions North America<\/title>\n<meta name=\"robots\" content=\"index, follow, max-snippet:-1, max-image-preview:large, max-video-preview:-1\" \/>\n<link rel=\"canonical\" href=\"https:\/\/www.edf-re.com\/es\/proveedores\/informes-sobre-trabajo-forzoso\/\" \/>\n<meta property=\"og:locale\" content=\"es_MX\" \/>\n<meta property=\"og:type\" content=\"article\" \/>\n<meta property=\"og:title\" content=\"Forced Labour Reporting - EDF power solutions North America\" \/>\n<meta property=\"og:description\" content=\"EDF power solutions requires our supply chain partners to operate in a manner that demonstrates the same commitment to sustainable, responsible, and ethical business practices that we require of our own employees, and we will not tolerate any fraud, corruption or abuse of human rights. These reports are made pursuant to subsection 11(2) of Canada\u2019s [&hellip;]\" \/>\n<meta property=\"og:url\" content=\"https:\/\/www.edf-re.com\/es\/proveedores\/informes-sobre-trabajo-forzoso\/\" \/>\n<meta property=\"og:site_name\" content=\"EDF power solutions North America\" \/>\n<meta property=\"article:modified_time\" content=\"2025-12-29T18:25:35+00:00\" \/>\n<meta property=\"og:image\" content=\"https:\/\/www.edf-re.com\/wp-content\/uploads\/logo_edf_power_solutions_RGB-no-buffer-zone.png\" \/>\n\t<meta property=\"og:image:width\" content=\"2000\" \/>\n\t<meta property=\"og:image:height\" content=\"702\" \/>\n\t<meta property=\"og:image:type\" content=\"image\/png\" \/>\n<meta name=\"twitter:card\" content=\"summary_large_image\" \/>\n<meta name=\"twitter:label1\" content=\"Tiempo de lectura\" \/>\n\t<meta name=\"twitter:data1\" content=\"2 minutos\" \/>\n<script type=\"application\/ld+json\" class=\"yoast-schema-graph\">{\"@context\":\"https:\/\/schema.org\",\"@graph\":[{\"@type\":\"WebPage\",\"@id\":\"https:\/\/www.edf-re.com\/suppliers\/forced-labour-reporting\/\",\"url\":\"https:\/\/www.edf-re.com\/suppliers\/forced-labour-reporting\/\",\"name\":\"Forced Labour Reporting - EDF power solutions North America\",\"isPartOf\":{\"@id\":\"https:\/\/www.edf-re.com\/#website\"},\"datePublished\":\"2024-06-07T22:00:52+00:00\",\"dateModified\":\"2025-12-29T18:25:35+00:00\",\"breadcrumb\":{\"@id\":\"https:\/\/www.edf-re.com\/suppliers\/forced-labour-reporting\/#breadcrumb\"},\"inLanguage\":\"es\",\"potentialAction\":[{\"@type\":\"ReadAction\",\"target\":[\"https:\/\/www.edf-re.com\/suppliers\/forced-labour-reporting\/\"]}]},{\"@type\":\"BreadcrumbList\",\"@id\":\"https:\/\/www.edf-re.com\/suppliers\/forced-labour-reporting\/#breadcrumb\",\"itemListElement\":[{\"@type\":\"ListItem\",\"position\":1,\"name\":\"Home\",\"item\":\"https:\/\/www.edf-re.com\/\"},{\"@type\":\"ListItem\",\"position\":2,\"name\":\"Suppliers\",\"item\":\"https:\/\/www.edf-re.com\/suppliers\/\"},{\"@type\":\"ListItem\",\"position\":3,\"name\":\"Forced Labour Reporting\"}]},{\"@type\":\"WebSite\",\"@id\":\"https:\/\/www.edf-re.com\/#website\",\"url\":\"https:\/\/www.edf-re.com\/\",\"name\":\"EDF power solutions North America\",\"description\":\"\",\"publisher\":{\"@id\":\"https:\/\/www.edf-re.com\/#organization\"},\"potentialAction\":[{\"@type\":\"SearchAction\",\"target\":{\"@type\":\"EntryPoint\",\"urlTemplate\":\"https:\/\/www.edf-re.com\/?s={search_term_string}\"},\"query-input\":{\"@type\":\"PropertyValueSpecification\",\"valueRequired\":true,\"valueName\":\"search_term_string\"}}],\"inLanguage\":\"es\"},{\"@type\":\"Organization\",\"@id\":\"https:\/\/www.edf-re.com\/#organization\",\"name\":\"EDF Renewables North America\",\"url\":\"https:\/\/www.edf-re.com\/\",\"logo\":{\"@type\":\"ImageObject\",\"inLanguage\":\"es\",\"@id\":\"https:\/\/www.edf-re.com\/#\/schema\/logo\/image\/\",\"url\":\"https:\/\/www.edf-re.com\/wp-content\/uploads\/edfr-logo-1.png\",\"contentUrl\":\"https:\/\/www.edf-re.com\/wp-content\/uploads\/edfr-logo-1.png\",\"width\":600,\"height\":291,\"caption\":\"EDF Renewables North America\"},\"image\":{\"@id\":\"https:\/\/www.edf-re.com\/#\/schema\/logo\/image\/\"}}]}<\/script>\n<!-- \/ Yoast SEO plugin. -->","yoast_head_json":{"title":"Informes sobre trabajo forzoso - EDF power solutions North America","robots":{"index":"index","follow":"follow","max-snippet":"max-snippet:-1","max-image-preview":"max-image-preview:large","max-video-preview":"max-video-preview:-1"},"canonical":"https:\/\/www.edf-re.com\/es\/proveedores\/informes-sobre-trabajo-forzoso\/","og_locale":"es_MX","og_type":"article","og_title":"Forced Labour Reporting - EDF power solutions North America","og_description":"EDF power solutions requires our supply chain partners to operate in a manner that demonstrates the same commitment to sustainable, responsible, and ethical business practices that we require of our own employees, and we will not tolerate any fraud, corruption or abuse of human rights. These reports are made pursuant to subsection 11(2) of Canada\u2019s [&hellip;]","og_url":"https:\/\/www.edf-re.com\/es\/proveedores\/informes-sobre-trabajo-forzoso\/","og_site_name":"EDF power solutions North America","article_modified_time":"2025-12-29T18:25:35+00:00","og_image":[{"width":2000,"height":702,"url":"https:\/\/www.edf-re.com\/wp-content\/uploads\/logo_edf_power_solutions_RGB-no-buffer-zone.png","type":"image\/png"}],"twitter_card":"summary_large_image","twitter_misc":{"Tiempo de lectura":"2 minutos"},"schema":{"@context":"https:\/\/schema.org","@graph":[{"@type":"WebPage","@id":"https:\/\/www.edf-re.com\/suppliers\/forced-labour-reporting\/","url":"https:\/\/www.edf-re.com\/suppliers\/forced-labour-reporting\/","name":"Informes sobre trabajo forzoso - EDF power solutions North America","isPartOf":{"@id":"https:\/\/www.edf-re.com\/#website"},"datePublished":"2024-06-07T22:00:52+00:00","dateModified":"2025-12-29T18:25:35+00:00","breadcrumb":{"@id":"https:\/\/www.edf-re.com\/suppliers\/forced-labour-reporting\/#breadcrumb"},"inLanguage":"es","potentialAction":[{"@type":"ReadAction","target":["https:\/\/www.edf-re.com\/suppliers\/forced-labour-reporting\/"]}]},{"@type":"BreadcrumbList","@id":"https:\/\/www.edf-re.com\/suppliers\/forced-labour-reporting\/#breadcrumb","itemListElement":[{"@type":"ListItem","position":1,"name":"Home","item":"https:\/\/www.edf-re.com\/"},{"@type":"ListItem","position":2,"name":"Suppliers","item":"https:\/\/www.edf-re.com\/suppliers\/"},{"@type":"ListItem","position":3,"name":"Forced Labour Reporting"}]},{"@type":"WebSite","@id":"https:\/\/www.edf-re.com\/#website","url":"https:\/\/www.edf-re.com\/","name":"EDF power solutions Norteam\u00e9rica","description":"","publisher":{"@id":"https:\/\/www.edf-re.com\/#organization"},"potentialAction":[{"@type":"SearchAction","target":{"@type":"EntryPoint","urlTemplate":"https:\/\/www.edf-re.com\/?s={search_term_string}"},"query-input":{"@type":"PropertyValueSpecification","valueRequired":true,"valueName":"search_term_string"}}],"inLanguage":"es"},{"@type":"Organization","@id":"https:\/\/www.edf-re.com\/#organization","name":"EDF Renewables Norteam\u00e9rica","url":"https:\/\/www.edf-re.com\/","logo":{"@type":"ImageObject","inLanguage":"es","@id":"https:\/\/www.edf-re.com\/#\/schema\/logo\/image\/","url":"https:\/\/www.edf-re.com\/wp-content\/uploads\/edfr-logo-1.png","contentUrl":"https:\/\/www.edf-re.com\/wp-content\/uploads\/edfr-logo-1.png","width":600,"height":291,"caption":"EDF Renewables North America"},"image":{"@id":"https:\/\/www.edf-re.com\/#\/schema\/logo\/image\/"}}]}},"_links":{"self":[{"href":"https:\/\/www.edf-re.com\/es\/wp-json\/wp\/v2\/pages\/9861","targetHints":{"allow":["GET"]}}],"collection":[{"href":"https:\/\/www.edf-re.com\/es\/wp-json\/wp\/v2\/pages"}],"about":[{"href":"https:\/\/www.edf-re.com\/es\/wp-json\/wp\/v2\/types\/page"}],"author":[{"embeddable":true,"href":"https:\/\/www.edf-re.com\/es\/wp-json\/wp\/v2\/users\/1"}],"replies":[{"embeddable":true,"href":"https:\/\/www.edf-re.com\/es\/wp-json\/wp\/v2\/comments?post=9861"}],"version-history":[{"count":6,"href":"https:\/\/www.edf-re.com\/es\/wp-json\/wp\/v2\/pages\/9861\/revisions"}],"predecessor-version":[{"id":11167,"href":"https:\/\/www.edf-re.com\/es\/wp-json\/wp\/v2\/pages\/9861\/revisions\/11167"}],"up":[{"embeddable":true,"href":"https:\/\/www.edf-re.com\/es\/wp-json\/wp\/v2\/pages\/4070"}],"wp:attachment":[{"href":"https:\/\/www.edf-re.com\/es\/wp-json\/wp\/v2\/media?parent=9861"}],"curies":[{"name":"wp","href":"https:\/\/api.w.org\/{rel}","templated":true}]}}