{"id":11013,"date":"2025-08-28T13:14:28","date_gmt":"2025-08-28T20:14:28","guid":{"rendered":"https:\/\/www.edf-re.com\/?page_id=11013"},"modified":"2025-08-29T09:18:01","modified_gmt":"2025-08-29T16:18:01","slug":"proprietaires-fonciers-2","status":"publish","type":"page","link":"https:\/\/www.edf-re.com\/fr\/proprietaires-fonciers-2\/","title":{"rendered":"La force de votre terre"},"content":{"rendered":"<div id=\"pl-11013\"  class=\"panel-layout\" ><div id=\"pg-11013-0\"  class=\"panel-grid panel-has-style\" ><div class=\"siteorigin-panels-stretch panel-row-style panel-row-style-for-11013-0\" data-stretch-type=\"full\" ><div id=\"pgc-11013-0-0\"  class=\"panel-grid-cell\" ><div id=\"panel-11013-0-0-0\" class=\"so-panel widget widget_sow-editor panel-first-child panel-last-child\" data-index=\"0\" ><div class=\"panel-widget-style panel-widget-style-for-11013-0-0-0\" ><div\n\t\t\t\n\t\t\tclass=\"so-widget-sow-editor so-widget-sow-editor-base\"\n\t\t\t\n\t\t>\n<div class=\"siteorigin-widget-tinymce textwidget\">\n\t<h2 style=\"text-align: center;\"><span style=\"color: #10367a;\">Gagner <strong>plus<\/strong>, plan <strong>plus<\/strong>, obtenir <strong>plus<\/strong>.<\/span><\/h2>\n<p style=\"color: #000000; text-align: center;\">Louer votre terrain pour l'installation de panneaux solaires vous apporte ce que tout agriculteur et propri\u00e9taire foncier recherche : la stabilit\u00e9. Avec des loyers fixes \u00e0 long terme, souvent sup\u00e9rieurs \u00e0 20 ans, vous pouvez compter sur des revenus fiables, quelle que soit la situation du march\u00e9. Cela signifie qu'il n'y a ni surprises ni fluctuations. Seulement des revenus fiables sur lesquels vous pouvez compter.<\/p>\n<p style=\"color: #000000; text-align: center;\">Et ce n'est pas une d\u00e9cision \u00e0 prendre \u00e0 tout prix. Vous pouvez continuer \u00e0 cultiver d'autres parties de votre terrain tout en tirant un revenu suppl\u00e9mentaire de l'\u00e9nergie solaire. C'est un moyen \u00e9prouv\u00e9 de diversifier votre terrain, de renforcer vos finances et de vous cr\u00e9er une marge de man\u0153uvre pour l'avenir.<\/p>\n<\/div>\n<\/div><\/div><\/div><\/div><\/div><\/div><div id=\"pg-11013-1\"  class=\"panel-grid panel-no-style\" ><div id=\"pgc-11013-1-0\"  class=\"panel-grid-cell\" ><div id=\"panel-11013-1-0-0\" class=\"so-panel widget widget_sow-editor panel-first-child panel-last-child\" data-index=\"1\" ><div\n\t\t\t\n\t\t\tclass=\"so-widget-sow-editor so-widget-sow-editor-base\"\n\t\t\t\n\t\t>\n<div class=\"siteorigin-widget-tinymce textwidget\">\n\t<h3>La tranquillit\u00e9 financi\u00e8re commence ici.<\/h3>\n<p>Lorsque vous signez un contrat de location solaire, vous investissez dans la s\u00e9curit\u00e9 \u00e0 long terme de votre famille et de vos terres. Les paiements garantis vous offrent une stabilit\u00e9 sur laquelle vous pouvez compter, vous donnant ainsi la libert\u00e9 de prendre des d\u00e9cisions importantes sans l'incertitude li\u00e9e aux rendements agricoles impr\u00e9visibles ou aux fluctuations du march\u00e9.<\/p>\n<p>Chez EDF Power Solutions, nous avons des d\u00e9cennies d'exp\u00e9rience dans le d\u00e9veloppement de projets solaires qui profitent aux propri\u00e9taires fonciers et \u00e0 leurs communaut\u00e9s. Nous sommes l\u00e0 pour garantir un processus simple, transparent et fond\u00e9 sur la confiance, afin que vous puissiez avoir l'esprit tranquille \u00e0 chaque \u00e9tape.<\/p>\n<\/div>\n<\/div><\/div><\/div><div id=\"pgc-11013-1-1\"  class=\"panel-grid-cell\" ><div id=\"panel-11013-1-1-0\" class=\"so-panel widget widget_image-box image-box-widget panel-first-child panel-last-child\" data-index=\"2\" ><div data-aos=\"fade-left\" class=\"panel-widget-style panel-widget-style-for-11013-1-1-0\" ><div\n\t\t\t\n\t\t\tclass=\"so-widget-image-box so-widget-image-box-default-d75171398898-11013\"\n\t\t\t\n\t\t>\t\t<div class=\"image-box\">\n\t\t\t\t\t\t<div class=\"image\">\n\t\t\t\t<img decoding=\"async\" src=\"https:\/\/www.edf-re.com\/wp-content\/uploads\/FarmingWithSolar.jpg\">\n\t\t\t<\/div><!-- .image -->\n\t\t\t\t\t<\/div><!-- .image-box -->\n\t\t<\/div><\/div><\/div><\/div><\/div><div id=\"pg-11013-2\"  class=\"panel-grid panel-no-style\" ><div id=\"pgc-11013-2-0\"  class=\"panel-grid-cell\" ><div id=\"panel-11013-2-0-0\" class=\"so-panel widget widget_image-box image-box-widget panel-first-child panel-last-child\" data-index=\"3\" ><div data-aos=\"fade-right\" class=\"panel-widget-style panel-widget-style-for-11013-2-0-0\" ><div\n\t\t\t\n\t\t\tclass=\"so-widget-image-box so-widget-image-box-default-d75171398898-11013\"\n\t\t\t\n\t\t>\t\t<div class=\"image-box\">\n\t\t\t\t\t\t<div class=\"image\">\n\t\t\t\t<img decoding=\"async\" src=\"https:\/\/www.edf-re.com\/wp-content\/uploads\/2117-Arnprior-Solar-EDF-e1756411949719.jpg\">\n\t\t\t<\/div><!-- .image -->\n\t\t\t\t\t<\/div><!-- .image-box -->\n\t\t<\/div><\/div><\/div><\/div><div id=\"pgc-11013-2-1\"  class=\"panel-grid-cell\" ><div id=\"panel-11013-2-1-0\" class=\"so-panel widget widget_sow-editor panel-first-child panel-last-child\" data-index=\"4\" ><div\n\t\t\t\n\t\t\tclass=\"so-widget-sow-editor so-widget-sow-editor-base\"\n\t\t\t\n\t\t>\n<div class=\"siteorigin-widget-tinymce textwidget\">\n\t<h3>Pr\u00e9servez votre terrain au maximum.<\/h3>\n<p>Un projet solaire ne signifie pas mettre des terres hors d'usage. Cela signifie les exploiter d'une toute nouvelle mani\u00e8re. Les panneaux peuvent partager l'espace avec les cultures, le b\u00e9tail au p\u00e2turage et les habitats des pollinisateurs, contribuant ainsi \u00e0 am\u00e9liorer la sant\u00e9 des sols et \u00e0 soutenir des pratiques agricoles durables. Certains syst\u00e8mes permettent m\u00eame l\u201c\u201d agrivolta\u00efque \u00bb, une approche \u00e9prouv\u00e9e qui combine la production d'\u00e9nergie solaire et l'agriculture pour une productivit\u00e9 accrue pouvant atteindre 70%.<\/p>\n<p>\u00c0 la fin du projet, votre terrain peut retrouver son usage agricole initial. Le sol reste sain, la couche arable est prot\u00e9g\u00e9e et toutes les options restent ouvertes. C'est une approche tourn\u00e9e vers l'avenir qui permet \u00e0 votre terrain de rester productif pour les g\u00e9n\u00e9rations \u00e0 venir.<\/p>\n<\/div>\n<\/div><\/div><\/div><\/div><div id=\"pg-11013-3\"  class=\"panel-grid panel-no-style\" ><div id=\"pgc-11013-3-0\"  class=\"panel-grid-cell\" ><div id=\"panel-11013-3-0-0\" class=\"so-panel widget widget_sow-editor panel-first-child panel-last-child\" data-index=\"5\" ><div\n\t\t\t\n\t\t\tclass=\"so-widget-sow-editor so-widget-sow-editor-base\"\n\t\t\t\n\t\t>\n<div class=\"siteorigin-widget-tinymce textwidget\">\n\t<h3>Pourquoi devenir notre partenaire ?<\/h3>\n<p>On parle beaucoup du cr\u00e9dit-bail solaire. Mais voici la v\u00e9rit\u00e9 : il ne s'agit pas de renoncer \u00e0 quoi que ce soit. Il s'agit plut\u00f4t de gagner davantage. Davantage de revenus sur lesquels vous pouvez compter ann\u00e9e apr\u00e8s ann\u00e9e. Davantage de s\u00e9curit\u00e9 financi\u00e8re \u00e0 long terme pour vous et votre famille. Davantage de moyens de pr\u00e9server votre terrain aujourd'hui et pour les g\u00e9n\u00e9rations futures.<\/p>\n<p>Avec les solutions \u00e9nerg\u00e9tiques d'EDF, l'\u00e9nergie solaire devient un partenariat con\u00e7u pour s'adapter \u00e0 vos objectifs, \u00e0 votre terrain et \u00e0 votre avenir.<\/p>\n<\/div>\n<\/div><\/div><\/div><div id=\"pgc-11013-3-1\"  class=\"panel-grid-cell\" ><div id=\"panel-11013-3-1-0\" class=\"so-panel widget widget_image-box image-box-widget panel-first-child panel-last-child\" data-index=\"6\" ><div data-aos=\"fade-left\" class=\"panel-widget-style panel-widget-style-for-11013-3-1-0\" ><div\n\t\t\t\n\t\t\tclass=\"so-widget-image-box so-widget-image-box-default-d75171398898-11013\"\n\t\t\t\n\t\t>\t\t<div class=\"image-box\">\n\t\t\t\t\t\t<div class=\"image\">\n\t\t\t\t<img decoding=\"async\" src=\"https:\/\/www.edf-re.com\/wp-content\/uploads\/2118-Arnprior-Solar-EDF-e1756411905686.jpg\">\n\t\t\t<\/div><!-- .image -->\n\t\t\t\t\t<\/div><!-- .image-box -->\n\t\t<\/div><\/div><\/div><\/div><\/div><div id=\"pg-11013-4\"  class=\"panel-grid panel-has-style\" ><div class=\"siteorigin-panels-stretch panel-row-style panel-row-style-for-11013-4\" style=\"position:relative;\" data-siteorigin-parallax=\"{&quot;backgroundUrl&quot;:&quot;https:\\\/\\\/www.edf-re.com\\\/wp-content\\\/uploads\\\/SolarAngle_Adobe_354953099.jpeg&quot;,&quot;backgroundSize&quot;:[2000,1331],&quot;backgroundSizing&quot;:&quot;scaled&quot;,&quot;limitMotion&quot;:&quot;auto&quot;}\" data-stretch-type=\"full\" ><div class=\"page-builder-overlay\" style=\"background-color:rgba(16, 54, 122, 0.85);\"><\/div><div id=\"pgc-11013-4-0\"  class=\"panel-grid-cell\" ><div id=\"panel-11013-4-0-0\" class=\"so-panel widget widget_siteorigin-panels-builder panel-first-child panel-last-child\" data-index=\"7\" ><div id=\"pl-w68b0acf10046c\"  class=\"panel-layout\" ><div id=\"pg-w68b0acf10046c-0\"  class=\"panel-grid panel-no-style\" ><div id=\"pgc-w68b0acf10046c-0-0\"  class=\"panel-grid-cell\" ><div id=\"panel-w68b0acf10046c-0-0-0\" class=\"so-panel widget widget_font-awesome-icon font-awesome-icon-widget panel-first-child panel-last-child\" data-index=\"0\" ><div\n\t\t\t\n\t\t\tclass=\"so-widget-font-awesome-icon so-widget-font-awesome-icon-default-d75171398898\"\n\t\t\t\n\t\t><div class=\"icon solid orange\" style=\"font-size:30px\">\n\t<i class=\"fas fa-comments-alt white\"><\/i>\n<\/div><!-- .icon --><\/div><\/div><\/div><\/div><div id=\"pg-w68b0acf10046c-1\"  class=\"panel-grid panel-no-style\" ><div id=\"pgc-w68b0acf10046c-1-0\"  class=\"panel-grid-cell\" ><div id=\"panel-w68b0acf10046c-1-0-0\" class=\"so-panel widget widget_sow-editor panel-first-child panel-last-child\" data-index=\"1\" ><div class=\"panel-widget-style panel-widget-style-for-w68b0acf10046c-1-0-0\" ><div\n\t\t\t\n\t\t\tclass=\"so-widget-sow-editor so-widget-sow-editor-base\"\n\t\t\t\n\t\t>\n<div class=\"siteorigin-widget-tinymce textwidget\">\n\t<p class=\"medium-font large-font\" style=\"text-align: center;\">Vous souhaitez louer une partie de votre terrain pour y installer des panneaux solaires ?<\/p>\n<p class=\"no-bottom-margin\" style=\"text-align: center;\"><a class=\"button\" href=\"mailto:NewYorkSolar@edf-re.com\">CONTACTEZ-NOUS<\/a><\/p>\n<\/div>\n<\/div><\/div><\/div><\/div><\/div><\/div><\/div><\/div><\/div><\/div><\/div>","protected":false},"excerpt":{"rendered":"<p>Gagnez plus, planifiez plus, obtenez plus. Louer votre terrain pour l'installation de panneaux solaires vous apporte ce que tout agriculteur et propri\u00e9taire foncier recherche : la stabilit\u00e9. Avec des loyers fixes \u00e0 long terme, souvent pour plus de 20 ans, vous pouvez compter sur des revenus fiables, quelle que soit la situation du march\u00e9. Cela signifie qu'il n'y a pas de surprises, pas de fluctuations. Juste un revenu fiable sur lequel vous pouvez compter. Et [\u2026]<\/p>","protected":false},"author":14,"featured_media":0,"parent":0,"menu_order":28,"comment_status":"closed","ping_status":"closed","template":"","meta":{"_acf_changed":false,"footnotes":""},"class_list":["post-11013","page","type-page","status-publish","hentry"],"acf":[],"yoast_head":"<!-- This site is optimized with the Yoast SEO plugin v26.8 - https:\/\/yoast.com\/product\/yoast-seo-wordpress\/ -->\n<title>Why Solar Means More for Landowners | EDF power solutions<\/title>\n<meta name=\"description\" content=\"Discover how solar leasing delivers more income, stability, &amp; opportunity while preserving your land for the future. Partner with EDF power solutions today.\" \/>\n<meta name=\"robots\" content=\"index, follow, max-snippet:-1, max-image-preview:large, max-video-preview:-1\" \/>\n<link rel=\"canonical\" href=\"https:\/\/www.edf-re.com\/fr\/proprietaires-fonciers-2\/\" \/>\n<meta property=\"og:locale\" content=\"fr_CA\" \/>\n<meta property=\"og:type\" content=\"article\" \/>\n<meta property=\"og:title\" content=\"Why Solar Means More for Landowners | EDF power solutions\" \/>\n<meta property=\"og:description\" content=\"Discover how solar leasing delivers more income, stability, &amp; opportunity while preserving your land for the future. Partner with EDF power solutions today.\" \/>\n<meta property=\"og:url\" content=\"https:\/\/www.edf-re.com\/fr\/proprietaires-fonciers-2\/\" \/>\n<meta property=\"og:site_name\" content=\"EDF power solutions North America\" \/>\n<meta property=\"article:modified_time\" content=\"2025-08-29T16:18:01+00:00\" \/>\n<meta property=\"og:image\" content=\"https:\/\/www.edf-re.com\/wp-content\/uploads\/logo_edf_power_solutions_RGB-no-buffer-zone.png\" \/>\n\t<meta property=\"og:image:width\" content=\"2000\" \/>\n\t<meta property=\"og:image:height\" content=\"702\" \/>\n\t<meta property=\"og:image:type\" content=\"image\/png\" \/>\n<meta name=\"twitter:card\" content=\"summary_large_image\" \/>\n<meta name=\"twitter:label1\" content=\"Estimation du temps de lecture\" \/>\n\t<meta name=\"twitter:data1\" content=\"3 minutes\" \/>\n<script type=\"application\/ld+json\" class=\"yoast-schema-graph\">{\"@context\":\"https:\/\/schema.org\",\"@graph\":[{\"@type\":\"WebPage\",\"@id\":\"https:\/\/www.edf-re.com\/solar-means-more\/\",\"url\":\"https:\/\/www.edf-re.com\/solar-means-more\/\",\"name\":\"Why Solar Means More for Landowners | EDF power solutions\",\"isPartOf\":{\"@id\":\"https:\/\/www.edf-re.com\/#website\"},\"datePublished\":\"2025-08-28T20:14:28+00:00\",\"dateModified\":\"2025-08-29T16:18:01+00:00\",\"description\":\"Discover how solar leasing delivers more income, stability, & opportunity while preserving your land for the future. Partner with EDF power solutions today.\",\"breadcrumb\":{\"@id\":\"https:\/\/www.edf-re.com\/solar-means-more\/#breadcrumb\"},\"inLanguage\":\"fr-CA\",\"potentialAction\":[{\"@type\":\"ReadAction\",\"target\":[\"https:\/\/www.edf-re.com\/solar-means-more\/\"]}]},{\"@type\":\"BreadcrumbList\",\"@id\":\"https:\/\/www.edf-re.com\/solar-means-more\/#breadcrumb\",\"itemListElement\":[{\"@type\":\"ListItem\",\"position\":1,\"name\":\"Home\",\"item\":\"https:\/\/www.edf-re.com\/\"},{\"@type\":\"ListItem\",\"position\":2,\"name\":\"Strength From Your Land\"}]},{\"@type\":\"WebSite\",\"@id\":\"https:\/\/www.edf-re.com\/#website\",\"url\":\"https:\/\/www.edf-re.com\/\",\"name\":\"EDF power solutions North America\",\"description\":\"\",\"publisher\":{\"@id\":\"https:\/\/www.edf-re.com\/#organization\"},\"potentialAction\":[{\"@type\":\"SearchAction\",\"target\":{\"@type\":\"EntryPoint\",\"urlTemplate\":\"https:\/\/www.edf-re.com\/?s={search_term_string}\"},\"query-input\":{\"@type\":\"PropertyValueSpecification\",\"valueRequired\":true,\"valueName\":\"search_term_string\"}}],\"inLanguage\":\"fr-CA\"},{\"@type\":\"Organization\",\"@id\":\"https:\/\/www.edf-re.com\/#organization\",\"name\":\"EDF Renewables North America\",\"url\":\"https:\/\/www.edf-re.com\/\",\"logo\":{\"@type\":\"ImageObject\",\"inLanguage\":\"fr-CA\",\"@id\":\"https:\/\/www.edf-re.com\/#\/schema\/logo\/image\/\",\"url\":\"https:\/\/www.edf-re.com\/wp-content\/uploads\/edfr-logo-1.png\",\"contentUrl\":\"https:\/\/www.edf-re.com\/wp-content\/uploads\/edfr-logo-1.png\",\"width\":600,\"height\":291,\"caption\":\"EDF Renewables North America\"},\"image\":{\"@id\":\"https:\/\/www.edf-re.com\/#\/schema\/logo\/image\/\"}}]}<\/script>\n<!-- \/ Yoast SEO plugin. -->","yoast_head_json":{"title":"Pourquoi l'\u00e9nergie solaire est-elle plus avantageuse pour les propri\u00e9taires fonciers ? | EDF Power Solutions","description":"D\u00e9couvrez comment la location solaire vous apporte plus de revenus, de stabilit\u00e9 et d'opportunit\u00e9s tout en pr\u00e9servant vos terres pour l'avenir. Devenez partenaire d'EDF Power Solutions d\u00e8s aujourd'hui.","robots":{"index":"index","follow":"follow","max-snippet":"max-snippet:-1","max-image-preview":"max-image-preview:large","max-video-preview":"max-video-preview:-1"},"canonical":"https:\/\/www.edf-re.com\/fr\/proprietaires-fonciers-2\/","og_locale":"fr_CA","og_type":"article","og_title":"Why Solar Means More for Landowners | EDF power solutions","og_description":"Discover how solar leasing delivers more income, stability, & opportunity while preserving your land for the future. Partner with EDF power solutions today.","og_url":"https:\/\/www.edf-re.com\/fr\/proprietaires-fonciers-2\/","og_site_name":"EDF power solutions North America","article_modified_time":"2025-08-29T16:18:01+00:00","og_image":[{"width":2000,"height":702,"url":"https:\/\/www.edf-re.com\/wp-content\/uploads\/logo_edf_power_solutions_RGB-no-buffer-zone.png","type":"image\/png"}],"twitter_card":"summary_large_image","twitter_misc":{"Estimation du temps de lecture":"3 minutes"},"schema":{"@context":"https:\/\/schema.org","@graph":[{"@type":"WebPage","@id":"https:\/\/www.edf-re.com\/solar-means-more\/","url":"https:\/\/www.edf-re.com\/solar-means-more\/","name":"Pourquoi l'\u00e9nergie solaire est-elle plus avantageuse pour les propri\u00e9taires fonciers ? | EDF Power Solutions","isPartOf":{"@id":"https:\/\/www.edf-re.com\/#website"},"datePublished":"2025-08-28T20:14:28+00:00","dateModified":"2025-08-29T16:18:01+00:00","description":"D\u00e9couvrez comment la location solaire vous apporte plus de revenus, de stabilit\u00e9 et d'opportunit\u00e9s tout en pr\u00e9servant vos terres pour l'avenir. Devenez partenaire d'EDF Power Solutions d\u00e8s aujourd'hui.","breadcrumb":{"@id":"https:\/\/www.edf-re.com\/solar-means-more\/#breadcrumb"},"inLanguage":"fr-CA","potentialAction":[{"@type":"ReadAction","target":["https:\/\/www.edf-re.com\/solar-means-more\/"]}]},{"@type":"BreadcrumbList","@id":"https:\/\/www.edf-re.com\/solar-means-more\/#breadcrumb","itemListElement":[{"@type":"ListItem","position":1,"name":"Home","item":"https:\/\/www.edf-re.com\/"},{"@type":"ListItem","position":2,"name":"Strength From Your Land"}]},{"@type":"WebSite","@id":"https:\/\/www.edf-re.com\/#website","url":"https:\/\/www.edf-re.com\/","name":"EDF power solutions Am\u00e9rique du Nord","description":"","publisher":{"@id":"https:\/\/www.edf-re.com\/#organization"},"potentialAction":[{"@type":"SearchAction","target":{"@type":"EntryPoint","urlTemplate":"https:\/\/www.edf-re.com\/?s={search_term_string}"},"query-input":{"@type":"PropertyValueSpecification","valueRequired":true,"valueName":"search_term_string"}}],"inLanguage":"fr-CA"},{"@type":"Organization","@id":"https:\/\/www.edf-re.com\/#organization","name":"EDF Renewables Am\u00e9rique du Nord","url":"https:\/\/www.edf-re.com\/","logo":{"@type":"ImageObject","inLanguage":"fr-CA","@id":"https:\/\/www.edf-re.com\/#\/schema\/logo\/image\/","url":"https:\/\/www.edf-re.com\/wp-content\/uploads\/edfr-logo-1.png","contentUrl":"https:\/\/www.edf-re.com\/wp-content\/uploads\/edfr-logo-1.png","width":600,"height":291,"caption":"EDF Renewables North America"},"image":{"@id":"https:\/\/www.edf-re.com\/#\/schema\/logo\/image\/"}}]}},"_links":{"self":[{"href":"https:\/\/www.edf-re.com\/fr\/wp-json\/wp\/v2\/pages\/11013","targetHints":{"allow":["GET"]}}],"collection":[{"href":"https:\/\/www.edf-re.com\/fr\/wp-json\/wp\/v2\/pages"}],"about":[{"href":"https:\/\/www.edf-re.com\/fr\/wp-json\/wp\/v2\/types\/page"}],"author":[{"embeddable":true,"href":"https:\/\/www.edf-re.com\/fr\/wp-json\/wp\/v2\/users\/14"}],"replies":[{"embeddable":true,"href":"https:\/\/www.edf-re.com\/fr\/wp-json\/wp\/v2\/comments?post=11013"}],"version-history":[{"count":5,"href":"https:\/\/www.edf-re.com\/fr\/wp-json\/wp\/v2\/pages\/11013\/revisions"}],"predecessor-version":[{"id":11041,"href":"https:\/\/www.edf-re.com\/fr\/wp-json\/wp\/v2\/pages\/11013\/revisions\/11041"}],"wp:attachment":[{"href":"https:\/\/www.edf-re.com\/fr\/wp-json\/wp\/v2\/media?parent=11013"}],"curies":[{"name":"wp","href":"https:\/\/api.w.org\/{rel}","templated":true}]}}