{"id":2066,"date":"2020-06-05T13:47:07","date_gmt":"2020-06-05T20:47:07","guid":{"rendered":"https:\/\/www.edf-re.com\/?page_id=2066"},"modified":"2025-05-08T07:35:03","modified_gmt":"2025-05-08T14:35:03","slug":"declaration-regardant-covid-19","status":"publish","type":"page","link":"https:\/\/www.edf-re.com\/fr\/declaration-regardant-covid-19\/","title":{"rendered":"D\u00e9claration concernant le COVID-19"},"content":{"rendered":"<p>EDF power solutions suit de pr\u00e8s le d\u00e9veloppement de COVID-19, car les conditions continuent d'\u00e9voluer. Notre priorit\u00e9 absolue est la sant\u00e9 et la s\u00e9curit\u00e9 de nos employ\u00e9s, de nos clients et des communaut\u00e9s o\u00f9 nous exer\u00e7ons nos activit\u00e9s. Nous avons mis en place des pratiques d'hygi\u00e8ne pour la pr\u00e9vention et la protection, comme le recommande le CDC, pour ceux qui sont essentiels aux op\u00e9rations du projet.   Nous ne pr\u00e9voyons pas d'interruption de la production d'\u00e9lectricit\u00e9.<\/p>\n<ul class=\"styled-list\">\n<li>Nous avons d\u00e9ploy\u00e9 des plans de continuit\u00e9 des activit\u00e9s sp\u00e9cifiques au niveau du site, du centre de contr\u00f4le des op\u00e9rations (OCC) et de l'entreprise pour att\u00e9nuer les impacts. Ces plans sont continuellement mis \u00e0 jour \u00e0 mesure que les conditions changent et \u00e9voluent.<\/li>\n<li>Notre d\u00e9partement de la cha\u00eene d'approvisionnement se coordonne quotidiennement avec les fabricants de pi\u00e8ces et les \u00e9quipementiers pour identifier les perturbations potentielles et rem\u00e9dier rapidement \u00e0 toute insuffisance.<\/li>\n<li>Notre \u00e9quipe de comptabilit\u00e9 a mis en place des plans pour garantir que les fonctions de comptes cr\u00e9diteurs et de comptes d\u00e9biteurs se poursuivent sans interruption.<\/li>\n<\/ul>\n<p>Nous restons attentifs aux pr\u00e9occupations de toutes nos parties prenantes et respectueux des proc\u00e9dures qu'elles ont mises en place.  Nous g\u00e9rons les perturbations de la construction sur site au fur et \u00e0 mesure qu'elles se produisent, et nous surveillons continuellement la situation pour rester conscients et flexibles au fur et \u00e0 mesure que les choses avancent.<\/p>\n<h4>Politiques de l'entreprise pendant COVID-19<\/h4>\n<p>EDF power solutions reste en activit\u00e9 et a mis en place de multiples mesures d'att\u00e9nuation, avec des plans pour augmenter les mesures si la situation s'aggrave.  Tous les employ\u00e9s qui ne sont pas impliqu\u00e9s dans des activit\u00e9s essentielles travaillent \u00e0 domicile. Les op\u00e9rations sur site sont divis\u00e9es en \u00e9quipes afin de minimiser les contacts entre les techniciens.  Toutes les r\u00e9unions en personne sont converties en r\u00e9unions virtuelles et la participation \u00e0 des conf\u00e9rences li\u00e9es \u00e0 l'activit\u00e9 est interdite jusqu'\u00e0 nouvel ordre.  Nous avons mis en \u0153uvre les recommandations du CDC en mati\u00e8re de nettoyage et d'assainissement dans nos bureaux et sur nos sites d'exploitation et de construction, et les pratiques de pr\u00e9vention et de protection du CDC sont appliqu\u00e9es \u00e0 nos employ\u00e9s et \u00e0 nos employ\u00e9s contractuels\/temporaires.<\/p>\n<p>N'oubliez pas de faire votre part en suivant ces directives pour vous prot\u00e9ger, vous et vos proches.  La sant\u00e9 et la s\u00e9curit\u00e9 restent la priorit\u00e9 absolue de notre entreprise et nous ferons preuve de diligence et de discipline pour faire notre part afin d'aplanir la courbe de la pand\u00e9mie et de limiter la propagation du virus.<\/p>","protected":false},"excerpt":{"rendered":"<p>EDF power solutions suit de pr\u00e8s le d\u00e9veloppement de COVID-19, car les conditions continuent d'\u00e9voluer. Notre priorit\u00e9 absolue est la sant\u00e9 et la s\u00e9curit\u00e9 de nos employ\u00e9s, de nos clients et des communaut\u00e9s dans lesquelles nous exer\u00e7ons nos activit\u00e9s. Nous avons mis en place des pratiques d'hygi\u00e8ne pour la pr\u00e9vention et la protection telles que recommand\u00e9es par le CDC pour ceux qui sont essentiels \u00e0 [...]<\/p>","protected":false},"author":1,"featured_media":0,"parent":0,"menu_order":43,"comment_status":"closed","ping_status":"closed","template":"","meta":{"_acf_changed":false,"footnotes":""},"class_list":["post-2066","page","type-page","status-publish","hentry"],"acf":[],"yoast_head":"<!-- This site is optimized with the Yoast SEO plugin v26.8 - https:\/\/yoast.com\/product\/yoast-seo-wordpress\/ -->\n<title>Statement Regarding COVID-19 - EDF power solutions North America<\/title>\n<meta name=\"robots\" content=\"index, follow, max-snippet:-1, max-image-preview:large, max-video-preview:-1\" \/>\n<link rel=\"canonical\" href=\"https:\/\/www.edf-re.com\/fr\/declaration-regardant-covid-19\/\" \/>\n<meta property=\"og:locale\" content=\"fr_CA\" \/>\n<meta property=\"og:type\" content=\"article\" \/>\n<meta property=\"og:title\" content=\"Statement Regarding COVID-19 - EDF power solutions North America\" \/>\n<meta property=\"og:description\" content=\"EDF power solutions is closely monitoring the development of COVID-19 as the condition continue to evolve. Our top priority is the health and safety of our employees, customers, and the communities where we do business. We have enforced hygiene practices for prevention and protection as recommended by the CDC for those who are essential to [&hellip;]\" \/>\n<meta property=\"og:url\" content=\"https:\/\/www.edf-re.com\/fr\/declaration-regardant-covid-19\/\" \/>\n<meta property=\"og:site_name\" content=\"EDF power solutions North America\" \/>\n<meta property=\"article:modified_time\" content=\"2025-05-08T14:35:03+00:00\" \/>\n<meta property=\"og:image\" content=\"https:\/\/www.edf-re.com\/wp-content\/uploads\/logo_edf_power_solutions_RGB-no-buffer-zone.png\" \/>\n\t<meta property=\"og:image:width\" content=\"2000\" \/>\n\t<meta property=\"og:image:height\" content=\"702\" \/>\n\t<meta property=\"og:image:type\" content=\"image\/png\" \/>\n<meta name=\"twitter:card\" content=\"summary_large_image\" \/>\n<meta name=\"twitter:label1\" content=\"Estimation du temps de lecture\" \/>\n\t<meta name=\"twitter:data1\" content=\"2 minutes\" \/>\n<script type=\"application\/ld+json\" class=\"yoast-schema-graph\">{\"@context\":\"https:\/\/schema.org\",\"@graph\":[{\"@type\":\"WebPage\",\"@id\":\"https:\/\/www.edf-re.com\/statement-regarding-covid-19\/\",\"url\":\"https:\/\/www.edf-re.com\/statement-regarding-covid-19\/\",\"name\":\"Statement Regarding COVID-19 - EDF power solutions North America\",\"isPartOf\":{\"@id\":\"https:\/\/www.edf-re.com\/#website\"},\"datePublished\":\"2020-06-05T20:47:07+00:00\",\"dateModified\":\"2025-05-08T14:35:03+00:00\",\"breadcrumb\":{\"@id\":\"https:\/\/www.edf-re.com\/statement-regarding-covid-19\/#breadcrumb\"},\"inLanguage\":\"fr-CA\",\"potentialAction\":[{\"@type\":\"ReadAction\",\"target\":[\"https:\/\/www.edf-re.com\/statement-regarding-covid-19\/\"]}]},{\"@type\":\"BreadcrumbList\",\"@id\":\"https:\/\/www.edf-re.com\/statement-regarding-covid-19\/#breadcrumb\",\"itemListElement\":[{\"@type\":\"ListItem\",\"position\":1,\"name\":\"Home\",\"item\":\"https:\/\/www.edf-re.com\/\"},{\"@type\":\"ListItem\",\"position\":2,\"name\":\"Statement Regarding COVID-19\"}]},{\"@type\":\"WebSite\",\"@id\":\"https:\/\/www.edf-re.com\/#website\",\"url\":\"https:\/\/www.edf-re.com\/\",\"name\":\"EDF power solutions North America\",\"description\":\"\",\"publisher\":{\"@id\":\"https:\/\/www.edf-re.com\/#organization\"},\"potentialAction\":[{\"@type\":\"SearchAction\",\"target\":{\"@type\":\"EntryPoint\",\"urlTemplate\":\"https:\/\/www.edf-re.com\/?s={search_term_string}\"},\"query-input\":{\"@type\":\"PropertyValueSpecification\",\"valueRequired\":true,\"valueName\":\"search_term_string\"}}],\"inLanguage\":\"fr-CA\"},{\"@type\":\"Organization\",\"@id\":\"https:\/\/www.edf-re.com\/#organization\",\"name\":\"EDF Renewables North America\",\"url\":\"https:\/\/www.edf-re.com\/\",\"logo\":{\"@type\":\"ImageObject\",\"inLanguage\":\"fr-CA\",\"@id\":\"https:\/\/www.edf-re.com\/#\/schema\/logo\/image\/\",\"url\":\"https:\/\/www.edf-re.com\/wp-content\/uploads\/edfr-logo-1.png\",\"contentUrl\":\"https:\/\/www.edf-re.com\/wp-content\/uploads\/edfr-logo-1.png\",\"width\":600,\"height\":291,\"caption\":\"EDF Renewables North America\"},\"image\":{\"@id\":\"https:\/\/www.edf-re.com\/#\/schema\/logo\/image\/\"}}]}<\/script>\n<!-- \/ Yoast SEO plugin. -->","yoast_head_json":{"title":"D\u00e9claration concernant le COVID-19 - EDF power solutions North America","robots":{"index":"index","follow":"follow","max-snippet":"max-snippet:-1","max-image-preview":"max-image-preview:large","max-video-preview":"max-video-preview:-1"},"canonical":"https:\/\/www.edf-re.com\/fr\/declaration-regardant-covid-19\/","og_locale":"fr_CA","og_type":"article","og_title":"Statement Regarding COVID-19 - EDF power solutions North America","og_description":"EDF power solutions is closely monitoring the development of COVID-19 as the condition continue to evolve. Our top priority is the health and safety of our employees, customers, and the communities where we do business. We have enforced hygiene practices for prevention and protection as recommended by the CDC for those who are essential to [&hellip;]","og_url":"https:\/\/www.edf-re.com\/fr\/declaration-regardant-covid-19\/","og_site_name":"EDF power solutions North America","article_modified_time":"2025-05-08T14:35:03+00:00","og_image":[{"width":2000,"height":702,"url":"https:\/\/www.edf-re.com\/wp-content\/uploads\/logo_edf_power_solutions_RGB-no-buffer-zone.png","type":"image\/png"}],"twitter_card":"summary_large_image","twitter_misc":{"Estimation du temps de lecture":"2 minutes"},"schema":{"@context":"https:\/\/schema.org","@graph":[{"@type":"WebPage","@id":"https:\/\/www.edf-re.com\/statement-regarding-covid-19\/","url":"https:\/\/www.edf-re.com\/statement-regarding-covid-19\/","name":"D\u00e9claration concernant le COVID-19 - EDF power solutions North America","isPartOf":{"@id":"https:\/\/www.edf-re.com\/#website"},"datePublished":"2020-06-05T20:47:07+00:00","dateModified":"2025-05-08T14:35:03+00:00","breadcrumb":{"@id":"https:\/\/www.edf-re.com\/statement-regarding-covid-19\/#breadcrumb"},"inLanguage":"fr-CA","potentialAction":[{"@type":"ReadAction","target":["https:\/\/www.edf-re.com\/statement-regarding-covid-19\/"]}]},{"@type":"BreadcrumbList","@id":"https:\/\/www.edf-re.com\/statement-regarding-covid-19\/#breadcrumb","itemListElement":[{"@type":"ListItem","position":1,"name":"Home","item":"https:\/\/www.edf-re.com\/"},{"@type":"ListItem","position":2,"name":"Statement Regarding COVID-19"}]},{"@type":"WebSite","@id":"https:\/\/www.edf-re.com\/#website","url":"https:\/\/www.edf-re.com\/","name":"EDF power solutions Am\u00e9rique du Nord","description":"","publisher":{"@id":"https:\/\/www.edf-re.com\/#organization"},"potentialAction":[{"@type":"SearchAction","target":{"@type":"EntryPoint","urlTemplate":"https:\/\/www.edf-re.com\/?s={search_term_string}"},"query-input":{"@type":"PropertyValueSpecification","valueRequired":true,"valueName":"search_term_string"}}],"inLanguage":"fr-CA"},{"@type":"Organization","@id":"https:\/\/www.edf-re.com\/#organization","name":"EDF Renewables Am\u00e9rique du Nord","url":"https:\/\/www.edf-re.com\/","logo":{"@type":"ImageObject","inLanguage":"fr-CA","@id":"https:\/\/www.edf-re.com\/#\/schema\/logo\/image\/","url":"https:\/\/www.edf-re.com\/wp-content\/uploads\/edfr-logo-1.png","contentUrl":"https:\/\/www.edf-re.com\/wp-content\/uploads\/edfr-logo-1.png","width":600,"height":291,"caption":"EDF Renewables North America"},"image":{"@id":"https:\/\/www.edf-re.com\/#\/schema\/logo\/image\/"}}]}},"_links":{"self":[{"href":"https:\/\/www.edf-re.com\/fr\/wp-json\/wp\/v2\/pages\/2066","targetHints":{"allow":["GET"]}}],"collection":[{"href":"https:\/\/www.edf-re.com\/fr\/wp-json\/wp\/v2\/pages"}],"about":[{"href":"https:\/\/www.edf-re.com\/fr\/wp-json\/wp\/v2\/types\/page"}],"author":[{"embeddable":true,"href":"https:\/\/www.edf-re.com\/fr\/wp-json\/wp\/v2\/users\/1"}],"replies":[{"embeddable":true,"href":"https:\/\/www.edf-re.com\/fr\/wp-json\/wp\/v2\/comments?post=2066"}],"version-history":[{"count":2,"href":"https:\/\/www.edf-re.com\/fr\/wp-json\/wp\/v2\/pages\/2066\/revisions"}],"predecessor-version":[{"id":10671,"href":"https:\/\/www.edf-re.com\/fr\/wp-json\/wp\/v2\/pages\/2066\/revisions\/10671"}],"wp:attachment":[{"href":"https:\/\/www.edf-re.com\/fr\/wp-json\/wp\/v2\/media?parent=2066"}],"curies":[{"name":"wp","href":"https:\/\/api.w.org\/{rel}","templated":true}]}}