{"id":234,"date":"2020-04-29T14:34:52","date_gmt":"2020-04-29T21:34:52","guid":{"rendered":"https:\/\/www.edf-re.com\/?page_id=234"},"modified":"2026-03-13T08:59:14","modified_gmt":"2026-03-13T15:59:14","slug":"qui-nous-sommes","status":"publish","type":"page","link":"https:\/\/www.edf-re.com\/fr\/a-propos-de-nous\/qui-nous-sommes\/","title":{"rendered":"Qui sommes-nous ?"},"content":{"rendered":"<div id=\"pl-234\"  class=\"panel-layout\" ><div id=\"pg-234-0\"  class=\"panel-grid panel-has-style\" ><div data-aos=\"fade\" data-aos-duration=\"1200\" class=\"panel-row-style panel-row-style-for-234-0\" ><div id=\"pgc-234-0-0\"  class=\"panel-grid-cell\" ><div id=\"panel-234-0-0-0\" class=\"so-panel widget widget_siteorigin-panels-builder panel-first-child panel-last-child\" data-index=\"0\" ><div id=\"pl-w69b1b8332e1d5\"  class=\"panel-layout\" ><div id=\"pg-w69b1b8332e1d5-0\"  class=\"panel-grid panel-no-style\" ><div id=\"pgc-w69b1b8332e1d5-0-0\"  class=\"panel-grid-cell\" ><div id=\"panel-w69b1b8332e1d5-0-0-0\" class=\"so-panel widget widget_sow-editor panel-first-child panel-last-child\" data-index=\"0\" ><div\n\t\t\t\n\t\t\tclass=\"so-widget-sow-editor so-widget-sow-editor-base\"\n\t\t\t\n\t\t>\n<div class=\"siteorigin-widget-tinymce textwidget\">\n\t<p class=\"no-bottom-margin\"><img loading=\"lazy\" decoding=\"async\" class=\"aligncenter size-full wp-image-467\" src=\"https:\/\/www.edf-re.com\/wp-content\/uploads\/edf-logo.png\" alt=\"\" width=\"220\" height=\"111\" \/><\/p>\n<\/div>\n<\/div><\/div><\/div><\/div><div id=\"pg-w69b1b8332e1d5-1\"  class=\"panel-grid panel-no-style\" ><div id=\"pgc-w69b1b8332e1d5-1-0\"  class=\"panel-grid-cell\" ><div id=\"panel-w69b1b8332e1d5-1-0-0\" class=\"so-panel widget widget_sow-editor panel-first-child panel-last-child\" data-index=\"1\" ><div\n\t\t\t\n\t\t\tclass=\"so-widget-sow-editor so-widget-sow-editor-base\"\n\t\t\t\n\t\t>\n<div class=\"siteorigin-widget-tinymce textwidget\">\n\t<h2 style=\"text-align: center;\">Groupe EDF<\/h2>\n<p style=\"text-align: center;\">Un leader mondial dans la production d'\u00e9lectricit\u00e9 \u00e0 faible teneur en carbone.<br \/>\nEn tant que constructeur, propri\u00e9taire et exploitant de lignes de distribution et de transmission et de toutes les infrastructures et syst\u00e8mes de livraison associ\u00e9s, <a href=\"https:\/\/www.edf.fr\/en\/the-edf-group\" target=\"_blank\" rel=\"noopener\">Groupe EDF<\/a> est un acteur international cl\u00e9 de la transition \u00e9nerg\u00e9tique.<\/p>\n<p class=\"no-bottom-margin\" style=\"text-align: center;\"><a class=\"underline-button\" href=\"https:\/\/www.edf.fr\/en\/the-edf-group\" target=\"_blank\" rel=\"noopener\">Visiter le groupe EDF<\/a><\/p>\n<\/div>\n<\/div><\/div><\/div><\/div><div id=\"pg-w69b1b8332e1d5-2\"  class=\"panel-grid panel-no-style\" ><div id=\"pgc-w69b1b8332e1d5-2-0\"  class=\"panel-grid-cell\" ><div id=\"panel-w69b1b8332e1d5-2-0-0\" class=\"so-panel widget widget_stats stats-widget panel-first-child panel-last-child\" data-index=\"2\" ><div class=\"panel-widget-style panel-widget-style-for-w69b1b8332e1d5-2-0-0\" ><div\n\t\t\t\n\t\t\tclass=\"so-widget-stats so-widget-stats-default-d75171398898\"\n\t\t\t\n\t\t>\t<div class=\"flex center\">\n\t\t\t\t\t<div class=\"stat vertical\">\n\t\t\t\t\t\t\t\t\t<div class=\"icon\">\n\t\t\t\t\t\t<i class=\"fa-light fa-lightbulb-on\"><\/i>\n\t\t\t\t\t<\/div><!-- .icon -->\n\t\t\t\t\t\t\t\t\t\t<div>\n\t\t\t\t\t\t<div class=\"number\">\n\t\t\t\t\t\t\t<span class=\"counter\" data-number=\"80\">0<\/span>\t\t\t\t\t\t<\/div><!-- .number -->\n\t\t\t\t\t\t\t\t\t\t\t\t\t<div class=\"label\">\n\t\t\t\t\t\t\t\tAnn\u00e9es d'exp\u00e9rience\t\t\t\t\t\t\t<\/div><!-- .label -->\n\t\t\t\t\t\t\t\t\t\t\t\t<\/div>\n\t\t\t\t\t\t\t\t<\/div><!-- .stat -->\n\t\t\t\t\t\t<div class=\"stat vertical\">\n\t\t\t\t\t\t\t\t\t<div class=\"icon\">\n\t\t\t\t\t\t<i class=\"fa-light fa-smog\"><\/i>\n\t\t\t\t\t<\/div><!-- .icon -->\n\t\t\t\t\t\t\t\t\t\t<div>\n\t\t\t\t\t\t<div class=\"number\">\n\t\t\t\t\t\t\t<span class=\"counter\" data-number=\"95\">0<\/span>%\t\t\t\t\t\t<\/div><!-- .number -->\n\t\t\t\t\t\t\t\t\t\t\t\t\t<div class=\"label\">\n\t\t\t\t\t\t\t\tProduction exempte de CO<sub>2<\/sub> \u00e9missions\t\t\t\t\t\t\t<\/div><!-- .label -->\n\t\t\t\t\t\t\t\t\t\t\t\t<\/div>\n\t\t\t\t\t\t\t\t<\/div><!-- .stat -->\n\t\t\t\t<\/div><!-- .flex -->\n\t<\/div><\/div><\/div><\/div><\/div><\/div><\/div><\/div><\/div><\/div><div id=\"pg-234-1\"  class=\"panel-grid panel-no-style\" ><div id=\"pgc-234-1-0\"  class=\"panel-grid-cell\" ><div id=\"panel-234-1-0-0\" class=\"so-panel widget widget_separator separator-widget panel-first-child panel-last-child\" data-index=\"1\" ><div\n\t\t\t\n\t\t\tclass=\"so-widget-separator so-widget-separator-default-d75171398898-234\"\n\t\t\t\n\t\t>\t<i class=\"fa-light fa-chevron-down\" style=\"font-size:60px;color:#efefef;\"><\/i>\n\t<\/div><\/div><\/div><\/div><div id=\"pg-234-2\"  class=\"panel-grid panel-has-style\" ><div data-aos=\"fade\" data-aos-duration=\"1200\" class=\"panel-row-style panel-row-style-for-234-2\" ><div id=\"pgc-234-2-0\"  class=\"panel-grid-cell\" ><div id=\"panel-234-2-0-0\" class=\"so-panel widget widget_siteorigin-panels-builder panel-first-child panel-last-child\" data-index=\"2\" ><div id=\"pl-w69b434522466d\"  class=\"panel-layout\" ><div id=\"pg-w69b434522466d-0\"  class=\"panel-grid panel-no-style\" ><div id=\"pgc-w69b434522466d-0-0\"  class=\"panel-grid-cell\" ><div id=\"panel-w69b434522466d-0-0-0\" class=\"so-panel widget widget_sow-editor panel-first-child panel-last-child\" data-index=\"0\" ><div\n\t\t\t\n\t\t\tclass=\"so-widget-sow-editor so-widget-sow-editor-base\"\n\t\t\t\n\t\t>\n<div class=\"siteorigin-widget-tinymce textwidget\">\n\t<p class=\"no-bottom-margin\"><a href=\"https:\/\/edf-powersolutions.com\/\" target=\"_blank\" rel=\"noopener\"><img loading=\"lazy\" decoding=\"async\" class=\"wp-image-10562 size-medium aligncenter\" src=\"https:\/\/www.edf-re.com\/wp-content\/uploads\/logo_edf_power_solutions_RGB-no-buffer-zone-300x105.png\" alt=\"\" width=\"300\" height=\"105\" srcset=\"https:\/\/www.edf-re.com\/wp-content\/uploads\/logo_edf_power_solutions_RGB-no-buffer-zone-300x105.png 300w, https:\/\/www.edf-re.com\/wp-content\/uploads\/logo_edf_power_solutions_RGB-no-buffer-zone-1024x359.png 1024w, https:\/\/www.edf-re.com\/wp-content\/uploads\/logo_edf_power_solutions_RGB-no-buffer-zone-768x270.png 768w, https:\/\/www.edf-re.com\/wp-content\/uploads\/logo_edf_power_solutions_RGB-no-buffer-zone-1536x539.png 1536w, https:\/\/www.edf-re.com\/wp-content\/uploads\/logo_edf_power_solutions_RGB-no-buffer-zone-18x6.png 18w, https:\/\/www.edf-re.com\/wp-content\/uploads\/logo_edf_power_solutions_RGB-no-buffer-zone.png 2000w\" sizes=\"auto, (max-width: 300px) 100vw, 300px\" \/><\/a><\/p>\n<\/div>\n<\/div><\/div><\/div><\/div><div id=\"pg-w69b434522466d-1\"  class=\"panel-grid panel-no-style\" ><div id=\"pgc-w69b434522466d-1-0\"  class=\"panel-grid-cell\" ><div id=\"panel-w69b434522466d-1-0-0\" class=\"so-panel widget widget_sow-editor panel-first-child panel-last-child\" data-index=\"1\" ><div\n\t\t\t\n\t\t\tclass=\"so-widget-sow-editor so-widget-sow-editor-base\"\n\t\t\t\n\t\t>\n<div class=\"siteorigin-widget-tinymce textwidget\">\n\t<h2 style=\"text-align: center;\">EDF power solutions, S.A.<\/h2>\n<p style=\"text-align: center;\"><a href=\"https:\/\/edf-powersolutions.com\" target=\"_blank\" rel=\"noopener\">EDF power solutions, S.A.<\/a>une filiale du groupe EDF, con\u00e7oit et met en \u0153uvre des solutions pratiques pour r\u00e9duire durablement l'empreinte carbone de ses clients dans 25 pays \u00e0 travers le monde. Acc\u00e9l\u00e9rer la transition \u00e9nerg\u00e9tique est au c\u0153ur de notre mission.<\/p>\n<p class=\"no-bottom-margin\" style=\"text-align: center;\"><a class=\"underline-button\" href=\"https:\/\/edf-powersolutions.com\" target=\"_blank\" rel=\"noopener\">Visiter le site d'EDF power solutions<\/a><\/p>\n<\/div>\n<\/div><\/div><\/div><\/div><div id=\"pg-w69b434522466d-2\"  class=\"panel-grid panel-no-style\" ><div id=\"pgc-w69b434522466d-2-0\"  class=\"panel-grid-cell\" ><div id=\"panel-w69b434522466d-2-0-0\" class=\"so-panel widget widget_stats stats-widget panel-first-child panel-last-child\" data-index=\"2\" ><div class=\"panel-widget-style panel-widget-style-for-w69b434522466d-2-0-0\" ><div\n\t\t\t\n\t\t\tclass=\"so-widget-stats so-widget-stats-default-d75171398898\"\n\t\t\t\n\t\t>\t<div class=\"flex center\">\n\t\t\t\t\t<div class=\"stat vertical\">\n\t\t\t\t\t\t\t\t\t<div class=\"icon\">\n\t\t\t\t\t\t<i class=\"fa-light fa-people\"><\/i>\n\t\t\t\t\t<\/div><!-- .icon -->\n\t\t\t\t\t\t\t\t\t\t<div>\n\t\t\t\t\t\t<div class=\"number\">\n\t\t\t\t\t\t\t<span class=\"counter\" data-number=\"8500\">0<\/span>\t\t\t\t\t\t\t\t<span class=\"append\">+<\/span>\n\t\t\t\t\t\t\t\t\t\t\t\t\t\t<\/div><!-- .number -->\n\t\t\t\t\t\t\t\t\t\t\t\t\t<div class=\"label\">\n\t\t\t\t\t\t\t\tSalari\u00e9s\t\t\t\t\t\t\t<\/div><!-- .label -->\n\t\t\t\t\t\t\t\t\t\t\t\t<\/div>\n\t\t\t\t\t\t\t\t<\/div><!-- .stat -->\n\t\t\t\t\t\t<div class=\"stat vertical\">\n\t\t\t\t\t\t\t\t\t<div class=\"icon\">\n\t\t\t\t\t\t<i class=\"fa-light fa-globe-americas\"><\/i>\n\t\t\t\t\t<\/div><!-- .icon -->\n\t\t\t\t\t\t\t\t\t\t<div>\n\t\t\t\t\t\t<div class=\"number\">\n\t\t\t\t\t\t\t<span class=\"counter\" data-number=\"25\">0<\/span>\t\t\t\t\t\t<\/div><!-- .number -->\n\t\t\t\t\t\t\t\t\t\t\t\t\t<div class=\"label\">\n\t\t\t\t\t\t\t\tPays\t\t\t\t\t\t\t<\/div><!-- .label -->\n\t\t\t\t\t\t\t\t\t\t\t\t<\/div>\n\t\t\t\t\t\t\t\t<\/div><!-- .stat -->\n\t\t\t\t\t\t<div class=\"stat vertical\">\n\t\t\t\t\t\t\t\t\t<div class=\"icon\">\n\t\t\t\t\t\t<i class=\"fa-light fa-leaf\"><\/i>\n\t\t\t\t\t<\/div><!-- .icon -->\n\t\t\t\t\t\t\t\t\t\t<div>\n\t\t\t\t\t\t<div class=\"number\">\n\t\t\t\t\t\t\t<span class=\"counter\" data-number=\"47\">0<\/span>\t\t\t\t\t\t\t\t<span class=\"append\">TWh<\/span>\n\t\t\t\t\t\t\t\t\t\t\t\t\t\t<\/div><!-- .number -->\n\t\t\t\t\t\t\t\t\t\t\t\t\t<div class=\"label\">\n\t\t\t\t\t\t\t\t\u00c9lectricit\u00e9 \u00e0 faible teneur en carbone produite en 2025\t\t\t\t\t\t\t<\/div><!-- .label -->\n\t\t\t\t\t\t\t\t\t\t\t\t<\/div>\n\t\t\t\t\t\t\t\t<\/div><!-- .stat -->\n\t\t\t\t<\/div><!-- .flex -->\n\t<\/div><\/div><\/div><\/div><\/div><\/div><\/div><\/div><\/div><\/div><div id=\"pg-234-3\"  class=\"panel-grid panel-no-style\" ><div id=\"pgc-234-3-0\"  class=\"panel-grid-cell\" ><div id=\"panel-234-3-0-0\" class=\"so-panel widget widget_separator separator-widget panel-first-child panel-last-child\" data-index=\"3\" ><div\n\t\t\t\n\t\t\tclass=\"so-widget-separator so-widget-separator-default-d75171398898-234\"\n\t\t\t\n\t\t>\t<i class=\"fa-light fa-chevron-down\" style=\"font-size:60px;color:#efefef;\"><\/i>\n\t<\/div><\/div><\/div><\/div><div id=\"pg-234-4\"  class=\"panel-grid panel-has-style\" ><div data-aos=\"fade\" data-aos-duration=\"1200\" class=\"panel-row-style panel-row-style-for-234-4\" ><div id=\"pgc-234-4-0\"  class=\"panel-grid-cell\" ><div id=\"panel-234-4-0-0\" class=\"so-panel widget widget_siteorigin-panels-builder panel-first-child panel-last-child\" data-index=\"4\" ><div id=\"pl-w69ab2a76729e7\"  class=\"panel-layout\" ><div id=\"pg-w69ab2a76729e7-0\"  class=\"panel-grid panel-no-style\" ><div id=\"pgc-w69ab2a76729e7-0-0\"  class=\"panel-grid-cell\" ><div id=\"panel-w69ab2a76729e7-0-0-0\" class=\"so-panel widget widget_sow-editor panel-first-child panel-last-child\" data-index=\"0\" ><div\n\t\t\t\n\t\t\tclass=\"so-widget-sow-editor so-widget-sow-editor-base\"\n\t\t\t\n\t\t>\n<div class=\"siteorigin-widget-tinymce textwidget\">\n\t<p class=\"no-bottom-margin\"><img loading=\"lazy\" decoding=\"async\" class=\"wp-image-10562 size-medium aligncenter\" src=\"https:\/\/www.edf-re.com\/wp-content\/uploads\/logo_edf_power_solutions_RGB-no-buffer-zone-300x105.png\" alt=\"\" width=\"300\" height=\"105\" srcset=\"https:\/\/www.edf-re.com\/wp-content\/uploads\/logo_edf_power_solutions_RGB-no-buffer-zone-300x105.png 300w, https:\/\/www.edf-re.com\/wp-content\/uploads\/logo_edf_power_solutions_RGB-no-buffer-zone-1024x359.png 1024w, https:\/\/www.edf-re.com\/wp-content\/uploads\/logo_edf_power_solutions_RGB-no-buffer-zone-768x270.png 768w, https:\/\/www.edf-re.com\/wp-content\/uploads\/logo_edf_power_solutions_RGB-no-buffer-zone-1536x539.png 1536w, https:\/\/www.edf-re.com\/wp-content\/uploads\/logo_edf_power_solutions_RGB-no-buffer-zone-18x6.png 18w, https:\/\/www.edf-re.com\/wp-content\/uploads\/logo_edf_power_solutions_RGB-no-buffer-zone.png 2000w\" sizes=\"auto, (max-width: 300px) 100vw, 300px\" \/><\/p>\n<\/div>\n<\/div><\/div><\/div><\/div><div id=\"pg-w69ab2a76729e7-1\"  class=\"panel-grid panel-no-style\" ><div id=\"pgc-w69ab2a76729e7-1-0\"  class=\"panel-grid-cell\" ><div id=\"panel-w69ab2a76729e7-1-0-0\" class=\"so-panel widget widget_sow-editor panel-first-child panel-last-child\" data-index=\"1\" ><div\n\t\t\t\n\t\t\tclass=\"so-widget-sow-editor so-widget-sow-editor-base\"\n\t\t\t\n\t\t>\n<div class=\"siteorigin-widget-tinymce textwidget\">\n\t<h2 style=\"text-align: center;\">EDF power solutions Am\u00e9rique du Nord<\/h2>\n<p style=\"text-align: center;\">Depuis 1987, EDF power solutions North America fournit des solutions \u00e9nerg\u00e9tiques propres aux Etats-Unis, au Canada et au Mexique. Nous sommes un producteur d'\u00e9lectricit\u00e9 ind\u00e9pendant et un fournisseur de services leader sur le march\u00e9, au service des services publics, des entreprises, des industries, des communaut\u00e9s, des institutions et des investisseurs, avec des solutions \u00e9nerg\u00e9tiques fiables et \u00e0 faible \u00e9mission de carbone qui aident \u00e0 r\u00e9pondre \u00e0 la demande croissante. Qu'il s'agisse de d\u00e9velopper et de construire des projets \u00e9volutifs d'\u00e9nergie \u00e9olienne (onshore et offshore), solaire, de stockage (batteries et hydro\u00e9lectricit\u00e9 par pompage), de recharge intelligente de v\u00e9hicules \u00e9lectriques, de micro-r\u00e9seaux, d'hydrog\u00e8ne vert et de transmission, ou de maximiser les performances et la rentabilit\u00e9 gr\u00e2ce \u00e0 l'exploitation et \u00e0 la maintenance et \u00e0 l'optimisation innovante des actifs, nos \u00e9quipes fournissent des solutions expertes tout au long de la cha\u00eene de valeur, de l'origine \u00e0 l'exploitation commerciale.<\/p>\n<\/div>\n<\/div><\/div><\/div><\/div><div id=\"pg-w69ab2a76729e7-2\"  class=\"panel-grid panel-no-style\" ><div id=\"pgc-w69ab2a76729e7-2-0\"  class=\"panel-grid-cell\" ><div id=\"panel-w69ab2a76729e7-2-0-0\" class=\"so-panel widget widget_stats stats-widget panel-first-child panel-last-child\" data-index=\"2\" ><div class=\"panel-widget-style panel-widget-style-for-w69ab2a76729e7-2-0-0\" ><div\n\t\t\t\n\t\t\tclass=\"so-widget-stats so-widget-stats-default-d75171398898\"\n\t\t\t\n\t\t>\t<div class=\"flex center\">\n\t\t\t\t\t<div class=\"stat vertical\">\n\t\t\t\t\t\t\t\t\t<div class=\"icon\">\n\t\t\t\t\t\t<i class=\"fa-light fa-hard-hat\"><\/i>\n\t\t\t\t\t<\/div><!-- .icon -->\n\t\t\t\t\t\t\t\t\t\t<div>\n\t\t\t\t\t\t<div class=\"number\">\n\t\t\t\t\t\t\t<span class=\"counter\" data-number=\"26\">0<\/span>\t\t\t\t\t\t\t\t<span class=\"append\">GW<\/span>\n\t\t\t\t\t\t\t\t\t\t\t\t\t\t<\/div><!-- .number -->\n\t\t\t\t\t\t\t\t\t\t\t\t\t<div class=\"label\">\n\t\t\t\t\t\t\t\tD\u00e9velopp\u00e9\t\t\t\t\t\t\t<\/div><!-- .label -->\n\t\t\t\t\t\t\t\t\t\t\t\t<\/div>\n\t\t\t\t\t\t\t\t<\/div><!-- .stat -->\n\t\t\t\t\t\t<div class=\"stat vertical\">\n\t\t\t\t\t\t\t\t\t<div class=\"icon\">\n\t\t\t\t\t\t<i class=\"fa-light fa-wrench\"><\/i>\n\t\t\t\t\t<\/div><!-- .icon -->\n\t\t\t\t\t\t\t\t\t\t<div>\n\t\t\t\t\t\t<div class=\"number\">\n\t\t\t\t\t\t\t<span class=\"counter\" data-number=\"17\">0<\/span>\t\t\t\t\t\t\t\t<span class=\"append\">GW<\/span>\n\t\t\t\t\t\t\t\t\t\t\t\t\t\t<\/div><!-- .number -->\n\t\t\t\t\t\t\t\t\t\t\t\t\t<div class=\"label\">\n\t\t\t\t\t\t\t\tContrat d'O&amp;M\t\t\t\t\t\t\t<\/div><!-- .label -->\n\t\t\t\t\t\t\t\t\t\t\t\t<\/div>\n\t\t\t\t\t\t\t\t<\/div><!-- .stat -->\n\t\t\t\t\t\t<div class=\"stat vertical\">\n\t\t\t\t\t\t\t\t\t<div class=\"icon\">\n\t\t\t\t\t\t<i class=\"fa-light fa-timeline-arrow\"><\/i>\n\t\t\t\t\t<\/div><!-- .icon -->\n\t\t\t\t\t\t\t\t\t\t<div>\n\t\t\t\t\t\t<div class=\"number\">\n\t\t\t\t\t\t\t\t\t\t\t\t\t\t\t<span class=\"prepend\">~<\/span>\n\t\t\t\t\t\t\t\t<span class=\"counter\" data-number=\"55\">0<\/span>\t\t\t\t\t\t\t\t<span class=\"append\">GW<\/span>\n\t\t\t\t\t\t\t\t\t\t\t\t\t\t<\/div><!-- .number -->\n\t\t\t\t\t\t\t\t\t\t\t\t\t<div class=\"label\">\n\t\t\t\t\t\t\t\tPipeline\t\t\t\t\t\t\t<\/div><!-- .label -->\n\t\t\t\t\t\t\t\t\t\t\t\t<\/div>\n\t\t\t\t\t\t\t\t<\/div><!-- .stat -->\n\t\t\t\t<\/div><!-- .flex -->\n\t<\/div><\/div><\/div><\/div><\/div><\/div><\/div><\/div><\/div><\/div><\/div>","protected":false},"excerpt":{"rendered":"<p>Groupe EDF Un leader mondial dans la production d'\u00e9lectricit\u00e9 \u00e0 faible \u00e9mission de carbone. En tant que constructeur, propri\u00e9taire et exploitant de lignes de distribution et de transport et de toutes les infrastructures et syst\u00e8mes de livraison associ\u00e9s, le groupe EDF est un acteur international cl\u00e9 de la transition \u00e9nerg\u00e9tique. Visiter le groupe EDF 0 ans d'exp\u00e9rience 0% Production sans \u00e9mission de CO2 Les solutions d'\u00e9lectricit\u00e9 d'EDF, [...]<\/p>","protected":false},"author":1,"featured_media":0,"parent":232,"menu_order":7,"comment_status":"closed","ping_status":"closed","template":"","meta":{"_acf_changed":false,"footnotes":""},"class_list":["post-234","page","type-page","status-publish","hentry"],"acf":[],"yoast_head":"<!-- This site is optimized with the Yoast SEO plugin v26.8 - https:\/\/yoast.com\/product\/yoast-seo-wordpress\/ -->\n<title>About EDF power solutions NA Projects | Wind Asset Management<\/title>\n<meta name=\"description\" content=\"About EDF power solutions NA | EDF power solutions NA Power Producer | Solar Project Development, Wind Operations and Maintenance and Asset Management\" \/>\n<meta name=\"robots\" content=\"index, follow, max-snippet:-1, max-image-preview:large, max-video-preview:-1\" \/>\n<link rel=\"canonical\" href=\"https:\/\/www.edf-re.com\/fr\/a-propos-de-nous\/qui-nous-sommes\/\" \/>\n<meta property=\"og:locale\" content=\"fr_CA\" \/>\n<meta property=\"og:type\" content=\"article\" \/>\n<meta property=\"og:title\" content=\"About EDF power solutions NA Projects | Wind Asset Management\" \/>\n<meta property=\"og:description\" content=\"About EDF power solutions NA | EDF power solutions NA Power Producer | Solar Project Development, Wind Operations and Maintenance and Asset Management\" \/>\n<meta property=\"og:url\" content=\"https:\/\/www.edf-re.com\/fr\/a-propos-de-nous\/qui-nous-sommes\/\" \/>\n<meta property=\"og:site_name\" content=\"EDF power solutions North America\" \/>\n<meta property=\"article:modified_time\" content=\"2026-03-13T15:59:14+00:00\" \/>\n<meta property=\"og:image\" content=\"https:\/\/www.edf-re.com\/wp-content\/uploads\/edf-logo.png\" \/>\n\t<meta property=\"og:image:width\" content=\"220\" \/>\n\t<meta property=\"og:image:height\" content=\"111\" \/>\n\t<meta property=\"og:image:type\" content=\"image\/png\" \/>\n<meta name=\"twitter:card\" content=\"summary_large_image\" \/>\n<meta name=\"twitter:label1\" content=\"Estimation du temps de lecture\" \/>\n\t<meta name=\"twitter:data1\" content=\"2 minutes\" \/>\n<script type=\"application\/ld+json\" class=\"yoast-schema-graph\">{\"@context\":\"https:\/\/schema.org\",\"@graph\":[{\"@type\":\"WebPage\",\"@id\":\"https:\/\/www.edf-re.com\/about-us\/who-we-are\/\",\"url\":\"https:\/\/www.edf-re.com\/about-us\/who-we-are\/\",\"name\":\"About EDF power solutions NA Projects | Wind Asset Management\",\"isPartOf\":{\"@id\":\"https:\/\/www.edf-re.com\/#website\"},\"primaryImageOfPage\":{\"@id\":\"https:\/\/www.edf-re.com\/about-us\/who-we-are\/#primaryimage\"},\"image\":{\"@id\":\"https:\/\/www.edf-re.com\/about-us\/who-we-are\/#primaryimage\"},\"thumbnailUrl\":\"https:\/\/www.edf-re.com\/wp-content\/uploads\/edf-logo.png\",\"datePublished\":\"2020-04-29T21:34:52+00:00\",\"dateModified\":\"2026-03-13T15:59:14+00:00\",\"description\":\"About EDF power solutions NA | EDF power solutions NA Power Producer | Solar Project Development, Wind Operations and Maintenance and Asset Management\",\"breadcrumb\":{\"@id\":\"https:\/\/www.edf-re.com\/about-us\/who-we-are\/#breadcrumb\"},\"inLanguage\":\"fr-CA\",\"potentialAction\":[{\"@type\":\"ReadAction\",\"target\":[\"https:\/\/www.edf-re.com\/about-us\/who-we-are\/\"]}]},{\"@type\":\"ImageObject\",\"inLanguage\":\"fr-CA\",\"@id\":\"https:\/\/www.edf-re.com\/about-us\/who-we-are\/#primaryimage\",\"url\":\"https:\/\/www.edf-re.com\/wp-content\/uploads\/edf-logo.png\",\"contentUrl\":\"https:\/\/www.edf-re.com\/wp-content\/uploads\/edf-logo.png\"},{\"@type\":\"BreadcrumbList\",\"@id\":\"https:\/\/www.edf-re.com\/about-us\/who-we-are\/#breadcrumb\",\"itemListElement\":[{\"@type\":\"ListItem\",\"position\":1,\"name\":\"Home\",\"item\":\"https:\/\/www.edf-re.com\/\"},{\"@type\":\"ListItem\",\"position\":2,\"name\":\"About Us\",\"item\":\"https:\/\/www.edf-re.com\/about-us\/\"},{\"@type\":\"ListItem\",\"position\":3,\"name\":\"Who We Are\"}]},{\"@type\":\"WebSite\",\"@id\":\"https:\/\/www.edf-re.com\/#website\",\"url\":\"https:\/\/www.edf-re.com\/\",\"name\":\"EDF power solutions North America\",\"description\":\"\",\"publisher\":{\"@id\":\"https:\/\/www.edf-re.com\/#organization\"},\"potentialAction\":[{\"@type\":\"SearchAction\",\"target\":{\"@type\":\"EntryPoint\",\"urlTemplate\":\"https:\/\/www.edf-re.com\/?s={search_term_string}\"},\"query-input\":{\"@type\":\"PropertyValueSpecification\",\"valueRequired\":true,\"valueName\":\"search_term_string\"}}],\"inLanguage\":\"fr-CA\"},{\"@type\":\"Organization\",\"@id\":\"https:\/\/www.edf-re.com\/#organization\",\"name\":\"EDF Renewables North America\",\"url\":\"https:\/\/www.edf-re.com\/\",\"logo\":{\"@type\":\"ImageObject\",\"inLanguage\":\"fr-CA\",\"@id\":\"https:\/\/www.edf-re.com\/#\/schema\/logo\/image\/\",\"url\":\"https:\/\/www.edf-re.com\/wp-content\/uploads\/edfr-logo-1.png\",\"contentUrl\":\"https:\/\/www.edf-re.com\/wp-content\/uploads\/edfr-logo-1.png\",\"width\":600,\"height\":291,\"caption\":\"EDF Renewables North America\"},\"image\":{\"@id\":\"https:\/\/www.edf-re.com\/#\/schema\/logo\/image\/\"}}]}<\/script>\n<!-- \/ Yoast SEO plugin. -->","yoast_head_json":{"title":"A propos d'EDF power solutions NA Projets | Gestion d'actifs \u00e9oliens","description":"A propos d'EDF power solutions NA | EDF power solutions NA Producteur d'\u00e9lectricit\u00e9 | D\u00e9veloppement de projets solaires, Exploitation et maintenance \u00e9olienne et Gestion d'actifs","robots":{"index":"index","follow":"follow","max-snippet":"max-snippet:-1","max-image-preview":"max-image-preview:large","max-video-preview":"max-video-preview:-1"},"canonical":"https:\/\/www.edf-re.com\/fr\/a-propos-de-nous\/qui-nous-sommes\/","og_locale":"fr_CA","og_type":"article","og_title":"About EDF power solutions NA Projects | Wind Asset Management","og_description":"About EDF power solutions NA | EDF power solutions NA Power Producer | Solar Project Development, Wind Operations and Maintenance and Asset Management","og_url":"https:\/\/www.edf-re.com\/fr\/a-propos-de-nous\/qui-nous-sommes\/","og_site_name":"EDF power solutions North America","article_modified_time":"2026-03-13T15:59:14+00:00","og_image":[{"width":220,"height":111,"url":"https:\/\/www.edf-re.com\/wp-content\/uploads\/edf-logo.png","type":"image\/png"}],"twitter_card":"summary_large_image","twitter_misc":{"Estimation du temps de lecture":"2 minutes"},"schema":{"@context":"https:\/\/schema.org","@graph":[{"@type":"WebPage","@id":"https:\/\/www.edf-re.com\/about-us\/who-we-are\/","url":"https:\/\/www.edf-re.com\/about-us\/who-we-are\/","name":"A propos d'EDF power solutions NA Projets | Gestion d'actifs \u00e9oliens","isPartOf":{"@id":"https:\/\/www.edf-re.com\/#website"},"primaryImageOfPage":{"@id":"https:\/\/www.edf-re.com\/about-us\/who-we-are\/#primaryimage"},"image":{"@id":"https:\/\/www.edf-re.com\/about-us\/who-we-are\/#primaryimage"},"thumbnailUrl":"https:\/\/www.edf-re.com\/wp-content\/uploads\/edf-logo.png","datePublished":"2020-04-29T21:34:52+00:00","dateModified":"2026-03-13T15:59:14+00:00","description":"A propos d'EDF power solutions NA | EDF power solutions NA Producteur d'\u00e9lectricit\u00e9 | D\u00e9veloppement de projets solaires, Exploitation et maintenance \u00e9olienne et Gestion d'actifs","breadcrumb":{"@id":"https:\/\/www.edf-re.com\/about-us\/who-we-are\/#breadcrumb"},"inLanguage":"fr-CA","potentialAction":[{"@type":"ReadAction","target":["https:\/\/www.edf-re.com\/about-us\/who-we-are\/"]}]},{"@type":"ImageObject","inLanguage":"fr-CA","@id":"https:\/\/www.edf-re.com\/about-us\/who-we-are\/#primaryimage","url":"https:\/\/www.edf-re.com\/wp-content\/uploads\/edf-logo.png","contentUrl":"https:\/\/www.edf-re.com\/wp-content\/uploads\/edf-logo.png"},{"@type":"BreadcrumbList","@id":"https:\/\/www.edf-re.com\/about-us\/who-we-are\/#breadcrumb","itemListElement":[{"@type":"ListItem","position":1,"name":"Home","item":"https:\/\/www.edf-re.com\/"},{"@type":"ListItem","position":2,"name":"About Us","item":"https:\/\/www.edf-re.com\/about-us\/"},{"@type":"ListItem","position":3,"name":"Who We Are"}]},{"@type":"WebSite","@id":"https:\/\/www.edf-re.com\/#website","url":"https:\/\/www.edf-re.com\/","name":"EDF power solutions Am\u00e9rique du Nord","description":"","publisher":{"@id":"https:\/\/www.edf-re.com\/#organization"},"potentialAction":[{"@type":"SearchAction","target":{"@type":"EntryPoint","urlTemplate":"https:\/\/www.edf-re.com\/?s={search_term_string}"},"query-input":{"@type":"PropertyValueSpecification","valueRequired":true,"valueName":"search_term_string"}}],"inLanguage":"fr-CA"},{"@type":"Organization","@id":"https:\/\/www.edf-re.com\/#organization","name":"EDF Renewables Am\u00e9rique du Nord","url":"https:\/\/www.edf-re.com\/","logo":{"@type":"ImageObject","inLanguage":"fr-CA","@id":"https:\/\/www.edf-re.com\/#\/schema\/logo\/image\/","url":"https:\/\/www.edf-re.com\/wp-content\/uploads\/edfr-logo-1.png","contentUrl":"https:\/\/www.edf-re.com\/wp-content\/uploads\/edfr-logo-1.png","width":600,"height":291,"caption":"EDF Renewables North America"},"image":{"@id":"https:\/\/www.edf-re.com\/#\/schema\/logo\/image\/"}}]}},"_links":{"self":[{"href":"https:\/\/www.edf-re.com\/fr\/wp-json\/wp\/v2\/pages\/234","targetHints":{"allow":["GET"]}}],"collection":[{"href":"https:\/\/www.edf-re.com\/fr\/wp-json\/wp\/v2\/pages"}],"about":[{"href":"https:\/\/www.edf-re.com\/fr\/wp-json\/wp\/v2\/types\/page"}],"author":[{"embeddable":true,"href":"https:\/\/www.edf-re.com\/fr\/wp-json\/wp\/v2\/users\/1"}],"replies":[{"embeddable":true,"href":"https:\/\/www.edf-re.com\/fr\/wp-json\/wp\/v2\/comments?post=234"}],"version-history":[{"count":9,"href":"https:\/\/www.edf-re.com\/fr\/wp-json\/wp\/v2\/pages\/234\/revisions"}],"predecessor-version":[{"id":11245,"href":"https:\/\/www.edf-re.com\/fr\/wp-json\/wp\/v2\/pages\/234\/revisions\/11245"}],"up":[{"embeddable":true,"href":"https:\/\/www.edf-re.com\/fr\/wp-json\/wp\/v2\/pages\/232"}],"wp:attachment":[{"href":"https:\/\/www.edf-re.com\/fr\/wp-json\/wp\/v2\/media?parent=234"}],"curies":[{"name":"wp","href":"https:\/\/api.w.org\/{rel}","templated":true}]}}