{"id":240,"date":"2020-04-29T14:35:54","date_gmt":"2020-04-29T21:35:54","guid":{"rendered":"https:\/\/www.edf-re.com\/?page_id=240"},"modified":"2026-03-03T08:20:29","modified_gmt":"2026-03-03T16:20:29","slug":"csr","status":"publish","type":"page","link":"https:\/\/www.edf-re.com\/fr\/a-propos-de-nous\/csr\/","title":{"rendered":"Responsabilit\u00e9 sociale des entreprises"},"content":{"rendered":"<div id=\"pl-240\"  class=\"panel-layout\" ><div id=\"pg-240-0\"  class=\"panel-grid panel-no-style\" ><div id=\"pgc-240-0-0\"  class=\"panel-grid-cell\" ><div id=\"panel-240-0-0-0\" class=\"so-panel widget widget_sow-editor panel-first-child panel-last-child\" data-index=\"0\" ><div\n\t\t\t\n\t\t\tclass=\"so-widget-sow-editor so-widget-sow-editor-base\"\n\t\t\t\n\t\t>\n<div class=\"siteorigin-widget-tinymce textwidget\">\n\t<p class=\"medium-font\"><span style=\"color: #09357a;\"><strong>Depuis 1987, EDF power solutions s\u2019engage \u00e0 cr\u00e9er une \u00e9conomie \u00e9nerg\u00e9tique durable.<\/strong> Nous y sommes parvenus en construisant et en exploitant des projets de production d\u2019\u00e9nergie \u00e0 faibles \u00e9missions de carbone partout en Am\u00e9rique du Nord.<\/span><\/p>\n<p>Ce qui contribue \u00e0 nous d\u00e9finir, c'est notre engagement envers les communaut\u00e9s au sein desquelles nous op\u00e9rons. La durabilit\u00e9 et la responsabilit\u00e9 sociale des entreprises (RSE) sont au c\u0153ur de chaque projet.<\/p>\n<p>Nos efforts en mati\u00e8re de RSE ne se d\u00e9roulent pas de mani\u00e8re isol\u00e9e\u00a0; ils font partie de notre ADN d'entreprise. Nous pensons que le monde de l\u2019\u00e9nergie est en pleine \u00e9volution et que les clients s\u2019impliquent de plus en plus dans tous les aspects de l\u2019entreprise. La transparence et l\u2019engagement avec les parties prenantes de la communaut\u00e9 font partie int\u00e9grante du processus.<\/p>\n<\/div>\n<\/div><\/div><\/div><div id=\"pgc-240-0-1\"  class=\"panel-grid-cell\" ><div class=\"panel-cell-style panel-cell-style-for-240-0-1\" ><div id=\"panel-240-0-1-0\" class=\"so-panel widget widget_flipbook-callout flipbook-callout-widget panel-first-child panel-last-child\" data-index=\"1\" ><div\n\t\t\t\n\t\t\tclass=\"so-widget-flipbook-callout so-widget-flipbook-callout-default-d75171398898-240\"\n\t\t\t\n\t\t><div class=\"content\">\n\t\t\t<div class=\"heading\">\n\t\t\tRapport sur la durabilit\u00e9 - Exercice 2024\t\t<\/div><!-- .heading -->\n\t\t\t\t<div class=\"description\">\n\t\t\tNous croyons en un avenir \u00e9nerg\u00e9tique durable. De l'am\u00e9lioration des indicateurs de gestion des d\u00e9chets \u00e0 la prolif\u00e9ration de la biodiversit\u00e9, nos objectifs de responsabilit\u00e9 sociale d'entreprise nous permettent de traduire cette conviction en actions. D\u00e9couvrez toutes nos avanc\u00e9es dans le rapport de d\u00e9veloppement durable complet pour l'exercice 2024.\t\t<\/div><!-- .description -->\n\t\t\t\t<div class=\"link\">\n\t\t\t<a href=\"https:\/\/www.edf-re.com\/flipbook\/10981\" class=\"button medium-green\" target=\"_blank\">Cliquer pour lire le rapport<\/a>\n\t\t<\/div><!-- .link -->\n\t\t<\/div><!-- .content -->\n\t\t<div class=\"flipbook\">\n\t\t\t<a href=\"https:\/\/www.edf-re.com\/flipbook\/10981\" target=\"_blank\">\n\t\t\t\t<img decoding=\"async\" src=\"https:\/\/www.edf-re.com\/wp-content\/uploads\/ESG-Report-Cover-e1754496345592.png\">\n\t\t\t<\/a>\n\t\t<\/div><!-- .flipbook -->\n\t\t<\/div><\/div><\/div><\/div><\/div><div id=\"pg-240-1\"  class=\"panel-grid panel-no-style\" ><div id=\"pgc-240-1-0\"  class=\"panel-grid-cell\" ><div id=\"panel-240-1-0-0\" class=\"so-panel widget widget_sow-editor panel-first-child panel-last-child\" data-index=\"2\" ><div\n\t\t\t\n\t\t\tclass=\"so-widget-sow-editor so-widget-sow-editor-base\"\n\t\t\t\n\t\t>\n<div class=\"siteorigin-widget-tinymce textwidget\">\n\t<h3 class=\"medium-font\" style=\"text-align: center;\"><span style=\"color: #09357a;\"><b>Nos engagements RSE<\/b><\/span><\/h3>\n<p class=\"translation-block\">En tant que groupe EDF, \u00e9lectricien responsable et promoteur d'une croissance bas carbone, nous sommes guid\u00e9s par des <a href=\"https:\/\/www.edf.fr\/en\/the-edf-group\/taking-action-as-a-responsible-company\/corporate-social-responsibility\" target=\"_blank\" rel=\"noopener\">objectifs RSE<\/a> qui refl\u00e8tent notre engagement \u00e0 travailler en \u00e9troite collaboration avec nos clients et les communaut\u00e9s au sein desquelles nous op\u00e9rons, tout en contribuant aux objectifs de d\u00e9veloppement durable de l'ONU prioritaires pour le secteur de l'\u00e9lectricit\u00e9.<\/p>\n<\/div>\n<\/div><\/div><\/div><\/div><div id=\"pg-240-2\"  class=\"panel-grid panel-no-style\" ><div id=\"pgc-240-2-0\"  class=\"panel-grid-cell\" ><div id=\"panel-240-2-0-0\" class=\"so-panel widget widget_sow-editor panel-first-child panel-last-child\" data-index=\"3\" ><div\n\t\t\t\n\t\t\tclass=\"so-widget-sow-editor so-widget-sow-editor-base\"\n\t\t\t\n\t\t>\n<div class=\"siteorigin-widget-tinymce textwidget\">\n\t<p class=\"medium-font\"><span style=\"color: #09357a;\"><strong><img loading=\"lazy\" decoding=\"async\" class=\"alignnone size-medium wp-image-11052 aligncenter\" src=\"https:\/\/www.edf-re.com\/wp-content\/uploads\/ArrowCanyon_Construction_Turbine-300x200.png\" alt=\"\" width=\"300\" height=\"200\" srcset=\"https:\/\/www.edf-re.com\/wp-content\/uploads\/ArrowCanyon_Construction_Turbine-300x200.png 300w, https:\/\/www.edf-re.com\/wp-content\/uploads\/ArrowCanyon_Construction_Turbine-18x12.png 18w, https:\/\/www.edf-re.com\/wp-content\/uploads\/ArrowCanyon_Construction_Turbine-360x240.png 360w, https:\/\/www.edf-re.com\/wp-content\/uploads\/ArrowCanyon_Construction_Turbine.png 400w\" sizes=\"auto, (max-width: 300px) 100vw, 300px\" \/><\/strong><\/span><\/p>\n<p class=\"medium-font\" style=\"text-align: center;\"><span style=\"color: #09357a;\"><strong>Construire le syst\u00e8me \u00e9lectrique de demain<\/strong>\u00a0<\/span><\/p>\n<ul>\n<li>Cibler des objectifs ambitieux en mati\u00e8re d'\u00e9missions d'ici 2050.<\/li>\n<li>Soutenir les clients et les communaut\u00e9s avec des solutions d'\u00e9lectrification innovantes.<\/li>\n<li>D\u00e9carboniser le bouquet \u00e9nerg\u00e9tique gr\u00e2ce \u00e0 des sources d'\u00e9lectricit\u00e9 \u00e0 faible \u00e9mission de carbone.<\/li>\n<li>D\u00e9velopper les infrastructures de r\u00e9seau et les solutions flexibles pour acc\u00e9l\u00e9rer la transition \u00e9nerg\u00e9tique.<\/li>\n<\/ul>\n<\/div>\n<\/div><\/div><\/div><div id=\"pgc-240-2-1\"  class=\"panel-grid-cell\" ><div id=\"panel-240-2-1-0\" class=\"so-panel widget widget_sow-editor panel-first-child panel-last-child\" data-index=\"4\" ><div\n\t\t\t\n\t\t\tclass=\"so-widget-sow-editor so-widget-sow-editor-base\"\n\t\t\t\n\t\t>\n<div class=\"siteorigin-widget-tinymce textwidget\">\n\t<p class=\"medium-font\"><span style=\"color: #09357a;\"><strong><img loading=\"lazy\" decoding=\"async\" class=\"alignnone size-medium wp-image-11053 aligncenter\" src=\"https:\/\/www.edf-re.com\/wp-content\/uploads\/MonarchButterfly_Solar_iStock-1033909626-300x200.png\" alt=\"\" width=\"300\" height=\"200\" srcset=\"https:\/\/www.edf-re.com\/wp-content\/uploads\/MonarchButterfly_Solar_iStock-1033909626-300x200.png 300w, https:\/\/www.edf-re.com\/wp-content\/uploads\/MonarchButterfly_Solar_iStock-1033909626-18x12.png 18w, https:\/\/www.edf-re.com\/wp-content\/uploads\/MonarchButterfly_Solar_iStock-1033909626-360x240.png 360w, https:\/\/www.edf-re.com\/wp-content\/uploads\/MonarchButterfly_Solar_iStock-1033909626.png 400w\" sizes=\"auto, (max-width: 300px) 100vw, 300px\" \/><\/strong><\/span><\/p>\n<p class=\"medium-font\" style=\"text-align: center;\"><span style=\"color: #09357a;\"><strong>S'inscrire dans les limites plan\u00e9taires<\/strong>\u00a0<\/span><\/p>\n<ul>\n<li>Renforcer la r\u00e9silience de nos activit\u00e9s locales face au changement climatique.<\/li>\n<li>Restaurer et pr\u00e9server la biodiversit\u00e9 pour minimiser l'impact sur les \u00e9cosyst\u00e8mes.<\/li>\n<li>G\u00e9rer durablement l'eau, une ressource essentielle.<\/li>\n<li>S'engager dans une \u00e9conomie circulaire pour optimiser et g\u00e9rer de mani\u00e8re \u00e9thique les mat\u00e9riaux et les d\u00e9chets.<\/li>\n<\/ul>\n<\/div>\n<\/div><\/div><\/div><div id=\"pgc-240-2-2\"  class=\"panel-grid-cell\" ><div id=\"panel-240-2-2-0\" class=\"so-panel widget widget_sow-editor panel-first-child panel-last-child\" data-index=\"5\" ><div\n\t\t\t\n\t\t\tclass=\"so-widget-sow-editor so-widget-sow-editor-base\"\n\t\t\t\n\t\t>\n<div class=\"siteorigin-widget-tinymce textwidget\">\n\t<p class=\"medium-font\"><span style=\"color: #09357a;\"><strong><img loading=\"lazy\" decoding=\"async\" class=\"alignnone size-medium wp-image-11051 aligncenter\" src=\"https:\/\/www.edf-re.com\/wp-content\/uploads\/SolarTechGreen-300x200.png\" alt=\"\" width=\"300\" height=\"200\" srcset=\"https:\/\/www.edf-re.com\/wp-content\/uploads\/SolarTechGreen-300x200.png 300w, https:\/\/www.edf-re.com\/wp-content\/uploads\/SolarTechGreen-18x12.png 18w, https:\/\/www.edf-re.com\/wp-content\/uploads\/SolarTechGreen-360x240.png 360w, https:\/\/www.edf-re.com\/wp-content\/uploads\/SolarTechGreen.png 400w\" sizes=\"auto, (max-width: 300px) 100vw, 300px\" \/><\/strong><\/span><\/p>\n<p class=\"medium-font\" style=\"text-align: center;\"><span style=\"color: #09357a;\"><strong>Agir pour une transition juste<\/strong>\u00a0<\/span><\/p>\n<ul>\n<li>Assurer la sant\u00e9, la s\u00e9curit\u00e9 et le bien-\u00eatre de chaque collaborateur et partenaire d'EDF.<\/li>\n<li>Promouvoir l'accessibilit\u00e9 de l'\u00e9nergie \u00e0 un prix abordable pour tous.<\/li>\n<li>D\u00e9fendre les droits de la personne afin de favoriser des impacts positifs significatifs sur notre cha\u00eene de valeur.<\/li>\n<li>Renforcer les \u00e9conomies locales dans les communaut\u00e9s o\u00f9 nous op\u00e9rons.<\/li>\n<\/ul>\n<\/div>\n<\/div><\/div><\/div><\/div><div id=\"pg-240-3\"  class=\"panel-grid panel-no-style\" ><div id=\"pgc-240-3-0\"  class=\"panel-grid-cell\" ><div id=\"panel-240-3-0-0\" class=\"so-panel widget widget_separator separator-widget panel-first-child panel-last-child\" data-index=\"6\" ><div\n\t\t\t\n\t\t\tclass=\"so-widget-separator so-widget-separator-default-d75171398898-240\"\n\t\t\t\n\t\t>\t<hr>\n\t<\/div><\/div><\/div><\/div><div id=\"pg-240-4\"  class=\"panel-grid panel-no-style\" ><div id=\"pgc-240-4-0\"  class=\"panel-grid-cell\" ><div id=\"panel-240-4-0-0\" class=\"so-panel widget widget_sow-editor panel-first-child panel-last-child\" data-index=\"7\" ><div\n\t\t\t\n\t\t\tclass=\"so-widget-sow-editor so-widget-sow-editor-base\"\n\t\t\t\n\t\t>\n<div class=\"siteorigin-widget-tinymce textwidget\">\n\t<h4 style=\"text-align: center;\">Lire nos \u00e9tudes de cas<\/h4>\n<\/div>\n<\/div><\/div><\/div><\/div><div id=\"pg-240-5\"  class=\"panel-grid panel-has-style\" ><div class=\"panel-row-style panel-row-style-for-240-5\" ><div id=\"pgc-240-5-0\"  class=\"panel-grid-cell\" ><div id=\"panel-240-5-0-0\" class=\"so-panel widget widget_flipbook flipbook-widget panel-first-child panel-last-child\" data-index=\"8\" ><div\n\t\t\t\n\t\t\tclass=\"so-widget-flipbook so-widget-flipbook-default-d75171398898-240\"\n\t\t\t\n\t\t>\t\t<div class=\"flipbook\">\n\t\t\t<a href=\"https:\/\/www.edf-re.com\/flipbook\/11216\" target=\"_blank\">\n\t\t\t\t<img decoding=\"async\" src=\"https:\/\/www.edf-re.com\/wp-content\/uploads\/CSR-Sapelo.jpg\">\n\n\t\t\t\t<div class=\"overlay\">\n\t\t\t\t\t<i class=\"fa-regular fa-external-link\"><\/i>\n\t\t\t\t<\/div><!-- .overlay -->\n\t\t\t<\/a>\n\t\t<\/div><!-- .flipbook -->\n\t\t<\/div><\/div><\/div><div id=\"pgc-240-5-1\"  class=\"panel-grid-cell\" ><div id=\"panel-240-5-1-0\" class=\"so-panel widget widget_flipbook flipbook-widget panel-first-child panel-last-child\" data-index=\"9\" ><div\n\t\t\t\n\t\t\tclass=\"so-widget-flipbook so-widget-flipbook-default-d75171398898-240\"\n\t\t\t\n\t\t>\t\t<div class=\"flipbook\">\n\t\t\t<a href=\"https:\/\/www.edf-re.com\/flipbook\/11205\" target=\"_blank\">\n\t\t\t\t<img decoding=\"async\" src=\"https:\/\/www.edf-re.com\/wp-content\/uploads\/CSR-Arnprior.jpg\">\n\n\t\t\t\t<div class=\"overlay\">\n\t\t\t\t\t<i class=\"fa-regular fa-external-link\"><\/i>\n\t\t\t\t<\/div><!-- .overlay -->\n\t\t\t<\/a>\n\t\t<\/div><!-- .flipbook -->\n\t\t<\/div><\/div><\/div><\/div><\/div><\/div>","protected":false},"excerpt":{"rendered":"<p>Depuis 1987, EDF power solutions consacre ses efforts \u00e0 la cr\u00e9ation d'une \u00e9conomie \u00e9nerg\u00e9tique durable. Nous y sommes parvenus en construisant et en exploitant des projets de production d'\u00e9nergie \u00e0 faible \u00e9mission de carbone dans toute l'Am\u00e9rique du Nord. Ce qui contribue \u00e0 nous d\u00e9finir, c'est notre engagement envers les communaut\u00e9s dans lesquelles nous op\u00e9rons. Au c\u0153ur de chaque projet se trouvent le d\u00e9veloppement durable et l'engagement social de l'entreprise [...]<\/p>","protected":false},"author":1,"featured_media":0,"parent":232,"menu_order":8,"comment_status":"closed","ping_status":"closed","template":"","meta":{"_acf_changed":false,"footnotes":""},"class_list":["post-240","page","type-page","status-publish","hentry"],"acf":[],"yoast_head":"<!-- This site is optimized with the Yoast SEO plugin v26.8 - https:\/\/yoast.com\/product\/yoast-seo-wordpress\/ -->\n<title>Corporate Social Responsibility from EDF power solutions NA | CSR of EDFps<\/title>\n<meta name=\"description\" content=\"Corporate Social Responsibility from EDF power solutions NA | Building operating solar energy projects | Wind Energy project development | CSR from EDF Corporate\" \/>\n<meta name=\"robots\" content=\"index, follow, max-snippet:-1, max-image-preview:large, max-video-preview:-1\" \/>\n<link rel=\"canonical\" href=\"https:\/\/www.edf-re.com\/fr\/a-propos-de-nous\/csr\/\" \/>\n<meta property=\"og:locale\" content=\"fr_CA\" \/>\n<meta property=\"og:type\" content=\"article\" \/>\n<meta property=\"og:title\" content=\"Corporate Social Responsibility from EDF power solutions NA | CSR of EDFps\" \/>\n<meta property=\"og:description\" content=\"Corporate Social Responsibility from EDF power solutions NA | Building operating solar energy projects | Wind Energy project development | CSR from EDF Corporate\" \/>\n<meta property=\"og:url\" content=\"https:\/\/www.edf-re.com\/fr\/a-propos-de-nous\/csr\/\" \/>\n<meta property=\"og:site_name\" content=\"EDF power solutions North America\" \/>\n<meta property=\"article:modified_time\" content=\"2026-03-03T16:20:29+00:00\" \/>\n<meta property=\"og:image\" content=\"https:\/\/www.edf-re.com\/wp-content\/uploads\/ArrowCanyon_Construction_Turbine-300x200.png\" \/>\n<meta name=\"twitter:card\" content=\"summary_large_image\" \/>\n<meta name=\"twitter:label1\" content=\"Estimation du temps de lecture\" \/>\n\t<meta name=\"twitter:data1\" content=\"3 minutes\" \/>\n<script type=\"application\/ld+json\" class=\"yoast-schema-graph\">{\"@context\":\"https:\/\/schema.org\",\"@graph\":[{\"@type\":\"WebPage\",\"@id\":\"https:\/\/www.edf-re.com\/about-us\/csr\/\",\"url\":\"https:\/\/www.edf-re.com\/about-us\/csr\/\",\"name\":\"Corporate Social Responsibility from EDF power solutions NA | CSR of EDFps\",\"isPartOf\":{\"@id\":\"https:\/\/www.edf-re.com\/#website\"},\"primaryImageOfPage\":{\"@id\":\"https:\/\/www.edf-re.com\/about-us\/csr\/#primaryimage\"},\"image\":{\"@id\":\"https:\/\/www.edf-re.com\/about-us\/csr\/#primaryimage\"},\"thumbnailUrl\":\"https:\/\/www.edf-re.com\/wp-content\/uploads\/ArrowCanyon_Construction_Turbine-300x200.png\",\"datePublished\":\"2020-04-29T21:35:54+00:00\",\"dateModified\":\"2026-03-03T16:20:29+00:00\",\"description\":\"Corporate Social Responsibility from EDF power solutions NA | Building operating solar energy projects | Wind Energy project development | CSR from EDF Corporate\",\"breadcrumb\":{\"@id\":\"https:\/\/www.edf-re.com\/about-us\/csr\/#breadcrumb\"},\"inLanguage\":\"fr-CA\",\"potentialAction\":[{\"@type\":\"ReadAction\",\"target\":[\"https:\/\/www.edf-re.com\/about-us\/csr\/\"]}]},{\"@type\":\"ImageObject\",\"inLanguage\":\"fr-CA\",\"@id\":\"https:\/\/www.edf-re.com\/about-us\/csr\/#primaryimage\",\"url\":\"https:\/\/www.edf-re.com\/wp-content\/uploads\/ArrowCanyon_Construction_Turbine-300x200.png\",\"contentUrl\":\"https:\/\/www.edf-re.com\/wp-content\/uploads\/ArrowCanyon_Construction_Turbine-300x200.png\"},{\"@type\":\"BreadcrumbList\",\"@id\":\"https:\/\/www.edf-re.com\/about-us\/csr\/#breadcrumb\",\"itemListElement\":[{\"@type\":\"ListItem\",\"position\":1,\"name\":\"Home\",\"item\":\"https:\/\/www.edf-re.com\/\"},{\"@type\":\"ListItem\",\"position\":2,\"name\":\"About Us\",\"item\":\"https:\/\/www.edf-re.com\/about-us\/\"},{\"@type\":\"ListItem\",\"position\":3,\"name\":\"Corporate Social Responsibility\"}]},{\"@type\":\"WebSite\",\"@id\":\"https:\/\/www.edf-re.com\/#website\",\"url\":\"https:\/\/www.edf-re.com\/\",\"name\":\"EDF power solutions North America\",\"description\":\"\",\"publisher\":{\"@id\":\"https:\/\/www.edf-re.com\/#organization\"},\"potentialAction\":[{\"@type\":\"SearchAction\",\"target\":{\"@type\":\"EntryPoint\",\"urlTemplate\":\"https:\/\/www.edf-re.com\/?s={search_term_string}\"},\"query-input\":{\"@type\":\"PropertyValueSpecification\",\"valueRequired\":true,\"valueName\":\"search_term_string\"}}],\"inLanguage\":\"fr-CA\"},{\"@type\":\"Organization\",\"@id\":\"https:\/\/www.edf-re.com\/#organization\",\"name\":\"EDF Renewables North America\",\"url\":\"https:\/\/www.edf-re.com\/\",\"logo\":{\"@type\":\"ImageObject\",\"inLanguage\":\"fr-CA\",\"@id\":\"https:\/\/www.edf-re.com\/#\/schema\/logo\/image\/\",\"url\":\"https:\/\/www.edf-re.com\/wp-content\/uploads\/edfr-logo-1.png\",\"contentUrl\":\"https:\/\/www.edf-re.com\/wp-content\/uploads\/edfr-logo-1.png\",\"width\":600,\"height\":291,\"caption\":\"EDF Renewables North America\"},\"image\":{\"@id\":\"https:\/\/www.edf-re.com\/#\/schema\/logo\/image\/\"}}]}<\/script>\n<!-- \/ Yoast SEO plugin. -->","yoast_head_json":{"title":"Responsabilit\u00e9 sociale de l'entreprise d'EDF power solutions NA | RSE d'EDFps","description":"Responsabilit\u00e9 sociale de l'entreprise d'EDF power solutions NA | Construction de projets d'\u00e9nergie solaire en exploitation | D\u00e9veloppement de projets d'\u00e9nergie \u00e9olienne | RSE d'EDF Corporate","robots":{"index":"index","follow":"follow","max-snippet":"max-snippet:-1","max-image-preview":"max-image-preview:large","max-video-preview":"max-video-preview:-1"},"canonical":"https:\/\/www.edf-re.com\/fr\/a-propos-de-nous\/csr\/","og_locale":"fr_CA","og_type":"article","og_title":"Corporate Social Responsibility from EDF power solutions NA | CSR of EDFps","og_description":"Corporate Social Responsibility from EDF power solutions NA | Building operating solar energy projects | Wind Energy project development | CSR from EDF Corporate","og_url":"https:\/\/www.edf-re.com\/fr\/a-propos-de-nous\/csr\/","og_site_name":"EDF power solutions North America","article_modified_time":"2026-03-03T16:20:29+00:00","og_image":[{"url":"https:\/\/www.edf-re.com\/wp-content\/uploads\/ArrowCanyon_Construction_Turbine-300x200.png","type":"","width":"","height":""}],"twitter_card":"summary_large_image","twitter_misc":{"Estimation du temps de lecture":"3 minutes"},"schema":{"@context":"https:\/\/schema.org","@graph":[{"@type":"WebPage","@id":"https:\/\/www.edf-re.com\/about-us\/csr\/","url":"https:\/\/www.edf-re.com\/about-us\/csr\/","name":"Responsabilit\u00e9 sociale de l'entreprise d'EDF power solutions NA | RSE d'EDFps","isPartOf":{"@id":"https:\/\/www.edf-re.com\/#website"},"primaryImageOfPage":{"@id":"https:\/\/www.edf-re.com\/about-us\/csr\/#primaryimage"},"image":{"@id":"https:\/\/www.edf-re.com\/about-us\/csr\/#primaryimage"},"thumbnailUrl":"https:\/\/www.edf-re.com\/wp-content\/uploads\/ArrowCanyon_Construction_Turbine-300x200.png","datePublished":"2020-04-29T21:35:54+00:00","dateModified":"2026-03-03T16:20:29+00:00","description":"Responsabilit\u00e9 sociale de l'entreprise d'EDF power solutions NA | Construction de projets d'\u00e9nergie solaire en exploitation | D\u00e9veloppement de projets d'\u00e9nergie \u00e9olienne | RSE d'EDF Corporate","breadcrumb":{"@id":"https:\/\/www.edf-re.com\/about-us\/csr\/#breadcrumb"},"inLanguage":"fr-CA","potentialAction":[{"@type":"ReadAction","target":["https:\/\/www.edf-re.com\/about-us\/csr\/"]}]},{"@type":"ImageObject","inLanguage":"fr-CA","@id":"https:\/\/www.edf-re.com\/about-us\/csr\/#primaryimage","url":"https:\/\/www.edf-re.com\/wp-content\/uploads\/ArrowCanyon_Construction_Turbine-300x200.png","contentUrl":"https:\/\/www.edf-re.com\/wp-content\/uploads\/ArrowCanyon_Construction_Turbine-300x200.png"},{"@type":"BreadcrumbList","@id":"https:\/\/www.edf-re.com\/about-us\/csr\/#breadcrumb","itemListElement":[{"@type":"ListItem","position":1,"name":"Home","item":"https:\/\/www.edf-re.com\/"},{"@type":"ListItem","position":2,"name":"About Us","item":"https:\/\/www.edf-re.com\/about-us\/"},{"@type":"ListItem","position":3,"name":"Corporate Social Responsibility"}]},{"@type":"WebSite","@id":"https:\/\/www.edf-re.com\/#website","url":"https:\/\/www.edf-re.com\/","name":"EDF power solutions Am\u00e9rique du Nord","description":"","publisher":{"@id":"https:\/\/www.edf-re.com\/#organization"},"potentialAction":[{"@type":"SearchAction","target":{"@type":"EntryPoint","urlTemplate":"https:\/\/www.edf-re.com\/?s={search_term_string}"},"query-input":{"@type":"PropertyValueSpecification","valueRequired":true,"valueName":"search_term_string"}}],"inLanguage":"fr-CA"},{"@type":"Organization","@id":"https:\/\/www.edf-re.com\/#organization","name":"EDF Renewables Am\u00e9rique du Nord","url":"https:\/\/www.edf-re.com\/","logo":{"@type":"ImageObject","inLanguage":"fr-CA","@id":"https:\/\/www.edf-re.com\/#\/schema\/logo\/image\/","url":"https:\/\/www.edf-re.com\/wp-content\/uploads\/edfr-logo-1.png","contentUrl":"https:\/\/www.edf-re.com\/wp-content\/uploads\/edfr-logo-1.png","width":600,"height":291,"caption":"EDF Renewables North America"},"image":{"@id":"https:\/\/www.edf-re.com\/#\/schema\/logo\/image\/"}}]}},"_links":{"self":[{"href":"https:\/\/www.edf-re.com\/fr\/wp-json\/wp\/v2\/pages\/240","targetHints":{"allow":["GET"]}}],"collection":[{"href":"https:\/\/www.edf-re.com\/fr\/wp-json\/wp\/v2\/pages"}],"about":[{"href":"https:\/\/www.edf-re.com\/fr\/wp-json\/wp\/v2\/types\/page"}],"author":[{"embeddable":true,"href":"https:\/\/www.edf-re.com\/fr\/wp-json\/wp\/v2\/users\/1"}],"replies":[{"embeddable":true,"href":"https:\/\/www.edf-re.com\/fr\/wp-json\/wp\/v2\/comments?post=240"}],"version-history":[{"count":8,"href":"https:\/\/www.edf-re.com\/fr\/wp-json\/wp\/v2\/pages\/240\/revisions"}],"predecessor-version":[{"id":11218,"href":"https:\/\/www.edf-re.com\/fr\/wp-json\/wp\/v2\/pages\/240\/revisions\/11218"}],"up":[{"embeddable":true,"href":"https:\/\/www.edf-re.com\/fr\/wp-json\/wp\/v2\/pages\/232"}],"wp:attachment":[{"href":"https:\/\/www.edf-re.com\/fr\/wp-json\/wp\/v2\/media?parent=240"}],"curies":[{"name":"wp","href":"https:\/\/api.w.org\/{rel}","templated":true}]}}