{"id":3872,"date":"2020-12-09T16:28:56","date_gmt":"2020-12-09T21:28:56","guid":{"rendered":"https:\/\/www.edf-re.com\/?page_id=3872"},"modified":"2025-12-17T11:25:07","modified_gmt":"2025-12-17T19:25:07","slug":"joyeuses-fetes","status":"publish","type":"page","link":"https:\/\/www.edf-re.com\/fr\/joyeuses-fetes\/","title":{"rendered":"EDF solutions \u00e9lectriques vous souhaite de joyeuses F\u00eates !"},"content":{"rendered":"<\/p>\n<div style=\"width: 1920px;\" class=\"wp-video\"><video class=\"wp-video-shortcode\" id=\"video-3872-1\" width=\"1920\" height=\"1080\" poster=\"https:\/\/www.edf-re.com\/wp-content\/uploads\/2025SeasonsGreetings_FR.png\" autoplay preload=\"metadata\" controls=\"controls\"><source type=\"video\/mp4\" src=\"https:\/\/www.edf-re.com\/wp-content\/uploads\/2025SeasonsGreetings_FR.mp4?_=1\" \/><a href=\"https:\/\/www.edf-re.com\/wp-content\/uploads\/2025SeasonsGreetings_FR.mp4\">https:\/\/www.edf-re.com\/wp-content\/uploads\/2025SeasonsGreetings_FR.mp4<\/a><\/video><\/div>\n<p><\/p>","protected":false},"excerpt":{"rendered":"","protected":false},"author":1,"featured_media":0,"parent":0,"menu_order":23,"comment_status":"closed","ping_status":"closed","template":"boxed.php","meta":{"_acf_changed":false,"footnotes":""},"class_list":["post-3872","page","type-page","status-publish","hentry"],"acf":[],"yoast_head":"<!-- This site is optimized with the Yoast SEO plugin v26.8 - https:\/\/yoast.com\/product\/yoast-seo-wordpress\/ -->\n<title>Happy Holidays from EDF energy solutions North America<\/title>\n<meta name=\"description\" content=\"Happy Holidays from EDF power solutions North America | EDFps in North America\" \/>\n<meta name=\"robots\" content=\"index, follow, max-snippet:-1, max-image-preview:large, max-video-preview:-1\" \/>\n<link rel=\"canonical\" href=\"https:\/\/www.edf-re.com\/fr\/joyeuses-fetes\/\" \/>\n<meta property=\"og:locale\" content=\"fr_CA\" \/>\n<meta property=\"og:type\" content=\"article\" \/>\n<meta property=\"og:title\" content=\"Happy Holidays from EDF energy solutions North America\" \/>\n<meta property=\"og:description\" content=\"Happy Holidays from EDF power solutions North America | EDFps in North America\" \/>\n<meta property=\"og:url\" content=\"https:\/\/www.edf-re.com\/fr\/joyeuses-fetes\/\" \/>\n<meta property=\"og:site_name\" content=\"EDF power solutions North America\" \/>\n<meta property=\"article:modified_time\" content=\"2025-12-17T19:25:07+00:00\" \/>\n<meta property=\"og:image\" content=\"https:\/\/www.edf-re.com\/wp-content\/uploads\/logo_edf_power_solutions_RGB-no-buffer-zone.png\" \/>\n\t<meta property=\"og:image:width\" content=\"2000\" \/>\n\t<meta property=\"og:image:height\" content=\"702\" \/>\n\t<meta property=\"og:image:type\" content=\"image\/png\" \/>\n<meta name=\"twitter:card\" content=\"summary_large_image\" \/>\n<meta name=\"twitter:label1\" content=\"Estimation du temps de lecture\" \/>\n\t<meta name=\"twitter:data1\" content=\"1 minute\" \/>\n<script type=\"application\/ld+json\" class=\"yoast-schema-graph\">{\"@context\":\"https:\/\/schema.org\",\"@graph\":[{\"@type\":\"WebPage\",\"@id\":\"https:\/\/www.edf-re.com\/happy-holidays\/\",\"url\":\"https:\/\/www.edf-re.com\/happy-holidays\/\",\"name\":\"Happy Holidays from EDF energy solutions North America\",\"isPartOf\":{\"@id\":\"https:\/\/www.edf-re.com\/#website\"},\"datePublished\":\"2020-12-09T21:28:56+00:00\",\"dateModified\":\"2025-12-17T19:25:07+00:00\",\"description\":\"Happy Holidays from EDF power solutions North America | EDFps in North America\",\"breadcrumb\":{\"@id\":\"https:\/\/www.edf-re.com\/happy-holidays\/#breadcrumb\"},\"inLanguage\":\"fr-CA\",\"potentialAction\":[{\"@type\":\"ReadAction\",\"target\":[\"https:\/\/www.edf-re.com\/happy-holidays\/\"]}]},{\"@type\":\"BreadcrumbList\",\"@id\":\"https:\/\/www.edf-re.com\/happy-holidays\/#breadcrumb\",\"itemListElement\":[{\"@type\":\"ListItem\",\"position\":1,\"name\":\"Home\",\"item\":\"https:\/\/www.edf-re.com\/\"},{\"@type\":\"ListItem\",\"position\":2,\"name\":\"Happy Holidays from EDF power solutions!\"}]},{\"@type\":\"WebSite\",\"@id\":\"https:\/\/www.edf-re.com\/#website\",\"url\":\"https:\/\/www.edf-re.com\/\",\"name\":\"EDF power solutions North America\",\"description\":\"\",\"publisher\":{\"@id\":\"https:\/\/www.edf-re.com\/#organization\"},\"potentialAction\":[{\"@type\":\"SearchAction\",\"target\":{\"@type\":\"EntryPoint\",\"urlTemplate\":\"https:\/\/www.edf-re.com\/?s={search_term_string}\"},\"query-input\":{\"@type\":\"PropertyValueSpecification\",\"valueRequired\":true,\"valueName\":\"search_term_string\"}}],\"inLanguage\":\"fr-CA\"},{\"@type\":\"Organization\",\"@id\":\"https:\/\/www.edf-re.com\/#organization\",\"name\":\"EDF Renewables North America\",\"url\":\"https:\/\/www.edf-re.com\/\",\"logo\":{\"@type\":\"ImageObject\",\"inLanguage\":\"fr-CA\",\"@id\":\"https:\/\/www.edf-re.com\/#\/schema\/logo\/image\/\",\"url\":\"https:\/\/www.edf-re.com\/wp-content\/uploads\/edfr-logo-1.png\",\"contentUrl\":\"https:\/\/www.edf-re.com\/wp-content\/uploads\/edfr-logo-1.png\",\"width\":600,\"height\":291,\"caption\":\"EDF Renewables North America\"},\"image\":{\"@id\":\"https:\/\/www.edf-re.com\/#\/schema\/logo\/image\/\"}}]}<\/script>\n<!-- \/ Yoast SEO plugin. -->","yoast_head_json":{"title":"EDF energy solutions North America vous souhaite de bonnes f\u00eates de fin d'ann\u00e9e","description":"Joyeuses f\u00eates de la part d'EDF Power Solutions North America | EDFps en Am\u00e9rique du Nord","robots":{"index":"index","follow":"follow","max-snippet":"max-snippet:-1","max-image-preview":"max-image-preview:large","max-video-preview":"max-video-preview:-1"},"canonical":"https:\/\/www.edf-re.com\/fr\/joyeuses-fetes\/","og_locale":"fr_CA","og_type":"article","og_title":"Happy Holidays from EDF energy solutions North America","og_description":"Happy Holidays from EDF power solutions North America | EDFps in North America","og_url":"https:\/\/www.edf-re.com\/fr\/joyeuses-fetes\/","og_site_name":"EDF power solutions North America","article_modified_time":"2025-12-17T19:25:07+00:00","og_image":[{"width":2000,"height":702,"url":"https:\/\/www.edf-re.com\/wp-content\/uploads\/logo_edf_power_solutions_RGB-no-buffer-zone.png","type":"image\/png"}],"twitter_card":"summary_large_image","twitter_misc":{"Estimation du temps de lecture":"1 minute"},"schema":{"@context":"https:\/\/schema.org","@graph":[{"@type":"WebPage","@id":"https:\/\/www.edf-re.com\/happy-holidays\/","url":"https:\/\/www.edf-re.com\/happy-holidays\/","name":"EDF energy solutions North America vous souhaite de bonnes f\u00eates de fin d'ann\u00e9e","isPartOf":{"@id":"https:\/\/www.edf-re.com\/#website"},"datePublished":"2020-12-09T21:28:56+00:00","dateModified":"2025-12-17T19:25:07+00:00","description":"Joyeuses f\u00eates de la part d'EDF Power Solutions North America | EDFps en Am\u00e9rique du Nord","breadcrumb":{"@id":"https:\/\/www.edf-re.com\/happy-holidays\/#breadcrumb"},"inLanguage":"fr-CA","potentialAction":[{"@type":"ReadAction","target":["https:\/\/www.edf-re.com\/happy-holidays\/"]}]},{"@type":"BreadcrumbList","@id":"https:\/\/www.edf-re.com\/happy-holidays\/#breadcrumb","itemListElement":[{"@type":"ListItem","position":1,"name":"Home","item":"https:\/\/www.edf-re.com\/"},{"@type":"ListItem","position":2,"name":"Happy Holidays from EDF power solutions!"}]},{"@type":"WebSite","@id":"https:\/\/www.edf-re.com\/#website","url":"https:\/\/www.edf-re.com\/","name":"EDF power solutions Am\u00e9rique du Nord","description":"","publisher":{"@id":"https:\/\/www.edf-re.com\/#organization"},"potentialAction":[{"@type":"SearchAction","target":{"@type":"EntryPoint","urlTemplate":"https:\/\/www.edf-re.com\/?s={search_term_string}"},"query-input":{"@type":"PropertyValueSpecification","valueRequired":true,"valueName":"search_term_string"}}],"inLanguage":"fr-CA"},{"@type":"Organization","@id":"https:\/\/www.edf-re.com\/#organization","name":"EDF Renewables Am\u00e9rique du Nord","url":"https:\/\/www.edf-re.com\/","logo":{"@type":"ImageObject","inLanguage":"fr-CA","@id":"https:\/\/www.edf-re.com\/#\/schema\/logo\/image\/","url":"https:\/\/www.edf-re.com\/wp-content\/uploads\/edfr-logo-1.png","contentUrl":"https:\/\/www.edf-re.com\/wp-content\/uploads\/edfr-logo-1.png","width":600,"height":291,"caption":"EDF Renewables North America"},"image":{"@id":"https:\/\/www.edf-re.com\/#\/schema\/logo\/image\/"}}]}},"_links":{"self":[{"href":"https:\/\/www.edf-re.com\/fr\/wp-json\/wp\/v2\/pages\/3872","targetHints":{"allow":["GET"]}}],"collection":[{"href":"https:\/\/www.edf-re.com\/fr\/wp-json\/wp\/v2\/pages"}],"about":[{"href":"https:\/\/www.edf-re.com\/fr\/wp-json\/wp\/v2\/types\/page"}],"author":[{"embeddable":true,"href":"https:\/\/www.edf-re.com\/fr\/wp-json\/wp\/v2\/users\/1"}],"replies":[{"embeddable":true,"href":"https:\/\/www.edf-re.com\/fr\/wp-json\/wp\/v2\/comments?post=3872"}],"version-history":[{"count":6,"href":"https:\/\/www.edf-re.com\/fr\/wp-json\/wp\/v2\/pages\/3872\/revisions"}],"predecessor-version":[{"id":11140,"href":"https:\/\/www.edf-re.com\/fr\/wp-json\/wp\/v2\/pages\/3872\/revisions\/11140"}],"wp:attachment":[{"href":"https:\/\/www.edf-re.com\/fr\/wp-json\/wp\/v2\/media?parent=3872"}],"curies":[{"name":"wp","href":"https:\/\/api.w.org\/{rel}","templated":true}]}}