{"id":4070,"date":"2021-02-17T10:25:40","date_gmt":"2021-02-17T15:25:40","guid":{"rendered":"https:\/\/www.edf-re.com\/?page_id=4070"},"modified":"2026-03-24T14:28:01","modified_gmt":"2026-03-24T21:28:01","slug":"fournisseurs","status":"publish","type":"page","link":"https:\/\/www.edf-re.com\/fr\/fournisseurs\/","title":{"rendered":"Fournisseurs"},"content":{"rendered":"<div id=\"pl-4070\"  class=\"panel-layout\" ><div id=\"pg-4070-0\"  class=\"panel-grid panel-no-style\" ><div id=\"pgc-4070-0-0\"  class=\"panel-grid-cell\" ><div id=\"panel-4070-0-0-0\" class=\"so-panel widget widget_sow-editor panel-first-child panel-last-child\" data-index=\"0\" ><div\n\t\t\t\n\t\t\tclass=\"so-widget-sow-editor so-widget-sow-editor-base\"\n\t\t\t\n\t\t>\n<div class=\"siteorigin-widget-tinymce textwidget\">\n\t<p class=\"medium-font\" style=\"text-align: center;\">Chez EDF power solutions, nous sommes attach\u00e9s \u00e0 l'excellence op\u00e9rationnelle et \u00e0 la comp\u00e9titivit\u00e9 dans la s\u00e9lection de nos fournisseurs. Nous cherchons \u00e0 nous associer \u00e0 des fournisseurs qui partagent notre mission et nos valeurs fondamentales, qui respectent le Code de conduite des fournisseurs d'EDF power solutions et qui transmettent ces caract\u00e9ristiques \u00e0 l'ensemble de leur cha\u00eene d'approvisionnement.<\/p>\n<\/div>\n<\/div><\/div><\/div><\/div><div id=\"pg-4070-1\"  class=\"panel-grid panel-no-style\" ><div id=\"pgc-4070-1-0\"  class=\"panel-grid-cell\" ><div id=\"panel-4070-1-0-0\" class=\"so-panel widget widget_sow-editor panel-first-child panel-last-child\" data-index=\"1\" ><div\n\t\t\t\n\t\t\tclass=\"so-widget-sow-editor so-widget-sow-editor-base\"\n\t\t\t\n\t\t>\n<div class=\"siteorigin-widget-tinymce textwidget\">\n\t<p><img loading=\"lazy\" decoding=\"async\" class=\"alignnone size-full wp-image-4138\" src=\"https:\/\/www.edf-re.com\/wp-content\/uploads\/existing-suppliers.jpg\" alt=\"\" width=\"540\" height=\"360\" srcset=\"https:\/\/www.edf-re.com\/wp-content\/uploads\/existing-suppliers.jpg 540w, https:\/\/www.edf-re.com\/wp-content\/uploads\/existing-suppliers-300x200.jpg 300w, https:\/\/www.edf-re.com\/wp-content\/uploads\/existing-suppliers-16x12.jpg 16w, https:\/\/www.edf-re.com\/wp-content\/uploads\/existing-suppliers-360x240.jpg 360w\" sizes=\"auto, (max-width: 540px) 100vw, 540px\" \/><\/p>\n<h3>Fournisseurs existants<\/h3>\n<p>Si votre entreprise fournit actuellement des biens et\/ou des services \u00e0 EDF power solutions et que vous avez d\u00e9j\u00e0 un compte enregistr\u00e9.<\/p>\n<p><a class=\"underline-button\" href=\"https:\/\/service.ariba.com\/Sourcing.aw\/124997011\/aw?awh=r&amp;awssk=FGS4IWrX&amp;dard=1&amp;ancdc=1\">Connexion au compte<\/a><\/p>\n<\/div>\n<\/div><\/div><\/div><div id=\"pgc-4070-1-1\"  class=\"panel-grid-cell\" ><div id=\"panel-4070-1-1-0\" class=\"so-panel widget widget_sow-editor panel-first-child panel-last-child\" data-index=\"2\" ><div\n\t\t\t\n\t\t\tclass=\"so-widget-sow-editor so-widget-sow-editor-base\"\n\t\t\t\n\t\t>\n<div class=\"siteorigin-widget-tinymce textwidget\">\n\t<p><img loading=\"lazy\" decoding=\"async\" class=\"alignnone size-full wp-image-4136\" src=\"https:\/\/www.edf-re.com\/wp-content\/uploads\/interested-suppliers.jpg\" alt=\"\" width=\"540\" height=\"360\" srcset=\"https:\/\/www.edf-re.com\/wp-content\/uploads\/interested-suppliers.jpg 540w, https:\/\/www.edf-re.com\/wp-content\/uploads\/interested-suppliers-300x200.jpg 300w, https:\/\/www.edf-re.com\/wp-content\/uploads\/interested-suppliers-16x12.jpg 16w, https:\/\/www.edf-re.com\/wp-content\/uploads\/interested-suppliers-360x240.jpg 360w\" sizes=\"auto, (max-width: 540px) 100vw, 540px\" \/><\/p>\n<h3>Fournisseurs int\u00e9ress\u00e9s<\/h3>\n<p>Les informations relatives \u00e0 l'enregistrement des fournisseurs sont utilis\u00e9es comme une opportunit\u00e9 viable pour les fournisseurs divers de participer \u00e0 des appels d'offres concurrentiels.  Les fournisseurs potentiels doivent s'adresser directement \u00e0 leur interlocuteur EDF power solutions pour discuter de la marche \u00e0 suivre.<\/p>\n<p>&nbsp;<\/p>\n<\/div>\n<\/div><\/div><\/div><\/div><div id=\"pg-4070-2\"  class=\"panel-grid panel-has-style\" ><div class=\"siteorigin-panels-stretch panel-row-style panel-row-style-for-4070-2\" style=\"position:relative;\" data-siteorigin-parallax=\"{&quot;backgroundUrl&quot;:&quot;https:\\\/\\\/www.edf-re.com\\\/wp-content\\\/uploads\\\/suppliers-bg.jpg&quot;,&quot;backgroundSize&quot;:[1920,1080],&quot;backgroundSizing&quot;:&quot;scaled&quot;,&quot;limitMotion&quot;:&quot;auto&quot;}\" data-stretch-type=\"full\" ><div class=\"page-builder-overlay\" style=\"background-color:rgba(16, 54, 122, 0.85);\"><\/div><div id=\"pgc-4070-2-0\"  class=\"panel-grid-cell\" ><div id=\"panel-4070-2-0-0\" class=\"so-panel widget widget_sow-editor panel-first-child panel-last-child\" data-index=\"3\" ><div class=\"panel-widget-style panel-widget-style-for-4070-2-0-0\" ><div\n\t\t\t\n\t\t\tclass=\"so-widget-sow-editor so-widget-sow-editor-base\"\n\t\t\t\n\t\t>\n<div class=\"siteorigin-widget-tinymce textwidget\">\n\t<p class=\"x-large-font\" style=\"text-align: center;\">Vous souhaitez devenir un <strong>Fournisseur de solutions d'\u00e9nergie d'EDF ?<\/strong><\/p>\n<p style=\"text-align: center;\"><a class=\"button\" href=\"https:\/\/www.edf-re.com\/fr\/fournisseurs\/fournisseur-onboarding\/\">En savoir plus<\/a><\/p>\n<\/div>\n<\/div><\/div><\/div><\/div><\/div><\/div><\/div>","protected":false},"excerpt":{"rendered":"<p>Chez EDF power solutions, nous sommes attach\u00e9s \u00e0 l'excellence op\u00e9rationnelle et \u00e0 la comp\u00e9titivit\u00e9 dans la s\u00e9lection de nos fournisseurs. Nous cherchons \u00e0 nous associer \u00e0 des fournisseurs qui partagent notre mission et nos valeurs fondamentales, qui respectent le Code de conduite des fournisseurs d'EDF power solutions et qui transmettent ces caract\u00e9ristiques \u00e0 l'ensemble de leur cha\u00eene d'approvisionnement. Les fournisseurs existants Si votre [...]<\/p>","protected":false},"author":1,"featured_media":0,"parent":0,"menu_order":25,"comment_status":"closed","ping_status":"closed","template":"section.php","meta":{"_acf_changed":false,"footnotes":""},"class_list":["post-4070","page","type-page","status-publish","hentry"],"acf":[],"yoast_head":"<!-- This site is optimized with the Yoast SEO plugin v26.8 - https:\/\/yoast.com\/product\/yoast-seo-wordpress\/ -->\n<title>Suppliers - EDF power solutions North America<\/title>\n<meta name=\"robots\" content=\"index, follow, max-snippet:-1, max-image-preview:large, max-video-preview:-1\" \/>\n<link rel=\"canonical\" href=\"https:\/\/www.edf-re.com\/fr\/fournisseurs\/\" \/>\n<meta property=\"og:locale\" content=\"fr_CA\" \/>\n<meta property=\"og:type\" content=\"article\" \/>\n<meta property=\"og:title\" content=\"Suppliers - EDF power solutions North America\" \/>\n<meta property=\"og:description\" content=\"At EDF power solutions, we are devoted to operational excellence and competitiveness in the selection of our suppliers. We are looking to partner with suppliers who share our mission and core values and abide by our EDF power solutions\u2019 Supplier Code of Conduct and channel those characteristics throughout your supply chain. Existing Suppliers If your [&hellip;]\" \/>\n<meta property=\"og:url\" content=\"https:\/\/www.edf-re.com\/fr\/fournisseurs\/\" \/>\n<meta property=\"og:site_name\" content=\"EDF power solutions North America\" \/>\n<meta property=\"article:modified_time\" content=\"2026-03-24T21:28:01+00:00\" \/>\n<meta property=\"og:image\" content=\"https:\/\/www.edf-re.com\/wp-content\/uploads\/existing-suppliers.jpg\" \/>\n\t<meta property=\"og:image:width\" content=\"540\" \/>\n\t<meta property=\"og:image:height\" content=\"360\" \/>\n\t<meta property=\"og:image:type\" content=\"image\/jpeg\" \/>\n<meta name=\"twitter:card\" content=\"summary_large_image\" \/>\n<meta name=\"twitter:label1\" content=\"Estimation du temps de lecture\" \/>\n\t<meta name=\"twitter:data1\" content=\"1 minute\" \/>\n<script type=\"application\/ld+json\" class=\"yoast-schema-graph\">{\"@context\":\"https:\/\/schema.org\",\"@graph\":[{\"@type\":\"WebPage\",\"@id\":\"https:\/\/www.edf-re.com\/suppliers\/\",\"url\":\"https:\/\/www.edf-re.com\/suppliers\/\",\"name\":\"Suppliers - EDF power solutions North America\",\"isPartOf\":{\"@id\":\"https:\/\/www.edf-re.com\/#website\"},\"primaryImageOfPage\":{\"@id\":\"https:\/\/www.edf-re.com\/suppliers\/#primaryimage\"},\"image\":{\"@id\":\"https:\/\/www.edf-re.com\/suppliers\/#primaryimage\"},\"thumbnailUrl\":\"https:\/\/www.edf-re.com\/wp-content\/uploads\/existing-suppliers.jpg\",\"datePublished\":\"2021-02-17T15:25:40+00:00\",\"dateModified\":\"2026-03-24T21:28:01+00:00\",\"breadcrumb\":{\"@id\":\"https:\/\/www.edf-re.com\/suppliers\/#breadcrumb\"},\"inLanguage\":\"fr-CA\",\"potentialAction\":[{\"@type\":\"ReadAction\",\"target\":[\"https:\/\/www.edf-re.com\/suppliers\/\"]}]},{\"@type\":\"ImageObject\",\"inLanguage\":\"fr-CA\",\"@id\":\"https:\/\/www.edf-re.com\/suppliers\/#primaryimage\",\"url\":\"https:\/\/www.edf-re.com\/wp-content\/uploads\/existing-suppliers.jpg\",\"contentUrl\":\"https:\/\/www.edf-re.com\/wp-content\/uploads\/existing-suppliers.jpg\"},{\"@type\":\"BreadcrumbList\",\"@id\":\"https:\/\/www.edf-re.com\/suppliers\/#breadcrumb\",\"itemListElement\":[{\"@type\":\"ListItem\",\"position\":1,\"name\":\"Home\",\"item\":\"https:\/\/www.edf-re.com\/\"},{\"@type\":\"ListItem\",\"position\":2,\"name\":\"Suppliers\"}]},{\"@type\":\"WebSite\",\"@id\":\"https:\/\/www.edf-re.com\/#website\",\"url\":\"https:\/\/www.edf-re.com\/\",\"name\":\"EDF power solutions North America\",\"description\":\"\",\"publisher\":{\"@id\":\"https:\/\/www.edf-re.com\/#organization\"},\"potentialAction\":[{\"@type\":\"SearchAction\",\"target\":{\"@type\":\"EntryPoint\",\"urlTemplate\":\"https:\/\/www.edf-re.com\/?s={search_term_string}\"},\"query-input\":{\"@type\":\"PropertyValueSpecification\",\"valueRequired\":true,\"valueName\":\"search_term_string\"}}],\"inLanguage\":\"fr-CA\"},{\"@type\":\"Organization\",\"@id\":\"https:\/\/www.edf-re.com\/#organization\",\"name\":\"EDF Renewables North America\",\"url\":\"https:\/\/www.edf-re.com\/\",\"logo\":{\"@type\":\"ImageObject\",\"inLanguage\":\"fr-CA\",\"@id\":\"https:\/\/www.edf-re.com\/#\/schema\/logo\/image\/\",\"url\":\"https:\/\/www.edf-re.com\/wp-content\/uploads\/edfr-logo-1.png\",\"contentUrl\":\"https:\/\/www.edf-re.com\/wp-content\/uploads\/edfr-logo-1.png\",\"width\":600,\"height\":291,\"caption\":\"EDF Renewables North America\"},\"image\":{\"@id\":\"https:\/\/www.edf-re.com\/#\/schema\/logo\/image\/\"}}]}<\/script>\n<!-- \/ Yoast SEO plugin. -->","yoast_head_json":{"title":"Fournisseurs - EDF power solutions North America","robots":{"index":"index","follow":"follow","max-snippet":"max-snippet:-1","max-image-preview":"max-image-preview:large","max-video-preview":"max-video-preview:-1"},"canonical":"https:\/\/www.edf-re.com\/fr\/fournisseurs\/","og_locale":"fr_CA","og_type":"article","og_title":"Suppliers - EDF power solutions North America","og_description":"At EDF power solutions, we are devoted to operational excellence and competitiveness in the selection of our suppliers. We are looking to partner with suppliers who share our mission and core values and abide by our EDF power solutions\u2019 Supplier Code of Conduct and channel those characteristics throughout your supply chain. Existing Suppliers If your [&hellip;]","og_url":"https:\/\/www.edf-re.com\/fr\/fournisseurs\/","og_site_name":"EDF power solutions North America","article_modified_time":"2026-03-24T21:28:01+00:00","og_image":[{"width":540,"height":360,"url":"https:\/\/www.edf-re.com\/wp-content\/uploads\/existing-suppliers.jpg","type":"image\/jpeg"}],"twitter_card":"summary_large_image","twitter_misc":{"Estimation du temps de lecture":"1 minute"},"schema":{"@context":"https:\/\/schema.org","@graph":[{"@type":"WebPage","@id":"https:\/\/www.edf-re.com\/suppliers\/","url":"https:\/\/www.edf-re.com\/suppliers\/","name":"Fournisseurs - EDF power solutions North America","isPartOf":{"@id":"https:\/\/www.edf-re.com\/#website"},"primaryImageOfPage":{"@id":"https:\/\/www.edf-re.com\/suppliers\/#primaryimage"},"image":{"@id":"https:\/\/www.edf-re.com\/suppliers\/#primaryimage"},"thumbnailUrl":"https:\/\/www.edf-re.com\/wp-content\/uploads\/existing-suppliers.jpg","datePublished":"2021-02-17T15:25:40+00:00","dateModified":"2026-03-24T21:28:01+00:00","breadcrumb":{"@id":"https:\/\/www.edf-re.com\/suppliers\/#breadcrumb"},"inLanguage":"fr-CA","potentialAction":[{"@type":"ReadAction","target":["https:\/\/www.edf-re.com\/suppliers\/"]}]},{"@type":"ImageObject","inLanguage":"fr-CA","@id":"https:\/\/www.edf-re.com\/suppliers\/#primaryimage","url":"https:\/\/www.edf-re.com\/wp-content\/uploads\/existing-suppliers.jpg","contentUrl":"https:\/\/www.edf-re.com\/wp-content\/uploads\/existing-suppliers.jpg"},{"@type":"BreadcrumbList","@id":"https:\/\/www.edf-re.com\/suppliers\/#breadcrumb","itemListElement":[{"@type":"ListItem","position":1,"name":"Home","item":"https:\/\/www.edf-re.com\/"},{"@type":"ListItem","position":2,"name":"Suppliers"}]},{"@type":"WebSite","@id":"https:\/\/www.edf-re.com\/#website","url":"https:\/\/www.edf-re.com\/","name":"EDF power solutions Am\u00e9rique du Nord","description":"","publisher":{"@id":"https:\/\/www.edf-re.com\/#organization"},"potentialAction":[{"@type":"SearchAction","target":{"@type":"EntryPoint","urlTemplate":"https:\/\/www.edf-re.com\/?s={search_term_string}"},"query-input":{"@type":"PropertyValueSpecification","valueRequired":true,"valueName":"search_term_string"}}],"inLanguage":"fr-CA"},{"@type":"Organization","@id":"https:\/\/www.edf-re.com\/#organization","name":"EDF Renewables Am\u00e9rique du Nord","url":"https:\/\/www.edf-re.com\/","logo":{"@type":"ImageObject","inLanguage":"fr-CA","@id":"https:\/\/www.edf-re.com\/#\/schema\/logo\/image\/","url":"https:\/\/www.edf-re.com\/wp-content\/uploads\/edfr-logo-1.png","contentUrl":"https:\/\/www.edf-re.com\/wp-content\/uploads\/edfr-logo-1.png","width":600,"height":291,"caption":"EDF Renewables North America"},"image":{"@id":"https:\/\/www.edf-re.com\/#\/schema\/logo\/image\/"}}]}},"_links":{"self":[{"href":"https:\/\/www.edf-re.com\/fr\/wp-json\/wp\/v2\/pages\/4070","targetHints":{"allow":["GET"]}}],"collection":[{"href":"https:\/\/www.edf-re.com\/fr\/wp-json\/wp\/v2\/pages"}],"about":[{"href":"https:\/\/www.edf-re.com\/fr\/wp-json\/wp\/v2\/types\/page"}],"author":[{"embeddable":true,"href":"https:\/\/www.edf-re.com\/fr\/wp-json\/wp\/v2\/users\/1"}],"replies":[{"embeddable":true,"href":"https:\/\/www.edf-re.com\/fr\/wp-json\/wp\/v2\/comments?post=4070"}],"version-history":[{"count":7,"href":"https:\/\/www.edf-re.com\/fr\/wp-json\/wp\/v2\/pages\/4070\/revisions"}],"predecessor-version":[{"id":11268,"href":"https:\/\/www.edf-re.com\/fr\/wp-json\/wp\/v2\/pages\/4070\/revisions\/11268"}],"wp:attachment":[{"href":"https:\/\/www.edf-re.com\/fr\/wp-json\/wp\/v2\/media?parent=4070"}],"curies":[{"name":"wp","href":"https:\/\/api.w.org\/{rel}","templated":true}]}}