{"id":4256,"date":"2021-02-19T15:25:41","date_gmt":"2021-02-19T20:25:41","guid":{"rendered":"https:\/\/www.edf-re.com\/?page_id=4256"},"modified":"2025-05-08T07:35:02","modified_gmt":"2025-05-08T14:35:02","slug":"manuel-dethique-de-la-durabilite","status":"publish","type":"page","link":"https:\/\/www.edf-re.com\/fr\/fournisseurs\/manuel-dethique-de-la-durabilite\/","title":{"rendered":"Exigences en mati\u00e8re d'\u00e9thique et de d\u00e9veloppement durable"},"content":{"rendered":"<div id=\"pl-4256\"  class=\"panel-layout\" ><div id=\"pg-4256-0\"  class=\"panel-grid panel-no-style\" ><div id=\"pgc-4256-0-0\"  class=\"panel-grid-cell\" ><div id=\"panel-4256-0-0-0\" class=\"so-panel widget widget_sow-editor panel-first-child panel-last-child\" data-index=\"0\" ><div\n\t\t\t\n\t\t\tclass=\"so-widget-sow-editor so-widget-sow-editor-base\"\n\t\t\t\n\t\t>\n<div class=\"siteorigin-widget-tinymce textwidget\">\n\t<p>EDF power solutions demande \u00e0 ses partenaires de la cha\u00eene d'approvisionnement d'op\u00e9rer d'une mani\u00e8re qui d\u00e9montre le m\u00eame engagement envers des pratiques commerciales durables, responsables et \u00e9thiques que celui que nous exigeons de nos propres employ\u00e9s.<\/p>\n<p>Notre site <em>D\u00e9veloppement durable et \u00e9thique Manuel des exigences des fournisseurs<\/em> d\u00e9finissent les attentes d'EDF Power Solutions dans la conduite des affaires. Des conseils suppl\u00e9mentaires sont disponibles par le biais de liens vers les sites suivants <em>Code de conduite du groupe EDF<\/em>, le <em>Guide pratique du Pacte mondial des Nations unies pour les fournisseurs,<\/em> et la <em>Guide du fournisseur sur la diversit\u00e9 et l'inclusion.<\/em> Bien que ces attentes ne remplacent pas les conditions commerciales \u00e9nonc\u00e9es dans tout contrat, accord ou bon de commande, la conformit\u00e9 \u00e0 ces attentes est un facteur d\u00e9cisif lorsque EDF power solutions s\u00e9lectionne des partenaires pour la fourniture de biens et de services n\u00e9cessaires \u00e0 la conduite de nos activit\u00e9s.<\/p>\n<p>En outre, les exigences en mati\u00e8re de d\u00e9veloppement durable et d'\u00e9thique d\u00e9crites dans ces documents s'appliquent \u00e0 tous les fournisseurs, entrepreneurs et sous-traitants qui re\u00e7oivent des bons de commande, des contrats ou des appels d'offres d'EDF Power Solutions en rapport avec la fourniture de travaux, de mat\u00e9riaux, de biens et de services.<\/p>\n<p>EDF power solutions s'engage \u00e0 mener ses activit\u00e9s dans le respect des normes \u00e9thiques les plus strictes. Si vous avez des pr\u00e9occupations \u00e0 cet \u00e9gard, nous vous encourageons \u00e0 en discuter avec le responsable de votre projet. Si vous pr\u00e9f\u00e9rez d\u00e9poser un rapport anonyme en toute confidentialit\u00e9, vous pouvez utiliser notre service d'assistance t\u00e9l\u00e9phonique pour les rapports d'\u00e9thique, h\u00e9berg\u00e9 par un fournisseur tiers, EthicsPoint, disponible \u00e0 l'adresse suivante <a href=\"https:\/\/secure.ethicspoint.com\/domain\/media\/en\/gui\/89677\/index.html\">edfr.ethicspoint.com<\/a> ou 844.602.6318.<\/p>\n<\/div>\n<\/div><\/div><\/div><\/div><div id=\"pg-4256-1\"  class=\"panel-grid panel-no-style\" ><div id=\"pgc-4256-1-0\"  class=\"panel-grid-cell\" ><div id=\"panel-4256-1-0-0\" class=\"so-panel widget widget_flipbook flipbook-widget panel-first-child panel-last-child\" data-index=\"1\" ><div\n\t\t\t\n\t\t\tclass=\"so-widget-flipbook so-widget-flipbook-default-d75171398898-4256\"\n\t\t\t\n\t\t>\t<div class=\"heading\">\n\t\tManuel de durabilit\u00e9 et d'\u00e9thique \t<\/div><!-- .heading -->\n\t\t\t<div class=\"flipbook\">\n\t\t\t<a href=\"https:\/\/www.edf-re.com\/flipbook\/6828\" target=\"_blank\">\n\t\t\t\t<img decoding=\"async\" src=\"https:\/\/www.edf-re.com\/wp-content\/uploads\/Sustainability-Ethics-Supplier-Manual_final-1-1.jpg\">\n\n\t\t\t\t<div class=\"overlay\">\n\t\t\t\t\t<i class=\"fa-regular fa-external-link\"><\/i>\n\t\t\t\t<\/div><!-- .overlay -->\n\t\t\t<\/a>\n\t\t<\/div><!-- .flipbook -->\n\t\t<\/div><\/div><\/div><div id=\"pgc-4256-1-1\"  class=\"panel-grid-cell\" ><div id=\"panel-4256-1-1-0\" class=\"so-panel widget widget_flipbook flipbook-widget panel-first-child\" data-index=\"2\" ><div\n\t\t\t\n\t\t\tclass=\"so-widget-flipbook so-widget-flipbook-default-d75171398898-4256\"\n\t\t\t\n\t\t>\t<div class=\"heading\">\n\t\tGuide de la diversit\u00e9 et de l'inclusion\t<\/div><!-- .heading -->\n\t\t\t<div class=\"flipbook\">\n\t\t\t<a href=\"https:\/\/www.edf-re.com\/flipbook\/4458\" target=\"_blank\">\n\t\t\t\t<img decoding=\"async\" src=\"https:\/\/www.edf-re.com\/wp-content\/uploads\/SuppliersGuideDEI.png\">\n\n\t\t\t\t<div class=\"overlay\">\n\t\t\t\t\t<i class=\"fa-regular fa-external-link\"><\/i>\n\t\t\t\t<\/div><!-- .overlay -->\n\t\t\t<\/a>\n\t\t<\/div><!-- .flipbook -->\n\t\t<\/div><\/div><div id=\"panel-4256-1-1-1\" class=\"so-panel widget widget_translated-flipbook translated-flipbook-widget panel-last-child\" data-index=\"3\" ><div\n\t\t\t\n\t\t\tclass=\"so-widget-translated-flipbook so-widget-translated-flipbook-default-d75171398898-4256\"\n\t\t\t\n\t\t>\t<div class=\"heading\">\n\t\tEngagement en faveur de la diversit\u00e9 des fournisseurs\t<\/div><!-- .heading -->\n\t\t\t<label>S\u00e9lectionner la langue :<\/label>\n\t\t<br>\n\t\t<select>\n\t\t\t\t\t\t\t<option value=\"\/flipbook\/10059\">Anglais<\/option>\n\t\t\t\t\t\t\t\t<option value=\"\/flipbook\/10315\">Fran\u00e7ais<\/option>\n\t\t\t\t\t\t<\/select>\n\t\t\t<div class=\"flipbook\">\n\t\t<a href=\"#\" target=\"_blank\">\n\t\t\t<img decoding=\"async\" src=\"https:\/\/www.edf-re.com\/wp-content\/uploads\/Supplier-Diversity-Commitment.jpg\">\n\n\t\t\t<div class=\"overlay\">\n\t\t\t\t<i class=\"fa-regular fa-external-link\"><\/i>\n\t\t\t<\/div><!-- .overlay -->\n\t\t<\/a>\n\t<\/div><!-- .flipbook -->\n\t<\/div><\/div><\/div><div id=\"pgc-4256-1-2\"  class=\"panel-grid-cell\" ><div id=\"panel-4256-1-2-0\" class=\"so-panel widget widget_flipbook flipbook-widget panel-first-child panel-last-child\" data-index=\"4\" ><div\n\t\t\t\n\t\t\tclass=\"so-widget-flipbook so-widget-flipbook-default-d75171398898-4256\"\n\t\t\t\n\t\t>\t<div class=\"heading\">\n\t\tGuide des fournisseurs du Pacte mondial des Nations Unies\t<\/div><!-- .heading -->\n\t\t\t<div class=\"flipbook\">\n\t\t\t<a href=\"https:\/\/www.edf-re.com\/flipbook\/6770\" target=\"_blank\">\n\t\t\t\t<img decoding=\"async\" src=\"https:\/\/www.edf-re.com\/wp-content\/uploads\/Sustainability-UN-Global-Compact-Guide-Supplier-Guide_FRA-1.jpg\">\n\n\t\t\t\t<div class=\"overlay\">\n\t\t\t\t\t<i class=\"fa-regular fa-external-link\"><\/i>\n\t\t\t\t<\/div><!-- .overlay -->\n\t\t\t<\/a>\n\t\t<\/div><!-- .flipbook -->\n\t\t<\/div><\/div><\/div><div id=\"pgc-4256-1-3\"  class=\"panel-grid-cell\" ><div id=\"panel-4256-1-3-0\" class=\"so-panel widget widget_siteorigin-panels-builder panel-first-child panel-last-child\" data-index=\"5\" ><div id=\"pl-w674f29b80e74d\"  class=\"panel-layout\" ><div id=\"pg-w674f29b80e74d-0\"  class=\"panel-grid panel-no-style\" ><div id=\"pgc-w674f29b80e74d-0-0\"  class=\"panel-grid-cell\" ><div id=\"panel-w674f29b80e74d-0-0-0\" class=\"so-panel widget widget_flipbook flipbook-widget panel-first-child panel-last-child\" data-index=\"0\" ><div\n\t\t\t\n\t\t\tclass=\"so-widget-flipbook so-widget-flipbook-default-d75171398898\"\n\t\t\t\n\t\t>\t<div class=\"heading\">\n\t\tCode de conduite du groupe EDF\t<\/div><!-- .heading -->\n\t\t\t<div class=\"flipbook\">\n\t\t\t<a href=\"https:\/\/www.edf-re.com\/flipbook\/8189\" target=\"_blank\">\n\t\t\t\t<img decoding=\"async\" src=\"https:\/\/www.edf-re.com\/wp-content\/uploads\/01.03-Code-de-Conduite-Ethique-et-Conformite-EDF-Renouvelables-1.png\">\n\n\t\t\t\t<div class=\"overlay\">\n\t\t\t\t\t<i class=\"fa-regular fa-external-link\"><\/i>\n\t\t\t\t<\/div><!-- .overlay -->\n\t\t\t<\/a>\n\t\t<\/div><!-- .flipbook -->\n\t\t<\/div><\/div><\/div><\/div><\/div><\/div><\/div><\/div><\/div>","protected":false},"excerpt":{"rendered":"<p>EDF power solutions demande \u00e0 ses partenaires de la cha\u00eene d'approvisionnement d'op\u00e9rer d'une mani\u00e8re qui d\u00e9montre le m\u00eame engagement envers des pratiques commerciales durables, responsables et \u00e9thiques que celui que nous exigeons de nos propres employ\u00e9s. Notre Manuel des exigences des fournisseurs en mati\u00e8re de d\u00e9veloppement durable et d'\u00e9thique d\u00e9finit les attentes d'EDF power solutions en mati\u00e8re de conduite des affaires. Des conseils suppl\u00e9mentaires sont disponibles par le biais de liens [...]<\/p>","protected":false},"author":1,"featured_media":0,"parent":4070,"menu_order":18,"comment_status":"closed","ping_status":"closed","template":"","meta":{"_acf_changed":false,"footnotes":""},"class_list":["post-4256","page","type-page","status-publish","hentry"],"acf":[],"yoast_head":"<!-- This site is optimized with the Yoast SEO plugin v26.8 - https:\/\/yoast.com\/product\/yoast-seo-wordpress\/ -->\n<title>Ethics and Sustainability Requirements - EDF power solutions North America<\/title>\n<meta name=\"robots\" content=\"index, follow, max-snippet:-1, max-image-preview:large, max-video-preview:-1\" \/>\n<link rel=\"canonical\" href=\"https:\/\/www.edf-re.com\/fr\/fournisseurs\/manuel-dethique-de-la-durabilite\/\" \/>\n<meta property=\"og:locale\" content=\"fr_CA\" \/>\n<meta property=\"og:type\" content=\"article\" \/>\n<meta property=\"og:title\" content=\"Ethics and Sustainability Requirements - EDF power solutions North America\" \/>\n<meta property=\"og:description\" content=\"EDF power solutions requires our supply chain partners to operate in a manner that demonstrates the same commitment to sustainable, responsible, and ethical business practices that we require of our own employees. Our Sustainability &amp; Ethics Suppliers Requirements Manual set out EDF power solutions\u2019 expectations in conducting business. Additional guidance is available through links to [&hellip;]\" \/>\n<meta property=\"og:url\" content=\"https:\/\/www.edf-re.com\/fr\/fournisseurs\/manuel-dethique-de-la-durabilite\/\" \/>\n<meta property=\"og:site_name\" content=\"EDF power solutions North America\" \/>\n<meta property=\"article:modified_time\" content=\"2025-05-08T14:35:02+00:00\" \/>\n<meta property=\"og:image\" content=\"https:\/\/www.edf-re.com\/wp-content\/uploads\/logo_edf_power_solutions_RGB-no-buffer-zone.png\" \/>\n\t<meta property=\"og:image:width\" content=\"2000\" \/>\n\t<meta property=\"og:image:height\" content=\"702\" \/>\n\t<meta property=\"og:image:type\" content=\"image\/png\" \/>\n<meta name=\"twitter:card\" content=\"summary_large_image\" \/>\n<meta name=\"twitter:label1\" content=\"Estimation du temps de lecture\" \/>\n\t<meta name=\"twitter:data1\" content=\"3 minutes\" \/>\n<script type=\"application\/ld+json\" class=\"yoast-schema-graph\">{\"@context\":\"https:\/\/schema.org\",\"@graph\":[{\"@type\":\"WebPage\",\"@id\":\"https:\/\/www.edf-re.com\/suppliers\/sustainability-ethics-manual\/\",\"url\":\"https:\/\/www.edf-re.com\/suppliers\/sustainability-ethics-manual\/\",\"name\":\"Ethics and Sustainability Requirements - EDF power solutions North America\",\"isPartOf\":{\"@id\":\"https:\/\/www.edf-re.com\/#website\"},\"datePublished\":\"2021-02-19T20:25:41+00:00\",\"dateModified\":\"2025-05-08T14:35:02+00:00\",\"breadcrumb\":{\"@id\":\"https:\/\/www.edf-re.com\/suppliers\/sustainability-ethics-manual\/#breadcrumb\"},\"inLanguage\":\"fr-CA\",\"potentialAction\":[{\"@type\":\"ReadAction\",\"target\":[\"https:\/\/www.edf-re.com\/suppliers\/sustainability-ethics-manual\/\"]}]},{\"@type\":\"BreadcrumbList\",\"@id\":\"https:\/\/www.edf-re.com\/suppliers\/sustainability-ethics-manual\/#breadcrumb\",\"itemListElement\":[{\"@type\":\"ListItem\",\"position\":1,\"name\":\"Home\",\"item\":\"https:\/\/www.edf-re.com\/\"},{\"@type\":\"ListItem\",\"position\":2,\"name\":\"Suppliers\",\"item\":\"https:\/\/www.edf-re.com\/suppliers\/\"},{\"@type\":\"ListItem\",\"position\":3,\"name\":\"Ethics and Sustainability Requirements\"}]},{\"@type\":\"WebSite\",\"@id\":\"https:\/\/www.edf-re.com\/#website\",\"url\":\"https:\/\/www.edf-re.com\/\",\"name\":\"EDF power solutions North America\",\"description\":\"\",\"publisher\":{\"@id\":\"https:\/\/www.edf-re.com\/#organization\"},\"potentialAction\":[{\"@type\":\"SearchAction\",\"target\":{\"@type\":\"EntryPoint\",\"urlTemplate\":\"https:\/\/www.edf-re.com\/?s={search_term_string}\"},\"query-input\":{\"@type\":\"PropertyValueSpecification\",\"valueRequired\":true,\"valueName\":\"search_term_string\"}}],\"inLanguage\":\"fr-CA\"},{\"@type\":\"Organization\",\"@id\":\"https:\/\/www.edf-re.com\/#organization\",\"name\":\"EDF Renewables North America\",\"url\":\"https:\/\/www.edf-re.com\/\",\"logo\":{\"@type\":\"ImageObject\",\"inLanguage\":\"fr-CA\",\"@id\":\"https:\/\/www.edf-re.com\/#\/schema\/logo\/image\/\",\"url\":\"https:\/\/www.edf-re.com\/wp-content\/uploads\/edfr-logo-1.png\",\"contentUrl\":\"https:\/\/www.edf-re.com\/wp-content\/uploads\/edfr-logo-1.png\",\"width\":600,\"height\":291,\"caption\":\"EDF Renewables North America\"},\"image\":{\"@id\":\"https:\/\/www.edf-re.com\/#\/schema\/logo\/image\/\"}}]}<\/script>\n<!-- \/ Yoast SEO plugin. -->","yoast_head_json":{"title":"Exigences en mati\u00e8re d'\u00e9thique et de d\u00e9veloppement durable - EDF power solutions North America","robots":{"index":"index","follow":"follow","max-snippet":"max-snippet:-1","max-image-preview":"max-image-preview:large","max-video-preview":"max-video-preview:-1"},"canonical":"https:\/\/www.edf-re.com\/fr\/fournisseurs\/manuel-dethique-de-la-durabilite\/","og_locale":"fr_CA","og_type":"article","og_title":"Ethics and Sustainability Requirements - EDF power solutions North America","og_description":"EDF power solutions requires our supply chain partners to operate in a manner that demonstrates the same commitment to sustainable, responsible, and ethical business practices that we require of our own employees. Our Sustainability &amp; Ethics Suppliers Requirements Manual set out EDF power solutions\u2019 expectations in conducting business. Additional guidance is available through links to [&hellip;]","og_url":"https:\/\/www.edf-re.com\/fr\/fournisseurs\/manuel-dethique-de-la-durabilite\/","og_site_name":"EDF power solutions North America","article_modified_time":"2025-05-08T14:35:02+00:00","og_image":[{"width":2000,"height":702,"url":"https:\/\/www.edf-re.com\/wp-content\/uploads\/logo_edf_power_solutions_RGB-no-buffer-zone.png","type":"image\/png"}],"twitter_card":"summary_large_image","twitter_misc":{"Estimation du temps de lecture":"3 minutes"},"schema":{"@context":"https:\/\/schema.org","@graph":[{"@type":"WebPage","@id":"https:\/\/www.edf-re.com\/suppliers\/sustainability-ethics-manual\/","url":"https:\/\/www.edf-re.com\/suppliers\/sustainability-ethics-manual\/","name":"Exigences en mati\u00e8re d'\u00e9thique et de d\u00e9veloppement durable - EDF power solutions North America","isPartOf":{"@id":"https:\/\/www.edf-re.com\/#website"},"datePublished":"2021-02-19T20:25:41+00:00","dateModified":"2025-05-08T14:35:02+00:00","breadcrumb":{"@id":"https:\/\/www.edf-re.com\/suppliers\/sustainability-ethics-manual\/#breadcrumb"},"inLanguage":"fr-CA","potentialAction":[{"@type":"ReadAction","target":["https:\/\/www.edf-re.com\/suppliers\/sustainability-ethics-manual\/"]}]},{"@type":"BreadcrumbList","@id":"https:\/\/www.edf-re.com\/suppliers\/sustainability-ethics-manual\/#breadcrumb","itemListElement":[{"@type":"ListItem","position":1,"name":"Home","item":"https:\/\/www.edf-re.com\/"},{"@type":"ListItem","position":2,"name":"Suppliers","item":"https:\/\/www.edf-re.com\/suppliers\/"},{"@type":"ListItem","position":3,"name":"Ethics and Sustainability Requirements"}]},{"@type":"WebSite","@id":"https:\/\/www.edf-re.com\/#website","url":"https:\/\/www.edf-re.com\/","name":"EDF power solutions Am\u00e9rique du Nord","description":"","publisher":{"@id":"https:\/\/www.edf-re.com\/#organization"},"potentialAction":[{"@type":"SearchAction","target":{"@type":"EntryPoint","urlTemplate":"https:\/\/www.edf-re.com\/?s={search_term_string}"},"query-input":{"@type":"PropertyValueSpecification","valueRequired":true,"valueName":"search_term_string"}}],"inLanguage":"fr-CA"},{"@type":"Organization","@id":"https:\/\/www.edf-re.com\/#organization","name":"EDF Renewables Am\u00e9rique du Nord","url":"https:\/\/www.edf-re.com\/","logo":{"@type":"ImageObject","inLanguage":"fr-CA","@id":"https:\/\/www.edf-re.com\/#\/schema\/logo\/image\/","url":"https:\/\/www.edf-re.com\/wp-content\/uploads\/edfr-logo-1.png","contentUrl":"https:\/\/www.edf-re.com\/wp-content\/uploads\/edfr-logo-1.png","width":600,"height":291,"caption":"EDF Renewables North America"},"image":{"@id":"https:\/\/www.edf-re.com\/#\/schema\/logo\/image\/"}}]}},"_links":{"self":[{"href":"https:\/\/www.edf-re.com\/fr\/wp-json\/wp\/v2\/pages\/4256","targetHints":{"allow":["GET"]}}],"collection":[{"href":"https:\/\/www.edf-re.com\/fr\/wp-json\/wp\/v2\/pages"}],"about":[{"href":"https:\/\/www.edf-re.com\/fr\/wp-json\/wp\/v2\/types\/page"}],"author":[{"embeddable":true,"href":"https:\/\/www.edf-re.com\/fr\/wp-json\/wp\/v2\/users\/1"}],"replies":[{"embeddable":true,"href":"https:\/\/www.edf-re.com\/fr\/wp-json\/wp\/v2\/comments?post=4256"}],"version-history":[{"count":9,"href":"https:\/\/www.edf-re.com\/fr\/wp-json\/wp\/v2\/pages\/4256\/revisions"}],"predecessor-version":[{"id":10666,"href":"https:\/\/www.edf-re.com\/fr\/wp-json\/wp\/v2\/pages\/4256\/revisions\/10666"}],"up":[{"embeddable":true,"href":"https:\/\/www.edf-re.com\/fr\/wp-json\/wp\/v2\/pages\/4070"}],"wp:attachment":[{"href":"https:\/\/www.edf-re.com\/fr\/wp-json\/wp\/v2\/media?parent=4256"}],"curies":[{"name":"wp","href":"https:\/\/api.w.org\/{rel}","templated":true}]}}