{"id":4903,"date":"2021-06-09T10:39:45","date_gmt":"2021-06-09T14:39:45","guid":{"rendered":"https:\/\/www.edf-re.com\/?page_id=4903"},"modified":"2025-06-12T11:37:58","modified_gmt":"2025-06-12T18:37:58","slug":"solaire","status":"publish","type":"page","link":"https:\/\/www.edf-re.com\/fr\/ce-que-nous-faisons\/solaire\/","title":{"rendered":"Solaire"},"content":{"rendered":"<div id=\"pl-4903\"  class=\"panel-layout\" ><div id=\"pg-4903-0\"  class=\"panel-grid panel-no-style\" ><div id=\"pgc-4903-0-0\"  class=\"panel-grid-cell\" ><div id=\"panel-4903-0-0-0\" class=\"so-panel widget widget_sow-editor panel-first-child panel-last-child\" data-index=\"0\" ><div\n\t\t\t\n\t\t\tclass=\"so-widget-sow-editor so-widget-sow-editor-base\"\n\t\t\t\n\t\t>\n<div class=\"siteorigin-widget-tinymce textwidget\">\n\t<h3>Une croissance continue<\/h3>\n<p>L'\u00e9nergie solaire a connu une croissance massive depuis 2000, ouvrant la voie \u00e0 l'avenir de cette ressource \u00e9nerg\u00e9tique propre en constante expansion. Dans le\u00a0<strong>\u00c9tats-Unis<\/strong>\u00a0au cours de la derni\u00e8re d\u00e9cennie. Pr\u00e8s de 6 800 m\u00e9gawatts (MW) de capacit\u00e9 solaire sont install\u00e9s rien qu'aux \u00c9tats-Unis, ce qui suffit \u00e0 alimenter 15 millions de foyers.<\/p>\n<p>L'industrie solaire emploie 253 000 travailleurs am\u00e9ricains dans 50 \u00c9tats et a investi $143 milliards de dollars dans des projets \u00e0 l'\u00e9chelle nationale. Les projets solaires am\u00e9ricains contribuent \u00e0 \u00e9viter l'\u00e9mission de 88 millions de tonnes m\u00e9triques de CO<sub>2<\/sub> par an, ce qui \u00e9quivaut \u00e0 retirer 19 millions de voitures de la circulation.<\/p>\n<p>&nbsp;<\/p>\n<\/div>\n<\/div><\/div><\/div><div id=\"pgc-4903-0-1\"  class=\"panel-grid-cell\" ><div id=\"panel-4903-0-1-0\" class=\"so-panel widget widget_speech-bubble speech-bubble-widget panel-first-child\" data-index=\"1\" ><div\n\t\t\t\n\t\t\tclass=\"so-widget-speech-bubble so-widget-speech-bubble-default-d75171398898-4903\"\n\t\t\t\n\t\t>\t<div class=\"speech-bubble align-center\">\n\t\t\t\t<div class=\"bubble position-bottom logo-blue\" style=\"width:600px;\">\n\t\t\t\t\t\t\t<div class=\"title\">\n\t\t\t\t\tLe saviez-vous ?\t\t\t\t<\/div><!-- .title -->\n\t\t\t\t\t\t\t\t<div class=\"description\">\n\t\t\t\t\tLa lumi\u00e8re du soleil qui brille sur la Terre en une heure seulement pourrait r\u00e9pondre \u00e0 la demande \u00e9nerg\u00e9tique mondiale pendant une ann\u00e9e enti\u00e8re !\t\t\t\t<\/div><!-- .description -->\n\t\t\t\t\t\t<\/div><!-- .bubble -->\n\t\t\t<\/div><!-- .speech-bubble -->\n\t<\/div><\/div><div id=\"panel-4903-0-1-1\" class=\"so-panel widget widget_graphic graphic-widget panel-last-child\" data-index=\"2\" ><div class=\"panel-widget-style panel-widget-style-for-4903-0-1-1\" ><div\n\t\t\t\n\t\t\tclass=\"so-widget-graphic so-widget-graphic-default-d75171398898-4903\"\n\t\t\t\n\t\t>\t<div class=\"earth-and-sun\">\n\t\t\t\t\t<canvas width=\"270\" height=\"90\"><\/canvas>\n\t\t\t<svg xmlns=\"http:\/\/www.w3.org\/2000\/svg\" xmlns:xlink=\"http:\/\/www.w3.org\/1999\/xlink\" viewbox=\"0 0 270 90\">\n\t\t\t\t\t<defs>\n\t\t\t\t\t\t\t<lineargradient id=\"linear-gradient\" x1=\"25.98\" y1=\"4.21\" x2=\"64.02\" y2=\"85.79\" gradientunits=\"userSpaceOnUse\">\n\t\t\t\t\t\t\t\t\t<stop offset=\"0\" stop-color=\"#fbc02d\"\/>\n\t\t\t\t\t\t\t\t\t<stop offset=\"1\" stop-color=\"#f79a10\"\/>\n\t\t\t\t\t\t\t<\/lineargradient>\n\t\t\t\t\t<\/defs>\n\t\t\t\t\t<g style=\"isolation: isolate\">\n\t\t\t\t\t\t\t<g class=\"sunlight\">\n\t\t\t\t\t\t\t\t\t<circle cx=\"45\" cy=\"45\" r=\"45\" style=\"fill: #fbc02d;opacity: 0.5\"\/>\n\t\t\t\t\t\t\t<\/g>\n\t\t\t\t\t\t\t<g class=\"sun\">\n\t\t\t\t\t\t\t\t\t<circle cx=\"45\" cy=\"45\" r=\"45\" style=\"fill: url(#linear-gradient)\"\/>\n\t\t\t\t\t\t\t\t\t<path d=\"M189.75,248.9a47,47,0,0,1,.31,5.2,45,45,0,0,1-84.75,21.1,45,45,0,1,0,84.44-26.3Z\" transform=\"translate(-105 -225)\" style=\"opacity: 0.15;mix-blend-mode: overlay\"\/>\n\t\t\t\t\t\t\t<\/g>\n\t\t\t\t\t\t\t<g class=\"earth\">\n\t\t\t\t\t\t\t\t\t<circle cx=\"225\" cy=\"45\" r=\"45\" style=\"fill: #61d2ff\"\/>\n\t\t\t\t\t\t\t\t\t<path d=\"M336,226.29c.55.1,1.18.09,1.72.22s1.07.58,1.73.31a1.9,1.9,0,0,0,.76-.65,44.93,44.93,0,0,0-32.74,4.9c1.72.1,1.34,2,2.82.45a18.55,18.55,0,0,1,2.23-2.3c.95-.7,2-.23,3.16-.26-.38.27-2.49,1.79-2.26,2.29.32.69,1.5-.14,1,1.18s-2.09.37-3.13.45c-.8.07-1.24.6-2.11.65s-1.83-.22-2.72-.19a4.33,4.33,0,0,0-3.19,1.86,9.5,9.5,0,0,0-1.46,1.7c-.4.76-.24,1.76-.61,2.44s-1,.69-1.58,1a10.67,10.67,0,0,0-1.89,1.73c-.84,1-1.22,2.84-2.66,3.2-.21,1.52,2.09-.6,2.77-.3.35-.46.49-1.07,1-1.42s1.25-.28,1.84-.66c1.13-.72.77-2.3,2.17-2.57,1.14-.21,2.41-.44,2.69.81.14.62-.1.56-.12,1.16,0,.81-.09.31.51.8a1.8,1.8,0,0,1,.34,2.69c-.34.5-.53.43-.73,1.08a5.91,5.91,0,0,0-.11,2c0,.75-.05,1.48-.07,2.24a2.54,2.54,0,0,0,1.25,2.51c.76.61,1.56,1.05,1.95,2a21.23,21.23,0,0,1,.5,2.62c.23.88,2.41,2.71,2.17,1.15-.12-.81-1-1-1-2,0-.39.17-1,.21-1.4,1.25-.34.92,1.79,1.25,2.43.48.9,1.72,1.48,2.37,2.2-.6.28-1.62.87-1.28,1.7.42,1.05,1.77.32,2.51.33,1.62,0,3.23,1.12,4.55,2s1.76,1.32,3.34,1.19a5.09,5.09,0,0,1,2.86.57,3.06,3.06,0,0,1,1.5,1.47,4.59,4.59,0,0,0,1.57,1.94c.55.42.84.88,1.45.85.42,0,.73-.63,1.37-.43,1.22.38.86,1.93.46,2.64s-.65,1.37-1,2c-.48.75-1.73,1-1.87,2s.91,2,1.15,2.93a10.29,10.29,0,0,1,.19,2.54c-.54.77,2.67,3.48,3.26,4,.88.76,2.15,1.77,2.49,2.93a9.82,9.82,0,0,1,.1,1.72,22.73,22.73,0,0,1,.08,3.2c-.07,1.55-1.19,2.5-1.45,4-.21,1.18.21,2.42,0,3.59-.08.53-.19,1.27-.32,1.79s-.38.51-.59.87a2.11,2.11,0,0,0,.13,2c1-.71,1.81.63,2.27,1.31a2.29,2.29,0,0,0,2.48,1.05,3.31,3.31,0,0,1-1.1-2.36c.24-1,1.72-1.86,2.22-2.72s.39-1.79,1.5-2.21c.31-.11.68-.05,1-.18s.6-.53,1-.71c1-.49,1.27-.36,1.7-1.51.52-1.4,1-3.17,2.3-4.05a8.56,8.56,0,0,1,1.66-.57c.63-.27.82-.7,1.33-1.06a10.06,10.06,0,0,0,2-1.8,15,15,0,0,0,1.8-2.68,5.67,5.67,0,0,1,1-1.64c.21-.21.54-.29.77-.53.92-.91,1.26-2.36,2.05-3.36a5.88,5.88,0,0,0,1.13-1.53,3.37,3.37,0,0,0-.36-.61c-.19-.35-.66-.68-.9-1-.08-.12-.11-.51-.19-.6a5.35,5.35,0,0,0-3.12-1.1c-1.21-.05-3-.23-3.8-1.32-.59-.82.41-2,0-2.84-.48-1.08-3-1.6-4-2.18-.66-.41-1.11-1-1.77-1.44-1-.6-1.54-.85-1.95-1.91-.25-.64.13-.74-.64-1s-1.84.4-2.65.46a5.23,5.23,0,0,1-1.85,0c-.7-.22-1.23-1-2-1.16a4.6,4.6,0,0,0-2.58.59c-.51.34-.79.94-1.36,1.21-.82.38-.76-.12-1.55-.19s-1.21.36-1.82-.54c-.82-1.22-.48-3.71-2.42-3.83-.58,0-1.69.44-2-.29-.52-1.09,1.36-2.54,1.08-3.71s-2.57.38-3.08,1.06c-.33.43-.59,1.49-1.28,1.57a3.33,3.33,0,0,1-1.91-1,5.69,5.69,0,0,1-.66-2.79c-.15-1.58.22-2.07,1.32-3.25a3.11,3.11,0,0,1,2.41-1.34c.77-.14.76-.41,1.41-.07.31.16.5.65.88.8a1.53,1.53,0,0,1,1.6-.53,3.68,3.68,0,0,1,1.85,1.17c.17.29.44,2.91,1.39,1.3-.55-.45-.41-1-.63-1.49s-.73-.86-.83-1.49.54-2.26,1.36-2.41l-.09-.83c.92-.12,2-2.36,1.83-3.46-.09-.55-.69-.51-.37-1.3s1-.44,1.8-.61.67-.69,1.23-1.1.89-.11,1.41-.09c1,.05,2.25.26,2.32-1.09a3,3,0,0,1,1.71,0,2.38,2.38,0,0,0-1.06-2.43c-.8-.54-1.84-.69-2.66-1.21-.53-.34-.91-.83-1.41-1.19a25,25,0,0,1-2.1-1.87c-.93-.83-1.83.22-3.07.05-1.63-.23-1.53-1.46-2.54-2.19-.12-.09-.45,0-.6-.05a4.21,4.21,0,0,1-.73-.68,3.77,3.77,0,0,1-1.05-2.19c1.8-1,2.26,1.43,3,2.33.35.41,1.69.66.64,1.31a12.58,12.58,0,0,1,2.05.1,4.94,4.94,0,0,0,.95.27,5.15,5.15,0,0,0-.24-1.65c-.06-.24,0-.5-.09-.74s-.52-.52-.66-.81c-.4-.83.1-.83-.81-1.34-.62-.34-1.38-.59-2-.88a4,4,0,0,1-1.27-.71,15,15,0,0,1-1.25-1.42c-.72-1.79,2.08-.17,2.72,0a26.24,26.24,0,0,1,3.1,1c.83.31.84.5,1.16,1.32.57,1.5,1.38.78,2.29,1.78a24.23,24.23,0,0,1,1.45,2.4c.6.89,2.94,3.7,4.25,2.35.7-.72-.66-2-.68-2.69a2,2,0,0,1,1-1.62c.87-.69,1.07-1,0-1.8-1.26-1-2.65-1.19-4.16-1.67s-2.07-1.46-2.9-2.79c.54-.1,1.12-.14,1.68-.2A5.56,5.56,0,0,1,336,226.29Zm-16.68,11.53c-.22.56-.61.39-1,.68-.56.44.43,1.22,0,1.5a2.55,2.55,0,0,1-1.1,0c-.45-.15-.58-.46-1.11-.46-.69,0-1.39-.13-1.23-1,.07-.4.48-.81.28-1.26a2.79,2.79,0,0,0-.72-.69c-.18-.12-.41-.1-.57-.2-.35-.22-.22-1.11.18-1.26,0,1.22,1.82.12,2.19.68s-.37.77.11,1.14a1.94,1.94,0,0,0,1.27.13c.43-.12,1.14-.76,1.56-.3A1.44,1.44,0,0,1,319.29,237.82Zm5.79-2.14c.45.13.37.34.61.7s.71.36,1,.66c.6.55-.35,1.28,0,2s3.75,1.49,1.5,2.22c-.66.21-1-.22-1.64-.39a3.16,3.16,0,0,0-1.92.21c-1.1.64,1.36,1.82-.16,2.28-.3.09-1.3,0-1.41-.35s.38-.33.48-.66c.39-1.27-1.17-.48-1.61-.59-.61-.16-.42-1.27.06-1.51a3.62,3.62,0,0,1,1.23-.07c.48,0,1,.06,1.45,0,.22-.92-1.17-1.39-1.9-1.49a1.85,1.85,0,0,1-1.12-.54c-.57-.41-.82-.3-.42-1.06a4.83,4.83,0,0,1,1.49-1.46c.27-.13.47.15.74.18C324,235.86,324.56,235.53,325.08,235.68Z\" transform=\"translate(-105 -225)\" style=\"fill: #7bb537\"\/>\n\t\t\t\t\t\t\t\t\t<path d=\"M319.29,312.91a46.15,46.15,0,0,0,22.9-86.22,45,45,0,1,1-26.11,86.1Q317.67,312.91,319.29,312.91Z\" transform=\"translate(-105 -225)\" style=\"opacity: 0.3;mix-blend-mode: overlay\"\/>\n\t\t\t\t\t\t\t<\/g>\n\t\t\t\t\t<\/g>\n\t\t\t<\/svg>\n\t\t\t\t<\/div>\n\t<\/div><\/div><\/div><\/div><\/div><div id=\"pg-4903-1\"  class=\"panel-grid panel-no-style\" ><div id=\"pgc-4903-1-0\"  class=\"panel-grid-cell\" ><div id=\"panel-4903-1-0-0\" class=\"so-panel widget widget_separator separator-widget panel-first-child panel-last-child\" data-index=\"3\" ><div\n\t\t\t\n\t\t\tclass=\"so-widget-separator so-widget-separator-default-d75171398898-4903\"\n\t\t\t\n\t\t>\t<i class=\"fa-light fa-chevron-down\" style=\"font-size:60px;color:#efefef;\"><\/i>\n\t<\/div><\/div><\/div><\/div><div id=\"pg-4903-2\"  class=\"panel-grid panel-no-style\" ><div id=\"pgc-4903-2-0\"  class=\"panel-grid-cell\" ><div id=\"panel-4903-2-0-0\" class=\"so-panel widget widget_sow-editor panel-first-child panel-last-child\" data-index=\"4\" ><div class=\"panel-widget-style panel-widget-style-for-4903-2-0-0\" ><div\n\t\t\t\n\t\t\tclass=\"so-widget-sow-editor so-widget-sow-editor-base\"\n\t\t\t\n\t\t>\n<div class=\"siteorigin-widget-tinymce textwidget\">\n\t<p class=\"no-bottom-margin medium-font\" style=\"text-align: center;\"><span style=\"color: #09357a;\">EDF power solutions propose <strong>solutions solaires \u00e0 l'\u00e9chelle du r\u00e9seau, de la distribution et sur site<\/strong>. D\u00e9couvrez le type qui pourrait convenir \u00e0 votre entreprise.<\/span><\/p>\n<\/div>\n<\/div><\/div><\/div><\/div><\/div><div id=\"pg-4903-3\"  class=\"panel-grid panel-no-style\" ><div id=\"pgc-4903-3-0\"  class=\"panel-grid-cell\" ><div id=\"panel-4903-3-0-0\" class=\"so-panel widget widget_sections sections-widget panel-first-child panel-last-child\" data-index=\"5\" ><div\n\t\t\t\n\t\t\tclass=\"so-widget-sections so-widget-sections-default-d75171398898-4903\"\n\t\t\t\n\t\t>\t<div class=\"sections\">\n\t\t\t\t\t<div class=\"section link\">\n\t\t\t\t\t\t\t\t\t<a href=\"https:\/\/www.edf-re.com\/fr\/ce-que-nous-faisons\/puissance-a-lechelle-du-reseau\/\">\n\t\t\t\t\t\t<img decoding=\"async\" src=\"https:\/\/www.edf-re.com\/wp-content\/uploads\/grid-scale-solar.jpg\">\n\t\t\t\t\t\t<div class=\"icon\"><\/div>\n\t\t\t\t\t\t<div class=\"overlay\"><\/div>\n\t\t\t\t\t<\/a>\n\t\t\t\t\t\t\t\t\t\t<div class=\"title\">\n\t\t\t\t\t\tL'\u00e9nergie \u00e0 l'\u00e9chelle du r\u00e9seau\t\t\t\t\t<\/div><!-- .title -->\n\t\t\t\t\t\t\t\t\t\t<div class=\"description\">\n\t\t\t\t\t\tNous avons d\u00e9velopp\u00e9 plus de 3 500 m\u00e9gawatts d'\u00e9nergie solaire \u00e0 grande \u00e9chelle dans toute l'Am\u00e9rique du Nord pour certaines des plus grandes soci\u00e9t\u00e9s et entreprises de services publics du monde.\t\t\t\t\t<\/div><!-- .description -->\n\t\t\t\t\t\t\t\t<\/div><!-- .section -->\n\t\t\t\t\t\t<div class=\"section link\">\n\t\t\t\t\t\t\t\t\t<a href=\"https:\/\/www.edf-re.com\/fr\/ce-que-nous-faisons\/distribution-echelle-puissance\/\">\n\t\t\t\t\t\t<img decoding=\"async\" src=\"https:\/\/www.edf-re.com\/wp-content\/uploads\/front-of-meter-solar.jpg\">\n\t\t\t\t\t\t<div class=\"icon\"><\/div>\n\t\t\t\t\t\t<div class=\"overlay\"><\/div>\n\t\t\t\t\t<\/a>\n\t\t\t\t\t\t\t\t\t\t<div class=\"title\">\n\t\t\t\t\t\tPuissance \u00e0 l'\u00e9chelle de la distribution\t\t\t\t\t<\/div><!-- .title -->\n\t\t\t\t\t\t\t\t\t\t<div class=\"description\">\n\t\t\t\t\t\tNous avons fourni aux principaux services publics, coop\u00e9ratives et municipalit\u00e9s des solutions \u00e9nerg\u00e9tiques personnalis\u00e9es de toutes tailles. \t\t\t\t\t<\/div><!-- .description -->\n\t\t\t\t\t\t\t\t<\/div><!-- .section -->\n\t\t\t\t\t\t<div class=\"section link\">\n\t\t\t\t\t\t\t\t\t<a href=\"https:\/\/www.edf-re.com\/fr\/ce-que-nous-faisons\/onsite-solutions\/\">\n\t\t\t\t\t\t<img decoding=\"async\" src=\"https:\/\/www.edf-re.com\/wp-content\/uploads\/behind-meter-solar.jpg\">\n\t\t\t\t\t\t<div class=\"icon\"><\/div>\n\t\t\t\t\t\t<div class=\"overlay\"><\/div>\n\t\t\t\t\t<\/a>\n\t\t\t\t\t\t\t\t\t\t<div class=\"title\">\n\t\t\t\t\t\tSolutions sur site\t\t\t\t\t<\/div><!-- .title -->\n\t\t\t\t\t\t\t\t\t\t<div class=\"description\">\n\t\t\t\t\t\tNous proposons des solutions d'\u00e9nergie propre sur site pour toute entreprise avec un financement interne sans co\u00fbt d'investissement et sans risque de performance.\t\t\t\t\t<\/div><!-- .description -->\n\t\t\t\t\t\t\t\t<\/div><!-- .section -->\n\t\t\t\t<\/div><!-- .sections -->\n\t<\/div><\/div><\/div><\/div><div id=\"pg-4903-4\"  class=\"panel-grid panel-no-style\" ><div id=\"pgc-4903-4-0\"  class=\"panel-grid-cell\" ><div id=\"panel-4903-4-0-0\" class=\"so-panel widget widget_separator separator-widget panel-first-child panel-last-child\" data-index=\"6\" ><div\n\t\t\t\n\t\t\tclass=\"so-widget-separator so-widget-separator-default-d75171398898-4903\"\n\t\t\t\n\t\t>\t<i class=\"fa-light fa-chevron-down\" style=\"font-size:60px;color:#efefef;\"><\/i>\n\t<\/div><\/div><\/div><\/div><div id=\"pg-4903-5\"  class=\"panel-grid panel-no-style\" ><div id=\"pgc-4903-5-0\"  class=\"panel-grid-cell\" ><div id=\"panel-4903-5-0-0\" class=\"so-panel widget widget_sow-editor panel-first-child panel-last-child\" data-index=\"7\" ><div\n\t\t\t\n\t\t\tclass=\"so-widget-sow-editor so-widget-sow-editor-base\"\n\t\t\t\n\t\t>\n<div class=\"siteorigin-widget-tinymce textwidget\">\n\t<p class=\"large-font\" style=\"text-align: center;\"><span style=\"color: #09357a;\">Vous voulez en savoir plus sur nos solutions d'\u00e9nergie solaire ?<\/span><\/p>\n<p class=\"no-bottom-margin\" style=\"text-align: center;\"><a class=\"button\" href=\"https:\/\/www.edf-re.com\/fr\/contacter\/\">Contactez-nous<\/a><\/p>\n<\/div>\n<\/div><\/div><\/div><\/div><div id=\"pg-4903-6\"  class=\"panel-grid panel-has-style\" ><div class=\"siteorigin-panels-stretch panel-row-style panel-row-style-for-4903-6\" style=\"position:relative;\" data-siteorigin-parallax=\"{&quot;backgroundUrl&quot;:&quot;https:\\\/\\\/www.edf-re.com\\\/wp-content\\\/uploads\\\/solar-panels-bg.jpg&quot;,&quot;backgroundSize&quot;:[1920,1080],&quot;backgroundSizing&quot;:&quot;scaled&quot;,&quot;limitMotion&quot;:&quot;auto&quot;}\" data-stretch-type=\"full\" ><div class=\"page-builder-overlay\" style=\"background-color:rgba(16, 54, 122, 0.85);\"><\/div><div id=\"pgc-4903-6-0\"  class=\"panel-grid-cell\" ><div id=\"panel-4903-6-0-0\" class=\"so-panel widget widget_sow-editor panel-first-child panel-last-child\" data-index=\"8\" ><div class=\"panel-widget-style panel-widget-style-for-4903-6-0-0\" ><div\n\t\t\t\n\t\t\tclass=\"so-widget-sow-editor so-widget-sow-editor-base\"\n\t\t\t\n\t\t>\n<div class=\"siteorigin-widget-tinymce textwidget\">\n\t<p class=\"no-bottom-margin\" style=\"text-align: center; font-size: 36px;\"><a class=\"arrow-button white\" href=\"https:\/\/www.edf-re.com\/fr\/projets\/?project-technology[]=solar\">Voir notre <strong>SOLAIRE<\/strong> projets<\/a><\/p>\n<\/div>\n<\/div><\/div><\/div><\/div><\/div><\/div><\/div>","protected":false},"excerpt":{"rendered":"<p>Une croissance continue L'\u00e9nergie solaire a connu une croissance massive depuis 2000, ouvrant la voie \u00e0 l'avenir de cette ressource \u00e9nerg\u00e9tique propre en constante expansion. Aux \u00c9tats-Unis, au cours de la derni\u00e8re d\u00e9cennie. Pr\u00e8s de 6 800 m\u00e9gawatts (MW) de capacit\u00e9 solaire ont \u00e9t\u00e9 install\u00e9s rien qu'aux \u00c9tats-Unis, soit suffisamment pour alimenter 15 millions de foyers. L'industrie solaire emploie [...]<\/p>","protected":false},"author":1,"featured_media":0,"parent":526,"menu_order":13,"comment_status":"closed","ping_status":"closed","template":"","meta":{"_acf_changed":false,"footnotes":""},"class_list":["post-4903","page","type-page","status-publish","hentry"],"acf":[],"yoast_head":"<!-- This site is optimized with the Yoast SEO plugin v26.8 - https:\/\/yoast.com\/product\/yoast-seo-wordpress\/ -->\n<title>Solar Energy Solutions from EDFps | Utility Solar Panel Clean Energy<\/title>\n<meta name=\"description\" content=\"Solar Energy Solutions from EDF power solutions NA | Solar Panels for clean energy generation in the United States | Utility Scale Solar &amp; Distributed Solar Solutions\" \/>\n<meta name=\"robots\" content=\"index, follow, max-snippet:-1, max-image-preview:large, max-video-preview:-1\" \/>\n<link rel=\"canonical\" href=\"https:\/\/www.edf-re.com\/fr\/ce-que-nous-faisons\/solaire\/\" \/>\n<meta property=\"og:locale\" content=\"fr_CA\" \/>\n<meta property=\"og:type\" content=\"article\" \/>\n<meta property=\"og:title\" content=\"Solar Energy Solutions from EDFps | Utility Solar Panel Clean Energy\" \/>\n<meta property=\"og:description\" content=\"Solar Energy Solutions from EDF power solutions NA | Solar Panels for clean energy generation in the United States | Utility Scale Solar &amp; Distributed Solar Solutions\" \/>\n<meta property=\"og:url\" content=\"https:\/\/www.edf-re.com\/fr\/ce-que-nous-faisons\/solaire\/\" \/>\n<meta property=\"og:site_name\" content=\"EDF power solutions North America\" \/>\n<meta property=\"article:modified_time\" content=\"2025-06-12T18:37:58+00:00\" \/>\n<meta property=\"og:image\" content=\"https:\/\/www.edf-re.com\/wp-content\/uploads\/logo_edf_power_solutions_RGB-no-buffer-zone.png\" \/>\n\t<meta property=\"og:image:width\" content=\"2000\" \/>\n\t<meta property=\"og:image:height\" content=\"702\" \/>\n\t<meta property=\"og:image:type\" content=\"image\/png\" \/>\n<meta name=\"twitter:card\" content=\"summary_large_image\" \/>\n<meta name=\"twitter:label1\" content=\"Estimation du temps de lecture\" \/>\n\t<meta name=\"twitter:data1\" content=\"2 minutes\" \/>\n<script type=\"application\/ld+json\" class=\"yoast-schema-graph\">{\"@context\":\"https:\/\/schema.org\",\"@graph\":[{\"@type\":\"WebPage\",\"@id\":\"https:\/\/www.edf-re.com\/what-we-do\/solar\/\",\"url\":\"https:\/\/www.edf-re.com\/what-we-do\/solar\/\",\"name\":\"Solar Energy Solutions from EDFps | Utility Solar Panel Clean Energy\",\"isPartOf\":{\"@id\":\"https:\/\/www.edf-re.com\/#website\"},\"datePublished\":\"2021-06-09T14:39:45+00:00\",\"dateModified\":\"2025-06-12T18:37:58+00:00\",\"description\":\"Solar Energy Solutions from EDF power solutions NA | Solar Panels for clean energy generation in the United States | Utility Scale Solar & Distributed Solar Solutions\",\"breadcrumb\":{\"@id\":\"https:\/\/www.edf-re.com\/what-we-do\/solar\/#breadcrumb\"},\"inLanguage\":\"fr-CA\",\"potentialAction\":[{\"@type\":\"ReadAction\",\"target\":[\"https:\/\/www.edf-re.com\/what-we-do\/solar\/\"]}]},{\"@type\":\"BreadcrumbList\",\"@id\":\"https:\/\/www.edf-re.com\/what-we-do\/solar\/#breadcrumb\",\"itemListElement\":[{\"@type\":\"ListItem\",\"position\":1,\"name\":\"Home\",\"item\":\"https:\/\/www.edf-re.com\/\"},{\"@type\":\"ListItem\",\"position\":2,\"name\":\"What We Do\",\"item\":\"https:\/\/www.edf-re.com\/what-we-do\/\"},{\"@type\":\"ListItem\",\"position\":3,\"name\":\"Solar\"}]},{\"@type\":\"WebSite\",\"@id\":\"https:\/\/www.edf-re.com\/#website\",\"url\":\"https:\/\/www.edf-re.com\/\",\"name\":\"EDF power solutions North America\",\"description\":\"\",\"publisher\":{\"@id\":\"https:\/\/www.edf-re.com\/#organization\"},\"potentialAction\":[{\"@type\":\"SearchAction\",\"target\":{\"@type\":\"EntryPoint\",\"urlTemplate\":\"https:\/\/www.edf-re.com\/?s={search_term_string}\"},\"query-input\":{\"@type\":\"PropertyValueSpecification\",\"valueRequired\":true,\"valueName\":\"search_term_string\"}}],\"inLanguage\":\"fr-CA\"},{\"@type\":\"Organization\",\"@id\":\"https:\/\/www.edf-re.com\/#organization\",\"name\":\"EDF Renewables North America\",\"url\":\"https:\/\/www.edf-re.com\/\",\"logo\":{\"@type\":\"ImageObject\",\"inLanguage\":\"fr-CA\",\"@id\":\"https:\/\/www.edf-re.com\/#\/schema\/logo\/image\/\",\"url\":\"https:\/\/www.edf-re.com\/wp-content\/uploads\/edfr-logo-1.png\",\"contentUrl\":\"https:\/\/www.edf-re.com\/wp-content\/uploads\/edfr-logo-1.png\",\"width\":600,\"height\":291,\"caption\":\"EDF Renewables North America\"},\"image\":{\"@id\":\"https:\/\/www.edf-re.com\/#\/schema\/logo\/image\/\"}}]}<\/script>\n<!-- \/ Yoast SEO plugin. -->","yoast_head_json":{"title":"Solutions d'\u00e9nergie solaire d'EDFps | Panneaux solaires pour les collectivit\u00e9s \u00c9nergie propre","description":"Solutions d'\u00e9nergie solaire d'EDF power solutions NA | Panneaux solaires pour la production d'\u00e9nergie propre aux Etats-Unis | Solutions solaires \u00e0 l'\u00e9chelle de l'entreprise et solutions solaires distribu\u00e9es","robots":{"index":"index","follow":"follow","max-snippet":"max-snippet:-1","max-image-preview":"max-image-preview:large","max-video-preview":"max-video-preview:-1"},"canonical":"https:\/\/www.edf-re.com\/fr\/ce-que-nous-faisons\/solaire\/","og_locale":"fr_CA","og_type":"article","og_title":"Solar Energy Solutions from EDFps | Utility Solar Panel Clean Energy","og_description":"Solar Energy Solutions from EDF power solutions NA | Solar Panels for clean energy generation in the United States | Utility Scale Solar & Distributed Solar Solutions","og_url":"https:\/\/www.edf-re.com\/fr\/ce-que-nous-faisons\/solaire\/","og_site_name":"EDF power solutions North America","article_modified_time":"2025-06-12T18:37:58+00:00","og_image":[{"width":2000,"height":702,"url":"https:\/\/www.edf-re.com\/wp-content\/uploads\/logo_edf_power_solutions_RGB-no-buffer-zone.png","type":"image\/png"}],"twitter_card":"summary_large_image","twitter_misc":{"Estimation du temps de lecture":"2 minutes"},"schema":{"@context":"https:\/\/schema.org","@graph":[{"@type":"WebPage","@id":"https:\/\/www.edf-re.com\/what-we-do\/solar\/","url":"https:\/\/www.edf-re.com\/what-we-do\/solar\/","name":"Solutions d'\u00e9nergie solaire d'EDFps | Panneaux solaires pour les collectivit\u00e9s \u00c9nergie propre","isPartOf":{"@id":"https:\/\/www.edf-re.com\/#website"},"datePublished":"2021-06-09T14:39:45+00:00","dateModified":"2025-06-12T18:37:58+00:00","description":"Solutions d'\u00e9nergie solaire d'EDF power solutions NA | Panneaux solaires pour la production d'\u00e9nergie propre aux Etats-Unis | Solutions solaires \u00e0 l'\u00e9chelle de l'entreprise et solutions solaires distribu\u00e9es","breadcrumb":{"@id":"https:\/\/www.edf-re.com\/what-we-do\/solar\/#breadcrumb"},"inLanguage":"fr-CA","potentialAction":[{"@type":"ReadAction","target":["https:\/\/www.edf-re.com\/what-we-do\/solar\/"]}]},{"@type":"BreadcrumbList","@id":"https:\/\/www.edf-re.com\/what-we-do\/solar\/#breadcrumb","itemListElement":[{"@type":"ListItem","position":1,"name":"Home","item":"https:\/\/www.edf-re.com\/"},{"@type":"ListItem","position":2,"name":"What We Do","item":"https:\/\/www.edf-re.com\/what-we-do\/"},{"@type":"ListItem","position":3,"name":"Solar"}]},{"@type":"WebSite","@id":"https:\/\/www.edf-re.com\/#website","url":"https:\/\/www.edf-re.com\/","name":"EDF power solutions Am\u00e9rique du Nord","description":"","publisher":{"@id":"https:\/\/www.edf-re.com\/#organization"},"potentialAction":[{"@type":"SearchAction","target":{"@type":"EntryPoint","urlTemplate":"https:\/\/www.edf-re.com\/?s={search_term_string}"},"query-input":{"@type":"PropertyValueSpecification","valueRequired":true,"valueName":"search_term_string"}}],"inLanguage":"fr-CA"},{"@type":"Organization","@id":"https:\/\/www.edf-re.com\/#organization","name":"EDF Renewables Am\u00e9rique du Nord","url":"https:\/\/www.edf-re.com\/","logo":{"@type":"ImageObject","inLanguage":"fr-CA","@id":"https:\/\/www.edf-re.com\/#\/schema\/logo\/image\/","url":"https:\/\/www.edf-re.com\/wp-content\/uploads\/edfr-logo-1.png","contentUrl":"https:\/\/www.edf-re.com\/wp-content\/uploads\/edfr-logo-1.png","width":600,"height":291,"caption":"EDF Renewables North America"},"image":{"@id":"https:\/\/www.edf-re.com\/#\/schema\/logo\/image\/"}}]}},"_links":{"self":[{"href":"https:\/\/www.edf-re.com\/fr\/wp-json\/wp\/v2\/pages\/4903","targetHints":{"allow":["GET"]}}],"collection":[{"href":"https:\/\/www.edf-re.com\/fr\/wp-json\/wp\/v2\/pages"}],"about":[{"href":"https:\/\/www.edf-re.com\/fr\/wp-json\/wp\/v2\/types\/page"}],"author":[{"embeddable":true,"href":"https:\/\/www.edf-re.com\/fr\/wp-json\/wp\/v2\/users\/1"}],"replies":[{"embeddable":true,"href":"https:\/\/www.edf-re.com\/fr\/wp-json\/wp\/v2\/comments?post=4903"}],"version-history":[{"count":6,"href":"https:\/\/www.edf-re.com\/fr\/wp-json\/wp\/v2\/pages\/4903\/revisions"}],"predecessor-version":[{"id":10823,"href":"https:\/\/www.edf-re.com\/fr\/wp-json\/wp\/v2\/pages\/4903\/revisions\/10823"}],"up":[{"embeddable":true,"href":"https:\/\/www.edf-re.com\/fr\/wp-json\/wp\/v2\/pages\/526"}],"wp:attachment":[{"href":"https:\/\/www.edf-re.com\/fr\/wp-json\/wp\/v2\/media?parent=4903"}],"curies":[{"name":"wp","href":"https:\/\/api.w.org\/{rel}","templated":true}]}}