{"id":6291,"date":"2021-10-07T11:58:56","date_gmt":"2021-10-07T15:58:56","guid":{"rendered":"https:\/\/www.edf-re.com\/?page_id=6291"},"modified":"2026-03-11T14:42:20","modified_gmt":"2026-03-11T21:42:20","slug":"puissance-a-lechelle-du-reseau","status":"publish","type":"page","link":"https:\/\/www.edf-re.com\/fr\/ce-que-nous-faisons\/puissance-a-lechelle-du-reseau\/","title":{"rendered":"L'\u00e9nergie \u00e0 l'\u00e9chelle du r\u00e9seau"},"content":{"rendered":"<div id=\"pl-6291\"  class=\"panel-layout\" ><div id=\"pg-6291-0\"  class=\"panel-grid panel-no-style\" ><div id=\"pgc-6291-0-0\"  class=\"panel-grid-cell\" ><div id=\"panel-6291-0-0-0\" class=\"so-panel widget widget_sow-editor panel-first-child panel-last-child\" data-index=\"0\" ><div class=\"panel-widget-style panel-widget-style-for-6291-0-0-0\" ><div\n\t\t\t\n\t\t\tclass=\"so-widget-sow-editor so-widget-sow-editor-base\"\n\t\t\t\n\t\t>\n<div class=\"siteorigin-widget-tinymce textwidget\">\n\t<p class=\"x-large-font\" style=\"text-align: center;\"><span style=\"color: #09357a;\">R\u00e9soudre les probl\u00e8mes d'\u00e9nergie<\/span><\/p>\n<p style=\"text-align: center;\">L'\u00e9quipe Am\u00e9rique du Nord d'EDF power solutions Grid-Scale Power fournit des services d'origination, de d\u00e9veloppement et de construction pour de grands projets commerciaux \u00e9oliens (onshore et offshore), solaires photovolta\u00efques, de stockage (batteries et hydro\u00e9lectricit\u00e9 par pompage), d'hydrog\u00e8ne vert et de transport d'\u00e9nergie. Notre \u00e9quipe de leaders peut r\u00e9soudre les d\u00e9fis \u00e9nerg\u00e9tiques auxquels sont confront\u00e9es les entreprises et les communaut\u00e9s, quelle que soit leur taille ou leur complexit\u00e9, ayant d\u00e9velopp\u00e9 plus de 23 GW de projets \u00e9oliens, solaires et de stockage avec certaines des plus grandes entreprises et services publics du monde.<\/p>\n<\/div>\n<\/div><\/div><\/div><\/div><\/div><div id=\"pg-6291-1\"  class=\"panel-grid panel-no-style\" ><div id=\"pgc-6291-1-0\"  class=\"panel-grid-cell\" ><div id=\"panel-6291-1-0-0\" class=\"so-panel widget widget_separator separator-widget panel-first-child panel-last-child\" data-index=\"1\" ><div\n\t\t\t\n\t\t\tclass=\"so-widget-separator so-widget-separator-default-d75171398898-6291\"\n\t\t\t\n\t\t>\t\t<div class=\"animate__animated animate__bounce animate__infinite animate__slow\">\n\t\t\t<i class=\"fa-light fa-chevron-down\" style=\"font-size:60px;color:#efefef;\"><\/i>\n\t\t\t<\/div>\n\t\t<\/div><\/div><\/div><\/div><div id=\"pg-6291-2\"  class=\"panel-grid panel-no-style\" ><div id=\"pgc-6291-2-0\"  class=\"panel-grid-cell\" ><div id=\"panel-6291-2-0-0\" class=\"so-panel widget widget_sections sections-widget panel-first-child panel-last-child\" data-index=\"2\" ><div\n\t\t\t\n\t\t\tclass=\"so-widget-sections so-widget-sections-default-d75171398898-6291\"\n\t\t\t\n\t\t>\t<div class=\"sections\">\n\t\t\t\t\t<div class=\"section link\">\n\t\t\t\t\t\t\t\t\t<a href=\"https:\/\/www.edf-re.com\/fr\/ce-que-nous-faisons\/vent-terrestre\/\">\n\t\t\t\t\t\t<img decoding=\"async\" src=\"https:\/\/www.edf-re.com\/wp-content\/uploads\/grid-scale-onshore-section.jpg\">\n\t\t\t\t\t\t<div class=\"icon\"><\/div>\n\t\t\t\t\t\t<div class=\"overlay\"><\/div>\n\t\t\t\t\t<\/a>\n\t\t\t\t\t\t\t\t\t\t<div class=\"title\">\n\t\t\t\t\t\t\u00c9olien terrestre\t\t\t\t\t<\/div><!-- .title -->\n\t\t\t\t\t\t\t\t\t\t<div class=\"description\">\n\t\t\t\t\t\tL'\u00e9nergie \u00e9olienne est une ressource illimit\u00e9e et non polluante qui ne consomme pratiquement pas d'eau, et l'\u00e9nergie qu'elle produit est encore plus abordable que jamais, avec une r\u00e9duction des co\u00fbts de 47%+ au cours des dix derni\u00e8res ann\u00e9es.\t\t\t\t\t<\/div><!-- .description -->\n\t\t\t\t\t\t\t\t<\/div><!-- .section -->\n\t\t\t\t\t\t<div class=\"section link\">\n\t\t\t\t\t\t\t\t\t<a href=\"https:\/\/www.edf-re.com\/fr\/ce-que-nous-faisons\/vent-de-terre\/\">\n\t\t\t\t\t\t<img decoding=\"async\" src=\"https:\/\/www.edf-re.com\/wp-content\/uploads\/grid-scale-offshore-section.jpg\">\n\t\t\t\t\t\t<div class=\"icon\"><\/div>\n\t\t\t\t\t\t<div class=\"overlay\"><\/div>\n\t\t\t\t\t<\/a>\n\t\t\t\t\t\t\t\t\t\t<div class=\"title\">\n\t\t\t\t\t\tL'\u00e9olien offshore\t\t\t\t\t<\/div><!-- .title -->\n\t\t\t\t\t\t\t\t\t\t<div class=\"description\">\n\t\t\t\t\t\tL'\u00e9olien en mer est une vaste ressource \u00e9nerg\u00e9tique aux \u00c9tats-Unis, avec un potentiel technique de plus de 2 000 GW, soit pr\u00e8s du double de la consommation \u00e9lectrique actuelle du pays.\t\t\t\t\t<\/div><!-- .description -->\n\t\t\t\t\t\t\t\t<\/div><!-- .section -->\n\t\t\t\t\t\t<div class=\"section link\">\n\t\t\t\t\t\t\t\t\t<a href=\"https:\/\/www.edf-re.com\/fr\/ce-que-nous-faisons\/solaire\/\">\n\t\t\t\t\t\t<img decoding=\"async\" src=\"https:\/\/www.edf-re.com\/wp-content\/uploads\/grid-scale-solar-section.jpg\">\n\t\t\t\t\t\t<div class=\"icon\"><\/div>\n\t\t\t\t\t\t<div class=\"overlay\"><\/div>\n\t\t\t\t\t<\/a>\n\t\t\t\t\t\t\t\t\t\t<div class=\"title\">\n\t\t\t\t\t\tSolaire\t\t\t\t\t<\/div><!-- .title -->\n\t\t\t\t\t\t\t\t\t\t<div class=\"description\">\n\t\t\t\t\t\tL'\u00e9nergie solaire est une ressource durable et ind\u00e9finiment renouvelable pour la consommation d'\u00e9nergie, qui conna\u00eet une croissance continue gr\u00e2ce \u00e0 la baisse des co\u00fbts d'installation de l'\u00e9nergie solaire au cours des dix derni\u00e8res ann\u00e9es.\t\t\t\t\t<\/div><!-- .description -->\n\t\t\t\t\t\t\t\t<\/div><!-- .section -->\n\t\t\t\t\t\t<div class=\"section link\">\n\t\t\t\t\t\t\t\t\t<a href=\"https:\/\/www.edf-re.com\/fr\/ce-que-nous-faisons\/stockage\/\">\n\t\t\t\t\t\t<img decoding=\"async\" src=\"https:\/\/www.edf-re.com\/wp-content\/uploads\/grid-scale-storage-section.jpg\">\n\t\t\t\t\t\t<div class=\"icon\"><\/div>\n\t\t\t\t\t\t<div class=\"overlay\"><\/div>\n\t\t\t\t\t<\/a>\n\t\t\t\t\t\t\t\t\t\t<div class=\"title\">\n\t\t\t\t\t\tStockage\t\t\t\t\t<\/div><!-- .title -->\n\t\t\t\t\t\t\t\t\t\t<div class=\"description\">\n\t\t\t\t\t\tLes syst\u00e8mes de stockage aident les gestionnaires d'\u00e9nergie et d'installations \u00e0 pr\u00e9voir, g\u00e9rer et r\u00e9duire les co\u00fbts \u00e9nerg\u00e9tiques op\u00e9rationnels et \u00e0 se pr\u00e9munir contre la hausse des co\u00fbts jusqu'\u00e0 5-10% par an.\t\t\t\t\t<\/div><!-- .description -->\n\t\t\t\t\t\t\t\t<\/div><!-- .section -->\n\t\t\t\t<\/div><!-- .sections -->\n\t<\/div><\/div><\/div><\/div><\/div>","protected":false},"excerpt":{"rendered":"<p>L'\u00e9quipe d'EDF power solutions North America Grid-Scale Power fournit des services d'origination, de d\u00e9veloppement et de construction pour de grands projets commerciaux \u00e9oliens (onshore et offshore), solaires photovolta\u00efques, de stockage (batteries et hydro\u00e9lectricit\u00e9 par pompage), d'hydrog\u00e8ne vert et de transport d'\u00e9lectricit\u00e9. Notre \u00e9quipe de leaders peut r\u00e9soudre les d\u00e9fis \u00e9nerg\u00e9tiques auxquels sont confront\u00e9es les entreprises et les communaut\u00e9s, quelle que soit leur taille ou leur [...]<\/p>","protected":false},"author":1,"featured_media":0,"parent":526,"menu_order":21,"comment_status":"closed","ping_status":"closed","template":"","meta":{"_acf_changed":false,"footnotes":""},"class_list":["post-6291","page","type-page","status-publish","hentry"],"acf":[],"yoast_head":"<!-- This site is optimized with the Yoast SEO plugin v26.8 - https:\/\/yoast.com\/product\/yoast-seo-wordpress\/ -->\n<title>Grid-Scale Power - EDF power solutions North America<\/title>\n<meta name=\"robots\" content=\"index, follow, max-snippet:-1, max-image-preview:large, max-video-preview:-1\" \/>\n<link rel=\"canonical\" href=\"https:\/\/www.edf-re.com\/fr\/ce-que-nous-faisons\/puissance-a-lechelle-du-reseau\/\" \/>\n<meta property=\"og:locale\" content=\"fr_CA\" \/>\n<meta property=\"og:type\" content=\"article\" \/>\n<meta property=\"og:title\" content=\"Grid-Scale Power - EDF power solutions North America\" \/>\n<meta property=\"og:description\" content=\"Solving Energy Challenges The EDF power solutions North America Grid-Scale Power team provides origination, development, and construction services for large commercial wind (onshore and offshore), solar PV, storage (battery and pumped storage hydropower), green hydrogen, and transmission projects. Our team of leaders can solve energy challenges facing businesses and communities no matter the size or [&hellip;]\" \/>\n<meta property=\"og:url\" content=\"https:\/\/www.edf-re.com\/fr\/ce-que-nous-faisons\/puissance-a-lechelle-du-reseau\/\" \/>\n<meta property=\"og:site_name\" content=\"EDF power solutions North America\" \/>\n<meta property=\"article:modified_time\" content=\"2026-03-11T21:42:20+00:00\" \/>\n<meta property=\"og:image\" content=\"https:\/\/www.edf-re.com\/wp-content\/uploads\/logo_edf_power_solutions_RGB-no-buffer-zone.png\" \/>\n\t<meta property=\"og:image:width\" content=\"2000\" \/>\n\t<meta property=\"og:image:height\" content=\"702\" \/>\n\t<meta property=\"og:image:type\" content=\"image\/png\" \/>\n<meta name=\"twitter:card\" content=\"summary_large_image\" \/>\n<meta name=\"twitter:label1\" content=\"Estimation du temps de lecture\" \/>\n\t<meta name=\"twitter:data1\" content=\"2 minutes\" \/>\n<script type=\"application\/ld+json\" class=\"yoast-schema-graph\">{\"@context\":\"https:\/\/schema.org\",\"@graph\":[{\"@type\":\"WebPage\",\"@id\":\"https:\/\/www.edf-re.com\/what-we-do\/grid-scale-power\/\",\"url\":\"https:\/\/www.edf-re.com\/what-we-do\/grid-scale-power\/\",\"name\":\"Grid-Scale Power - EDF power solutions North America\",\"isPartOf\":{\"@id\":\"https:\/\/www.edf-re.com\/#website\"},\"datePublished\":\"2021-10-07T15:58:56+00:00\",\"dateModified\":\"2026-03-11T21:42:20+00:00\",\"breadcrumb\":{\"@id\":\"https:\/\/www.edf-re.com\/what-we-do\/grid-scale-power\/#breadcrumb\"},\"inLanguage\":\"fr-CA\",\"potentialAction\":[{\"@type\":\"ReadAction\",\"target\":[\"https:\/\/www.edf-re.com\/what-we-do\/grid-scale-power\/\"]}]},{\"@type\":\"BreadcrumbList\",\"@id\":\"https:\/\/www.edf-re.com\/what-we-do\/grid-scale-power\/#breadcrumb\",\"itemListElement\":[{\"@type\":\"ListItem\",\"position\":1,\"name\":\"Home\",\"item\":\"https:\/\/www.edf-re.com\/\"},{\"@type\":\"ListItem\",\"position\":2,\"name\":\"What We Do\",\"item\":\"https:\/\/www.edf-re.com\/what-we-do\/\"},{\"@type\":\"ListItem\",\"position\":3,\"name\":\"Grid-Scale Power\"}]},{\"@type\":\"WebSite\",\"@id\":\"https:\/\/www.edf-re.com\/#website\",\"url\":\"https:\/\/www.edf-re.com\/\",\"name\":\"EDF power solutions North America\",\"description\":\"\",\"publisher\":{\"@id\":\"https:\/\/www.edf-re.com\/#organization\"},\"potentialAction\":[{\"@type\":\"SearchAction\",\"target\":{\"@type\":\"EntryPoint\",\"urlTemplate\":\"https:\/\/www.edf-re.com\/?s={search_term_string}\"},\"query-input\":{\"@type\":\"PropertyValueSpecification\",\"valueRequired\":true,\"valueName\":\"search_term_string\"}}],\"inLanguage\":\"fr-CA\"},{\"@type\":\"Organization\",\"@id\":\"https:\/\/www.edf-re.com\/#organization\",\"name\":\"EDF Renewables North America\",\"url\":\"https:\/\/www.edf-re.com\/\",\"logo\":{\"@type\":\"ImageObject\",\"inLanguage\":\"fr-CA\",\"@id\":\"https:\/\/www.edf-re.com\/#\/schema\/logo\/image\/\",\"url\":\"https:\/\/www.edf-re.com\/wp-content\/uploads\/edfr-logo-1.png\",\"contentUrl\":\"https:\/\/www.edf-re.com\/wp-content\/uploads\/edfr-logo-1.png\",\"width\":600,\"height\":291,\"caption\":\"EDF Renewables North America\"},\"image\":{\"@id\":\"https:\/\/www.edf-re.com\/#\/schema\/logo\/image\/\"}}]}<\/script>\n<!-- \/ Yoast SEO plugin. -->","yoast_head_json":{"title":"Puissance \u00e0 l'\u00e9chelle du r\u00e9seau - EDF power solutions North America","robots":{"index":"index","follow":"follow","max-snippet":"max-snippet:-1","max-image-preview":"max-image-preview:large","max-video-preview":"max-video-preview:-1"},"canonical":"https:\/\/www.edf-re.com\/fr\/ce-que-nous-faisons\/puissance-a-lechelle-du-reseau\/","og_locale":"fr_CA","og_type":"article","og_title":"Grid-Scale Power - EDF power solutions North America","og_description":"Solving Energy Challenges The EDF power solutions North America Grid-Scale Power team provides origination, development, and construction services for large commercial wind (onshore and offshore), solar PV, storage (battery and pumped storage hydropower), green hydrogen, and transmission projects. Our team of leaders can solve energy challenges facing businesses and communities no matter the size or [&hellip;]","og_url":"https:\/\/www.edf-re.com\/fr\/ce-que-nous-faisons\/puissance-a-lechelle-du-reseau\/","og_site_name":"EDF power solutions North America","article_modified_time":"2026-03-11T21:42:20+00:00","og_image":[{"width":2000,"height":702,"url":"https:\/\/www.edf-re.com\/wp-content\/uploads\/logo_edf_power_solutions_RGB-no-buffer-zone.png","type":"image\/png"}],"twitter_card":"summary_large_image","twitter_misc":{"Estimation du temps de lecture":"2 minutes"},"schema":{"@context":"https:\/\/schema.org","@graph":[{"@type":"WebPage","@id":"https:\/\/www.edf-re.com\/what-we-do\/grid-scale-power\/","url":"https:\/\/www.edf-re.com\/what-we-do\/grid-scale-power\/","name":"Puissance \u00e0 l'\u00e9chelle du r\u00e9seau - EDF power solutions North America","isPartOf":{"@id":"https:\/\/www.edf-re.com\/#website"},"datePublished":"2021-10-07T15:58:56+00:00","dateModified":"2026-03-11T21:42:20+00:00","breadcrumb":{"@id":"https:\/\/www.edf-re.com\/what-we-do\/grid-scale-power\/#breadcrumb"},"inLanguage":"fr-CA","potentialAction":[{"@type":"ReadAction","target":["https:\/\/www.edf-re.com\/what-we-do\/grid-scale-power\/"]}]},{"@type":"BreadcrumbList","@id":"https:\/\/www.edf-re.com\/what-we-do\/grid-scale-power\/#breadcrumb","itemListElement":[{"@type":"ListItem","position":1,"name":"Home","item":"https:\/\/www.edf-re.com\/"},{"@type":"ListItem","position":2,"name":"What We Do","item":"https:\/\/www.edf-re.com\/what-we-do\/"},{"@type":"ListItem","position":3,"name":"Grid-Scale Power"}]},{"@type":"WebSite","@id":"https:\/\/www.edf-re.com\/#website","url":"https:\/\/www.edf-re.com\/","name":"EDF power solutions Am\u00e9rique du Nord","description":"","publisher":{"@id":"https:\/\/www.edf-re.com\/#organization"},"potentialAction":[{"@type":"SearchAction","target":{"@type":"EntryPoint","urlTemplate":"https:\/\/www.edf-re.com\/?s={search_term_string}"},"query-input":{"@type":"PropertyValueSpecification","valueRequired":true,"valueName":"search_term_string"}}],"inLanguage":"fr-CA"},{"@type":"Organization","@id":"https:\/\/www.edf-re.com\/#organization","name":"EDF Renewables Am\u00e9rique du Nord","url":"https:\/\/www.edf-re.com\/","logo":{"@type":"ImageObject","inLanguage":"fr-CA","@id":"https:\/\/www.edf-re.com\/#\/schema\/logo\/image\/","url":"https:\/\/www.edf-re.com\/wp-content\/uploads\/edfr-logo-1.png","contentUrl":"https:\/\/www.edf-re.com\/wp-content\/uploads\/edfr-logo-1.png","width":600,"height":291,"caption":"EDF Renewables North America"},"image":{"@id":"https:\/\/www.edf-re.com\/#\/schema\/logo\/image\/"}}]}},"_links":{"self":[{"href":"https:\/\/www.edf-re.com\/fr\/wp-json\/wp\/v2\/pages\/6291","targetHints":{"allow":["GET"]}}],"collection":[{"href":"https:\/\/www.edf-re.com\/fr\/wp-json\/wp\/v2\/pages"}],"about":[{"href":"https:\/\/www.edf-re.com\/fr\/wp-json\/wp\/v2\/types\/page"}],"author":[{"embeddable":true,"href":"https:\/\/www.edf-re.com\/fr\/wp-json\/wp\/v2\/users\/1"}],"replies":[{"embeddable":true,"href":"https:\/\/www.edf-re.com\/fr\/wp-json\/wp\/v2\/comments?post=6291"}],"version-history":[{"count":7,"href":"https:\/\/www.edf-re.com\/fr\/wp-json\/wp\/v2\/pages\/6291\/revisions"}],"predecessor-version":[{"id":11228,"href":"https:\/\/www.edf-re.com\/fr\/wp-json\/wp\/v2\/pages\/6291\/revisions\/11228"}],"up":[{"embeddable":true,"href":"https:\/\/www.edf-re.com\/fr\/wp-json\/wp\/v2\/pages\/526"}],"wp:attachment":[{"href":"https:\/\/www.edf-re.com\/fr\/wp-json\/wp\/v2\/media?parent=6291"}],"curies":[{"name":"wp","href":"https:\/\/api.w.org\/{rel}","templated":true}]}}