{"id":6308,"date":"2021-10-07T12:32:39","date_gmt":"2021-10-07T16:32:39","guid":{"rendered":"https:\/\/www.edf-re.com\/?page_id=6308"},"modified":"2025-10-08T13:35:07","modified_gmt":"2025-10-08T20:35:07","slug":"distribution-echelle-puissance","status":"publish","type":"page","link":"https:\/\/www.edf-re.com\/fr\/ce-que-nous-faisons\/distribution-echelle-puissance\/","title":{"rendered":"Puissance \u00e0 l'\u00e9chelle de la distribution"},"content":{"rendered":"<div id=\"pl-6308\"  class=\"panel-layout\" ><div id=\"pg-6308-0\"  class=\"panel-grid panel-no-style\" ><div id=\"pgc-6308-0-0\"  class=\"panel-grid-cell\" ><div id=\"panel-6308-0-0-0\" class=\"so-panel widget widget_sow-editor panel-first-child panel-last-child\" data-index=\"0\" ><div class=\"panel-widget-style panel-widget-style-for-6308-0-0-0\" ><div\n\t\t\t\n\t\t\tclass=\"so-widget-sow-editor so-widget-sow-editor-base\"\n\t\t\t\n\t\t>\n<div class=\"siteorigin-widget-tinymce textwidget\">\n\t<p class=\"x-large-font\" style=\"text-align: center;\"><span style=\"color: #09357a;\">Sp\u00e9cialisation dans le CPE, l'\u00e9nergie solaire communautaire et les sites sensibles du point de vue de l'environnement<\/span><\/p>\n<p style=\"text-align: center;\">L'\u00e9quipe EDF Power Solutions North America Distribution-Scale Power a d\u00e9velopp\u00e9 plus de 1 600 MW \u00e0 travers les \u00c9tats-Unis, fournissant des services de d\u00e9veloppement, d'ing\u00e9nierie, de construction et d'exploitation de projets solaires et de stockage \u00e0 la pointe de l'industrie et rentables. Nos solutions cl\u00e9s en main sont personnalis\u00e9es pour les services publics, les coop\u00e9ratives, les propri\u00e9taires fonciers, les collectivit\u00e9s et les institutions, et nous sommes sp\u00e9cialis\u00e9s dans les sites solaires communautaires et les sites sensibles sur le plan environnemental. Forte de plus de 20 ans d'exp\u00e9rience, notre \u00e9quipe apporte une valeur ajout\u00e9e aux d\u00e9veloppeurs et aux propri\u00e9taires, de la conception du projet \u00e0 sa mise en service, en s'appuyant sur nos experts en mati\u00e8re d'autorisations, de d\u00e9veloppement, d'EPC, de financement, d'assurance qualit\u00e9\/contr\u00f4le qualit\u00e9, de mise en service, de SCADA, de PWA, etc.<\/p>\n<\/div>\n<\/div><\/div><\/div><\/div><div id=\"pgc-6308-0-1\"  class=\"panel-grid-cell\" ><div id=\"panel-6308-0-1-0\" class=\"so-panel widget widget_sow-editor panel-first-child panel-last-child\" data-index=\"1\" ><div data-aos=\"zoom-in\" class=\"panel-widget-style panel-widget-style-for-6308-0-1-0\" ><div\n\t\t\t\n\t\t\tclass=\"so-widget-sow-editor so-widget-sow-editor-base\"\n\t\t\t\n\t\t>\n<div class=\"siteorigin-widget-tinymce textwidget\">\n\t<p class=\"large-font\" style=\"text-align: center;\"><span style=\"color: #ffffff;\">Transformez la vision solaire de votre communaut\u00e9 en r\u00e9alit\u00e9.<\/span><\/p>\n<p style=\"text-align: center;\"><strong>Nous construisons actuellement des projets solaires communautaires dans l'Illinois, \u00e0 New York et dans le Massachusetts, avec des services disponibles dans tout le pays, et il ne reste que peu de places disponibles pour 2026. <\/strong>Ne restez pas dans l'ignorance ; r\u00e9servez votre projet de construction pour 2026 en contactant <a href=\"mailto:lincoln.lande@edf-re.com\">Lincoln Lande<\/a>, vice-pr\u00e9sident du d\u00e9veloppement commercial.<\/p>\n<\/div>\n<\/div><\/div><\/div><\/div><\/div><div id=\"pg-6308-1\"  class=\"panel-grid panel-no-style\" ><div id=\"pgc-6308-1-0\"  class=\"panel-grid-cell\" ><div id=\"panel-6308-1-0-0\" class=\"so-panel widget widget_separator separator-widget panel-first-child panel-last-child\" data-index=\"2\" ><div\n\t\t\t\n\t\t\tclass=\"so-widget-separator so-widget-separator-default-d75171398898-6308\"\n\t\t\t\n\t\t>\t\t<div class=\"animate__animated animate__bounce animate__infinite animate__slow\">\n\t\t\t<i class=\"fa-light fa-chevron-down\" style=\"font-size:60px;color:#efefef;\"><\/i>\n\t\t\t<\/div>\n\t\t<\/div><\/div><\/div><\/div><div id=\"pg-6308-2\"  class=\"panel-grid panel-no-style\" ><div id=\"pgc-6308-2-0\"  class=\"panel-grid-cell\" ><div id=\"panel-6308-2-0-0\" class=\"so-panel widget widget_sections sections-widget panel-first-child panel-last-child\" data-index=\"3\" ><div\n\t\t\t\n\t\t\tclass=\"so-widget-sections so-widget-sections-default-d75171398898-6308\"\n\t\t\t\n\t\t>\t<div class=\"sections\">\n\t\t\t\t\t<div class=\"section link\">\n\t\t\t\t\t\t\t\t\t<a href=\"https:\/\/www.edf-re.com\/fr\/ce-que-nous-faisons\/solaire-distribue\/\">\n\t\t\t\t\t\t<img decoding=\"async\" src=\"https:\/\/www.edf-re.com\/wp-content\/uploads\/distributed-solar-section-2.jpg\">\n\t\t\t\t\t\t<div class=\"icon\"><\/div>\n\t\t\t\t\t\t<div class=\"overlay\"><\/div>\n\t\t\t\t\t<\/a>\n\t\t\t\t\t\t\t\t\t\t<div class=\"title\">\n\t\t\t\t\t\tSolaire\t\t\t\t\t<\/div><!-- .title -->\n\t\t\t\t\t\t\t\t\t\t<div class=\"description\">\n\t\t\t\t\t\tL'\u00e9nergie solaire est une ressource durable et ind\u00e9finiment renouvelable pour la consommation d'\u00e9nergie, qui conna\u00eet une croissance continue alors que les prix de l'\u00e9nergie solaire photovolta\u00efque ont chut\u00e9 de 52% au cours des dix derni\u00e8res ann\u00e9es.\t\t\t\t\t<\/div><!-- .description -->\n\t\t\t\t\t\t\t\t<\/div><!-- .section -->\n\t\t\t\t\t\t<div class=\"section link\">\n\t\t\t\t\t\t\t\t\t<a href=\"https:\/\/www.edf-re.com\/fr\/ce-que-nous-faisons\/stockage\/\">\n\t\t\t\t\t\t<img decoding=\"async\" src=\"https:\/\/www.edf-re.com\/wp-content\/uploads\/distributed-storage-section.jpg\">\n\t\t\t\t\t\t<div class=\"icon\"><\/div>\n\t\t\t\t\t\t<div class=\"overlay\"><\/div>\n\t\t\t\t\t<\/a>\n\t\t\t\t\t\t\t\t\t\t<div class=\"title\">\n\t\t\t\t\t\tStockage\t\t\t\t\t<\/div><!-- .title -->\n\t\t\t\t\t\t\t\t\t\t<div class=\"description\">\n\t\t\t\t\t\tLes syst\u00e8mes de stockage aident les gestionnaires d'\u00e9nergie et d'installations \u00e0 pr\u00e9voir, g\u00e9rer et r\u00e9duire les co\u00fbts \u00e9nerg\u00e9tiques op\u00e9rationnels et \u00e0 se pr\u00e9munir contre une hausse des co\u00fbts pouvant atteindre 5-10% par an.\t\t\t\t\t<\/div><!-- .description -->\n\t\t\t\t\t\t\t\t<\/div><!-- .section -->\n\t\t\t\t<\/div><!-- .sections -->\n\t<\/div><\/div><\/div><\/div><\/div>","protected":false},"excerpt":{"rendered":"<p>L'\u00e9quipe d'EDF power solutions North America Distribution-Scale Power a d\u00e9velopp\u00e9 plus de 1 600 MW \u00e0 travers les Etats-Unis, fournissant un d\u00e9veloppement, une ing\u00e9nierie, une construction et des op\u00e9rations de projets solaires et de stockage \u00e0 la pointe de l'industrie et de la rentabilit\u00e9. Les solutions cl\u00e9s en main sont personnalis\u00e9es pour les services publics, les coop\u00e9ratives, les propri\u00e9taires fonciers, les communaut\u00e9s et les institutions, et nous nous sp\u00e9cialisons dans les communaut\u00e9s [...]<\/p>","protected":false},"author":1,"featured_media":0,"parent":526,"menu_order":13,"comment_status":"closed","ping_status":"closed","template":"","meta":{"_acf_changed":false,"footnotes":""},"class_list":["post-6308","page","type-page","status-publish","hentry"],"acf":[],"yoast_head":"<!-- This site is optimized with the Yoast SEO plugin v26.8 - https:\/\/yoast.com\/product\/yoast-seo-wordpress\/ -->\n<title>Distribution-Scale Power - EDF power solutions North America<\/title>\n<meta name=\"robots\" content=\"index, follow, max-snippet:-1, max-image-preview:large, max-video-preview:-1\" \/>\n<link rel=\"canonical\" href=\"https:\/\/www.edf-re.com\/fr\/ce-que-nous-faisons\/distribution-echelle-puissance\/\" \/>\n<meta property=\"og:locale\" content=\"fr_CA\" \/>\n<meta property=\"og:type\" content=\"article\" \/>\n<meta property=\"og:title\" content=\"Distribution-Scale Power - EDF power solutions North America\" \/>\n<meta property=\"og:description\" content=\"Specializing in EPC, community solar, and environmentally sensitive sites The EDF power solutions North America Distribution-Scale Power team has developed over 1,600 MW across the US, providing industry-leading, cost-effective development, engineering, construction, and operations of solar and storage projects. Turnkey solutions are customized for utilities, co-ops, landowners, communities, and institutions, and we specialize in community [&hellip;]\" \/>\n<meta property=\"og:url\" content=\"https:\/\/www.edf-re.com\/fr\/ce-que-nous-faisons\/distribution-echelle-puissance\/\" \/>\n<meta property=\"og:site_name\" content=\"EDF power solutions North America\" \/>\n<meta property=\"article:modified_time\" content=\"2025-10-08T20:35:07+00:00\" \/>\n<meta property=\"og:image\" content=\"https:\/\/www.edf-re.com\/wp-content\/uploads\/logo_edf_power_solutions_RGB-no-buffer-zone.png\" \/>\n\t<meta property=\"og:image:width\" content=\"2000\" \/>\n\t<meta property=\"og:image:height\" content=\"702\" \/>\n\t<meta property=\"og:image:type\" content=\"image\/png\" \/>\n<meta name=\"twitter:card\" content=\"summary_large_image\" \/>\n<meta name=\"twitter:label1\" content=\"Estimation du temps de lecture\" \/>\n\t<meta name=\"twitter:data1\" content=\"2 minutes\" \/>\n<script type=\"application\/ld+json\" class=\"yoast-schema-graph\">{\"@context\":\"https:\/\/schema.org\",\"@graph\":[{\"@type\":\"WebPage\",\"@id\":\"https:\/\/www.edf-re.com\/what-we-do\/distribution-scale-power\/\",\"url\":\"https:\/\/www.edf-re.com\/what-we-do\/distribution-scale-power\/\",\"name\":\"Distribution-Scale Power - EDF power solutions North America\",\"isPartOf\":{\"@id\":\"https:\/\/www.edf-re.com\/#website\"},\"datePublished\":\"2021-10-07T16:32:39+00:00\",\"dateModified\":\"2025-10-08T20:35:07+00:00\",\"breadcrumb\":{\"@id\":\"https:\/\/www.edf-re.com\/what-we-do\/distribution-scale-power\/#breadcrumb\"},\"inLanguage\":\"fr-CA\",\"potentialAction\":[{\"@type\":\"ReadAction\",\"target\":[\"https:\/\/www.edf-re.com\/what-we-do\/distribution-scale-power\/\"]}]},{\"@type\":\"BreadcrumbList\",\"@id\":\"https:\/\/www.edf-re.com\/what-we-do\/distribution-scale-power\/#breadcrumb\",\"itemListElement\":[{\"@type\":\"ListItem\",\"position\":1,\"name\":\"Home\",\"item\":\"https:\/\/www.edf-re.com\/\"},{\"@type\":\"ListItem\",\"position\":2,\"name\":\"What We Do\",\"item\":\"https:\/\/www.edf-re.com\/what-we-do\/\"},{\"@type\":\"ListItem\",\"position\":3,\"name\":\"Distribution-Scale Power\"}]},{\"@type\":\"WebSite\",\"@id\":\"https:\/\/www.edf-re.com\/#website\",\"url\":\"https:\/\/www.edf-re.com\/\",\"name\":\"EDF power solutions North America\",\"description\":\"\",\"publisher\":{\"@id\":\"https:\/\/www.edf-re.com\/#organization\"},\"potentialAction\":[{\"@type\":\"SearchAction\",\"target\":{\"@type\":\"EntryPoint\",\"urlTemplate\":\"https:\/\/www.edf-re.com\/?s={search_term_string}\"},\"query-input\":{\"@type\":\"PropertyValueSpecification\",\"valueRequired\":true,\"valueName\":\"search_term_string\"}}],\"inLanguage\":\"fr-CA\"},{\"@type\":\"Organization\",\"@id\":\"https:\/\/www.edf-re.com\/#organization\",\"name\":\"EDF Renewables North America\",\"url\":\"https:\/\/www.edf-re.com\/\",\"logo\":{\"@type\":\"ImageObject\",\"inLanguage\":\"fr-CA\",\"@id\":\"https:\/\/www.edf-re.com\/#\/schema\/logo\/image\/\",\"url\":\"https:\/\/www.edf-re.com\/wp-content\/uploads\/edfr-logo-1.png\",\"contentUrl\":\"https:\/\/www.edf-re.com\/wp-content\/uploads\/edfr-logo-1.png\",\"width\":600,\"height\":291,\"caption\":\"EDF Renewables North America\"},\"image\":{\"@id\":\"https:\/\/www.edf-re.com\/#\/schema\/logo\/image\/\"}}]}<\/script>\n<!-- \/ Yoast SEO plugin. -->","yoast_head_json":{"title":"Puissance \u00e0 l'\u00e9chelle de la distribution - EDF power solutions North America","robots":{"index":"index","follow":"follow","max-snippet":"max-snippet:-1","max-image-preview":"max-image-preview:large","max-video-preview":"max-video-preview:-1"},"canonical":"https:\/\/www.edf-re.com\/fr\/ce-que-nous-faisons\/distribution-echelle-puissance\/","og_locale":"fr_CA","og_type":"article","og_title":"Distribution-Scale Power - EDF power solutions North America","og_description":"Specializing in EPC, community solar, and environmentally sensitive sites The EDF power solutions North America Distribution-Scale Power team has developed over 1,600 MW across the US, providing industry-leading, cost-effective development, engineering, construction, and operations of solar and storage projects. Turnkey solutions are customized for utilities, co-ops, landowners, communities, and institutions, and we specialize in community [&hellip;]","og_url":"https:\/\/www.edf-re.com\/fr\/ce-que-nous-faisons\/distribution-echelle-puissance\/","og_site_name":"EDF power solutions North America","article_modified_time":"2025-10-08T20:35:07+00:00","og_image":[{"width":2000,"height":702,"url":"https:\/\/www.edf-re.com\/wp-content\/uploads\/logo_edf_power_solutions_RGB-no-buffer-zone.png","type":"image\/png"}],"twitter_card":"summary_large_image","twitter_misc":{"Estimation du temps de lecture":"2 minutes"},"schema":{"@context":"https:\/\/schema.org","@graph":[{"@type":"WebPage","@id":"https:\/\/www.edf-re.com\/what-we-do\/distribution-scale-power\/","url":"https:\/\/www.edf-re.com\/what-we-do\/distribution-scale-power\/","name":"Puissance \u00e0 l'\u00e9chelle de la distribution - EDF power solutions North America","isPartOf":{"@id":"https:\/\/www.edf-re.com\/#website"},"datePublished":"2021-10-07T16:32:39+00:00","dateModified":"2025-10-08T20:35:07+00:00","breadcrumb":{"@id":"https:\/\/www.edf-re.com\/what-we-do\/distribution-scale-power\/#breadcrumb"},"inLanguage":"fr-CA","potentialAction":[{"@type":"ReadAction","target":["https:\/\/www.edf-re.com\/what-we-do\/distribution-scale-power\/"]}]},{"@type":"BreadcrumbList","@id":"https:\/\/www.edf-re.com\/what-we-do\/distribution-scale-power\/#breadcrumb","itemListElement":[{"@type":"ListItem","position":1,"name":"Home","item":"https:\/\/www.edf-re.com\/"},{"@type":"ListItem","position":2,"name":"What We Do","item":"https:\/\/www.edf-re.com\/what-we-do\/"},{"@type":"ListItem","position":3,"name":"Distribution-Scale Power"}]},{"@type":"WebSite","@id":"https:\/\/www.edf-re.com\/#website","url":"https:\/\/www.edf-re.com\/","name":"EDF power solutions Am\u00e9rique du Nord","description":"","publisher":{"@id":"https:\/\/www.edf-re.com\/#organization"},"potentialAction":[{"@type":"SearchAction","target":{"@type":"EntryPoint","urlTemplate":"https:\/\/www.edf-re.com\/?s={search_term_string}"},"query-input":{"@type":"PropertyValueSpecification","valueRequired":true,"valueName":"search_term_string"}}],"inLanguage":"fr-CA"},{"@type":"Organization","@id":"https:\/\/www.edf-re.com\/#organization","name":"EDF Renewables Am\u00e9rique du Nord","url":"https:\/\/www.edf-re.com\/","logo":{"@type":"ImageObject","inLanguage":"fr-CA","@id":"https:\/\/www.edf-re.com\/#\/schema\/logo\/image\/","url":"https:\/\/www.edf-re.com\/wp-content\/uploads\/edfr-logo-1.png","contentUrl":"https:\/\/www.edf-re.com\/wp-content\/uploads\/edfr-logo-1.png","width":600,"height":291,"caption":"EDF Renewables North America"},"image":{"@id":"https:\/\/www.edf-re.com\/#\/schema\/logo\/image\/"}}]}},"_links":{"self":[{"href":"https:\/\/www.edf-re.com\/fr\/wp-json\/wp\/v2\/pages\/6308","targetHints":{"allow":["GET"]}}],"collection":[{"href":"https:\/\/www.edf-re.com\/fr\/wp-json\/wp\/v2\/pages"}],"about":[{"href":"https:\/\/www.edf-re.com\/fr\/wp-json\/wp\/v2\/types\/page"}],"author":[{"embeddable":true,"href":"https:\/\/www.edf-re.com\/fr\/wp-json\/wp\/v2\/users\/1"}],"replies":[{"embeddable":true,"href":"https:\/\/www.edf-re.com\/fr\/wp-json\/wp\/v2\/comments?post=6308"}],"version-history":[{"count":6,"href":"https:\/\/www.edf-re.com\/fr\/wp-json\/wp\/v2\/pages\/6308\/revisions"}],"predecessor-version":[{"id":11087,"href":"https:\/\/www.edf-re.com\/fr\/wp-json\/wp\/v2\/pages\/6308\/revisions\/11087"}],"up":[{"embeddable":true,"href":"https:\/\/www.edf-re.com\/fr\/wp-json\/wp\/v2\/pages\/526"}],"wp:attachment":[{"href":"https:\/\/www.edf-re.com\/fr\/wp-json\/wp\/v2\/media?parent=6308"}],"curies":[{"name":"wp","href":"https:\/\/api.w.org\/{rel}","templated":true}]}}