{"id":7075,"date":"2022-03-30T17:14:55","date_gmt":"2022-03-30T21:14:55","guid":{"rendered":"https:\/\/www.edf-re.com\/?page_id=7075"},"modified":"2025-05-08T07:35:00","modified_gmt":"2025-05-08T14:35:00","slug":"gtech","status":"publish","type":"page","link":"https:\/\/www.edf-re.com\/fr\/gtech\/","title":{"rendered":"GTECH"},"content":{"rendered":"<div id=\"pl-7075\"  class=\"panel-layout\" ><div id=\"pg-7075-0\"  class=\"panel-grid panel-no-style\" ><div id=\"pgc-7075-0-0\"  class=\"panel-grid-cell\" ><div id=\"panel-7075-0-0-0\" class=\"so-panel widget widget_sow-editor panel-first-child panel-last-child\" data-index=\"0\" ><div\n\t\t\t\n\t\t\tclass=\"so-widget-sow-editor so-widget-sow-editor-base\"\n\t\t\t\n\t\t>\n<div class=\"siteorigin-widget-tinymce textwidget\">\n\t<h3>Rendre les \u00e9carts verts gr\u00e2ce \u00e0 une \u00e9nergie sans carbone 24 heures sur 24 et 7 jours sur 7<\/h3>\n<p class=\"medium-font\"><span style=\"color: #09357a;\">C'est quoi un GTECH ?!?<\/span><\/p>\n<p>GTECH est l'abr\u00e9viation de \"green technology energy credit hourly\". Par \"technologie verte\", on entend toute source de production sans carbone, et par \"horaire\", on entend que les cr\u00e9dits d'\u00e9nergie renouvelable (REC) sont horodat\u00e9s num\u00e9riquement, de sorte que les acheteurs peuvent acheter des REC g\u00e9n\u00e9r\u00e9s localement qui correspondent directement \u00e0 leur consommation d'\u00e9lectricit\u00e9 horaire.<\/p>\n<p>GTECH offre \u00e0 ses clients une solution innovante pour combler le foss\u00e9 entre la production et la consommation et accro\u00eetre l'int\u00e9grit\u00e9 de leurs achats d'\u00e9nergie renouvelable. La plateforme GTECH cr\u00e9e un identifiant num\u00e9rique unique pour chaque heure d'\u00e9nergie renouvelable fournie au r\u00e9seau.<\/p>\n<p>Les entreprises ont ainsi la possibilit\u00e9 de rechercher des cr\u00e9dits verts g\u00e9n\u00e9r\u00e9s dans un p\u00e9rim\u00e8tre de distance donn\u00e9 et dans des d\u00e9lais qui correspondent pr\u00e9cis\u00e9ment \u00e0 leur consommation d'\u00e9nergie r\u00e9elle, ce qui leur permet de valider et d'approfondir leurs d\u00e9clarations concernant l'utilisation d'une \u00e9lectricit\u00e9 sans carbone.<\/p>\n<\/div>\n<\/div><\/div><\/div><div id=\"pgc-7075-0-1\"  class=\"panel-grid-cell\" ><div id=\"panel-7075-0-1-0\" class=\"so-panel widget widget_flipbook flipbook-widget panel-first-child panel-last-child\" data-index=\"1\" ><div\n\t\t\t\n\t\t\tclass=\"so-widget-flipbook so-widget-flipbook-default-d75171398898-7075\"\n\t\t\t\n\t\t>\t<div class=\"heading\">\n\t\tEn vedette dans GreenTech Media\t<\/div><!-- .heading -->\n\t\t\t<div class=\"flipbook\">\n\t\t\t<a href=\"https:\/\/www.greentechmedia.com\/articles\/read\/transforming-corporate-sustainability-with-24-7-365-carbon-free-energy-matching\" target=\"_blank\">\n\t\t\t\t<img decoding=\"async\" src=\"https:\/\/www.edf-re.com\/wp-content\/uploads\/greentech-media-cover.jpg\">\n\n\t\t\t\t<div class=\"overlay\">\n\t\t\t\t\t<i class=\"fa-regular fa-external-link\"><\/i>\n\t\t\t\t<\/div><!-- .overlay -->\n\t\t\t<\/a>\n\t\t<\/div><!-- .flipbook -->\n\t\t<\/div><\/div><\/div><\/div><div id=\"pg-7075-1\"  class=\"panel-grid panel-has-style\" ><div class=\"siteorigin-panels-stretch panel-row-style panel-row-style-for-7075-1\" data-siteorigin-parallax=\"{&quot;backgroundUrl&quot;:&quot;https:\\\/\\\/www.edf-re.com\\\/wp-content\\\/uploads\\\/la-mitis-wind-bg.jpg&quot;,&quot;backgroundSize&quot;:[1920,1080],&quot;backgroundSizing&quot;:&quot;scaled&quot;,&quot;limitMotion&quot;:&quot;auto&quot;}\" data-stretch-type=\"full-stretched\" ><div id=\"pgc-7075-1-0\"  class=\"panel-grid-cell panel-grid-cell-mobile-last\" ><div id=\"panel-7075-1-0-0\" class=\"so-panel widget widget_sow-editor panel-first-child panel-last-child\" data-index=\"2\" ><div class=\"push-right pad-right panel-widget-style panel-widget-style-for-7075-1-0-0\" ><div\n\t\t\t\n\t\t\tclass=\"so-widget-sow-editor so-widget-sow-editor-base\"\n\t\t\t\n\t\t>\n<div class=\"siteorigin-widget-tinymce textwidget\">\n\t<h3><span style=\"color: #ffffff;\">Avantages pour les clients<\/span><\/h3>\n<ul class=\"styled-list green\">\n<li>Processus de cr\u00e9dit simplifi\u00e9<\/li>\n<li>Tra\u00e7abilit\u00e9 des RECs directement \u00e0 partir des actifs et des p\u00e9riodes d'origine choisis par le client.<\/li>\n<li>Comparaison en direct entre la charge et le g\u00e9n\u00e9rateur<\/li>\n<li>Fonctions int\u00e9gr\u00e9es de reporting ESG<\/li>\n<li>Prix comp\u00e9titifs - pas de frais de courtage<\/li>\n<li>Une plateforme s\u00e9curis\u00e9e facile \u00e0 utiliser, aliment\u00e9e par la technologie blockchain.<\/li>\n<li>Faibles co\u00fbts de transaction gr\u00e2ce \u00e0 des contrats num\u00e9riques simplifi\u00e9s<\/li>\n<\/ul>\n<\/div>\n<\/div><\/div><\/div><\/div><div id=\"pgc-7075-1-1\"  class=\"panel-grid-cell panel-grid-cell-empty\" ><\/div><\/div><\/div><div id=\"pg-7075-2\"  class=\"panel-grid panel-no-style\" ><div id=\"pgc-7075-2-0\"  class=\"panel-grid-cell\" ><div id=\"panel-7075-2-0-0\" class=\"so-panel widget widget_font-awesome-icon font-awesome-icon-widget panel-first-child\" data-index=\"3\" ><div\n\t\t\t\n\t\t\tclass=\"so-widget-font-awesome-icon so-widget-font-awesome-icon-default-d75171398898-7075\"\n\t\t\t\n\t\t><div class=\"icon solid medium-green\" style=\"font-size:30px\">\n\t<i class=\"fa-solid fa-timer white\"><\/i>\n<\/div><!-- .icon --><\/div><\/div><div id=\"panel-7075-2-0-1\" class=\"so-panel widget widget_sow-editor panel-last-child\" data-index=\"4\" ><div\n\t\t\t\n\t\t\tclass=\"so-widget-sow-editor so-widget-sow-editor-base\"\n\t\t\t\n\t\t>\n<div class=\"siteorigin-widget-tinymce textwidget\">\n\t<p class=\"medium-font\" style=\"text-align: center;\"><span style=\"color: #10367a;\"><strong>G\u00e9n\u00e9rer des changements significatifs : La proposition de valeur de GTECH<\/strong><\/span><\/p>\n<p style=\"text-align: center;\">GTECH permet aux acheteurs professionnels de couvrir leur consommation r\u00e9elle d'\u00e9nergie par de l'\u00e9lectricit\u00e9 livr\u00e9e au r\u00e9seau local en temps quasi r\u00e9el. Ce perfectionnement important donne aux acheteurs la possibilit\u00e9 de cibler leur pouvoir d'achat et d'affirmer en toute confiance que leur approvisionnement en \u00e9nergie renouvelable cr\u00e9e en fait un air plus pur et un r\u00e9seau d\u00e9carbon\u00e9.<\/p>\n<\/div>\n<\/div><\/div><\/div><div id=\"pgc-7075-2-1\"  class=\"panel-grid-cell\" ><div id=\"panel-7075-2-1-0\" class=\"so-panel widget widget_font-awesome-icon font-awesome-icon-widget panel-first-child\" data-index=\"5\" ><div\n\t\t\t\n\t\t\tclass=\"so-widget-font-awesome-icon so-widget-font-awesome-icon-default-d75171398898-7075\"\n\t\t\t\n\t\t><div class=\"icon solid medium-green\" style=\"font-size:30px\">\n\t<i class=\"fa-solid fa-leaf white\"><\/i>\n<\/div><!-- .icon --><\/div><\/div><div id=\"panel-7075-2-1-1\" class=\"so-panel widget widget_sow-editor panel-last-child\" data-index=\"6\" ><div\n\t\t\t\n\t\t\tclass=\"so-widget-sow-editor so-widget-sow-editor-base\"\n\t\t\t\n\t\t>\n<div class=\"siteorigin-widget-tinymce textwidget\">\n\t<p class=\"medium-font\" style=\"text-align: center;\"><strong><span style=\"color: #10367a;\">Le r\u00f4le de GTECH : rendre les \u00e9carts plus \u00e9cologiques<\/span><\/strong><\/p>\n<p style=\"text-align: center;\">Les RECs de GTECH conviennent parfaitement pour am\u00e9liorer les avantages de la r\u00e9duction des \u00e9missions de carbone associ\u00e9s \u00e0 un contrat d'achat d'\u00e9lectricit\u00e9 (CAE) traditionnel ou \u00e0 un CAE virtuel r\u00e9gl\u00e9 financi\u00e8rement (CAEV). Par exemple, le profil de production d'\u00e9nergie propre associ\u00e9 \u00e0 un CAE \u00e9olien peut couvrir environ 70 % des heures pendant lesquelles l'acheteur consomme de l'\u00e9lectricit\u00e9. Mais qu'en est-il des autres 30 % du temps ? GTECH peut \u00eatre utilis\u00e9 pour \"verdir les \u00e9carts\".<\/p>\n<\/div>\n<\/div><\/div><\/div><\/div><div id=\"pg-7075-3\"  class=\"panel-grid panel-has-style\" ><div class=\"siteorigin-panels-stretch panel-row-style panel-row-style-for-7075-3\" data-siteorigin-parallax=\"{&quot;backgroundUrl&quot;:&quot;https:\\\/\\\/www.edf-re.com\\\/wp-content\\\/uploads\\\/blockchain-bg.jpg&quot;,&quot;backgroundSize&quot;:[1920,1080],&quot;backgroundSizing&quot;:&quot;scaled&quot;,&quot;limitMotion&quot;:&quot;auto&quot;}\" data-stretch-type=\"full-stretched\" ><div id=\"pgc-7075-3-0\"  class=\"panel-grid-cell panel-grid-cell-empty\" ><\/div><div id=\"pgc-7075-3-1\"  class=\"panel-grid-cell\" ><div id=\"panel-7075-3-1-0\" class=\"so-panel widget widget_sow-editor panel-first-child panel-last-child\" data-index=\"7\" ><div class=\"push-left pad-left panel-widget-style panel-widget-style-for-7075-3-1-0\" ><div\n\t\t\t\n\t\t\tclass=\"so-widget-sow-editor so-widget-sow-editor-base\"\n\t\t\t\n\t\t>\n<div class=\"siteorigin-widget-tinymce textwidget\">\n\t<h3><span style=\"color: #ffffff;\">Comment cela fonctionne-t-il ?<\/span><\/h3>\n<p>Propuls\u00e9e par WePower, la plateforme GTECH utilise le r\u00e9seau blockchain le plus d\u00e9centralis\u00e9 : Ethereum. La production d'\u00e9nergie est symbolis\u00e9e avec le REC correspondant, cr\u00e9ant ainsi un enregistrement v\u00e9rifiable et facile \u00e0 sauvegarder, li\u00e9 \u00e0 votre cycle de facturation. En plus de la tr\u00e8s haute disponibilit\u00e9 du syst\u00e8me, le hachage immuable emp\u00eache la modification, assurant que votre enregistrement reste vrai \u00e0 travers le temps.<\/p>\n<p>Les clients ont la possibilit\u00e9 de faire partie d'une v\u00e9ritable solution 24\/7. La phase pilote lance deux produits pour les clients :<\/p>\n<p><strong>1.<\/strong> des contrats de RECs as-gen (1-3 ans) adapt\u00e9s \u00e0 votre charge, et<br \/>\n<strong>2.<\/strong> Capacit\u00e9 d'achat de RECs d'\u00e9cart \u00e0 partir de p\u00e9riodes de production sp\u00e9cifiques pour aider \u00e0 verdir vos \u00e9carts.<\/p>\n<p>Il s'agit de la premi\u00e8re \u00e9tape d'EDF Power Solutions pour offrir des solutions conformes au Pacte de l'\u00e9nergie sans carbone 24\/7 des Nations Unies. Nous pensons que les relations directes sont essentielles \u00e0 la transition vers un avenir \u00e9nerg\u00e9tique durable \u00e0 z\u00e9ro \u00e9mission. GTECH augmente l'accessibilit\u00e9 et la commodit\u00e9 pour les acheteurs d'attributs de toutes tailles.<\/p>\n<\/div>\n<\/div><\/div><\/div><\/div><\/div><\/div><div id=\"pg-7075-4\"  class=\"panel-grid panel-no-style\" ><div id=\"pgc-7075-4-0\"  class=\"panel-grid-cell\" ><div id=\"panel-7075-4-0-0\" class=\"so-panel widget widget_font-awesome-icon font-awesome-icon-widget panel-first-child\" data-index=\"8\" ><div\n\t\t\t\n\t\t\tclass=\"so-widget-font-awesome-icon so-widget-font-awesome-icon-default-d75171398898-7075\"\n\t\t\t\n\t\t><div class=\"icon solid medium-green\" style=\"font-size:30px\">\n\t<i class=\"fa-solid fa-gears white\"><\/i>\n<\/div><!-- .icon --><\/div><\/div><div id=\"panel-7075-4-0-1\" class=\"so-panel widget widget_sow-editor panel-last-child\" data-index=\"9\" ><div\n\t\t\t\n\t\t\tclass=\"so-widget-sow-editor so-widget-sow-editor-base\"\n\t\t\t\n\t\t>\n<div class=\"siteorigin-widget-tinymce textwidget\">\n\t<p class=\"x-large-font\" style=\"text-align: center;\"><span style=\"color: #09357a;\">Demandez une d\u00e9monstration gratuite<\/span><\/p>\n<p class=\"no-bottom-margin medium-font\" style=\"text-align: center;\">Contactez-nous \u00e0 <a href=\"mailto:recsales@edf-re.com\">recsales@edf-re.com<\/a><\/p>\n<\/div>\n<\/div><\/div><\/div><\/div><\/div>","protected":false},"excerpt":{"rendered":"<p>Rendre les \u00e9carts plus verts avec une \u00e9nergie sans carbone 24 heures sur 24 et 7 jours sur 7 Qu'est-ce qu'un GTECH ? GTECH est l'abr\u00e9viation de \"green technology energy credit hourly\". Par technologie verte, on entend toute source de production sans carbone, et par horaire, on entend que les cr\u00e9dits d'\u00e9nergie renouvelable (RECs) sont horodat\u00e9s num\u00e9riquement afin que les acheteurs puissent acheter des RECs g\u00e9n\u00e9r\u00e9s localement qui correspondent directement \u00e0 leur [...].<\/p>","protected":false},"author":1,"featured_media":0,"parent":0,"menu_order":22,"comment_status":"closed","ping_status":"closed","template":"","meta":{"_acf_changed":false,"footnotes":""},"class_list":["post-7075","page","type-page","status-publish","hentry"],"acf":[],"yoast_head":"<!-- This site is optimized with the Yoast SEO plugin v26.8 - https:\/\/yoast.com\/product\/yoast-seo-wordpress\/ -->\n<title>GTECH - EDF power solutions North America<\/title>\n<meta name=\"robots\" content=\"index, follow, max-snippet:-1, max-image-preview:large, max-video-preview:-1\" \/>\n<link rel=\"canonical\" href=\"https:\/\/www.edf-re.com\/fr\/gtech\/\" \/>\n<meta property=\"og:locale\" content=\"fr_CA\" \/>\n<meta property=\"og:type\" content=\"article\" \/>\n<meta property=\"og:title\" content=\"GTECH - EDF power solutions North America\" \/>\n<meta property=\"og:description\" content=\"Greening the Gaps with 24\/7 Carbon Free Energy What the heck\u2019s a GTECH?!? GTECH stands for \u201cgreen technology energy credit hourly.\u201d Green technology means any generation source that\u2019s carbon free, and hourly means that the renewable energy credits (RECs) are digitally timestamped so buyers can purchase locally generated RECs that directly match up with their [&hellip;]\" \/>\n<meta property=\"og:url\" content=\"https:\/\/www.edf-re.com\/fr\/gtech\/\" \/>\n<meta property=\"og:site_name\" content=\"EDF power solutions North America\" \/>\n<meta property=\"article:modified_time\" content=\"2025-05-08T14:35:00+00:00\" \/>\n<meta property=\"og:image\" content=\"https:\/\/www.edf-re.com\/wp-content\/uploads\/logo_edf_power_solutions_RGB-no-buffer-zone.png\" \/>\n\t<meta property=\"og:image:width\" content=\"2000\" \/>\n\t<meta property=\"og:image:height\" content=\"702\" \/>\n\t<meta property=\"og:image:type\" content=\"image\/png\" \/>\n<meta name=\"twitter:card\" content=\"summary_large_image\" \/>\n<meta name=\"twitter:label1\" content=\"Estimation du temps de lecture\" \/>\n\t<meta name=\"twitter:data1\" content=\"3 minutes\" \/>\n<script type=\"application\/ld+json\" class=\"yoast-schema-graph\">{\"@context\":\"https:\/\/schema.org\",\"@graph\":[{\"@type\":\"WebPage\",\"@id\":\"https:\/\/www.edf-re.com\/gtech\/\",\"url\":\"https:\/\/www.edf-re.com\/gtech\/\",\"name\":\"GTECH - EDF power solutions North America\",\"isPartOf\":{\"@id\":\"https:\/\/www.edf-re.com\/#website\"},\"datePublished\":\"2022-03-30T21:14:55+00:00\",\"dateModified\":\"2025-05-08T14:35:00+00:00\",\"breadcrumb\":{\"@id\":\"https:\/\/www.edf-re.com\/gtech\/#breadcrumb\"},\"inLanguage\":\"fr-CA\",\"potentialAction\":[{\"@type\":\"ReadAction\",\"target\":[\"https:\/\/www.edf-re.com\/gtech\/\"]}]},{\"@type\":\"BreadcrumbList\",\"@id\":\"https:\/\/www.edf-re.com\/gtech\/#breadcrumb\",\"itemListElement\":[{\"@type\":\"ListItem\",\"position\":1,\"name\":\"Home\",\"item\":\"https:\/\/www.edf-re.com\/\"},{\"@type\":\"ListItem\",\"position\":2,\"name\":\"GTECH\"}]},{\"@type\":\"WebSite\",\"@id\":\"https:\/\/www.edf-re.com\/#website\",\"url\":\"https:\/\/www.edf-re.com\/\",\"name\":\"EDF power solutions North America\",\"description\":\"\",\"publisher\":{\"@id\":\"https:\/\/www.edf-re.com\/#organization\"},\"potentialAction\":[{\"@type\":\"SearchAction\",\"target\":{\"@type\":\"EntryPoint\",\"urlTemplate\":\"https:\/\/www.edf-re.com\/?s={search_term_string}\"},\"query-input\":{\"@type\":\"PropertyValueSpecification\",\"valueRequired\":true,\"valueName\":\"search_term_string\"}}],\"inLanguage\":\"fr-CA\"},{\"@type\":\"Organization\",\"@id\":\"https:\/\/www.edf-re.com\/#organization\",\"name\":\"EDF Renewables North America\",\"url\":\"https:\/\/www.edf-re.com\/\",\"logo\":{\"@type\":\"ImageObject\",\"inLanguage\":\"fr-CA\",\"@id\":\"https:\/\/www.edf-re.com\/#\/schema\/logo\/image\/\",\"url\":\"https:\/\/www.edf-re.com\/wp-content\/uploads\/edfr-logo-1.png\",\"contentUrl\":\"https:\/\/www.edf-re.com\/wp-content\/uploads\/edfr-logo-1.png\",\"width\":600,\"height\":291,\"caption\":\"EDF Renewables North America\"},\"image\":{\"@id\":\"https:\/\/www.edf-re.com\/#\/schema\/logo\/image\/\"}}]}<\/script>\n<!-- \/ Yoast SEO plugin. -->","yoast_head_json":{"title":"GTECH - EDF power solutions North America","robots":{"index":"index","follow":"follow","max-snippet":"max-snippet:-1","max-image-preview":"max-image-preview:large","max-video-preview":"max-video-preview:-1"},"canonical":"https:\/\/www.edf-re.com\/fr\/gtech\/","og_locale":"fr_CA","og_type":"article","og_title":"GTECH - EDF power solutions North America","og_description":"Greening the Gaps with 24\/7 Carbon Free Energy What the heck\u2019s a GTECH?!? GTECH stands for \u201cgreen technology energy credit hourly.\u201d Green technology means any generation source that\u2019s carbon free, and hourly means that the renewable energy credits (RECs) are digitally timestamped so buyers can purchase locally generated RECs that directly match up with their [&hellip;]","og_url":"https:\/\/www.edf-re.com\/fr\/gtech\/","og_site_name":"EDF power solutions North America","article_modified_time":"2025-05-08T14:35:00+00:00","og_image":[{"width":2000,"height":702,"url":"https:\/\/www.edf-re.com\/wp-content\/uploads\/logo_edf_power_solutions_RGB-no-buffer-zone.png","type":"image\/png"}],"twitter_card":"summary_large_image","twitter_misc":{"Estimation du temps de lecture":"3 minutes"},"schema":{"@context":"https:\/\/schema.org","@graph":[{"@type":"WebPage","@id":"https:\/\/www.edf-re.com\/gtech\/","url":"https:\/\/www.edf-re.com\/gtech\/","name":"GTECH - EDF power solutions North America","isPartOf":{"@id":"https:\/\/www.edf-re.com\/#website"},"datePublished":"2022-03-30T21:14:55+00:00","dateModified":"2025-05-08T14:35:00+00:00","breadcrumb":{"@id":"https:\/\/www.edf-re.com\/gtech\/#breadcrumb"},"inLanguage":"fr-CA","potentialAction":[{"@type":"ReadAction","target":["https:\/\/www.edf-re.com\/gtech\/"]}]},{"@type":"BreadcrumbList","@id":"https:\/\/www.edf-re.com\/gtech\/#breadcrumb","itemListElement":[{"@type":"ListItem","position":1,"name":"Home","item":"https:\/\/www.edf-re.com\/"},{"@type":"ListItem","position":2,"name":"GTECH"}]},{"@type":"WebSite","@id":"https:\/\/www.edf-re.com\/#website","url":"https:\/\/www.edf-re.com\/","name":"EDF power solutions Am\u00e9rique du Nord","description":"","publisher":{"@id":"https:\/\/www.edf-re.com\/#organization"},"potentialAction":[{"@type":"SearchAction","target":{"@type":"EntryPoint","urlTemplate":"https:\/\/www.edf-re.com\/?s={search_term_string}"},"query-input":{"@type":"PropertyValueSpecification","valueRequired":true,"valueName":"search_term_string"}}],"inLanguage":"fr-CA"},{"@type":"Organization","@id":"https:\/\/www.edf-re.com\/#organization","name":"EDF Renewables Am\u00e9rique du Nord","url":"https:\/\/www.edf-re.com\/","logo":{"@type":"ImageObject","inLanguage":"fr-CA","@id":"https:\/\/www.edf-re.com\/#\/schema\/logo\/image\/","url":"https:\/\/www.edf-re.com\/wp-content\/uploads\/edfr-logo-1.png","contentUrl":"https:\/\/www.edf-re.com\/wp-content\/uploads\/edfr-logo-1.png","width":600,"height":291,"caption":"EDF Renewables North America"},"image":{"@id":"https:\/\/www.edf-re.com\/#\/schema\/logo\/image\/"}}]}},"_links":{"self":[{"href":"https:\/\/www.edf-re.com\/fr\/wp-json\/wp\/v2\/pages\/7075","targetHints":{"allow":["GET"]}}],"collection":[{"href":"https:\/\/www.edf-re.com\/fr\/wp-json\/wp\/v2\/pages"}],"about":[{"href":"https:\/\/www.edf-re.com\/fr\/wp-json\/wp\/v2\/types\/page"}],"author":[{"embeddable":true,"href":"https:\/\/www.edf-re.com\/fr\/wp-json\/wp\/v2\/users\/1"}],"replies":[{"embeddable":true,"href":"https:\/\/www.edf-re.com\/fr\/wp-json\/wp\/v2\/comments?post=7075"}],"version-history":[{"count":5,"href":"https:\/\/www.edf-re.com\/fr\/wp-json\/wp\/v2\/pages\/7075\/revisions"}],"predecessor-version":[{"id":10654,"href":"https:\/\/www.edf-re.com\/fr\/wp-json\/wp\/v2\/pages\/7075\/revisions\/10654"}],"wp:attachment":[{"href":"https:\/\/www.edf-re.com\/fr\/wp-json\/wp\/v2\/media?parent=7075"}],"curies":[{"name":"wp","href":"https:\/\/api.w.org\/{rel}","templated":true}]}}