{"id":7302,"date":"2022-05-03T16:37:54","date_gmt":"2022-05-03T20:37:54","guid":{"rendered":"https:\/\/www.edf-re.com\/?page_id=7302"},"modified":"2025-05-08T07:35:00","modified_gmt":"2025-05-08T14:35:00","slug":"solaire-communautaire","status":"publish","type":"page","link":"https:\/\/www.edf-re.com\/fr\/ce-que-nous-faisons\/solaire-distribue\/solaire-communautaire\/","title":{"rendered":"L'\u00e9nergie solaire communautaire"},"content":{"rendered":"<div id=\"pl-7302\"  class=\"panel-layout\" ><div id=\"pg-7302-0\"  class=\"panel-grid panel-no-style\" ><div id=\"pgc-7302-0-0\"  class=\"panel-grid-cell\" ><div id=\"panel-7302-0-0-0\" class=\"so-panel widget widget_sow-editor panel-first-child panel-last-child\" data-index=\"0\" ><div\n\t\t\t\n\t\t\tclass=\"so-widget-sow-editor so-widget-sow-editor-base\"\n\t\t\t\n\t\t>\n<div class=\"siteorigin-widget-tinymce textwidget\">\n\t<p class=\"x-large-font\"><span style=\"color: #10367a;\">Veiller \u00e0 ce que les r\u00e9sidents, quels que soient leurs revenus, aient acc\u00e8s aux services suivants <strong>une \u00e9nergie propre et renouvelable<\/strong>.<\/span><\/p>\n<p>La popularit\u00e9 et l'ing\u00e9niosit\u00e9 de l'\u00e9nergie solaire ne cessent de cro\u00eetre. Cependant, de nombreuses entreprises et de nombreux propri\u00e9taires n'ont pas acc\u00e8s \u00e0 cette ressource pour diverses raisons. Peut-\u00eatre louent-ils leurs locaux, vivent-ils dans des immeubles \u00e0 locataires multiples, ont-ils des toits qui ne peuvent pas supporter la technologie ou connaissent-ils d'autres facteurs qui les emp\u00eachent de profiter de l'\u00e9nergie solaire.<\/p>\n<p>Le solaire communautaire est une solution ! Tout en construisant un r\u00e9seau \u00e9lectrique plus fort, distribu\u00e9 et plus r\u00e9silient. Le solaire communautaire permet aux propri\u00e9taires, aux entreprises et aux locataires d'acc\u00e9der aux avantages de la production d'\u00e9nergie solaire ind\u00e9pendamment de leur situation individuelle, en particulier les m\u00e9nages \u00e0 revenus faibles ou mod\u00e9r\u00e9s qui sont les plus directement touch\u00e9s par l'acc\u00e8s.<\/p>\n<\/div>\n<\/div><\/div><\/div><div id=\"pgc-7302-0-1\"  class=\"panel-grid-cell\" ><div id=\"panel-7302-0-1-0\" class=\"so-panel widget widget_image-box image-box-widget panel-first-child panel-last-child\" data-index=\"1\" ><div\n\t\t\t\n\t\t\tclass=\"so-widget-image-box so-widget-image-box-default-d75171398898-7302\"\n\t\t\t\n\t\t>\t\t<div class=\"image-box\">\n\t\t\t\t\t\t<div class=\"image\">\n\t\t\t\t<img decoding=\"async\" src=\"https:\/\/www.edf-re.com\/wp-content\/uploads\/commsolar-worker.png\">\n\t\t\t<\/div><!-- .image -->\n\t\t\t\t\t\t\t<div class=\"content\">\n\t\t\t\t\t<div class=\"inner\">\n\t\t\t\t\t\t\t\t\t\t\t\t\t<div class=\"pretitle\">\n\t\t\t\t\t\t\t\tL'\u00e9nergie solaire communautaire\t\t\t\t\t\t\t<\/div><!-- .pretitle -->\n\t\t\t\t\t\t\t\t\t\t\t\t\t\t<div class=\"title\">\n\t\t\t\t\t\t\t\tEn bref\t\t\t\t\t\t\t<\/div><!-- .title -->\n\t\t\t\t\t\t\t\t\t\t\t\t\t\t<div class=\"description\">\n\t\t\t\t\t\t\t\tWashington, D.C. et ~19 \u00c9tats ont encourag\u00e9 les avantages du partage des \u00e9nergies renouvelables par le biais de politiques et de programmes gouvernementaux.\t\t\t\t\t\t\t<\/div><!-- .description -->\n\t\t\t\t\t\t\t\t\t\t\t\t<\/div><!-- .inner -->\n\t\t\t\t<\/div><!-- .content -->\n\t\t\t\t\t\t<\/div><!-- .image-box -->\n\t\t<\/div><\/div><\/div><\/div><div id=\"pg-7302-1\"  class=\"panel-grid panel-has-style\" ><div class=\"siteorigin-panels-stretch panel-row-style panel-row-style-for-7302-1\" style=\"position:relative;\" data-stretch-type=\"full\" ><div class=\"page-builder-overlay\" style=\"background-color:rgba(16, 54, 122, 0.85);\"><\/div><div id=\"pgc-7302-1-0\"  class=\"panel-grid-cell\" ><div id=\"panel-7302-1-0-0\" class=\"so-panel widget widget_siteorigin-panels-builder panel-first-child panel-last-child\" data-index=\"2\" ><div id=\"pl-w6272ce430975c\"  class=\"panel-layout\" ><div id=\"pg-w6272ce430975c-0\"  class=\"panel-grid panel-has-style\" ><div class=\"siteorigin-panels-stretch panel-row-style panel-row-style-for-w6272ce430975c-0\" data-stretch-type=\"full\" ><div id=\"pgc-w6272ce430975c-0-0\"  class=\"panel-grid-cell\" ><div id=\"panel-w6272ce430975c-0-0-0\" class=\"so-panel widget widget_stats stats-widget panel-first-child panel-last-child\" data-index=\"0\" ><div class=\"panel-widget-style panel-widget-style-for-w6272ce430975c-0-0-0\" ><div\n\t\t\t\n\t\t\tclass=\"so-widget-stats so-widget-stats-default-d75171398898\"\n\t\t\t\n\t\t>\t<div class=\"flex\">\n\t\t\t\t\t<div class=\"stat vertical\">\n\t\t\t\t\t\t\t\t\t<div class=\"icon\">\n\t\t\t\t\t\t<i class=\"fa-light fa-solar-panel\"><\/i>\n\t\t\t\t\t<\/div><!-- .icon -->\n\t\t\t\t\t\t\t\t\t\t<div>\n\t\t\t\t\t\t<div class=\"number\">\n\t\t\t\t\t\t\t<span class=\"counter\" data-number=\"1256\">0<\/span>\t\t\t\t\t\t<\/div><!-- .number -->\n\t\t\t\t\t\t\t\t\t\t\t\t\t<div class=\"label\">\n\t\t\t\t\t\t\t\tprojets*\t\t\t\t\t\t\t<\/div><!-- .label -->\n\t\t\t\t\t\t\t\t\t\t\t\t<\/div>\n\t\t\t\t\t\t\t\t<\/div><!-- .stat -->\n\t\t\t\t\t\t<div class=\"stat vertical\">\n\t\t\t\t\t\t\t\t\t<div class=\"icon\">\n\t\t\t\t\t\t<i class=\"fa-light fa-flag-usa\"><\/i>\n\t\t\t\t\t<\/div><!-- .icon -->\n\t\t\t\t\t\t\t\t\t\t<div>\n\t\t\t\t\t\t<div class=\"number\">\n\t\t\t\t\t\t\t<span class=\"counter\" data-number=\"42\">0<\/span>\t\t\t\t\t\t<\/div><!-- .number -->\n\t\t\t\t\t\t\t\t\t\t\t\t\t<div class=\"label\">\n\t\t\t\t\t\t\t\t\u00e9tats*\t\t\t\t\t\t\t<\/div><!-- .label -->\n\t\t\t\t\t\t\t\t\t\t\t\t<\/div>\n\t\t\t\t\t\t\t\t<\/div><!-- .stat -->\n\t\t\t\t\t\t<div class=\"stat vertical\">\n\t\t\t\t\t\t\t\t\t<div class=\"icon\">\n\t\t\t\t\t\t<i class=\"fa-light fa-bolt\"><\/i>\n\t\t\t\t\t<\/div><!-- .icon -->\n\t\t\t\t\t\t\t\t\t\t<div>\n\t\t\t\t\t\t<div class=\"number\">\n\t\t\t\t\t\t\t<span class=\"counter\" data-number=\"26249\">0<\/span>\t\t\t\t\t\t\t\t<span class=\"append\">MW<\/span>\n\t\t\t\t\t\t\t\t\t\t\t\t\t\t<\/div><!-- .number -->\n\t\t\t\t\t\t\t\t\t\t\t\t\t<div class=\"label\">\n\t\t\t\t\t\t\t\tl'\u00e9nergie produite*\t\t\t\t\t\t\t<\/div><!-- .label -->\n\t\t\t\t\t\t\t\t\t\t\t\t<\/div>\n\t\t\t\t\t\t\t\t<\/div><!-- .stat -->\n\t\t\t\t<\/div><!-- .flex -->\n\t<\/div><\/div><\/div><\/div><\/div><\/div><div id=\"pg-w6272ce430975c-1\"  class=\"panel-grid panel-no-style\" ><div id=\"pgc-w6272ce430975c-1-0\"  class=\"panel-grid-cell\" ><div id=\"panel-w6272ce430975c-1-0-0\" class=\"so-panel widget widget_sow-editor panel-first-child panel-last-child\" data-index=\"1\" ><div class=\"panel-widget-style panel-widget-style-for-w6272ce430975c-1-0-0\" ><div\n\t\t\t\n\t\t\tclass=\"so-widget-sow-editor so-widget-sow-editor-base\"\n\t\t\t\n\t\t>\n<div class=\"siteorigin-widget-tinymce textwidget\">\n\t<p class=\"small-font\" style=\"text-align: center;\">*NREL juin 2020 Base de donn\u00e9es Sharing the Sun (Partager le soleil)<\/p>\n<\/div>\n<\/div><\/div><\/div><\/div><\/div><\/div><\/div><\/div><\/div><\/div><div id=\"pg-7302-2\"  class=\"panel-grid panel-no-style\" ><div id=\"pgc-7302-2-0\"  class=\"panel-grid-cell\" ><div id=\"panel-7302-2-0-0\" class=\"so-panel widget widget_sow-editor panel-first-child panel-last-child\" data-index=\"3\" ><div\n\t\t\t\n\t\t\tclass=\"so-widget-sow-editor so-widget-sow-editor-base\"\n\t\t\t\n\t\t>\n<div class=\"siteorigin-widget-tinymce textwidget\">\n\t<p class=\"x-large-font\"><span style=\"color: #10367a;\">L'\u00e9galit\u00e9 d'acc\u00e8s \u00e0 la <strong>les avantages de la production solaire<\/strong> a \u00e0 offrir.<\/span><\/p>\n<p>L'\u00e9nergie solaire communautaire peut compenser les co\u00fbts d'\u00e9lectricit\u00e9 pour les r\u00e9sidents, les organisations, les petites entreprises, etc. en leur permettant de recevoir des cr\u00e9dits sur leur facture d'\u00e9lectricit\u00e9 pour l'\u00e9nergie produite par leur partie du champ solaire.<\/p>\n<p>Si vous n'\u00eates pas en mesure d'installer un syst\u00e8me d'\u00e9nergie solaire directement sur votre propri\u00e9t\u00e9, le syst\u00e8me solaire communautaire vous permet d'avoir un acc\u00e8s \u00e9gal aux avantages \u00e9conomiques et environnementaux que la production d'\u00e9nergie solaire a \u00e0 offrir, ind\u00e9pendamment des limitations physiques ou de la propri\u00e9t\u00e9 de votre bien.<\/p>\n<p>Les installations solaires communautaires sont g\u00e9n\u00e9ralement inf\u00e9rieures \u00e0 cinq MW et sont plac\u00e9es sur des terrains lou\u00e9s. Elles sont de taille variable et les terrains concern\u00e9s sont facilement rendus \u00e0 leur \u00e9tat d'origine une fois que le projet a atteint sa dur\u00e9e de vie utile.<\/p>\n<\/div>\n<\/div><\/div><\/div><div id=\"pgc-7302-2-1\"  class=\"panel-grid-cell\" ><div id=\"panel-7302-2-1-0\" class=\"so-panel widget widget_image-box image-box-widget panel-first-child panel-last-child\" data-index=\"4\" ><div\n\t\t\t\n\t\t\tclass=\"so-widget-image-box so-widget-image-box-default-d75171398898-7302\"\n\t\t\t\n\t\t>\t\t<div class=\"image-box\">\n\t\t\t\t\t\t<div class=\"image\">\n\t\t\t\t<img decoding=\"async\" src=\"https:\/\/www.edf-re.com\/wp-content\/uploads\/community-solar-box-2.jpg\">\n\t\t\t<\/div><!-- .image -->\n\t\t\t\t\t\t\t<div class=\"content\">\n\t\t\t\t\t<div class=\"inner\">\n\t\t\t\t\t\t\t\t\t\t\t\t\t<div class=\"pretitle\">\n\t\t\t\t\t\t\t\tL'\u00e9nergie solaire communautaire\t\t\t\t\t\t\t<\/div><!-- .pretitle -->\n\t\t\t\t\t\t\t\t\t\t\t\t\t\t<div class=\"title\">\n\t\t\t\t\t\t\t\tEn bref\t\t\t\t\t\t\t<\/div><!-- .title -->\n\t\t\t\t\t\t\t\t\t\t\t\t\t\t<div class=\"description\">\n\t\t\t\t\t\t\t\tLe march\u00e9 du solaire communautaire ajoutera plus de quatre GW de capacit\u00e9 totale au cours des cinq prochaines ann\u00e9es.\t\t\t\t\t\t\t<\/div><!-- .description -->\n\t\t\t\t\t\t\t\t\t\t\t\t<\/div><!-- .inner -->\n\t\t\t\t<\/div><!-- .content -->\n\t\t\t\t\t\t<\/div><!-- .image-box -->\n\t\t<\/div><\/div><\/div><\/div><div id=\"pg-7302-3\"  class=\"panel-grid panel-no-style\" ><div id=\"pgc-7302-3-0\"  class=\"panel-grid-cell\" ><div id=\"panel-7302-3-0-0\" class=\"so-panel widget widget_separator separator-widget panel-first-child panel-last-child\" data-index=\"5\" ><div\n\t\t\t\n\t\t\tclass=\"so-widget-separator so-widget-separator-default-d75171398898-7302\"\n\t\t\t\n\t\t>\t<hr>\n\t<\/div><\/div><\/div><\/div><div id=\"pg-7302-4\"  class=\"panel-grid panel-no-style\" ><div id=\"pgc-7302-4-0\"  class=\"panel-grid-cell\" ><div id=\"panel-7302-4-0-0\" class=\"so-panel widget widget_siteorigin-panels-builder panel-first-child panel-last-child\" data-index=\"6\" ><div id=\"pl-w62729cbd910da\"  class=\"panel-layout\" ><div id=\"pg-w62729cbd910da-0\"  class=\"panel-grid panel-no-style\" ><div id=\"pgc-w62729cbd910da-0-0\"  class=\"panel-grid-cell\" ><div id=\"panel-w62729cbd910da-0-0-0\" class=\"so-panel widget widget_sow-editor panel-first-child panel-last-child\" data-index=\"0\" ><div\n\t\t\t\n\t\t\tclass=\"so-widget-sow-editor so-widget-sow-editor-base\"\n\t\t\t\n\t\t>\n<div class=\"siteorigin-widget-tinymce textwidget\">\n\t<p class=\"x-large-font\" style=\"text-align: center;\"><span style=\"color: #10367a;\">Pour en savoir plus sur notre <strong>Projets solaires communautaires<\/strong><\/span><\/p>\n<\/div>\n<\/div><\/div><\/div><\/div><div id=\"pg-w62729cbd910da-1\"  class=\"panel-grid panel-no-style\" ><div id=\"pgc-w62729cbd910da-1-0\"  class=\"panel-grid-cell\" ><div id=\"panel-w62729cbd910da-1-0-0\" class=\"so-panel widget widget_separator separator-widget panel-first-child panel-last-child\" data-index=\"1\" ><div\n\t\t\t\n\t\t\tclass=\"so-widget-separator so-widget-separator-default-d75171398898\"\n\t\t\t\n\t\t>\t<i class=\"fa-light fa-chevron-down\" style=\"font-size:60px;color:#efefef;\"><\/i>\n\t<\/div><\/div><\/div><\/div><div id=\"pg-w62729cbd910da-2\"  class=\"panel-grid panel-no-style\" ><div id=\"pgc-w62729cbd910da-2-0\"  class=\"panel-grid-cell\" ><div id=\"panel-w62729cbd910da-2-0-0\" class=\"so-panel widget widget_panels panels-widget panel-first-child panel-last-child\" data-index=\"2\" ><div\n\t\t\t\n\t\t\tclass=\"so-widget-panels so-widget-panels-default-d75171398898\"\n\t\t\t\n\t\t>\t<div class=\"panels\" data-panels-to-show=\"4\">\n\t\t\t\t\t\t\t<div class=\"panel\">\n\t\t\t\t\t\t<a href=\"https:\/\/www.edf-re.com\/fr\/new-york\/\" target=\"_blank\">\n\t\t\t\t\t\t\t<img decoding=\"async\" src=\"https:\/\/www.edf-re.com\/wp-content\/uploads\/new-york-panel.jpg\">\n\t\t\t\t\t\t\t\t\t\t\t\t\t\t\t<div class=\"content\">\n\t\t\t\t\t\t\t\t\t\t\t\t\t\t\t\t\t\t\t<div class=\"title\">\n\t\t\t\t\t\t\t\t\t\t\tNew York\t\t\t\t\t\t\t\t\t\t<\/div><!-- .title -->\n\t\t\t\t\t\t\t\t\t\t\t\t\t\t\t\t\t\t<\/div><!-- .content -->\n\t\t\t\t\t\t\t\t\t\t\t\t\t\t\t<div class=\"overlay\"><\/div>\n\t\t\t\t\t\t<\/a>\n\t\t\t\t\t<\/div><!-- .panel -->\n\t\t\t\t\t\t\t\t\t\t<div class=\"panel\">\n\t\t\t\t\t\t<a href=\"https:\/\/www.edf-re.com\/fr\/new-jersey\/\" target=\"_blank\">\n\t\t\t\t\t\t\t<img decoding=\"async\" src=\"https:\/\/www.edf-re.com\/wp-content\/uploads\/new-jersey-panel.jpg\">\n\t\t\t\t\t\t\t\t\t\t\t\t\t\t\t<div class=\"content\">\n\t\t\t\t\t\t\t\t\t\t\t\t\t\t\t\t\t\t\t<div class=\"title\">\n\t\t\t\t\t\t\t\t\t\t\tNew Jersey\t\t\t\t\t\t\t\t\t\t<\/div><!-- .title -->\n\t\t\t\t\t\t\t\t\t\t\t\t\t\t\t\t\t\t<\/div><!-- .content -->\n\t\t\t\t\t\t\t\t\t\t\t\t\t\t\t<div class=\"overlay\"><\/div>\n\t\t\t\t\t\t<\/a>\n\t\t\t\t\t<\/div><!-- .panel -->\n\t\t\t\t\t\t\t\t\t\t<div class=\"panel\">\n\t\t\t\t\t\t<a href=\"https:\/\/www.edf-re.com\/fr\/nouveau-mexique\/\" target=\"_blank\">\n\t\t\t\t\t\t\t<img decoding=\"async\" src=\"https:\/\/www.edf-re.com\/wp-content\/uploads\/new-mexico-panel.jpg\">\n\t\t\t\t\t\t\t\t\t\t\t\t\t\t\t<div class=\"content\">\n\t\t\t\t\t\t\t\t\t\t\t\t\t\t\t\t\t\t\t<div class=\"title\">\n\t\t\t\t\t\t\t\t\t\t\tNouveau Mexique\t\t\t\t\t\t\t\t\t\t<\/div><!-- .title -->\n\t\t\t\t\t\t\t\t\t\t\t\t\t\t\t\t\t\t<\/div><!-- .content -->\n\t\t\t\t\t\t\t\t\t\t\t\t\t\t\t<div class=\"overlay\"><\/div>\n\t\t\t\t\t\t<\/a>\n\t\t\t\t\t<\/div><!-- .panel -->\n\t\t\t\t\t\t\t\t\t\t<div class=\"panel\">\n\t\t\t\t\t\t<a href=\"https:\/\/www.edf-re.com\/fr\/pennsylvanie\/\" target=\"_blank\">\n\t\t\t\t\t\t\t<img decoding=\"async\" src=\"https:\/\/www.edf-re.com\/wp-content\/uploads\/pennsylvania-panel.jpg\">\n\t\t\t\t\t\t\t\t\t\t\t\t\t\t\t<div class=\"content\">\n\t\t\t\t\t\t\t\t\t\t\t\t\t\t\t\t\t\t\t<div class=\"title\">\n\t\t\t\t\t\t\t\t\t\t\tPennsylvanie\t\t\t\t\t\t\t\t\t\t<\/div><!-- .title -->\n\t\t\t\t\t\t\t\t\t\t\t\t\t\t\t\t\t\t<\/div><!-- .content -->\n\t\t\t\t\t\t\t\t\t\t\t\t\t\t\t<div class=\"overlay\"><\/div>\n\t\t\t\t\t\t<\/a>\n\t\t\t\t\t<\/div><!-- .panel -->\n\t\t\t\t\t\t<\/div><!-- .panels -->\n\t<div class=\"arrows\"><\/div>\n\t<\/div><\/div><\/div><\/div><\/div><\/div><\/div><\/div><\/div>","protected":false},"excerpt":{"rendered":"<p>Veiller \u00e0 ce que les r\u00e9sidents, quel que soit leur revenu, aient acc\u00e8s \u00e0 une \u00e9nergie propre et renouvelable. La popularit\u00e9 et l'ing\u00e9niosit\u00e9 de l'\u00e9nergie solaire ne cessent de cro\u00eetre ; cependant, de nombreuses entreprises et de nombreux propri\u00e9taires n'ont pas acc\u00e8s \u00e0 cette ressource pour diverses raisons. Peut-\u00eatre louent-ils leurs locaux, vivent-ils dans des immeubles \u00e0 plusieurs locataires, ont-ils des toits qui ne peuvent pas supporter [...]<\/p>","protected":false},"author":1,"featured_media":0,"parent":4917,"menu_order":7,"comment_status":"closed","ping_status":"closed","template":"","meta":{"_acf_changed":false,"footnotes":""},"class_list":["post-7302","page","type-page","status-publish","hentry"],"acf":[],"yoast_head":"<!-- This site is optimized with the Yoast SEO plugin v26.8 - https:\/\/yoast.com\/product\/yoast-seo-wordpress\/ -->\n<title>Community Solar - EDF power solutions North America<\/title>\n<meta name=\"robots\" content=\"index, follow, max-snippet:-1, max-image-preview:large, max-video-preview:-1\" \/>\n<link rel=\"canonical\" href=\"https:\/\/www.edf-re.com\/fr\/ce-que-nous-faisons\/solaire-distribue\/solaire-communautaire\/\" \/>\n<meta property=\"og:locale\" content=\"fr_CA\" \/>\n<meta property=\"og:type\" content=\"article\" \/>\n<meta property=\"og:title\" content=\"Community Solar - EDF power solutions North America\" \/>\n<meta property=\"og:description\" content=\"Ensuring that residents of all incomes have access to clean, renewable energy. The popularity and resourcefulness of solar energy is gaining; however, there are many businesses and homeowners who, for any number of reasons, do not have access to this resource. Perhaps they rent their space, live in multi-tenant buildings, have roofs that cannot support [&hellip;]\" \/>\n<meta property=\"og:url\" content=\"https:\/\/www.edf-re.com\/fr\/ce-que-nous-faisons\/solaire-distribue\/solaire-communautaire\/\" \/>\n<meta property=\"og:site_name\" content=\"EDF power solutions North America\" \/>\n<meta property=\"article:modified_time\" content=\"2025-05-08T14:35:00+00:00\" \/>\n<meta property=\"og:image\" content=\"https:\/\/www.edf-re.com\/wp-content\/uploads\/logo_edf_power_solutions_RGB-no-buffer-zone.png\" \/>\n\t<meta property=\"og:image:width\" content=\"2000\" \/>\n\t<meta property=\"og:image:height\" content=\"702\" \/>\n\t<meta property=\"og:image:type\" content=\"image\/png\" \/>\n<meta name=\"twitter:card\" content=\"summary_large_image\" \/>\n<meta name=\"twitter:label1\" content=\"Estimation du temps de lecture\" \/>\n\t<meta name=\"twitter:data1\" content=\"3 minutes\" \/>\n<script type=\"application\/ld+json\" class=\"yoast-schema-graph\">{\"@context\":\"https:\/\/schema.org\",\"@graph\":[{\"@type\":\"WebPage\",\"@id\":\"https:\/\/www.edf-re.com\/what-we-do\/distributed-solar\/community-solar\/\",\"url\":\"https:\/\/www.edf-re.com\/what-we-do\/distributed-solar\/community-solar\/\",\"name\":\"Community Solar - EDF power solutions North America\",\"isPartOf\":{\"@id\":\"https:\/\/www.edf-re.com\/#website\"},\"datePublished\":\"2022-05-03T20:37:54+00:00\",\"dateModified\":\"2025-05-08T14:35:00+00:00\",\"breadcrumb\":{\"@id\":\"https:\/\/www.edf-re.com\/what-we-do\/distributed-solar\/community-solar\/#breadcrumb\"},\"inLanguage\":\"fr-CA\",\"potentialAction\":[{\"@type\":\"ReadAction\",\"target\":[\"https:\/\/www.edf-re.com\/what-we-do\/distributed-solar\/community-solar\/\"]}]},{\"@type\":\"BreadcrumbList\",\"@id\":\"https:\/\/www.edf-re.com\/what-we-do\/distributed-solar\/community-solar\/#breadcrumb\",\"itemListElement\":[{\"@type\":\"ListItem\",\"position\":1,\"name\":\"Home\",\"item\":\"https:\/\/www.edf-re.com\/\"},{\"@type\":\"ListItem\",\"position\":2,\"name\":\"What We Do\",\"item\":\"https:\/\/www.edf-re.com\/what-we-do\/\"},{\"@type\":\"ListItem\",\"position\":3,\"name\":\"Distribution-Scale Solar\",\"item\":\"https:\/\/www.edf-re.com\/what-we-do\/distributed-solar\/\"},{\"@type\":\"ListItem\",\"position\":4,\"name\":\"Community Solar\"}]},{\"@type\":\"WebSite\",\"@id\":\"https:\/\/www.edf-re.com\/#website\",\"url\":\"https:\/\/www.edf-re.com\/\",\"name\":\"EDF power solutions North America\",\"description\":\"\",\"publisher\":{\"@id\":\"https:\/\/www.edf-re.com\/#organization\"},\"potentialAction\":[{\"@type\":\"SearchAction\",\"target\":{\"@type\":\"EntryPoint\",\"urlTemplate\":\"https:\/\/www.edf-re.com\/?s={search_term_string}\"},\"query-input\":{\"@type\":\"PropertyValueSpecification\",\"valueRequired\":true,\"valueName\":\"search_term_string\"}}],\"inLanguage\":\"fr-CA\"},{\"@type\":\"Organization\",\"@id\":\"https:\/\/www.edf-re.com\/#organization\",\"name\":\"EDF Renewables North America\",\"url\":\"https:\/\/www.edf-re.com\/\",\"logo\":{\"@type\":\"ImageObject\",\"inLanguage\":\"fr-CA\",\"@id\":\"https:\/\/www.edf-re.com\/#\/schema\/logo\/image\/\",\"url\":\"https:\/\/www.edf-re.com\/wp-content\/uploads\/edfr-logo-1.png\",\"contentUrl\":\"https:\/\/www.edf-re.com\/wp-content\/uploads\/edfr-logo-1.png\",\"width\":600,\"height\":291,\"caption\":\"EDF Renewables North America\"},\"image\":{\"@id\":\"https:\/\/www.edf-re.com\/#\/schema\/logo\/image\/\"}}]}<\/script>\n<!-- \/ Yoast SEO plugin. -->","yoast_head_json":{"title":"Solaire communautaire - EDF power solutions North America","robots":{"index":"index","follow":"follow","max-snippet":"max-snippet:-1","max-image-preview":"max-image-preview:large","max-video-preview":"max-video-preview:-1"},"canonical":"https:\/\/www.edf-re.com\/fr\/ce-que-nous-faisons\/solaire-distribue\/solaire-communautaire\/","og_locale":"fr_CA","og_type":"article","og_title":"Community Solar - EDF power solutions North America","og_description":"Ensuring that residents of all incomes have access to clean, renewable energy. The popularity and resourcefulness of solar energy is gaining; however, there are many businesses and homeowners who, for any number of reasons, do not have access to this resource. Perhaps they rent their space, live in multi-tenant buildings, have roofs that cannot support [&hellip;]","og_url":"https:\/\/www.edf-re.com\/fr\/ce-que-nous-faisons\/solaire-distribue\/solaire-communautaire\/","og_site_name":"EDF power solutions North America","article_modified_time":"2025-05-08T14:35:00+00:00","og_image":[{"width":2000,"height":702,"url":"https:\/\/www.edf-re.com\/wp-content\/uploads\/logo_edf_power_solutions_RGB-no-buffer-zone.png","type":"image\/png"}],"twitter_card":"summary_large_image","twitter_misc":{"Estimation du temps de lecture":"3 minutes"},"schema":{"@context":"https:\/\/schema.org","@graph":[{"@type":"WebPage","@id":"https:\/\/www.edf-re.com\/what-we-do\/distributed-solar\/community-solar\/","url":"https:\/\/www.edf-re.com\/what-we-do\/distributed-solar\/community-solar\/","name":"Solaire communautaire - EDF power solutions North America","isPartOf":{"@id":"https:\/\/www.edf-re.com\/#website"},"datePublished":"2022-05-03T20:37:54+00:00","dateModified":"2025-05-08T14:35:00+00:00","breadcrumb":{"@id":"https:\/\/www.edf-re.com\/what-we-do\/distributed-solar\/community-solar\/#breadcrumb"},"inLanguage":"fr-CA","potentialAction":[{"@type":"ReadAction","target":["https:\/\/www.edf-re.com\/what-we-do\/distributed-solar\/community-solar\/"]}]},{"@type":"BreadcrumbList","@id":"https:\/\/www.edf-re.com\/what-we-do\/distributed-solar\/community-solar\/#breadcrumb","itemListElement":[{"@type":"ListItem","position":1,"name":"Home","item":"https:\/\/www.edf-re.com\/"},{"@type":"ListItem","position":2,"name":"What We Do","item":"https:\/\/www.edf-re.com\/what-we-do\/"},{"@type":"ListItem","position":3,"name":"Distribution-Scale Solar","item":"https:\/\/www.edf-re.com\/what-we-do\/distributed-solar\/"},{"@type":"ListItem","position":4,"name":"Community Solar"}]},{"@type":"WebSite","@id":"https:\/\/www.edf-re.com\/#website","url":"https:\/\/www.edf-re.com\/","name":"EDF power solutions Am\u00e9rique du Nord","description":"","publisher":{"@id":"https:\/\/www.edf-re.com\/#organization"},"potentialAction":[{"@type":"SearchAction","target":{"@type":"EntryPoint","urlTemplate":"https:\/\/www.edf-re.com\/?s={search_term_string}"},"query-input":{"@type":"PropertyValueSpecification","valueRequired":true,"valueName":"search_term_string"}}],"inLanguage":"fr-CA"},{"@type":"Organization","@id":"https:\/\/www.edf-re.com\/#organization","name":"EDF Renewables Am\u00e9rique du Nord","url":"https:\/\/www.edf-re.com\/","logo":{"@type":"ImageObject","inLanguage":"fr-CA","@id":"https:\/\/www.edf-re.com\/#\/schema\/logo\/image\/","url":"https:\/\/www.edf-re.com\/wp-content\/uploads\/edfr-logo-1.png","contentUrl":"https:\/\/www.edf-re.com\/wp-content\/uploads\/edfr-logo-1.png","width":600,"height":291,"caption":"EDF Renewables North America"},"image":{"@id":"https:\/\/www.edf-re.com\/#\/schema\/logo\/image\/"}}]}},"_links":{"self":[{"href":"https:\/\/www.edf-re.com\/fr\/wp-json\/wp\/v2\/pages\/7302","targetHints":{"allow":["GET"]}}],"collection":[{"href":"https:\/\/www.edf-re.com\/fr\/wp-json\/wp\/v2\/pages"}],"about":[{"href":"https:\/\/www.edf-re.com\/fr\/wp-json\/wp\/v2\/types\/page"}],"author":[{"embeddable":true,"href":"https:\/\/www.edf-re.com\/fr\/wp-json\/wp\/v2\/users\/1"}],"replies":[{"embeddable":true,"href":"https:\/\/www.edf-re.com\/fr\/wp-json\/wp\/v2\/comments?post=7302"}],"version-history":[{"count":6,"href":"https:\/\/www.edf-re.com\/fr\/wp-json\/wp\/v2\/pages\/7302\/revisions"}],"predecessor-version":[{"id":10601,"href":"https:\/\/www.edf-re.com\/fr\/wp-json\/wp\/v2\/pages\/7302\/revisions\/10601"}],"up":[{"embeddable":true,"href":"https:\/\/www.edf-re.com\/fr\/wp-json\/wp\/v2\/pages\/4917"}],"wp:attachment":[{"href":"https:\/\/www.edf-re.com\/fr\/wp-json\/wp\/v2\/media?parent=7302"}],"curies":[{"name":"wp","href":"https:\/\/api.w.org\/{rel}","templated":true}]}}