{"id":773,"date":"2020-05-15T13:22:24","date_gmt":"2020-05-15T20:22:24","guid":{"rendered":"https:\/\/www.edf-re.com\/?page_id=773"},"modified":"2025-06-12T11:41:04","modified_gmt":"2025-06-12T18:41:04","slug":"leadership-de-la-pensee","status":"publish","type":"page","link":"https:\/\/www.edf-re.com\/fr\/actualites\/leadership-de-la-pensee\/","title":{"rendered":"Leadership \u00e9clair\u00e9"},"content":{"rendered":"<div id=\"pl-773\"  class=\"panel-layout\" ><div id=\"pg-773-0\"  class=\"panel-grid panel-no-style\" ><div id=\"pgc-773-0-0\"  class=\"panel-grid-cell\" ><div id=\"panel-773-0-0-0\" class=\"so-panel widget widget_white-papers white-papers-widget panel-first-child panel-last-child\" data-index=\"0\" ><div\n\t\t\t\n\t\t\tclass=\"so-widget-white-papers so-widget-white-papers-default-d75171398898-773\"\n\t\t\t\n\t\t>\t<div class=\"white-papers\">\n\t\t\t\t\t<div class=\"white-paper\">\n\t\t\t\t<div class=\"flex\">\n\t\t\t\t\t<div class=\"left\">\n\t\t\t\t\t\t<a href=\"https:\/\/www.edf-re.com\/flipbook\/10082\" target=\"_blank\">\n\t\t\t\t\t\t\t<div class=\"paper-image\">\n\t\t\t\t\t\t\t\t\t\t\t\t\t\t\t\t\t<img decoding=\"async\" src=\"https:\/\/www.edf-re.com\/wp-content\/uploads\/SolarRecyclingWhitePaper_Cover.png\">\n\t\t\t\t\t\t\t\t\t\t\t\t\t\t\t\t<\/div><!-- .paper-image -->\n\t\t\t\t\t\t\t\t\t\t\t\t\t<\/a>\n\t\t\t\t\t<\/div><!-- .left -->\n\t\t\t\t\t<div class=\"right\">\n\t\t\t\t\t\t<div class=\"title\">\n\t\t\t\t\t\t\t<a href=\"https:\/\/www.edf-re.com\/flipbook\/10082\" target=\"_blank\">\u00c9tat du recyclage des panneaux solaires : March\u00e9, technologie et politique<\/a>\n\t\t\t\t\t\t<\/div><!-- .title -->\n\t\t\t\t\t\t\t\t\t\t\t<\/div><!-- .right -->\n\t\t\t\t<\/div><!-- .flex -->\n\t\t\t<\/div><!-- .white-paper -->\n\t\t\t\t\t\t<div class=\"white-paper\">\n\t\t\t\t<div class=\"flex\">\n\t\t\t\t\t<div class=\"left\">\n\t\t\t\t\t\t<a href=\"https:\/\/www.edf-re.com\/flipbook\/8626\" target=\"_blank\">\n\t\t\t\t\t\t\t<div class=\"paper-image\">\n\t\t\t\t\t\t\t\t\t\t\t\t\t\t\t\t\t<img decoding=\"async\" src=\"https:\/\/www.edf-re.com\/wp-content\/uploads\/Thought-Leadership-April-2023-240x300.png\">\n\t\t\t\t\t\t\t\t\t\t\t\t\t\t\t\t<\/div><!-- .paper-image -->\n\t\t\t\t\t\t\t\t\t\t\t\t\t<\/a>\n\t\t\t\t\t<\/div><!-- .left -->\n\t\t\t\t\t<div class=\"right\">\n\t\t\t\t\t\t<div class=\"title\">\n\t\t\t\t\t\t\t<a href=\"https:\/\/www.edf-re.com\/flipbook\/8626\" target=\"_blank\">Le risque de base li\u00e9 \u00e0 la congestion, un d\u00e9fi pour le d\u00e9veloppement de projets d'\u00e9nergie propre<\/a>\n\t\t\t\t\t\t<\/div><!-- .title -->\n\t\t\t\t\t\t\t\t\t\t\t<\/div><!-- .right -->\n\t\t\t\t<\/div><!-- .flex -->\n\t\t\t<\/div><!-- .white-paper -->\n\t\t\t\t\t\t<div class=\"white-paper\">\n\t\t\t\t<div class=\"flex\">\n\t\t\t\t\t<div class=\"left\">\n\t\t\t\t\t\t<a href=\"https:\/\/www.edf-re.com\/flipbook\/10732\" target=\"_blank\">\n\t\t\t\t\t\t\t<div class=\"paper-image\">\n\t\t\t\t\t\t\t\t\t\t\t\t\t\t\t\t\t<img decoding=\"async\" src=\"https:\/\/www.edf-re.com\/wp-content\/uploads\/SCADA-Front-Page-1-240x300.png\">\n\t\t\t\t\t\t\t\t\t\t\t\t\t\t\t\t<\/div><!-- .paper-image -->\n\t\t\t\t\t\t\t\t\t\t\t\t\t<\/a>\n\t\t\t\t\t<\/div><!-- .left -->\n\t\t\t\t\t<div class=\"right\">\n\t\t\t\t\t\t<div class=\"title\">\n\t\t\t\t\t\t\t<a href=\"https:\/\/www.edf-re.com\/flipbook\/10732\" target=\"_blank\">Aper\u00e7u des services SCADA<\/a>\n\t\t\t\t\t\t<\/div><!-- .title -->\n\t\t\t\t\t\t\t\t\t\t\t<\/div><!-- .right -->\n\t\t\t\t<\/div><!-- .flex -->\n\t\t\t<\/div><!-- .white-paper -->\n\t\t\t\t\t\t<div class=\"white-paper\">\n\t\t\t\t<div class=\"flex\">\n\t\t\t\t\t<div class=\"left\">\n\t\t\t\t\t\t<a href=\"https:\/\/www.edf-re.com\/flipbook\/7577\" target=\"_blank\">\n\t\t\t\t\t\t\t<div class=\"paper-image\">\n\t\t\t\t\t\t\t\t\t\t\t\t\t\t\t\t\t<img decoding=\"async\" src=\"https:\/\/www.edf-re.com\/wp-content\/uploads\/Pace-240x300.jpg\">\n\t\t\t\t\t\t\t\t\t\t\t\t\t\t\t\t<\/div><!-- .paper-image -->\n\t\t\t\t\t\t\t\t\t\t\t\t\t<\/a>\n\t\t\t\t\t<\/div><!-- .left -->\n\t\t\t\t\t<div class=\"right\">\n\t\t\t\t\t\t<div class=\"title\">\n\t\t\t\t\t\t\t<a href=\"https:\/\/www.edf-re.com\/flipbook\/7577\" target=\"_blank\">Garder les exploitations agricoles familiales dans la famille<\/a>\n\t\t\t\t\t\t<\/div><!-- .title -->\n\t\t\t\t\t\t\t\t\t\t\t<\/div><!-- .right -->\n\t\t\t\t<\/div><!-- .flex -->\n\t\t\t<\/div><!-- .white-paper -->\n\t\t\t\t\t\t<div class=\"white-paper\">\n\t\t\t\t<div class=\"flex\">\n\t\t\t\t\t<div class=\"left\">\n\t\t\t\t\t\t<a href=\"https:\/\/www.edf-re.com\/flipbook\/7073\" target=\"_blank\">\n\t\t\t\t\t\t\t<div class=\"paper-image\">\n\t\t\t\t\t\t\t\t\t\t\t\t\t\t\t\t\t<img decoding=\"async\" src=\"https:\/\/www.edf-re.com\/wp-content\/uploads\/Arrow-Canyon-Solar-Storage_White-Paper-3-2022-1-240x300.jpg\">\n\t\t\t\t\t\t\t\t\t\t\t\t\t\t\t\t<\/div><!-- .paper-image -->\n\t\t\t\t\t\t\t\t\t\t\t\t\t<\/a>\n\t\t\t\t\t<\/div><!-- .left -->\n\t\t\t\t\t<div class=\"right\">\n\t\t\t\t\t\t<div class=\"title\">\n\t\t\t\t\t\t\t<a href=\"https:\/\/www.edf-re.com\/flipbook\/7073\" target=\"_blank\">Construire un avenir \u00e9nerg\u00e9tique durable dans la vall\u00e9e de Moapa<\/a>\n\t\t\t\t\t\t<\/div><!-- .title -->\n\t\t\t\t\t\t\t\t\t\t\t<\/div><!-- .right -->\n\t\t\t\t<\/div><!-- .flex -->\n\t\t\t<\/div><!-- .white-paper -->\n\t\t\t\t\t\t<div class=\"white-paper\">\n\t\t\t\t<div class=\"flex\">\n\t\t\t\t\t<div class=\"left\">\n\t\t\t\t\t\t<a href=\"https:\/\/www.edf-re.com\/flipbook\/6900\" target=\"_blank\">\n\t\t\t\t\t\t\t<div class=\"paper-image\">\n\t\t\t\t\t\t\t\t\t\t\t\t\t\t\t\t\t<img decoding=\"async\" src=\"https:\/\/www.edf-re.com\/wp-content\/uploads\/GSP-Solar-Sheep-Success-White-Paper-22-01-09-1-240x300.jpg\">\n\t\t\t\t\t\t\t\t\t\t\t\t\t\t\t\t<\/div><!-- .paper-image -->\n\t\t\t\t\t\t\t\t\t\t\t\t\t<\/a>\n\t\t\t\t\t<\/div><!-- .left -->\n\t\t\t\t\t<div class=\"right\">\n\t\t\t\t\t\t<div class=\"title\">\n\t\t\t\t\t\t\t<a href=\"https:\/\/www.edf-re.com\/flipbook\/6900\" target=\"_blank\">Solaire + Mouton = Succ\u00e8s !<\/a>\n\t\t\t\t\t\t<\/div><!-- .title -->\n\t\t\t\t\t\t\t\t\t\t\t<\/div><!-- .right -->\n\t\t\t\t<\/div><!-- .flex -->\n\t\t\t<\/div><!-- .white-paper -->\n\t\t\t\t\t\t<div class=\"white-paper\">\n\t\t\t\t<div class=\"flex\">\n\t\t\t\t\t<div class=\"left\">\n\t\t\t\t\t\t<a href=\"https:\/\/www.edf-re.com\/flipbook\/6831\" target=\"_blank\">\n\t\t\t\t\t\t\t<div class=\"paper-image\">\n\t\t\t\t\t\t\t\t\t\t\t\t\t\t\t\t\t<img decoding=\"async\" src=\"https:\/\/www.edf-re.com\/wp-content\/uploads\/download-240x300.png\">\n\t\t\t\t\t\t\t\t\t\t\t\t\t\t\t\t<\/div><!-- .paper-image -->\n\t\t\t\t\t\t\t\t\t\t\t\t\t<\/a>\n\t\t\t\t\t<\/div><!-- .left -->\n\t\t\t\t\t<div class=\"right\">\n\t\t\t\t\t\t<div class=\"title\">\n\t\t\t\t\t\t\t<a href=\"https:\/\/www.edf-re.com\/flipbook\/6831\" target=\"_blank\">Am\u00e9liorer la rentabilit\u00e9 des projets gr\u00e2ce \u00e0 un inventaire centralis\u00e9<\/a>\n\t\t\t\t\t\t<\/div><!-- .title -->\n\t\t\t\t\t\t\t\t\t\t\t<\/div><!-- .right -->\n\t\t\t\t<\/div><!-- .flex -->\n\t\t\t<\/div><!-- .white-paper -->\n\t\t\t\t\t\t<div class=\"white-paper\">\n\t\t\t\t<div class=\"flex\">\n\t\t\t\t\t<div class=\"left\">\n\t\t\t\t\t\t<a href=\"https:\/\/www.edf-re.com\/flipbook\/833\" target=\"_blank\">\n\t\t\t\t\t\t\t<div class=\"paper-image\">\n\t\t\t\t\t\t\t\t\t\t\t\t\t\t\t\t\t<img decoding=\"async\" src=\"https:\/\/www.edf-re.com\/wp-content\/uploads\/additionality-white-paper-240x300.jpg\">\n\t\t\t\t\t\t\t\t\t\t\t\t\t\t\t\t<\/div><!-- .paper-image -->\n\t\t\t\t\t\t\t\t\t\t\t\t\t<\/a>\n\t\t\t\t\t<\/div><!-- .left -->\n\t\t\t\t\t<div class=\"right\">\n\t\t\t\t\t\t<div class=\"title\">\n\t\t\t\t\t\t\t<a href=\"https:\/\/www.edf-re.com\/flipbook\/833\" target=\"_blank\">Comment aller au-del\u00e0 des RECs et acc\u00e9l\u00e9rer l'engagement de votre entreprise en faveur de l'additionnalit\u00e9 en mati\u00e8re d'\u00e9nergie propre ?<\/a>\n\t\t\t\t\t\t<\/div><!-- .title -->\n\t\t\t\t\t\t\t\t\t\t\t<\/div><!-- .right -->\n\t\t\t\t<\/div><!-- .flex -->\n\t\t\t<\/div><!-- .white-paper -->\n\t\t\t\t\t\t<div class=\"white-paper\">\n\t\t\t\t<div class=\"flex\">\n\t\t\t\t\t<div class=\"left\">\n\t\t\t\t\t\t<a href=\"https:\/\/www.edf-re.com\/flipbook\/3033\" target=\"_blank\">\n\t\t\t\t\t\t\t<div class=\"paper-image\">\n\t\t\t\t\t\t\t\t\t\t\t\t\t\t\t\t\t<img decoding=\"async\" src=\"https:\/\/www.edf-re.com\/wp-content\/uploads\/future-proof-your-business-thumb-240x300.jpg\">\n\t\t\t\t\t\t\t\t\t\t\t\t\t\t\t\t<\/div><!-- .paper-image -->\n\t\t\t\t\t\t\t\t\t\t\t\t\t<\/a>\n\t\t\t\t\t<\/div><!-- .left -->\n\t\t\t\t\t<div class=\"right\">\n\t\t\t\t\t\t<div class=\"title\">\n\t\t\t\t\t\t\t<a href=\"https:\/\/www.edf-re.com\/flipbook\/3033\" target=\"_blank\">Pr\u00e9parez l'avenir de votre entreprise gr\u00e2ce au stockage int\u00e9gr\u00e9, \u00e0 l'\u00e9nergie solaire et \u00e0 la recharge intelligente des v\u00e9hicules \u00e9lectriques.<\/a>\n\t\t\t\t\t\t<\/div><!-- .title -->\n\t\t\t\t\t\t\t\t\t\t\t<\/div><!-- .right -->\n\t\t\t\t<\/div><!-- .flex -->\n\t\t\t<\/div><!-- .white-paper -->\n\t\t\t\t\t\t<div class=\"white-paper\">\n\t\t\t\t<div class=\"flex\">\n\t\t\t\t\t<div class=\"left\">\n\t\t\t\t\t\t<a href=\"https:\/\/www.edf-re.com\/flipbook\/828\" target=\"_blank\">\n\t\t\t\t\t\t\t<div class=\"paper-image\">\n\t\t\t\t\t\t\t\t\t\t\t\t\t\t\t\t\t<img decoding=\"async\" src=\"https:\/\/www.edf-re.com\/wp-content\/uploads\/sorting-out-the-renewable-procurement-puzzle-240x300.jpg\">\n\t\t\t\t\t\t\t\t\t\t\t\t\t\t\t\t<\/div><!-- .paper-image -->\n\t\t\t\t\t\t\t\t\t\t\t\t\t<\/a>\n\t\t\t\t\t<\/div><!-- .left -->\n\t\t\t\t\t<div class=\"right\">\n\t\t\t\t\t\t<div class=\"title\">\n\t\t\t\t\t\t\t<a href=\"https:\/\/www.edf-re.com\/flipbook\/828\" target=\"_blank\">D\u00e9m\u00ealer le casse-t\u00eate de l'approvisionnement en \u00e9nergies renouvelables<\/a>\n\t\t\t\t\t\t<\/div><!-- .title -->\n\t\t\t\t\t\t\t\t\t\t\t<\/div><!-- .right -->\n\t\t\t\t<\/div><!-- .flex -->\n\t\t\t<\/div><!-- .white-paper -->\n\t\t\t\t\t\t<div class=\"white-paper\">\n\t\t\t\t<div class=\"flex\">\n\t\t\t\t\t<div class=\"left\">\n\t\t\t\t\t\t<a href=\"https:\/\/www.edf-re.com\/flipbook\/3434\" target=\"_blank\">\n\t\t\t\t\t\t\t<div class=\"paper-image\">\n\t\t\t\t\t\t\t\t\t\t\t\t\t\t\t\t\t<img decoding=\"async\" src=\"https:\/\/www.edf-re.com\/wp-content\/uploads\/managing-energy-costs-thumb-240x300.jpg\">\n\t\t\t\t\t\t\t\t\t\t\t\t\t\t\t\t<\/div><!-- .paper-image -->\n\t\t\t\t\t\t\t\t\t\t\t\t\t<\/a>\n\t\t\t\t\t<\/div><!-- .left -->\n\t\t\t\t\t<div class=\"right\">\n\t\t\t\t\t\t<div class=\"title\">\n\t\t\t\t\t\t\t<a href=\"https:\/\/www.edf-re.com\/flipbook\/3434\" target=\"_blank\">G\u00e9rer les co\u00fbts \u00e9nerg\u00e9tiques gr\u00e2ce au stockage de l'\u00e9nergie<\/a>\n\t\t\t\t\t\t<\/div><!-- .title -->\n\t\t\t\t\t\t\t\t\t\t\t<\/div><!-- .right -->\n\t\t\t\t<\/div><!-- .flex -->\n\t\t\t<\/div><!-- .white-paper -->\n\t\t\t\t\t\t<div class=\"white-paper\">\n\t\t\t\t<div class=\"flex\">\n\t\t\t\t\t<div class=\"left\">\n\t\t\t\t\t\t<a href=\"https:\/\/www.edf-re.com\/flipbook\/826\" target=\"_blank\">\n\t\t\t\t\t\t\t<div class=\"paper-image\">\n\t\t\t\t\t\t\t\t\t\t\t\t\t\t\t\t\t<img decoding=\"async\" src=\"https:\/\/www.edf-re.com\/wp-content\/uploads\/knocking-on-the-utility-door-240x300.jpg\">\n\t\t\t\t\t\t\t\t\t\t\t\t\t\t\t\t<\/div><!-- .paper-image -->\n\t\t\t\t\t\t\t\t\t\t\t\t\t<\/a>\n\t\t\t\t\t<\/div><!-- .left -->\n\t\t\t\t\t<div class=\"right\">\n\t\t\t\t\t\t<div class=\"title\">\n\t\t\t\t\t\t\t<a href=\"https:\/\/www.edf-re.com\/flipbook\/826\" target=\"_blank\">Frapper \u00e0 la porte de l'utilit\u00e9<\/a>\n\t\t\t\t\t\t<\/div><!-- .title -->\n\t\t\t\t\t\t\t\t\t\t\t<\/div><!-- .right -->\n\t\t\t\t<\/div><!-- .flex -->\n\t\t\t<\/div><!-- .white-paper -->\n\t\t\t\t\t\t<div class=\"white-paper\">\n\t\t\t\t<div class=\"flex\">\n\t\t\t\t\t<div class=\"left\">\n\t\t\t\t\t\t<a href=\"https:\/\/www.edf-re.com\/flipbook\/821\" target=\"_blank\">\n\t\t\t\t\t\t\t<div class=\"paper-image\">\n\t\t\t\t\t\t\t\t\t\t\t\t\t\t\t\t\t<img decoding=\"async\" src=\"https:\/\/www.edf-re.com\/wp-content\/uploads\/the-evolution-of-the-digital-world-is-driving-change-for-renewable-energy-240x300.jpg\">\n\t\t\t\t\t\t\t\t\t\t\t\t\t\t\t\t<\/div><!-- .paper-image -->\n\t\t\t\t\t\t\t\t\t\t\t\t\t<\/a>\n\t\t\t\t\t<\/div><!-- .left -->\n\t\t\t\t\t<div class=\"right\">\n\t\t\t\t\t\t<div class=\"title\">\n\t\t\t\t\t\t\t<a href=\"https:\/\/www.edf-re.com\/flipbook\/821\" target=\"_blank\">L'\u00e9volution du monde num\u00e9rique est le moteur du changement pour les \u00e9nergies renouvelables<\/a>\n\t\t\t\t\t\t<\/div><!-- .title -->\n\t\t\t\t\t\t\t\t\t\t\t<\/div><!-- .right -->\n\t\t\t\t<\/div><!-- .flex -->\n\t\t\t<\/div><!-- .white-paper -->\n\t\t\t\t\t\t<div class=\"white-paper\">\n\t\t\t\t<div class=\"flex\">\n\t\t\t\t\t<div class=\"left\">\n\t\t\t\t\t\t<a href=\"https:\/\/www.edf-re.com\/flipbook\/817\" target=\"_blank\">\n\t\t\t\t\t\t\t<div class=\"paper-image\">\n\t\t\t\t\t\t\t\t\t\t\t\t\t\t\t\t\t<img decoding=\"async\" src=\"https:\/\/www.edf-re.com\/wp-content\/uploads\/add-storage-to-your-solar-ppa-240x300.jpg\">\n\t\t\t\t\t\t\t\t\t\t\t\t\t\t\t\t<\/div><!-- .paper-image -->\n\t\t\t\t\t\t\t\t\t\t\t\t\t<\/a>\n\t\t\t\t\t<\/div><!-- .left -->\n\t\t\t\t\t<div class=\"right\">\n\t\t\t\t\t\t<div class=\"title\">\n\t\t\t\t\t\t\t<a href=\"https:\/\/www.edf-re.com\/flipbook\/817\" target=\"_blank\">Un syst\u00e8me de stockage par batterie peut \u00eatre le compl\u00e9ment id\u00e9al de votre nouvel accord d'achat d'\u00e9nergie solaire.<\/a>\n\t\t\t\t\t\t<\/div><!-- .title -->\n\t\t\t\t\t\t\t\t\t\t\t<\/div><!-- .right -->\n\t\t\t\t<\/div><!-- .flex -->\n\t\t\t<\/div><!-- .white-paper -->\n\t\t\t\t\t\t<div class=\"white-paper\">\n\t\t\t\t<div class=\"flex\">\n\t\t\t\t\t<div class=\"left\">\n\t\t\t\t\t\t<a href=\"https:\/\/www.edf-re.com\/flipbook\/814\" target=\"_blank\">\n\t\t\t\t\t\t\t<div class=\"paper-image\">\n\t\t\t\t\t\t\t\t\t\t\t\t\t\t\t\t\t<img decoding=\"async\" src=\"https:\/\/www.edf-re.com\/wp-content\/uploads\/climbing-the-corporate-renewable-procurement-ladder-240x300.jpg\">\n\t\t\t\t\t\t\t\t\t\t\t\t\t\t\t\t<\/div><!-- .paper-image -->\n\t\t\t\t\t\t\t\t\t\t\t\t\t<\/a>\n\t\t\t\t\t<\/div><!-- .left -->\n\t\t\t\t\t<div class=\"right\">\n\t\t\t\t\t\t<div class=\"title\">\n\t\t\t\t\t\t\t<a href=\"https:\/\/www.edf-re.com\/flipbook\/814\" target=\"_blank\">Gravir les \u00e9chelons de l'entreprise (approvisionnement en \u00e9nergie renouvelable)<\/a>\n\t\t\t\t\t\t<\/div><!-- .title -->\n\t\t\t\t\t\t\t\t\t\t\t<\/div><!-- .right -->\n\t\t\t\t<\/div><!-- .flex -->\n\t\t\t<\/div><!-- .white-paper -->\n\t\t\t\t\t\t<div class=\"white-paper\">\n\t\t\t\t<div class=\"flex\">\n\t\t\t\t\t<div class=\"left\">\n\t\t\t\t\t\t<a href=\"https:\/\/www.edf-re.com\/flipbook\/803\" target=\"_blank\">\n\t\t\t\t\t\t\t<div class=\"paper-image\">\n\t\t\t\t\t\t\t\t\t\t\t\t\t\t\t\t\t<img decoding=\"async\" src=\"https:\/\/www.edf-re.com\/wp-content\/uploads\/solar-and-electric-vehicles-240x300.jpg\">\n\t\t\t\t\t\t\t\t\t\t\t\t\t\t\t\t<\/div><!-- .paper-image -->\n\t\t\t\t\t\t\t\t\t\t\t\t\t<\/a>\n\t\t\t\t\t<\/div><!-- .left -->\n\t\t\t\t\t<div class=\"right\">\n\t\t\t\t\t\t<div class=\"title\">\n\t\t\t\t\t\t\t<a href=\"https:\/\/www.edf-re.com\/flipbook\/803\" target=\"_blank\">Le solaire et les v\u00e9hicules \u00e9lectriques (VE) - Qu'y a-t-il \u00e0 savoir ?<\/a>\n\t\t\t\t\t\t<\/div><!-- .title -->\n\t\t\t\t\t\t\t\t\t\t\t<\/div><!-- .right -->\n\t\t\t\t<\/div><!-- .flex -->\n\t\t\t<\/div><!-- .white-paper -->\n\t\t\t\t\t\t<div class=\"white-paper\">\n\t\t\t\t<div class=\"flex\">\n\t\t\t\t\t<div class=\"left\">\n\t\t\t\t\t\t<a href=\"https:\/\/www.edf-re.com\/flipbook\/798\" target=\"_blank\">\n\t\t\t\t\t\t\t<div class=\"paper-image\">\n\t\t\t\t\t\t\t\t\t\t\t\t\t\t\t\t\t<img decoding=\"async\" src=\"https:\/\/www.edf-re.com\/wp-content\/uploads\/business-of-standalone-grid-scale-240x300.jpg\">\n\t\t\t\t\t\t\t\t\t\t\t\t\t\t\t\t<\/div><!-- .paper-image -->\n\t\t\t\t\t\t\t\t\t\t\t\t\t<\/a>\n\t\t\t\t\t<\/div><!-- .left -->\n\t\t\t\t\t<div class=\"right\">\n\t\t\t\t\t\t<div class=\"title\">\n\t\t\t\t\t\t\t<a href=\"https:\/\/www.edf-re.com\/flipbook\/798\" target=\"_blank\">Le commerce du stockage d'\u00e9nergie autonome \u00e0 l'\u00e9chelle du r\u00e9seau dans les \u00c9tats du Nord<\/a>\n\t\t\t\t\t\t<\/div><!-- .title -->\n\t\t\t\t\t\t\t\t\t\t\t<\/div><!-- .right -->\n\t\t\t\t<\/div><!-- .flex -->\n\t\t\t<\/div><!-- .white-paper -->\n\t\t\t\t<\/div><!-- .white-papers -->\n\t<\/div><\/div><\/div><\/div><\/div>","protected":false},"excerpt":{"rendered":"","protected":false},"author":1,"featured_media":0,"parent":769,"menu_order":35,"comment_status":"closed","ping_status":"closed","template":"","meta":{"_acf_changed":false,"footnotes":""},"class_list":["post-773","page","type-page","status-publish","hentry"],"acf":[],"yoast_head":"<!-- This site is optimized with the Yoast SEO plugin v26.8 - https:\/\/yoast.com\/product\/yoast-seo-wordpress\/ -->\n<title>EDF power solutions NA White Papers | EV Charging, Battery Storage<\/title>\n<meta name=\"description\" content=\"EDF power solutions NA White Papers from Erik Ejups on Grid-Scale energy | Joni Hamson on EV Charging | Michael Pariser on Battery Storage\" \/>\n<meta name=\"robots\" content=\"index, follow, max-snippet:-1, max-image-preview:large, max-video-preview:-1\" \/>\n<link rel=\"canonical\" href=\"https:\/\/www.edf-re.com\/fr\/actualites\/leadership-de-la-pensee\/\" \/>\n<meta property=\"og:locale\" content=\"fr_CA\" \/>\n<meta property=\"og:type\" content=\"article\" \/>\n<meta property=\"og:title\" content=\"EDF power solutions NA White Papers | EV Charging, Battery Storage\" \/>\n<meta property=\"og:description\" content=\"EDF power solutions NA White Papers from Erik Ejups on Grid-Scale energy | Joni Hamson on EV Charging | Michael Pariser on Battery Storage\" \/>\n<meta property=\"og:url\" content=\"https:\/\/www.edf-re.com\/fr\/actualites\/leadership-de-la-pensee\/\" \/>\n<meta property=\"og:site_name\" content=\"EDF power solutions North America\" \/>\n<meta property=\"article:modified_time\" content=\"2025-06-12T18:41:04+00:00\" \/>\n<meta property=\"og:image\" content=\"https:\/\/www.edf-re.com\/wp-content\/uploads\/logo_edf_power_solutions_RGB-no-buffer-zone.png\" \/>\n\t<meta property=\"og:image:width\" content=\"2000\" \/>\n\t<meta property=\"og:image:height\" content=\"702\" \/>\n\t<meta property=\"og:image:type\" content=\"image\/png\" \/>\n<meta name=\"twitter:card\" content=\"summary_large_image\" \/>\n<meta name=\"twitter:label1\" content=\"Estimation du temps de lecture\" \/>\n\t<meta name=\"twitter:data1\" content=\"5 minutes\" \/>\n<script type=\"application\/ld+json\" class=\"yoast-schema-graph\">{\"@context\":\"https:\/\/schema.org\",\"@graph\":[{\"@type\":\"WebPage\",\"@id\":\"https:\/\/www.edf-re.com\/news\/thought-leadership\/\",\"url\":\"https:\/\/www.edf-re.com\/news\/thought-leadership\/\",\"name\":\"EDF power solutions NA White Papers | EV Charging, Battery Storage\",\"isPartOf\":{\"@id\":\"https:\/\/www.edf-re.com\/#website\"},\"datePublished\":\"2020-05-15T20:22:24+00:00\",\"dateModified\":\"2025-06-12T18:41:04+00:00\",\"description\":\"EDF power solutions NA White Papers from Erik Ejups on Grid-Scale energy | Joni Hamson on EV Charging | Michael Pariser on Battery Storage\",\"breadcrumb\":{\"@id\":\"https:\/\/www.edf-re.com\/news\/thought-leadership\/#breadcrumb\"},\"inLanguage\":\"fr-CA\",\"potentialAction\":[{\"@type\":\"ReadAction\",\"target\":[\"https:\/\/www.edf-re.com\/news\/thought-leadership\/\"]}]},{\"@type\":\"BreadcrumbList\",\"@id\":\"https:\/\/www.edf-re.com\/news\/thought-leadership\/#breadcrumb\",\"itemListElement\":[{\"@type\":\"ListItem\",\"position\":1,\"name\":\"Home\",\"item\":\"https:\/\/www.edf-re.com\/\"},{\"@type\":\"ListItem\",\"position\":2,\"name\":\"News\",\"item\":\"https:\/\/www.edf-re.com\/news\/\"},{\"@type\":\"ListItem\",\"position\":3,\"name\":\"Thought Leadership\"}]},{\"@type\":\"WebSite\",\"@id\":\"https:\/\/www.edf-re.com\/#website\",\"url\":\"https:\/\/www.edf-re.com\/\",\"name\":\"EDF power solutions North America\",\"description\":\"\",\"publisher\":{\"@id\":\"https:\/\/www.edf-re.com\/#organization\"},\"potentialAction\":[{\"@type\":\"SearchAction\",\"target\":{\"@type\":\"EntryPoint\",\"urlTemplate\":\"https:\/\/www.edf-re.com\/?s={search_term_string}\"},\"query-input\":{\"@type\":\"PropertyValueSpecification\",\"valueRequired\":true,\"valueName\":\"search_term_string\"}}],\"inLanguage\":\"fr-CA\"},{\"@type\":\"Organization\",\"@id\":\"https:\/\/www.edf-re.com\/#organization\",\"name\":\"EDF Renewables North America\",\"url\":\"https:\/\/www.edf-re.com\/\",\"logo\":{\"@type\":\"ImageObject\",\"inLanguage\":\"fr-CA\",\"@id\":\"https:\/\/www.edf-re.com\/#\/schema\/logo\/image\/\",\"url\":\"https:\/\/www.edf-re.com\/wp-content\/uploads\/edfr-logo-1.png\",\"contentUrl\":\"https:\/\/www.edf-re.com\/wp-content\/uploads\/edfr-logo-1.png\",\"width\":600,\"height\":291,\"caption\":\"EDF Renewables North America\"},\"image\":{\"@id\":\"https:\/\/www.edf-re.com\/#\/schema\/logo\/image\/\"}}]}<\/script>\n<!-- \/ Yoast SEO plugin. -->","yoast_head_json":{"title":"EDF power solutions NA White Papers | Chargement des VE, stockage des batteries","description":"EDF power solutions NA Livres blancs d'Erik Ejups sur l'\u00e9nergie \u00e0 l'\u00e9chelle du r\u00e9seau | Joni Hamson sur la recharge des v\u00e9hicules \u00e9lectriques | Michael Pariser sur le stockage des batteries","robots":{"index":"index","follow":"follow","max-snippet":"max-snippet:-1","max-image-preview":"max-image-preview:large","max-video-preview":"max-video-preview:-1"},"canonical":"https:\/\/www.edf-re.com\/fr\/actualites\/leadership-de-la-pensee\/","og_locale":"fr_CA","og_type":"article","og_title":"EDF power solutions NA White Papers | EV Charging, Battery Storage","og_description":"EDF power solutions NA White Papers from Erik Ejups on Grid-Scale energy | Joni Hamson on EV Charging | Michael Pariser on Battery Storage","og_url":"https:\/\/www.edf-re.com\/fr\/actualites\/leadership-de-la-pensee\/","og_site_name":"EDF power solutions North America","article_modified_time":"2025-06-12T18:41:04+00:00","og_image":[{"width":2000,"height":702,"url":"https:\/\/www.edf-re.com\/wp-content\/uploads\/logo_edf_power_solutions_RGB-no-buffer-zone.png","type":"image\/png"}],"twitter_card":"summary_large_image","twitter_misc":{"Estimation du temps de lecture":"5 minutes"},"schema":{"@context":"https:\/\/schema.org","@graph":[{"@type":"WebPage","@id":"https:\/\/www.edf-re.com\/news\/thought-leadership\/","url":"https:\/\/www.edf-re.com\/news\/thought-leadership\/","name":"EDF power solutions NA White Papers | Chargement des VE, stockage des batteries","isPartOf":{"@id":"https:\/\/www.edf-re.com\/#website"},"datePublished":"2020-05-15T20:22:24+00:00","dateModified":"2025-06-12T18:41:04+00:00","description":"EDF power solutions NA Livres blancs d'Erik Ejups sur l'\u00e9nergie \u00e0 l'\u00e9chelle du r\u00e9seau | Joni Hamson sur la recharge des v\u00e9hicules \u00e9lectriques | Michael Pariser sur le stockage des batteries","breadcrumb":{"@id":"https:\/\/www.edf-re.com\/news\/thought-leadership\/#breadcrumb"},"inLanguage":"fr-CA","potentialAction":[{"@type":"ReadAction","target":["https:\/\/www.edf-re.com\/news\/thought-leadership\/"]}]},{"@type":"BreadcrumbList","@id":"https:\/\/www.edf-re.com\/news\/thought-leadership\/#breadcrumb","itemListElement":[{"@type":"ListItem","position":1,"name":"Home","item":"https:\/\/www.edf-re.com\/"},{"@type":"ListItem","position":2,"name":"News","item":"https:\/\/www.edf-re.com\/news\/"},{"@type":"ListItem","position":3,"name":"Thought Leadership"}]},{"@type":"WebSite","@id":"https:\/\/www.edf-re.com\/#website","url":"https:\/\/www.edf-re.com\/","name":"EDF power solutions Am\u00e9rique du Nord","description":"","publisher":{"@id":"https:\/\/www.edf-re.com\/#organization"},"potentialAction":[{"@type":"SearchAction","target":{"@type":"EntryPoint","urlTemplate":"https:\/\/www.edf-re.com\/?s={search_term_string}"},"query-input":{"@type":"PropertyValueSpecification","valueRequired":true,"valueName":"search_term_string"}}],"inLanguage":"fr-CA"},{"@type":"Organization","@id":"https:\/\/www.edf-re.com\/#organization","name":"EDF Renewables Am\u00e9rique du Nord","url":"https:\/\/www.edf-re.com\/","logo":{"@type":"ImageObject","inLanguage":"fr-CA","@id":"https:\/\/www.edf-re.com\/#\/schema\/logo\/image\/","url":"https:\/\/www.edf-re.com\/wp-content\/uploads\/edfr-logo-1.png","contentUrl":"https:\/\/www.edf-re.com\/wp-content\/uploads\/edfr-logo-1.png","width":600,"height":291,"caption":"EDF Renewables North America"},"image":{"@id":"https:\/\/www.edf-re.com\/#\/schema\/logo\/image\/"}}]}},"_links":{"self":[{"href":"https:\/\/www.edf-re.com\/fr\/wp-json\/wp\/v2\/pages\/773","targetHints":{"allow":["GET"]}}],"collection":[{"href":"https:\/\/www.edf-re.com\/fr\/wp-json\/wp\/v2\/pages"}],"about":[{"href":"https:\/\/www.edf-re.com\/fr\/wp-json\/wp\/v2\/types\/page"}],"author":[{"embeddable":true,"href":"https:\/\/www.edf-re.com\/fr\/wp-json\/wp\/v2\/users\/1"}],"replies":[{"embeddable":true,"href":"https:\/\/www.edf-re.com\/fr\/wp-json\/wp\/v2\/comments?post=773"}],"version-history":[{"count":5,"href":"https:\/\/www.edf-re.com\/fr\/wp-json\/wp\/v2\/pages\/773\/revisions"}],"predecessor-version":[{"id":10825,"href":"https:\/\/www.edf-re.com\/fr\/wp-json\/wp\/v2\/pages\/773\/revisions\/10825"}],"up":[{"embeddable":true,"href":"https:\/\/www.edf-re.com\/fr\/wp-json\/wp\/v2\/pages\/769"}],"wp:attachment":[{"href":"https:\/\/www.edf-re.com\/fr\/wp-json\/wp\/v2\/media?parent=773"}],"curies":[{"name":"wp","href":"https:\/\/api.w.org\/{rel}","templated":true}]}}