{"id":9049,"date":"2023-11-07T13:20:29","date_gmt":"2023-11-07T18:20:29","guid":{"rendered":"https:\/\/www.edf-re.com\/?page_id=9049"},"modified":"2026-03-03T13:23:56","modified_gmt":"2026-03-03T21:23:56","slug":"new-york-3","status":"publish","type":"page","link":"https:\/\/www.edf-re.com\/fr\/new-york-3\/","title":{"rendered":"Services d'exploitation et de maintenance de l'\u00e9nergie \u00e9olienne"},"content":{"rendered":"<div id=\"pl-9049\"  class=\"panel-layout\" ><div id=\"pg-9049-0\"  class=\"panel-grid panel-has-style\" ><div class=\"siteorigin-panels-stretch panel-row-style panel-row-style-for-9049-0\" data-stretch-type=\"full\" ><div id=\"pgc-9049-0-0\"  class=\"panel-grid-cell\" ><div id=\"panel-9049-0-0-0\" class=\"so-panel widget widget_siteorigin-panels-builder panel-first-child panel-last-child\" data-index=\"0\" ><div id=\"pl-w69a7516c8b2a1\"  class=\"panel-layout\" ><div id=\"pg-w69a7516c8b2a1-0\"  class=\"panel-grid panel-has-style\" ><div data-aos=\"fade\" data-aos-duration=\"1200\" class=\"panel-row-style panel-row-style-for-w69a7516c8b2a1-0\" ><div id=\"pgc-w69a7516c8b2a1-0-0\"  class=\"panel-grid-cell\" ><div id=\"panel-w69a7516c8b2a1-0-0-0\" class=\"so-panel widget widget_sow-editor panel-first-child panel-last-child\" data-index=\"0\" ><div class=\"panel-widget-style panel-widget-style-for-w69a7516c8b2a1-0-0-0\" ><div\n\t\t\t\n\t\t\tclass=\"so-widget-sow-editor so-widget-sow-editor-base\"\n\t\t\t\n\t\t>\n<div class=\"siteorigin-widget-tinymce textwidget\">\n\t<p style=\"font-size: 1.2em; line-height: 1; text-align: center;\"><strong>Votre partenaire de confiance pour l'exploitation et la maintenance de l'\u00e9nergie \u00e9olienne<\/strong><\/p>\n<\/div>\n<\/div><\/div><\/div><\/div><\/div><\/div><div id=\"pg-w69a7516c8b2a1-1\"  class=\"panel-grid panel-has-style\" ><div class=\"panel-row-style panel-row-style-for-w69a7516c8b2a1-1\" ><div id=\"pgc-w69a7516c8b2a1-1-0\"  class=\"panel-grid-cell\" ><div id=\"panel-w69a7516c8b2a1-1-0-0\" class=\"so-panel widget widget_separator separator-widget panel-first-child panel-last-child\" data-index=\"1\" ><div\n\t\t\t\n\t\t\tclass=\"so-widget-separator so-widget-separator-default-d75171398898\"\n\t\t\t\n\t\t>\t\t<div class=\"animate__animated animate__bounce animate__infinite animate__slow\">\n\t\t\t<i class=\"fa-light fa-chevron-down\" style=\"font-size:48px;color:#ffffff;\"><\/i>\n\t\t\t<\/div>\n\t\t<\/div><\/div><\/div><\/div><\/div><\/div><\/div><\/div><\/div><\/div><div id=\"pg-9049-1\"  class=\"panel-grid panel-no-style\" ><div id=\"pgc-9049-1-0\"  class=\"panel-grid-cell\" ><div id=\"panel-9049-1-0-0\" class=\"so-panel widget widget_sow-editor panel-first-child panel-last-child\" data-index=\"1\" ><div\n\t\t\t\n\t\t\tclass=\"so-widget-sow-editor so-widget-sow-editor-base\"\n\t\t\t\n\t\t>\n<div class=\"siteorigin-widget-tinymce textwidget\">\n\t<h6 style=\"text-align: center;\">Optimisez les performances et la rentabilit\u00e9 de vos actifs \u00e9oliens gr\u00e2ce \u00e0 l'\u00e9quipe d'experts techniques qualifi\u00e9s d'EDF Power Solutions. Nous prenons tout en charge, de l'exploitation et la maintenance \u00e0 la surveillance et la conformit\u00e9, afin de garantir le bon fonctionnement quotidien de votre parc \u00e9olien. Gr\u00e2ce \u00e0 notre pr\u00e9sence nationale et \u00e0 notre vaste stock de pi\u00e8ces de rechange, nous sommes parfaitement \u00e9quip\u00e9s pour fournir une gamme compl\u00e8te de services qui minimiseront les temps d'arr\u00eat et optimiseront les performances de votre parc \u00e9olien.<\/h6>\n<\/div>\n<\/div><\/div><\/div><\/div><div id=\"pg-9049-2\"  class=\"panel-grid panel-no-style\" ><div id=\"pgc-9049-2-0\"  class=\"panel-grid-cell\" ><div id=\"panel-9049-2-0-0\" class=\"so-panel widget widget_siteorigin-panels-builder panel-first-child panel-last-child\" data-index=\"2\" ><div id=\"pl-w69a75134a8e5f\"  class=\"panel-layout\" ><div id=\"pg-w69a75134a8e5f-0\"  class=\"panel-grid panel-no-style\" ><div id=\"pgc-w69a75134a8e5f-0-0\"  class=\"panel-grid-cell\" ><div id=\"panel-w69a75134a8e5f-0-0-0\" class=\"so-panel widget widget_stats stats-widget panel-first-child panel-last-child\" data-index=\"0\" ><div class=\"panel-widget-style panel-widget-style-for-w69a75134a8e5f-0-0-0\" ><div\n\t\t\t\n\t\t\tclass=\"so-widget-stats so-widget-stats-default-d75171398898\"\n\t\t\t\n\t\t>\t<div class=\"flex\">\n\t\t\t\t\t<div class=\"stat vertical\">\n\t\t\t\t\t\t\t\t\t<div class=\"icon\">\n\t\t\t\t\t\t<i class=\"fa-light fa-wind-turbine\"><\/i>\n\t\t\t\t\t<\/div><!-- .icon -->\n\t\t\t\t\t\t\t\t\t\t<div>\n\t\t\t\t\t\t<div class=\"number\">\n\t\t\t\t\t\t\t<span class=\"counter\" data-number=\"11\">0<\/span>.<span class=\"counter\" data-number=\"5\">0<\/span> GW\t\t\t\t\t\t<\/div><!-- .number -->\n\t\t\t\t\t\t\t\t\t\t\t\t\t<div class=\"label\">\n\t\t\t\t\t\t\t\tactifs \u00e9oliens sous contrat d'exploitation et de maintenance\t\t\t\t\t\t\t<\/div><!-- .label -->\n\t\t\t\t\t\t\t\t\t\t\t\t<\/div>\n\t\t\t\t\t\t\t\t<\/div><!-- .stat -->\n\t\t\t\t\t\t<div class=\"stat vertical\">\n\t\t\t\t\t\t\t\t\t<div class=\"icon\">\n\t\t\t\t\t\t<i class=\"fa-light fa-user-helmet-safety\"><\/i>\n\t\t\t\t\t<\/div><!-- .icon -->\n\t\t\t\t\t\t\t\t\t\t<div>\n\t\t\t\t\t\t<div class=\"number\">\n\t\t\t\t\t\t\t<span class=\"counter\" data-number=\"400\">0<\/span>+\t\t\t\t\t\t<\/div><!-- .number -->\n\t\t\t\t\t\t\t\t\t\t\t\t\t<div class=\"label\">\n\t\t\t\t\t\t\t\tdes techniciens experts en \u00e9olien\t\t\t\t\t\t\t<\/div><!-- .label -->\n\t\t\t\t\t\t\t\t\t\t\t\t<\/div>\n\t\t\t\t\t\t\t\t<\/div><!-- .stat -->\n\t\t\t\t\t\t<div class=\"stat vertical\">\n\t\t\t\t\t\t\t\t\t<div class=\"icon\">\n\t\t\t\t\t\t<i class=\"fa-light fa-lightbulb-on\"><\/i>\n\t\t\t\t\t<\/div><!-- .icon -->\n\t\t\t\t\t\t\t\t\t\t<div>\n\t\t\t\t\t\t<div class=\"number\">\n\t\t\t\t\t\t\t<span class=\"counter\" data-number=\"35\">0<\/span>+\t\t\t\t\t\t<\/div><!-- .number -->\n\t\t\t\t\t\t\t\t\t\t\t\t\t<div class=\"label\">\n\t\t\t\t\t\t\t\tann\u00e9es d'exp\u00e9rience dans le service\t\t\t\t\t\t\t<\/div><!-- .label -->\n\t\t\t\t\t\t\t\t\t\t\t\t<\/div>\n\t\t\t\t\t\t\t\t<\/div><!-- .stat -->\n\t\t\t\t<\/div><!-- .flex -->\n\t<\/div><\/div><\/div><\/div><\/div><div id=\"pg-w69a75134a8e5f-1\"  class=\"panel-grid panel-has-style\" ><div class=\"siteorigin-panels-stretch panel-row-style panel-row-style-for-w69a75134a8e5f-1\" data-stretch-type=\"full\" ><div id=\"pgc-w69a75134a8e5f-1-0\"  class=\"panel-grid-cell\" ><div id=\"panel-w69a75134a8e5f-1-0-0\" class=\"so-panel widget widget_sow-editor panel-first-child panel-last-child\" data-index=\"1\" ><div class=\"panel-widget-style panel-widget-style-for-w69a75134a8e5f-1-0-0\" ><div\n\t\t\t\n\t\t\tclass=\"so-widget-sow-editor so-widget-sow-editor-base\"\n\t\t\t\n\t\t>\n<div class=\"siteorigin-widget-tinymce textwidget\">\n\t<\/div>\n<\/div><\/div><\/div><\/div><\/div><\/div><\/div><\/div><\/div><\/div><div id=\"pg-9049-3\"  class=\"panel-grid panel-no-style\" ><div id=\"pgc-9049-3-0\"  class=\"panel-grid-cell\" ><div id=\"panel-9049-3-0-0\" class=\"so-panel widget widget_sow-editor panel-first-child panel-last-child\" data-index=\"3\" ><div\n\t\t\t\n\t\t\tclass=\"so-widget-sow-editor so-widget-sow-editor-base\"\n\t\t\t\n\t\t>\n<div class=\"siteorigin-widget-tinymce textwidget\">\n\t<h3>Minimisez les temps d'arr\u00eat et maximisez la dur\u00e9e de vie de vos installations \u00e9oliennes gr\u00e2ce \u00e0 nos solutions efficaces et rentables en mati\u00e8re d'exploitation, de maintenance et de r\u00e9paration.<\/h3>\n<p>&nbsp;<\/p>\n<\/div>\n<\/div><\/div><\/div><div id=\"pgc-9049-3-1\"  class=\"panel-grid-cell\" ><div id=\"panel-9049-3-1-0\" class=\"so-panel widget widget_sow-editor panel-first-child panel-last-child\" data-index=\"4\" ><div data-aos=\"fade-left\" data-aos-duration=\"1200\" data-aos-delay=\"600\" class=\"panel-widget-style panel-widget-style-for-9049-3-1-0\" ><div\n\t\t\t\n\t\t\tclass=\"so-widget-sow-editor so-widget-sow-editor-base\"\n\t\t\t\n\t\t>\n<div class=\"siteorigin-widget-tinymce textwidget\">\n\t<h4>Services d'\u00e9nergie \u00e9olienne<\/h4>\n<ul>\n \t<li>\n<h6>Maintenance pr\u00e9ventive et corrective sur site<\/h6>\n<\/li>\n \t<li>\n<h6>Gestion de l'\u00e9quilibre de l'usine (BOP)<\/h6>\n<\/li>\n \t<li>\n<h6>R\u00e9paration et remplacement de composants majeurs<\/h6>\n<\/li>\n \t<li>\n<h6>Approvisionnement en pi\u00e8ces<\/h6>\n<\/li>\n \t<li>\n<h6>Programme d'entretien des lames<\/h6>\n<\/li>\n \t<li>\n<h6>Inspections EOW<\/h6>\n<\/li>\n \t<li>\n<h6>Garanties de disponibilit\u00e9<\/h6>\n<\/li>\n<\/ul><\/div>\n<\/div><\/div><\/div><\/div><\/div><div id=\"pg-9049-4\"  class=\"panel-grid panel-has-style\" ><div class=\"siteorigin-panels-stretch panel-row-style panel-row-style-for-9049-4\" id=\"contact\" data-stretch-type=\"full\" ><div id=\"pgc-9049-4-0\"  class=\"panel-grid-cell\" ><div id=\"panel-9049-4-0-0\" class=\"so-panel widget widget_sow-editor panel-first-child panel-last-child\" data-index=\"5\" ><div class=\"panel-widget-style panel-widget-style-for-9049-4-0-0\" ><div\n\t\t\t\n\t\t\tclass=\"so-widget-sow-editor so-widget-sow-editor-base\"\n\t\t\t\n\t\t>\n<div class=\"siteorigin-widget-tinymce textwidget\">\n\t<p class=\"large-font\" style=\"text-align: center;\"><span style=\"color: #ffffff;\"><strong>Exp\u00e9riment\u00e9. Fiable. Pr\u00eat.<\/strong><\/span><\/p>\n<p class=\"large-font\" style=\"text-align: center;\"><span style=\"color: #ffffff;\">Pr\u00eat \u00e0 maximiser vos performances \u00e9oliennes ?<\/span><\/p>\n<p class=\"large-font\" style=\"text-align: center;\"><span style=\"color: #ffffff;\"><a class=\"button\" style=\"color: #ffffff;\" href=\"mailto:OMSales@edf-re.com?subject=Requesting more info on wind O%26M\" target=\"_blank\" rel=\"noopener\">Connectons-nous<\/a><\/span><\/p>\n<\/div>\n<\/div><\/div><\/div><\/div><\/div><\/div><\/div>","protected":false},"excerpt":{"rendered":"<p>Optimisez la performance et la rentabilit\u00e9 de vos actifs \u00e9oliens gr\u00e2ce \u00e0 l'\u00e9quipe de techniciens qualifi\u00e9s d'EDF Power Solutions. Nous avons tout pr\u00e9vu - de l'exploitation et de la maintenance \u00e0 la surveillance et \u00e0 la conformit\u00e9 - pour garantir un fonctionnement quotidien sans faille de votre centrale \u00e9olienne. Les travaux d'am\u00e9lioration de la qualit\u00e9 de l'air et de la qualit\u00e9 de l'eau sont en cours.<\/p>","protected":false},"author":14,"featured_media":0,"parent":0,"menu_order":10,"comment_status":"closed","ping_status":"closed","template":"blank.php","meta":{"_acf_changed":false,"footnotes":""},"class_list":["post-9049","page","type-page","status-publish","hentry"],"acf":[],"yoast_head":"<!-- This site is optimized with the Yoast SEO plugin v26.8 - https:\/\/yoast.com\/product\/yoast-seo-wordpress\/ -->\n<title>Wind Power Operations &#038; Maintenance Services - EDF power solutions North America<\/title>\n<meta name=\"robots\" content=\"index, follow, max-snippet:-1, max-image-preview:large, max-video-preview:-1\" \/>\n<link rel=\"canonical\" href=\"https:\/\/www.edf-re.com\/fr\/new-york-3\/\" \/>\n<meta property=\"og:locale\" content=\"fr_CA\" \/>\n<meta property=\"og:type\" content=\"article\" \/>\n<meta property=\"og:title\" content=\"Wind Power Operations &#038; Maintenance Services - EDF power solutions North America\" \/>\n<meta property=\"og:description\" content=\"Optimize the performance and profitability of your wind power assets with EDF power solutions&#039; expert team of skilled technicians. We&#039;ve got you covered \u2013 from operations and maintenance to monitoring and compliance \u2013 guaranteeing seamless day-to-day operations for your wind power plant. With our nationwide deployment and extensive inventory of replacement parts, we&#039;re fully equipped [&hellip;]\" \/>\n<meta property=\"og:url\" content=\"https:\/\/www.edf-re.com\/fr\/new-york-3\/\" \/>\n<meta property=\"og:site_name\" content=\"EDF power solutions North America\" \/>\n<meta property=\"article:modified_time\" content=\"2026-03-03T21:23:56+00:00\" \/>\n<meta property=\"og:image\" content=\"https:\/\/www.edf-re.com\/wp-content\/uploads\/logo_edf_power_solutions_RGB-no-buffer-zone.png\" \/>\n\t<meta property=\"og:image:width\" content=\"2000\" \/>\n\t<meta property=\"og:image:height\" content=\"702\" \/>\n\t<meta property=\"og:image:type\" content=\"image\/png\" \/>\n<meta name=\"twitter:card\" content=\"summary_large_image\" \/>\n<meta name=\"twitter:label1\" content=\"Estimation du temps de lecture\" \/>\n\t<meta name=\"twitter:data1\" content=\"1 minute\" \/>\n<script type=\"application\/ld+json\" class=\"yoast-schema-graph\">{\"@context\":\"https:\/\/schema.org\",\"@graph\":[{\"@type\":\"WebPage\",\"@id\":\"https:\/\/www.edf-re.com\/wind-maintenance\/\",\"url\":\"https:\/\/www.edf-re.com\/wind-maintenance\/\",\"name\":\"Wind Power Operations &#038; Maintenance Services - EDF power solutions North America\",\"isPartOf\":{\"@id\":\"https:\/\/www.edf-re.com\/#website\"},\"datePublished\":\"2023-11-07T18:20:29+00:00\",\"dateModified\":\"2026-03-03T21:23:56+00:00\",\"breadcrumb\":{\"@id\":\"https:\/\/www.edf-re.com\/wind-maintenance\/#breadcrumb\"},\"inLanguage\":\"fr-CA\",\"potentialAction\":[{\"@type\":\"ReadAction\",\"target\":[\"https:\/\/www.edf-re.com\/wind-maintenance\/\"]}]},{\"@type\":\"BreadcrumbList\",\"@id\":\"https:\/\/www.edf-re.com\/wind-maintenance\/#breadcrumb\",\"itemListElement\":[{\"@type\":\"ListItem\",\"position\":1,\"name\":\"Home\",\"item\":\"https:\/\/www.edf-re.com\/\"},{\"@type\":\"ListItem\",\"position\":2,\"name\":\"Wind Power Operations &#038; Maintenance Services\"}]},{\"@type\":\"WebSite\",\"@id\":\"https:\/\/www.edf-re.com\/#website\",\"url\":\"https:\/\/www.edf-re.com\/\",\"name\":\"EDF power solutions North America\",\"description\":\"\",\"publisher\":{\"@id\":\"https:\/\/www.edf-re.com\/#organization\"},\"potentialAction\":[{\"@type\":\"SearchAction\",\"target\":{\"@type\":\"EntryPoint\",\"urlTemplate\":\"https:\/\/www.edf-re.com\/?s={search_term_string}\"},\"query-input\":{\"@type\":\"PropertyValueSpecification\",\"valueRequired\":true,\"valueName\":\"search_term_string\"}}],\"inLanguage\":\"fr-CA\"},{\"@type\":\"Organization\",\"@id\":\"https:\/\/www.edf-re.com\/#organization\",\"name\":\"EDF Renewables North America\",\"url\":\"https:\/\/www.edf-re.com\/\",\"logo\":{\"@type\":\"ImageObject\",\"inLanguage\":\"fr-CA\",\"@id\":\"https:\/\/www.edf-re.com\/#\/schema\/logo\/image\/\",\"url\":\"https:\/\/www.edf-re.com\/wp-content\/uploads\/edfr-logo-1.png\",\"contentUrl\":\"https:\/\/www.edf-re.com\/wp-content\/uploads\/edfr-logo-1.png\",\"width\":600,\"height\":291,\"caption\":\"EDF Renewables North America\"},\"image\":{\"@id\":\"https:\/\/www.edf-re.com\/#\/schema\/logo\/image\/\"}}]}<\/script>\n<!-- \/ Yoast SEO plugin. -->","yoast_head_json":{"title":"Services d'exploitation et de maintenance d'\u00e9oliennes - EDF Power Solutions North America","robots":{"index":"index","follow":"follow","max-snippet":"max-snippet:-1","max-image-preview":"max-image-preview:large","max-video-preview":"max-video-preview:-1"},"canonical":"https:\/\/www.edf-re.com\/fr\/new-york-3\/","og_locale":"fr_CA","og_type":"article","og_title":"Wind Power Operations &#038; Maintenance Services - EDF power solutions North America","og_description":"Optimize the performance and profitability of your wind power assets with EDF power solutions' expert team of skilled technicians. We've got you covered \u2013 from operations and maintenance to monitoring and compliance \u2013 guaranteeing seamless day-to-day operations for your wind power plant. With our nationwide deployment and extensive inventory of replacement parts, we're fully equipped [&hellip;]","og_url":"https:\/\/www.edf-re.com\/fr\/new-york-3\/","og_site_name":"EDF power solutions North America","article_modified_time":"2026-03-03T21:23:56+00:00","og_image":[{"width":2000,"height":702,"url":"https:\/\/www.edf-re.com\/wp-content\/uploads\/logo_edf_power_solutions_RGB-no-buffer-zone.png","type":"image\/png"}],"twitter_card":"summary_large_image","twitter_misc":{"Estimation du temps de lecture":"1 minute"},"schema":{"@context":"https:\/\/schema.org","@graph":[{"@type":"WebPage","@id":"https:\/\/www.edf-re.com\/wind-maintenance\/","url":"https:\/\/www.edf-re.com\/wind-maintenance\/","name":"Services d'exploitation et de maintenance d'\u00e9oliennes - EDF Power Solutions North America","isPartOf":{"@id":"https:\/\/www.edf-re.com\/#website"},"datePublished":"2023-11-07T18:20:29+00:00","dateModified":"2026-03-03T21:23:56+00:00","breadcrumb":{"@id":"https:\/\/www.edf-re.com\/wind-maintenance\/#breadcrumb"},"inLanguage":"fr-CA","potentialAction":[{"@type":"ReadAction","target":["https:\/\/www.edf-re.com\/wind-maintenance\/"]}]},{"@type":"BreadcrumbList","@id":"https:\/\/www.edf-re.com\/wind-maintenance\/#breadcrumb","itemListElement":[{"@type":"ListItem","position":1,"name":"Home","item":"https:\/\/www.edf-re.com\/"},{"@type":"ListItem","position":2,"name":"Wind Power Operations &#038; Maintenance Services"}]},{"@type":"WebSite","@id":"https:\/\/www.edf-re.com\/#website","url":"https:\/\/www.edf-re.com\/","name":"EDF power solutions Am\u00e9rique du Nord","description":"","publisher":{"@id":"https:\/\/www.edf-re.com\/#organization"},"potentialAction":[{"@type":"SearchAction","target":{"@type":"EntryPoint","urlTemplate":"https:\/\/www.edf-re.com\/?s={search_term_string}"},"query-input":{"@type":"PropertyValueSpecification","valueRequired":true,"valueName":"search_term_string"}}],"inLanguage":"fr-CA"},{"@type":"Organization","@id":"https:\/\/www.edf-re.com\/#organization","name":"EDF Renewables Am\u00e9rique du Nord","url":"https:\/\/www.edf-re.com\/","logo":{"@type":"ImageObject","inLanguage":"fr-CA","@id":"https:\/\/www.edf-re.com\/#\/schema\/logo\/image\/","url":"https:\/\/www.edf-re.com\/wp-content\/uploads\/edfr-logo-1.png","contentUrl":"https:\/\/www.edf-re.com\/wp-content\/uploads\/edfr-logo-1.png","width":600,"height":291,"caption":"EDF Renewables North America"},"image":{"@id":"https:\/\/www.edf-re.com\/#\/schema\/logo\/image\/"}}]}},"_links":{"self":[{"href":"https:\/\/www.edf-re.com\/fr\/wp-json\/wp\/v2\/pages\/9049","targetHints":{"allow":["GET"]}}],"collection":[{"href":"https:\/\/www.edf-re.com\/fr\/wp-json\/wp\/v2\/pages"}],"about":[{"href":"https:\/\/www.edf-re.com\/fr\/wp-json\/wp\/v2\/types\/page"}],"author":[{"embeddable":true,"href":"https:\/\/www.edf-re.com\/fr\/wp-json\/wp\/v2\/users\/14"}],"replies":[{"embeddable":true,"href":"https:\/\/www.edf-re.com\/fr\/wp-json\/wp\/v2\/comments?post=9049"}],"version-history":[{"count":7,"href":"https:\/\/www.edf-re.com\/fr\/wp-json\/wp\/v2\/pages\/9049\/revisions"}],"predecessor-version":[{"id":11234,"href":"https:\/\/www.edf-re.com\/fr\/wp-json\/wp\/v2\/pages\/9049\/revisions\/11234"}],"wp:attachment":[{"href":"https:\/\/www.edf-re.com\/fr\/wp-json\/wp\/v2\/media?parent=9049"}],"curies":[{"name":"wp","href":"https:\/\/api.w.org\/{rel}","templated":true}]}}