{"id":955,"date":"2020-05-19T08:58:21","date_gmt":"2020-05-19T15:58:21","guid":{"rendered":"https:\/\/www.edf-re.com\/?page_id=955"},"modified":"2025-08-22T14:23:39","modified_gmt":"2025-08-22T21:23:39","slug":"ca","status":"publish","type":"page","link":"https:\/\/www.edf-re.com\/fr\/ca\/","title":{"rendered":"EDF solutions \u00e9lectriques,"},"content":{"rendered":"<div id=\"pl-955\"  class=\"panel-layout\" ><div id=\"pg-955-0\"  class=\"panel-grid panel-no-style\" ><div id=\"pgc-955-0-0\"  class=\"panel-grid-cell\" ><div id=\"panel-955-0-0-0\" class=\"so-panel widget widget_sow-editor panel-first-child panel-last-child\" data-index=\"0\" ><div\n\t\t\t\n\t\t\tclass=\"so-widget-sow-editor so-widget-sow-editor-base\"\n\t\t\t\n\t\t>\n<div class=\"siteorigin-widget-tinymce textwidget\">\n\t<h2>\u00c9nergie et expertise dans tout le Canada<\/h2>\n<p><strong>Prendre soin des communaut\u00e9s et du climat.<\/strong><\/p>\n<p>EDF Power Solutions Canada d\u00e9veloppe et exploite des projets d'\u00e9nergie propre \u00e0 travers le pays depuis 2008. Avec des bureaux \u00e0 Montr\u00e9al, Toronto et Calgary, nos plus de 200 employ\u00e9s \u00e0 travers le Canada se concentrent sur les moyens de construire des projets \u00e9nerg\u00e9tiques de haute qualit\u00e9 en \u00e9tablissant des relations commerciales \u00e0 long terme avec des personnes qui partagent notre mission de fournir des solutions renouvelables pour mener la transition vers un avenir \u00e9nerg\u00e9tique durable.<\/p>\n<p>La nature de notre activit\u00e9 profite directement \u00e0 l'environnement et notre engagement ne s'arr\u00eate pas au terrain. Nous tenons \u00e9galement compte de l'environnement o\u00f9 nous travaillons et vivons. C'est un \u00e9l\u00e9ment essentiel de notre culture que de prendre des initiatives environnementales dans la mesure du possible dans nos communaut\u00e9s d'accueil.<\/p>\n<p>Au Qu\u00e9bec, EDF Power Solutions op\u00e8re sous le nom d'EDF Solutions \u00c9lectriques.<\/p>\n<\/div>\n<\/div><\/div><\/div><\/div><div id=\"pg-955-1\"  class=\"panel-grid panel-no-style\" ><div id=\"pgc-955-1-0\"  class=\"panel-grid-cell\" ><div id=\"panel-955-1-0-0\" class=\"so-panel widget widget_sow-editor panel-first-child panel-last-child\" data-index=\"1\" ><div\n\t\t\t\n\t\t\tclass=\"so-widget-sow-editor so-widget-sow-editor-base\"\n\t\t\t\n\t\t>\n<div class=\"siteorigin-widget-tinymce textwidget\">\n\t<hr \/>\n<\/div>\n<\/div><\/div><\/div><\/div><div id=\"pg-955-2\"  class=\"panel-grid panel-no-style\" ><div id=\"pgc-955-2-0\"  class=\"panel-grid-cell\" ><div id=\"panel-955-2-0-0\" class=\"so-panel widget widget_sections sections-widget panel-first-child panel-last-child\" data-index=\"2\" ><div\n\t\t\t\n\t\t\tclass=\"so-widget-sections so-widget-sections-default-d75171398898-955\"\n\t\t\t\n\t\t>\t<div class=\"sections\">\n\t\t\t\t\t<div class=\"section link\">\n\t\t\t\t\t\t\t\t\t<a href=\"https:\/\/www.edf-re.com\/fr\/projets\/\">\n\t\t\t\t\t\t<img decoding=\"async\" src=\"https:\/\/www.edf-re.com\/wp-content\/uploads\/projects-ca.jpg\">\n\t\t\t\t\t\t<div class=\"icon\"><\/div>\n\t\t\t\t\t\t<div class=\"overlay\"><\/div>\n\t\t\t\t\t<\/a>\n\t\t\t\t\t\t\t\t\t\t<div class=\"title\">\n\t\t\t\t\t\tNos projets\t\t\t\t\t<\/div><!-- .title -->\n\t\t\t\t\t\t\t\t\t\t<div class=\"description\">\n\t\t\t\t\t\tVoir nos projets en Am\u00e9rique du Nord\t\t\t\t\t<\/div><!-- .description -->\n\t\t\t\t\t\t\t\t<\/div><!-- .section -->\n\t\t\t\t\t\t<div class=\"section link\">\n\t\t\t\t\t\t\t\t\t<a href=\"https:\/\/www.edf-re.com\/fr\/actualites\/communiques-de-presse\/\">\n\t\t\t\t\t\t<img decoding=\"async\" src=\"https:\/\/www.edf-re.com\/wp-content\/uploads\/newsroom.jpg\">\n\t\t\t\t\t\t<div class=\"icon\"><\/div>\n\t\t\t\t\t\t<div class=\"overlay\"><\/div>\n\t\t\t\t\t<\/a>\n\t\t\t\t\t\t\t\t\t\t<div class=\"title\">\n\t\t\t\t\t\tSalle de presse\t\t\t\t\t<\/div><!-- .title -->\n\t\t\t\t\t\t\t\t\t\t<div class=\"description\">\n\t\t\t\t\t\tLisez ce que nous avons fait\t\t\t\t\t<\/div><!-- .description -->\n\t\t\t\t\t\t\t\t<\/div><!-- .section -->\n\t\t\t\t\t\t<div class=\"section link\">\n\t\t\t\t\t\t\t\t\t<a href=\"https:\/\/www.edf-re.com\/fr\/carrieres\/offres-demploi\/\">\n\t\t\t\t\t\t<img decoding=\"async\" src=\"https:\/\/www.edf-re.com\/wp-content\/uploads\/join-the-team-ca.jpg\">\n\t\t\t\t\t\t<div class=\"icon\"><\/div>\n\t\t\t\t\t\t<div class=\"overlay\"><\/div>\n\t\t\t\t\t<\/a>\n\t\t\t\t\t\t\t\t\t\t<div class=\"title\">\n\t\t\t\t\t\tRejoignez l'\u00e9quipe\t\t\t\t\t<\/div><!-- .title -->\n\t\t\t\t\t\t\t\t\t\t<div class=\"description\">\n\t\t\t\t\t\tConsultez nos offres d'emploi actuelles\t\t\t\t\t<\/div><!-- .description -->\n\t\t\t\t\t\t\t\t<\/div><!-- .section -->\n\t\t\t\t\t\t<div class=\"section content\">\n\t\t\t\t\t\t\t\t\t<a href=\"#\">\n\t\t\t\t\t\t<img decoding=\"async\" src=\"https:\/\/www.edf-re.com\/wp-content\/uploads\/leadership.jpg\">\n\t\t\t\t\t\t<div class=\"icon\"><\/div>\n\t\t\t\t\t\t<div class=\"overlay\"><\/div>\n\t\t\t\t\t<\/a>\n\t\t\t\t\t\t\t\t\t\t<div class=\"title\">\n\t\t\t\t\t\tLeadership\t\t\t\t\t<\/div><!-- .title -->\n\t\t\t\t\t\t\t\t\t\t<div class=\"description\">\n\t\t\t\t\t\tEn savoir plus sur notre \u00e9quipe au Canada\t\t\t\t\t<\/div><!-- .description -->\n\t\t\t\t\t\t\t\t<\/div><!-- .section -->\n\t\t\t\t<\/div><!-- .sections -->\n\t\t\t\t<div class=\"section-content\">\n\t\t\t\t\t\t\t\t\t<h2 class=\"title\">Leadership<\/h2>\n\t\t\t\t\t<div id=\"pl-69e00a5f97d83\"  class=\"panel-layout\" ><div id=\"pg-69e00a5f97d83-0\"  class=\"panel-grid panel-no-style\" ><div id=\"pgc-69e00a5f97d83-0-0\"  class=\"panel-grid-cell\" ><div id=\"panel-69e00a5f97d83-0-0-0\" class=\"so-panel widget widget_team-members team-members-widget panel-first-child panel-last-child\" data-index=\"0\" ><div class=\"panel-widget-style panel-widget-style-for-69e00a5f97d83-0-0-0\" ><div\n\t\t\t\n\t\t\tclass=\"so-widget-team-members so-widget-team-members-default-d75171398898\"\n\t\t\t\n\t\t>\t\t\t<div class=\"team-member dark-orange\">\n\t\t\t\t<div class=\"image\">\n\t\t\t\t\t\t\t\t\t\t\t<a href=\"javascript:;\" data-fancybox data-src=\"#team-member-1035\" data-options='{ \"touch\": false, \"autoFocus\": false, \"backFocus\": false }'>\n\t\t\t\t\t\t\t\t\t\t\t\t\t\t\t<img decoding=\"async\" src=\"https:\/\/www.edf-re.com\/wp-content\/uploads\/cory-basil-300x300.jpg\">\n\t\t\t\t\t\t\t\t\t\t\t\t\t\t\t<div class=\"overlay\">\n\t\t\t\t\t\t\t\t<i class=\"fa-regular fa-plus\"><\/i>\n\t\t\t\t\t\t\t<\/div><!-- .overlay -->\n\t\t\t\t\t\t<\/a>\n\t\t\t\t\t\t\t\t\t\t<\/div><!-- .image -->\n\t\t\t\t<div class=\"name\">\n\t\t\t\t\tCory Basil\t\t\t\t\t\t<div class=\"title\">\n\t\t\t\t\t\t\tPremier vice-pr\u00e9sident r\u00e9gional, Canada et Nord-Est des \u00c9tats-Unis\t\t\t\t\t\t<\/div><!-- .title -->\n\t\t\t\t\t\t\t\t\t\t<\/div><!-- .name -->\n\t\t\t\t\t\t\t\t\t<div id=\"team-member-1035\" class=\"team-member-modal\">\n\t\t\t\t\t\t<div class=\"flex\">\n\t\t\t\t\t\t\t<div class=\"sidebar\">\n\t\t\t\t\t\t\t\t<div class=\"image\">\n\t\t\t\t\t\t\t\t\t\t\t\t\t\t\t\t\t\t\t<img decoding=\"async\" src=\"https:\/\/www.edf-re.com\/wp-content\/uploads\/cory-basil-300x300.jpg\">\n\t\t\t\t\t\t\t\t\t\t\t\t\t\t\t\t\t\t<\/div><!-- .image -->\n\t\t\t\t\t\t\t\t<div class=\"name\">\n\t\t\t\t\t\t\t\t\tCory Basil\t\t\t\t\t\t\t\t\t\t<div class=\"title\">\n\t\t\t\t\t\t\t\t\t\t\tPremier vice-pr\u00e9sident r\u00e9gional, Canada et Nord-Est des \u00c9tats-Unis\t\t\t\t\t\t\t\t\t\t<\/div><!-- .title -->\n\t\t\t\t\t\t\t\t\t\t\t\t\t\t\t\t\t\t<\/div><!-- .name -->\n\t\t\t\t\t\t\t\t<ul class=\"icons\">\n\t\t\t\t\t\t\t\t\t\t\t\t\t\t\t\t\t<\/ul><!-- .icons -->\n\t\t\t\t\t\t\t<\/div>\n\t\t\t\t\t\t\t<div class=\"content\">\n\t\t\t\t\t\t\t\t<div class=\"bio\">\n\t\t\t\t\t\t\t\t\t<h3>\u00c0 propos de<\/h3>\n\t\t\t\t\t\t\t\t\t<p>Cory a rejoint l'\u00e9quipe des solutions \u00e9nerg\u00e9tiques d'EDF en 2010. En tant que vice-pr\u00e9sident principal r\u00e9gional, Cory dirige les efforts de d\u00e9veloppement de l'entreprise au Canada et aux \u00c9tats-Unis dans le nord-est et est responsable de la constitution d'un portefeuille de projets d'\u00e9nergie \u00e9olienne, solaire et de stockage. Aujourd'hui, ce portefeuille d\u00e9passe les 2 000 MW de projets \u00e9oliens et solaires mis en service, en construction ou sous contrat, y compris le centre d'\u00e9nergie solaire Morris Ridge de 177 MWac qui est devenu op\u00e9rationnel en 2024.<\/p>\n<p>Cory a construit sa carri\u00e8re dans l'industrie des \u00e9nergies renouvelables avec une exp\u00e9rience dans le d\u00e9veloppement commercial, les autorisations, le marketing, la finance, l'approvisionnement, la construction et la gestion de projet. Avant d'occuper son poste actuel, Cory a dirig\u00e9 une \u00e9quipe qui a d\u00e9velopp\u00e9 un portefeuille de projets d'\u00e9nergie renouvelable \u00e0 travers le Canada en tant que vice-pr\u00e9sident du d\u00e9veloppement de projets. Parmi les r\u00e9alisations de Cory, on peut citer le d\u00e9veloppement du projet \u00e9olien le plus \u00e0 l'est du Canada \u00e0 Fermeuse, Terre-Neuve.<\/p>\n<p>Cory est l'ancien pr\u00e9sident du conseil d'administration de l'Association canadienne de l'\u00e9nergie \u00e9olienne. Il est dipl\u00f4m\u00e9 de l'Universit\u00e9 de Western Ontario \u00e0 London et vit \u00e0 Toronto, au Canada.<\/p>\n\t\t\t\t\t\t\t\t<\/div><!-- .bio -->\n\t\t\t\t\t\t\t\t\t\t\t\t\t\t\t<\/div><!-- .content -->\n\t\t\t\t\t\t<\/div><!-- .flex -->\n\t\t\t\t\t<\/div><!-- .team-member-modal -->\n\t\t\t\t\t\t\t\t<\/div><!-- .team-member -->\n\t\t\t<\/div><\/div><\/div><\/div><\/div><\/div>\t\t\t<\/div><!-- .section-content -->\n\t\t\t<\/div><\/div><\/div><\/div><div id=\"pg-955-3\"  class=\"panel-grid panel-no-style\" ><div id=\"pgc-955-3-0\"  class=\"panel-grid-cell\" ><div id=\"panel-955-3-0-0\" class=\"so-panel widget widget_sow-editor panel-first-child panel-last-child\" data-index=\"3\" ><div\n\t\t\t\n\t\t\tclass=\"so-widget-sow-editor so-widget-sow-editor-base\"\n\t\t\t\n\t\t>\n<div class=\"siteorigin-widget-tinymce textwidget\">\n\t<hr \/>\n<\/div>\n<\/div><\/div><\/div><\/div><div id=\"pg-955-4\"  class=\"panel-grid panel-no-style\" ><div id=\"pgc-955-4-0\"  class=\"panel-grid-cell\" ><div id=\"panel-955-4-0-0\" class=\"so-panel widget widget_font-awesome-icon font-awesome-icon-widget panel-first-child\" data-index=\"4\" ><div\n\t\t\t\n\t\t\tclass=\"so-widget-font-awesome-icon so-widget-font-awesome-icon-default-d75171398898-1035\"\n\t\t\t\n\t\t><div class=\"icon solid logo-blue\" style=\"font-size:30px\">\n\t<i class=\"fas fa-leaf white\"><\/i>\n<\/div><!-- .icon --><\/div><\/div><div id=\"panel-955-4-0-1\" class=\"so-panel widget widget_sow-editor panel-last-child\" data-index=\"5\" ><div\n\t\t\t\n\t\t\tclass=\"so-widget-sow-editor so-widget-sow-editor-base\"\n\t\t\t\n\t\t>\n<div class=\"siteorigin-widget-tinymce textwidget\">\n\t<p style=\"text-align: center;\"><span style=\"color: #09357a;\"><strong><span style=\"font-size: 30px;\">1 990+ MW<\/span><\/strong><\/span><br \/>\nd\u00e9velopp\u00e9<\/p>\n<p style=\"text-align: center;\">En 2008, nous avons fait notre entr\u00e9e sur le march\u00e9 canadien avec un projet solaire de 23,4 MWdc en Ontario et, depuis lors, nous avons d\u00e9velopp\u00e9 plus de 1 990 MW d'\u00e9nergie renouvelable \u00e0 travers le pays.<\/p>\n<\/div>\n<\/div><\/div><\/div><div id=\"pgc-955-4-1\"  class=\"panel-grid-cell\" ><div id=\"panel-955-4-1-0\" class=\"so-panel widget widget_font-awesome-icon font-awesome-icon-widget panel-first-child\" data-index=\"6\" ><div\n\t\t\t\n\t\t\tclass=\"so-widget-font-awesome-icon so-widget-font-awesome-icon-default-d75171398898-1035\"\n\t\t\t\n\t\t><div class=\"icon solid logo-blue\" style=\"font-size:30px\">\n\t<i class=\"fas fa-arrow-up white\"><\/i>\n<\/div><!-- .icon --><\/div><\/div><div id=\"panel-955-4-1-1\" class=\"so-panel widget widget_sow-editor panel-last-child\" data-index=\"7\" ><div\n\t\t\t\n\t\t\tclass=\"so-widget-sow-editor so-widget-sow-editor-base\"\n\t\t\t\n\t\t>\n<div class=\"siteorigin-widget-tinymce textwidget\">\n\t<p style=\"text-align: center;\"><span style=\"color: #09357a;\"><strong><span style=\"font-size: 30px;\">Plus de 2 000 MW<\/span><\/strong><\/span><br \/>\nen cours de r\u00e9alisation<\/p>\n<p style=\"text-align: center;\">Nous continuons \u00e0 d\u00e9velopper notre expertise dans le domaine de l'\u00e9nergie avec des projets \u00e0 diff\u00e9rents stades de d\u00e9veloppement \u00e0 travers le Canada.<\/p>\n<\/div>\n<\/div><\/div><\/div><div id=\"pgc-955-4-2\"  class=\"panel-grid-cell\" ><div id=\"panel-955-4-2-0\" class=\"so-panel widget widget_font-awesome-icon font-awesome-icon-widget panel-first-child\" data-index=\"8\" ><div\n\t\t\t\n\t\t\tclass=\"so-widget-font-awesome-icon so-widget-font-awesome-icon-default-d75171398898-1035\"\n\t\t\t\n\t\t><div class=\"icon solid logo-blue\" style=\"font-size:30px\">\n\t<i class=\"fas fa-dollar-sign white\"><\/i>\n<\/div><!-- .icon --><\/div><\/div><div id=\"panel-955-4-2-1\" class=\"so-panel widget widget_sow-editor panel-last-child\" data-index=\"9\" ><div\n\t\t\t\n\t\t\tclass=\"so-widget-sow-editor so-widget-sow-editor-base\"\n\t\t\t\n\t\t>\n<div class=\"siteorigin-widget-tinymce textwidget\">\n\t<p style=\"text-align: center;\"><span style=\"color: #09357a;\"><strong><span style=\"font-size: 30px;\">$5.2+<\/span><\/strong><\/span><br \/>\nmilliards d'euros<\/p>\n<p style=\"text-align: center;\">Investit au Canada depuis 2008, soutenant les propri\u00e9taires fonciers, les communaut\u00e9s autochtones, la gestion responsable de l'environnement et les initiatives locales.<\/p>\n<\/div>\n<\/div><\/div><\/div><\/div><\/div>","protected":false},"excerpt":{"rendered":"<p>\u00c9nergie et expertise partout au Canada Au service des communaut\u00e9s et du climat. EDF Power Solutions Canada d\u00e9veloppe et exploite des projets d'\u00e9nergie propre \u00e0 travers le pays depuis 2008. Avec des bureaux \u00e0 Montr\u00e9al, Toronto et Calgary, nos plus de 200 employ\u00e9s \u00e0 travers le Canada se concentrent sur les moyens de construire des projets \u00e9nerg\u00e9tiques de haute qualit\u00e9 en \u00e9tablissant des relations commerciales \u00e0 long terme avec des personnes [\u2026]<\/p>","protected":false},"author":1,"featured_media":0,"parent":0,"menu_order":15,"comment_status":"closed","ping_status":"closed","template":"","meta":{"_acf_changed":false,"footnotes":""},"class_list":["post-955","page","type-page","status-publish","hentry"],"acf":[],"yoast_head":"<!-- This site is optimized with the Yoast SEO plugin v26.8 - https:\/\/yoast.com\/product\/yoast-seo-wordpress\/ -->\n<title>Renewable Power Generation in Canada &amp; the U.S. | Canadian Wind Power CA<\/title>\n<meta name=\"description\" content=\"Clean Energy Generation in Canada &amp; the U.S. | Renewable power management &amp; maintenance in North America | Canadian Wind Power CA\" \/>\n<meta name=\"robots\" content=\"index, follow, max-snippet:-1, max-image-preview:large, max-video-preview:-1\" \/>\n<link rel=\"canonical\" href=\"https:\/\/www.edf-re.com\/fr\/ca\/\" \/>\n<meta property=\"og:locale\" content=\"fr_CA\" \/>\n<meta property=\"og:type\" content=\"article\" \/>\n<meta property=\"og:title\" content=\"Renewable Power Generation in Canada &amp; the U.S. | Canadian Wind Power CA\" \/>\n<meta property=\"og:description\" content=\"Clean Energy Generation in Canada &amp; the U.S. | Renewable power management &amp; maintenance in North America | Canadian Wind Power CA\" \/>\n<meta property=\"og:url\" content=\"https:\/\/www.edf-re.com\/fr\/ca\/\" \/>\n<meta property=\"og:site_name\" content=\"EDF power solutions North America\" \/>\n<meta property=\"article:modified_time\" content=\"2025-08-22T21:23:39+00:00\" \/>\n<meta property=\"og:image\" content=\"https:\/\/www.edf-re.com\/wp-content\/uploads\/logo_edf_power_solutions_RGB-no-buffer-zone.png\" \/>\n\t<meta property=\"og:image:width\" content=\"2000\" \/>\n\t<meta property=\"og:image:height\" content=\"702\" \/>\n\t<meta property=\"og:image:type\" content=\"image\/png\" \/>\n<meta name=\"twitter:card\" content=\"summary_large_image\" \/>\n<meta name=\"twitter:label1\" content=\"Estimation du temps de lecture\" \/>\n\t<meta name=\"twitter:data1\" content=\"4 minutes\" \/>\n<script type=\"application\/ld+json\" class=\"yoast-schema-graph\">{\"@context\":\"https:\/\/schema.org\",\"@graph\":[{\"@type\":\"WebPage\",\"@id\":\"https:\/\/www.edf-re.com\/ca\/\",\"url\":\"https:\/\/www.edf-re.com\/ca\/\",\"name\":\"Renewable Power Generation in Canada & the U.S. | Canadian Wind Power CA\",\"isPartOf\":{\"@id\":\"https:\/\/www.edf-re.com\/#website\"},\"datePublished\":\"2020-05-19T15:58:21+00:00\",\"dateModified\":\"2025-08-22T21:23:39+00:00\",\"description\":\"Clean Energy Generation in Canada & the U.S. | Renewable power management & maintenance in North America | Canadian Wind Power CA\",\"breadcrumb\":{\"@id\":\"https:\/\/www.edf-re.com\/ca\/#breadcrumb\"},\"inLanguage\":\"fr-CA\",\"potentialAction\":[{\"@type\":\"ReadAction\",\"target\":[\"https:\/\/www.edf-re.com\/ca\/\"]}]},{\"@type\":\"BreadcrumbList\",\"@id\":\"https:\/\/www.edf-re.com\/ca\/#breadcrumb\",\"itemListElement\":[{\"@type\":\"ListItem\",\"position\":1,\"name\":\"Home\",\"item\":\"https:\/\/www.edf-re.com\/\"},{\"@type\":\"ListItem\",\"position\":2,\"name\":\"EDF power solutions Canada\"}]},{\"@type\":\"WebSite\",\"@id\":\"https:\/\/www.edf-re.com\/#website\",\"url\":\"https:\/\/www.edf-re.com\/\",\"name\":\"EDF power solutions North America\",\"description\":\"\",\"publisher\":{\"@id\":\"https:\/\/www.edf-re.com\/#organization\"},\"potentialAction\":[{\"@type\":\"SearchAction\",\"target\":{\"@type\":\"EntryPoint\",\"urlTemplate\":\"https:\/\/www.edf-re.com\/?s={search_term_string}\"},\"query-input\":{\"@type\":\"PropertyValueSpecification\",\"valueRequired\":true,\"valueName\":\"search_term_string\"}}],\"inLanguage\":\"fr-CA\"},{\"@type\":\"Organization\",\"@id\":\"https:\/\/www.edf-re.com\/#organization\",\"name\":\"EDF Renewables North America\",\"url\":\"https:\/\/www.edf-re.com\/\",\"logo\":{\"@type\":\"ImageObject\",\"inLanguage\":\"fr-CA\",\"@id\":\"https:\/\/www.edf-re.com\/#\/schema\/logo\/image\/\",\"url\":\"https:\/\/www.edf-re.com\/wp-content\/uploads\/edfr-logo-1.png\",\"contentUrl\":\"https:\/\/www.edf-re.com\/wp-content\/uploads\/edfr-logo-1.png\",\"width\":600,\"height\":291,\"caption\":\"EDF Renewables North America\"},\"image\":{\"@id\":\"https:\/\/www.edf-re.com\/#\/schema\/logo\/image\/\"}}]}<\/script>\n<!-- \/ Yoast SEO plugin. -->","yoast_head_json":{"title":"Production d'\u00e9nergie renouvelable au Canada et aux \u00c9tats-Unis | Canadian Wind Power CA","description":"La production d'\u00e9nergie propre au Canada et aux \u00c9tats-Unis | Gestion et entretien de l'\u00e9nergie renouvelable en Am\u00e9rique du Nord | Canadian Wind Power CA","robots":{"index":"index","follow":"follow","max-snippet":"max-snippet:-1","max-image-preview":"max-image-preview:large","max-video-preview":"max-video-preview:-1"},"canonical":"https:\/\/www.edf-re.com\/fr\/ca\/","og_locale":"fr_CA","og_type":"article","og_title":"Renewable Power Generation in Canada & the U.S. | Canadian Wind Power CA","og_description":"Clean Energy Generation in Canada & the U.S. | Renewable power management & maintenance in North America | Canadian Wind Power CA","og_url":"https:\/\/www.edf-re.com\/fr\/ca\/","og_site_name":"EDF power solutions North America","article_modified_time":"2025-08-22T21:23:39+00:00","og_image":[{"width":2000,"height":702,"url":"https:\/\/www.edf-re.com\/wp-content\/uploads\/logo_edf_power_solutions_RGB-no-buffer-zone.png","type":"image\/png"}],"twitter_card":"summary_large_image","twitter_misc":{"Estimation du temps de lecture":"4 minutes"},"schema":{"@context":"https:\/\/schema.org","@graph":[{"@type":"WebPage","@id":"https:\/\/www.edf-re.com\/ca\/","url":"https:\/\/www.edf-re.com\/ca\/","name":"Production d'\u00e9nergie renouvelable au Canada et aux \u00c9tats-Unis | Canadian Wind Power CA","isPartOf":{"@id":"https:\/\/www.edf-re.com\/#website"},"datePublished":"2020-05-19T15:58:21+00:00","dateModified":"2025-08-22T21:23:39+00:00","description":"La production d'\u00e9nergie propre au Canada et aux \u00c9tats-Unis | Gestion et entretien de l'\u00e9nergie renouvelable en Am\u00e9rique du Nord | Canadian Wind Power CA","breadcrumb":{"@id":"https:\/\/www.edf-re.com\/ca\/#breadcrumb"},"inLanguage":"fr-CA","potentialAction":[{"@type":"ReadAction","target":["https:\/\/www.edf-re.com\/ca\/"]}]},{"@type":"BreadcrumbList","@id":"https:\/\/www.edf-re.com\/ca\/#breadcrumb","itemListElement":[{"@type":"ListItem","position":1,"name":"Home","item":"https:\/\/www.edf-re.com\/"},{"@type":"ListItem","position":2,"name":"EDF power solutions Canada"}]},{"@type":"WebSite","@id":"https:\/\/www.edf-re.com\/#website","url":"https:\/\/www.edf-re.com\/","name":"EDF power solutions Am\u00e9rique du Nord","description":"","publisher":{"@id":"https:\/\/www.edf-re.com\/#organization"},"potentialAction":[{"@type":"SearchAction","target":{"@type":"EntryPoint","urlTemplate":"https:\/\/www.edf-re.com\/?s={search_term_string}"},"query-input":{"@type":"PropertyValueSpecification","valueRequired":true,"valueName":"search_term_string"}}],"inLanguage":"fr-CA"},{"@type":"Organization","@id":"https:\/\/www.edf-re.com\/#organization","name":"EDF Renewables Am\u00e9rique du Nord","url":"https:\/\/www.edf-re.com\/","logo":{"@type":"ImageObject","inLanguage":"fr-CA","@id":"https:\/\/www.edf-re.com\/#\/schema\/logo\/image\/","url":"https:\/\/www.edf-re.com\/wp-content\/uploads\/edfr-logo-1.png","contentUrl":"https:\/\/www.edf-re.com\/wp-content\/uploads\/edfr-logo-1.png","width":600,"height":291,"caption":"EDF Renewables North America"},"image":{"@id":"https:\/\/www.edf-re.com\/#\/schema\/logo\/image\/"}}]}},"_links":{"self":[{"href":"https:\/\/www.edf-re.com\/fr\/wp-json\/wp\/v2\/pages\/955","targetHints":{"allow":["GET"]}}],"collection":[{"href":"https:\/\/www.edf-re.com\/fr\/wp-json\/wp\/v2\/pages"}],"about":[{"href":"https:\/\/www.edf-re.com\/fr\/wp-json\/wp\/v2\/types\/page"}],"author":[{"embeddable":true,"href":"https:\/\/www.edf-re.com\/fr\/wp-json\/wp\/v2\/users\/1"}],"replies":[{"embeddable":true,"href":"https:\/\/www.edf-re.com\/fr\/wp-json\/wp\/v2\/comments?post=955"}],"version-history":[{"count":7,"href":"https:\/\/www.edf-re.com\/fr\/wp-json\/wp\/v2\/pages\/955\/revisions"}],"predecessor-version":[{"id":11012,"href":"https:\/\/www.edf-re.com\/fr\/wp-json\/wp\/v2\/pages\/955\/revisions\/11012"}],"wp:attachment":[{"href":"https:\/\/www.edf-re.com\/fr\/wp-json\/wp\/v2\/media?parent=955"}],"curies":[{"name":"wp","href":"https:\/\/api.w.org\/{rel}","templated":true}]}}