{"id":958,"date":"2020-05-19T08:59:44","date_gmt":"2020-05-19T15:59:44","guid":{"rendered":"https:\/\/www.edf-re.com\/?page_id=958"},"modified":"2025-07-23T11:51:46","modified_gmt":"2025-07-23T18:51:46","slug":"mx","status":"publish","type":"page","link":"https:\/\/www.edf-re.com\/fr\/mx\/","title":{"rendered":"EDF power solutions Mexique"},"content":{"rendered":"<div id=\"pl-958\"  class=\"panel-layout\" ><div id=\"pg-958-0\"  class=\"panel-grid panel-no-style\" ><div id=\"pgc-958-0-0\"  class=\"panel-grid-cell\" ><div id=\"panel-958-0-0-0\" class=\"so-panel widget widget_sow-editor panel-first-child panel-last-child\" data-index=\"0\" ><div\n\t\t\t\n\t\t\tclass=\"so-widget-sow-editor so-widget-sow-editor-base\"\n\t\t\t\n\t\t>\n<div class=\"siteorigin-widget-tinymce textwidget\">\n\t<div id=\"pgc-12281-0-0\" class=\"panel-grid-cell\">\n<div id=\"panel-12281-0-0-0\" class=\"so-panel widget widget_black-studio-tinymce widget_black_studio_tinymce panel-first-child panel-last-child\" data-index=\"0\">\n<div class=\"textwidget\">\n<h2>\u00c9nergie et expertise dans tout le Mexique<\/h2>\n<p>EDF power solutions Mexico d\u00e9veloppe et exploite des projets d'\u00e9nergie propre \u00e0 travers le pays depuis 2000. Avec un si\u00e8ge \u00e0 Mexico et un bureau \u00e0 Juchitan de Zaragoza, Oaxaca, nos plus de 100 employ\u00e9s \u00e0 travers le Mexique se concentrent sur les moyens de construire des projets d'\u00e9nergie de haute qualit\u00e9 en \u00e9tablissant des relations d'affaires \u00e0 long terme avec des personnes qui partagent notre mission de fournir des solutions renouvelables pour mener la transition vers un avenir \u00e9nerg\u00e9tique durable.<\/p>\n<p>La nature de notre activit\u00e9 profite directement \u00e0 l'environnement et notre engagement ne s'arr\u00eate pas au terrain. Nous tenons \u00e9galement compte de l'environnement o\u00f9 nous travaillons et vivons. C'est un \u00e9l\u00e9ment essentiel de notre culture que de prendre des initiatives environnementales dans la mesure du possible dans nos communaut\u00e9s d'accueil.<\/p>\n<\/div>\n<\/div>\n<\/div>\n<\/div>\n<\/div><\/div><\/div><\/div><div id=\"pg-958-1\"  class=\"panel-grid panel-no-style\" ><div id=\"pgc-958-1-0\"  class=\"panel-grid-cell\" ><div id=\"panel-958-1-0-0\" class=\"so-panel widget widget_sow-editor panel-first-child panel-last-child\" data-index=\"1\" ><div\n\t\t\t\n\t\t\tclass=\"so-widget-sow-editor so-widget-sow-editor-base\"\n\t\t\t\n\t\t>\n<div class=\"siteorigin-widget-tinymce textwidget\">\n\t<hr \/>\n<\/div>\n<\/div><\/div><\/div><\/div><div id=\"pg-958-2\"  class=\"panel-grid panel-no-style\" ><div id=\"pgc-958-2-0\"  class=\"panel-grid-cell\" ><div id=\"panel-958-2-0-0\" class=\"so-panel widget widget_sections sections-widget panel-first-child panel-last-child\" data-index=\"2\" ><div\n\t\t\t\n\t\t\tclass=\"so-widget-sections so-widget-sections-default-d75171398898-958\"\n\t\t\t\n\t\t>\t<div class=\"sections\">\n\t\t\t\t\t<div class=\"section link\">\n\t\t\t\t\t\t\t\t\t<a href=\"https:\/\/www.edf-re.com\/fr\/projets\/\">\n\t\t\t\t\t\t<img decoding=\"async\" src=\"https:\/\/www.edf-re.com\/wp-content\/uploads\/projects-mx.jpg\">\n\t\t\t\t\t\t<div class=\"icon\"><\/div>\n\t\t\t\t\t\t<div class=\"overlay\"><\/div>\n\t\t\t\t\t<\/a>\n\t\t\t\t\t\t\t\t\t\t<div class=\"title\">\n\t\t\t\t\t\tNos projets\t\t\t\t\t<\/div><!-- .title -->\n\t\t\t\t\t\t\t\t\t\t<div class=\"description\">\n\t\t\t\t\t\tVoir nos projets en Am\u00e9rique du Nord\t\t\t\t\t<\/div><!-- .description -->\n\t\t\t\t\t\t\t\t<\/div><!-- .section -->\n\t\t\t\t\t\t<div class=\"section link\">\n\t\t\t\t\t\t\t\t\t<a href=\"https:\/\/www.edf-re.com\/fr\/actualites\/communiques-de-presse\/\">\n\t\t\t\t\t\t<img decoding=\"async\" src=\"https:\/\/www.edf-re.com\/wp-content\/uploads\/newsroom.jpg\">\n\t\t\t\t\t\t<div class=\"icon\"><\/div>\n\t\t\t\t\t\t<div class=\"overlay\"><\/div>\n\t\t\t\t\t<\/a>\n\t\t\t\t\t\t\t\t\t\t<div class=\"title\">\n\t\t\t\t\t\tSalle de presse\t\t\t\t\t<\/div><!-- .title -->\n\t\t\t\t\t\t\t\t\t\t<div class=\"description\">\n\t\t\t\t\t\tLisez ce que nous avons fait\t\t\t\t\t<\/div><!-- .description -->\n\t\t\t\t\t\t\t\t<\/div><!-- .section -->\n\t\t\t\t\t\t<div class=\"section content\">\n\t\t\t\t\t\t\t\t\t<a href=\"#\">\n\t\t\t\t\t\t<img decoding=\"async\" src=\"https:\/\/www.edf-re.com\/wp-content\/uploads\/join-the-team-mx.jpg\">\n\t\t\t\t\t\t<div class=\"icon\"><\/div>\n\t\t\t\t\t\t<div class=\"overlay\"><\/div>\n\t\t\t\t\t<\/a>\n\t\t\t\t\t\t\t\t\t\t<div class=\"title\">\n\t\t\t\t\t\tRejoignez l'\u00e9quipe\t\t\t\t\t<\/div><!-- .title -->\n\t\t\t\t\t\t\t\t\t\t<div class=\"description\">\n\t\t\t\t\t\tConsultez nos offres d'emploi actuelles\t\t\t\t\t<\/div><!-- .description -->\n\t\t\t\t\t\t\t\t<\/div><!-- .section -->\n\t\t\t\t\t\t<div class=\"section content\">\n\t\t\t\t\t\t\t\t\t<a href=\"#\">\n\t\t\t\t\t\t<img decoding=\"async\" src=\"https:\/\/www.edf-re.com\/wp-content\/uploads\/leadership.jpg\">\n\t\t\t\t\t\t<div class=\"icon\"><\/div>\n\t\t\t\t\t\t<div class=\"overlay\"><\/div>\n\t\t\t\t\t<\/a>\n\t\t\t\t\t\t\t\t\t\t<div class=\"title\">\n\t\t\t\t\t\tLeadership\t\t\t\t\t<\/div><!-- .title -->\n\t\t\t\t\t\t\t\t\t\t<div class=\"description\">\n\t\t\t\t\t\tEn savoir plus sur notre \u00e9quipe au Mexique\t\t\t\t\t<\/div><!-- .description -->\n\t\t\t\t\t\t\t\t<\/div><!-- .section -->\n\t\t\t\t<\/div><!-- .sections -->\n\t\t\t\t<div class=\"section-content\">\n\t\t\t\t\t\t\t\t\t<h2 class=\"title\">Rejoignez l'\u00e9quipe<\/h2>\n\t\t\t\t\t<div id=\"pl-69dd188e51061\"  class=\"panel-layout\" ><div id=\"pg-69dd188e51061-0\"  class=\"panel-grid panel-no-style\" ><div id=\"pgc-69dd188e51061-0-0\"  class=\"panel-grid-cell\" ><div id=\"panel-69dd188e51061-0-0-0\" class=\"so-panel widget widget_sow-editor panel-first-child panel-last-child\" data-index=\"0\" ><div\n\t\t\t\n\t\t\tclass=\"so-widget-sow-editor so-widget-sow-editor-base\"\n\t\t\t\n\t\t>\n<div class=\"siteorigin-widget-tinymce textwidget\">\n\t<p>EDF power solutions offre un ensemble complet d'avantages sociaux \u00e0 tous les employ\u00e9s r\u00e9guliers \u00e0 temps plein. Parmi les points forts de notre plan, citons : couverture m\u00e9dicale, dentaire et visuelle ; assurance-vie ; invalidit\u00e9 de longue et de courte dur\u00e9e ; cong\u00e9s et indemnit\u00e9s de maladie ; jours f\u00e9ri\u00e9s pay\u00e9s ; et cotisations au r\u00e9gime de retraite.<\/p>\n<p>Le plan d'emploi d'EDF Power Solutions offre un ensemble de prestations bien \u00e9quilibr\u00e9es et de grande envergure, con\u00e7ues pour limiter les frais \u00e0 la charge de l'employ\u00e9, fournir des prestations d\u00e9taill\u00e9es et am\u00e9liorer l'aspect personnel de la vie de nos employ\u00e9s.<\/p>\n<p>Si vous souhaitez travailler dans un environnement dynamique et innovant, et si vous voulez que votre carri\u00e8re ait un r\u00e9el impact, veuillez consulter nos offres d'emploi actuelles et envoyer votre CV.<\/p>\n<h4>Comment postuler<\/h4>\n<p>Pour poser votre candidature, veuillez envoyer votre CV en indiquant l'intitul\u00e9 du ou des postes \u00e0 pourvoir par voie \u00e9lectronique \u00e0 l'adresse suivante\u00a0<a href=\"mailto:employment.mx@edf-re.com\">employment.mx@edf-re.com<\/a>.<\/p>\n<\/div>\n<\/div><\/div><\/div><\/div><\/div>\t\t\t<\/div><!-- .section-content -->\n\t\t\t\t\t\t<div class=\"section-content\">\n\t\t\t\t\t\t\t\t\t<h2 class=\"title\">Leadership<\/h2>\n\t\t\t\t\t<div id=\"pl-69dd188e5149e\"  class=\"panel-layout\" ><div id=\"pg-69dd188e5149e-0\"  class=\"panel-grid panel-no-style\" ><div id=\"pgc-69dd188e5149e-0-0\"  class=\"panel-grid-cell\" ><div id=\"panel-69dd188e5149e-0-0-0\" class=\"so-panel widget widget_team-members team-members-widget panel-first-child panel-last-child\" data-index=\"0\" ><div\n\t\t\t\n\t\t\tclass=\"so-widget-team-members so-widget-team-members-default-d75171398898-958\"\n\t\t\t\n\t\t>\t\t\t<div class=\"team-member dark-orange\">\n\t\t\t\t<div class=\"image\">\n\t\t\t\t\t\t\t\t\t\t\t<a href=\"javascript:;\" data-fancybox data-src=\"#team-member-513\" data-options='{ \"touch\": false, \"autoFocus\": false, \"backFocus\": false }'>\n\t\t\t\t\t\t\t\t\t\t\t\t\t\t\t<img decoding=\"async\" src=\"https:\/\/www.edf-re.com\/wp-content\/uploads\/Gerardo-Perez-e1656611802733-300x300.jpg\">\n\t\t\t\t\t\t\t\t\t\t\t\t\t\t\t<div class=\"overlay\">\n\t\t\t\t\t\t\t\t<i class=\"fa-regular fa-plus\"><\/i>\n\t\t\t\t\t\t\t<\/div><!-- .overlay -->\n\t\t\t\t\t\t<\/a>\n\t\t\t\t\t\t\t\t\t\t<\/div><!-- .image -->\n\t\t\t\t<div class=\"name\">\n\t\t\t\t\tGerardo P\u00e9rez Guerra\t\t\t\t\t\t<div class=\"title\">\n\t\t\t\t\t\t\tVice-pr\u00e9sident et directeur g\u00e9n\u00e9ral, EDF power solutions, Mexique\t\t\t\t\t\t<\/div><!-- .title -->\n\t\t\t\t\t\t\t\t\t\t<\/div><!-- .name -->\n\t\t\t\t\t\t\t\t\t<div id=\"team-member-513\" class=\"team-member-modal\">\n\t\t\t\t\t\t<div class=\"flex\">\n\t\t\t\t\t\t\t<div class=\"sidebar\">\n\t\t\t\t\t\t\t\t<div class=\"image\">\n\t\t\t\t\t\t\t\t\t\t\t\t\t\t\t\t\t\t\t<img decoding=\"async\" src=\"https:\/\/www.edf-re.com\/wp-content\/uploads\/Gerardo-Perez-e1656611802733-300x300.jpg\">\n\t\t\t\t\t\t\t\t\t\t\t\t\t\t\t\t\t\t<\/div><!-- .image -->\n\t\t\t\t\t\t\t\t<div class=\"name\">\n\t\t\t\t\t\t\t\t\tGerardo P\u00e9rez Guerra\t\t\t\t\t\t\t\t\t\t<div class=\"title\">\n\t\t\t\t\t\t\t\t\t\t\tVice-pr\u00e9sident et directeur g\u00e9n\u00e9ral, EDF power solutions, Mexique\t\t\t\t\t\t\t\t\t\t<\/div><!-- .title -->\n\t\t\t\t\t\t\t\t\t\t\t\t\t\t\t\t\t\t<\/div><!-- .name -->\n\t\t\t\t\t\t\t\t<ul class=\"icons\">\n\t\t\t\t\t\t\t\t\t\t\t\t\t\t\t\t\t<\/ul><!-- .icons -->\n\t\t\t\t\t\t\t<\/div>\n\t\t\t\t\t\t\t<div class=\"content\">\n\t\t\t\t\t\t\t\t<div class=\"bio\">\n\t\t\t\t\t\t\t\t\t<h3>\u00c0 propos de<\/h3>\n\t\t\t\t\t\t\t\t\t<p>Le groupe EDF est un acteur majeur du march\u00e9 de l'\u00e9lectricit\u00e9 en France....<\/p>\n<p>Gerardo a plus de 25 ans d'exp\u00e9rience dans le secteur de l'\u00e9nergie, dont 23 ans chez Siemens M\u00e9xico. Il a occup\u00e9 pendant 13 ans le poste de directeur commercial pour le march\u00e9 de l'\u00e9nergie en M\u00e9so-Am\u00e9rique. \u00c0 ce titre, Gerardo \u00e9tait responsable de la strat\u00e9gie de vente, de la n\u00e9gociation et du b\u00e9n\u00e9fice des ventes pour cinq divisions et un volume de ventes de 1,5 milliard USD par an.<\/p>\n<p>Au cours de l'ann\u00e9e \u00e9coul\u00e9e, en tant que directeur de l'\u00e9nergie \u00e9olienne d'Acciona pour le Mexique et l'Am\u00e9rique centrale, Gerardo est fier d'avoir men\u00e9 \u00e0 bien la signature d'un projet de pr\u00e8s de 300 MW dans le nord du Mexique et d'avoir conclu un accord avec Actis pour la conception, l'ing\u00e9nierie et la construction d'un projet \u00e9olien de 50 MW dans l'\u00c9tat d'Oaxaca.<\/p>\n<p>L'expertise de Gerardo en mati\u00e8re de d\u00e9veloppement commercial dans le secteur \u00e9olien et sa comp\u00e9tence dans la gestion des relations avec les entreprises du secteur industriel, les EPC, les soci\u00e9t\u00e9s d'investissement de fonds, les off takers, les d\u00e9veloppeurs et les entit\u00e9s gouvernementales, ne manqueront pas de conduire au succ\u00e8s lorsqu'il assumera la responsabilit\u00e9 de l'ensemble des op\u00e9rations et du d\u00e9veloppement du portefeuille de projets d'\u00e9nergie renouvelable d'EDF Power Solutions et de l'exploitation quotidienne de l'organisation au Mexique.<\/p>\n\t\t\t\t\t\t\t\t<\/div><!-- .bio -->\n\t\t\t\t\t\t\t\t\t\t\t\t\t\t\t<\/div><!-- .content -->\n\t\t\t\t\t\t<\/div><!-- .flex -->\n\t\t\t\t\t<\/div><!-- .team-member-modal -->\n\t\t\t\t\t\t\t\t<\/div><!-- .team-member -->\n\t\t\t<\/div><\/div><\/div><\/div><\/div>\t\t\t<\/div><!-- .section-content -->\n\t\t\t<\/div><\/div><\/div><\/div><div id=\"pg-958-3\"  class=\"panel-grid panel-no-style\" ><div id=\"pgc-958-3-0\"  class=\"panel-grid-cell\" ><div id=\"panel-958-3-0-0\" class=\"so-panel widget widget_sow-editor panel-first-child panel-last-child\" data-index=\"3\" ><div\n\t\t\t\n\t\t\tclass=\"so-widget-sow-editor so-widget-sow-editor-base\"\n\t\t\t\n\t\t>\n<div class=\"siteorigin-widget-tinymce textwidget\">\n\t<hr \/>\n<\/div>\n<\/div><\/div><\/div><\/div><div id=\"pg-958-4\"  class=\"panel-grid panel-no-style\" ><div id=\"pgc-958-4-0\"  class=\"panel-grid-cell\" ><div id=\"panel-958-4-0-0\" class=\"so-panel widget widget_font-awesome-icon font-awesome-icon-widget panel-first-child\" data-index=\"4\" ><div\n\t\t\t\n\t\t\tclass=\"so-widget-font-awesome-icon so-widget-font-awesome-icon-default-d75171398898-513\"\n\t\t\t\n\t\t><div class=\"icon solid logo-blue\" style=\"font-size:30px\">\n\t<i class=\"fas fa-leaf white\"><\/i>\n<\/div><!-- .icon --><\/div><\/div><div id=\"panel-958-4-0-1\" class=\"so-panel widget widget_sow-editor panel-last-child\" data-index=\"5\" ><div\n\t\t\t\n\t\t\tclass=\"so-widget-sow-editor so-widget-sow-editor-base\"\n\t\t\t\n\t\t>\n<div class=\"siteorigin-widget-tinymce textwidget\">\n\t<p style=\"text-align: center;\"><span style=\"color: #09357a;\"><strong><span style=\"font-size: 30px;\">781,5 MW<\/span><\/strong><\/span><br \/>\n\u00e9olien et solaire mis en service<\/p>\n<\/div>\n<\/div><\/div><\/div><div id=\"pgc-958-4-1\"  class=\"panel-grid-cell\" ><div id=\"panel-958-4-1-0\" class=\"so-panel widget widget_font-awesome-icon font-awesome-icon-widget panel-first-child\" data-index=\"6\" ><div\n\t\t\t\n\t\t\tclass=\"so-widget-font-awesome-icon so-widget-font-awesome-icon-default-d75171398898-513\"\n\t\t\t\n\t\t><div class=\"icon solid logo-blue\" style=\"font-size:30px\">\n\t<i class=\"fas fa-dollar-sign white\"><\/i>\n<\/div><!-- .icon --><\/div><\/div><div id=\"panel-958-4-1-1\" class=\"so-panel widget widget_sow-editor panel-last-child\" data-index=\"7\" ><div\n\t\t\t\n\t\t\tclass=\"so-widget-sow-editor so-widget-sow-editor-base\"\n\t\t\t\n\t\t>\n<div class=\"siteorigin-widget-tinymce textwidget\">\n\t<p style=\"text-align: center;\"><span style=\"color: #09357a;\"><strong><span style=\"font-size: 30px;\">$1 milliard<\/span><\/strong><\/span><br \/>\ninvestis au Mexique depuis 2001<\/p>\n<\/div>\n<\/div><\/div><\/div><\/div><\/div>","protected":false},"excerpt":{"rendered":"<p>L'\u00e9nergie et l'expertise \u00e0 travers le Mexique EDF power solutions Mexico d\u00e9veloppe et exploite des projets d'\u00e9nergie propre \u00e0 travers le pays depuis 2000. Le si\u00e8ge social se trouve \u00e0 Mexico et le bureau \u00e0 Juchitan de Zaragoza, Oaxaca. Nos plus de 100 employ\u00e9s \u00e0 travers le Mexique se concentrent sur les moyens de construire des projets d'\u00e9nergie de haute qualit\u00e9 en \u00e9tablissant des relations d'affaires \u00e0 long terme avec des personnes qui [...]<\/p>","protected":false},"author":1,"featured_media":0,"parent":0,"menu_order":16,"comment_status":"closed","ping_status":"closed","template":"","meta":{"_acf_changed":false,"footnotes":""},"class_list":["post-958","page","type-page","status-publish","hentry"],"acf":[],"yoast_head":"<!-- This site is optimized with the Yoast SEO plugin v26.8 - https:\/\/yoast.com\/product\/yoast-seo-wordpress\/ -->\n<title>EDFps Solar Panel Energy Generation in Mexico | MX Clean Power<\/title>\n<meta name=\"description\" content=\"Clean Power Generation in Mexico with EDF power solutions NA | EDFps Solar Panel Energy Generation &amp; Management Projects in MX since 2000\" \/>\n<meta name=\"robots\" content=\"index, follow, max-snippet:-1, max-image-preview:large, max-video-preview:-1\" \/>\n<link rel=\"canonical\" href=\"https:\/\/www.edf-re.com\/fr\/mx\/\" \/>\n<meta property=\"og:locale\" content=\"fr_CA\" \/>\n<meta property=\"og:type\" content=\"article\" \/>\n<meta property=\"og:title\" content=\"EDFps Solar Panel Energy Generation in Mexico | MX Clean Power\" \/>\n<meta property=\"og:description\" content=\"Clean Power Generation in Mexico with EDF power solutions NA | EDFps Solar Panel Energy Generation &amp; Management Projects in MX since 2000\" \/>\n<meta property=\"og:url\" content=\"https:\/\/www.edf-re.com\/fr\/mx\/\" \/>\n<meta property=\"og:site_name\" content=\"EDF power solutions North America\" \/>\n<meta property=\"article:modified_time\" content=\"2025-07-23T18:51:46+00:00\" \/>\n<meta property=\"og:image\" content=\"https:\/\/www.edf-re.com\/wp-content\/uploads\/logo_edf_power_solutions_RGB-no-buffer-zone.png\" \/>\n\t<meta property=\"og:image:width\" content=\"2000\" \/>\n\t<meta property=\"og:image:height\" content=\"702\" \/>\n\t<meta property=\"og:image:type\" content=\"image\/png\" \/>\n<meta name=\"twitter:card\" content=\"summary_large_image\" \/>\n<meta name=\"twitter:label1\" content=\"Estimation du temps de lecture\" \/>\n\t<meta name=\"twitter:data1\" content=\"4 minutes\" \/>\n<script type=\"application\/ld+json\" class=\"yoast-schema-graph\">{\"@context\":\"https:\/\/schema.org\",\"@graph\":[{\"@type\":\"WebPage\",\"@id\":\"https:\/\/www.edf-re.com\/mx\/\",\"url\":\"https:\/\/www.edf-re.com\/mx\/\",\"name\":\"EDFps Solar Panel Energy Generation in Mexico | MX Clean Power\",\"isPartOf\":{\"@id\":\"https:\/\/www.edf-re.com\/#website\"},\"datePublished\":\"2020-05-19T15:59:44+00:00\",\"dateModified\":\"2025-07-23T18:51:46+00:00\",\"description\":\"Clean Power Generation in Mexico with EDF power solutions NA | EDFps Solar Panel Energy Generation & Management Projects in MX since 2000\",\"breadcrumb\":{\"@id\":\"https:\/\/www.edf-re.com\/mx\/#breadcrumb\"},\"inLanguage\":\"fr-CA\",\"potentialAction\":[{\"@type\":\"ReadAction\",\"target\":[\"https:\/\/www.edf-re.com\/mx\/\"]}]},{\"@type\":\"BreadcrumbList\",\"@id\":\"https:\/\/www.edf-re.com\/mx\/#breadcrumb\",\"itemListElement\":[{\"@type\":\"ListItem\",\"position\":1,\"name\":\"Home\",\"item\":\"https:\/\/www.edf-re.com\/\"},{\"@type\":\"ListItem\",\"position\":2,\"name\":\"EDF power solutions Mexico\"}]},{\"@type\":\"WebSite\",\"@id\":\"https:\/\/www.edf-re.com\/#website\",\"url\":\"https:\/\/www.edf-re.com\/\",\"name\":\"EDF power solutions North America\",\"description\":\"\",\"publisher\":{\"@id\":\"https:\/\/www.edf-re.com\/#organization\"},\"potentialAction\":[{\"@type\":\"SearchAction\",\"target\":{\"@type\":\"EntryPoint\",\"urlTemplate\":\"https:\/\/www.edf-re.com\/?s={search_term_string}\"},\"query-input\":{\"@type\":\"PropertyValueSpecification\",\"valueRequired\":true,\"valueName\":\"search_term_string\"}}],\"inLanguage\":\"fr-CA\"},{\"@type\":\"Organization\",\"@id\":\"https:\/\/www.edf-re.com\/#organization\",\"name\":\"EDF Renewables North America\",\"url\":\"https:\/\/www.edf-re.com\/\",\"logo\":{\"@type\":\"ImageObject\",\"inLanguage\":\"fr-CA\",\"@id\":\"https:\/\/www.edf-re.com\/#\/schema\/logo\/image\/\",\"url\":\"https:\/\/www.edf-re.com\/wp-content\/uploads\/edfr-logo-1.png\",\"contentUrl\":\"https:\/\/www.edf-re.com\/wp-content\/uploads\/edfr-logo-1.png\",\"width\":600,\"height\":291,\"caption\":\"EDF Renewables North America\"},\"image\":{\"@id\":\"https:\/\/www.edf-re.com\/#\/schema\/logo\/image\/\"}}]}<\/script>\n<!-- \/ Yoast SEO plugin. -->","yoast_head_json":{"title":"EDFps Production d'\u00e9nergie par panneaux solaires au Mexique | MX Clean Power","description":"Production d'\u00e9nergie propre au Mexique avec EDF power solutions NA | EDFps Projets de production et de gestion d'\u00e9nergie par panneaux solaires au Mexique depuis 2000","robots":{"index":"index","follow":"follow","max-snippet":"max-snippet:-1","max-image-preview":"max-image-preview:large","max-video-preview":"max-video-preview:-1"},"canonical":"https:\/\/www.edf-re.com\/fr\/mx\/","og_locale":"fr_CA","og_type":"article","og_title":"EDFps Solar Panel Energy Generation in Mexico | MX Clean Power","og_description":"Clean Power Generation in Mexico with EDF power solutions NA | EDFps Solar Panel Energy Generation & Management Projects in MX since 2000","og_url":"https:\/\/www.edf-re.com\/fr\/mx\/","og_site_name":"EDF power solutions North America","article_modified_time":"2025-07-23T18:51:46+00:00","og_image":[{"width":2000,"height":702,"url":"https:\/\/www.edf-re.com\/wp-content\/uploads\/logo_edf_power_solutions_RGB-no-buffer-zone.png","type":"image\/png"}],"twitter_card":"summary_large_image","twitter_misc":{"Estimation du temps de lecture":"4 minutes"},"schema":{"@context":"https:\/\/schema.org","@graph":[{"@type":"WebPage","@id":"https:\/\/www.edf-re.com\/mx\/","url":"https:\/\/www.edf-re.com\/mx\/","name":"EDFps Production d'\u00e9nergie par panneaux solaires au Mexique | MX Clean Power","isPartOf":{"@id":"https:\/\/www.edf-re.com\/#website"},"datePublished":"2020-05-19T15:59:44+00:00","dateModified":"2025-07-23T18:51:46+00:00","description":"Production d'\u00e9nergie propre au Mexique avec EDF power solutions NA | EDFps Projets de production et de gestion d'\u00e9nergie par panneaux solaires au Mexique depuis 2000","breadcrumb":{"@id":"https:\/\/www.edf-re.com\/mx\/#breadcrumb"},"inLanguage":"fr-CA","potentialAction":[{"@type":"ReadAction","target":["https:\/\/www.edf-re.com\/mx\/"]}]},{"@type":"BreadcrumbList","@id":"https:\/\/www.edf-re.com\/mx\/#breadcrumb","itemListElement":[{"@type":"ListItem","position":1,"name":"Home","item":"https:\/\/www.edf-re.com\/"},{"@type":"ListItem","position":2,"name":"EDF power solutions Mexico"}]},{"@type":"WebSite","@id":"https:\/\/www.edf-re.com\/#website","url":"https:\/\/www.edf-re.com\/","name":"EDF power solutions Am\u00e9rique du Nord","description":"","publisher":{"@id":"https:\/\/www.edf-re.com\/#organization"},"potentialAction":[{"@type":"SearchAction","target":{"@type":"EntryPoint","urlTemplate":"https:\/\/www.edf-re.com\/?s={search_term_string}"},"query-input":{"@type":"PropertyValueSpecification","valueRequired":true,"valueName":"search_term_string"}}],"inLanguage":"fr-CA"},{"@type":"Organization","@id":"https:\/\/www.edf-re.com\/#organization","name":"EDF Renewables Am\u00e9rique du Nord","url":"https:\/\/www.edf-re.com\/","logo":{"@type":"ImageObject","inLanguage":"fr-CA","@id":"https:\/\/www.edf-re.com\/#\/schema\/logo\/image\/","url":"https:\/\/www.edf-re.com\/wp-content\/uploads\/edfr-logo-1.png","contentUrl":"https:\/\/www.edf-re.com\/wp-content\/uploads\/edfr-logo-1.png","width":600,"height":291,"caption":"EDF Renewables North America"},"image":{"@id":"https:\/\/www.edf-re.com\/#\/schema\/logo\/image\/"}}]}},"_links":{"self":[{"href":"https:\/\/www.edf-re.com\/fr\/wp-json\/wp\/v2\/pages\/958","targetHints":{"allow":["GET"]}}],"collection":[{"href":"https:\/\/www.edf-re.com\/fr\/wp-json\/wp\/v2\/pages"}],"about":[{"href":"https:\/\/www.edf-re.com\/fr\/wp-json\/wp\/v2\/types\/page"}],"author":[{"embeddable":true,"href":"https:\/\/www.edf-re.com\/fr\/wp-json\/wp\/v2\/users\/1"}],"replies":[{"embeddable":true,"href":"https:\/\/www.edf-re.com\/fr\/wp-json\/wp\/v2\/comments?post=958"}],"version-history":[{"count":5,"href":"https:\/\/www.edf-re.com\/fr\/wp-json\/wp\/v2\/pages\/958\/revisions"}],"predecessor-version":[{"id":10963,"href":"https:\/\/www.edf-re.com\/fr\/wp-json\/wp\/v2\/pages\/958\/revisions\/10963"}],"wp:attachment":[{"href":"https:\/\/www.edf-re.com\/fr\/wp-json\/wp\/v2\/media?parent=958"}],"curies":[{"name":"wp","href":"https:\/\/api.w.org\/{rel}","templated":true}]}}