{"id":9709,"date":"2024-03-11T15:17:35","date_gmt":"2024-03-11T19:17:35","guid":{"rendered":"https:\/\/www.edf-re.com\/?page_id=9709"},"modified":"2026-04-10T11:12:20","modified_gmt":"2026-04-10T18:12:20","slug":"exigences-en-matiere-de-securite","status":"publish","type":"page","link":"https:\/\/www.edf-re.com\/fr\/fournisseurs\/exigences-en-matiere-de-securite\/","title":{"rendered":"Exigences en mati\u00e8re de s\u00e9curit\u00e9"},"content":{"rendered":"<div id=\"pl-9709\"  class=\"panel-layout\" ><div id=\"pg-9709-0\"  class=\"panel-grid panel-no-style\" ><div id=\"pgc-9709-0-0\"  class=\"panel-grid-cell\" ><div id=\"panel-9709-0-0-0\" class=\"so-panel widget widget_sow-editor panel-first-child panel-last-child\" data-index=\"0\" ><div\n\t\t\t\n\t\t\tclass=\"so-widget-sow-editor so-widget-sow-editor-base\"\n\t\t\t\n\t\t>\n<div class=\"siteorigin-widget-tinymce textwidget\">\n\t<p>Chez EDF power solutions, nous donnons la priorit\u00e9 \u00e0 la s\u00e9curit\u00e9 de chaque personne qui travaille sur ou \u00e0 proximit\u00e9 de nos projets, en garantissant un environnement de travail s\u00fbr et sain. Notre C<em>Exigences en mati\u00e8re de s\u00e9curit\u00e9 pour les entrepreneurs<\/em> \u00e9tablir des responsabilit\u00e9s claires en mati\u00e8re de s\u00e9curit\u00e9 pour l'ensemble du personnel impliqu\u00e9 dans nos projets et d\u00e9finir les attentes que nous avons en mati\u00e8re de conduite des affaires.<\/p>\n<\/div>\n<\/div><\/div><\/div><\/div><div id=\"pg-9709-1\"  class=\"panel-grid panel-no-style\" ><div id=\"pgc-9709-1-0\"  class=\"panel-grid-cell panel-grid-cell-empty\" ><\/div><div id=\"pgc-9709-1-1\"  class=\"panel-grid-cell\" ><div id=\"panel-9709-1-1-0\" class=\"so-panel widget widget_translated-flipbook translated-flipbook-widget panel-first-child panel-last-child\" data-index=\"1\" ><div\n\t\t\t\n\t\t\tclass=\"so-widget-translated-flipbook so-widget-translated-flipbook-default-d75171398898-9709\"\n\t\t\t\n\t\t>\t<div class=\"heading\">\n\t\tExigences en mati\u00e8re de s\u00e9curit\u00e9 des entrepreneurs aux \u00c9tats-Unis\t<\/div><!-- .heading -->\n\t\t\t<label>S\u00e9lectionner la langue :<\/label>\n\t\t<br>\n\t\t<select>\n\t\t\t\t\t\t\t<option value=\"\/flipbook\/11253\">Anglais<\/option>\n\t\t\t\t\t\t\t\t<option value=\"\/flipbook\/\">Espagnol - Prochainement<\/option>\n\t\t\t\t\t\t<\/select>\n\t\t\t<div class=\"flipbook\">\n\t\t<a href=\"#\" target=\"_blank\">\n\t\t\t<img decoding=\"async\" src=\"https:\/\/www.edf-re.com\/wp-content\/uploads\/2026USenCover_ContractorSafety.png\">\n\n\t\t\t<div class=\"overlay\">\n\t\t\t\t<i class=\"fa-regular fa-external-link\"><\/i>\n\t\t\t<\/div><!-- .overlay -->\n\t\t<\/a>\n\t<\/div><!-- .flipbook -->\n\t<\/div><\/div><\/div><div id=\"pgc-9709-1-2\"  class=\"panel-grid-cell panel-grid-cell-mobile-last\" ><div id=\"panel-9709-1-2-0\" class=\"so-panel widget widget_translated-flipbook translated-flipbook-widget panel-first-child panel-last-child\" data-index=\"2\" ><div\n\t\t\t\n\t\t\tclass=\"so-widget-translated-flipbook so-widget-translated-flipbook-default-d75171398898-9709\"\n\t\t\t\n\t\t>\t<div class=\"heading\">\n\t\tExigences en mati\u00e8re de s\u00e9curit\u00e9 des entrepreneurs au Canada\t<\/div><!-- .heading -->\n\t\t\t<label>S\u00e9lectionner la langue :<\/label>\n\t\t<br>\n\t\t<select>\n\t\t\t\t\t\t\t<option value=\"\/flipbook\/11254\">Anglais<\/option>\n\t\t\t\t\t\t\t\t<option value=\"\/flipbook\/11286\">Fran\u00e7ais<\/option>\n\t\t\t\t\t\t<\/select>\n\t\t\t<div class=\"flipbook\">\n\t\t<a href=\"#\" target=\"_blank\">\n\t\t\t<img decoding=\"async\" src=\"https:\/\/www.edf-re.com\/wp-content\/uploads\/2026CANenCover_ContractorSafety.png\">\n\n\t\t\t<div class=\"overlay\">\n\t\t\t\t<i class=\"fa-regular fa-external-link\"><\/i>\n\t\t\t<\/div><!-- .overlay -->\n\t\t<\/a>\n\t<\/div><!-- .flipbook -->\n\t<\/div><\/div><\/div><div id=\"pgc-9709-1-3\"  class=\"panel-grid-cell panel-grid-cell-empty\" ><\/div><\/div><\/div>","protected":false},"excerpt":{"rendered":"<p>Chez EDF power solutions, nous donnons la priorit\u00e9 \u00e0 la s\u00e9curit\u00e9 de chaque personne qui travaille sur ou \u00e0 proximit\u00e9 de nos projets, en garantissant un environnement de travail s\u00fbr et sain. Nos exigences de s\u00e9curit\u00e9 pour les entrepreneurs \u00e9tablissent des responsabilit\u00e9s claires en mati\u00e8re de s\u00e9curit\u00e9 pour tout le personnel impliqu\u00e9 dans nos projets et d\u00e9crivent les attentes que nous avons en mati\u00e8re de conduite des affaires.<\/p>","protected":false},"author":1,"featured_media":0,"parent":4070,"menu_order":0,"comment_status":"closed","ping_status":"closed","template":"","meta":{"_acf_changed":false,"footnotes":""},"class_list":["post-9709","page","type-page","status-publish","hentry"],"acf":[],"yoast_head":"<!-- This site is optimized with the Yoast SEO plugin v26.8 - https:\/\/yoast.com\/product\/yoast-seo-wordpress\/ -->\n<title>Safety Requirements - EDF power solutions North America<\/title>\n<meta name=\"robots\" content=\"index, follow, max-snippet:-1, max-image-preview:large, max-video-preview:-1\" \/>\n<link rel=\"canonical\" href=\"https:\/\/www.edf-re.com\/fr\/fournisseurs\/exigences-en-matiere-de-securite\/\" \/>\n<meta property=\"og:locale\" content=\"fr_CA\" \/>\n<meta property=\"og:type\" content=\"article\" \/>\n<meta property=\"og:title\" content=\"Safety Requirements - EDF power solutions North America\" \/>\n<meta property=\"og:description\" content=\"At EDF power solutions, we prioritize the safety of every individual who works on or near our projects, ensuring a secure and healthy work environment. Our Contractor Safety Requirements establish clear safety responsibilities for all personnel involved in our projects and outline the expectations we have for conducting business.\" \/>\n<meta property=\"og:url\" content=\"https:\/\/www.edf-re.com\/fr\/fournisseurs\/exigences-en-matiere-de-securite\/\" \/>\n<meta property=\"og:site_name\" content=\"EDF power solutions North America\" \/>\n<meta property=\"article:modified_time\" content=\"2026-04-10T18:12:20+00:00\" \/>\n<meta property=\"og:image\" content=\"https:\/\/www.edf-re.com\/wp-content\/uploads\/logo_edf_power_solutions_RGB-no-buffer-zone.png\" \/>\n\t<meta property=\"og:image:width\" content=\"2000\" \/>\n\t<meta property=\"og:image:height\" content=\"702\" \/>\n\t<meta property=\"og:image:type\" content=\"image\/png\" \/>\n<meta name=\"twitter:card\" content=\"summary_large_image\" \/>\n<meta name=\"twitter:label1\" content=\"Estimation du temps de lecture\" \/>\n\t<meta name=\"twitter:data1\" content=\"1 minute\" \/>\n<script type=\"application\/ld+json\" class=\"yoast-schema-graph\">{\"@context\":\"https:\/\/schema.org\",\"@graph\":[{\"@type\":\"WebPage\",\"@id\":\"https:\/\/www.edf-re.com\/suppliers\/safety-requirements\/\",\"url\":\"https:\/\/www.edf-re.com\/suppliers\/safety-requirements\/\",\"name\":\"Safety Requirements - EDF power solutions North America\",\"isPartOf\":{\"@id\":\"https:\/\/www.edf-re.com\/#website\"},\"datePublished\":\"2024-03-11T19:17:35+00:00\",\"dateModified\":\"2026-04-10T18:12:20+00:00\",\"breadcrumb\":{\"@id\":\"https:\/\/www.edf-re.com\/suppliers\/safety-requirements\/#breadcrumb\"},\"inLanguage\":\"fr-CA\",\"potentialAction\":[{\"@type\":\"ReadAction\",\"target\":[\"https:\/\/www.edf-re.com\/suppliers\/safety-requirements\/\"]}]},{\"@type\":\"BreadcrumbList\",\"@id\":\"https:\/\/www.edf-re.com\/suppliers\/safety-requirements\/#breadcrumb\",\"itemListElement\":[{\"@type\":\"ListItem\",\"position\":1,\"name\":\"Home\",\"item\":\"https:\/\/www.edf-re.com\/\"},{\"@type\":\"ListItem\",\"position\":2,\"name\":\"Suppliers\",\"item\":\"https:\/\/www.edf-re.com\/suppliers\/\"},{\"@type\":\"ListItem\",\"position\":3,\"name\":\"Safety Requirements\"}]},{\"@type\":\"WebSite\",\"@id\":\"https:\/\/www.edf-re.com\/#website\",\"url\":\"https:\/\/www.edf-re.com\/\",\"name\":\"EDF power solutions North America\",\"description\":\"\",\"publisher\":{\"@id\":\"https:\/\/www.edf-re.com\/#organization\"},\"potentialAction\":[{\"@type\":\"SearchAction\",\"target\":{\"@type\":\"EntryPoint\",\"urlTemplate\":\"https:\/\/www.edf-re.com\/?s={search_term_string}\"},\"query-input\":{\"@type\":\"PropertyValueSpecification\",\"valueRequired\":true,\"valueName\":\"search_term_string\"}}],\"inLanguage\":\"fr-CA\"},{\"@type\":\"Organization\",\"@id\":\"https:\/\/www.edf-re.com\/#organization\",\"name\":\"EDF Renewables North America\",\"url\":\"https:\/\/www.edf-re.com\/\",\"logo\":{\"@type\":\"ImageObject\",\"inLanguage\":\"fr-CA\",\"@id\":\"https:\/\/www.edf-re.com\/#\/schema\/logo\/image\/\",\"url\":\"https:\/\/www.edf-re.com\/wp-content\/uploads\/edfr-logo-1.png\",\"contentUrl\":\"https:\/\/www.edf-re.com\/wp-content\/uploads\/edfr-logo-1.png\",\"width\":600,\"height\":291,\"caption\":\"EDF Renewables North America\"},\"image\":{\"@id\":\"https:\/\/www.edf-re.com\/#\/schema\/logo\/image\/\"}}]}<\/script>\n<!-- \/ Yoast SEO plugin. -->","yoast_head_json":{"title":"Exigences de s\u00e9curit\u00e9 - EDF power solutions North America","robots":{"index":"index","follow":"follow","max-snippet":"max-snippet:-1","max-image-preview":"max-image-preview:large","max-video-preview":"max-video-preview:-1"},"canonical":"https:\/\/www.edf-re.com\/fr\/fournisseurs\/exigences-en-matiere-de-securite\/","og_locale":"fr_CA","og_type":"article","og_title":"Safety Requirements - EDF power solutions North America","og_description":"At EDF power solutions, we prioritize the safety of every individual who works on or near our projects, ensuring a secure and healthy work environment. Our Contractor Safety Requirements establish clear safety responsibilities for all personnel involved in our projects and outline the expectations we have for conducting business.","og_url":"https:\/\/www.edf-re.com\/fr\/fournisseurs\/exigences-en-matiere-de-securite\/","og_site_name":"EDF power solutions North America","article_modified_time":"2026-04-10T18:12:20+00:00","og_image":[{"width":2000,"height":702,"url":"https:\/\/www.edf-re.com\/wp-content\/uploads\/logo_edf_power_solutions_RGB-no-buffer-zone.png","type":"image\/png"}],"twitter_card":"summary_large_image","twitter_misc":{"Estimation du temps de lecture":"1 minute"},"schema":{"@context":"https:\/\/schema.org","@graph":[{"@type":"WebPage","@id":"https:\/\/www.edf-re.com\/suppliers\/safety-requirements\/","url":"https:\/\/www.edf-re.com\/suppliers\/safety-requirements\/","name":"Exigences de s\u00e9curit\u00e9 - EDF power solutions North America","isPartOf":{"@id":"https:\/\/www.edf-re.com\/#website"},"datePublished":"2024-03-11T19:17:35+00:00","dateModified":"2026-04-10T18:12:20+00:00","breadcrumb":{"@id":"https:\/\/www.edf-re.com\/suppliers\/safety-requirements\/#breadcrumb"},"inLanguage":"fr-CA","potentialAction":[{"@type":"ReadAction","target":["https:\/\/www.edf-re.com\/suppliers\/safety-requirements\/"]}]},{"@type":"BreadcrumbList","@id":"https:\/\/www.edf-re.com\/suppliers\/safety-requirements\/#breadcrumb","itemListElement":[{"@type":"ListItem","position":1,"name":"Home","item":"https:\/\/www.edf-re.com\/"},{"@type":"ListItem","position":2,"name":"Suppliers","item":"https:\/\/www.edf-re.com\/suppliers\/"},{"@type":"ListItem","position":3,"name":"Safety Requirements"}]},{"@type":"WebSite","@id":"https:\/\/www.edf-re.com\/#website","url":"https:\/\/www.edf-re.com\/","name":"EDF power solutions Am\u00e9rique du Nord","description":"","publisher":{"@id":"https:\/\/www.edf-re.com\/#organization"},"potentialAction":[{"@type":"SearchAction","target":{"@type":"EntryPoint","urlTemplate":"https:\/\/www.edf-re.com\/?s={search_term_string}"},"query-input":{"@type":"PropertyValueSpecification","valueRequired":true,"valueName":"search_term_string"}}],"inLanguage":"fr-CA"},{"@type":"Organization","@id":"https:\/\/www.edf-re.com\/#organization","name":"EDF Renewables Am\u00e9rique du Nord","url":"https:\/\/www.edf-re.com\/","logo":{"@type":"ImageObject","inLanguage":"fr-CA","@id":"https:\/\/www.edf-re.com\/#\/schema\/logo\/image\/","url":"https:\/\/www.edf-re.com\/wp-content\/uploads\/edfr-logo-1.png","contentUrl":"https:\/\/www.edf-re.com\/wp-content\/uploads\/edfr-logo-1.png","width":600,"height":291,"caption":"EDF Renewables North America"},"image":{"@id":"https:\/\/www.edf-re.com\/#\/schema\/logo\/image\/"}}]}},"_links":{"self":[{"href":"https:\/\/www.edf-re.com\/fr\/wp-json\/wp\/v2\/pages\/9709","targetHints":{"allow":["GET"]}}],"collection":[{"href":"https:\/\/www.edf-re.com\/fr\/wp-json\/wp\/v2\/pages"}],"about":[{"href":"https:\/\/www.edf-re.com\/fr\/wp-json\/wp\/v2\/types\/page"}],"author":[{"embeddable":true,"href":"https:\/\/www.edf-re.com\/fr\/wp-json\/wp\/v2\/users\/1"}],"replies":[{"embeddable":true,"href":"https:\/\/www.edf-re.com\/fr\/wp-json\/wp\/v2\/comments?post=9709"}],"version-history":[{"count":6,"href":"https:\/\/www.edf-re.com\/fr\/wp-json\/wp\/v2\/pages\/9709\/revisions"}],"predecessor-version":[{"id":11295,"href":"https:\/\/www.edf-re.com\/fr\/wp-json\/wp\/v2\/pages\/9709\/revisions\/11295"}],"up":[{"embeddable":true,"href":"https:\/\/www.edf-re.com\/fr\/wp-json\/wp\/v2\/pages\/4070"}],"wp:attachment":[{"href":"https:\/\/www.edf-re.com\/fr\/wp-json\/wp\/v2\/media?parent=9709"}],"curies":[{"name":"wp","href":"https:\/\/api.w.org\/{rel}","templated":true}]}}